{"id":8955,"date":"2023-05-17T12:19:55","date_gmt":"2023-05-17T10:19:55","guid":{"rendered":"https:\/\/derbedrosian.nl\/?page_id=8955"},"modified":"2025-12-19T13:10:12","modified_gmt":"2025-12-19T11:10:12","slug":"avukatlar","status":"publish","type":"page","link":"https:\/\/www.derbedrosian.nl\/tr\/advocaten\/","title":{"rendered":"Avukatlar"},"content":{"rendered":"<div data-elementor-type=\"wp-page\" data-elementor-id=\"8955\" class=\"elementor elementor-8955\" data-elementor-post-type=\"page\">\n\t\t\t\t<div class=\"wd-negative-gap elementor-element elementor-element-fba62a0 wd-section-stretch e-flex e-con-boxed e-con e-parent\" data-id=\"fba62a0\" data-element_type=\"container\" data-e-type=\"container\" data-settings=\"{&quot;background_background&quot;:&quot;gradient&quot;}\">\n\t\t\t\t\t<div class=\"e-con-inner\">\n\t\t\t\t<div class=\"elementor-element elementor-element-cc0ef12 wd-el-breadcrumbs text-left elementor-widget elementor-widget-wd_element_breadcrumbs\" data-id=\"cc0ef12\" data-element_type=\"widget\" data-e-type=\"widget\" data-widget_type=\"wd_element_breadcrumbs.default\">\n\t\t\t\t<div class=\"elementor-widget-container\">\n\t\t\t\t\t<nav class=\"wd-breadcrumbs\"><a href=\"https:\/\/www.derbedrosian.nl\/tr\/\">Ev<\/a><span class=\"wd-delimiter\"><\/span><span class=\"wd-last\">Sayfa<\/span><\/nav>\t\t\t\t<\/div>\n\t\t\t\t<\/div>\n\t\t\t\t\t<\/div>\n\t\t\t\t<\/div>\n\t\t<div class=\"wd-negative-gap elementor-element elementor-element-f5c7666 e-grid wd-section-stretch e-con-boxed e-con e-parent\" data-id=\"f5c7666\" data-element_type=\"container\" data-e-type=\"container\">\n\t\t\t\t\t<div class=\"e-con-inner\">\n\t\t<div class=\"wd-negative-gap elementor-element elementor-element-59f00a5 scale-shadow e-flex e-con-boxed e-con e-child\" data-id=\"59f00a5\" data-element_type=\"container\" data-e-type=\"container\">\n\t\t\t\t\t<div class=\"e-con-inner\">\n\t\t\t\t<div class=\"elementor-element elementor-element-3a44d42 elementor-widget elementor-widget-image\" data-id=\"3a44d42\" data-element_type=\"widget\" data-e-type=\"widget\" data-widget_type=\"image.default\">\n\t\t\t\t<div class=\"elementor-widget-container\">\n\t\t\t\t\t\t\t\t\t\t\t\t\t\t\t<img loading=\"lazy\" decoding=\"async\" width=\"533\" height=\"800\" src=\"https:\/\/www.derbedrosian.nl\/wp-content\/uploads\/advocaat-thomas-der-bedrosian-pasfoto-533x800.jpg\" class=\"attachment-large size-large wp-image-14235\" alt=\"Thomas der Bedrosian avukat\" srcset=\"https:\/\/www.derbedrosian.nl\/wp-content\/uploads\/advocaat-thomas-der-bedrosian-pasfoto-533x800.jpg 533w, https:\/\/www.derbedrosian.nl\/wp-content\/uploads\/advocaat-thomas-der-bedrosian-pasfoto-200x300.jpg 200w, https:\/\/www.derbedrosian.nl\/wp-content\/uploads\/advocaat-thomas-der-bedrosian-pasfoto.jpg 636w\" sizes=\"auto, (max-width: 533px) 100vw, 533px\" title=\"\">\t\t\t\t\t\t\t\t\t\t\t\t\t\t\t<\/div>\n\t\t\t\t<\/div>\n\t\t<div class=\"elementor-element elementor-element-1d3c407 e-con-full e-flex e-con e-child\" data-id=\"1d3c407\" data-element_type=\"container\" data-e-type=\"container\">\n\t\t\t\t<div class=\"elementor-element elementor-element-7d64ecc text-balance elementor-widget elementor-widget-heading\" data-id=\"7d64ecc\" data-element_type=\"widget\" data-e-type=\"widget\" data-widget_type=\"heading.default\">\n\t\t\t\t<div class=\"elementor-widget-container\">\n\t\t\t\t\t<h3 class=\"elementor-heading-title elementor-size-default\"><a href=\"https:\/\/www.derbedrosian.nl\/tr\/avukatlar\/thomas-der-bedrosian\/\" alt=\"thomas der bedrosian advocaat\">Thomas der Bedrosian<\/a><\/h3>\t\t\t\t<\/div>\n\t\t\t\t<\/div>\n\t\t\t\t<div class=\"elementor-element elementor-element-0a66f72 text-balance elementor-widget elementor-widget-heading\" data-id=\"0a66f72\" data-element_type=\"widget\" data-e-type=\"widget\" data-widget_type=\"heading.default\">\n\t\t\t\t<div class=\"elementor-widget-container\">\n\t\t\t\t\t<p class=\"elementor-heading-title elementor-size-default\">avukat<\/p>\t\t\t\t<\/div>\n\t\t\t\t<\/div>\n\t\t\t\t<div class=\"elementor-element elementor-element-99826b8 elementor-align-justify elementor-widget elementor-widget-button\" data-id=\"99826b8\" data-element_type=\"widget\" data-e-type=\"widget\" data-widget_type=\"button.default\">\n\t\t\t\t<div class=\"elementor-widget-container\">\n\t\t\t\t\t\t\t\t\t<div class=\"elementor-button-wrapper\">\n\t\t\t\t\t<a class=\"elementor-button elementor-button-link elementor-size-sm\" href=\"https:\/\/www.derbedrosian.nl\/tr\/avukatlar\/thomas-der-bedrosian\/\" alt=\"thomas der bedrosian advocaat enschede\">\n\t\t\t\t\t\t<span class=\"elementor-button-content-wrapper\">\n\t\t\t\t\t\t<span class=\"elementor-button-icon\">\n\t\t\t\t<svg aria-hidden=\"true\" class=\"e-font-icon-svg e-fas-angle-right\" viewbox=\"0 0 256 512\" xmlns=\"http:\/\/www.w3.org\/2000\/svg\"><path d=\"M224.3 273l-136 136c-9.4 9.4-24.6 9.4-33.9 0l-22.6-22.6c-9.4-9.4-9.4-24.6 0-33.9l96.4-96.4-96.4-96.4c-9.4-9.4-9.4-24.6 0-33.9L54.3 103c9.4-9.4 24.6-9.4 33.9 0l136 136c9.5 9.4 9.5 24.6.1 34z\"><\/path><\/svg>\t\t\t<\/span>\n\t\t\t\t\t\t\t\t\t<span class=\"elementor-button-text\">Profil<\/span>\n\t\t\t\t\t<\/span>\n\t\t\t\t\t<\/a>\n\t\t\t\t<\/div>\n\t\t\t\t\t\t\t\t<\/div>\n\t\t\t\t<\/div>\n\t\t\t\t<\/div>\n\t\t\t\t\t<\/div>\n\t\t\t\t<\/div>\n\t\t<div class=\"elementor-element elementor-element-dbf82e6 scale-shadow e-con-full e-flex e-con e-child\" data-id=\"dbf82e6\" data-element_type=\"container\" data-e-type=\"container\">\n\t\t\t\t<div class=\"elementor-element elementor-element-4e1e1cb elementor-widget elementor-widget-wd_infobox\" data-id=\"4e1e1cb\" data-element_type=\"widget\" data-e-type=\"widget\" data-widget_type=\"wd_infobox.default\">\n\t\t\t\t<div class=\"elementor-widget-container\">\n\t\t\t\t\t\t\t<div class=\"info-box-wrapper\">\n\t\t\t<div class=\"wd-info-box text-center box-icon-align-top box-style-base color-scheme- with-btn box-btn-static\">\n\t\t\t\t\n\t\t\t\t<div class=\"info-box-content\">\n\t\t\t\t\t\n\t\t\t\t\t\t\t\t\t\t\t<h4\t\t\t\t\t\tclass=\"info-box-title title box-title-style-default wd-fontsize-m\" data-elementor-setting-key=\"title\">\n\t\t\t\t\t\t\t\tEkibimize uyuyor musunuz?\t\t\t\t\t\t<\/h4>\n\t\t\t\t\t\n\t\t\t\t\t<div class=\"info-box-inner reset-last-child\"data-elementor-setting-key=\"content\"><p>Der Bedrosian motive olmu\u015f avukatlardan olu\u015fmaktad\u0131r.<\/p>\n<p>Ekibimizin bir par\u00e7as\u0131 olmak istiyorsan\u0131z ve firmam\u0131za uygun niteliklere sahipseniz, l\u00fctfen bizimle ileti\u015fime ge\u00e7in.<\/p>\n<\/div>\n\n\t\t\t\t\t\t\t\t\t\t\t<div class=\"info-btn-wrapper\">\n\t\t\t\t\t\t\t\t\t<div class=\"wd-button-wrapper text-center\" >\n\t\t\t<a class=\"btn btn-style-default btn-shape-round btn-size-default btn-color-white btn-icon-pos-right\"  href=\"https:\/\/www.derbedrosian.nl\/tr\/bosluk\/\" alt=\"vacature advocaat enschede\">\n\t\t\t\t<span class=\"wd-btn-text\" data-elementor-setting-key=\"text\">\n\t\t\t\t\tBo\u015fluk \u279e\t\t\t\t<\/span>\n\n\t\t\t\t\t\t\t<\/a>\n\t\t<\/div>\n\t\t\t\t\t\t\t\t<\/div>\n\t\t\t\t\t\t\t\t\t<\/div>\n\n\t\t\t\t\t\t\t<\/div>\n\t\t<\/div>\n\t\t\t\t\t\t<\/div>\n\t\t\t\t<\/div>\n\t\t\t\t<\/div>\n\t\t\t\t\t<\/div>\n\t\t\t\t<\/div>\n\t\t\t\t<\/div>","protected":false},"excerpt":{"rendered":"<p>HomePagina Thomas der Bedrosian advocaat Profiel Pas jij in ons team? Der Bedrosian bestaat uit gemotiveerde advocaten. Indien je deel<\/p>","protected":false},"author":1,"featured_media":0,"parent":0,"menu_order":2,"comment_status":"closed","ping_status":"closed","template":"","meta":{"footnotes":""},"class_list":["post-8955","page","type-page","status-publish","hentry"],"_links":{"self":[{"href":"https:\/\/www.derbedrosian.nl\/tr\/wp-json\/wp\/v2\/pages\/8955","targetHints":{"allow":["GET"]}}],"collection":[{"href":"https:\/\/www.derbedrosian.nl\/tr\/wp-json\/wp\/v2\/pages"}],"about":[{"href":"https:\/\/www.derbedrosian.nl\/tr\/wp-json\/wp\/v2\/types\/page"}],"author":[{"embeddable":true,"href":"https:\/\/www.derbedrosian.nl\/tr\/wp-json\/wp\/v2\/users\/1"}],"replies":[{"embeddable":true,"href":"https:\/\/www.derbedrosian.nl\/tr\/wp-json\/wp\/v2\/comments?post=8955"}],"version-history":[{"count":0,"href":"https:\/\/www.derbedrosian.nl\/tr\/wp-json\/wp\/v2\/pages\/8955\/revisions"}],"wp:attachment":[{"href":"https:\/\/www.derbedrosian.nl\/tr\/wp-json\/wp\/v2\/media?parent=8955"}],"curies":[{"name":"wp","href":"https:\/\/api.w.org\/{rel}","templated":true}]}}