{"id":10867,"date":"2023-05-29T10:12:56","date_gmt":"2023-05-29T08:12:56","guid":{"rendered":"https:\/\/derbedrosian.nl\/?page_id=10867"},"modified":"2025-12-21T15:18:13","modified_gmt":"2025-12-21T13:18:13","slug":"tecavuz","status":"publish","type":"page","link":"https:\/\/www.derbedrosian.nl\/tr\/rechtsgebieden\/strafrecht\/verkrachting\/","title":{"rendered":"Tecav\u00fcz"},"content":{"rendered":"<div data-elementor-type=\"wp-page\" data-elementor-id=\"10867\" class=\"elementor elementor-10867\" data-elementor-post-type=\"page\">\n\t\t\t\t<div class=\"wd-negative-gap elementor-element elementor-element-79ce637 e-flex e-con-boxed e-con e-parent\" data-id=\"79ce637\" data-element_type=\"container\" data-e-type=\"container\">\n\t\t\t\t\t<div class=\"e-con-inner\">\n\t\t\t\t<div class=\"elementor-element elementor-element-29f3aea elementor-hidden-desktop elementor-hidden-tablet elementor-hidden-mobile elementor-widget elementor-widget-wd_image_or_svg\" data-id=\"29f3aea\" data-element_type=\"widget\" data-e-type=\"widget\" id=\"seo-word\" data-widget_type=\"wd_image_or_svg.default\">\n\t\t\t\t<div class=\"elementor-widget-container\">\n\t\t\t\t\t\n\t\t<div class=\"wd-image text-left\">\n\t\t\t\t\t\t\t\t<img loading=\"lazy\" decoding=\"async\" width=\"1000\" height=\"667\" src=\"https:\/\/www.derbedrosian.nl\/wp-content\/uploads\/rechtsgebied-verkrachting.jpg\" class=\"attachment-full size-full\" alt=\"tecav\u00fcz cezas\u0131 avukat sald\u0131r\u0131 su\u00e7u tecav\u00fcz su\u00e7u \u015f\u00fcphelisi\" srcset=\"https:\/\/www.derbedrosian.nl\/wp-content\/uploads\/rechtsgebied-verkrachting.jpg 1000w, https:\/\/www.derbedrosian.nl\/wp-content\/uploads\/rechtsgebied-verkrachting-400x267.jpg 400w, https:\/\/www.derbedrosian.nl\/wp-content\/uploads\/rechtsgebied-verkrachting-768x512.jpg 768w\" sizes=\"auto, (max-width: 1000px) 100vw, 1000px\" title=\"\">\t\t\t\t\t<\/div>\n\n\t\t\t\t\t\t<\/div>\n\t\t\t\t<\/div>\n\t\t\t\t<div class=\"elementor-element elementor-element-72c715a elementor-hidden-desktop elementor-hidden-tablet elementor-hidden-mobile elementor-widget elementor-widget-heading\" data-id=\"72c715a\" data-element_type=\"widget\" data-e-type=\"widget\" id=\"seo-word\" data-widget_type=\"heading.default\">\n\t\t\t\t<div class=\"elementor-widget-container\">\n\t\t\t\t\t<h2 class=\"elementor-heading-title elementor-size-default\">tecav\u00fcz avukati<\/h2>\t\t\t\t<\/div>\n\t\t\t\t<\/div>\n\t\t\t\t<div class=\"elementor-element elementor-element-a1d26a1 elementor-hidden-desktop elementor-hidden-tablet elementor-hidden-mobile elementor-widget elementor-widget-heading\" data-id=\"a1d26a1\" data-element_type=\"widget\" data-e-type=\"widget\" id=\"seo-word\" data-widget_type=\"heading.default\">\n\t\t\t\t<div class=\"elementor-widget-container\">\n\t\t\t\t\t<h5 class=\"elementor-heading-title elementor-size-default\">tecav\u00fcz cezas\u0131<\/h5>\t\t\t\t<\/div>\n\t\t\t\t<\/div>\n\t\t\t\t<div class=\"elementor-element elementor-element-86df940 elementor-hidden-desktop elementor-hidden-tablet elementor-hidden-mobile elementor-widget elementor-widget-heading\" data-id=\"86df940\" data-element_type=\"widget\" data-e-type=\"widget\" id=\"seo-word\" data-widget_type=\"heading.default\">\n\t\t\t\t<div class=\"elementor-widget-container\">\n\t\t\t\t\t<h5 class=\"elementor-heading-title elementor-size-default\">HOLLANDA'DA TECAV\u00dcZ<\/h5>\t\t\t\t<\/div>\n\t\t\t\t<\/div>\n\t\t\t\t<div class=\"elementor-element elementor-element-ddb554c elementor-hidden-desktop elementor-hidden-tablet elementor-hidden-mobile elementor-widget elementor-widget-heading\" data-id=\"ddb554c\" data-element_type=\"widget\" data-e-type=\"widget\" id=\"seo-word\" data-widget_type=\"heading.default\">\n\t\t\t\t<div class=\"elementor-widget-container\">\n\t\t\t\t\t<h5 class=\"elementor-heading-title elementor-size-default\">cinsel sald\u0131r\u0131 ve tecav\u00fcz aras\u0131ndaki fark<\/h5>\t\t\t\t<\/div>\n\t\t\t\t<\/div>\n\t\t\t\t<div class=\"elementor-element elementor-element-4bfa2bd elementor-hidden-desktop elementor-hidden-tablet elementor-hidden-mobile elementor-widget elementor-widget-heading\" data-id=\"4bfa2bd\" data-element_type=\"widget\" data-e-type=\"widget\" id=\"seo-word\" data-widget_type=\"heading.default\">\n\t\t\t\t<div class=\"elementor-widget-container\">\n\t\t\t\t\t<h5 class=\"elementor-heading-title elementor-size-default\">SU\u00c7<\/h5>\t\t\t\t<\/div>\n\t\t\t\t<\/div>\n\t\t\t\t<div class=\"elementor-element elementor-element-ac32fe0 elementor-hidden-desktop elementor-hidden-tablet elementor-hidden-mobile elementor-widget elementor-widget-heading\" data-id=\"ac32fe0\" data-element_type=\"widget\" data-e-type=\"widget\" id=\"seo-word\" data-widget_type=\"heading.default\">\n\t\t\t\t<div class=\"elementor-widget-container\">\n\t\t\t\t\t<h5 class=\"elementor-heading-title elementor-size-default\">grev g\u00f6zc\u00fcs\u00fc avukat<\/h5>\t\t\t\t<\/div>\n\t\t\t\t<\/div>\n\t\t\t\t<div class=\"elementor-element elementor-element-f045f6d elementor-hidden-desktop elementor-hidden-tablet elementor-hidden-mobile elementor-widget elementor-widget-heading\" data-id=\"f045f6d\" data-element_type=\"widget\" data-e-type=\"widget\" id=\"seo-word\" data-widget_type=\"heading.default\">\n\t\t\t\t<div class=\"elementor-widget-container\">\n\t\t\t\t\t<h5 class=\"elementor-heading-title elementor-size-default\">ceza avukati enschede<\/h5>\t\t\t\t<\/div>\n\t\t\t\t<\/div>\n\t\t\t\t<div class=\"elementor-element elementor-element-8c1d0f5 elementor-hidden-desktop elementor-hidden-tablet elementor-hidden-mobile elementor-widget elementor-widget-heading\" data-id=\"8c1d0f5\" data-element_type=\"widget\" data-e-type=\"widget\" id=\"seo-word\" data-widget_type=\"heading.default\">\n\t\t\t\t<div class=\"elementor-widget-container\">\n\t\t\t\t\t<h5 class=\"elementor-heading-title elementor-size-default\">ceza hukuku enschede<\/h5>\t\t\t\t<\/div>\n\t\t\t\t<\/div>\n\t\t\t\t<div class=\"elementor-element elementor-element-eb1e1f5 elementor-hidden-desktop elementor-hidden-tablet elementor-hidden-mobile elementor-widget elementor-widget-heading\" data-id=\"eb1e1f5\" data-element_type=\"widget\" data-e-type=\"widget\" id=\"seo-word\" data-widget_type=\"heading.default\">\n\t\t\t\t<div class=\"elementor-widget-container\">\n\t\t\t\t\t<h5 class=\"elementor-heading-title elementor-size-default\">avukat ceza hukuku enschede<\/h5>\t\t\t\t<\/div>\n\t\t\t\t<\/div>\n\t\t\t\t<div class=\"elementor-element elementor-element-c193e6a elementor-hidden-desktop elementor-hidden-tablet elementor-hidden-mobile elementor-widget elementor-widget-heading\" data-id=\"c193e6a\" data-element_type=\"widget\" data-e-type=\"widget\" id=\"seo-word\" data-widget_type=\"heading.default\">\n\t\t\t\t<div class=\"elementor-widget-container\">\n\t\t\t\t\t<h5 class=\"elementor-heading-title elementor-size-default\">avukat ceza hukuku overijssel<\/h5>\t\t\t\t<\/div>\n\t\t\t\t<\/div>\n\t\t\t\t<div class=\"elementor-element elementor-element-35968d3 elementor-hidden-desktop elementor-hidden-tablet elementor-hidden-mobile elementor-widget elementor-widget-heading\" data-id=\"35968d3\" data-element_type=\"widget\" data-e-type=\"widget\" id=\"seo-word\" data-widget_type=\"heading.default\">\n\t\t\t\t<div class=\"elementor-widget-container\">\n\t\t\t\t\t<h5 class=\"elementor-heading-title elementor-size-default\">tecav\u00fcz anlam\u0131<\/h5>\t\t\t\t<\/div>\n\t\t\t\t<\/div>\n\t\t\t\t<div class=\"elementor-element elementor-element-4e3765c elementor-hidden-desktop elementor-hidden-tablet elementor-hidden-mobile elementor-widget elementor-widget-heading\" data-id=\"4e3765c\" data-element_type=\"widget\" data-e-type=\"widget\" id=\"seo-word\" data-widget_type=\"heading.default\">\n\t\t\t\t<div class=\"elementor-widget-container\">\n\t\t\t\t\t<h5 class=\"elementor-heading-title elementor-size-default\">Enschede ve Overijssel'de, Derbedrosian Criminal Lawyers'\u0131n ceza avukatlar\u0131 g\u00fcvenilir yasal ortaklar\u0131n\u0131zd\u0131r. Enschede'deki avukatlar\u0131m\u0131z, tecav\u00fcz gibi ciddi davalar da dahil olmak \u00fczere ceza davalar\u0131nda uzmanla\u015fm\u0131\u015ft\u0131r.\n\nTecav\u00fcz, Hollanda'da a\u011f\u0131r cezalar\u0131 olan ciddi bir su\u00e7tur. Tecav\u00fcz\u00fcn yasal \u00e7er\u00e7evesini ve cezalar\u0131n\u0131 anlamak \u00f6nemlidir. Cinsel sald\u0131r\u0131 ile tecav\u00fcz aras\u0131ndaki fark, su\u00e7un niteli\u011fi ve ciddiyetinde yatmaktad\u0131r.\n\nN\u00f6bet\u00e7i avukat olarak da bilinen n\u00f6bet\u00e7i avukat, tutuklama veya sorgulama gibi acil durumlarda hukuki yard\u0131m sa\u011flamak \u00fczere \u00e7a\u011fr\u0131labilir. Tecav\u00fcz vakalar\u0131nda derhal hukuki yard\u0131m almak \u00e7ok \u00f6nemlidir.\n\nEnschede'deki avukatlar\u0131m\u0131z, tecav\u00fcz davalar\u0131 da dahil olmak \u00fczere ceza davalar\u0131nda size tavsiyelerde bulunmak ve menfaatlerinizi temsil etmek i\u00e7in buradalar. Bu t\u00fcr ciddi konularda hukuki yard\u0131ma ihtiyac\u0131n\u0131z varsa, profesyonel destek i\u00e7in Derbedrosian Ceza Avukatlar\u0131 ile ileti\u015fime ge\u00e7mekten \u00e7ekinmeyin.<\/h5>\t\t\t\t<\/div>\n\t\t\t\t<\/div>\n\t\t\t\t<div class=\"elementor-element elementor-element-80a0103 color-scheme-inherit text-left elementor-widget elementor-widget-text-editor\" data-id=\"80a0103\" data-element_type=\"widget\" data-e-type=\"widget\" data-widget_type=\"text-editor.default\">\n\t\t\t\t<div class=\"elementor-widget-container\">\n\t\t\t\t\t\t\t\t\t<p><strong>Tecav\u00fcz, Hollanda hukuk sisteminin bu durumlar\u0131 ele ald\u0131\u011f\u0131 ve hem ma\u011fdurlara hem de \u015f\u00fcphelilere adil davran\u0131lmas\u0131n\u0131 sa\u011flad\u0131\u011f\u0131 ciddi bir su\u00e7tur.<\/strong><\/p><p><strong>Ma\u011fdurlar\u0131n iyile\u015fmelerine yard\u0131mc\u0131 olmak i\u00e7in t\u0131bbi ve duygusal destek hizmetleri de mevcuttur.<\/strong><\/p>\t\t\t\t\t\t\t\t<\/div>\n\t\t\t\t<\/div>\n\t\t\t\t<div class=\"elementor-element elementor-element-7bb2179 elementor-widget elementor-widget-spacer\" data-id=\"7bb2179\" data-element_type=\"widget\" data-e-type=\"widget\" data-widget_type=\"spacer.default\">\n\t\t\t\t<div class=\"elementor-widget-container\">\n\t\t\t\t\t\t\t<div class=\"elementor-spacer\">\n\t\t\t<div class=\"elementor-spacer-inner\"><\/div>\n\t\t<\/div>\n\t\t\t\t\t\t<\/div>\n\t\t\t\t<\/div>\n\t\t\t\t<div class=\"elementor-element elementor-element-4d0318a elementor-widget elementor-widget-heading\" data-id=\"4d0318a\" data-element_type=\"widget\" data-e-type=\"widget\" data-widget_type=\"heading.default\">\n\t\t\t\t<div class=\"elementor-widget-container\">\n\t\t\t\t\t<h3 class=\"elementor-heading-title elementor-size-default\">Tecav\u00fcz nedir?<\/h3>\t\t\t\t<\/div>\n\t\t\t\t<\/div>\n\t\t\t\t<div class=\"elementor-element elementor-element-96fd6ba color-scheme-inherit text-left elementor-widget elementor-widget-text-editor\" data-id=\"96fd6ba\" data-element_type=\"widget\" data-e-type=\"widget\" data-widget_type=\"text-editor.default\">\n\t\t\t\t<div class=\"elementor-widget-container\">\n\t\t\t\t\t\t\t\t\t<p>Yasaya g\u00f6re tecav\u00fcz, \"Y\u00f6ntemi ne olursa olsun, cebir, tehdit veya psikolojik bask\u0131 etkisi alt\u0131nda olsun ya da olmas\u0131n, bir ki\u015finin iradesi d\u0131\u015f\u0131nda ger\u00e7ekle\u015ftirilen her t\u00fcrl\u00fc cinsel penetrasyondur.\" \u015feklinde tan\u0131mlanmaktad\u0131r.<\/p><p>'\u0130radeye ayk\u0131r\u0131' ifadesinin ne anlama geldi\u011fini anlamak \u00f6nemlidir. Buna \u015funlar dahildir:<\/p><ul><li><strong>R\u0131za eksikli\u011fi:<\/strong>\u00a0Bu, cinsel penetrasyonun ma\u011fdurun \u00f6zg\u00fcr iradesi ve r\u0131zas\u0131 olmadan ger\u00e7ekle\u015fti\u011fi anlam\u0131na gelir. Bu, ki\u015finin cinsel eyleme g\u00f6n\u00fcll\u00fc olarak r\u0131za g\u00f6stermedi\u011fi anlam\u0131na gelir.<\/li><li><strong>Fiziksel veya zihinsel engeller:<\/strong>\u00a0Tecav\u00fcz, ma\u011fdurun bilin\u00e7li olarak r\u0131za g\u00f6sterememesine neden olan fiziksel veya zihinsel engelleri oldu\u011funda da meydana gelebilir. \u00d6rne\u011fin, bir ki\u015fi down sendromu nedeniyle iradesini a\u00e7\u0131k\u00e7a ifade edemiyorsa bu durum s\u00f6z konusu olabilir.<\/li><li><strong>Alkol veya uyu\u015fturucu etkisi alt\u0131nda:<\/strong> Ma\u011fdur alkol veya uyu\u015fturucu etkisi alt\u0131ndaysa ve bu nedenle cinsel eylemlere bilin\u00e7li ve g\u00f6n\u00fcll\u00fc olarak r\u0131za g\u00f6steremiyorsa.<\/li><\/ul><p>Bu su\u00e7un ciddiyetinin alt\u0131n\u0131 \u00e7izmek ve ma\u011fdurlar\u0131n haklar\u0131n\u0131 korumak i\u00e7in tecav\u00fcz\u00fcn bu yasal tan\u0131mlara uygun olarak anla\u015f\u0131lmas\u0131 \u00e7ok \u00f6nemlidir.<\/p>\t\t\t\t\t\t\t\t<\/div>\n\t\t\t\t<\/div>\n\t\t\t\t<div class=\"elementor-element elementor-element-8405b00 elementor-widget elementor-widget-spacer\" data-id=\"8405b00\" data-element_type=\"widget\" data-e-type=\"widget\" data-widget_type=\"spacer.default\">\n\t\t\t\t<div class=\"elementor-widget-container\">\n\t\t\t\t\t\t\t<div class=\"elementor-spacer\">\n\t\t\t<div class=\"elementor-spacer-inner\"><\/div>\n\t\t<\/div>\n\t\t\t\t\t\t<\/div>\n\t\t\t\t<\/div>\n\t\t\t\t<div class=\"elementor-element elementor-element-f93aeed elementor-widget elementor-widget-heading\" data-id=\"f93aeed\" data-element_type=\"widget\" data-e-type=\"widget\" data-widget_type=\"heading.default\">\n\t\t\t\t<div class=\"elementor-widget-container\">\n\t\t\t\t\t<h3 class=\"elementor-heading-title elementor-size-default\">Ceza tecav\u00fcz<\/h3>\t\t\t\t<\/div>\n\t\t\t\t<\/div>\n\t\t\t\t<div class=\"elementor-element elementor-element-1e402ae color-scheme-inherit text-left elementor-widget elementor-widget-text-editor\" data-id=\"1e402ae\" data-element_type=\"widget\" data-e-type=\"widget\" data-widget_type=\"text-editor.default\">\n\t\t\t\t<div class=\"elementor-widget-container\">\n\t\t\t\t\t\t\t\t\t<p>Hollanda'da Ceza Kanunu'nun 242. maddesine g\u00f6re, tecav\u00fcz i\u00e7in azami hapis cezas\u0131 \u015fu anda 12 y\u0131l olarak belirlenmi\u015ftir. Bu da tecav\u00fczden su\u00e7lu bulunan bir ki\u015finin 12 y\u0131la kadar hapis cezas\u0131na \u00e7arpt\u0131r\u0131labilece\u011fi anlam\u0131na gelmektedir.<\/p><ul><li><strong>Para cezas\u0131:<\/strong> Hapis cezas\u0131n\u0131n yan\u0131 s\u0131ra para cezas\u0131 da verilebilir. Tecav\u00fcz su\u00e7u i\u00e7in verilen para cezas\u0131 Hollanda ceza hukukunda 5. kategoride yer almaktad\u0131r. Bu, davan\u0131n \u00f6zel ko\u015fullar\u0131na ba\u011fl\u0131 olarak para cezas\u0131n\u0131n en fazla 90.000 \u20ac'ya ula\u015fabilece\u011fi anlam\u0131na gelir.<\/li><\/ul>\t\t\t\t\t\t\t\t<\/div>\n\t\t\t\t<\/div>\n\t\t\t\t<div class=\"elementor-element elementor-element-cf0892b elementor-widget elementor-widget-spacer\" data-id=\"cf0892b\" data-element_type=\"widget\" data-e-type=\"widget\" data-widget_type=\"spacer.default\">\n\t\t\t\t<div class=\"elementor-widget-container\">\n\t\t\t\t\t\t\t<div class=\"elementor-spacer\">\n\t\t\t<div class=\"elementor-spacer-inner\"><\/div>\n\t\t<\/div>\n\t\t\t\t\t\t<\/div>\n\t\t\t\t<\/div>\n\t\t\t\t<div class=\"elementor-element elementor-element-d40230a elementor-widget elementor-widget-heading\" data-id=\"d40230a\" data-element_type=\"widget\" data-e-type=\"widget\" data-widget_type=\"heading.default\">\n\t\t\t\t<div class=\"elementor-widget-container\">\n\t\t\t\t\t<h3 class=\"elementor-heading-title elementor-size-default\">Cinsel sald\u0131r\u0131 ve tecav\u00fcz aras\u0131ndaki fark<\/h3>\t\t\t\t<\/div>\n\t\t\t\t<\/div>\n\t\t\t\t<div class=\"elementor-element elementor-element-04ac6bf color-scheme-inherit text-left elementor-widget elementor-widget-text-editor\" data-id=\"04ac6bf\" data-element_type=\"widget\" data-e-type=\"widget\" data-widget_type=\"text-editor.default\">\n\t\t\t\t<div class=\"elementor-widget-container\">\n\t\t\t\t\t\t\t\t\t<p>Cinsel sald\u0131r\u0131 ve tecav\u00fcz\u00fcn her ikisi de ciddidir<a href=\"https:\/\/www.derbedrosian.nl\/tr\/yetki%cc%87-alanlari\/ceza-hukuku\/suclar\/\"> Su\u00e7lar<\/a>Ancak ikisi aras\u0131nda \u00f6nemli farklar vard\u0131r:<\/p><p><strong>Sald\u0131r\u0131:<\/strong><\/p><ul><li><strong>Tan\u0131m:<\/strong>\u00a0Cinsel sald\u0131r\u0131, bir ki\u015finin r\u0131zas\u0131 olmadan ve kas\u0131tl\u0131 olarak ba\u015fka bir ki\u015fiye cinsel olarak dokunmas\u0131, ellemesi veya di\u011fer cinsel eylemlerde bulunmas\u0131n\u0131 i\u00e7erir. \u0130stenmeyen dokunmadan daha ciddi cinsel sald\u0131r\u0131 bi\u00e7imlerine kadar de\u011fi\u015febilir, ancak penetrasyon s\u00f6z konusu de\u011fildir.<\/li><li><strong>Ceza:<\/strong>\u00a0Cinsel sald\u0131r\u0131 cezalar\u0131 su\u00e7un ciddiyetine ba\u011fl\u0131 olarak de\u011fi\u015febilir, ancak genellikle hapis, kamu hizmeti ve\/veya para cezalar\u0131n\u0131 i\u00e7erir.<\/li><\/ul><p><strong style=\"font-size: 17.6px; letter-spacing: var( --e-global-typography-text-letter-spacing ); text-transform: var( --e-global-typography-text-text-transform ); word-spacing: var( --e-global-typography-text-word-spacing ); color: var(--wd-text-color);\">Tecav\u00fcz:<\/strong><\/p><ul><li><strong>Tan\u0131m:<\/strong>\u00a0Tecav\u00fcz, bir ki\u015finin r\u0131zas\u0131 olmadan ba\u015fka bir ki\u015fiye cinsel penetrasyon ger\u00e7ekle\u015ftirdi\u011fi daha ciddi bir su\u00e7tur. Bu penetrasyon zorla, tehditle, psikolojik bask\u0131yla veya ma\u011fdurun \u00f6rne\u011fin fiziksel veya zihinsel bozukluk, sarho\u015fluk veya di\u011fer nedenlerle r\u0131za g\u00f6steremeyece\u011fi durumlarda ger\u00e7ekle\u015febilir. <a href=\"https:\/\/www.derbedrosian.nl\/tr\/yetki%cc%87-alanlari\/ceza-hukuku\/uyusturucu\/\">uyu\u015fturucu kullan\u0131m\u0131.<\/a><\/li><li><strong>Ceza: <\/strong>Tecav\u00fcz \u00e7o\u011fu hukuk sisteminde a\u011f\u0131r bir \u015fekilde cezaland\u0131r\u0131lmaktad\u0131r. Cezalar, su\u00e7un ciddiyetine ve ko\u015fullara ba\u011fl\u0131 olarak genellikle uzun hapis cezalar\u0131n\u0131 i\u00e7erir.<\/li><\/ul><p>Cinsel sald\u0131r\u0131 ile tecav\u00fcz aras\u0131ndaki temel fark, tecav\u00fcz\u00fcn r\u0131za olmaks\u0131z\u0131n cinsel penetrasyonu i\u00e7ermesi, cinsel sald\u0131r\u0131n\u0131n ise penetrasyon olmaks\u0131z\u0131n cinsel eylemlere odaklanmas\u0131d\u0131r. Her iki su\u00e7 da ciddidir ve ciddi \u015fekilde cezaland\u0131r\u0131l\u0131r, ancak eylemlerin niteli\u011fi farkl\u0131d\u0131r.<\/p>\t\t\t\t\t\t\t\t<\/div>\n\t\t\t\t<\/div>\n\t\t\t\t<div class=\"elementor-element elementor-element-5a433a3 elementor-widget elementor-widget-spacer\" data-id=\"5a433a3\" data-element_type=\"widget\" data-e-type=\"widget\" data-widget_type=\"spacer.default\">\n\t\t\t\t<div class=\"elementor-widget-container\">\n\t\t\t\t\t\t\t<div class=\"elementor-spacer\">\n\t\t\t<div class=\"elementor-spacer-inner\"><\/div>\n\t\t<\/div>\n\t\t\t\t\t\t<\/div>\n\t\t\t\t<\/div>\n\t\t\t\t<div class=\"elementor-element elementor-element-baf127d elementor-widget elementor-widget-heading\" data-id=\"baf127d\" data-element_type=\"widget\" data-e-type=\"widget\" data-widget_type=\"heading.default\">\n\t\t\t\t<div class=\"elementor-widget-container\">\n\t\t\t\t\t<h3 class=\"elementor-heading-title elementor-size-default\">Picket avukat\u0131<\/h3>\t\t\t\t<\/div>\n\t\t\t\t<\/div>\n\t\t\t\t<div class=\"elementor-element elementor-element-b873207 color-scheme-inherit text-left elementor-widget elementor-widget-text-editor\" data-id=\"b873207\" data-element_type=\"widget\" data-e-type=\"widget\" data-widget_type=\"text-editor.default\">\n\t\t\t\t<div class=\"elementor-widget-container\">\n\t\t\t\t\t\t\t\t\t<p>Hollanda'da, \u015f\u00fcpheli polis taraf\u0131ndan tutuklan\u0131r ve tutuklu yarg\u0131lan\u0131rsa, bir n\u00f6bet\u00e7i avukat atanacakt\u0131r. Bu avukat tutukland\u0131\u011f\u0131n\u0131z g\u00fcn haz\u0131r bulunacakt\u0131r. Ancak, bu avukat\u0131n a\u015fa\u011f\u0131daki konularda uzman oldu\u011fu her zaman garanti edilmez <a href=\"https:\/\/www.derbedrosian.nl\/tr\/yetki%cc%87-alanlari\/ceza-hukuku\/\">ceza hukuku<\/a>Karma\u015f\u0131k yard\u0131m davalar\u0131 bir yana.<\/p><p>N\u00f6betler genellikle stajyer avukatlar taraf\u0131ndan yerine getirilir. Bu nedenle, uzmanl\u0131k gerektiren karma\u015f\u0131k bir yard\u0131m davas\u0131nda, atad\u0131\u011f\u0131n\u0131z n\u00f6bet\u00e7i avukattan do\u011fru hukuki yard\u0131m\u0131 al\u0131p alamayaca\u011f\u0131n\u0131z belirsizdir.<\/p>\t\t\t\t\t\t\t\t<\/div>\n\t\t\t\t<\/div>\n\t\t\t\t<div class=\"elementor-element elementor-element-d9cb06b elementor-widget elementor-widget-spacer\" data-id=\"d9cb06b\" data-element_type=\"widget\" data-e-type=\"widget\" data-widget_type=\"spacer.default\">\n\t\t\t\t<div class=\"elementor-widget-container\">\n\t\t\t\t\t\t\t<div class=\"elementor-spacer\">\n\t\t\t<div class=\"elementor-spacer-inner\"><\/div>\n\t\t<\/div>\n\t\t\t\t\t\t<\/div>\n\t\t\t\t<\/div>\n\t\t\t\t<div class=\"elementor-element elementor-element-8765f97 elementor-widget elementor-widget-heading\" data-id=\"8765f97\" data-element_type=\"widget\" data-e-type=\"widget\" data-widget_type=\"heading.default\">\n\t\t\t\t<div class=\"elementor-widget-container\">\n\t\t\t\t\t<h3 class=\"elementor-heading-title elementor-size-default\">\u015e\u00fcpheli tecav\u00fcz avukat\u0131<\/h3>\t\t\t\t<\/div>\n\t\t\t\t<\/div>\n\t\t\t\t<div class=\"elementor-element elementor-element-0f239d4 color-scheme-inherit text-left elementor-widget elementor-widget-text-editor\" data-id=\"0f239d4\" data-element_type=\"widget\" data-e-type=\"widget\" data-widget_type=\"text-editor.default\">\n\t\t\t\t<div class=\"elementor-widget-container\">\n\t\t\t\t\t\t\t\t\t<p>Tecav\u00fczden \u015f\u00fcphelendi\u011finizde, uzman bir avukattan yard\u0131m almak her zaman \u00f6nemlidir. Bunu davan\u0131n m\u00fcmk\u00fcn olan en erken a\u015famas\u0131nda yapman\u0131z tavsiye edilir, b\u00f6ylece avukat davan\u0131n sonraki seyri \u00fczerinde hala \u00e7ok fazla etkiye sahip olabilir. Der Bedrosian Hukuk B\u00fcrosu olarak, sizi uzman avukatlar\u0131m\u0131zdan biriyle do\u011frudan temasa ge\u00e7irece\u011fiz. <a href=\"https:\/\/www.derbedrosian.nl\/tr\/avukatlar\/\">uzman avukatlar<\/a> seks davalar\u0131nda geni\u015f deneyime sahip bir avukat.<\/p><p>Taahh\u00fcd\u00fcm\u00fcz yasal temsilin \u00f6tesine ge\u00e7mektedir. En iyi savunma stratejisini belirlemek i\u00e7in sizinle birlikte \u00e7al\u0131\u015f\u0131yor ve davan\u0131z\u0131n adil bir \u015fekilde sonu\u00e7lanmas\u0131n\u0131 hedefliyoruz.<\/p>\t\t\t\t\t\t\t\t<\/div>\n\t\t\t\t<\/div>\n\t\t\t\t\t<\/div>\n\t\t\t\t<\/div>\n\t\t\t\t<\/div>","protected":false},"excerpt":{"rendered":"<p>tecav\u00fcz avukat\u0131 tecav\u00fcz cezas\u0131 tecav\u00fcz nederland cinsel sald\u0131r\u0131 ve tecav\u00fcz aras\u0131ndaki fark su\u00e7 picket avukat ceza avukat\u0131 enschede ceza hukuku enschede avukat ceza hukuku<\/p>","protected":false},"author":1,"featured_media":0,"parent":10047,"menu_order":0,"comment_status":"closed","ping_status":"closed","template":"","meta":{"footnotes":""},"class_list":["post-10867","page","type-page","status-publish","hentry"],"_links":{"self":[{"href":"https:\/\/www.derbedrosian.nl\/tr\/wp-json\/wp\/v2\/pages\/10867","targetHints":{"allow":["GET"]}}],"collection":[{"href":"https:\/\/www.derbedrosian.nl\/tr\/wp-json\/wp\/v2\/pages"}],"about":[{"href":"https:\/\/www.derbedrosian.nl\/tr\/wp-json\/wp\/v2\/types\/page"}],"author":[{"embeddable":true,"href":"https:\/\/www.derbedrosian.nl\/tr\/wp-json\/wp\/v2\/users\/1"}],"replies":[{"embeddable":true,"href":"https:\/\/www.derbedrosian.nl\/tr\/wp-json\/wp\/v2\/comments?post=10867"}],"version-history":[{"count":0,"href":"https:\/\/www.derbedrosian.nl\/tr\/wp-json\/wp\/v2\/pages\/10867\/revisions"}],"up":[{"embeddable":true,"href":"https:\/\/www.derbedrosian.nl\/tr\/wp-json\/wp\/v2\/pages\/10047"}],"wp:attachment":[{"href":"https:\/\/www.derbedrosian.nl\/tr\/wp-json\/wp\/v2\/media?parent=10867"}],"curies":[{"name":"wp","href":"https:\/\/api.w.org\/{rel}","templated":true}]}}