{"id":10862,"date":"2023-05-29T10:11:05","date_gmt":"2023-05-29T08:11:05","guid":{"rendered":"https:\/\/derbedrosian.nl\/?page_id=10862"},"modified":"2025-12-21T15:16:44","modified_gmt":"2025-12-21T13:16:44","slug":"trafi%cc%87k-ceza-hukuku","status":"publish","type":"page","link":"https:\/\/www.derbedrosian.nl\/tr\/rechtsgebieden\/strafrecht\/verkeersstrafrecht\/","title":{"rendered":"Trafik Ceza Hukuku"},"content":{"rendered":"<div data-elementor-type=\"wp-page\" data-elementor-id=\"10862\" class=\"elementor elementor-10862\" data-elementor-post-type=\"page\">\n\t\t\t\t<div class=\"wd-negative-gap elementor-element elementor-element-dd6839b e-flex e-con-boxed e-con e-parent\" data-id=\"dd6839b\" data-element_type=\"container\" data-e-type=\"container\">\n\t\t\t\t\t<div class=\"e-con-inner\">\n\t\t\t\t<div class=\"elementor-element elementor-element-87f91ee elementor-hidden-desktop elementor-hidden-tablet elementor-hidden-mobile elementor-widget elementor-widget-wd_image_or_svg\" data-id=\"87f91ee\" data-element_type=\"widget\" data-e-type=\"widget\" id=\"seo-word\" data-widget_type=\"wd_image_or_svg.default\">\n\t\t\t\t<div class=\"elementor-widget-container\">\n\t\t\t\t\t\n\t\t<div class=\"wd-image text-left\">\n\t\t\t\t\t\t\t\t<img loading=\"lazy\" decoding=\"async\" width=\"1000\" height=\"667\" src=\"https:\/\/www.derbedrosian.nl\/wp-content\/uploads\/rechtsgebied-verkeersstrafrecht.jpg\" class=\"attachment-full size-full\" alt=\"trafik ceza avukat\u0131 ehliyete el konulmas\u0131 alkoll\u00fc ara\u00e7 kullanma cezas\u0131 ehliyetten men\" srcset=\"https:\/\/www.derbedrosian.nl\/wp-content\/uploads\/rechtsgebied-verkeersstrafrecht.jpg 1000w, https:\/\/www.derbedrosian.nl\/wp-content\/uploads\/rechtsgebied-verkeersstrafrecht-400x267.jpg 400w, https:\/\/www.derbedrosian.nl\/wp-content\/uploads\/rechtsgebied-verkeersstrafrecht-768x512.jpg 768w\" sizes=\"auto, (max-width: 1000px) 100vw, 1000px\" title=\"\">\t\t\t\t\t<\/div>\n\n\t\t\t\t\t\t<\/div>\n\t\t\t\t<\/div>\n\t\t\t\t<div class=\"elementor-element elementor-element-4ae918b elementor-hidden-desktop elementor-hidden-tablet elementor-hidden-mobile elementor-widget elementor-widget-heading\" data-id=\"4ae918b\" data-element_type=\"widget\" data-e-type=\"widget\" id=\"seo-word\" data-widget_type=\"heading.default\">\n\t\t\t\t<div class=\"elementor-widget-container\">\n\t\t\t\t\t<h2 class=\"elementor-heading-title elementor-size-default\">avukat trafik ceza hukuku<\/h2>\t\t\t\t<\/div>\n\t\t\t\t<\/div>\n\t\t\t\t<div class=\"elementor-element elementor-element-59a19b1 elementor-hidden-desktop elementor-hidden-tablet elementor-hidden-mobile elementor-widget elementor-widget-heading\" data-id=\"59a19b1\" data-element_type=\"widget\" data-e-type=\"widget\" id=\"seo-word\" data-widget_type=\"heading.default\">\n\t\t\t\t<div class=\"elementor-widget-container\">\n\t\t\t\t\t<h5 class=\"elementor-heading-title elementor-size-default\">ehliyete el konuldu<\/h5>\t\t\t\t<\/div>\n\t\t\t\t<\/div>\n\t\t\t\t<div class=\"elementor-element elementor-element-8ed7140 elementor-hidden-desktop elementor-hidden-tablet elementor-hidden-mobile elementor-widget elementor-widget-heading\" data-id=\"8ed7140\" data-element_type=\"widget\" data-e-type=\"widget\" id=\"seo-word\" data-widget_type=\"heading.default\">\n\t\t\t\t<div class=\"elementor-widget-container\">\n\t\t\t\t\t<h5 class=\"elementor-heading-title elementor-size-default\">ehliyet geri al\u0131nd\u0131<\/h5>\t\t\t\t<\/div>\n\t\t\t\t<\/div>\n\t\t\t\t<div class=\"elementor-element elementor-element-17b52a4 elementor-hidden-desktop elementor-hidden-tablet elementor-hidden-mobile elementor-widget elementor-widget-heading\" data-id=\"17b52a4\" data-element_type=\"widget\" data-e-type=\"widget\" id=\"seo-word\" data-widget_type=\"heading.default\">\n\t\t\t\t<div class=\"elementor-widget-container\">\n\t\t\t\t\t<h5 class=\"elementor-heading-title elementor-size-default\">sarho\u015f ara\u00e7 kullanma<\/h5>\t\t\t\t<\/div>\n\t\t\t\t<\/div>\n\t\t\t\t<div class=\"elementor-element elementor-element-dcc898f elementor-hidden-desktop elementor-hidden-tablet elementor-hidden-mobile elementor-widget elementor-widget-heading\" data-id=\"dcc898f\" data-element_type=\"widget\" data-e-type=\"widget\" id=\"seo-word\" data-widget_type=\"heading.default\">\n\t\t\t\t<div class=\"elementor-widget-container\">\n\t\t\t\t\t<h5 class=\"elementor-heading-title elementor-size-default\">Om-hearing ehliyet<\/h5>\t\t\t\t<\/div>\n\t\t\t\t<\/div>\n\t\t\t\t<div class=\"elementor-element elementor-element-ed4f99c elementor-hidden-desktop elementor-hidden-tablet elementor-hidden-mobile elementor-widget elementor-widget-heading\" data-id=\"ed4f99c\" data-element_type=\"widget\" data-e-type=\"widget\" id=\"seo-word\" data-widget_type=\"heading.default\">\n\t\t\t\t<div class=\"elementor-widget-container\">\n\t\t\t\t\t<h5 class=\"elementor-heading-title elementor-size-default\">trafik kazalar\u0131 yaralanmalar<\/h5>\t\t\t\t<\/div>\n\t\t\t\t<\/div>\n\t\t\t\t<div class=\"elementor-element elementor-element-0010988 elementor-hidden-desktop elementor-hidden-tablet elementor-hidden-mobile elementor-widget elementor-widget-heading\" data-id=\"0010988\" data-element_type=\"widget\" data-e-type=\"widget\" id=\"seo-word\" data-widget_type=\"heading.default\">\n\t\t\t\t<div class=\"elementor-widget-container\">\n\t\t\t\t\t<h5 class=\"elementor-heading-title elementor-size-default\">avukat ceza hukuku overijssel<\/h5>\t\t\t\t<\/div>\n\t\t\t\t<\/div>\n\t\t\t\t<div class=\"elementor-element elementor-element-dda2836 elementor-hidden-desktop elementor-hidden-tablet elementor-hidden-mobile elementor-widget elementor-widget-heading\" data-id=\"dda2836\" data-element_type=\"widget\" data-e-type=\"widget\" id=\"seo-word\" data-widget_type=\"heading.default\">\n\t\t\t\t<div class=\"elementor-widget-container\">\n\t\t\t\t\t<h5 class=\"elementor-heading-title elementor-size-default\">avukat ceza hukuku enschede<\/h5>\t\t\t\t<\/div>\n\t\t\t\t<\/div>\n\t\t\t\t<div class=\"elementor-element elementor-element-7d1c8d1 elementor-hidden-desktop elementor-hidden-tablet elementor-hidden-mobile elementor-widget elementor-widget-heading\" data-id=\"7d1c8d1\" data-element_type=\"widget\" data-e-type=\"widget\" id=\"seo-word\" data-widget_type=\"heading.default\">\n\t\t\t\t<div class=\"elementor-widget-container\">\n\t\t\t\t\t<h5 class=\"elementor-heading-title elementor-size-default\">ceza hukuku enschede<\/h5>\t\t\t\t<\/div>\n\t\t\t\t<\/div>\n\t\t\t\t<div class=\"elementor-element elementor-element-10183f9 elementor-hidden-desktop elementor-hidden-tablet elementor-hidden-mobile elementor-widget elementor-widget-heading\" data-id=\"10183f9\" data-element_type=\"widget\" data-e-type=\"widget\" id=\"seo-word\" data-widget_type=\"heading.default\">\n\t\t\t\t<div class=\"elementor-widget-container\">\n\t\t\t\t\t<h5 class=\"elementor-heading-title elementor-size-default\">ceza avukati enschede<\/h5>\t\t\t\t<\/div>\n\t\t\t\t<\/div>\n\t\t\t\t<div class=\"elementor-element elementor-element-35a6d00 elementor-hidden-desktop elementor-hidden-tablet elementor-hidden-mobile elementor-widget elementor-widget-heading\" data-id=\"35a6d00\" data-element_type=\"widget\" data-e-type=\"widget\" id=\"seo-word\" data-widget_type=\"heading.default\">\n\t\t\t\t<div class=\"elementor-widget-container\">\n\t\t\t\t\t<h5 class=\"elementor-heading-title elementor-size-default\">alkoll\u00fc ara\u00e7 kullanmanin bi\u0307r trafi\u0307k su\u00e7u oldu\u011fu trafi\u0307k ceza kanunu<\/h5>\t\t\t\t<\/div>\n\t\t\t\t<\/div>\n\t\t\t\t<div class=\"elementor-element elementor-element-d0e9f17 elementor-hidden-desktop elementor-hidden-tablet elementor-hidden-mobile elementor-widget elementor-widget-heading\" data-id=\"d0e9f17\" data-element_type=\"widget\" data-e-type=\"widget\" id=\"seo-word\" data-widget_type=\"heading.default\">\n\t\t\t\t<div class=\"elementor-widget-container\">\n\t\t\t\t\t<h5 class=\"elementor-heading-title elementor-size-default\">Enschede ve Overijssel'de, Derbedrosian Criminal Lawyers'\u0131n ceza avukatlar\u0131 hizmetinizdedir. Enschede'deki avukatlar\u0131m\u0131z ceza davalar\u0131nda geni\u015f deneyime sahiptir ve trafik ceza hukuku konusunda uzmanla\u015fm\u0131\u015ft\u0131r.\n\nTrafik su\u00e7lar\u0131 nedeniyle ehliyetiniz iptal edilmi\u015f veya ehliyetinize el konulmu\u015fsa, bunun ehliyetiniz a\u00e7\u0131s\u0131ndan \u00f6nemli yasal sonu\u00e7lar\u0131 olabilir. Yaralanmal\u0131 trafik kazalar\u0131 da karma\u015f\u0131k yasal i\u015flemlere yol a\u00e7abilir.\n\nTrafik ceza hukuku, ehliyete el konulmas\u0131 veya yaralanmal\u0131 trafik kazalar\u0131 ile ilgili durumlarda hukuki yard\u0131m almak \u00e7ok \u00f6nemlidir. Enschede'deki avukatlar\u0131m\u0131z size tavsiyelerde bulunmak ve bu yasal konularda \u00e7\u0131karlar\u0131n\u0131z\u0131 temsil etmek i\u00e7in buradalar.\n\nEnschede'de veya Overijssel'in ba\u015fka bir yerinde bulunuyorsan\u0131z ve trafik ceza hukuku veya ilgili konularda yasal yard\u0131ma ihtiyac\u0131n\u0131z varsa, profesyonel yard\u0131m i\u00e7in Derbedrosian Ceza Avukatlar\u0131 ile ileti\u015fime ge\u00e7in.\n\n\n\n\n<\/h5>\t\t\t\t<\/div>\n\t\t\t\t<\/div>\n\t\t\t\t<div class=\"elementor-element elementor-element-f9b5e24 color-scheme-inherit text-left elementor-widget elementor-widget-text-editor\" data-id=\"f9b5e24\" data-element_type=\"widget\" data-e-type=\"widget\" data-widget_type=\"text-editor.default\">\n\t\t\t\t<div class=\"elementor-widget-container\">\n\t\t\t\t\t\t\t\t\t<p><strong>Bu makalede, yolda meydana gelen su\u00e7lara odaklanan Hollanda'daki trafik ceza hukukunu inceliyoruz. Hollanda s\u00fcrekli hareket halindedir ve ne yaz\u0131k ki bu bazen trafik su\u00e7lar\u0131 ve kazalar\u0131 i\u00e7erir.  Burada trafik ceza hukukunun en yayg\u0131n y\u00f6nleri hakk\u0131nda de\u011ferli bilgiler bulacaks\u0131n\u0131z. \u0130ster a\u015fa\u011f\u0131dakilerle u\u011fra\u015f\u0131yor olun<a href=\"https:\/\/www.derbedrosian.nl\/tr\/yetki%cc%87-alanlari\/ceza-hukuku\/ehliyete-el-konuldu\/\"> el konulan ruhsatlar<\/a>, <a href=\"https:\/\/www.derbedrosian.nl\/tr\/yetki%cc%87-alanlari\/ceza-hukuku\/sarhos-arac-kullanma\/\">sarho\u015f ara\u00e7 kullanma<\/a>\u00a0Ya da sadece ehliyetinizi kaybettiniz.<\/strong><\/p>\t\t\t\t\t\t\t\t<\/div>\n\t\t\t\t<\/div>\n\t\t\t\t<div class=\"elementor-element elementor-element-7a59892 elementor-widget elementor-widget-spacer\" data-id=\"7a59892\" data-element_type=\"widget\" data-e-type=\"widget\" data-widget_type=\"spacer.default\">\n\t\t\t\t<div class=\"elementor-widget-container\">\n\t\t\t\t\t\t\t<div class=\"elementor-spacer\">\n\t\t\t<div class=\"elementor-spacer-inner\"><\/div>\n\t\t<\/div>\n\t\t\t\t\t\t<\/div>\n\t\t\t\t<\/div>\n\t\t\t\t<div class=\"elementor-element elementor-element-2fa7988 elementor-widget elementor-widget-heading\" data-id=\"2fa7988\" data-element_type=\"widget\" data-e-type=\"widget\" data-widget_type=\"heading.default\">\n\t\t\t\t<div class=\"elementor-widget-container\">\n\t\t\t\t\t<h3 class=\"elementor-heading-title elementor-size-default\">Trafik ceza hukuku nedir<\/h3>\t\t\t\t<\/div>\n\t\t\t\t<\/div>\n\t\t\t\t<div class=\"elementor-element elementor-element-98fb8f8 color-scheme-inherit text-left elementor-widget elementor-widget-text-editor\" data-id=\"98fb8f8\" data-element_type=\"widget\" data-e-type=\"widget\" data-widget_type=\"text-editor.default\">\n\t\t\t\t<div class=\"elementor-widget-container\">\n\t\t\t\t\t\t\t\t\t<p>Trafik ceza hukuku, trafikte, \u00f6zellikle de kamuya a\u00e7\u0131k yollarda ve otoyollarda meydana gelen su\u00e7larla ilgilenen hukuk alan\u0131n\u0131 ifade eder. Trafik kurallar\u0131 ve ara\u00e7lar\u0131n kullan\u0131m\u0131 ile ilgili su\u00e7lar\u0131 kapsar.<\/p><p>Trafik ceza hukukunun, sorumluluk ve trafik kazas\u0131 ma\u011fdurlar\u0131na tazminat \u00f6denmesine odaklanan medeni trafik hukukundan farkl\u0131 oldu\u011funu bilmek \u00f6nemlidir. Trafik ceza hukukunun amac\u0131, su\u00e7lar i\u00e7in cezai kovu\u015fturmalar yoluyla karayolunda kamu d\u00fczenini ve g\u00fcvenli\u011fini sa\u011flamak ve <a href=\"https:\/\/www.derbedrosian.nl\/tr\/yetki%cc%87-alanlari\/ceza-hukuku\/suclar\/\">Su\u00e7lar.<\/a><\/p>\t\t\t\t\t\t\t\t<\/div>\n\t\t\t\t<\/div>\n\t\t\t\t<div class=\"elementor-element elementor-element-e27462b elementor-widget elementor-widget-spacer\" data-id=\"e27462b\" data-element_type=\"widget\" data-e-type=\"widget\" data-widget_type=\"spacer.default\">\n\t\t\t\t<div class=\"elementor-widget-container\">\n\t\t\t\t\t\t\t<div class=\"elementor-spacer\">\n\t\t\t<div class=\"elementor-spacer-inner\"><\/div>\n\t\t<\/div>\n\t\t\t\t\t\t<\/div>\n\t\t\t\t<\/div>\n\t\t\t\t<div class=\"elementor-element elementor-element-2a3ffa3 elementor-widget elementor-widget-heading\" data-id=\"2a3ffa3\" data-element_type=\"widget\" data-e-type=\"widget\" data-widget_type=\"heading.default\">\n\t\t\t\t<div class=\"elementor-widget-container\">\n\t\t\t\t\t<h3 class=\"elementor-heading-title elementor-size-default\">Ehliyet ele ge\u00e7irildi<\/h3>\t\t\t\t<\/div>\n\t\t\t\t<\/div>\n\t\t\t\t<div class=\"elementor-element elementor-element-cb838f2 color-scheme-inherit text-left elementor-widget elementor-widget-text-editor\" data-id=\"cb838f2\" data-element_type=\"widget\" data-e-type=\"widget\" data-widget_type=\"text-editor.default\">\n\t\t\t\t<div class=\"elementor-widget-container\">\n\t\t\t\t\t\t\t\t\t<p>Davran\u0131\u015flar\u0131n\u0131z karayolu g\u00fcvenli\u011fi i\u00e7in ciddi riskler olu\u015fturuyorsa polis ehliyetinize el koymaya karar verebilir. A\u015fa\u011f\u0131da, di\u011ferlerinin yan\u0131 s\u0131ra ehliyetinizin al\u0131nabilece\u011fi baz\u0131 durumlar\u0131 listeledik.<\/p><ul><li><strong>Alkol i\u00e7eri\u011fi:<\/strong> Kan\u0131n\u0131zdaki alkol seviyesi 1.3 promili a\u015farsa.  Acemi s\u00fcr\u00fcc\u00fcler i\u00e7in 0,8 promil alt s\u0131n\u0131r\u0131 vard\u0131r.<\/li><li><strong>Alkolmetre ve kan testini reddetme:<\/strong> Alkolmetre veya kan testi gibi bir alkol testinde i\u015fbirli\u011fi yapmay\u0131 reddederseniz.<\/li><li><strong>Tehlikeli s\u00fcr\u00fc\u015f:<\/strong> Yol g\u00fcvenli\u011fini tehlikeye atan tehlikeli s\u00fcr\u00fc\u015f davran\u0131\u015flar\u0131 i\u00e7in.<\/li><li><strong>H\u0131z s\u0131n\u0131r\u0131 ihlali:<\/strong> Ge\u00e7erli h\u0131z s\u0131n\u0131r\u0131n\u0131n saatte 50 kilometre veya daha fazla \u00fczerinde ara\u00e7 kullan\u0131rsan\u0131z. Mopedler i\u00e7in bu, saatte 30 kilometre veya daha fazla h\u0131z yapmak i\u00e7in ge\u00e7erlidir.<\/li><li><a href=\"https:\/\/www.derbedrosian.nl\/tr\/yetki%cc%87-alanlari\/ceza-hukuku\/suclar\/uyusturucu\/\"><strong>Uyu\u015fturucu kullan\u0131m\u0131:<\/strong> <\/a>Uyu\u015fturucu etkisi alt\u0131nda ara\u00e7 kullan\u0131rsan\u0131z ve belirlenen 50 mikrogram amfetamin, 3 mikrogram esrar, 20 mikrogram morfin veya 10 miligram GHB s\u0131n\u0131rlar\u0131n\u0131 a\u015farsan\u0131z.<\/li><\/ul><p>Bu durumlar\u0131 anlamak, ehliyetinizin iptal edilmesini \u00f6nlemek ve b\u00f6yle bir durumda do\u011fru ad\u0131mlar\u0131 h\u0131zla atmak i\u00e7in \u00e7ok \u00f6nemlidir. <a title=\"der bedrosian hukuk b\u00fcrosu\" href=\"https:\/\/www.derbedrosian.nl\/tr\/avukatlar\/\">Avukatlar\u0131m\u0131z<\/a> Trafik ceza hukuku alan\u0131nda uzmanla\u015fm\u0131\u015f ki\u015filer size daha fazla hukuki yard\u0131m sunmaya haz\u0131rd\u0131r.<\/p>\t\t\t\t\t\t\t\t<\/div>\n\t\t\t\t<\/div>\n\t\t\t\t<div class=\"elementor-element elementor-element-3c60cd3 elementor-widget elementor-widget-spacer\" data-id=\"3c60cd3\" data-element_type=\"widget\" data-e-type=\"widget\" data-widget_type=\"spacer.default\">\n\t\t\t\t<div class=\"elementor-widget-container\">\n\t\t\t\t\t\t\t<div class=\"elementor-spacer\">\n\t\t\t<div class=\"elementor-spacer-inner\"><\/div>\n\t\t<\/div>\n\t\t\t\t\t\t<\/div>\n\t\t\t\t<\/div>\n\t\t\t\t<div class=\"elementor-element elementor-element-11c6f26 elementor-widget elementor-widget-heading\" data-id=\"11c6f26\" data-element_type=\"widget\" data-e-type=\"widget\" data-widget_type=\"heading.default\">\n\t\t\t\t<div class=\"elementor-widget-container\">\n\t\t\t\t\t<h3 class=\"elementor-heading-title elementor-size-default\">Ehliyet kay\u0131p<\/h3>\t\t\t\t<\/div>\n\t\t\t\t<\/div>\n\t\t\t\t<div class=\"elementor-element elementor-element-6838551 color-scheme-inherit text-left elementor-widget elementor-widget-text-editor\" data-id=\"6838551\" data-element_type=\"widget\" data-e-type=\"widget\" data-widget_type=\"text-editor.default\">\n\t\t\t\t<div class=\"elementor-widget-container\">\n\t\t\t\t\t\t\t\t\t<p>Ehliyetinizi kaybettiyseniz ya da \u00e7al\u0131nd\u0131ysa, yeni bir ehliyet almak i\u00e7in belediyeye ba\u015fvurmal\u0131s\u0131n\u0131z. Polise bildirmek zorunda de\u011filsiniz, ancak yeni ehliyetinizi alman\u0131z birka\u00e7 i\u015f g\u00fcn\u00fc s\u00fcrebilir.<\/p><p>Ge\u00e7erli bir ehliyetiniz olmadan ara\u00e7 kullanmaman\u0131z \u00f6nemlidir, zira bu durum polis taraf\u0131ndan durdurulman\u0131z halinde para cezas\u0131na \u00e7arpt\u0131r\u0131lman\u0131za neden olacakt\u0131r.<\/p><ul><li><strong>Ehliyet yan\u0131n\u0131zda de\u011fil:<\/strong> Ehliyetiniz oldu\u011fu halde ara\u00e7 kullan\u0131rken yan\u0131n\u0131zda bulundurmazsan\u0131z 100 \u20ac para cezas\u0131na \u00e7arpt\u0131r\u0131labilirsiniz.<\/li><li><strong>Ehliyet yok:<\/strong> Ge\u00e7erli bir ehliyet olmadan ara\u00e7 kullanmak a\u011f\u0131r para cezalar\u0131na ve hatta tekrarlanan su\u00e7larda hapis cezas\u0131na yol a\u00e7abilir.<\/li><\/ul>\t\t\t\t\t\t\t\t<\/div>\n\t\t\t\t<\/div>\n\t\t\t\t<div class=\"elementor-element elementor-element-442d3a1 elementor-widget elementor-widget-spacer\" data-id=\"442d3a1\" data-element_type=\"widget\" data-e-type=\"widget\" data-widget_type=\"spacer.default\">\n\t\t\t\t<div class=\"elementor-widget-container\">\n\t\t\t\t\t\t\t<div class=\"elementor-spacer\">\n\t\t\t<div class=\"elementor-spacer-inner\"><\/div>\n\t\t<\/div>\n\t\t\t\t\t\t<\/div>\n\t\t\t\t<\/div>\n\t\t\t\t<div class=\"elementor-element elementor-element-b038cac elementor-widget elementor-widget-heading\" data-id=\"b038cac\" data-element_type=\"widget\" data-e-type=\"widget\" data-widget_type=\"heading.default\">\n\t\t\t\t<div class=\"elementor-widget-container\">\n\t\t\t\t\t<h3 class=\"elementor-heading-title elementor-size-default\">Trafik kazalar\u0131<\/h3>\t\t\t\t<\/div>\n\t\t\t\t<\/div>\n\t\t\t\t<div class=\"elementor-element elementor-element-71a5165 color-scheme-inherit text-left elementor-widget elementor-widget-text-editor\" data-id=\"71a5165\" data-element_type=\"widget\" data-e-type=\"widget\" data-widget_type=\"text-editor.default\">\n\t\t\t\t<div class=\"elementor-widget-container\">\n\t\t\t\t\t\t\t\t\t<p>Birini yaralayan veya \u00f6ld\u00fcren bir trafik kazas\u0131 meydana geldi\u011finde, polis su\u00e7lulu\u011fu belirlemek i\u00e7in cezai soru\u015fturma ba\u015flat\u0131r. \u015e\u00fcpheli olarak sorgulanmak \u00fczere \u00e7a\u011fr\u0131l\u0131rsan\u0131z, yasal haklar\u0131n\u0131z\u0131 korumak i\u00e7in uzman bir ceza avukat\u0131n\u0131n uzmanl\u0131\u011f\u0131na ba\u015fvurman\u0131z ak\u0131ll\u0131ca olacakt\u0131r.<\/p><p>Arkadan \u00e7arpma gibi belirli durumlarda, arkan\u0131zdaki s\u00fcr\u00fcc\u00fc yaralanmalardan sorumlu tutulabilir. Omurga incinmesi gibi yaralanmalara maruz kald\u0131ysan\u0131z, genellikle tazminat alma hakk\u0131n\u0131z vard\u0131r.<\/p><p>Bir trafik kazas\u0131 genellikle arabalar, bisikletliler veya y\u00fcr\u00fcyen insanlar aras\u0131nda bir \u00e7arp\u0131\u015fmay\u0131 i\u00e7erir. Bu durum kazaya kar\u0131\u015fan ki\u015filer i\u00e7in \u00e7ok ciddi olabilir. Birisi yaraland\u0131ysa, polisi aramak ak\u0131ll\u0131ca olacakt\u0131r. Daha sonra tam olarak ne oldu\u011funu ve bunu g\u00f6ren insanlar olup olmad\u0131\u011f\u0131n\u0131 ara\u015ft\u0131racaklard\u0131r. Kazay\u0131 d\u00fczg\u00fcn bir \u015fekilde ele almak i\u00e7in, onlara ne oldu\u011funu a\u00e7\u0131k bir \u015fekilde anlatmak \u00f6nemlidir.<\/p>\t\t\t\t\t\t\t\t<\/div>\n\t\t\t\t<\/div>\n\t\t\t\t<div class=\"elementor-element elementor-element-1d2cd80 elementor-widget elementor-widget-heading\" data-id=\"1d2cd80\" data-element_type=\"widget\" data-e-type=\"widget\" data-widget_type=\"heading.default\">\n\t\t\t\t<div class=\"elementor-widget-container\">\n\t\t\t\t\t<h3 class=\"elementor-heading-title elementor-size-default\">Om-hearing ehliyet<\/h3>\t\t\t\t<\/div>\n\t\t\t\t<\/div>\n\t\t\t\t<div class=\"elementor-element elementor-element-a74ba2d elementor-widget elementor-widget-spacer\" data-id=\"a74ba2d\" data-element_type=\"widget\" data-e-type=\"widget\" data-widget_type=\"spacer.default\">\n\t\t\t\t<div class=\"elementor-widget-container\">\n\t\t\t\t\t\t\t<div class=\"elementor-spacer\">\n\t\t\t<div class=\"elementor-spacer-inner\"><\/div>\n\t\t<\/div>\n\t\t\t\t\t\t<\/div>\n\t\t\t\t<\/div>\n\t\t\t\t<div class=\"elementor-element elementor-element-4506c69 color-scheme-inherit text-left elementor-widget elementor-widget-text-editor\" data-id=\"4506c69\" data-element_type=\"widget\" data-e-type=\"widget\" data-widget_type=\"text-editor.default\">\n\t\t\t\t<div class=\"elementor-widget-container\">\n\t\t\t\t\t\t\t\t\t<p>Bir ki\u015fi ciddi bir trafik su\u00e7undan su\u00e7lu bulunursa, araba kullanma hakk\u0131 ge\u00e7ici olarak geri al\u0131nabilir. Bu ayn\u0131 zamanda 'ara\u00e7 kullanmaktan men' olarak da bilinir. Buna sadece bir hakimin karar verebilece\u011fini de\u011fil, ayn\u0131 zamanda bir savc\u0131n\u0131n da hakimin izni olmadan ba\u011f\u0131ms\u0131z olarak bunu yapabilece\u011fini bilmek \u00f6nemlidir. Bu durumda, Cumhuriyet Savc\u0131l\u0131\u011f\u0131 (OM) ile bir toplant\u0131 daveti alacaks\u0131n\u0131z. Bu g\u00f6r\u00fc\u015fmeye kat\u0131lmadan \u00f6nce bir ceza avukat\u0131ndan tavsiye alman\u0131z \u00e7ok \u00f6nemlidir.<\/p><p>Mahkemeye \u00e7\u0131kman\u0131z gerekti\u011fini belirten bir mektup alm\u0131\u015f olsan\u0131z bile, m\u00fcmk\u00fcn olan en k\u0131sa s\u00fcrede bir avukatla ileti\u015fime ge\u00e7meniz ak\u0131ll\u0131ca olacakt\u0131r. Bu \u015fekilde, avukat davan\u0131z\u0131 etkileyebilecek herhangi bir \u00f6zel durum olup olmad\u0131\u011f\u0131n\u0131 ara\u015ft\u0131rabilir.<\/p>\t\t\t\t\t\t\t\t<\/div>\n\t\t\t\t<\/div>\n\t\t\t\t<div class=\"elementor-element elementor-element-e5f5271 elementor-widget elementor-widget-spacer\" data-id=\"e5f5271\" data-element_type=\"widget\" data-e-type=\"widget\" data-widget_type=\"spacer.default\">\n\t\t\t\t<div class=\"elementor-widget-container\">\n\t\t\t\t\t\t\t<div class=\"elementor-spacer\">\n\t\t\t<div class=\"elementor-spacer-inner\"><\/div>\n\t\t<\/div>\n\t\t\t\t\t\t<\/div>\n\t\t\t\t<\/div>\n\t\t\t\t<div class=\"elementor-element elementor-element-2700f94 elementor-widget elementor-widget-heading\" data-id=\"2700f94\" data-element_type=\"widget\" data-e-type=\"widget\" data-widget_type=\"heading.default\">\n\t\t\t\t<div class=\"elementor-widget-container\">\n\t\t\t\t\t<h3 class=\"elementor-heading-title elementor-size-default\">Trafik ceza avukat\u0131<\/h3>\t\t\t\t<\/div>\n\t\t\t\t<\/div>\n\t\t\t\t<div class=\"elementor-element elementor-element-1dd257a color-scheme-inherit text-left elementor-widget elementor-widget-text-editor\" data-id=\"1dd257a\" data-element_type=\"widget\" data-e-type=\"widget\" data-widget_type=\"text-editor.default\">\n\t\t\t\t<div class=\"elementor-widget-container\">\n\t\t\t\t\t\t\t\t\t<p>Bu nedenle, davan\u0131z\u0131 savunman\u0131zda size yard\u0131mc\u0131 olabilecek ve sonraki ad\u0131mlar\u0131 belirleyebilecek bir avukata sunman\u0131z \u00f6nerilir. \u0130ster ki\u015fisel yaralanmaya maruz kalm\u0131\u015f olun ister ba\u015fka hukuki sorunlar ya\u015f\u0131yor olun, uzman tavsiyesi ve yard\u0131m\u0131 almak i\u00e7in ileti\u015fime ge\u00e7mekten \u00e7ekinmeyin.<\/p><p>Bizim <a href=\"https:\/\/www.derbedrosian.nl\/tr\/avukatlar\/\">uzman avukatlar<\/a> Der Bedrosian hukuk b\u00fcrosu ceza hukuku alan\u0131nda uzun y\u0131llara dayanan deneyime sahiptir ve bilgilerini sizin i\u00e7in en iyi sonucu elde etmek i\u00e7in kullanacakt\u0131r.m Bizimle ileti\u015fime ge\u00e7mekten \u00e7ekinmedi\u011finizde, avukatlar\u0131m\u0131z ehliyetinizi geri almak i\u00e7in gerekli ad\u0131mlar\u0131 atacakt\u0131r.<\/p>\t\t\t\t\t\t\t\t<\/div>\n\t\t\t\t<\/div>\n\t\t\t\t\t<\/div>\n\t\t\t\t<\/div>\n\t\t\t\t<\/div>","protected":false},"excerpt":{"rendered":"<p>avukat trafik ceza hukuku ehliyete el konulmas\u0131 ehliyetin geri al\u0131nmas\u0131 alkoll\u00fc ara\u00e7 kullanma ehliyetin geri al\u0131nmas\u0131 trafik kazalar\u0131 yaralanma avukat ceza hukuku overijssel avukat ceza hukuku<\/p>","protected":false},"author":1,"featured_media":0,"parent":10047,"menu_order":0,"comment_status":"closed","ping_status":"closed","template":"","meta":{"footnotes":""},"class_list":["post-10862","page","type-page","status-publish","hentry"],"_links":{"self":[{"href":"https:\/\/www.derbedrosian.nl\/tr\/wp-json\/wp\/v2\/pages\/10862","targetHints":{"allow":["GET"]}}],"collection":[{"href":"https:\/\/www.derbedrosian.nl\/tr\/wp-json\/wp\/v2\/pages"}],"about":[{"href":"https:\/\/www.derbedrosian.nl\/tr\/wp-json\/wp\/v2\/types\/page"}],"author":[{"embeddable":true,"href":"https:\/\/www.derbedrosian.nl\/tr\/wp-json\/wp\/v2\/users\/1"}],"replies":[{"embeddable":true,"href":"https:\/\/www.derbedrosian.nl\/tr\/wp-json\/wp\/v2\/comments?post=10862"}],"version-history":[{"count":0,"href":"https:\/\/www.derbedrosian.nl\/tr\/wp-json\/wp\/v2\/pages\/10862\/revisions"}],"up":[{"embeddable":true,"href":"https:\/\/www.derbedrosian.nl\/tr\/wp-json\/wp\/v2\/pages\/10047"}],"wp:attachment":[{"href":"https:\/\/www.derbedrosian.nl\/tr\/wp-json\/wp\/v2\/media?parent=10862"}],"curies":[{"name":"wp","href":"https:\/\/api.w.org\/{rel}","templated":true}]}}