{"id":10852,"date":"2023-05-29T10:08:09","date_gmt":"2023-05-29T08:08:09","guid":{"rendered":"https:\/\/derbedrosian.nl\/?page_id=10852"},"modified":"2025-12-21T15:43:16","modified_gmt":"2025-12-21T13:43:16","slug":"cinayet-ve-adam-oldurme","status":"publish","type":"page","link":"https:\/\/www.derbedrosian.nl\/tr\/rechtsgebieden\/strafrecht\/moord-en-doodslag\/","title":{"rendered":"Cinayet ve adam \u00f6ld\u00fcrme"},"content":{"rendered":"<div data-elementor-type=\"wp-page\" data-elementor-id=\"10852\" class=\"elementor elementor-10852\" data-elementor-post-type=\"page\">\n\t\t\t\t<div class=\"wd-negative-gap elementor-element elementor-element-c53b85e e-flex e-con-boxed e-con e-parent\" data-id=\"c53b85e\" data-element_type=\"container\" data-e-type=\"container\">\n\t\t\t\t\t<div class=\"e-con-inner\">\n\t\t\t\t<div class=\"elementor-element elementor-element-47bada5 elementor-hidden-desktop elementor-hidden-tablet elementor-hidden-mobile elementor-widget elementor-widget-wd_image_or_svg\" data-id=\"47bada5\" data-element_type=\"widget\" data-e-type=\"widget\" id=\"seo-word\" data-widget_type=\"wd_image_or_svg.default\">\n\t\t\t\t<div class=\"elementor-widget-container\">\n\t\t\t\t\t\n\t\t<div class=\"wd-image text-left\">\n\t\t\t\t\t\t\t\t<img loading=\"lazy\" decoding=\"async\" width=\"1000\" height=\"667\" src=\"https:\/\/www.derbedrosian.nl\/wp-content\/uploads\/rechtsgebied-moord.jpg\" class=\"attachment-full size-full\" alt=\"Cinayet ve adam \u00f6ld\u00fcrme avukat cezaland\u0131r\u0131labilir polis cinayet zanl\u0131s\u0131 adam \u00f6ld\u00fcrme ve cinayet aras\u0131ndaki fark\" srcset=\"https:\/\/www.derbedrosian.nl\/wp-content\/uploads\/rechtsgebied-moord.jpg 1000w, https:\/\/www.derbedrosian.nl\/wp-content\/uploads\/rechtsgebied-moord-400x267.jpg 400w, https:\/\/www.derbedrosian.nl\/wp-content\/uploads\/rechtsgebied-moord-768x512.jpg 768w\" sizes=\"auto, (max-width: 1000px) 100vw, 1000px\" title=\"\">\t\t\t\t\t<\/div>\n\n\t\t\t\t\t\t<\/div>\n\t\t\t\t<\/div>\n\t\t\t\t<div class=\"elementor-element elementor-element-5dc92e6 elementor-hidden-desktop elementor-hidden-tablet elementor-hidden-mobile elementor-widget elementor-widget-heading\" data-id=\"5dc92e6\" data-element_type=\"widget\" data-e-type=\"widget\" id=\"seo-word\" data-widget_type=\"heading.default\">\n\t\t\t\t<div class=\"elementor-widget-container\">\n\t\t\t\t\t<h2 class=\"elementor-heading-title elementor-size-default\">Cinayet cezaland\u0131r\u0131labilir<\/h2>\t\t\t\t<\/div>\n\t\t\t\t<\/div>\n\t\t\t\t<div class=\"elementor-element elementor-element-fad19da elementor-hidden-desktop elementor-hidden-tablet elementor-hidden-mobile elementor-widget elementor-widget-heading\" data-id=\"fad19da\" data-element_type=\"widget\" data-e-type=\"widget\" id=\"seo-word\" data-widget_type=\"heading.default\">\n\t\t\t\t<div class=\"elementor-widget-container\">\n\t\t\t\t\t<h5 class=\"elementor-heading-title elementor-size-default\">adam \u00f6ld\u00fcrme ve cinayet<\/h5>\t\t\t\t<\/div>\n\t\t\t\t<\/div>\n\t\t\t\t<div class=\"elementor-element elementor-element-79d75e7 elementor-hidden-desktop elementor-hidden-tablet elementor-hidden-mobile elementor-widget elementor-widget-heading\" data-id=\"79d75e7\" data-element_type=\"widget\" data-e-type=\"widget\" id=\"seo-word\" data-widget_type=\"heading.default\">\n\t\t\t\t<div class=\"elementor-widget-container\">\n\t\t\t\t\t<h5 class=\"elementor-heading-title elementor-size-default\">Cinayet ve adam \u00f6ld\u00fcrme aras\u0131ndaki fark<\/h5>\t\t\t\t<\/div>\n\t\t\t\t<\/div>\n\t\t\t\t<div class=\"elementor-element elementor-element-a0a7e2c elementor-hidden-desktop elementor-hidden-tablet elementor-hidden-mobile elementor-widget elementor-widget-heading\" data-id=\"a0a7e2c\" data-element_type=\"widget\" data-e-type=\"widget\" id=\"seo-word\" data-widget_type=\"heading.default\">\n\t\t\t\t<div class=\"elementor-widget-container\">\n\t\t\t\t\t<h5 class=\"elementor-heading-title elementor-size-default\">avukat ci\u0307nayeti\u0307<\/h5>\t\t\t\t<\/div>\n\t\t\t\t<\/div>\n\t\t\t\t<div class=\"elementor-element elementor-element-e2f73cc elementor-hidden-desktop elementor-hidden-tablet elementor-hidden-mobile elementor-widget elementor-widget-heading\" data-id=\"e2f73cc\" data-element_type=\"widget\" data-e-type=\"widget\" id=\"seo-word\" data-widget_type=\"heading.default\">\n\t\t\t\t<div class=\"elementor-widget-container\">\n\t\t\t\t\t<h5 class=\"elementor-heading-title elementor-size-default\">cinayet zanl\u0131s\u0131<\/h5>\t\t\t\t<\/div>\n\t\t\t\t<\/div>\n\t\t\t\t<div class=\"elementor-element elementor-element-befe722 elementor-hidden-desktop elementor-hidden-tablet elementor-hidden-mobile elementor-widget elementor-widget-heading\" data-id=\"befe722\" data-element_type=\"widget\" data-e-type=\"widget\" id=\"seo-word\" data-widget_type=\"heading.default\">\n\t\t\t\t<div class=\"elementor-widget-container\">\n\t\t\t\t\t<h5 class=\"elementor-heading-title elementor-size-default\">kanuni\u0307 cezayi artiran yasa tasarisi azami\u0307 adam \u00f6ld\u00fcrme raporu kanuni\u0307 cezayi artiran yasa tasarisi azami\u0307 daha fazla rapor kanuni\u0307 cezayi artiran yasa tasarisi ne anlama geli\u0307yor<\/h5>\t\t\t\t<\/div>\n\t\t\t\t<\/div>\n\t\t\t\t<div class=\"elementor-element elementor-element-c148f61 elementor-hidden-desktop elementor-hidden-tablet elementor-hidden-mobile elementor-widget elementor-widget-heading\" data-id=\"c148f61\" data-element_type=\"widget\" data-e-type=\"widget\" id=\"seo-word\" data-widget_type=\"heading.default\">\n\t\t\t\t<div class=\"elementor-widget-container\">\n\t\t\t\t\t<h5 class=\"elementor-heading-title elementor-size-default\">ceza avukati enschede<\/h5>\t\t\t\t<\/div>\n\t\t\t\t<\/div>\n\t\t\t\t<div class=\"elementor-element elementor-element-4cce5b0 elementor-hidden-desktop elementor-hidden-tablet elementor-hidden-mobile elementor-widget elementor-widget-heading\" data-id=\"4cce5b0\" data-element_type=\"widget\" data-e-type=\"widget\" id=\"seo-word\" data-widget_type=\"heading.default\">\n\t\t\t\t<div class=\"elementor-widget-container\">\n\t\t\t\t\t<h5 class=\"elementor-heading-title elementor-size-default\">ceza hukuku enschede<\/h5>\t\t\t\t<\/div>\n\t\t\t\t<\/div>\n\t\t\t\t<div class=\"elementor-element elementor-element-815d3d9 elementor-hidden-desktop elementor-hidden-tablet elementor-hidden-mobile elementor-widget elementor-widget-heading\" data-id=\"815d3d9\" data-element_type=\"widget\" data-e-type=\"widget\" id=\"seo-word\" data-widget_type=\"heading.default\">\n\t\t\t\t<div class=\"elementor-widget-container\">\n\t\t\t\t\t<h5 class=\"elementor-heading-title elementor-size-default\">avukat ceza hukuku enschede<\/h5>\t\t\t\t<\/div>\n\t\t\t\t<\/div>\n\t\t\t\t<div class=\"elementor-element elementor-element-0b12c14 elementor-hidden-desktop elementor-hidden-tablet elementor-hidden-mobile elementor-widget elementor-widget-heading\" data-id=\"0b12c14\" data-element_type=\"widget\" data-e-type=\"widget\" id=\"seo-word\" data-widget_type=\"heading.default\">\n\t\t\t\t<div class=\"elementor-widget-container\">\n\t\t\t\t\t<h5 class=\"elementor-heading-title elementor-size-default\">avukat ceza hukuku overijssel<\/h5>\t\t\t\t<\/div>\n\t\t\t\t<\/div>\n\t\t\t\t<div class=\"elementor-element elementor-element-7a9574f elementor-hidden-desktop elementor-hidden-tablet elementor-hidden-mobile elementor-widget elementor-widget-heading\" data-id=\"7a9574f\" data-element_type=\"widget\" data-e-type=\"widget\" id=\"seo-word\" data-widget_type=\"heading.default\">\n\t\t\t\t<div class=\"elementor-widget-container\">\n\t\t\t\t\t<h5 class=\"elementor-heading-title elementor-size-default\">Enschede ve Overijssel'de, Derbedrosian Criminal Lawyers'\u0131n deneyimli ceza avukatlar\u0131n\u0131 bulun. Enschede'deki avukatlar\u0131m\u0131z, cinayet ve adam \u00f6ld\u00fcrme gibi ciddi davalar da dahil olmak \u00fczere ceza davalar\u0131nda derinlemesine uzmanl\u0131\u011fa sahiptir.\n\nCinayet, a\u011f\u0131r cezalar gerektiren ciddi bir su\u00e7tur. Cinayet ve adam \u00f6ld\u00fcrme aras\u0131ndaki fark, su\u00e7un niteli\u011fi ve niyetinde yatmaktad\u0131r. Cinayet genellikle \u00f6nceden tasarlama anlam\u0131na gelirken, adam \u00f6ld\u00fcrme \u00f6nceden tasarlamadan birini \u00f6ld\u00fcrmeyi i\u00e7erir.\n\nCinayetten \u015f\u00fcpheleniliyorsa, \u00e7ok ciddi bir hukuki durumla kar\u015f\u0131 kar\u015f\u0131yas\u0131n\u0131z demektir. Uzman ceza avukatlar\u0131ndan derhal hukuki yard\u0131m alman\u0131z \u00e7ok \u00f6nemlidir.\n\nEnschede'deki avukatlar\u0131m\u0131z bu konunun ciddiyetinin fark\u0131ndad\u0131r ve cinayetten \u015f\u00fcphelendi\u011finiz ceza davalar\u0131nda size tavsiyelerde bulunmaya ve menfaatlerinizi temsil etmeye haz\u0131rd\u0131r. Kendinizi b\u00f6yle bir durumda bulursan\u0131z, profesyonel hukuki yard\u0131m i\u00e7in Derbedrosian Criminal Lawyers ile ileti\u015fime ge\u00e7mekten \u00e7ekinmeyin.<\/h5>\t\t\t\t<\/div>\n\t\t\t\t<\/div>\n\t\t\t\t<div class=\"elementor-element elementor-element-0795692 color-scheme-inherit text-left elementor-widget elementor-widget-text-editor\" data-id=\"0795692\" data-element_type=\"widget\" data-e-type=\"widget\" data-widget_type=\"text-editor.default\">\n\t\t\t\t<div class=\"elementor-widget-container\">\n\t\t\t\t\t\t\t\t\t<p><strong>Cinayet ve adam \u00f6ld\u00fcrme su\u00e7lar\u0131 en ciddi su\u00e7lardan ikisini olu\u015fturmaktad\u0131r. <a href=\"https:\/\/www.derbedrosian.nl\/tr\/yetki%cc%87-alanlari\/ceza-hukuku\/suclar\/\">Su\u00e7lar <\/a>Hollanda ceza hukuku \u00e7er\u00e7evesinde. Bu su\u00e7lar, birini ya\u015famdan mahrum b\u0131rakan kas\u0131tl\u0131 eylemlerle ilgilidir. Eylemlerin kas\u0131tl\u0131 niteli\u011fi gibi baz\u0131 benzerlikleri payla\u015fsalar da, her bir davan\u0131n cezas\u0131n\u0131 ve yasal muamelesini belirleyen \u00f6nemli yasal farkl\u0131l\u0131klar vard\u0131r.<\/strong><\/p>\t\t\t\t\t\t\t\t<\/div>\n\t\t\t\t<\/div>\n\t\t\t\t<div class=\"elementor-element elementor-element-bcbe6be elementor-widget elementor-widget-spacer\" data-id=\"bcbe6be\" data-element_type=\"widget\" data-e-type=\"widget\" data-widget_type=\"spacer.default\">\n\t\t\t\t<div class=\"elementor-widget-container\">\n\t\t\t\t\t\t\t<div class=\"elementor-spacer\">\n\t\t\t<div class=\"elementor-spacer-inner\"><\/div>\n\t\t<\/div>\n\t\t\t\t\t\t<\/div>\n\t\t\t\t<\/div>\n\t\t\t\t<div class=\"elementor-element elementor-element-88b5f13 elementor-widget elementor-widget-heading\" data-id=\"88b5f13\" data-element_type=\"widget\" data-e-type=\"widget\" data-widget_type=\"heading.default\">\n\t\t\t\t<div class=\"elementor-widget-container\">\n\t\t\t\t\t<h3 class=\"elementor-heading-title elementor-size-default\">Cinayet ve adam \u00f6ld\u00fcrme ile ne kastedilmektedir?<\/h3>\t\t\t\t<\/div>\n\t\t\t\t<\/div>\n\t\t\t\t<div class=\"elementor-element elementor-element-c20a272 color-scheme-inherit text-left elementor-widget elementor-widget-text-editor\" data-id=\"c20a272\" data-element_type=\"widget\" data-e-type=\"widget\" data-widget_type=\"text-editor.default\">\n\t\t\t\t<div class=\"elementor-widget-container\">\n\t\t\t\t\t\t\t\t\t<p>Cinayet ve adam \u00f6ld\u00fcrme, bir ki\u015finin kas\u0131tl\u0131 veya kas\u0131ts\u0131z olarak ba\u015fka bir ki\u015finin hayat\u0131na son verdi\u011fi kas\u0131tl\u0131 eylemlerdir. A\u011f\u0131r yasal sonu\u00e7lar\u0131 olan ciddi bir su\u00e7tur.<\/p>\t\t\t\t\t\t\t\t<\/div>\n\t\t\t\t<\/div>\n\t\t\t\t<div class=\"elementor-element elementor-element-6b1a5c0 elementor-widget elementor-widget-spacer\" data-id=\"6b1a5c0\" data-element_type=\"widget\" data-e-type=\"widget\" data-widget_type=\"spacer.default\">\n\t\t\t\t<div class=\"elementor-widget-container\">\n\t\t\t\t\t\t\t<div class=\"elementor-spacer\">\n\t\t\t<div class=\"elementor-spacer-inner\"><\/div>\n\t\t<\/div>\n\t\t\t\t\t\t<\/div>\n\t\t\t\t<\/div>\n\t\t\t\t<div class=\"elementor-element elementor-element-3bf495c elementor-widget elementor-widget-heading\" data-id=\"3bf495c\" data-element_type=\"widget\" data-e-type=\"widget\" data-widget_type=\"heading.default\">\n\t\t\t\t<div class=\"elementor-widget-container\">\n\t\t\t\t\t<h3 class=\"elementor-heading-title elementor-size-default\">Cinayet ve kas\u0131ts\u0131z adam \u00f6ld\u00fcrme aras\u0131ndaki fark nedir?<\/h3>\t\t\t\t<\/div>\n\t\t\t\t<\/div>\n\t\t\t\t<div class=\"elementor-element elementor-element-09ca8d4 color-scheme-inherit text-left elementor-widget elementor-widget-text-editor\" data-id=\"09ca8d4\" data-element_type=\"widget\" data-e-type=\"widget\" data-widget_type=\"text-editor.default\">\n\t\t\t\t<div class=\"elementor-widget-container\">\n\t\t\t\t\t\t\t\t\t<p>Cinayet ve adam \u00f6ld\u00fcrme ilk bak\u0131\u015fta \u00e7ok benzer g\u00f6r\u00fcnse de aralar\u0131nda belirgin farklar vard\u0131r. A\u015fa\u011f\u0131da benzerlik ve farkl\u0131l\u0131klar\u0131 listeledik:<\/p><p><strong>Farkl\u0131l\u0131klar:<\/strong><\/p><ul><li><strong>\u00d6nceden planlanm\u0131\u015f:<\/strong>\u00a0Cinayet \"\u00f6nceden tasarlama\" gerektirir; bu da failin eylemi \u00f6nceden d\u00fc\u015f\u00fcnd\u00fc\u011f\u00fc ve planlad\u0131\u011f\u0131 anlam\u0131na gelir. \u00d6te yandan, adam \u00f6ld\u00fcrme su\u00e7unda bu \u00f6nceden planlama ve kas\u0131t yoktur.<\/li><li><strong>D\u00fcrt\u00fcsel yap\u0131:<\/strong>\u00a0cinayet d\u00fcrt\u00fcseldir ve \u00f6nceden planlanmadan meydana gelirken, cinayet \u00f6nceden d\u00fc\u015f\u00fcn\u00fclerek bilin\u00e7li bir \u00f6ld\u00fcrme niyeti ile karakterize edilir.<\/li><li><strong>Yasal s\u0131n\u0131fland\u0131rma:<\/strong>\u00a0Cinayet Ceza Kanunu'nun 289. Maddesinde, adam \u00f6ld\u00fcrme ise ayn\u0131 kanunun 287. Maddesinde tan\u0131mlanm\u0131\u015ft\u0131r.<\/li><li><strong>Ceza:<\/strong>\u00a0Genel olarak cinayet, kas\u0131t unsurunun fiilin ciddiyetini art\u0131rmas\u0131 nedeniyle adam \u00f6ld\u00fcrmeye g\u00f6re daha a\u011f\u0131r cezalarla sonu\u00e7lanmaktad\u0131r.<\/li><li><strong>Olas\u0131 s\u0131n\u0131fland\u0131rma:<\/strong>\u00a0Baz\u0131 durumlarda, bir vaka ba\u015flang\u0131\u00e7ta kas\u0131ts\u0131z adam \u00f6ld\u00fcrme olarak de\u011ferlendirilebilir, ancak daha sonra kas\u0131t oldu\u011funa dair kan\u0131tlar bulunursa cinayet olarak yeniden s\u0131n\u0131fland\u0131r\u0131labilir.<\/li><\/ul><p><strong>Anla\u015fmalar:\u00a0<\/strong><\/p><ul><li><strong>Kas\u0131tl\u0131 eylemler:<\/strong>\u00a0Hem cinayet hem de adam \u00f6ld\u00fcrme, bir ki\u015finin hayat\u0131ndan mahrum b\u0131rak\u0131ld\u0131\u011f\u0131 kas\u0131tl\u0131 eylemler anlam\u0131na gelir.<br \/>Yasal sonu\u00e7lar: Her iki su\u00e7un da fail i\u00e7in ciddi yasal sonu\u00e7lar\u0131 vard\u0131r ve davan\u0131n \u00f6zel ko\u015fullar\u0131na ba\u011fl\u0131 olarak olas\u0131 hapis cezalar\u0131 ve di\u011fer cezalar s\u00f6z konusudur.<\/li><li><strong>Ahlaki olarak k\u0131nanabilir:<\/strong> Her iki eylem de ya\u015fam hakk\u0131n\u0131 ihlal etti\u011fi ve bireylere ve bir b\u00fct\u00fcn olarak topluma ciddi zararlar verdi\u011fi i\u00e7in ahlaki a\u00e7\u0131dan ciddi \u015fekilde k\u0131nanmaktad\u0131r.<\/li><li><strong>Ara\u015ft\u0131rma:<\/strong> Hem cinayet hem de adam \u00f6ld\u00fcrme, eylemin ko\u015fullar\u0131n\u0131 belirlemek, kan\u0131t toplamak ve failin sorumlulu\u011funu belirlemek i\u00e7in soru\u015fturmalara yol a\u00e7ar.<\/li><\/ul><p>Kesin yasal sonu\u00e7lar\u0131n bir vakan\u0131n \u00f6zel ko\u015fullar\u0131na ba\u011fl\u0131 olarak de\u011fi\u015febilece\u011fini unutmay\u0131n.<\/p>\t\t\t\t\t\t\t\t<\/div>\n\t\t\t\t<\/div>\n\t\t\t\t<div class=\"elementor-element elementor-element-9c960ff elementor-widget elementor-widget-spacer\" data-id=\"9c960ff\" data-element_type=\"widget\" data-e-type=\"widget\" data-widget_type=\"spacer.default\">\n\t\t\t\t<div class=\"elementor-widget-container\">\n\t\t\t\t\t\t\t<div class=\"elementor-spacer\">\n\t\t\t<div class=\"elementor-spacer-inner\"><\/div>\n\t\t<\/div>\n\t\t\t\t\t\t<\/div>\n\t\t\t\t<\/div>\n\t\t\t\t<div class=\"elementor-element elementor-element-04535e7 elementor-widget elementor-widget-heading\" data-id=\"04535e7\" data-element_type=\"widget\" data-e-type=\"widget\" data-widget_type=\"heading.default\">\n\t\t\t\t<div class=\"elementor-widget-container\">\n\t\t\t\t\t<h3 class=\"elementor-heading-title elementor-size-default\">Cinayet ve adam \u00f6ld\u00fcrmenin cezas\u0131<\/h3>\t\t\t\t<\/div>\n\t\t\t\t<\/div>\n\t\t\t\t<div class=\"elementor-element elementor-element-028687f color-scheme-inherit text-left elementor-widget elementor-widget-text-editor\" data-id=\"028687f\" data-element_type=\"widget\" data-e-type=\"widget\" data-widget_type=\"text-editor.default\">\n\t\t\t\t<div class=\"elementor-widget-container\">\n\t\t\t\t\t\t\t\t\t<p>Cinayet ve adam \u00f6ld\u00fcrme, ceza hukukunun en ciddi su\u00e7lar\u0131 aras\u0131nda yer al\u0131r ve ciddi cezalar gerektirir.<\/p>\n<ul>\n<li><strong>En y\u00fcksek maksimum ceza:<\/strong>&nbsp;cinayet i\u00e7in verilebilecek en y\u00fcksek ceza \u00f6m\u00fcr boyu hapis cezas\u0131d\u0131r. Bu, su\u00e7lunun \u015fartl\u0131 tahliye imkan\u0131 olmaks\u0131z\u0131n hayat\u0131n\u0131n geri kalan\u0131 boyunca cezaevinde tutulabilece\u011fi anlam\u0131na gelir.<\/li>\n<li><strong>Ge\u00e7ici hapis cezalar\u0131:<\/strong>&nbsp;M\u00fcebbet hapis cezas\u0131n\u0131n yan\u0131 s\u0131ra, hakimler cinayet i\u00e7in ge\u00e7ici hapis cezalar\u0131 da verebilirler. Bu ge\u00e7ici cezalar de\u011fi\u015fiklik g\u00f6stermekle birlikte, davan\u0131n ko\u015fullar\u0131na ve hakimin de\u011ferlendirmesine ba\u011fl\u0131 olarak 30 y\u0131la kadar \u00e7\u0131kabilmektedir.<\/li>\n<li><strong>Yasal hususlar:<\/strong>&nbsp;Cinayet i\u00e7in hangi cezan\u0131n verilece\u011fi sorusu karma\u015f\u0131kt\u0131r ve \u00e7e\u015fitli fakt\u00f6rlere ba\u011fl\u0131d\u0131r. Savc\u0131l\u0131k, su\u00e7un ciddiyeti nedeniyle genellikle ko\u015fulsuz hapis cezas\u0131 talep edecektir. Bununla birlikte, hakimin nihai cezay\u0131 belirlerken ilgili t\u00fcm ko\u015fullar\u0131 g\u00f6z \u00f6n\u00fcnde bulundurma g\u00f6revi vard\u0131r.<\/li>\n<li><strong>Davan\u0131n ko\u015fullar\u0131:<\/strong>&nbsp;Her cinayet davas\u0131n\u0131n ko\u015fullar\u0131 \u00f6nemli \u00f6l\u00e7\u00fcde farkl\u0131l\u0131k g\u00f6sterebilir. Hakimler, su\u00e7un ciddiyeti, su\u00e7lunun saikleri, varsa su\u00e7lunun sab\u0131ka kayd\u0131 ve ma\u011fdur ve ailesi \u00fczerindeki etkisi gibi fakt\u00f6rleri g\u00f6z \u00f6n\u00fcnde bulundurmal\u0131d\u0131r. Bu da cezan\u0131n davadan davaya de\u011fi\u015febilece\u011fi anlam\u0131na gelmektedir.<\/li>\n<\/ul>\n<p>Sonu\u00e7 olarak, cinayet, \u00f6zel ko\u015fullara ve hakimin de\u011ferlendirmesine ba\u011fl\u0131 olarak \u00f6m\u00fcr boyu hapis cezas\u0131na veya uzun s\u00fcreli ge\u00e7ici hapis cezas\u0131na yol a\u00e7abilecek \u00e7ok ciddi bir su\u00e7tur.<\/p>\t\t\t\t\t\t\t\t<\/div>\n\t\t\t\t<\/div>\n\t\t\t\t<div class=\"elementor-element elementor-element-4faa75b elementor-widget elementor-widget-spacer\" data-id=\"4faa75b\" data-element_type=\"widget\" data-e-type=\"widget\" data-widget_type=\"spacer.default\">\n\t\t\t\t<div class=\"elementor-widget-container\">\n\t\t\t\t\t\t\t<div class=\"elementor-spacer\">\n\t\t\t<div class=\"elementor-spacer-inner\"><\/div>\n\t\t<\/div>\n\t\t\t\t\t\t<\/div>\n\t\t\t\t<\/div>\n\t\t\t\t<div class=\"elementor-element elementor-element-a623a4a elementor-widget elementor-widget-heading\" data-id=\"a623a4a\" data-element_type=\"widget\" data-e-type=\"widget\" data-widget_type=\"heading.default\">\n\t\t\t\t<div class=\"elementor-widget-container\">\n\t\t\t\t\t<h3 class=\"elementor-heading-title elementor-size-default\">Nitelikli adam \u00f6ld\u00fcrme <\/h3>\t\t\t\t<\/div>\n\t\t\t\t<\/div>\n\t\t\t\t<div class=\"elementor-element elementor-element-340e0f8 color-scheme-inherit text-left elementor-widget elementor-widget-text-editor\" data-id=\"340e0f8\" data-element_type=\"widget\" data-e-type=\"widget\" data-widget_type=\"text-editor.default\">\n\t\t\t\t<div class=\"elementor-widget-container\">\n\t\t\t\t\t\t\t\t\t<p>Nitelikli adam \u00f6ld\u00fcrme, Hollanda'da Ceza Kanunu'nun 288. maddesinde tan\u0131mlanan yasal bir su\u00e7tur. Adi adam \u00f6ld\u00fcrmeden fark\u0131, ba\u015fka bir su\u00e7un icras\u0131 ile ba\u011flant\u0131l\u0131 olarak ger\u00e7ekle\u015fmesidir. Fail, ba\u015fka bir su\u00e7un i\u015flenmesinden \u00f6nce, i\u015flenmesi s\u0131ras\u0131nda ya da i\u015flendikten sonra, bu su\u00e7un i\u015flenmesini kolayla\u015ft\u0131rmak, buna haz\u0131rlanmak ya da bu su\u00e7un i\u015flenme olas\u0131l\u0131\u011f\u0131n\u0131 en aza indirmek i\u00e7in bir ki\u015fiyi kasten hayat\u0131ndan mahrum b\u0131rakt\u0131\u011f\u0131nda nitelikli adam \u00f6ld\u00fcrmeden s\u00f6z edilir.<\/p><p>Hollanda'da nitelikli adam \u00f6ld\u00fcrme, adi adam \u00f6ld\u00fcrmeye g\u00f6re daha a\u011f\u0131r bir \u015fekilde cezaland\u0131r\u0131lmaktad\u0131r. Bu ceza 30 y\u0131l hapis cezas\u0131d\u0131r. Bu daha a\u011f\u0131r ceza <span style=\"color: var(--wd-text-color); font-size: 17.6px; letter-spacing: var( --e-global-typography-text-letter-spacing ); text-transform: var( --e-global-typography-text-text-transform ); word-spacing: var( --e-global-typography-text-word-spacing );\">\u00a0su\u00e7un ciddiyetini ve toplum i\u00e7in olu\u015fturdu\u011fu tehlikeyi iyi bir \u015fekilde g\u00f6stermektedir. Ceza adaleti sistemi hem su\u00e7luyu cezaland\u0131rmay\u0131 hem de toplumu bu t\u00fcr ciddi su\u00e7lardan korumay\u0131 ama\u00e7lamaktad\u0131r.<\/span><\/p>\t\t\t\t\t\t\t\t<\/div>\n\t\t\t\t<\/div>\n\t\t\t\t<div class=\"elementor-element elementor-element-ae2dd1e elementor-widget elementor-widget-spacer\" data-id=\"ae2dd1e\" data-element_type=\"widget\" data-e-type=\"widget\" data-widget_type=\"spacer.default\">\n\t\t\t\t<div class=\"elementor-widget-container\">\n\t\t\t\t\t\t\t<div class=\"elementor-spacer\">\n\t\t\t<div class=\"elementor-spacer-inner\"><\/div>\n\t\t<\/div>\n\t\t\t\t\t\t<\/div>\n\t\t\t\t<\/div>\n\t\t\t\t<div class=\"elementor-element elementor-element-a640262 elementor-widget elementor-widget-heading\" data-id=\"a640262\" data-element_type=\"widget\" data-e-type=\"widget\" data-widget_type=\"heading.default\">\n\t\t\t\t<div class=\"elementor-widget-container\">\n\t\t\t\t\t<h3 class=\"elementor-heading-title elementor-size-default\">Cinayet ve adam \u00f6ld\u00fcrme avukat\u0131<\/h3>\t\t\t\t<\/div>\n\t\t\t\t<\/div>\n\t\t\t\t<div class=\"elementor-element elementor-element-4725b5d color-scheme-inherit text-left elementor-widget elementor-widget-text-editor\" data-id=\"4725b5d\" data-element_type=\"widget\" data-e-type=\"widget\" data-widget_type=\"text-editor.default\">\n\t\t\t\t<div class=\"elementor-widget-container\">\n\t\t\t\t\t\t\t\t\t<p>\u015e\u00fcpheli olman\u0131z su\u00e7lu oldu\u011funuz anlam\u0131na gelmez. Hollanda hukuk sisteminde \"su\u00e7lulu\u011fu kan\u0131tlanana kadar masumdur\" ilkesi ge\u00e7erlidir. Cinayet veya adam \u00f6ld\u00fcrme \u015f\u00fcpheniz varsa, haklar\u0131n\u0131z\u0131 korumak ve davan\u0131z\u0131 uygun \u015fekilde ele almak i\u00e7in baz\u0131 \u00f6nemli ad\u0131mlar atman\u0131z \u00e7ok \u00f6nemlidir.<\/p><p>A\u015fa\u011f\u0131dakilerden birini kullanarak <a href=\"https:\/\/www.derbedrosian.nl\/tr\/avukatlar\/\">uzman avukatlarimiz<\/a> ileti\u015fime ge\u00e7erek, adil bir \u015fekilde yarg\u0131lanma ve su\u00e7suzlu\u011funuzu kan\u0131tlama \u015fans\u0131n\u0131z\u0131 art\u0131rabilirsiniz. Daha fazla hukuki yard\u0131m almak i\u00e7in bizimle ileti\u015fime ge\u00e7mekten \u00e7ekinmeyin.<\/p>\t\t\t\t\t\t\t\t<\/div>\n\t\t\t\t<\/div>\n\t\t\t\t\t<\/div>\n\t\t\t\t<\/div>\n\t\t\t\t<\/div>","protected":false},"excerpt":{"rendered":"<p>Cinayet cezaland\u0131r\u0131labilir adam \u00f6ld\u00fcrme ve cinayet Fark cinayet ve adam \u00f6ld\u00fcrme avukat cinayet zanl\u0131s\u0131 cinayet tasar\u0131s\u0131 kanuni ceza s\u0131n\u0131r\u0131 art\u0131r\u0131m\u0131 adam \u00f6ld\u00fcrme raporu<\/p>","protected":false},"author":1,"featured_media":0,"parent":10047,"menu_order":4,"comment_status":"closed","ping_status":"closed","template":"","meta":{"footnotes":""},"class_list":["post-10852","page","type-page","status-publish","hentry"],"_links":{"self":[{"href":"https:\/\/www.derbedrosian.nl\/tr\/wp-json\/wp\/v2\/pages\/10852","targetHints":{"allow":["GET"]}}],"collection":[{"href":"https:\/\/www.derbedrosian.nl\/tr\/wp-json\/wp\/v2\/pages"}],"about":[{"href":"https:\/\/www.derbedrosian.nl\/tr\/wp-json\/wp\/v2\/types\/page"}],"author":[{"embeddable":true,"href":"https:\/\/www.derbedrosian.nl\/tr\/wp-json\/wp\/v2\/users\/1"}],"replies":[{"embeddable":true,"href":"https:\/\/www.derbedrosian.nl\/tr\/wp-json\/wp\/v2\/comments?post=10852"}],"version-history":[{"count":0,"href":"https:\/\/www.derbedrosian.nl\/tr\/wp-json\/wp\/v2\/pages\/10852\/revisions"}],"up":[{"embeddable":true,"href":"https:\/\/www.derbedrosian.nl\/tr\/wp-json\/wp\/v2\/pages\/10047"}],"wp:attachment":[{"href":"https:\/\/www.derbedrosian.nl\/tr\/wp-json\/wp\/v2\/media?parent=10852"}],"curies":[{"name":"wp","href":"https:\/\/api.w.org\/{rel}","templated":true}]}}