{"id":10841,"date":"2023-05-29T10:03:27","date_gmt":"2023-05-29T08:03:27","guid":{"rendered":"https:\/\/derbedrosian.nl\/?page_id=10841"},"modified":"2025-12-20T18:22:19","modified_gmt":"2025-12-20T16:22:19","slug":"yalanci-sahitlik","status":"publish","type":"page","link":"https:\/\/www.derbedrosian.nl\/tr\/rechtsgebieden\/strafrecht\/meineed\/","title":{"rendered":"Yalanc\u0131 \u015fahitlik"},"content":{"rendered":"<div data-elementor-type=\"wp-page\" data-elementor-id=\"10841\" class=\"elementor elementor-10841\" data-elementor-post-type=\"page\">\n\t\t\t\t<div class=\"wd-negative-gap elementor-element elementor-element-651a0a4 e-flex e-con-boxed e-con e-parent\" data-id=\"651a0a4\" data-element_type=\"container\" data-e-type=\"container\">\n\t\t\t\t\t<div class=\"e-con-inner\">\n\t\t\t\t<div class=\"elementor-element elementor-element-0ca4073 elementor-hidden-desktop elementor-hidden-tablet elementor-hidden-mobile elementor-widget elementor-widget-wd_image_or_svg\" data-id=\"0ca4073\" data-element_type=\"widget\" data-e-type=\"widget\" id=\"seo-word\" data-widget_type=\"wd_image_or_svg.default\">\n\t\t\t\t<div class=\"elementor-widget-container\">\n\t\t\t\t\t\n\t\t<div class=\"wd-image text-left\">\n\t\t\t\t\t\t\t\t<img loading=\"lazy\" decoding=\"async\" width=\"1000\" height=\"700\" src=\"https:\/\/www.derbedrosian.nl\/wp-content\/uploads\/rechtsgebieden-meineed.jpg\" class=\"attachment-full size-full\" alt=\"yalanc\u0131 \u015fahitlik cezas\u0131 i\u015flemek makale ceza hukuku avukat su\u00e7\" srcset=\"https:\/\/www.derbedrosian.nl\/wp-content\/uploads\/rechtsgebieden-meineed.jpg 1000w, https:\/\/www.derbedrosian.nl\/wp-content\/uploads\/rechtsgebieden-meineed-400x280.jpg 400w, https:\/\/www.derbedrosian.nl\/wp-content\/uploads\/rechtsgebieden-meineed-768x538.jpg 768w\" sizes=\"auto, (max-width: 1000px) 100vw, 1000px\" title=\"\">\t\t\t\t\t<\/div>\n\n\t\t\t\t\t\t<\/div>\n\t\t\t\t<\/div>\n\t\t\t\t<div class=\"elementor-element elementor-element-7920906 elementor-hidden-desktop elementor-hidden-tablet elementor-hidden-mobile elementor-widget elementor-widget-heading\" data-id=\"7920906\" data-element_type=\"widget\" data-e-type=\"widget\" id=\"seo-word\" data-widget_type=\"heading.default\">\n\t\t\t\t<div class=\"elementor-widget-container\">\n\t\t\t\t\t<h2 class=\"elementor-heading-title elementor-size-default\">yalanc\u0131 \u015fahitlik nedir<\/h2>\t\t\t\t<\/div>\n\t\t\t\t<\/div>\n\t\t\t\t<div class=\"elementor-element elementor-element-c709174 elementor-hidden-desktop elementor-hidden-tablet elementor-hidden-mobile elementor-widget elementor-widget-heading\" data-id=\"c709174\" data-element_type=\"widget\" data-e-type=\"widget\" id=\"seo-word\" data-widget_type=\"heading.default\">\n\t\t\t\t<div class=\"elementor-widget-container\">\n\t\t\t\t\t<h5 class=\"elementor-heading-title elementor-size-default\">yalanc\u0131 \u015fahitlik cezaland\u0131r\u0131l\u0131r<\/h5>\t\t\t\t<\/div>\n\t\t\t\t<\/div>\n\t\t\t\t<div class=\"elementor-element elementor-element-56aea83 elementor-hidden-desktop elementor-hidden-tablet elementor-hidden-mobile elementor-widget elementor-widget-heading\" data-id=\"56aea83\" data-element_type=\"widget\" data-e-type=\"widget\" id=\"seo-word\" data-widget_type=\"heading.default\">\n\t\t\t\t<div class=\"elementor-widget-container\">\n\t\t\t\t\t<h5 class=\"elementor-heading-title elementor-size-default\">Yalanc\u0131 \u015fahitlik avukat\u0131<\/h5>\t\t\t\t<\/div>\n\t\t\t\t<\/div>\n\t\t\t\t<div class=\"elementor-element elementor-element-2c2cd33 elementor-hidden-desktop elementor-hidden-tablet elementor-hidden-mobile elementor-widget elementor-widget-heading\" data-id=\"2c2cd33\" data-element_type=\"widget\" data-e-type=\"widget\" id=\"seo-word\" data-widget_type=\"heading.default\">\n\t\t\t\t<div class=\"elementor-widget-container\">\n\t\t\t\t\t<h5 class=\"elementor-heading-title elementor-size-default\">Yalanc\u0131 \u015fahitlik cezas\u0131<\/h5>\t\t\t\t<\/div>\n\t\t\t\t<\/div>\n\t\t\t\t<div class=\"elementor-element elementor-element-d1dcecf elementor-hidden-desktop elementor-hidden-tablet elementor-hidden-mobile elementor-widget elementor-widget-heading\" data-id=\"d1dcecf\" data-element_type=\"widget\" data-e-type=\"widget\" id=\"seo-word\" data-widget_type=\"heading.default\">\n\t\t\t\t<div class=\"elementor-widget-container\">\n\t\t\t\t\t<h5 class=\"elementor-heading-title elementor-size-default\">yalanc\u0131 \u015fahitlik yapmak<\/h5>\t\t\t\t<\/div>\n\t\t\t\t<\/div>\n\t\t\t\t<div class=\"elementor-element elementor-element-f52e98d elementor-hidden-desktop elementor-hidden-tablet elementor-hidden-mobile elementor-widget elementor-widget-heading\" data-id=\"f52e98d\" data-element_type=\"widget\" data-e-type=\"widget\" id=\"seo-word\" data-widget_type=\"heading.default\">\n\t\t\t\t<div class=\"elementor-widget-container\">\n\t\t\t\t\t<h5 class=\"elementor-heading-title elementor-size-default\">yalanc\u0131 \u015fahitlik kan\u0131t\u0131<\/h5>\t\t\t\t<\/div>\n\t\t\t\t<\/div>\n\t\t\t\t<div class=\"elementor-element elementor-element-38364df elementor-hidden-desktop elementor-hidden-tablet elementor-hidden-mobile elementor-widget elementor-widget-heading\" data-id=\"38364df\" data-element_type=\"widget\" data-e-type=\"widget\" id=\"seo-word\" data-widget_type=\"heading.default\">\n\t\t\t\t<div class=\"elementor-widget-container\">\n\t\t\t\t\t<h5 class=\"elementor-heading-title elementor-size-default\">sessiz kalma hakk\u0131 yalanc\u0131 \u015fahitlik<\/h5>\t\t\t\t<\/div>\n\t\t\t\t<\/div>\n\t\t\t\t<div class=\"elementor-element elementor-element-99a5c98 elementor-hidden-desktop elementor-hidden-tablet elementor-hidden-mobile elementor-widget elementor-widget-heading\" data-id=\"99a5c98\" data-element_type=\"widget\" data-e-type=\"widget\" id=\"seo-word\" data-widget_type=\"heading.default\">\n\t\t\t\t<div class=\"elementor-widget-container\">\n\t\t\t\t\t<h5 class=\"elementor-heading-title elementor-size-default\">ceza avukati enschede<\/h5>\t\t\t\t<\/div>\n\t\t\t\t<\/div>\n\t\t\t\t<div class=\"elementor-element elementor-element-dcac325 elementor-hidden-desktop elementor-hidden-tablet elementor-hidden-mobile elementor-widget elementor-widget-heading\" data-id=\"dcac325\" data-element_type=\"widget\" data-e-type=\"widget\" id=\"seo-word\" data-widget_type=\"heading.default\">\n\t\t\t\t<div class=\"elementor-widget-container\">\n\t\t\t\t\t<h5 class=\"elementor-heading-title elementor-size-default\">avukat ceza hukuku enschede<\/h5>\t\t\t\t<\/div>\n\t\t\t\t<\/div>\n\t\t\t\t<div class=\"elementor-element elementor-element-a0e7b45 elementor-hidden-desktop elementor-hidden-tablet elementor-hidden-mobile elementor-widget elementor-widget-heading\" data-id=\"a0e7b45\" data-element_type=\"widget\" data-e-type=\"widget\" id=\"seo-word\" data-widget_type=\"heading.default\">\n\t\t\t\t<div class=\"elementor-widget-container\">\n\t\t\t\t\t<h5 class=\"elementor-heading-title elementor-size-default\">avukat ceza hukuku overijssel<\/h5>\t\t\t\t<\/div>\n\t\t\t\t<\/div>\n\t\t\t\t<div class=\"elementor-element elementor-element-a9d3254 elementor-hidden-desktop elementor-hidden-tablet elementor-hidden-mobile elementor-widget elementor-widget-heading\" data-id=\"a9d3254\" data-element_type=\"widget\" data-e-type=\"widget\" id=\"seo-word\" data-widget_type=\"heading.default\">\n\t\t\t\t<div class=\"elementor-widget-container\">\n\t\t\t\t\t<h5 class=\"elementor-heading-title elementor-size-default\">yalanc\u0131 \u015fahitlik yapmak yasal tavsiye san\u0131\u011f\u0131n yemin alt\u0131nda beyanda bulundu\u011funa dair kas\u0131tl\u0131 olarak yanl\u0131\u015f beyanda bulunmak<\/h5>\t\t\t\t<\/div>\n\t\t\t\t<\/div>\n\t\t\t\t<div class=\"elementor-element elementor-element-7507472 elementor-hidden-desktop elementor-hidden-tablet elementor-hidden-mobile elementor-widget elementor-widget-heading\" data-id=\"7507472\" data-element_type=\"widget\" data-e-type=\"widget\" id=\"seo-word\" data-widget_type=\"heading.default\">\n\t\t\t\t<div class=\"elementor-widget-container\">\n\t\t\t\t\t<h5 class=\"elementor-heading-title elementor-size-default\">Enschede'de, Derbedrosian Criminal Lawyers'\u0131n ceza avukatlar\u0131 uzman hukuki yard\u0131m sunmaktad\u0131r. Enschede'de bir davaya dahil olduysan\u0131z, \u00f6zellikle cezai konularda deneyimli bir avukat tutman\u0131z tavsiye edilir.\n\nCeza davalar\u0131n\u0131n \u00f6nemli bir y\u00f6n\u00fc de sessiz kalma hakk\u0131d\u0131r. Susma hakk\u0131, bir san\u0131\u011f\u0131n sessiz kalma hakk\u0131na sahip oldu\u011fu ve aleyhine kullan\u0131labilecek bir beyanda bulunmaya zorlanamayaca\u011f\u0131 anlam\u0131na gelir. Yalanc\u0131 \u015fahitlik ise, yemin alt\u0131nda kas\u0131tl\u0131 olarak yanl\u0131\u015f beyanda bulunarak yalanc\u0131 \u015fahitlik yapmakt\u0131r. Yalanc\u0131 \u015fahitlik cezaland\u0131r\u0131labilir ve ciddi yasal sonu\u00e7lar\u0131 olabilir.\n\nYalanc\u0131 \u015fahitlik veya di\u011fer cezai konularda yasal tavsiyeye ihtiyac\u0131n\u0131z varsa, Overijssel'deki Derbedrosian Criminal Lawyers avukatlar\u0131na g\u00fcvenebilirsiniz. Enschede'deki avukatlar\u0131m\u0131z size yard\u0131mc\u0131 olacak ve haklar\u0131n\u0131z\u0131 korumak ve durumunuz i\u00e7in en iyi hareket tarz\u0131n\u0131 belirlemek i\u00e7in size do\u011fru tavsiyelerde bulunacakt\u0131r.<\/h5>\t\t\t\t<\/div>\n\t\t\t\t<\/div>\n\t\t\t\t<div class=\"elementor-element elementor-element-6fe5149 color-scheme-inherit text-left elementor-widget elementor-widget-text-editor\" data-id=\"6fe5149\" data-element_type=\"widget\" data-e-type=\"widget\" data-widget_type=\"text-editor.default\">\n\t\t\t\t<div class=\"elementor-widget-container\">\n\t\t\t\t\t\t\t\t\t<p><strong>Yalan beyanda bulunmak, ceza davalar\u0131nda \u00e7ok olumsuz bir rol oynar. Mahkeme salonunda ger\u00e7ek \u00e7ok de\u011ferlidir. Ceza davas\u0131n\u0131n gidi\u015fat\u0131n\u0131 belirleyen \u015fey ger\u00e7ektir. Peki, bu ger\u00e7ek birisi taraf\u0131ndan kasten \u00e7arp\u0131t\u0131l\u0131rsa ne olur? Bu makalede, yalan beyan\u0131n tam olarak ne anlama geldi\u011fini daha derinlemesine inceleyecek, hukuki alanda uygulanan cezalar\u0131 ara\u015ft\u0131racak ve bunun bir ki\u015fiye veya \u015firkete ne t\u00fcr zararlar verebilece\u011fini g\u00f6sterece\u011fiz.\u00a0<\/strong><\/p>\t\t\t\t\t\t\t\t<\/div>\n\t\t\t\t<\/div>\n\t\t\t\t<div class=\"elementor-element elementor-element-fed21e1 elementor-widget elementor-widget-spacer\" data-id=\"fed21e1\" data-element_type=\"widget\" data-e-type=\"widget\" data-widget_type=\"spacer.default\">\n\t\t\t\t<div class=\"elementor-widget-container\">\n\t\t\t\t\t\t\t<div class=\"elementor-spacer\">\n\t\t\t<div class=\"elementor-spacer-inner\"><\/div>\n\t\t<\/div>\n\t\t\t\t\t\t<\/div>\n\t\t\t\t<\/div>\n\t\t\t\t<div class=\"elementor-element elementor-element-73254d9 elementor-widget elementor-widget-heading\" data-id=\"73254d9\" data-element_type=\"widget\" data-e-type=\"widget\" data-widget_type=\"heading.default\">\n\t\t\t\t<div class=\"elementor-widget-container\">\n\t\t\t\t\t<h3 class=\"elementor-heading-title elementor-size-default\">\nYalanc\u0131 \u015fahitlik nedir?\n<\/h3>\t\t\t\t<\/div>\n\t\t\t\t<\/div>\n\t\t\t\t<div class=\"elementor-element elementor-element-31fccf4 color-scheme-inherit text-left elementor-widget elementor-widget-text-editor\" data-id=\"31fccf4\" data-element_type=\"widget\" data-e-type=\"widget\" data-widget_type=\"text-editor.default\">\n\t\t\t\t<div class=\"elementor-widget-container\">\n\t\t\t\t\t\t\t\t\t<p>Yalanc\u0131 \u015fahitlik bir <a href=\"https:\/\/www.derbedrosian.nl\/tr\/yetki%cc%87-alanlari\/ceza-hukuku\/suclar\/\">SU\u00c7<\/a> Bir ki\u015finin bilerek yalan beyanda bulunmas\u0131. Sadece yemin eden ya da s\u00f6z veren ki\u015filer yalanc\u0131 \u015fahitlikten su\u00e7lu olabilir. Bu, \u00f6rne\u011fin mahkemede, resmi g\u00f6revliler, polis memurlar\u0131 veya bir parlamento ara\u015ft\u0131rma komisyonu \u00f6n\u00fcnde ifade verirken olabilir. Yalanc\u0131 \u015fahitlik yapmak dokuz y\u0131la kadar hapisle cezaland\u0131r\u0131l\u0131r. Yalanc\u0131 \u015fahitlik yapt\u0131\u011f\u0131n\u0131zdan \u015f\u00fcpheleniliyorsa, m\u00fcmk\u00fcn olan en k\u0131sa s\u00fcrede uzman tavsiyesi almak i\u00e7in bir ceza avukat\u0131na dan\u0131\u015fman\u0131z ak\u0131ll\u0131ca olacakt\u0131r.<\/p>\t\t\t\t\t\t\t\t<\/div>\n\t\t\t\t<\/div>\n\t\t\t\t<div class=\"elementor-element elementor-element-485e3c9 elementor-widget elementor-widget-spacer\" data-id=\"485e3c9\" data-element_type=\"widget\" data-e-type=\"widget\" data-widget_type=\"spacer.default\">\n\t\t\t\t<div class=\"elementor-widget-container\">\n\t\t\t\t\t\t\t<div class=\"elementor-spacer\">\n\t\t\t<div class=\"elementor-spacer-inner\"><\/div>\n\t\t<\/div>\n\t\t\t\t\t\t<\/div>\n\t\t\t\t<\/div>\n\t\t\t\t<div class=\"elementor-element elementor-element-b8c3d59 elementor-widget elementor-widget-heading\" data-id=\"b8c3d59\" data-element_type=\"widget\" data-e-type=\"widget\" data-widget_type=\"heading.default\">\n\t\t\t\t<div class=\"elementor-widget-container\">\n\t\t\t\t\t<h3 class=\"elementor-heading-title elementor-size-default\">Yemin etmenin amac\u0131<\/h3>\t\t\t\t<\/div>\n\t\t\t\t<\/div>\n\t\t\t\t<div class=\"elementor-element elementor-element-9cda2ac color-scheme-inherit text-left elementor-widget elementor-widget-text-editor\" data-id=\"9cda2ac\" data-element_type=\"widget\" data-e-type=\"widget\" data-widget_type=\"text-editor.default\">\n\t\t\t\t<div class=\"elementor-widget-container\">\n\t\t\t\t\t\t\t\t\t<p>\u0130nsanlar bir \u015fey \u00fczerine yemin ettiklerinde, bu genellikle do\u011fruyu s\u00f6yleyeceklerine dair s\u00f6z verdikleri anlam\u0131na gelir. Bu basit\u00e7e 'yemin eden ki\u015finin' toplumda \u00f6zel bir yere sahip oldu\u011funu anlad\u0131\u011f\u0131n\u0131 g\u00f6sterdi\u011fi anlam\u0131na gelir. D\u00fcr\u00fcst olma s\u00f6z\u00fcn\u00fc ihlal etti\u011fi ve mahkemede ger\u00e7e\u011fin ara\u015ft\u0131r\u0131lmas\u0131n\u0131 zorla\u015ft\u0131rd\u0131\u011f\u0131 i\u00e7in buna izin verilmez. E\u011fer birisi yemin alt\u0131nda yalan s\u00f6ylerse, bu durum davaya dahil olan herkes i\u00e7in sorunlara neden olabilir.<\/p>\t\t\t\t\t\t\t\t<\/div>\n\t\t\t\t<\/div>\n\t\t\t\t<div class=\"elementor-element elementor-element-2f6d061 elementor-widget elementor-widget-spacer\" data-id=\"2f6d061\" data-element_type=\"widget\" data-e-type=\"widget\" data-widget_type=\"spacer.default\">\n\t\t\t\t<div class=\"elementor-widget-container\">\n\t\t\t\t\t\t\t<div class=\"elementor-spacer\">\n\t\t\t<div class=\"elementor-spacer-inner\"><\/div>\n\t\t<\/div>\n\t\t\t\t\t\t<\/div>\n\t\t\t\t<\/div>\n\t\t\t\t<div class=\"elementor-element elementor-element-063e776 elementor-widget elementor-widget-heading\" data-id=\"063e776\" data-element_type=\"widget\" data-e-type=\"widget\" data-widget_type=\"heading.default\">\n\t\t\t\t<div class=\"elementor-widget-container\">\n\t\t\t\t\t<h3 class=\"elementor-heading-title elementor-size-default\">Yalanc\u0131 \u015eahitlik Ceza Kanunu<\/h3>\t\t\t\t<\/div>\n\t\t\t\t<\/div>\n\t\t\t\t<div class=\"elementor-element elementor-element-8f78eee color-scheme-inherit text-left elementor-widget elementor-widget-text-editor\" data-id=\"8f78eee\" data-element_type=\"widget\" data-e-type=\"widget\" data-widget_type=\"text-editor.default\">\n\t\t\t\t<div class=\"elementor-widget-container\">\n\t\t\t\t\t\t\t\t\t<p>Yalanc\u0131 \u015fahitlik ciddi bir su\u00e7tur ve do\u011frudan yasalara ayk\u0131r\u0131d\u0131r. Yalanc\u0131 \u015fahitlikle ilgili yasal h\u00fck\u00fcmler Ceza Kanunu'nun 207, 207a ve 207b b\u00f6l\u00fcmlerinde yer almaktad\u0131r. Bu \u00f6zel kanun maddeleri neyin yalanc\u0131 \u015fahitlik olarak kabul edildi\u011fini a\u00e7\u0131klar ve cezaland\u0131r\u0131labilirli\u011fini belirler.<\/p><p>Bir ki\u015fi yalanc\u0131 \u015fahitlik yaparken yakaland\u0131\u011f\u0131nda, y\u00fcr\u00fcrl\u00fckte olan ciddi yasal sonu\u00e7lar vard\u0131r. Yasa uyar\u0131nca, yalanc\u0131 \u015fahitlikten su\u00e7lu bulunan bir ki\u015fi alt\u0131 y\u0131la kadar hapis cezas\u0131na \u00e7arpt\u0131r\u0131labilir. Buna ek olarak, mahkeme 5. kategoriye ait bir para cezas\u0131 uygulayabilir, yani para cezas\u0131 \u00f6nemli olabilir. Yalanc\u0131 \u015fahitli\u011fin bir davaya, bir ki\u015fiye veya bir b\u00fct\u00fcn olarak hukuk sistemine \u00f6nemli \u00f6l\u00e7\u00fcde zarar vermesi halinde bu ceza daha da a\u011f\u0131rla\u015ft\u0131r\u0131labilir.<\/p><p>Bu nedenle, yalanc\u0131 \u015fahitli\u011fin ciddi sonu\u00e7lar\u0131ndan ka\u00e7\u0131nmak i\u00e7in t\u00fcm duru\u015fmalarda ve ifadelerde d\u00fcr\u00fcstl\u00fc\u011f\u00fc ve do\u011frulu\u011fu korumak b\u00fcy\u00fck \u00f6nem ta\u015f\u0131maktad\u0131r.<\/p>\t\t\t\t\t\t\t\t<\/div>\n\t\t\t\t<\/div>\n\t\t\t\t<div class=\"elementor-element elementor-element-bc1c950 elementor-widget elementor-widget-spacer\" data-id=\"bc1c950\" data-element_type=\"widget\" data-e-type=\"widget\" data-widget_type=\"spacer.default\">\n\t\t\t\t<div class=\"elementor-widget-container\">\n\t\t\t\t\t\t\t<div class=\"elementor-spacer\">\n\t\t\t<div class=\"elementor-spacer-inner\"><\/div>\n\t\t<\/div>\n\t\t\t\t\t\t<\/div>\n\t\t\t\t<\/div>\n\t\t\t\t<div class=\"elementor-element elementor-element-c0f6a4c elementor-widget elementor-widget-heading\" data-id=\"c0f6a4c\" data-element_type=\"widget\" data-e-type=\"widget\" data-widget_type=\"heading.default\">\n\t\t\t\t<div class=\"elementor-widget-container\">\n\t\t\t\t\t<h3 class=\"elementor-heading-title elementor-size-default\">Yalanc\u0131 \u015fahitlik durumunda susma hakk\u0131<\/h3>\t\t\t\t<\/div>\n\t\t\t\t<\/div>\n\t\t\t\t<div class=\"elementor-element elementor-element-36313f2 color-scheme-inherit text-left elementor-widget elementor-widget-text-editor\" data-id=\"36313f2\" data-element_type=\"widget\" data-e-type=\"widget\" data-widget_type=\"text-editor.default\">\n\t\t\t\t<div class=\"elementor-widget-container\">\n\t\t\t\t\t\t\t\t\t<p>Bir ki\u015fi cezai bir su\u00e7la itham edildi\u011finde, bu ki\u015fi sessiz kalma hakk\u0131na sahiptir ve kendisine kar\u015f\u0131 kullan\u0131labilecek herhangi bir \u015fey s\u00f6ylemek zorunda de\u011fildir.<\/p><p>Bu, hukuk sisteminde temel bir hak olan susma hakk\u0131 olarak bilinir. \u00d6te yandan, bu hak tan\u0131klar i\u00e7in ge\u00e7erli de\u011fildir. Tan\u0131klar hakimin sorular\u0131n\u0131 yan\u0131tlamakla y\u00fck\u00fcml\u00fcd\u00fcr ve bunu samimiyet ve do\u011frulukla yapmal\u0131d\u0131rlar.<\/p><p>San\u0131klar ve tan\u0131klar aras\u0131ndaki bu hak fark\u0131, bireysel haklar\u0131n korunmas\u0131 ile hukuki s\u00fcrecin do\u011frulu\u011funun sa\u011flanmas\u0131 aras\u0131ndaki hassas dengeyi yans\u0131tmaktad\u0131r.<\/p>\t\t\t\t\t\t\t\t<\/div>\n\t\t\t\t<\/div>\n\t\t\t\t<div class=\"elementor-element elementor-element-ce42919 elementor-widget elementor-widget-spacer\" data-id=\"ce42919\" data-element_type=\"widget\" data-e-type=\"widget\" data-widget_type=\"spacer.default\">\n\t\t\t\t<div class=\"elementor-widget-container\">\n\t\t\t\t\t\t\t<div class=\"elementor-spacer\">\n\t\t\t<div class=\"elementor-spacer-inner\"><\/div>\n\t\t<\/div>\n\t\t\t\t\t\t<\/div>\n\t\t\t\t<\/div>\n\t\t\t\t<div class=\"elementor-element elementor-element-1ebeaa4 elementor-widget elementor-widget-heading\" data-id=\"1ebeaa4\" data-element_type=\"widget\" data-e-type=\"widget\" data-widget_type=\"heading.default\">\n\t\t\t\t<div class=\"elementor-widget-container\">\n\t\t\t\t\t<h3 class=\"elementor-heading-title elementor-size-default\">Avukat yalanc\u0131 \u015fahitlikten \u015f\u00fcpheleniyor<\/h3>\t\t\t\t<\/div>\n\t\t\t\t<\/div>\n\t\t\t\t<div class=\"elementor-element elementor-element-58e1d52 color-scheme-inherit text-left elementor-widget elementor-widget-text-editor\" data-id=\"58e1d52\" data-element_type=\"widget\" data-e-type=\"widget\" data-widget_type=\"text-editor.default\">\n\t\t\t\t<div class=\"elementor-widget-container\">\n\t\t\t\t\t\t\t\t\t<p>E\u011fer bir \u015f\u00fcpheliyseniz, sessiz kalma hakk\u0131na sahipsiniz. Ancak tan\u0131klar\u0131n b\u00f6yle bir hakk\u0131 yoktur. Yarg\u0131c\u0131n sorular\u0131na her zaman d\u00fcr\u00fcst\u00e7e cevap vermek zorundad\u0131rlar.<\/p><p>Yalanc\u0131 \u015fahitlikten dolay\u0131 soru\u015fturuluyorsan\u0131z veya daha fazla hukuki yard\u0131ma ihtiyac\u0131n\u0131z varsa, l\u00fctfen ileti\u015fime ge\u00e7in <a href=\"https:\/\/www.derbedrosian.nl\/tr\/avukatlar\/\">uzman avukatlarimiz<\/a>\u00a0tecr\u00fcbesi ile<a href=\"https:\/\/www.derbedrosian.nl\/tr\/yetki%cc%87-alanlari\/ceza-hukuku\/\"> ceza hukuku<\/a> sorunlar\u0131 \u00f6nlemek i\u00e7in s\u00fcre\u00e7 boyunca size tavsiyelerde bulunabilir ve yard\u0131mc\u0131 olabilir. Yasal \u00e7\u0131karlar\u0131n\u0131z \u00f6nemlidir ve avukatlar\u0131m\u0131z size yard\u0131mc\u0131 olmak i\u00e7in buradalar.<\/p>\t\t\t\t\t\t\t\t<\/div>\n\t\t\t\t<\/div>\n\t\t\t\t\t<\/div>\n\t\t\t\t<\/div>\n\t\t\t\t<\/div>","protected":false},"excerpt":{"rendered":"<p>yalan beyan yalan beyan cezaland\u0131r\u0131l\u0131r m\u0131 yalan beyan avukat\u0131 yalan beyan cezas\u0131 yalan beyan yapmak yalan beyan\u0131 kan\u0131tlamak susma hakk\u0131 yalan beyan ceza avukat\u0131 enschede ceza avukat\u0131<\/p>","protected":false},"author":1,"featured_media":0,"parent":10047,"menu_order":0,"comment_status":"closed","ping_status":"closed","template":"","meta":{"footnotes":""},"class_list":["post-10841","page","type-page","status-publish","hentry"],"_links":{"self":[{"href":"https:\/\/www.derbedrosian.nl\/tr\/wp-json\/wp\/v2\/pages\/10841","targetHints":{"allow":["GET"]}}],"collection":[{"href":"https:\/\/www.derbedrosian.nl\/tr\/wp-json\/wp\/v2\/pages"}],"about":[{"href":"https:\/\/www.derbedrosian.nl\/tr\/wp-json\/wp\/v2\/types\/page"}],"author":[{"embeddable":true,"href":"https:\/\/www.derbedrosian.nl\/tr\/wp-json\/wp\/v2\/users\/1"}],"replies":[{"embeddable":true,"href":"https:\/\/www.derbedrosian.nl\/tr\/wp-json\/wp\/v2\/comments?post=10841"}],"version-history":[{"count":0,"href":"https:\/\/www.derbedrosian.nl\/tr\/wp-json\/wp\/v2\/pages\/10841\/revisions"}],"up":[{"embeddable":true,"href":"https:\/\/www.derbedrosian.nl\/tr\/wp-json\/wp\/v2\/pages\/10047"}],"wp:attachment":[{"href":"https:\/\/www.derbedrosian.nl\/tr\/wp-json\/wp\/v2\/media?parent=10841"}],"curies":[{"name":"wp","href":"https:\/\/api.w.org\/{rel}","templated":true}]}}