{"id":10836,"date":"2023-05-29T10:01:22","date_gmt":"2023-05-29T08:01:22","guid":{"rendered":"https:\/\/derbedrosian.nl\/?page_id=10836"},"modified":"2025-12-21T14:38:31","modified_gmt":"2025-12-21T12:38:31","slug":"iyilesme","status":"publish","type":"page","link":"https:\/\/www.derbedrosian.nl\/tr\/rechtsgebieden\/strafrecht\/heling\/","title":{"rendered":"\u0130yile\u015fme"},"content":{"rendered":"<div data-elementor-type=\"wp-page\" data-elementor-id=\"10836\" class=\"elementor elementor-10836\" data-elementor-post-type=\"page\">\n\t\t\t\t<div class=\"wd-negative-gap elementor-element elementor-element-2192954 e-flex e-con-boxed e-con e-parent\" data-id=\"2192954\" data-element_type=\"container\" data-e-type=\"container\">\n\t\t\t\t\t<div class=\"e-con-inner\">\n\t\t\t\t<div class=\"elementor-element elementor-element-1aff32b elementor-hidden-desktop elementor-hidden-tablet elementor-hidden-mobile elementor-widget elementor-widget-heading\" data-id=\"1aff32b\" data-element_type=\"widget\" data-e-type=\"widget\" id=\"seo-word\" data-widget_type=\"heading.default\">\n\t\t\t\t<div class=\"elementor-widget-container\">\n\t\t\t\t\t<h2 class=\"elementor-heading-title elementor-size-default\">eskrim madde 417bis<\/h2>\t\t\t\t<\/div>\n\t\t\t\t<\/div>\n\t\t\t\t<div class=\"elementor-element elementor-element-7803178 elementor-hidden-desktop elementor-hidden-tablet elementor-hidden-mobile elementor-widget elementor-widget-heading\" data-id=\"7803178\" data-element_type=\"widget\" data-e-type=\"widget\" id=\"seo-word\" data-widget_type=\"heading.default\">\n\t\t\t\t<div class=\"elementor-widget-container\">\n\t\t\t\t\t<h5 class=\"elementor-heading-title elementor-size-default\">eskrim avukat\u0131 <\/h5>\t\t\t\t<\/div>\n\t\t\t\t<\/div>\n\t\t\t\t<div class=\"elementor-element elementor-element-cbed637 elementor-hidden-desktop elementor-hidden-tablet elementor-hidden-mobile elementor-widget elementor-widget-heading\" data-id=\"cbed637\" data-element_type=\"widget\" data-e-type=\"widget\" id=\"seo-word\" data-widget_type=\"heading.default\">\n\t\t\t\t<div class=\"elementor-widget-container\">\n\t\t\t\t\t<h5 class=\"elementor-heading-title elementor-size-default\">hirsizlik ve elle\u00e7leme<\/h5>\t\t\t\t<\/div>\n\t\t\t\t<\/div>\n\t\t\t\t<div class=\"elementor-element elementor-element-b4175cf elementor-hidden-desktop elementor-hidden-tablet elementor-hidden-mobile elementor-widget elementor-widget-heading\" data-id=\"b4175cf\" data-element_type=\"widget\" data-e-type=\"widget\" id=\"seo-word\" data-widget_type=\"heading.default\">\n\t\t\t\t<div class=\"elementor-widget-container\">\n\t\t\t\t\t<h5 class=\"elementor-heading-title elementor-size-default\">ceza avukati enschede<\/h5>\t\t\t\t<\/div>\n\t\t\t\t<\/div>\n\t\t\t\t<div class=\"elementor-element elementor-element-abe99a2 elementor-hidden-desktop elementor-hidden-tablet elementor-hidden-mobile color-scheme-inherit text-left elementor-widget elementor-widget-text-editor\" data-id=\"abe99a2\" data-element_type=\"widget\" data-e-type=\"widget\" id=\"seo-word\" data-widget_type=\"text-editor.default\">\n\t\t\t\t<div class=\"elementor-widget-container\">\n\t\t\t\t\t\t\t\t\t<p>Enschede'de iseniz ve hukuki yard\u0131ma ihtiyac\u0131n\u0131z varsa, Derbedrosian Criminal Lawyers'daki ceza avukatlar\u0131 g\u00fcvenilir se\u00e7iminizdir. Enschede'deki avukatlar\u0131m\u0131z Overijssel b\u00f6lgesinde m\u00fckemmel bir \u00fcne sahiptir ve ta\u015f\u0131ma davalar\u0131 da dahil olmak \u00fczere ceza davalar\u0131nda uzmand\u0131r.<\/p><p>Ceza Kanunu'nun 417bis b\u00f6l\u00fcm\u00fcnde tan\u0131mland\u0131\u011f\u0131 \u015fekliyle h\u0131rs\u0131zl\u0131k, \u00e7al\u0131nt\u0131 mallar\u0131n sat\u0131n al\u0131nmas\u0131, bulundurulmas\u0131 veya sat\u0131lmas\u0131n\u0131 i\u00e7erir. Bu, hukuki yard\u0131m\u0131n gerekli oldu\u011fu cezai bir su\u00e7tur. \u00c7al\u0131nt\u0131 mal alma su\u00e7lamas\u0131yla kar\u015f\u0131 kar\u015f\u0131yaysan\u0131z, \u00e7al\u0131nt\u0131 mal alma konusunda uzman bir avukat tutman\u0131z \u00e7ok \u00f6nemlidir.<\/p><p>Enschede'deki bir ceza avukat\u0131, yasal davan\u0131zda size yard\u0131mc\u0131 olabilir ve davan\u0131z\u0131 savunmak i\u00e7in size uzman yasal tavsiyeler sa\u011flayabilir. Eskrimle ilgili davalarda profesyonel destek i\u00e7in Enschede'deki Derbedrosian Ceza Avukatlar\u0131 ile ileti\u015fime ge\u00e7in.<\/p>\t\t\t\t\t\t\t\t<\/div>\n\t\t\t\t<\/div>\n\t\t\t\t<div class=\"elementor-element elementor-element-79892c5 color-scheme-inherit text-left elementor-widget elementor-widget-text-editor\" data-id=\"79892c5\" data-element_type=\"widget\" data-e-type=\"widget\" data-widget_type=\"text-editor.default\">\n\t\t\t\t<div class=\"elementor-widget-container\">\n\t\t\t\t\t\t\t\t\t<p><strong>Sahtecili\u011fe kar\u0131\u015f\u0131lmas\u0131 halinde hapis, para cezas\u0131 ve adli sicil kayd\u0131 gibi cezai sonu\u00e7lar do\u011fabilir. Sahtecilik Ceza Kanununda yer almaktad\u0131r.<\/strong><\/p>\t\t\t\t\t\t\t\t<\/div>\n\t\t\t\t<\/div>\n\t\t\t\t<div class=\"elementor-element elementor-element-127fe43 elementor-widget elementor-widget-spacer\" data-id=\"127fe43\" data-element_type=\"widget\" data-e-type=\"widget\" data-widget_type=\"spacer.default\">\n\t\t\t\t<div class=\"elementor-widget-container\">\n\t\t\t\t\t\t\t<div class=\"elementor-spacer\">\n\t\t\t<div class=\"elementor-spacer-inner\"><\/div>\n\t\t<\/div>\n\t\t\t\t\t\t<\/div>\n\t\t\t\t<\/div>\n\t\t<div class=\"elementor-element elementor-element-b50fb6c e-con-full e-flex e-con e-child\" data-id=\"b50fb6c\" data-element_type=\"container\" data-e-type=\"container\">\n\t\t\t\t<div class=\"elementor-element elementor-element-7024025 elementor-hidden-desktop elementor-hidden-tablet elementor-hidden-mobile elementor-widget elementor-widget-wd_image_or_svg\" data-id=\"7024025\" data-element_type=\"widget\" data-e-type=\"widget\" id=\"seo-word\" data-widget_type=\"wd_image_or_svg.default\">\n\t\t\t\t<div class=\"elementor-widget-container\">\n\t\t\t\t\t\n\t\t<div class=\"wd-image text-left\">\n\t\t\t\t\t\t\t\t\t\t\t\t\t<\/div>\n\n\t\t\t\t\t\t<\/div>\n\t\t\t\t<\/div>\n\t\t\t\t<div class=\"elementor-element elementor-element-1f2d24e elementor-hidden-desktop elementor-hidden-tablet elementor-hidden-mobile elementor-widget elementor-widget-heading\" data-id=\"1f2d24e\" data-element_type=\"widget\" data-e-type=\"widget\" id=\"seo-word\" data-widget_type=\"heading.default\">\n\t\t\t\t<div class=\"elementor-widget-container\">\n\t\t\t\t\t<h2 class=\"elementor-heading-title elementor-size-default\">eskrim madde 417bis<\/h2>\t\t\t\t<\/div>\n\t\t\t\t<\/div>\n\t\t\t\t<div class=\"elementor-element elementor-element-6fde1cc elementor-hidden-desktop elementor-hidden-tablet elementor-hidden-mobile elementor-widget elementor-widget-heading\" data-id=\"6fde1cc\" data-element_type=\"widget\" data-e-type=\"widget\" id=\"seo-word\" data-widget_type=\"heading.default\">\n\t\t\t\t<div class=\"elementor-widget-container\">\n\t\t\t\t\t<h5 class=\"elementor-heading-title elementor-size-default\">\u015fi\u0307fa nedi\u0307r <\/h5>\t\t\t\t<\/div>\n\t\t\t\t<\/div>\n\t\t\t\t<div class=\"elementor-element elementor-element-b9c1190 elementor-hidden-desktop elementor-hidden-tablet elementor-hidden-mobile elementor-widget elementor-widget-heading\" data-id=\"b9c1190\" data-element_type=\"widget\" data-e-type=\"widget\" id=\"seo-word\" data-widget_type=\"heading.default\">\n\t\t\t\t<div class=\"elementor-widget-container\">\n\t\t\t\t\t<h5 class=\"elementor-heading-title elementor-size-default\">eskrim cezas\u0131<\/h5>\t\t\t\t<\/div>\n\t\t\t\t<\/div>\n\t\t\t\t<div class=\"elementor-element elementor-element-850166b elementor-hidden-desktop elementor-hidden-tablet elementor-hidden-mobile elementor-widget elementor-widget-heading\" data-id=\"850166b\" data-element_type=\"widget\" data-e-type=\"widget\" id=\"seo-word\" data-widget_type=\"heading.default\">\n\t\t\t\t<div class=\"elementor-widget-container\">\n\t\t\t\t\t<h5 class=\"elementor-heading-title elementor-size-default\">eskrim avukat\u0131 <\/h5>\t\t\t\t<\/div>\n\t\t\t\t<\/div>\n\t\t\t\t<div class=\"elementor-element elementor-element-a99ae65 elementor-hidden-desktop elementor-hidden-tablet elementor-hidden-mobile elementor-widget elementor-widget-heading\" data-id=\"a99ae65\" data-element_type=\"widget\" data-e-type=\"widget\" id=\"seo-word\" data-widget_type=\"heading.default\">\n\t\t\t\t<div class=\"elementor-widget-container\">\n\t\t\t\t\t<h5 class=\"elementor-heading-title elementor-size-default\">hirsizlik ve elle\u00e7leme<\/h5>\t\t\t\t<\/div>\n\t\t\t\t<\/div>\n\t\t\t\t<div class=\"elementor-element elementor-element-1f95b6e elementor-hidden-desktop elementor-hidden-tablet elementor-hidden-mobile elementor-widget elementor-widget-heading\" data-id=\"1f95b6e\" data-element_type=\"widget\" data-e-type=\"widget\" id=\"seo-word\" data-widget_type=\"heading.default\">\n\t\t\t\t<div class=\"elementor-widget-container\">\n\t\t\t\t\t<h5 class=\"elementor-heading-title elementor-size-default\">\u00e7al\u0131nt\u0131 bir \u00fcr\u00fcn\u00fc sat\u0131n almak, bulundurmak veya satmak<\/h5>\t\t\t\t<\/div>\n\t\t\t\t<\/div>\n\t\t\t\t<div class=\"elementor-element elementor-element-e4c1b0d elementor-hidden-desktop elementor-hidden-tablet elementor-hidden-mobile elementor-widget elementor-widget-heading\" data-id=\"e4c1b0d\" data-element_type=\"widget\" data-e-type=\"widget\" id=\"seo-word\" data-widget_type=\"heading.default\">\n\t\t\t\t<div class=\"elementor-widget-container\">\n\t\t\t\t\t<h5 class=\"elementor-heading-title elementor-size-default\">derbedrosyan ceza avukatlari<\/h5>\t\t\t\t<\/div>\n\t\t\t\t<\/div>\n\t\t\t\t<div class=\"elementor-element elementor-element-3af79d8 elementor-hidden-desktop elementor-hidden-tablet elementor-hidden-mobile elementor-widget elementor-widget-heading\" data-id=\"3af79d8\" data-element_type=\"widget\" data-e-type=\"widget\" id=\"seo-word\" data-widget_type=\"heading.default\">\n\t\t\t\t<div class=\"elementor-widget-container\">\n\t\t\t\t\t<h5 class=\"elementor-heading-title elementor-size-default\"> avukat ceza hukuku overijssel<\/h5>\t\t\t\t<\/div>\n\t\t\t\t<\/div>\n\t\t\t\t<div class=\"elementor-element elementor-element-66f96b8 elementor-hidden-desktop elementor-hidden-tablet elementor-hidden-mobile elementor-widget elementor-widget-heading\" data-id=\"66f96b8\" data-element_type=\"widget\" data-e-type=\"widget\" id=\"seo-word\" data-widget_type=\"heading.default\">\n\t\t\t\t<div class=\"elementor-widget-container\">\n\t\t\t\t\t<h5 class=\"elementor-heading-title elementor-size-default\">ceza avukati enschede<\/h5>\t\t\t\t<\/div>\n\t\t\t\t<\/div>\n\t\t\t\t<div class=\"elementor-element elementor-element-266f543 elementor-hidden-desktop elementor-hidden-tablet elementor-hidden-mobile elementor-widget elementor-widget-heading\" data-id=\"266f543\" data-element_type=\"widget\" data-e-type=\"widget\" id=\"seo-word\" data-widget_type=\"heading.default\">\n\t\t\t\t<div class=\"elementor-widget-container\">\n\t\t\t\t\t<h5 class=\"elementor-heading-title elementor-size-default\">Enschede'de iseniz ve hukuki yard\u0131ma ihtiyac\u0131n\u0131z varsa, Derbedrosian Criminal Lawyers'daki ceza avukatlar\u0131 g\u00fcvenilir se\u00e7iminizdir. Enschede'deki avukatlar\u0131m\u0131z Overijssel b\u00f6lgesinde m\u00fckemmel bir \u00fcne sahiptir ve ta\u015f\u0131ma davalar\u0131 da dahil olmak \u00fczere cezai konularda uzmand\u0131r.\n\nCeza Kanunu'nun 417bis b\u00f6l\u00fcm\u00fcnde tan\u0131mland\u0131\u011f\u0131 \u015fekliyle h\u0131rs\u0131zl\u0131k, \u00e7al\u0131nt\u0131 mallar\u0131n sat\u0131n al\u0131nmas\u0131, bulundurulmas\u0131 veya sat\u0131lmas\u0131n\u0131 i\u00e7erir. Bu, hukuki yard\u0131m\u0131n gerekli oldu\u011fu cezai bir su\u00e7tur. \u00c7al\u0131nt\u0131 mal alma su\u00e7lamas\u0131yla kar\u015f\u0131 kar\u015f\u0131yaysan\u0131z, bu konuda uzman bir avukat tutman\u0131z \u00e7ok \u00f6nemlidir.\n\nEnschede'deki bir ceza avukat\u0131, yasal davan\u0131zda size yard\u0131mc\u0131 olabilir ve davan\u0131z\u0131 savunmak i\u00e7in size uzman hukuki tavsiyeler sa\u011flayabilir. \u00c7itle ilgili davalarda profesyonel destek i\u00e7in Enschede'deki Derbedrosian Ceza Avukatlar\u0131 ile ileti\u015fime ge\u00e7in.<\/h5>\t\t\t\t<\/div>\n\t\t\t\t<\/div>\n\t\t\t\t<div class=\"elementor-element elementor-element-f16b316 elementor-widget elementor-widget-heading\" data-id=\"f16b316\" data-element_type=\"widget\" data-e-type=\"widget\" data-widget_type=\"heading.default\">\n\t\t\t\t<div class=\"elementor-widget-container\">\n\t\t\t\t\t<h3 class=\"elementor-heading-title elementor-size-default\">\u0130yile\u015fme nedir<\/h3>\t\t\t\t<\/div>\n\t\t\t\t<\/div>\n\t\t\t\t<div class=\"elementor-element elementor-element-774ca4f color-scheme-inherit text-left elementor-widget elementor-widget-text-editor\" data-id=\"774ca4f\" data-element_type=\"widget\" data-e-type=\"widget\" data-widget_type=\"text-editor.default\">\n\t\t\t\t<div class=\"elementor-widget-container\">\n\t\t\t\t\t\t\t\t\t<p>\u015eantaj, ki\u015filerin \u00e7al\u0131nt\u0131 mal\u0131n sahibi olmaks\u0131z\u0131n bu mal\u0131 sat\u0131n alma, teslim alma, gizleme, satma veya ba\u015fka bir \u015fekilde bu mala yard\u0131mc\u0131 olma gibi yasad\u0131\u015f\u0131 faaliyetlerde bulunmas\u0131 anlam\u0131na gelmektedir. \u00c7al\u0131nt\u0131 mallar i\u00e7in yasad\u0131\u015f\u0131 bir pazar sa\u011flayarak su\u00e7un devam etmesine katk\u0131da bulundu\u011fu i\u00e7in cezai bir su\u00e7tur. Bir\u00e7ok hukuk sisteminde, bu davran\u0131\u015f\u0131 cayd\u0131rmak ve kolluk kuvvetlerini desteklemek i\u00e7in bu t\u00fcr davran\u0131\u015flar a\u011f\u0131r \u015fekilde cezaland\u0131r\u0131lmaktad\u0131r.<\/p>\t\t\t\t\t\t\t\t<\/div>\n\t\t\t\t<\/div>\n\t\t\t\t<div class=\"elementor-element elementor-element-3ab868e elementor-widget elementor-widget-spacer\" data-id=\"3ab868e\" data-element_type=\"widget\" data-e-type=\"widget\" data-widget_type=\"spacer.default\">\n\t\t\t\t<div class=\"elementor-widget-container\">\n\t\t\t\t\t\t\t<div class=\"elementor-spacer\">\n\t\t\t<div class=\"elementor-spacer-inner\"><\/div>\n\t\t<\/div>\n\t\t\t\t\t\t<\/div>\n\t\t\t\t<\/div>\n\t\t\t\t<div class=\"elementor-element elementor-element-beae3aa elementor-widget elementor-widget-heading\" data-id=\"beae3aa\" data-element_type=\"widget\" data-e-type=\"widget\" data-widget_type=\"heading.default\">\n\t\t\t\t<div class=\"elementor-widget-container\">\n\t\t\t\t\t<h3 class=\"elementor-heading-title elementor-size-default\">Eskrim yapman\u0131n cezas\u0131 nedir?<\/h3>\t\t\t\t<\/div>\n\t\t\t\t<\/div>\n\t\t\t\t<div class=\"elementor-element elementor-element-c1e6c18 color-scheme-inherit text-left elementor-widget elementor-widget-text-editor\" data-id=\"c1e6c18\" data-element_type=\"widget\" data-e-type=\"widget\" data-widget_type=\"text-editor.default\">\n\t\t\t\t<div class=\"elementor-widget-container\">\n\t\t\t\t\t\t\t\t\t<p>Ceza Kanunu'nun 416,417 ve 417bis maddelerine g\u00f6re, \u00e7al\u0131nt\u0131 mal almak cezai bir su\u00e7tur. Genellikle, h\u0131rs\u0131zl\u0131klar\u0131n amac\u0131 \u00e7al\u0131nan mallar\u0131 satmakt\u0131r ve bu mallar\u0131 sat\u0131n alan ve yeniden satan ki\u015fiye \u201c\u00e7alan\u201d denir.<\/p><p>\u0130yile\u015fme \u00fc\u00e7 kategoriye ayr\u0131labilir:<\/p><ul><li><strong>Opzetheling:<\/strong> Bu durumda, \u00e7it\u00e7i sat\u0131n ald\u0131\u011f\u0131 mallar\u0131n su\u00e7 te\u015fkil etti\u011finin fark\u0131ndad\u0131r. Kas\u0131tl\u0131 kullan\u0131mda, bir ki\u015fi \u00e7al\u0131nt\u0131 mallar\u0131 bilerek sat\u0131n ald\u0131\u011f\u0131nda, bu d\u00f6rt y\u0131la kadar hapis cezas\u0131 veya d\u00f6rd\u00fcnc\u00fc kategori para cezas\u0131 (on binlerce avroya kadar \u00e7\u0131kabilir) ile sonu\u00e7lanabilir.<\/li><li><strong>Bor\u00e7 iyile\u015ftirme:<\/strong> Burada, su\u00e7lu, emin olmasa bile mallar\u0131n su\u00e7 kaynakl\u0131 oldu\u011fundan makul \u00f6l\u00e7\u00fcde \u015f\u00fcphelenmelidir. Ki\u015finin emin olmasa bile mallar\u0131n \u00e7al\u0131nt\u0131 oldu\u011funa inanmak i\u00e7in nedeninin oldu\u011fu kusurlu h\u0131rs\u0131zl\u0131k i\u00e7in ceza 3 y\u0131la kadar hapis veya d\u00f6rd\u00fcnc\u00fc kategori para cezas\u0131 olabilir.<\/li><li><strong>Al\u0131\u015f\u0131lm\u0131\u015f iyile\u015fme:<\/strong>\u00a0Bu, bir ki\u015finin \u00e7al\u0131nt\u0131 oldu\u011funu bilerek tekrar tekrar mal al\u0131p satt\u0131\u011f\u0131 durumlar\u0131 kapsar. Bu, alt\u0131 y\u0131la kadar hapis ve\/veya \u00f6nemli para cezalar\u0131na yol a\u00e7abilecek daha ciddi bir su\u00e7 olarak kabul edilir.<\/li><\/ul><p>\u00c7al\u0131nt\u0131 mal alma su\u00e7u, doland\u0131r\u0131c\u0131l\u0131k, zimmete para ge\u00e7irme ve h\u0131rs\u0131zl\u0131\u011fa benzer bir m\u00fclkiyet su\u00e7u olarak kabul edilir. \u00c7al\u0131nt\u0131 mal ticaretini cayd\u0131rmay\u0131 ve cezaland\u0131rmay\u0131, m\u00fclkiyet haklar\u0131n\u0131 korumay\u0131 ve su\u00e7u \u00f6nlemeyi ama\u00e7lamaktad\u0131r.<\/p>\t\t\t\t\t\t\t\t<\/div>\n\t\t\t\t<\/div>\n\t\t\t\t<div class=\"elementor-element elementor-element-7b0e5fc elementor-widget elementor-widget-spacer\" data-id=\"7b0e5fc\" data-element_type=\"widget\" data-e-type=\"widget\" data-widget_type=\"spacer.default\">\n\t\t\t\t<div class=\"elementor-widget-container\">\n\t\t\t\t\t\t\t<div class=\"elementor-spacer\">\n\t\t\t<div class=\"elementor-spacer-inner\"><\/div>\n\t\t<\/div>\n\t\t\t\t\t\t<\/div>\n\t\t\t\t<\/div>\n\t\t\t\t<div class=\"elementor-element elementor-element-1c91514 elementor-widget elementor-widget-heading\" data-id=\"1c91514\" data-element_type=\"widget\" data-e-type=\"widget\" data-widget_type=\"heading.default\">\n\t\t\t\t<div class=\"elementor-widget-container\">\n\t\t\t\t\t<h3 class=\"elementor-heading-title elementor-size-default\">Elle\u00e7leme ve h\u0131rs\u0131zl\u0131k aras\u0131ndaki fark<\/h3>\t\t\t\t<\/div>\n\t\t\t\t<\/div>\n\t\t\t\t<div class=\"elementor-element elementor-element-d0fa8bc color-scheme-inherit text-left elementor-widget elementor-widget-text-editor\" data-id=\"d0fa8bc\" data-element_type=\"widget\" data-e-type=\"widget\" data-widget_type=\"text-editor.default\">\n\t\t\t\t<div class=\"elementor-widget-container\">\n\t\t\t\t\t\t\t\t\t<p>Eskrim ve h\u0131rs\u0131zl\u0131k birbirine \u00e7ok benzese de aralar\u0131nda farklar vard\u0131r.<\/p><p>Farkl\u0131l\u0131klar\u0131 a\u015fa\u011f\u0131da listeledik.<\/p><ul><li><a href=\"https:\/\/www.derbedrosian.nl\/tr\/yetki%cc%87-alanlari\/ceza-hukuku\/suclar\/hirsizlik\/\"><strong>H\u0131rs\u0131zl\u0131k:\u00a0<\/strong><\/a>H\u0131rs\u0131zl\u0131k, bir ki\u015finin bir ba\u015fkas\u0131ndan izinsiz olarak bir \u015fey \u00e7almas\u0131d\u0131r.<br \/>H\u0131rs\u0131zl\u0131k yapan ki\u015fi mal\u0131 kendisi al\u0131r.<br \/>Bu bir <a href=\"https:\/\/www.derbedrosian.nl\/tr\/yetki%cc%87-alanlari\/ceza-hukuku\/suclar\/\">SU\u00c7<\/a>ve yakalan\u0131rsan\u0131z, cezai su\u00e7lamalarla kar\u015f\u0131 kar\u015f\u0131ya kalabilirsiniz.<\/li><li><strong>\u0130yile\u015fme<\/strong>Bir ki\u015finin \u00e7al\u0131nt\u0131 e\u015fyalar\u0131, genellikle \u00e7al\u0131nt\u0131 olduklar\u0131n\u0131 bilerek sat\u0131n almas\u0131, saklamas\u0131 veya yeniden satmas\u0131d\u0131r.<br \/>- \u0130yile\u015ftiren ki\u015fi genellikle e\u015fyalar\u0131 \u00e7alan ki\u015fi de\u011fildir, ancak bunlar\u0131n sat\u0131lmas\u0131na veya saklanmas\u0131na yard\u0131mc\u0131 olur.<br \/>\u0130yile\u015ftirme de t\u0131pk\u0131 h\u0131rs\u0131zl\u0131k gibi cezai sonu\u00e7lar do\u011furabilir.<\/li><\/ul>\t\t\t\t\t\t\t\t<\/div>\n\t\t\t\t<\/div>\n\t\t\t\t<div class=\"elementor-element elementor-element-925e6c8 elementor-widget elementor-widget-heading\" data-id=\"925e6c8\" data-element_type=\"widget\" data-e-type=\"widget\" data-widget_type=\"heading.default\">\n\t\t\t\t<div class=\"elementor-widget-container\">\n\t\t\t\t\t<h3 class=\"elementor-heading-title elementor-size-default\">Eskrim durumunda kan\u0131tlar<\/h3>\t\t\t\t<\/div>\n\t\t\t\t<\/div>\n\t\t\t\t<div class=\"elementor-element elementor-element-dac5136 color-scheme-inherit text-left elementor-widget elementor-widget-text-editor\" data-id=\"dac5136\" data-element_type=\"widget\" data-e-type=\"widget\" data-widget_type=\"text-editor.default\">\n\t\t\t\t<div class=\"elementor-widget-container\">\n\t\t\t\t\t\t\t\t\t<p>\u00c7al\u0131nt\u0131 mallar\u0131n teslim al\u0131nd\u0131\u011f\u0131n\u0131n kan\u0131tlanmas\u0131nda, ilk etapta \u00f6nemli olan, s\u00f6z konusu mallar\u0131n, san\u0131\u011f\u0131n mallar\u0131n \u00e7al\u0131nt\u0131 oldu\u011funu bilmesi gerekti\u011fini varsaymay\u0131 m\u00fcmk\u00fcn k\u0131lan d\u0131\u015f \u00f6zelliklere sahip olup olmad\u0131\u011f\u0131d\u0131r. <a href=\"https:\/\/www.derbedrosian.nl\/tr\/yetki%cc%87-alanlari\/ceza-hukuku\/suclar\/hirsizlik\/\">HIRSIZLIK<\/a>. Bu \u00f6zellikler eksikse, esas olarak san\u0131\u011f\u0131n a\u00e7\u0131klamas\u0131na ba\u011fl\u0131d\u0131r. M\u00fclk\u00fc nas\u0131l elde etti\u011finize dair ikna edici bir hikayeniz varsa, ceza davas\u0131n\u0131n d\u00fc\u015fmesi i\u00e7in iyi bir \u015fans\u0131n\u0131z vard\u0131r.<\/p><p>Cumhuriyet Savc\u0131s\u0131 bir su\u00e7a kar\u0131\u015ft\u0131\u011f\u0131n\u0131za inan\u0131yorsa, baz\u0131 durumlarda kendisi bir ceza \u00f6nerisinde bulunabilir. Bu durumda size bir i\u015flem \u00f6nerisi veya ceza emri g\u00f6nderilebilir. Alternatif olarak, bir duru\u015fmaya davet edilebilirsiniz. <a href=\"https:\/\/www.derbedrosian.nl\/tr\/yetki%cc%87-alanlari\/ceza-hukuku\/ceza-kararinin-durusmasina\/\">OM duru\u015fmas\u0131.<\/a> T\u00fcm bu durumlarda, sab\u0131ka kayd\u0131n\u0131zda bir onay olmas\u0131 riski vard\u0131r.<\/p>\t\t\t\t\t\t\t\t<\/div>\n\t\t\t\t<\/div>\n\t\t\t\t<div class=\"elementor-element elementor-element-77405da elementor-widget elementor-widget-heading\" data-id=\"77405da\" data-element_type=\"widget\" data-e-type=\"widget\" data-widget_type=\"heading.default\">\n\t\t\t\t<div class=\"elementor-widget-container\">\n\t\t\t\t\t<h3 class=\"elementor-heading-title elementor-size-default\">Eskrim avukat\u0131<\/h3>\t\t\t\t<\/div>\n\t\t\t\t<\/div>\n\t\t\t\t<div class=\"elementor-element elementor-element-15574f5 color-scheme-inherit text-left elementor-widget elementor-widget-text-editor\" data-id=\"15574f5\" data-element_type=\"widget\" data-e-type=\"widget\" data-widget_type=\"text-editor.default\">\n\t\t\t\t<div class=\"elementor-widget-container\">\n\t\t\t\t\t\t\t\t\t<p>\u00c7al\u0131nt\u0131 mal almakla m\u0131 su\u00e7lan\u0131yorsunuz? M\u00fcmk\u00fcn olan en k\u0131sa s\u00fcrede deneyimli bir avukatla ileti\u015fime ge\u00e7mek her zaman yap\u0131lacak en ak\u0131ll\u0131ca \u015feydir.<\/p><p><a href=\"https:\/\/www.derbedrosian.nl\/tr\/avukatlar\/\">Avukatlar<\/a> Der Bedrosian hukuk b\u00fcrosu eskrim alan\u0131nda uzmanla\u015fm\u0131\u015ft\u0131r ve bu nedenle size daha fazla hukuki yard\u0131m sunabilir.<\/p><p>Bu nedenle, g\u00fc\u00e7l\u00fc bir savunma olu\u015fturabilmemiz i\u00e7in bizimle ileti\u015fime ge\u00e7mekten \u00e7ekinmeyin.\u00a0<\/p>\t\t\t\t\t\t\t\t<\/div>\n\t\t\t\t<\/div>\n\t\t\t\t<\/div>\n\t\t\t\t\t<\/div>\n\t\t\t\t<\/div>\n\t\t\t\t<\/div>","protected":false},"excerpt":{"rendered":"<p>\u00e7al\u0131nt\u0131 mal al\u0131m sat\u0131m\u0131 madde 417bis \u00e7al\u0131nt\u0131 mal al\u0131m sat\u0131m\u0131 avukat h\u0131rs\u0131zl\u0131k ve \u00e7al\u0131nt\u0131 mal al\u0131m sat\u0131m\u0131 ceza avukat\u0131 enschede Enschede'de bulunuyorsan\u0131z ve hukuki yard\u0131ma ihtiyac\u0131n\u0131z varsa<\/p>","protected":false},"author":1,"featured_media":0,"parent":10047,"menu_order":0,"comment_status":"closed","ping_status":"closed","template":"","meta":{"footnotes":""},"class_list":["post-10836","page","type-page","status-publish","hentry"],"_links":{"self":[{"href":"https:\/\/www.derbedrosian.nl\/tr\/wp-json\/wp\/v2\/pages\/10836","targetHints":{"allow":["GET"]}}],"collection":[{"href":"https:\/\/www.derbedrosian.nl\/tr\/wp-json\/wp\/v2\/pages"}],"about":[{"href":"https:\/\/www.derbedrosian.nl\/tr\/wp-json\/wp\/v2\/types\/page"}],"author":[{"embeddable":true,"href":"https:\/\/www.derbedrosian.nl\/tr\/wp-json\/wp\/v2\/users\/1"}],"replies":[{"embeddable":true,"href":"https:\/\/www.derbedrosian.nl\/tr\/wp-json\/wp\/v2\/comments?post=10836"}],"version-history":[{"count":0,"href":"https:\/\/www.derbedrosian.nl\/tr\/wp-json\/wp\/v2\/pages\/10836\/revisions"}],"up":[{"embeddable":true,"href":"https:\/\/www.derbedrosian.nl\/tr\/wp-json\/wp\/v2\/pages\/10047"}],"wp:attachment":[{"href":"https:\/\/www.derbedrosian.nl\/tr\/wp-json\/wp\/v2\/media?parent=10836"}],"curies":[{"name":"wp","href":"https:\/\/api.w.org\/{rel}","templated":true}]}}