{"id":10821,"date":"2023-05-29T09:56:02","date_gmt":"2023-05-29T07:56:02","guid":{"rendered":"https:\/\/derbedrosian.nl\/?page_id=10821"},"modified":"2025-12-21T16:42:07","modified_gmt":"2025-12-21T14:42:07","slug":"hollanda-si%cc%87rketi%cc%87-kurmak","status":"publish","type":"page","link":"https:\/\/www.derbedrosian.nl\/tr\/rechtsgebieden\/zakelijke-dienstverlening\/opzetten-van-nederlands-onderneming\/","title":{"rendered":"Hollandal\u0131 \u015firket kurma"},"content":{"rendered":"<div data-elementor-type=\"wp-page\" data-elementor-id=\"10821\" class=\"elementor elementor-10821\" data-elementor-post-type=\"page\">\n\t\t\t\t<div class=\"wd-negative-gap elementor-element elementor-element-f28fca6 e-flex e-con-boxed e-con e-parent\" data-id=\"f28fca6\" data-element_type=\"container\" data-e-type=\"container\">\n\t\t\t\t\t<div class=\"e-con-inner\">\n\t\t\t\t<div class=\"elementor-element elementor-element-a4419ac elementor-hidden-desktop elementor-hidden-tablet elementor-hidden-mobile elementor-widget elementor-widget-wd_image_or_svg\" data-id=\"a4419ac\" data-element_type=\"widget\" data-e-type=\"widget\" id=\"seo-word\" data-widget_type=\"wd_image_or_svg.default\">\n\t\t\t\t<div class=\"elementor-widget-container\">\n\t\t\t\t\t\n\t\t<div class=\"wd-image text-left\">\n\t\t\t\t\t\t\t\t<img loading=\"lazy\" decoding=\"async\" width=\"1000\" height=\"659\" src=\"https:\/\/www.derbedrosian.nl\/wp-content\/uploads\/rechtsgebied-opzetten-van-nederlands-onderneming.jpg\" class=\"attachment-full size-full\" alt=\"Hollandal\u0131 \u015firket avukat i\u015f hizmetleri bv kvk kurma\" srcset=\"https:\/\/www.derbedrosian.nl\/wp-content\/uploads\/rechtsgebied-opzetten-van-nederlands-onderneming.jpg 1000w, https:\/\/www.derbedrosian.nl\/wp-content\/uploads\/rechtsgebied-opzetten-van-nederlands-onderneming-400x264.jpg 400w, https:\/\/www.derbedrosian.nl\/wp-content\/uploads\/rechtsgebied-opzetten-van-nederlands-onderneming-768x506.jpg 768w\" sizes=\"auto, (max-width: 1000px) 100vw, 1000px\" title=\"\">\t\t\t\t\t<\/div>\n\n\t\t\t\t\t\t<\/div>\n\t\t\t\t<\/div>\n\t\t\t\t<div class=\"elementor-element elementor-element-496c704 elementor-hidden-desktop elementor-hidden-tablet elementor-hidden-mobile elementor-widget elementor-widget-heading\" data-id=\"496c704\" data-element_type=\"widget\" data-e-type=\"widget\" id=\"seo-word\" data-widget_type=\"heading.default\">\n\t\t\t\t<div class=\"elementor-widget-container\">\n\t\t\t\t\t<h2 class=\"elementor-heading-title elementor-size-default\">Hollandal\u0131 bir \u015firket kurmak i\u00e7in yol haritas\u0131<\/h2>\t\t\t\t<\/div>\n\t\t\t\t<\/div>\n\t\t\t\t<div class=\"elementor-element elementor-element-0fc64c4 elementor-hidden-desktop elementor-hidden-tablet elementor-hidden-mobile elementor-widget elementor-widget-heading\" data-id=\"0fc64c4\" data-element_type=\"widget\" data-e-type=\"widget\" id=\"seo-word\" data-widget_type=\"heading.default\">\n\t\t\t\t<div class=\"elementor-widget-container\">\n\t\t\t\t\t<h5 class=\"elementor-heading-title elementor-size-default\">Bir i\u015f kurman\u0131za yard\u0131mc\u0131 oluyoruz<\/h5>\t\t\t\t<\/div>\n\t\t\t\t<\/div>\n\t\t\t\t<div class=\"elementor-element elementor-element-8fa8869 elementor-hidden-desktop elementor-hidden-tablet elementor-hidden-mobile elementor-widget elementor-widget-heading\" data-id=\"8fa8869\" data-element_type=\"widget\" data-e-type=\"widget\" id=\"seo-word\" data-widget_type=\"heading.default\">\n\t\t\t\t<div class=\"elementor-widget-container\">\n\t\t\t\t\t<h5 class=\"elementor-heading-title elementor-size-default\">i\u015f f\u0131rsatlar\u0131 ama hangi giri\u015fim bi\u00e7imleri<\/h5>\t\t\t\t<\/div>\n\t\t\t\t<\/div>\n\t\t\t\t<div class=\"elementor-element elementor-element-b0749db elementor-hidden-desktop elementor-hidden-tablet elementor-hidden-mobile elementor-widget elementor-widget-heading\" data-id=\"b0749db\" data-element_type=\"widget\" data-e-type=\"widget\" id=\"seo-word\" data-widget_type=\"heading.default\">\n\t\t\t\t<div class=\"elementor-widget-container\">\n\t\t\t\t\t<h5 class=\"elementor-heading-title elementor-size-default\">hollanda \u00e7ali\u015fmalarinizi kayit altina alin<\/h5>\t\t\t\t<\/div>\n\t\t\t\t<\/div>\n\t\t\t\t<div class=\"elementor-element elementor-element-37131fc elementor-hidden-desktop elementor-hidden-tablet elementor-hidden-mobile elementor-widget elementor-widget-heading\" data-id=\"37131fc\" data-element_type=\"widget\" data-e-type=\"widget\" id=\"seo-word\" data-widget_type=\"heading.default\">\n\t\t\t\t<div class=\"elementor-widget-container\">\n\t\t\t\t\t<h5 class=\"elementor-heading-title elementor-size-default\">hangi i\u015f formlar\u0131 var<\/h5>\t\t\t\t<\/div>\n\t\t\t\t<\/div>\n\t\t\t\t<div class=\"elementor-element elementor-element-ad8e000 elementor-hidden-desktop elementor-hidden-tablet elementor-hidden-mobile elementor-widget elementor-widget-heading\" data-id=\"ad8e000\" data-element_type=\"widget\" data-e-type=\"widget\" id=\"seo-word\" data-widget_type=\"heading.default\">\n\t\t\t\t<div class=\"elementor-widget-container\">\n\t\t\t\t\t<h5 class=\"elementor-heading-title elementor-size-default\">hollanda serbest meslek sahipleri<\/h5>\t\t\t\t<\/div>\n\t\t\t\t<\/div>\n\t\t\t\t<div class=\"elementor-element elementor-element-b88a74a elementor-hidden-desktop elementor-hidden-tablet elementor-hidden-mobile elementor-widget elementor-widget-heading\" data-id=\"b88a74a\" data-element_type=\"widget\" data-e-type=\"widget\" id=\"seo-word\" data-widget_type=\"heading.default\">\n\t\t\t\t<div class=\"elementor-widget-container\">\n\t\t\t\t\t<h5 class=\"elementor-heading-title elementor-size-default\">Hollanda'da bir i\u015f kurmak i\u00e7in neye ihtiyac\u0131n\u0131z var?<\/h5>\t\t\t\t<\/div>\n\t\t\t\t<\/div>\n\t\t\t\t<div class=\"elementor-element elementor-element-c7ad9c0 elementor-hidden-desktop elementor-hidden-tablet elementor-hidden-mobile elementor-widget elementor-widget-heading\" data-id=\"c7ad9c0\" data-element_type=\"widget\" data-e-type=\"widget\" id=\"seo-word\" data-widget_type=\"heading.default\">\n\t\t\t\t<div class=\"elementor-widget-container\">\n\t\t\t\t\t<h5 class=\"elementor-heading-title elementor-size-default\">Hollanda'da nas\u0131l \u015firket kurars\u0131n\u0131z?<\/h5>\t\t\t\t<\/div>\n\t\t\t\t<\/div>\n\t\t\t\t<div class=\"elementor-element elementor-element-2cd7bde elementor-hidden-desktop elementor-hidden-tablet elementor-hidden-mobile elementor-widget elementor-widget-heading\" data-id=\"2cd7bde\" data-element_type=\"widget\" data-e-type=\"widget\" id=\"seo-word\" data-widget_type=\"heading.default\">\n\t\t\t\t<div class=\"elementor-widget-container\">\n\t\t\t\t\t<h5 class=\"elementor-heading-title elementor-size-default\">i\u0307\u015f hi\u0307zmetleri\u0307 avukati enschede<\/h5>\t\t\t\t<\/div>\n\t\t\t\t<\/div>\n\t\t\t\t<div class=\"elementor-element elementor-element-591cedb elementor-hidden-desktop elementor-hidden-tablet elementor-hidden-mobile elementor-widget elementor-widget-heading\" data-id=\"591cedb\" data-element_type=\"widget\" data-e-type=\"widget\" id=\"seo-word\" data-widget_type=\"heading.default\">\n\t\t\t\t<div class=\"elementor-widget-container\">\n\t\t\t\t\t<h5 class=\"elementor-heading-title elementor-size-default\">i\u0307\u015f hi\u0307zmetleri\u0307 avukatlari overijssel<\/h5>\t\t\t\t<\/div>\n\t\t\t\t<\/div>\n\t\t\t\t<div class=\"elementor-element elementor-element-b8d9afa elementor-hidden-desktop elementor-hidden-tablet elementor-hidden-mobile elementor-widget elementor-widget-heading\" data-id=\"b8d9afa\" data-element_type=\"widget\" data-e-type=\"widget\" id=\"seo-word\" data-widget_type=\"heading.default\">\n\t\t\t\t<div class=\"elementor-widget-container\">\n\t\t\t\t\t<h5 class=\"elementor-heading-title elementor-size-default\">kurumsal avukatlar derbedrosian<\/h5>\t\t\t\t<\/div>\n\t\t\t\t<\/div>\n\t\t\t\t<div class=\"elementor-element elementor-element-ba40882 elementor-hidden-desktop elementor-hidden-tablet elementor-hidden-mobile elementor-widget elementor-widget-heading\" data-id=\"ba40882\" data-element_type=\"widget\" data-e-type=\"widget\" id=\"seo-word\" data-widget_type=\"heading.default\">\n\t\t\t\t<div class=\"elementor-widget-container\">\n\t\t\t\t\t<h5 class=\"elementor-heading-title elementor-size-default\">hollanda'da \u015fi\u0307rket avukatlari<\/h5>\t\t\t\t<\/div>\n\t\t\t\t<\/div>\n\t\t\t\t<div class=\"elementor-element elementor-element-bd4f0d9 elementor-hidden-desktop elementor-hidden-tablet elementor-hidden-mobile elementor-widget elementor-widget-heading\" data-id=\"bd4f0d9\" data-element_type=\"widget\" data-e-type=\"widget\" id=\"seo-word\" data-widget_type=\"heading.default\">\n\t\t\t\t<div class=\"elementor-widget-container\">\n\t\t\t\t\t<h5 class=\"elementor-heading-title elementor-size-default\">Hollanda'da bir i\u015f kurmak, serbest meslek sahibi giri\u015fimciler i\u00e7in \u00f6nemli bir ad\u0131md\u0131r. Enschede merkezli ve Overijssel'de faaliyet g\u00f6steren Derbedrosian \u0130\u015f Hizmetleri Avukatlar\u0131, Hollanda'daki i\u015f hizmetleri ve \u015firketler hukukunun yasal y\u00f6nlerini anl\u0131yor. \u0130\u015f avukatlar\u0131m\u0131z, i\u015finizi kurman\u0131n her a\u015famas\u0131nda size yard\u0131mc\u0131 olabilir.\n\nHollanda'da bir \u015firket kurma s\u00fcreci, do\u011fru yasal formu se\u00e7mek, \u015firketinizi Ticaret Odas\u0131'na kaydettirmek, vergi y\u00fck\u00fcml\u00fcl\u00fcklerini yerine getirmek ve yasal olarak ba\u011flay\u0131c\u0131 belgeler haz\u0131rlamak gibi birka\u00e7 ad\u0131m\u0131 i\u00e7erir. Avukatlar\u0131m\u0131z bu s\u00fcre\u00e7te size rehberlik edecek ve ticari \u00e7\u0131karlar\u0131n\u0131z\u0131n yasal olarak korunmas\u0131n\u0131 sa\u011flayacak uzmanl\u0131\u011fa sahiptir.\n\nHollanda'da i\u015f hizmetleri sunmak isteyen ba\u011f\u0131ms\u0131z bir giri\u015fimci olarak, do\u011fru yasal ad\u0131mlar\u0131 atmak \u00e7ok \u00f6nemlidir. Derbedrosian \u0130\u015f Hizmetleri Avukatlar\u0131, bu ad\u0131mlar\u0131 atman\u0131za yard\u0131mc\u0131 olmak ve i\u015fletmenizin y\u00fcr\u00fcrl\u00fckteki t\u00fcm yasa ve y\u00f6netmeliklere uygun olmas\u0131n\u0131 sa\u011flamak i\u00e7in buradalar.\n\nHollanda'da i\u015finizi kurarken uzman yasal tavsiye ve yard\u0131m i\u00e7in bizimle ileti\u015fime ge\u00e7mekten \u00e7ekinmeyin. \u0130\u015f hedeflerinizi desteklemeye ve \u015firketiniz i\u00e7in sa\u011flam bir yasal temel sa\u011flamaya kararl\u0131y\u0131z.<\/h5>\t\t\t\t<\/div>\n\t\t\t\t<\/div>\n\t\t\t\t<div class=\"elementor-element elementor-element-c5fb050 elementor-widget elementor-widget-heading\" data-id=\"c5fb050\" data-element_type=\"widget\" data-e-type=\"widget\" data-widget_type=\"heading.default\">\n\t\t\t\t<div class=\"elementor-widget-container\">\n\t\t\t\t\t<h3 class=\"elementor-heading-title elementor-size-default\">Hollandal\u0131 bir \u015firket kurmak<\/h3>\t\t\t\t<\/div>\n\t\t\t\t<\/div>\n\t\t\t\t<div class=\"elementor-element elementor-element-b5568ec color-scheme-inherit text-left elementor-widget elementor-widget-text-editor\" data-id=\"b5568ec\" data-element_type=\"widget\" data-e-type=\"widget\" data-widget_type=\"text-editor.default\">\n\t\t\t\t<div class=\"elementor-widget-container\">\n\t\t\t\t\t\t\t\t\t<p>Hollandal\u0131 bir \u015firket kurmak, bir\u00e7ok insan\u0131n heyecan verici buldu\u011fu bir \u015fey. Dikkatli planlama ve haz\u0131rl\u0131k gerektirir. \u0130ster deneyimli bir giri\u015fimci olun, ister i\u015f d\u00fcnyas\u0131na ilk kez giriyor olun, Hollandal\u0131 bir \u015firket kurman\u0131n i\u00e7erdi\u011fi ad\u0131mlar\u0131 ve hususlar\u0131 anlamak ba\u015far\u0131n\u0131z i\u00e7in \u00e7ok \u00f6nemlidir. A\u015fa\u011f\u0131da, kendi i\u015finizi kurarken izlenecek temel ad\u0131mlar\u0131 ve dikkat edilmesi gereken hususlar\u0131 \u00f6zetledik:<\/p><ul><li><strong>\u0130\u015f Plan\u0131 Haz\u0131rlama:<\/strong> Bir i\u015f plan\u0131, i\u015fletmenizin bel kemi\u011fidir ve operasyonlar\u0131n\u0131z i\u00e7in bir rehber g\u00f6revi g\u00f6r\u00fcr. \u0130\u015f hedeflerinizi, stratejilerinizi ve finansal projeksiyonlar\u0131n\u0131z\u0131 detayland\u0131ran bir belgedir. Vizyonunuzu ve misyonunuzu net bir \u015fekilde tan\u0131mlamak i\u00e7in zaman ay\u0131r\u0131n.<\/li><li><strong>Pazar ara\u015ft\u0131rmas\u0131 y\u00fcr\u00fctmek:<\/strong> Hedef pazar\u0131n\u0131z\u0131 anlamak ve i\u015f stratejinizi tan\u0131mlamak i\u00e7in kapsaml\u0131 bir pazar ara\u015ft\u0131rmas\u0131 yap\u0131n. Bu, rakiplerin, pazar trendlerinin ve f\u0131rsatlar\u0131n analiz edilmesini de i\u00e7erir. Kendinizi di\u011ferlerinden farkl\u0131la\u015ft\u0131rmak i\u00e7in benzersiz sat\u0131\u015f noktan\u0131z\u0131 (USP) belirleyin.<\/li><li><strong>Finansal Plan Yapma:<\/strong> Ayr\u0131nt\u0131l\u0131 bir finansal plan haz\u0131rlamak, i\u015finizin uygulanabilirli\u011fini de\u011ferlendirmek i\u00e7in gereklidir. B\u00fct\u00e7eleme, yat\u0131r\u0131m analizi ve nakit ak\u0131\u015f\u0131 projeksiyonlar\u0131n\u0131 i\u00e7erir. Finansal hedeflerinizi ger\u00e7ek\u00e7i bir \u015fekilde belirlemenizi sa\u011flar.<\/li><li><strong>\u015eirket ad\u0131 Se\u00e7iniz:<\/strong> Yasal gereklilikleri kar\u015f\u0131layan ve marka kimli\u011finizle e\u015fle\u015fen benzersiz ve uygun bir \u015firket ad\u0131 se\u00e7in. Se\u00e7ilen ismin mevcut olup olmad\u0131\u011f\u0131n\u0131 kontrol edin ve gerekirse tescil ettirin.<\/li><li><strong>Yasal form se\u00e7imi:<\/strong> Tek t\u00fcccar, genel ortakl\u0131k (VOF), \u00f6zel limited \u015firket (BV) veya kamu limited \u015firketi (NV) gibi i\u015fletmenize en uygun yasal formu belirleyin. Se\u00e7iminiz yasal ve vergi y\u00fck\u00fcml\u00fcl\u00fcklerinizi etkileyecektir.<\/li><li><strong>Kay\u0131t Tutma ve Saklama:<\/strong> Yasal gerekliliklere g\u00f6re do\u011fru mali kay\u0131tlar tutun. Faturalar, makbuzlar ve banka ekstreleri gibi mali kay\u0131tlar\u0131 ve belgeleri saklad\u0131\u011f\u0131n\u0131zdan emin olun.<\/li><li><strong>\u015eartlar ve Ko\u015fullar ve Sigorta D\u00fczenlemeleri:<\/strong> Hem kendinizi hem de m\u00fc\u015fterilerinizi korumak i\u00e7in a\u00e7\u0131k h\u00fck\u00fcm ve ko\u015fullar belirleyin. Ayr\u0131ca, riskleri azaltmak i\u00e7in sorumluluk sigortas\u0131 gibi hangi sigortan\u0131n gerekli oldu\u011funu da g\u00f6z \u00f6n\u00fcnde bulundurun.<\/li><li><strong>Yasal Gerekliliklerin Kar\u015f\u0131lanmas\u0131:<\/strong> Sekt\u00f6r\u00fcn\u00fcz i\u00e7in ge\u00e7erli olan belirli yasal gereklilikleri ve izinleri ara\u015ft\u0131r\u0131n ve anlay\u0131n. Bu gerekliliklere uymak, yasal sorunlardan ka\u00e7\u0131nmak ve i\u015fletmenizin yasal olarak faaliyet g\u00f6stermesini sa\u011flamak i\u00e7in \u00e7ok \u00f6nemlidir.<\/li><\/ul><p>Bu s\u00fcre\u00e7 boyunca profesyonel tavsiye ve rehberlik, t\u00fcm yasal, finansal ve operasyonel hususlara uyman\u0131za yard\u0131mc\u0131 olabilir. Kendi i\u015finizi kurmak f\u0131rsatlar sunar, ancak ba\u015far\u0131l\u0131 olmak i\u00e7in kapsaml\u0131 bir haz\u0131rl\u0131k ve \u00f6zveri de gerektirir.<\/p>\t\t\t\t\t\t\t\t<\/div>\n\t\t\t\t<\/div>\n\t\t\t\t<div class=\"elementor-element elementor-element-613559a elementor-widget elementor-widget-spacer\" data-id=\"613559a\" data-element_type=\"widget\" data-e-type=\"widget\" data-widget_type=\"spacer.default\">\n\t\t\t\t<div class=\"elementor-widget-container\">\n\t\t\t\t\t\t\t<div class=\"elementor-spacer\">\n\t\t\t<div class=\"elementor-spacer-inner\"><\/div>\n\t\t<\/div>\n\t\t\t\t\t\t<\/div>\n\t\t\t\t<\/div>\n\t\t\t\t<div class=\"elementor-element elementor-element-6bf7b6e elementor-widget elementor-widget-heading\" data-id=\"6bf7b6e\" data-element_type=\"widget\" data-e-type=\"widget\" data-widget_type=\"heading.default\">\n\t\t\t\t<div class=\"elementor-widget-container\">\n\t\t\t\t\t<h3 class=\"elementor-heading-title elementor-size-default\">Hollandal\u0131 bir \u015firketi yabanc\u0131 olarak m\u0131 ba\u015flat\u0131yorsunuz?<\/h3>\t\t\t\t<\/div>\n\t\t\t\t<\/div>\n\t\t\t\t<div class=\"elementor-element elementor-element-589efc1 color-scheme-inherit text-left elementor-widget elementor-widget-text-editor\" data-id=\"589efc1\" data-element_type=\"widget\" data-e-type=\"widget\" data-widget_type=\"text-editor.default\">\n\t\t\t\t<div class=\"elementor-widget-container\">\n\t\t\t\t\t\t\t\t\t<p>Belirli ko\u015fullar\u0131n yerine getirilmesi ko\u015fuluyla, yabanc\u0131lar\u0131n Hollanda'da serbest meslek sahibi olmalar\u0131 m\u00fcmk\u00fcnd\u00fcr. Bu ko\u015fullar, i\u015finizin Hollanda ekonomisine olumlu bir katk\u0131da bulunmas\u0131n\u0131 sa\u011flamak i\u00e7in tasarlanm\u0131\u015ft\u0131r. Ba\u011f\u0131ms\u0131z bir giri\u015fimciyseniz, a\u015fa\u011f\u0131dakiler i\u00e7in ba\u015fvurabilirsiniz <a href=\"https:\/\/www.derbedrosian.nl\/tr\/yetki%cc%87-alanlari\/gocmenlik-hukuku\/oturma-izni-serbest-meslek-sahibi-kisi\/\">'Serbest meslek' ikamet izni<\/a> uygulamalar. A\u015fa\u011f\u0131da ana ko\u015fullar yer almaktad\u0131r:<\/p><ul><li><strong>\u015eartlar ve ko\u015fullar:<\/strong> Hollanda'da oturma izni i\u00e7in ba\u015fvururken herkes i\u00e7in ge\u00e7erli olan genel ko\u015fullar\u0131 kar\u015f\u0131laman\u0131z gerekir. Bu, kimli\u011finiz, sa\u011fl\u0131k durumunuz ve herhangi bir su\u00e7 ge\u00e7mi\u015finiz gibi \u015feyleri i\u00e7erir.<\/li><li><strong>Hollanda ekonomisi i\u00e7in temel \u00f6nem:<\/strong>\u00a0\u00c7al\u0131\u015fman\u0131z\u0131n Hollanda ekonomisi \u00fczerinde \u00f6nemli bir etkisi olmal\u0131d\u0131r. Bu, \u00f6rne\u011fin, istihdam yaratma, yat\u0131r\u0131m \u00e7ekme veya yenilik\u00e7i hizmetler veya \u00fcr\u00fcnler sa\u011flamay\u0131 i\u00e7erebilir.<\/li><li><strong>Ticaret Odas\u0131'na kay\u0131t:<\/strong>\u00a0Ticaret Odas\u0131'n\u0131n ticaret siciline kay\u0131tl\u0131 olman\u0131z gerekir. Bu kay\u0131t, \u015firketinizin resmi olarak tan\u0131nmas\u0131 i\u00e7in \u00f6nemlidir.<\/li><li><strong>Gelir Gereksinimlerinin Kar\u015f\u0131lanmas\u0131:<\/strong>\u00a0i\u015f plan\u0131n\u0131zda g\u00f6sterilebilecek belirli gelir gereksinimlerini kar\u015f\u0131laman\u0131z gerekir. \u0130\u015f plan\u0131, finansal beklentilerinize ve ge\u00e7iminizi nas\u0131l sa\u011flayaca\u011f\u0131n\u0131za a\u00e7\u0131kl\u0131k getirmelidir.<\/li><\/ul><p>Yasal tavsiyelere dan\u0131\u015fmak, t\u00fcm gereksinimleri kar\u015f\u0131lad\u0131\u011f\u0131n\u0131zdan ve i\u015f planlar\u0131n\u0131z\u0131 ba\u015far\u0131yla ger\u00e7ekle\u015ftirebildi\u011finizden emin olman\u0131za yard\u0131mc\u0131 olabilir. Giri\u015fimcilik sadece kendi gelece\u011finizi etkilemekle kalmaz, ayn\u0131 zamanda Hollanda ekonomisinin b\u00fcy\u00fcmesine ve geli\u015fmesine de katk\u0131da bulunabilir.<\/p>\t\t\t\t\t\t\t\t<\/div>\n\t\t\t\t<\/div>\n\t\t\t\t<div class=\"elementor-element elementor-element-341ac2e elementor-widget elementor-widget-spacer\" data-id=\"341ac2e\" data-element_type=\"widget\" data-e-type=\"widget\" data-widget_type=\"spacer.default\">\n\t\t\t\t<div class=\"elementor-widget-container\">\n\t\t\t\t\t\t\t<div class=\"elementor-spacer\">\n\t\t\t<div class=\"elementor-spacer-inner\"><\/div>\n\t\t<\/div>\n\t\t\t\t\t\t<\/div>\n\t\t\t\t<\/div>\n\t\t\t\t<div class=\"elementor-element elementor-element-38925a8 elementor-widget elementor-widget-heading\" data-id=\"38925a8\" data-element_type=\"widget\" data-e-type=\"widget\" data-widget_type=\"heading.default\">\n\t\t\t\t<div class=\"elementor-widget-container\">\n\t\t\t\t\t<h3 class=\"elementor-heading-title elementor-size-default\">Hollanda'da kendi i\u015finizi kurmak istiyorsan\u0131z maliyetler nelerdir?<\/h3>\t\t\t\t<\/div>\n\t\t\t\t<\/div>\n\t\t\t\t<div class=\"elementor-element elementor-element-c45c0ca color-scheme-inherit text-left elementor-widget elementor-widget-text-editor\" data-id=\"c45c0ca\" data-element_type=\"widget\" data-e-type=\"widget\" data-widget_type=\"text-editor.default\">\n\t\t\t\t<div class=\"elementor-widget-container\">\n\t\t\t\t\t\t\t\t\t<p>Kendi i\u015finizi kurman\u0131n do\u011fal olarak masraflar\u0131 vard\u0131r. Peki hangi masraflar\u0131 bekleyebilirsiniz? A\u015fa\u011f\u0131da sizin i\u00e7in en \u00f6nemli masraflar\u0131 listeledik:<\/p><ul><li><strong>Ticaret Odas\u0131 (CoC):<\/strong>\u00a0\u015eirketinizi Ticaret Odas\u0131na kaydettirmek i\u00e7in bir defaya mahsus 75 \u20ac \u00fccret al\u0131n\u0131r.<\/li><li><strong>Noter \u00fccretleri:<\/strong>\u00a0Noter, \u015firketiniz i\u00e7in bir kurulu\u015f s\u00f6zle\u015fmesi haz\u0131rlar. Maliyetler, senedin karma\u015f\u0131kl\u0131\u011f\u0131na ve \u00f6zel gereksinimlerinize ba\u011fl\u0131 olarak de\u011fi\u015fir.<\/li><li><strong>Ofis masraflar\u0131:<\/strong>\u00a0Bu maliyetlerin miktar\u0131, ofis olarak kulland\u0131\u011f\u0131n\u0131z alana ba\u011fl\u0131d\u0131r. Bu, basit bir ev ofisinden ticari ofis alan\u0131 kiralamaya kadar de\u011fi\u015febilir.<\/li><li><strong>Defter Tutma veya Muhasebe i\u00e7in \u00dccretler:<\/strong>\u00a0Bu maliyetlerin miktar\u0131, hesaplarla ne \u00f6l\u00e7\u00fcde kendiniz ilgilendi\u011finize ve g\u00f6revleri ne \u00f6l\u00e7\u00fcde bir muhasebeciye veya muhasebeciye yapt\u0131rd\u0131\u011f\u0131n\u0131za g\u00f6re belirlenir. Maliyetler, mali kay\u0131tlar\u0131n\u0131z\u0131n karma\u015f\u0131kl\u0131\u011f\u0131na ve i\u015f ihtiya\u00e7lar\u0131n\u0131za ba\u011fl\u0131 olarak de\u011fi\u015fir.<\/li><\/ul><p>Bu maliyetleri analiz etmenize ve y\u00f6netmenize yard\u0131mc\u0131 olmas\u0131 i\u00e7in bir mali dan\u0131\u015fmana veya muhasebeciye dan\u0131\u015fman\u0131z, i\u015finizi g\u00fcvenle kurabilmeniz i\u00e7in ak\u0131ll\u0131ca olacakt\u0131r.<\/p>\t\t\t\t\t\t\t\t<\/div>\n\t\t\t\t<\/div>\n\t\t\t\t<div class=\"elementor-element elementor-element-0d475e6 elementor-widget elementor-widget-spacer\" data-id=\"0d475e6\" data-element_type=\"widget\" data-e-type=\"widget\" data-widget_type=\"spacer.default\">\n\t\t\t\t<div class=\"elementor-widget-container\">\n\t\t\t\t\t\t\t<div class=\"elementor-spacer\">\n\t\t\t<div class=\"elementor-spacer-inner\"><\/div>\n\t\t<\/div>\n\t\t\t\t\t\t<\/div>\n\t\t\t\t<\/div>\n\t\t\t\t<div class=\"elementor-element elementor-element-4e2298a elementor-widget elementor-widget-heading\" data-id=\"4e2298a\" data-element_type=\"widget\" data-e-type=\"widget\" data-widget_type=\"heading.default\">\n\t\t\t\t<div class=\"elementor-widget-container\">\n\t\t\t\t\t<h3 class=\"elementor-heading-title elementor-size-default\">Avukatl\u0131k hizmetleri<\/h3>\t\t\t\t<\/div>\n\t\t\t\t<\/div>\n\t\t\t\t<div class=\"elementor-element elementor-element-d75dd0e color-scheme-inherit text-left elementor-widget elementor-widget-text-editor\" data-id=\"d75dd0e\" data-element_type=\"widget\" data-e-type=\"widget\" data-widget_type=\"text-editor.default\">\n\t\t\t\t<div class=\"elementor-widget-container\">\n\t\t\t\t\t\t\t\t\t<p>Hollanda'da bir i\u015f kurar ve y\u00fcr\u00fct\u00fcrseniz, her t\u00fcrl\u00fc zorluk ve yasal sorun \u00f6n\u00fcn\u00fcze \u00e7\u0131kabilir. \u00c7al\u0131\u015fanlar\u0131n\u0131zla, s\u00f6zle\u015fmelerinizle veya dahili i\u015f sorunlar\u0131n\u0131zla ilgili sorunlar olsun, g\u00fcvenebilece\u011finiz yasal tavsiyelere eri\u015fmeniz \u00f6nemlidir.<\/p><p>Der Bedrosian hukuk b\u00fcrosunun \u00f6zellikleri <a href=\"https:\/\/www.derbedrosian.nl\/tr\/avukatlar\/\">\u00f6zel avukatlar<\/a> geni\u015f deneyime sahip <a href=\"https:\/\/www.derbedrosian.nl\/tr\/yetki%cc%87-alanlari\/profesyonel-hi%cc%87zmetler\/\">profesyonel hi\u0307zmetler<\/a> ve i\u015f zorluklar\u0131n\u0131za \u00e7\u00f6z\u00fcm bulman\u0131za yard\u0131mc\u0131 olmaya haz\u0131r\u0131z. \u0130ster i\u015finize yeni ba\u015fl\u0131yor olun, ister halihaz\u0131rda yerle\u015fik bir oyuncu olun, size hizmet etmek i\u00e7in buraday\u0131z.<\/p><p>Bu nedenle, ki\u015fisel durumunuza \u00f6zel olarak uyarlanm\u0131\u015f profesyonel yasal tavsiye i\u00e7in bizimle ileti\u015fime ge\u00e7mekten \u00e7ekinmeyin.<\/p>\t\t\t\t\t\t\t\t<\/div>\n\t\t\t\t<\/div>\n\t\t\t\t\t<\/div>\n\t\t\t\t<\/div>\n\t\t\t\t<\/div>","protected":false},"excerpt":{"rendered":"<p>stappenplan opzetten van Nederlands onderneming wij helpen u op weg met het opzetten van een bedrijf zakelijke kansen maar welke<\/p>","protected":false},"author":1,"featured_media":0,"parent":10818,"menu_order":0,"comment_status":"closed","ping_status":"closed","template":"","meta":{"footnotes":""},"class_list":["post-10821","page","type-page","status-publish","hentry"],"_links":{"self":[{"href":"https:\/\/www.derbedrosian.nl\/tr\/wp-json\/wp\/v2\/pages\/10821","targetHints":{"allow":["GET"]}}],"collection":[{"href":"https:\/\/www.derbedrosian.nl\/tr\/wp-json\/wp\/v2\/pages"}],"about":[{"href":"https:\/\/www.derbedrosian.nl\/tr\/wp-json\/wp\/v2\/types\/page"}],"author":[{"embeddable":true,"href":"https:\/\/www.derbedrosian.nl\/tr\/wp-json\/wp\/v2\/users\/1"}],"replies":[{"embeddable":true,"href":"https:\/\/www.derbedrosian.nl\/tr\/wp-json\/wp\/v2\/comments?post=10821"}],"version-history":[{"count":0,"href":"https:\/\/www.derbedrosian.nl\/tr\/wp-json\/wp\/v2\/pages\/10821\/revisions"}],"up":[{"embeddable":true,"href":"https:\/\/www.derbedrosian.nl\/tr\/wp-json\/wp\/v2\/pages\/10818"}],"wp:attachment":[{"href":"https:\/\/www.derbedrosian.nl\/tr\/wp-json\/wp\/v2\/media?parent=10821"}],"curies":[{"name":"wp","href":"https:\/\/api.w.org\/{rel}","templated":true}]}}