{"id":10818,"date":"2023-05-29T09:54:27","date_gmt":"2023-05-29T07:54:27","guid":{"rendered":"https:\/\/derbedrosian.nl\/?page_id=10818"},"modified":"2025-12-21T16:41:40","modified_gmt":"2025-12-21T14:41:40","slug":"profesyonel-hi%cc%87zmetler","status":"publish","type":"page","link":"https:\/\/www.derbedrosian.nl\/tr\/rechtsgebieden\/zakelijke-dienstverlening\/","title":{"rendered":"\u0130\u015f hizmetleri"},"content":{"rendered":"<div data-elementor-type=\"wp-page\" data-elementor-id=\"10818\" class=\"elementor elementor-10818\" data-elementor-post-type=\"page\">\n\t\t\t\t<div class=\"wd-negative-gap elementor-element elementor-element-b896e5b e-flex e-con-boxed e-con e-parent\" data-id=\"b896e5b\" data-element_type=\"container\" data-e-type=\"container\">\n\t\t\t\t\t<div class=\"e-con-inner\">\n\t\t\t\t<div class=\"elementor-element elementor-element-aeca049 elementor-hidden-desktop elementor-hidden-tablet elementor-hidden-mobile elementor-widget elementor-widget-wd_image_or_svg\" data-id=\"aeca049\" data-element_type=\"widget\" data-e-type=\"widget\" id=\"seo-word\" data-widget_type=\"wd_image_or_svg.default\">\n\t\t\t\t<div class=\"elementor-widget-container\">\n\t\t\t\t\t\n\t\t<div class=\"wd-image text-left\">\n\t\t\t\t\t\t\t\t<img loading=\"lazy\" decoding=\"async\" width=\"1000\" height=\"693\" src=\"https:\/\/www.derbedrosian.nl\/wp-content\/uploads\/rechtsgebied-zakelijke-dienstverlening-1.jpg\" class=\"attachment-full size-full\" alt=\"i\u015f hizmetleri Hollandal\u0131 \u015firket avukat\u0131\" srcset=\"https:\/\/www.derbedrosian.nl\/wp-content\/uploads\/rechtsgebied-zakelijke-dienstverlening-1.jpg 1000w, https:\/\/www.derbedrosian.nl\/wp-content\/uploads\/rechtsgebied-zakelijke-dienstverlening-1-400x277.jpg 400w, https:\/\/www.derbedrosian.nl\/wp-content\/uploads\/rechtsgebied-zakelijke-dienstverlening-1-768x532.jpg 768w\" sizes=\"auto, (max-width: 1000px) 100vw, 1000px\" title=\"\">\t\t\t\t\t<\/div>\n\n\t\t\t\t\t\t<\/div>\n\t\t\t\t<\/div>\n\t\t\t\t<div class=\"elementor-element elementor-element-c93c909 elementor-hidden-desktop elementor-hidden-tablet elementor-hidden-mobile elementor-widget elementor-widget-heading\" data-id=\"c93c909\" data-element_type=\"widget\" data-e-type=\"widget\" id=\"seo-word\" data-widget_type=\"heading.default\">\n\t\t\t\t<div class=\"elementor-widget-container\">\n\t\t\t\t\t<h2 class=\"elementor-heading-title elementor-size-default\">\u0130\u015f hizmetleri avukatlar\u0131 enschede<\/h2>\t\t\t\t<\/div>\n\t\t\t\t<\/div>\n\t\t\t\t<div class=\"elementor-element elementor-element-5f96024 elementor-hidden-desktop elementor-hidden-tablet elementor-hidden-mobile elementor-widget elementor-widget-heading\" data-id=\"5f96024\" data-element_type=\"widget\" data-e-type=\"widget\" id=\"seo-word\" data-widget_type=\"heading.default\">\n\t\t\t\t<div class=\"elementor-widget-container\">\n\t\t\t\t\t<h5 class=\"elementor-heading-title elementor-size-default\">derbedrosian hukuk b\u00fcrosu<\/h5>\t\t\t\t<\/div>\n\t\t\t\t<\/div>\n\t\t\t\t<div class=\"elementor-element elementor-element-60f926c elementor-hidden-desktop elementor-hidden-tablet elementor-hidden-mobile elementor-widget elementor-widget-heading\" data-id=\"60f926c\" data-element_type=\"widget\" data-e-type=\"widget\" id=\"seo-word\" data-widget_type=\"heading.default\">\n\t\t\t\t<div class=\"elementor-widget-container\">\n\t\t\t\t\t<h5 class=\"elementor-heading-title elementor-size-default\">hollanda servi\u0307sleri\u0307ni\u0307n kurulmasi<\/h5>\t\t\t\t<\/div>\n\t\t\t\t<\/div>\n\t\t\t\t<div class=\"elementor-element elementor-element-b81c149 elementor-hidden-desktop elementor-hidden-tablet elementor-hidden-mobile elementor-widget elementor-widget-heading\" data-id=\"b81c149\" data-element_type=\"widget\" data-e-type=\"widget\" id=\"seo-word\" data-widget_type=\"heading.default\">\n\t\t\t\t<div class=\"elementor-widget-container\">\n\t\t\t\t\t<h5 class=\"elementor-heading-title elementor-size-default\">kurumsal avukatlar overijssel <\/h5>\t\t\t\t<\/div>\n\t\t\t\t<\/div>\n\t\t\t\t<div class=\"elementor-element elementor-element-2227d60 elementor-hidden-desktop elementor-hidden-tablet elementor-hidden-mobile elementor-widget elementor-widget-heading\" data-id=\"2227d60\" data-element_type=\"widget\" data-e-type=\"widget\" id=\"seo-word\" data-widget_type=\"heading.default\">\n\t\t\t\t<div class=\"elementor-widget-container\">\n\t\t\t\t\t<h5 class=\"elementor-heading-title elementor-size-default\">kurumsal avukatlar enschede<\/h5>\t\t\t\t<\/div>\n\t\t\t\t<\/div>\n\t\t\t\t<div class=\"elementor-element elementor-element-0cf22b8 elementor-hidden-desktop elementor-hidden-tablet elementor-hidden-mobile elementor-widget elementor-widget-heading\" data-id=\"0cf22b8\" data-element_type=\"widget\" data-e-type=\"widget\" id=\"seo-word\" data-widget_type=\"heading.default\">\n\t\t\t\t<div class=\"elementor-widget-container\">\n\t\t\t\t\t<h2 class=\"elementor-heading-title elementor-size-default\">i\u015f f\u0131rsat\u0131 sigorta i\u015f hizmetleri sigorta di\u011fer i\u015f hizmetleri hollanda'daki en iyi i\u015f hizmeti sa\u011flay\u0131c\u0131lar\u0131 sekt\u00f6r<\/h2>\t\t\t\t<\/div>\n\t\t\t\t<\/div>\n\t\t\t\t<div class=\"elementor-element elementor-element-82eed0f elementor-hidden-desktop elementor-hidden-tablet elementor-hidden-mobile elementor-widget elementor-widget-heading\" data-id=\"82eed0f\" data-element_type=\"widget\" data-e-type=\"widget\" id=\"seo-word\" data-widget_type=\"heading.default\">\n\t\t\t\t<div class=\"elementor-widget-container\">\n\t\t\t\t\t<h5 class=\"elementor-heading-title elementor-size-default\">Enschede merkezli ve Overijssel b\u00f6lgesinde faaliyet g\u00f6steren Derbedrosian \u0130\u015f Hizmetleri Avukatlar\u0131, i\u015f hizmetleri ve \u015firketler hukuku alanlar\u0131nda uzmanla\u015fm\u0131\u015f hukuki dan\u0131\u015fmanl\u0131k ve temsil sunmaktad\u0131r. Deneyimli i\u015f avukatlar\u0131m\u0131z, Hollanda hizmetlerini kurman\u0131n karma\u015f\u0131k yasal y\u00f6nlerini anlar ve \u015firketlere yasal ihtiya\u00e7lar\u0131 konusunda yard\u0131mc\u0131 olmaya haz\u0131rd\u0131r.\n\nHollanda'da i\u015f hizmetleri kurmak, dikkatli bir yasal planlama ve y\u00fcr\u00fcrl\u00fckteki yasa ve y\u00f6netmeliklere uygunluk gerektirir. Avukatlar\u0131m\u0131z bu konularda \u00e7ok bilgilidir ve \u00e7\u0131karlar\u0131n\u0131z\u0131 ve haklar\u0131n\u0131z\u0131 korurken hizmetlerinizi kurman\u0131zda size rehberlik edebilir.\n\n\u0130ster ticari hizmetlerle u\u011fra\u015fan ulusal veya uluslararas\u0131 bir \u015firket olun, ister Hollanda'da yeni bir hizmet kurmak i\u00e7in yard\u0131ma ihtiyac\u0131n\u0131z olsun, Derbedrosian Ticari Hizmetler Avukatlar\u0131 hizmetinizdedir. Profesyonel yasal tavsiye ve \u00f6zel yard\u0131m i\u00e7in bizimle ileti\u015fime ge\u00e7mekten \u00e7ekinmeyin. Ticari \u00e7\u0131karlar\u0131n\u0131z\u0131 korumak ve Hollanda'da hizmetlerinizi kurman\u0131za yard\u0131mc\u0131 olmak i\u00e7in buraday\u0131z.<\/h5>\t\t\t\t<\/div>\n\t\t\t\t<\/div>\n\t\t\t\t<div class=\"elementor-element elementor-element-55deef1 elementor-hidden-desktop elementor-hidden-tablet elementor-hidden-mobile color-scheme-inherit text-left elementor-widget elementor-widget-text-editor\" data-id=\"55deef1\" data-element_type=\"widget\" data-e-type=\"widget\" id=\"seo-word\" data-widget_type=\"text-editor.default\">\n\t\t\t\t<div class=\"elementor-widget-container\">\n\t\t\t\t\t\t\t\t\t<p>Dinamik ve zorlu i\u015f d\u00fcnyas\u0131nda, yasal zorluklar ka\u00e7\u0131n\u0131lmazd\u0131r. Hollandal\u0131 kurumsal avukatlar, bu zorluklar\u0131n \u00fcstesinden gelmenize ve i\u015finizi koruyup b\u00fcy\u00fctmenize yard\u0131mc\u0131 olmak i\u00e7in yasal ortaklar\u0131n\u0131z olarak \u00e7ok \u00f6nemli bir rol oynamaktad\u0131r.<\/p><p><em>\u0130\u015fletmeler i\u00e7in Hukuk Uzmanl\u0131\u011f\u0131<\/em><\/p><p>Hollandal\u0131 \u015firket avukatlar\u0131, i\u015fletmelerin \u00f6zel yasal ihtiya\u00e7lar\u0131n\u0131 anlar ve bu ihtiya\u00e7lar\u0131 kar\u015f\u0131lamak i\u00e7in \u00e7ok \u00e7e\u015fitli yasal hizmetler sunar. \u0130ster bir start-up olun, ister orta \u00f6l\u00e7ekli bir \u015firket i\u015fletin veya b\u00fcy\u00fck bir i\u015fletmeyi y\u00f6netin, bu avukatlar sizi destekleyecek uzmanl\u0131\u011fa sahiptir.<\/p>\t\t\t\t\t\t\t\t<\/div>\n\t\t\t\t<\/div>\n\t\t\t\t<div class=\"elementor-element elementor-element-ea8151d color-scheme-inherit text-left elementor-widget elementor-widget-text-editor\" data-id=\"ea8151d\" data-element_type=\"widget\" data-e-type=\"widget\" data-widget_type=\"text-editor.default\">\n\t\t\t\t<div class=\"elementor-widget-container\">\n\t\t\t\t\t\t\t\t\t<p><strong>Bay Der Bedrosian, m\u00fcvekkiller ve \u00e7e\u015fitli alanlarda uzmanla\u015fm\u0131\u015f uzmanlar aras\u0131nda bir k\u00f6pr\u00fc sa\u011flayarak Lider Avukat olarak hareket edebilir. G\u00fc\u00e7l\u00fc hukuki nitelikleri sayesinde, ki\u015fiye \u00f6zel tavsiyelerde bulunabilir. Buna ek olarak, geni\u015f a\u011f\u0131 ve sosyal nitelikleri sayesinde m\u00fcvekkillerini do\u011fru ki\u015filerle bulu\u015fturabilir.<\/strong><\/p><p><strong>\u0130\u015f hizmetleri avukatlar\u0131, i\u015fletmelerin ve \u015firketlerin g\u00fcvenilir hukuk dan\u0131\u015fmanlar\u0131 ve ortaklar\u0131 olarak \u00f6nemli bir rol oynamaktad\u0131r. Bu uzman hukuk\u00e7ular, ticari m\u00fcvekkillerin \u00f6zel yasal ihtiya\u00e7lar\u0131n\u0131 anlar ve \u015firketlerin \u00e7\u0131karlar\u0131n\u0131 korumak ve geli\u015ftirmek i\u00e7in gerekli yasal hizmetleri sa\u011flar. \u015eirketlerin faaliyetlerini ve b\u00fcy\u00fcmelerini etkileyebilecek karma\u015f\u0131k sorunlarla giderek daha fazla kar\u015f\u0131 kar\u015f\u0131ya kald\u0131klar\u0131 bir d\u00f6nemde, bu avukatlar\u0131n rol\u00fc \u00e7ok de\u011ferlidir.<\/strong><\/p>\t\t\t\t\t\t\t\t<\/div>\n\t\t\t\t<\/div>\n\t\t\t\t<div class=\"elementor-element elementor-element-9c0ce77 elementor-widget elementor-widget-spacer\" data-id=\"9c0ce77\" data-element_type=\"widget\" data-e-type=\"widget\" data-widget_type=\"spacer.default\">\n\t\t\t\t<div class=\"elementor-widget-container\">\n\t\t\t\t\t\t\t<div class=\"elementor-spacer\">\n\t\t\t<div class=\"elementor-spacer-inner\"><\/div>\n\t\t<\/div>\n\t\t\t\t\t\t<\/div>\n\t\t\t\t<\/div>\n\t\t\t\t<div class=\"elementor-element elementor-element-7095395 elementor-widget elementor-widget-heading\" data-id=\"7095395\" data-element_type=\"widget\" data-e-type=\"widget\" data-widget_type=\"heading.default\">\n\t\t\t\t<div class=\"elementor-widget-container\">\n\t\t\t\t\t<h3 class=\"elementor-heading-title elementor-size-default\">\u015eirketler i\u00e7in hukuki destek<\/h3>\t\t\t\t<\/div>\n\t\t\t\t<\/div>\n\t\t\t\t<div class=\"elementor-element elementor-element-a035b21 color-scheme-inherit text-left elementor-widget elementor-widget-text-editor\" data-id=\"a035b21\" data-element_type=\"widget\" data-e-type=\"widget\" data-widget_type=\"text-editor.default\">\n\t\t\t\t<div class=\"elementor-widget-container\">\n\t\t\t\t\t\t\t\t\t<p>Hukuk mesle\u011findeki ticari hizmetler, \u015firketlere ve i\u015fletmelere uzmanla\u015fm\u0131\u015f hukuki bilgi sa\u011flayarak temel bir rol\u00fc yerine getirir. Bu \u00f6zel uzmanl\u0131k, i\u015f d\u00fcnyas\u0131n\u0131n genellikle karma\u015f\u0131k ihtiya\u00e7lar\u0131na g\u00f6re uyarlanm\u0131\u015ft\u0131r. A\u015fa\u011f\u0131da, ticari hizmetler avukatlar\u0131 taraf\u0131ndan sunulan temel hizmetleri detayland\u0131r\u0131yoruz:<\/p><ul><li><strong>S\u00f6zle\u015fme g\u00f6r\u00fc\u015fmeleri:<\/strong>\u00a0i\u015f avukatlar\u0131 s\u00f6zle\u015fmelerin haz\u0131rlanmas\u0131, g\u00f6zden ge\u00e7irilmesi ve m\u00fczakere edilmesi konusunda yeteneklidir. Ana hedefleri, bu s\u00f6zle\u015fmelerin yaln\u0131zca yasal olarak su ge\u00e7irmez olmas\u0131n\u0131 sa\u011flamak de\u011fil, ayn\u0131 zamanda m\u00fcvekkillerinin \u00e7\u0131karlar\u0131n\u0131 etkili bir \u015fekilde korumakt\u0131r.<\/li><li><strong>Birle\u015fme ve devralmalar:<\/strong>\u00a0Birle\u015fme ve devralmalar gibi b\u00fcy\u00fck ticari i\u015flemlerde avukatlar \u00e7ok \u00f6nemli bir rol oynar. Kapsaml\u0131 bir durum tespiti yaparak, gerekli belgeleri haz\u0131rlayarak ve i\u015flemin t\u00fcm yasal gerekliliklere uygun olmas\u0131n\u0131 sa\u011flayarak katk\u0131da bulunurlar.<\/li><li><strong>Fikri m\u00fclkiyetin korunmas\u0131:<\/strong>\u00a0Patentler, ticari markalar ve telif haklar\u0131 gibi fikri m\u00fclkiyetin korunmas\u0131n\u0131 sa\u011flamak i\u015fletmeler i\u00e7in hayati \u00f6nem ta\u015f\u0131r. \u0130\u015f avukatlar\u0131, \u015firketlere fikri m\u00fclkiyetlerini nas\u0131l koruyacaklar\u0131 ve uygulayacaklar\u0131 konusunda tavsiyelerde bulunur.<\/li><li><strong>\u015eirketler hukuku:<\/strong>\u00a0Bu, sadece \u015firket kurmay\u0131 de\u011fil, mevzuata uygunlu\u011fu ve \u015firketlere g\u00fcnl\u00fck faaliyetlerinde genel hukuki dan\u0131\u015fmanl\u0131k sa\u011flamay\u0131 da i\u00e7erir.<\/li><\/ul><p>Asl\u0131nda, i\u015f hizmetleri avukatlar\u0131n\u0131n \u015firketler i\u00e7in yol g\u00f6sterici bir rol\u00fc vard\u0131r. \u0130\u015fletmelerin karma\u015f\u0131k kurallar ve yasalar d\u00fcnyas\u0131nda g\u00fcvenli ve iyi bir \u015fekilde \u00e7al\u0131\u015fabilmelerini sa\u011flamaya \u00e7al\u0131\u015f\u0131rlar. Ak\u0131ll\u0131ca tavsiyelerde bulunur ve sorunlara yard\u0131mc\u0131 olurlar, \u015firketlerin zor sorunlarla kar\u015f\u0131la\u015ft\u0131klar\u0131nda bile yasal olarak sa\u011flam ve ba\u015far\u0131l\u0131 hissetmelerini sa\u011flarlar.<\/p>\t\t\t\t\t\t\t\t<\/div>\n\t\t\t\t<\/div>\n\t\t\t\t<div class=\"elementor-element elementor-element-d9b1290 elementor-widget elementor-widget-spacer\" data-id=\"d9b1290\" data-element_type=\"widget\" data-e-type=\"widget\" data-widget_type=\"spacer.default\">\n\t\t\t\t<div class=\"elementor-widget-container\">\n\t\t\t\t\t\t\t<div class=\"elementor-spacer\">\n\t\t\t<div class=\"elementor-spacer-inner\"><\/div>\n\t\t<\/div>\n\t\t\t\t\t\t<\/div>\n\t\t\t\t<\/div>\n\t\t\t\t<div class=\"elementor-element elementor-element-e2fac72 elementor-widget elementor-widget-heading\" data-id=\"e2fac72\" data-element_type=\"widget\" data-e-type=\"widget\" data-widget_type=\"heading.default\">\n\t\t\t\t<div class=\"elementor-widget-container\">\n\t\t\t\t\t<h3 class=\"elementor-heading-title elementor-size-default\">Avukatl\u0131k hizmetleri <\/h3>\t\t\t\t<\/div>\n\t\t\t\t<\/div>\n\t\t\t\t<div class=\"elementor-element elementor-element-b074379 color-scheme-inherit text-left elementor-widget elementor-widget-text-editor\" data-id=\"b074379\" data-element_type=\"widget\" data-e-type=\"widget\" data-widget_type=\"text-editor.default\">\n\t\t\t\t<div class=\"elementor-widget-container\">\n\t\t\t\t\t\t\t\t\t<p>Bir i\u015f hizmetleri meselesi, de\u011ferli zaman\u0131n\u0131z\u0131n \u00e7o\u011funu alabilecek karma\u015f\u0131k bir s\u00fcre\u00e7 olabilir. Bu nedenle do\u011fru avukat\u0131n yan\u0131n\u0131zda olmas\u0131 ak\u0131ll\u0131ca olacakt\u0131r.<\/p><p>Bu <a href=\"https:\/\/www.derbedrosian.nl\/tr\/avukatlar\/\">avukatlar<\/a> Der Bedrosian hukuk b\u00fcrosu, ilgili bir\u00e7ok kategori hakk\u0131nda size yard\u0131mc\u0131 olabilir. Sizi do\u011fru uzmanlarla bulu\u015fturabilirler. \u0130ster bir ticari anla\u015fmazl\u0131kla kar\u015f\u0131 kar\u015f\u0131ya olun, ister hukuki tavsiyeye ihtiyac\u0131n\u0131z olsun, hukuk b\u00fcromuz size destek olmaya haz\u0131rd\u0131r. Avukatlar\u0131m\u0131z \u00f6nce sizinle mevcut durumu tart\u0131\u015facak ve ard\u0131ndan mevcut se\u00e7enekleri ara\u015ft\u0131racakt\u0131r.<\/p><p>Deneyimli bir ticari hizmetler avukat\u0131 ile \u00e7al\u0131\u015fmak, davan\u0131z\u0131n sonucunda b\u00fcy\u00fck fark yaratabilir. Bize bug\u00fcn ula\u015f\u0131n ve ticari hizmetler davan\u0131zda m\u00fcmk\u00fcn olan en iyi sonu\u00e7lar\u0131 elde etmenize yard\u0131mc\u0131 olal\u0131m.<\/p>\t\t\t\t\t\t\t\t<\/div>\n\t\t\t\t<\/div>\n\t\t\t\t<div class=\"elementor-element elementor-element-4e15b36 elementor-widget elementor-widget-spacer\" data-id=\"4e15b36\" data-element_type=\"widget\" data-e-type=\"widget\" data-widget_type=\"spacer.default\">\n\t\t\t\t<div class=\"elementor-widget-container\">\n\t\t\t\t\t\t\t<div class=\"elementor-spacer\">\n\t\t\t<div class=\"elementor-spacer-inner\"><\/div>\n\t\t<\/div>\n\t\t\t\t\t\t<\/div>\n\t\t\t\t<\/div>\n\t\t\t\t<div class=\"elementor-element elementor-element-6104d66 color-scheme-inherit text-left elementor-widget elementor-widget-text-editor\" data-id=\"6104d66\" data-element_type=\"widget\" data-e-type=\"widget\" data-widget_type=\"text-editor.default\">\n\t\t\t\t<div class=\"elementor-widget-container\">\n\t\t\t\t\t\t\t\t\t<p><em>Der Bedrosian hukuk b\u00fcrosunun avukatlar\u0131 a\u015fa\u011f\u0131daki i\u015f hizmetleri konular\u0131n\u0131 ele almaktad\u0131r.<\/em><\/p>\t\t\t\t\t\t\t\t<\/div>\n\t\t\t\t<\/div>\n\t\t\t\t\t<\/div>\n\t\t\t\t<\/div>\n\t\t<div class=\"elementor-element elementor-element-f683106 e-con-full e-grid e-con e-child\" data-id=\"f683106\" data-element_type=\"container\" data-e-type=\"container\">\n\t\t\t\t<div class=\"elementor-element elementor-element-a2fb931 elementor-widget elementor-widget-wd_infobox\" data-id=\"a2fb931\" data-element_type=\"widget\" data-e-type=\"widget\" data-widget_type=\"wd_infobox.default\">\n\t\t\t\t<div class=\"elementor-widget-container\">\n\t\t\t\t\t\t\t<div class=\"info-box-wrapper\">\n\t\t\t<div class=\"wd-info-box text-center box-icon-align-top box-style-base color-scheme- with-animation with-btn box-btn-static\">\n\t\t\t\t\t\t\t\t\t<div class=\"box-icon-wrapper  box-with-icon box-icon-with-bg\">\n\t\t\t\t\t\t<div class=\"info-box-icon\">\n\t\t\t\t\t\t\t\t\t\t\t\t\t\t\t<span class=\"info-svg-wrapper info-icon\" style=\"width:50px; height:50px;\"><svg xmlns=\"http:\/\/www.w3.org\/2000\/svg\" id=\"svg-1855\" data-name=\"Layer 3\" viewbox=\"0 0 450 450\"><defs><style> .cls-1 { fill: #022444; } <\/style><\/defs><path class=\"cls-1\" d=\"m0,225v165h300v-165H0Zm277.5,142.5H22.5v-120h255v120Z\"><\/path><path class=\"cls-1\" d=\"m233.25,262.5H66.75c-3,23.25-19.5,28.5-29.25,30v31.5c9.75,2.25,26.25,8.25,29.25,29.25h165.75c3-25.5,19.5-30,29.25-30v-29.25c-9-1.5-26.25-6-28.5-31.5h0Zm-83.25,75c-16.5,0-30-13.5-30-30s13.5-30,30-30,30,13.5,30,30-13.5,30-30,30Z\"><\/path><path class=\"cls-1\" d=\"m0,405h300v15H0v-15Z\"><\/path><path class=\"cls-1\" d=\"m0,435h300v15H0v-15Z\"><\/path><path class=\"cls-1\" d=\"m15,60v150h135V60H15Zm60,120H30v-30h45v30Zm0-60H30v-30h45v30Zm60,60h-45v-30h45v30Zm0-60h-45v-30h45v30Z\"><\/path><path class=\"cls-1\" d=\"m165,0v210h135V0h-135Zm60,180h-45v-30h45v30Zm0-60h-45v-30h45v30Zm0-60h-45v-30h45v30Zm60,120h-45v-30h45v30Zm0-60h-45v-30h45v30Zm0-60h-45v-30h45v30Z\"><\/path><path class=\"cls-1\" d=\"m315,60v390h45v-60h45v60h45V60h-135Zm60,300h-45v-30h45v30Zm0-60h-45v-30h45v30Zm0-60h-45v-30h45v30Zm0-60h-45v-30h45v30Zm0-60h-45v-30h45v30Zm60,240h-45v-30h45v30Zm0-60h-45v-30h45v30Zm0-60h-45v-30h45v30Zm0-60h-45v-30h45v30Zm0-60h-45v-30h45v30Z\"><\/path><\/svg><\/span>\t\t\t\t\t\t\t\t\t\t\t\t\t<\/div>\n\t\t\t\t\t<\/div>\n\t\t\t\t\n\t\t\t\t<div class=\"info-box-content\">\n\t\t\t\t\t\n\t\t\t\t\t\t\t\t\t\t\t<h4\t\t\t\t\t\tclass=\"info-box-title title box-title-style-default wd-fontsize-m\" data-elementor-setting-key=\"title\">\n\t\t\t\t\t\t\t\tHollandal\u0131 \u015firket kurma  <span class=\"seo-word\">Avukat Enschede<\/span>\t\t\t\t\t\t<\/h4>\n\t\t\t\t\t\n\t\t\t\t\t<div class=\"info-box-inner reset-last-child\"data-elementor-setting-key=\"content\"><p>Ticari giri\u015fimler ve s\u00f6zle\u015fmeler konusunda tavsiye ve yard\u0131m m\u0131 istiyorsunuz? <\/p>\n<\/div>\n\n\t\t\t\t\t\t\t\t\t\t\t<div class=\"info-btn-wrapper\">\n\t\t\t\t\t\t\t\t\t<div class=\"wd-button-wrapper text-center\" >\n\t\t\t<a class=\"btn btn-style-default btn-shape-round btn-size-default btn-color-white btn-icon-pos-right\"  href=\"https:\/\/www.derbedrosian.nl\/tr\/yetki%cc%87-alanlari\/profesyonel-hi%cc%87zmetler\/hollanda-si%cc%87rketi%cc%87-kurmak\/\" alt=\"opzetten van nederlandse onderneming advocaat\">\n\t\t\t\t<span class=\"wd-btn-text\" data-elementor-setting-key=\"text\">\n\t\t\t\t\tDaha fazla bilgi \u279e\t\t\t\t<\/span>\n\n\t\t\t\t\t\t\t<\/a>\n\t\t<\/div>\n\t\t\t\t\t\t\t\t<\/div>\n\t\t\t\t\t\t\t\t\t<\/div>\n\n\t\t\t\t\t\t\t<\/div>\n\t\t<\/div>\n\t\t\t\t\t\t<\/div>\n\t\t\t\t<\/div>\n\t\t\t\t<\/div>\n\t\t\t\t<\/div>","protected":false},"excerpt":{"rendered":"<p>Zakelijke dienstverlening advocaten enschede derbedrosian advocaten onderneming opzetten van nederlands dienstverlening bedrijfsadvocaten overijssel bedrijfsadvocaten enschede baankans verzekeringen zakelijke dienstverlening verzekeringen<\/p>","protected":false},"author":1,"featured_media":0,"parent":9553,"menu_order":4,"comment_status":"closed","ping_status":"closed","template":"","meta":{"footnotes":""},"class_list":["post-10818","page","type-page","status-publish","hentry"],"_links":{"self":[{"href":"https:\/\/www.derbedrosian.nl\/tr\/wp-json\/wp\/v2\/pages\/10818","targetHints":{"allow":["GET"]}}],"collection":[{"href":"https:\/\/www.derbedrosian.nl\/tr\/wp-json\/wp\/v2\/pages"}],"about":[{"href":"https:\/\/www.derbedrosian.nl\/tr\/wp-json\/wp\/v2\/types\/page"}],"author":[{"embeddable":true,"href":"https:\/\/www.derbedrosian.nl\/tr\/wp-json\/wp\/v2\/users\/1"}],"replies":[{"embeddable":true,"href":"https:\/\/www.derbedrosian.nl\/tr\/wp-json\/wp\/v2\/comments?post=10818"}],"version-history":[{"count":0,"href":"https:\/\/www.derbedrosian.nl\/tr\/wp-json\/wp\/v2\/pages\/10818\/revisions"}],"up":[{"embeddable":true,"href":"https:\/\/www.derbedrosian.nl\/tr\/wp-json\/wp\/v2\/pages\/9553"}],"wp:attachment":[{"href":"https:\/\/www.derbedrosian.nl\/tr\/wp-json\/wp\/v2\/media?parent=10818"}],"curies":[{"name":"wp","href":"https:\/\/api.w.org\/{rel}","templated":true}]}}