{"id":10794,"date":"2023-05-29T09:45:51","date_gmt":"2023-05-29T07:45:51","guid":{"rendered":"https:\/\/derbedrosian.nl\/?page_id=10794"},"modified":"2025-12-21T16:36:26","modified_gmt":"2025-12-21T14:36:26","slug":"tekrarlanan-siginma-basvurulari","status":"publish","type":"page","link":"https:\/\/www.derbedrosian.nl\/tr\/rechtsgebieden\/asielrecht\/herhaalde-asielaanvragen-hasa\/","title":{"rendered":"Tekrarlanan iltica ba\u015fvurular\u0131 HASA"},"content":{"rendered":"<div data-elementor-type=\"wp-page\" data-elementor-id=\"10794\" class=\"elementor elementor-10794\" data-elementor-post-type=\"page\">\n\t\t\t\t<div class=\"wd-negative-gap elementor-element elementor-element-25c683a e-flex e-con-boxed e-con e-parent\" data-id=\"25c683a\" data-element_type=\"container\" data-e-type=\"container\">\n\t\t\t\t\t<div class=\"e-con-inner\">\n\t\t\t\t<div class=\"elementor-element elementor-element-9d6b899 elementor-hidden-desktop elementor-hidden-tablet elementor-hidden-mobile elementor-widget elementor-widget-wd_image_or_svg\" data-id=\"9d6b899\" data-element_type=\"widget\" data-e-type=\"widget\" id=\"seo-word\" data-widget_type=\"wd_image_or_svg.default\">\n\t\t\t\t<div class=\"elementor-widget-container\">\n\t\t\t\t\t\n\t\t<div class=\"wd-image text-left\">\n\t\t\t\t\t\t\t\t<img loading=\"lazy\" decoding=\"async\" width=\"1000\" height=\"666\" src=\"https:\/\/www.derbedrosian.nl\/wp-content\/uploads\/rechtsgebied-herhaalde-asielaanvragen.jpg\" class=\"attachment-full size-full\" alt=\"tekrarlanan iltica ba\u015fvurular\u0131 HASA formu avukat iltica hukuku hasa ind\" srcset=\"https:\/\/www.derbedrosian.nl\/wp-content\/uploads\/rechtsgebied-herhaalde-asielaanvragen.jpg 1000w, https:\/\/www.derbedrosian.nl\/wp-content\/uploads\/rechtsgebied-herhaalde-asielaanvragen-400x266.jpg 400w, https:\/\/www.derbedrosian.nl\/wp-content\/uploads\/rechtsgebied-herhaalde-asielaanvragen-768x511.jpg 768w\" sizes=\"auto, (max-width: 1000px) 100vw, 1000px\" title=\"\">\t\t\t\t\t<\/div>\n\n\t\t\t\t\t\t<\/div>\n\t\t\t\t<\/div>\n\t\t\t\t<div class=\"elementor-element elementor-element-dde9491 elementor-hidden-desktop elementor-hidden-tablet elementor-hidden-mobile elementor-widget elementor-widget-heading\" data-id=\"dde9491\" data-element_type=\"widget\" data-e-type=\"widget\" id=\"seo-word\" data-widget_type=\"heading.default\">\n\t\t\t\t<div class=\"elementor-widget-container\">\n\t\t\t\t\t<h2 class=\"elementor-heading-title elementor-size-default\">iltica hukuku <\/h2>\t\t\t\t<\/div>\n\t\t\t\t<\/div>\n\t\t\t\t<div class=\"elementor-element elementor-element-c5268c6 elementor-hidden-desktop elementor-hidden-tablet elementor-hidden-mobile elementor-widget elementor-widget-heading\" data-id=\"c5268c6\" data-element_type=\"widget\" data-e-type=\"widget\" id=\"seo-word\" data-widget_type=\"heading.default\">\n\t\t\t\t<div class=\"elementor-widget-container\">\n\t\t\t\t\t<h5 class=\"elementor-heading-title elementor-size-default\">\u0130ltica Ba\u015fvuru Formunun Tekrar\u0131<\/h5>\t\t\t\t<\/div>\n\t\t\t\t<\/div>\n\t\t\t\t<div class=\"elementor-element elementor-element-8c5eff1 elementor-hidden-desktop elementor-hidden-tablet elementor-hidden-mobile elementor-widget elementor-widget-heading\" data-id=\"8c5eff1\" data-element_type=\"widget\" data-e-type=\"widget\" id=\"seo-word\" data-widget_type=\"heading.default\">\n\t\t\t\t<div class=\"elementor-widget-container\">\n\t\t\t\t\t<h5 class=\"elementor-heading-title elementor-size-default\">ind<\/h5>\t\t\t\t<\/div>\n\t\t\t\t<\/div>\n\t\t\t\t<div class=\"elementor-element elementor-element-85f44a0 elementor-hidden-desktop elementor-hidden-tablet elementor-hidden-mobile elementor-widget elementor-widget-heading\" data-id=\"85f44a0\" data-element_type=\"widget\" data-e-type=\"widget\" id=\"seo-word\" data-widget_type=\"heading.default\">\n\t\t\t\t<div class=\"elementor-widget-container\">\n\t\t\t\t\t<h5 class=\"elementor-heading-title elementor-size-default\">iltica avukat\u0131<\/h5>\t\t\t\t<\/div>\n\t\t\t\t<\/div>\n\t\t\t\t<div class=\"elementor-element elementor-element-9a3cb72 elementor-hidden-desktop elementor-hidden-mobile elementor-widget elementor-widget-heading\" data-id=\"9a3cb72\" data-element_type=\"widget\" data-e-type=\"widget\" id=\"seo-word\" data-widget_type=\"heading.default\">\n\t\t\t\t<div class=\"elementor-widget-container\">\n\t\t\t\t\t<h5 class=\"elementor-heading-title elementor-size-default\">m\u00fclteci\u0307 hukuku ve si\u011finma hukuku farki<\/h5>\t\t\t\t<\/div>\n\t\t\t\t<\/div>\n\t\t\t\t<div class=\"elementor-element elementor-element-d06d2d9 elementor-hidden-desktop elementor-hidden-tablet elementor-hidden-mobile elementor-widget elementor-widget-heading\" data-id=\"d06d2d9\" data-element_type=\"widget\" data-e-type=\"widget\" id=\"seo-word\" data-widget_type=\"heading.default\">\n\t\t\t\t<div class=\"elementor-widget-container\">\n\t\t\t\t\t<h5 class=\"elementor-heading-title elementor-size-default\">tekrarlanan iltica ba\u015fvurular\u0131<\/h5>\t\t\t\t<\/div>\n\t\t\t\t<\/div>\n\t\t\t\t<div class=\"elementor-element elementor-element-145a390 elementor-hidden-desktop elementor-hidden-tablet elementor-hidden-mobile elementor-widget elementor-widget-heading\" data-id=\"145a390\" data-element_type=\"widget\" data-e-type=\"widget\" id=\"seo-word\" data-widget_type=\"heading.default\">\n\t\t\t\t<div class=\"elementor-widget-container\">\n\t\t\t\t\t<h5 class=\"elementor-heading-title elementor-size-default\">i\u0307ki\u0307nci\u0307 odaya yangin mektubu<\/h5>\t\t\t\t<\/div>\n\t\t\t\t<\/div>\n\t\t\t\t<div class=\"elementor-element elementor-element-62e6d20 elementor-hidden-desktop elementor-hidden-tablet elementor-hidden-mobile elementor-widget elementor-widget-heading\" data-id=\"62e6d20\" data-element_type=\"widget\" data-e-type=\"widget\" id=\"seo-word\" data-widget_type=\"heading.default\">\n\t\t\t\t<div class=\"elementor-widget-container\">\n\t\t\t\t\t<h5 class=\"elementor-heading-title elementor-size-default\">g\u00fcn puanlar\u0131 v a\u015famas\u0131<\/h5>\t\t\t\t<\/div>\n\t\t\t\t<\/div>\n\t\t\t\t<div class=\"elementor-element elementor-element-8a580e3 elementor-hidden-desktop elementor-hidden-tablet elementor-hidden-mobile elementor-widget elementor-widget-heading\" data-id=\"8a580e3\" data-element_type=\"widget\" data-e-type=\"widget\" id=\"seo-word\" data-widget_type=\"heading.default\">\n\t\t\t\t<div class=\"elementor-widget-container\">\n\t\t\t\t\t<h5 class=\"elementor-heading-title elementor-size-default\">avukat enschede iltica hukuku<\/h5>\t\t\t\t<\/div>\n\t\t\t\t<\/div>\n\t\t\t\t<div class=\"elementor-element elementor-element-8cfdb2b elementor-hidden-desktop elementor-hidden-tablet elementor-hidden-mobile elementor-widget elementor-widget-heading\" data-id=\"8cfdb2b\" data-element_type=\"widget\" data-e-type=\"widget\" id=\"seo-word\" data-widget_type=\"heading.default\">\n\t\t\t\t<div class=\"elementor-widget-container\">\n\t\t\t\t\t<h5 class=\"elementor-heading-title elementor-size-default\">iltica hukuku enschede<\/h5>\t\t\t\t<\/div>\n\t\t\t\t<\/div>\n\t\t\t\t<div class=\"elementor-element elementor-element-ced9ced elementor-hidden-desktop elementor-hidden-tablet elementor-hidden-mobile elementor-widget elementor-widget-heading\" data-id=\"ced9ced\" data-element_type=\"widget\" data-e-type=\"widget\" id=\"seo-word\" data-widget_type=\"heading.default\">\n\t\t\t\t<div class=\"elementor-widget-container\">\n\t\t\t\t\t<h5 class=\"elementor-heading-title elementor-size-default\">iltica avukat\u0131 overijssel<\/h5>\t\t\t\t<\/div>\n\t\t\t\t<\/div>\n\t\t\t\t<div class=\"elementor-element elementor-element-554c7a3 elementor-hidden-desktop elementor-hidden-tablet elementor-hidden-mobile elementor-widget elementor-widget-heading\" data-id=\"554c7a3\" data-element_type=\"widget\" data-e-type=\"widget\" id=\"seo-word\" data-widget_type=\"heading.default\">\n\t\t\t\t<div class=\"elementor-widget-container\">\n\t\t\t\t\t<h5 class=\"elementor-heading-title elementor-size-default\">iltica hukuku avukat\u0131 enschede<\/h5>\t\t\t\t<\/div>\n\t\t\t\t<\/div>\n\t\t\t\t<div class=\"elementor-element elementor-element-e34074f elementor-hidden-desktop elementor-hidden-tablet elementor-hidden-mobile elementor-widget elementor-widget-heading\" data-id=\"e34074f\" data-element_type=\"widget\" data-e-type=\"widget\" id=\"seo-word\" data-widget_type=\"heading.default\">\n\t\t\t\t<div class=\"elementor-widget-container\">\n\t\t\t\t\t<h5 class=\"elementor-heading-title elementor-size-default\">iltica prosed\u00fcr\u00fcne ili\u015fkin ikinci daire<\/h5>\t\t\t\t<\/div>\n\t\t\t\t<\/div>\n\t\t\t\t<div class=\"elementor-element elementor-element-3cce8b2 elementor-hidden-desktop elementor-hidden-tablet elementor-hidden-mobile elementor-widget elementor-widget-heading\" data-id=\"3cce8b2\" data-element_type=\"widget\" data-e-type=\"widget\" id=\"seo-word\" data-widget_type=\"heading.default\">\n\t\t\t\t<div class=\"elementor-widget-container\">\n\t\t\t\t\t<h5 class=\"elementor-heading-title elementor-size-default\">Genellikle tekrarlanan iltica ba\u015fvurusu (HASA) olarak adland\u0131r\u0131lan tekrarlanan iltica ba\u015fvurusu, bir s\u0131\u011f\u0131nmac\u0131n\u0131n yeni koruma gerek\u00e7eleri olabilece\u011fini g\u00f6steren yeni bilgilere sahip oldu\u011fu durumlarda yap\u0131labilir. Bu karma\u015f\u0131k bir yasal s\u00fcre\u00e7 olabilir ve uzman hukuki tavsiye ve rehberlik gerektirir.\n\nEnschede ve Overijssel'deki Derbedrosian Vreemdelingenrecht Advocaten, s\u0131\u011f\u0131nmac\u0131lar\u0131n tekrarlanan iltica ba\u015fvurular\u0131nda kar\u015f\u0131la\u015ft\u0131klar\u0131 zorluklar\u0131n fark\u0131ndad\u0131r. Uzman avukatlardan olu\u015fan ekibimiz, tekrarlanan iltica ba\u015fvuru formunu doldurman\u0131za ve tekrarlanan iltica ba\u015fvurunuzu g\u00f6ndermenize yard\u0131mc\u0131 olabilir.\n\nAyr\u0131ca, bu konular\u0131 politika yap\u0131c\u0131larla payla\u015fman\u0131n \u00f6nemini anl\u0131yoruz ve durumunuza dikkat \u00e7ekmek i\u00e7in Temsilciler Meclisi'ne bir yang\u0131n mektubu haz\u0131rlama konusunda size tavsiyelerde bulunabiliriz.\n\nTekrar iltica ba\u015fvurusunda bulunmay\u0131 d\u00fc\u015f\u00fcn\u00fcyorsan\u0131z, prosed\u00fcrle ilgili yard\u0131ma ihtiyac\u0131n\u0131z varsa veya politika yap\u0131c\u0131larla ileti\u015fim kurma konusunda tavsiye almak istiyorsan\u0131z, Derbedrosian G\u00f6\u00e7menlik Avukatlar\u0131 ile ileti\u015fime ge\u00e7mekten \u00e7ekinmeyin. Size yard\u0131m etmeye ve haklar\u0131n\u0131z\u0131 korumaya haz\u0131r\u0131z.<\/h5>\t\t\t\t<\/div>\n\t\t\t\t<\/div>\n\t\t\t\t<div class=\"elementor-element elementor-element-1211059 color-scheme-inherit text-left elementor-widget elementor-widget-text-editor\" data-id=\"1211059\" data-element_type=\"widget\" data-e-type=\"widget\" data-widget_type=\"text-editor.default\">\n\t\t\t\t<div class=\"elementor-widget-container\">\n\t\t\t\t\t\t\t\t\t<p><strong>Daha \u00f6nce reddedilen bir iltica ba\u015fvurusu yapt\u0131n\u0131z ancak men\u015fe \u00fclkenizdeki durum de\u011fi\u015fti mi? Tekrar \u0130ltica Ba\u015fvurusu HASA arad\u0131\u011f\u0131n\u0131z \u00e7\u00f6z\u00fcm olabilir. HASA ile, Hollanda'da g\u00fcvenli bir gelecek i\u00e7in yeni bir f\u0131rsat yaratmak \u00fczere durumunuzun yeniden de\u011ferlendirilmesini sa\u011flama \u015fans\u0131na sahip olursunuz.<\/strong><\/p>\t\t\t\t\t\t\t\t<\/div>\n\t\t\t\t<\/div>\n\t\t\t\t<div class=\"elementor-element elementor-element-7885935 elementor-widget elementor-widget-spacer\" data-id=\"7885935\" data-element_type=\"widget\" data-e-type=\"widget\" data-widget_type=\"spacer.default\">\n\t\t\t\t<div class=\"elementor-widget-container\">\n\t\t\t\t\t\t\t<div class=\"elementor-spacer\">\n\t\t\t<div class=\"elementor-spacer-inner\"><\/div>\n\t\t<\/div>\n\t\t\t\t\t\t<\/div>\n\t\t\t\t<\/div>\n\t\t\t\t<div class=\"elementor-element elementor-element-1e92872 elementor-widget elementor-widget-heading\" data-id=\"1e92872\" data-element_type=\"widget\" data-e-type=\"widget\" data-widget_type=\"heading.default\">\n\t\t\t\t<div class=\"elementor-widget-container\">\n\t\t\t\t\t<h3 class=\"elementor-heading-title elementor-size-default\">Tekrarlanan S\u0131\u011f\u0131nma Ba\u015fvurular\u0131 HASA'dan ne zaman bahsediyoruz?<\/h3>\t\t\t\t<\/div>\n\t\t\t\t<\/div>\n\t\t\t\t<div class=\"elementor-element elementor-element-045c632 color-scheme-inherit text-left elementor-widget elementor-widget-text-editor\" data-id=\"045c632\" data-element_type=\"widget\" data-e-type=\"widget\" data-widget_type=\"text-editor.default\">\n\t\t\t\t<div class=\"elementor-widget-container\">\n\t\t\t\t\t\t\t\t\t<p>Tekrar iltica ba\u015fvurusu HASA, men\u015fe \u00fclkenizde veya ki\u015fisel ko\u015fullar\u0131n\u0131zda \u00f6nemli de\u011fi\u015fiklikler olmas\u0131 durumunda Hollanda'da yeniden iltica ba\u015fvurusunda bulunma f\u0131rsat\u0131 sunar. Bu prosed\u00fcr, daha \u00f6nce ret alm\u0131\u015f ki\u015filere durumlar\u0131n\u0131n yeniden de\u011ferlendirilmesi i\u00e7in bir \u015fans vermek \u00fczere tasarlanm\u0131\u015ft\u0131r. HASA, \u00f6nceki s\u0131\u011f\u0131nma ba\u015fvurular\u0131n\u0131n do\u011fru de\u011ferlendirilmemi\u015f olabilece\u011fine inanmak i\u00e7in sebepleri olan bireyler i\u00e7in adaleti ve gerekli \u00f6zeni sa\u011flamay\u0131 ama\u00e7lamaktad\u0131r.<\/p>\t\t\t\t\t\t\t\t<\/div>\n\t\t\t\t<\/div>\n\t\t\t\t<div class=\"elementor-element elementor-element-79c274a elementor-widget elementor-widget-spacer\" data-id=\"79c274a\" data-element_type=\"widget\" data-e-type=\"widget\" data-widget_type=\"spacer.default\">\n\t\t\t\t<div class=\"elementor-widget-container\">\n\t\t\t\t\t\t\t<div class=\"elementor-spacer\">\n\t\t\t<div class=\"elementor-spacer-inner\"><\/div>\n\t\t<\/div>\n\t\t\t\t\t\t<\/div>\n\t\t\t\t<\/div>\n\t\t\t\t<div class=\"elementor-element elementor-element-565ffb0 elementor-widget elementor-widget-heading\" data-id=\"565ffb0\" data-element_type=\"widget\" data-e-type=\"widget\" data-widget_type=\"heading.default\">\n\t\t\t\t<div class=\"elementor-widget-container\">\n\t\t\t\t\t<h3 class=\"elementor-heading-title elementor-size-default\">Tekrarlanan s\u0131\u011f\u0131nma ba\u015fvurular\u0131 HASA ko\u015fullar\u0131<\/h3>\t\t\t\t<\/div>\n\t\t\t\t<\/div>\n\t\t\t\t<div class=\"elementor-element elementor-element-ac344f8 color-scheme-inherit text-left elementor-widget elementor-widget-text-editor\" data-id=\"ac344f8\" data-element_type=\"widget\" data-e-type=\"widget\" data-widget_type=\"text-editor.default\">\n\t\t\t\t<div class=\"elementor-widget-container\">\n\t\t\t\t\t\t\t\t\t<p>Hollanda'da Tekrar \u0130ltica Ba\u015fvurusu HASA'ya hak kazanmak i\u00e7in baz\u0131 genel ko\u015fullar\u0131n kar\u015f\u0131lanmas\u0131 gerekir. A\u015fa\u011f\u0131da, b\u00f6yle bir iltica ba\u015fvurusu i\u00e7in gerekli ko\u015fullar\u0131 listeledik.<\/p><ul><li><strong>Fiziksel olarak Hollanda topraklar\u0131nda:<\/strong> her \u015feyden \u00f6nce, ba\u015fvuru s\u0131ras\u0131nda Hollanda topraklar\u0131nda olmal\u0131s\u0131n\u0131z. Bu, HASA ba\u015fvurusunun sunulmas\u0131 ger\u00e7ekle\u015fti\u011finde Hollanda'da fiziksel olarak bulunman\u0131z gerekti\u011fi anlam\u0131na gelir.<\/li><li><strong>Oturma izninin daha \u00f6nce reddedilmesi veya iptal edilmesi:<\/strong> Daha \u00f6nce Hollanda'da iltica ba\u015fvurusunda bulunduysan\u0131z ve bu ba\u015fvuru G\u00f6\u00e7menlik ve Vatanda\u015fl\u0131k Servisi (IND) taraf\u0131ndan reddedildiyse. Bu durum, iltica ikamet izninizin IND taraf\u0131ndan daha \u00f6nce iptal edilmi\u015f olmas\u0131 halinde de ge\u00e7erli olabilir.<\/li><li><strong>Durum veya men\u015fe \u00fclkedeki de\u011fi\u015fiklikler:<\/strong> ki\u015fisel durumunuzda veya men\u015fe \u00fclkenizdeki durumda de\u011fi\u015fiklikler olmu\u015f olmal\u0131d\u0131r. Bu de\u011fi\u015fiklikler ki\u015fisel ko\u015fullardan IND politikas\u0131ndaki de\u011fi\u015fikliklere veya davan\u0131zla ilgili yeni mahkeme kararlar\u0131na kadar de\u011fi\u015febilir....<\/li><\/ul>\t\t\t\t\t\t\t\t<\/div>\n\t\t\t\t<\/div>\n\t\t\t\t<div class=\"elementor-element elementor-element-c5e7b27 elementor-widget elementor-widget-spacer\" data-id=\"c5e7b27\" data-element_type=\"widget\" data-e-type=\"widget\" data-widget_type=\"spacer.default\">\n\t\t\t\t<div class=\"elementor-widget-container\">\n\t\t\t\t\t\t\t<div class=\"elementor-spacer\">\n\t\t\t<div class=\"elementor-spacer-inner\"><\/div>\n\t\t<\/div>\n\t\t\t\t\t\t<\/div>\n\t\t\t\t<\/div>\n\t\t\t\t<div class=\"elementor-element elementor-element-3e65d96 elementor-widget elementor-widget-heading\" data-id=\"3e65d96\" data-element_type=\"widget\" data-e-type=\"widget\" data-widget_type=\"heading.default\">\n\t\t\t\t<div class=\"elementor-widget-container\">\n\t\t\t\t\t<h3 class=\"elementor-heading-title elementor-size-default\">IND taraf\u0131ndan verilen karar<\/h3>\t\t\t\t<\/div>\n\t\t\t\t<\/div>\n\t\t\t\t<div class=\"elementor-element elementor-element-f0e41b4 color-scheme-inherit text-left elementor-widget elementor-widget-text-editor\" data-id=\"f0e41b4\" data-element_type=\"widget\" data-e-type=\"widget\" data-widget_type=\"text-editor.default\">\n\t\t\t\t<div class=\"elementor-widget-container\">\n\t\t\t\t\t\t\t\t\t<p>IND'nin web sitesinde bir ba\u015fvuru formu mevcuttur. Bu formun Hollandaca olarak eksiksiz doldurulmas\u0131 ve m\u00fcmk\u00fcn oldu\u011funca ilgili kan\u0131tlarla desteklenmesi \u00f6nemlidir. Ba\u015fvurunuzu yapt\u0131ktan sonra, bir duru\u015fma yap\u0131l\u0131p yap\u0131lmayaca\u011f\u0131n\u0131 de\u011ferlendirmek IND'ye ba\u011fl\u0131d\u0131r.<\/p><p>Karar\u0131n olumlu olmas\u0131 halinde, bu durum duru\u015fman\u0131n yap\u0131ld\u0131\u011f\u0131 g\u00fcn derhal duyurulacakt\u0131r. Karar\u0131n olumsuz olmas\u0131 halinde de bu durum yine ayn\u0131 g\u00fcn ilan edilecektir. Bu duyurudan sonra avukat\u0131n\u0131z\u0131n karara yan\u0131t vermek i\u00e7in bir g\u00fcn\u00fc olacakt\u0131r. Ertesi g\u00fcn, IND ba\u015fka bir karar verecek veya \u00f6rne\u011fin belirli belgelerin daha fazla ara\u015ft\u0131r\u0131lmas\u0131 i\u00e7in daha fazla zamana ihtiya\u00e7 duyduklar\u0131n\u0131 belirtecektir.<\/p>\t\t\t\t\t\t\t\t<\/div>\n\t\t\t\t<\/div>\n\t\t\t\t<div class=\"elementor-element elementor-element-52bfeb7 elementor-widget elementor-widget-spacer\" data-id=\"52bfeb7\" data-element_type=\"widget\" data-e-type=\"widget\" data-widget_type=\"spacer.default\">\n\t\t\t\t<div class=\"elementor-widget-container\">\n\t\t\t\t\t\t\t<div class=\"elementor-spacer\">\n\t\t\t<div class=\"elementor-spacer-inner\"><\/div>\n\t\t<\/div>\n\t\t\t\t\t\t<\/div>\n\t\t\t\t<\/div>\n\t\t\t\t<div class=\"elementor-element elementor-element-fcd6808 elementor-widget elementor-widget-heading\" data-id=\"fcd6808\" data-element_type=\"widget\" data-e-type=\"widget\" data-widget_type=\"heading.default\">\n\t\t\t\t<div class=\"elementor-widget-container\">\n\t\t\t\t\t<h3 class=\"elementor-heading-title elementor-size-default\">\u0130tiraz<\/h3>\t\t\t\t<\/div>\n\t\t\t\t<\/div>\n\t\t\t\t<div class=\"elementor-element elementor-element-7001e0b color-scheme-inherit text-left elementor-widget elementor-widget-text-editor\" data-id=\"7001e0b\" data-element_type=\"widget\" data-e-type=\"widget\" data-widget_type=\"text-editor.default\">\n\t\t\t\t<div class=\"elementor-widget-container\">\n\t\t\t\t\t\t\t\t\t<p>Sadece art arda yap\u0131lan iltica ba\u015fvurular\u0131 reddedildi\u011finde de\u011fil, G\u00f6\u00e7menlik ve Vatanda\u015fl\u0131k Servisi (IND) olumsuz bir karar verdi\u011finde de mahkemeye itiraz etme se\u00e7ene\u011finiz vard\u0131r. Mahkemenin karar\u0131n\u0131n da olumsuz olmas\u0131 halinde, Dan\u0131\u015ftay \u0130dari Dava Daireleri Kurulu'na (ABvRS) temyiz ba\u015fvurusunda bulunabilirsiniz.<\/p><p>Bu temyiz s\u00fcreci, davan\u0131z\u0131n g\u00f6zden ge\u00e7irilmesi ve ek arg\u00fcman ve kan\u0131tlar sunman\u0131z i\u00e7in size ek bir f\u0131rsat verir. ABvRS, IND'nin karar\u0131n\u0131n yasal olup olmad\u0131\u011f\u0131n\u0131 de\u011ferlendiren ba\u011f\u0131ms\u0131z bir kurumdur.<\/p>\t\t\t\t\t\t\t\t<\/div>\n\t\t\t\t<\/div>\n\t\t\t\t<div class=\"elementor-element elementor-element-f29c2e6 elementor-widget elementor-widget-spacer\" data-id=\"f29c2e6\" data-element_type=\"widget\" data-e-type=\"widget\" data-widget_type=\"spacer.default\">\n\t\t\t\t<div class=\"elementor-widget-container\">\n\t\t\t\t\t\t\t<div class=\"elementor-spacer\">\n\t\t\t<div class=\"elementor-spacer-inner\"><\/div>\n\t\t<\/div>\n\t\t\t\t\t\t<\/div>\n\t\t\t\t<\/div>\n\t\t\t\t<div class=\"elementor-element elementor-element-d9c540a elementor-widget elementor-widget-heading\" data-id=\"d9c540a\" data-element_type=\"widget\" data-e-type=\"widget\" data-widget_type=\"heading.default\">\n\t\t\t\t<div class=\"elementor-widget-container\">\n\t\t\t\t\t<h3 class=\"elementor-heading-title elementor-size-default\">Tekrar S\u0131\u011f\u0131nma Ba\u015fvurusu HASA prosed\u00fcr\u00fc nas\u0131l ilerler?<\/h3>\t\t\t\t<\/div>\n\t\t\t\t<\/div>\n\t\t\t\t<div class=\"elementor-element elementor-element-79df8a5 color-scheme-inherit text-left elementor-widget elementor-widget-text-editor\" data-id=\"79df8a5\" data-element_type=\"widget\" data-e-type=\"widget\" data-widget_type=\"text-editor.default\">\n\t\t\t\t<div class=\"elementor-widget-container\">\n\t\t\t\t\t\t\t\t\t<p>Hollanda'da iltica hukuku prosed\u00fcr\u00fc birka\u00e7 ad\u0131mdan olu\u015fmaktad\u0131r. \u0130\u015fte prosed\u00fcr\u00fcn daha ayr\u0131nt\u0131l\u0131 bir \u00f6zeti:<\/p><ul><li><strong>Ko\u015fullar\u0131 kontrol edin:<\/strong> HASA ba\u015fvurusunda bulunmadan \u00f6nce, m\u00fckerrer iltica ba\u015fvurusunda bulunma ko\u015fullar\u0131n\u0131 kar\u015f\u0131lay\u0131p kar\u015f\u0131lamad\u0131\u011f\u0131n\u0131z\u0131 teyit etmeniz \u00f6nem ta\u015f\u0131maktad\u0131r. Bu ko\u015fullar sizin \u00f6zel durumunuza ba\u011fl\u0131 olarak de\u011fi\u015febilir.<\/li><li><strong>Belgelerin toplanmas\u0131:<\/strong>\u00a0HASA ba\u015fvurunuzu desteklemek i\u00e7in kullanabilece\u011finiz t\u00fcm ilgili belgeleri toplay\u0131n. Bunlar, durumunuzun bir \u00f6nceki s\u0131\u011f\u0131nma ba\u015fvurusundan bu yana de\u011fi\u015fti\u011fini g\u00f6steren yeni kan\u0131tlar\u0131 i\u00e7erebilir.<\/li><li><strong>Ba\u015fvuru yapmak:<\/strong>\u00a0Ba\u015fvuru formunu Hollandaca olarak eksiksiz doldurun ve Ter Apel'deki HASA masas\u0131na teslim edin. Gerekli t\u00fcm belgeleri ekledi\u011finizden emin olun.<\/li><li><strong>Ba\u015fvurunun do\u011frulanmas\u0131:<\/strong>\u00a0G\u00f6\u00e7menlik ve Vatanda\u015fl\u0131\u011fa Kabul Servisi (IND) ba\u015fvurunuzu de\u011ferlendirecek ve eksiksiz olup olmad\u0131\u011f\u0131n\u0131 kontrol edecektir. Eksik belge veya bilgi varsa, IND sizden bunlar\u0131 tamamlaman\u0131z\u0131 isteyebilir.<\/li><li><strong>Duymak ya da duymamak:<\/strong>\u00a0IND, yeniden de\u011ferlendirmeyi hakl\u0131 \u00e7\u0131karmak i\u00e7in yeterli yeni ger\u00e7ekler veya de\u011fi\u015fen ko\u015fullar oldu\u011funa karar verirse, size durumunuzu daha fazla a\u00e7\u0131klama f\u0131rsat\u0131 verilecek bir duru\u015fma yap\u0131labilir. Bu duru\u015fma, ek bilgi sa\u011flamak ve IND'nin sahip olabilece\u011fi sorular\u0131 yan\u0131tlamak i\u00e7in tasarlanm\u0131\u015ft\u0131r.<\/li><li><strong>Ba\u015fvuru hakk\u0131nda karar:<\/strong>\u00a0IND, sunulan belgelere, duru\u015fmaya ve di\u011fer ilgili bilgilere dayanarak HASA ba\u015fvurunuz hakk\u0131nda bir karar verecektir. Bu karar olumlu ya da olumsuz olabilir.<\/li><li><strong>Oturma izninin al\u0131nmas\u0131:<\/strong>\u00a0HASA ba\u015fvurusu onaylan\u0131rsa, bir oturma izni alacaks\u0131n\u0131z. Bu izni IND'den veya belirlenmi\u015f ba\u015fka bir makamdan alabilirsiniz. Oturma izninizi almak ve etkinle\u015ftirmek i\u00e7in gerekli t\u00fcm ad\u0131mlar\u0131 takip etti\u011finizden emin olun.<\/li><\/ul>\t\t\t\t\t\t\t\t<\/div>\n\t\t\t\t<\/div>\n\t\t\t\t<div class=\"elementor-element elementor-element-86138b9 elementor-widget elementor-widget-spacer\" data-id=\"86138b9\" data-element_type=\"widget\" data-e-type=\"widget\" data-widget_type=\"spacer.default\">\n\t\t\t\t<div class=\"elementor-widget-container\">\n\t\t\t\t\t\t\t<div class=\"elementor-spacer\">\n\t\t\t<div class=\"elementor-spacer-inner\"><\/div>\n\t\t<\/div>\n\t\t\t\t\t\t<\/div>\n\t\t\t\t<\/div>\n\t\t\t\t<div class=\"elementor-element elementor-element-2a2a4fe elementor-widget elementor-widget-heading\" data-id=\"2a2a4fe\" data-element_type=\"widget\" data-e-type=\"widget\" data-widget_type=\"heading.default\">\n\t\t\t\t<div class=\"elementor-widget-container\">\n\t\t\t\t\t<h3 class=\"elementor-heading-title elementor-size-default\">Tekrarlanan iltica ba\u015fvurular\u0131 i\u00e7in avukat<\/h3>\t\t\t\t<\/div>\n\t\t\t\t<\/div>\n\t\t\t\t<div class=\"elementor-element elementor-element-1cd712b color-scheme-inherit text-left elementor-widget elementor-widget-text-editor\" data-id=\"1cd712b\" data-element_type=\"widget\" data-e-type=\"widget\" data-widget_type=\"text-editor.default\">\n\t\t\t\t<div class=\"elementor-widget-container\">\n\t\t\t\t\t\t\t\t\t<p>Deneyimli bir avukat tutmadan zaman al\u0131c\u0131 olabilen iltica s\u00fcrecini do\u011fru bir \u015fekilde y\u00fcr\u00fctmek hayati \u00f6nem ta\u015f\u0131maktad\u0131r.<\/p><p>Der Bedrosian Hukuk B\u00fcrosu'nun a\u015fa\u011f\u0131daki alanlarda uzman avukatlar\u0131 bulunmaktad\u0131r <a href=\"https:\/\/www.derbedrosian.nl\/tr\/yetki%cc%87-alanlari\/iltica-hukuku\/\">iltica hukuku<\/a> ve bu nedenle s\u00fcreciniz boyunca profesyonel yard\u0131m sunuyoruz.<\/p><p>Bu y\u00fczden bizimle ileti\u015fime ge\u00e7mekten \u00e7ekinmeyin. <a href=\"https:\/\/www.derbedrosian.nl\/tr\/avukatlar\/\">DENEY\u0130ML\u0130 AVUKAT<\/a> durumunuzu konu\u015fun.<\/p>\t\t\t\t\t\t\t\t<\/div>\n\t\t\t\t<\/div>\n\t\t\t\t\t<\/div>\n\t\t\t\t<\/div>\n\t\t\t\t<\/div>","protected":false},"excerpt":{"rendered":"<p>iltica hakk\u0131 Tekrarlanan \u0130ltica Ba\u015fvurusu formu avukat iltica hakk\u0131 m\u00fclteci hakk\u0131 ve iltica hakk\u0131 fark\u0131 tekrarlanan iltica ba\u015fvurusu hasa acil mektup ikinci meclise g\u00fcn<\/p>","protected":false},"author":1,"featured_media":0,"parent":10757,"menu_order":0,"comment_status":"closed","ping_status":"closed","template":"","meta":{"footnotes":""},"class_list":["post-10794","page","type-page","status-publish","hentry"],"_links":{"self":[{"href":"https:\/\/www.derbedrosian.nl\/tr\/wp-json\/wp\/v2\/pages\/10794","targetHints":{"allow":["GET"]}}],"collection":[{"href":"https:\/\/www.derbedrosian.nl\/tr\/wp-json\/wp\/v2\/pages"}],"about":[{"href":"https:\/\/www.derbedrosian.nl\/tr\/wp-json\/wp\/v2\/types\/page"}],"author":[{"embeddable":true,"href":"https:\/\/www.derbedrosian.nl\/tr\/wp-json\/wp\/v2\/users\/1"}],"replies":[{"embeddable":true,"href":"https:\/\/www.derbedrosian.nl\/tr\/wp-json\/wp\/v2\/comments?post=10794"}],"version-history":[{"count":0,"href":"https:\/\/www.derbedrosian.nl\/tr\/wp-json\/wp\/v2\/pages\/10794\/revisions"}],"up":[{"embeddable":true,"href":"https:\/\/www.derbedrosian.nl\/tr\/wp-json\/wp\/v2\/pages\/10757"}],"wp:attachment":[{"href":"https:\/\/www.derbedrosian.nl\/tr\/wp-json\/wp\/v2\/media?parent=10794"}],"curies":[{"name":"wp","href":"https:\/\/api.w.org\/{rel}","templated":true}]}}