{"id":10789,"date":"2023-05-29T09:44:21","date_gmt":"2023-05-29T07:44:21","guid":{"rendered":"https:\/\/derbedrosian.nl\/?page_id=10789"},"modified":"2025-12-21T16:35:30","modified_gmt":"2025-12-21T14:35:30","slug":"birlesme-sonrasi-aile-birlesimi","status":"publish","type":"page","link":"https:\/\/www.derbedrosian.nl\/tr\/rechtsgebieden\/asielrecht\/gezinshereniging-nareis\/","title":{"rendered":"Aile birle\u015fimi (seyahat sonras\u0131)"},"content":{"rendered":"<div data-elementor-type=\"wp-page\" data-elementor-id=\"10789\" class=\"elementor elementor-10789\" data-elementor-post-type=\"page\">\n\t\t\t\t<div class=\"wd-negative-gap elementor-element elementor-element-fde68bb e-flex e-con-boxed e-con e-parent\" data-id=\"fde68bb\" data-element_type=\"container\" data-e-type=\"container\">\n\t\t\t\t\t<div class=\"e-con-inner\">\n\t\t\t\t<div class=\"elementor-element elementor-element-141c632 color-scheme-inherit text-left elementor-widget elementor-widget-text-editor\" data-id=\"141c632\" data-element_type=\"widget\" data-e-type=\"widget\" data-widget_type=\"text-editor.default\">\n\t\t\t\t<div class=\"elementor-widget-container\">\n\t\t\t\t\t\t\t\t\t<p><strong>Der Bedrosian Hukuk B\u00fcrosu, aile birle\u015fimi (d\u00f6n\u00fc\u015f sonras\u0131) alan\u0131nda uzman avukatlara sahiptir.<\/strong><\/p>\t\t\t\t\t\t\t\t<\/div>\n\t\t\t\t<\/div>\n\t\t\t\t<div class=\"elementor-element elementor-element-f0240e2 elementor-widget elementor-widget-heading\" data-id=\"f0240e2\" data-element_type=\"widget\" data-e-type=\"widget\" data-widget_type=\"heading.default\">\n\t\t\t\t<div class=\"elementor-widget-container\">\n\t\t\t\t\t<h3 class=\"elementor-heading-title elementor-size-default\">Aile toplant\u0131s\u0131 nedir?<\/h3>\t\t\t\t<\/div>\n\t\t\t\t<\/div>\n\t\t\t\t<div class=\"elementor-element elementor-element-274f90e color-scheme-inherit text-left elementor-widget elementor-widget-text-editor\" data-id=\"274f90e\" data-element_type=\"widget\" data-e-type=\"widget\" data-widget_type=\"text-editor.default\">\n\t\t\t\t<div class=\"elementor-widget-container\">\n\t\t\t\t\t\t\t\t\t<p>Aile birle\u015fimi, sava\u015f veya sava\u015f\u0131n sonu\u00e7lar\u0131 nedeniyle ayr\u0131 d\u00fc\u015fm\u00fc\u015f bir ailenin bir araya getirilmesidir. Bir m\u00fclteci oturma izni ald\u0131ktan sonra aile \u00fcyelerini Hollanda'ya getirebilir.<\/p>\t\t\t\t\t\t\t\t<\/div>\n\t\t\t\t<\/div>\n\t\t\t\t<div class=\"elementor-element elementor-element-09590f8 elementor-widget elementor-widget-spacer\" data-id=\"09590f8\" data-element_type=\"widget\" data-e-type=\"widget\" data-widget_type=\"spacer.default\">\n\t\t\t\t<div class=\"elementor-widget-container\">\n\t\t\t\t\t\t\t<div class=\"elementor-spacer\">\n\t\t\t<div class=\"elementor-spacer-inner\"><\/div>\n\t\t<\/div>\n\t\t\t\t\t\t<\/div>\n\t\t\t\t<\/div>\n\t\t\t\t<div class=\"elementor-element elementor-element-0542018 elementor-widget elementor-widget-heading\" data-id=\"0542018\" data-element_type=\"widget\" data-e-type=\"widget\" data-widget_type=\"heading.default\">\n\t\t\t\t<div class=\"elementor-widget-container\">\n\t\t\t\t\t<h3 class=\"elementor-heading-title elementor-size-default\">Seyahat sonras\u0131 d\u00f6nem<\/h3>\t\t\t\t<\/div>\n\t\t\t\t<\/div>\n\t\t\t\t<div class=\"elementor-element elementor-element-5bfee2e color-scheme-inherit text-left elementor-widget elementor-widget-text-editor\" data-id=\"5bfee2e\" data-element_type=\"widget\" data-e-type=\"widget\" data-widget_type=\"text-editor.default\">\n\t\t\t\t<div class=\"elementor-widget-container\">\n\t\t\t\t\t\t\t\t\tAile birle\u015fimi ba\u015fvurusu, seyahat sonras\u0131 MVV ba\u015fvurusu, sponsora s\u0131\u011f\u0131nma izni verildi\u011finin bildirilmesinden sonraki 3 ay i\u00e7inde yap\u0131lmal\u0131d\u0131r. \t\t\t\t\t\t\t\t<\/div>\n\t\t\t\t<\/div>\n\t\t\t\t<div class=\"elementor-element elementor-element-7974393 elementor-widget elementor-widget-spacer\" data-id=\"7974393\" data-element_type=\"widget\" data-e-type=\"widget\" data-widget_type=\"spacer.default\">\n\t\t\t\t<div class=\"elementor-widget-container\">\n\t\t\t\t\t\t\t<div class=\"elementor-spacer\">\n\t\t\t<div class=\"elementor-spacer-inner\"><\/div>\n\t\t<\/div>\n\t\t\t\t\t\t<\/div>\n\t\t\t\t<\/div>\n\t\t\t\t<div class=\"elementor-element elementor-element-77380f5 elementor-widget elementor-widget-heading\" data-id=\"77380f5\" data-element_type=\"widget\" data-e-type=\"widget\" data-widget_type=\"heading.default\">\n\t\t\t\t<div class=\"elementor-widget-container\">\n\t\t\t\t\t<h3 class=\"elementor-heading-title elementor-size-default\">Ko\u015fullar<\/h3>\t\t\t\t<\/div>\n\t\t\t\t<\/div>\n\t\t\t\t<div class=\"elementor-element elementor-element-981610a color-scheme-inherit text-left elementor-widget elementor-widget-text-editor\" data-id=\"981610a\" data-element_type=\"widget\" data-e-type=\"widget\" data-widget_type=\"text-editor.default\">\n\t\t\t\t<div class=\"elementor-widget-container\">\n\t\t\t\t\t\t\t\t\t<ul><li>S\u0131\u011f\u0131nmac\u0131 olarak oturma izniniz var<\/li><li>Bu ba\u015fvuruyu sadece \u015funlar i\u00e7in yapabilirsiniz: E\u015finiz, partneriniz, (koruyucu) \u00e7ocu\u011funuz, ebeveynleriniz (\u0130ltica ba\u015fvurusunda bulundu\u011funuzda bekar ve 18 ya\u015f\u0131ndan k\u00fc\u00e7\u00fckseniz sadece ebeveynleriniz i\u00e7in ba\u015fvurabilirsiniz.<\/li><li>\u0130ltica iznini ald\u0131ktan sonraki \u00fc\u00e7 ay i\u00e7inde aile \u00fcyeniz i\u00e7in mvv ba\u015fvurusunda bulunursunuz.<\/li><li>Aile \u00fcyeniz ailenize aittir ve ayn\u0131 zamanda yurtd\u0131\u015f\u0131ndaki ailenize de aittir.<\/li><li>E\u015finiz veya partneriniz i\u00e7in mvv ba\u015fvurusunda bulunuyorsan\u0131z, her ikinizin de 18 ya\u015f\u0131nda veya daha b\u00fcy\u00fck olmas\u0131 gerekir<\/li><li>Aile \u00fcyenizin herhangi bir su\u00e7 i\u015flememi\u015f olmas\u0131<\/li><li>Men\u015fe \u00fclkeden geciken ebeveyn bir onay formu imzalamal\u0131d\u0131r. Ebeveyn b\u00f6ylece \u00e7ocu\u011fun Hollanda'ya gitmesine izin vermi\u015f olur.<\/li><li>Aile \u00fcyenizin kimli\u011fini ve aile ili\u015fkinizi belgelerle kan\u0131tlaman\u0131z gerekir.<\/li><\/ul>\t\t\t\t\t\t\t\t<\/div>\n\t\t\t\t<\/div>\n\t\t\t\t<div class=\"elementor-element elementor-element-7f67a54 elementor-widget elementor-widget-spacer\" data-id=\"7f67a54\" data-element_type=\"widget\" data-e-type=\"widget\" data-widget_type=\"spacer.default\">\n\t\t\t\t<div class=\"elementor-widget-container\">\n\t\t\t\t\t\t\t<div class=\"elementor-spacer\">\n\t\t\t<div class=\"elementor-spacer-inner\"><\/div>\n\t\t<\/div>\n\t\t\t\t\t\t<\/div>\n\t\t\t\t<\/div>\n\t\t\t\t<div class=\"elementor-element elementor-element-720ebd7 elementor-widget elementor-widget-heading\" data-id=\"720ebd7\" data-element_type=\"widget\" data-e-type=\"widget\" data-widget_type=\"heading.default\">\n\t\t\t\t<div class=\"elementor-widget-container\">\n\t\t\t\t\t<h3 class=\"elementor-heading-title elementor-size-default\">Prosed\u00fcr Aile birle\u015fimi<\/h3>\t\t\t\t<\/div>\n\t\t\t\t<\/div>\n\t\t\t\t<div class=\"elementor-element elementor-element-24d4bc0 color-scheme-inherit text-left elementor-widget elementor-widget-text-editor\" data-id=\"24d4bc0\" data-element_type=\"widget\" data-e-type=\"widget\" data-widget_type=\"text-editor.default\">\n\t\t\t\t<div class=\"elementor-widget-container\">\n\t\t\t\t\t\t\t\t\t<ul><li><strong>Ko\u015fullar\u0131 kontrol edin:<\/strong>\u00a0Aile birle\u015fimi prosed\u00fcr\u00fcndeki ilk \u00f6nemli nokta, devam etmeden \u00f6nce t\u00fcm gereklilikleri kar\u015f\u0131lay\u0131p kar\u015f\u0131lamad\u0131\u011f\u0131n\u0131z\u0131 dikkatlice kontrol etmektir.<\/li><li><strong>Belgelerin toplanmas\u0131:<\/strong>\u00a0Ba\u015fvurunuzu desteklemek i\u00e7in gerekli t\u00fcm belgeleri ve destekleyici belgeleri toplay\u0131n. Buna kimlik belgeleri, evlilik c\u00fczdanlar\u0131, \u00e7ocuklar\u0131n do\u011fum belgeleri ve di\u011fer ilgili belgeler dahildir.<\/li><li><strong>Ba\u015fvuru g\u00f6nderin:<\/strong>\u00a0Ba\u015fvurunuzu G\u00f6\u00e7menlik ve Vatanda\u015fl\u0131\u011fa Kabul Servisi'ne (IND) g\u00f6nderin. T\u00fcm formlar\u0131 do\u011fru bir \u015fekilde doldurun ve gerekli t\u00fcm belgeleri ekledi\u011finizden emin olun.<\/li><li><strong>Maliyet \u00f6demesi:<\/strong>\u00a0Ba\u015fvurunuz i\u00e7in gerekli \u00fccretleri \u00f6deyin. G\u00fcncel \u00fccretlerden haberdar oldu\u011funuzdan ve bunlar\u0131 zaman\u0131nda \u00f6dedi\u011finizden emin olun.<\/li><li><strong>Ba\u015fvuru hakk\u0131nda karar bekleniyor:<\/strong>\u00a0Ba\u015fvurunuzu g\u00f6nderdikten sonra, IND durumunuzu de\u011ferlendirirken sab\u0131rla beklemeniz gerekir. Bunun biraz zaman alabilece\u011fini unutmay\u0131n, bu y\u00fczden sab\u0131rl\u0131 olun.<\/li><li><strong>Ba\u015fvuru hakk\u0131nda karar:<\/strong>\u00a0IND ba\u015fvurunuz hakk\u0131nda bir karar verdi\u011finde, sonu\u00e7 size bildirilecektir. Bu, durumunuza ba\u011fl\u0131 olarak olumlu ya da olumsuz olabilir.<\/li><li><strong>Mvv al\u0131n ve Hollanda'ya seyahat edin:<\/strong> Ba\u015fvurunuz onaylan\u0131rsa, men\u015fe \u00fclkenizdeki Hollanda b\u00fcy\u00fckel\u00e7ili\u011fi veya konsoloslu\u011fundan ge\u00e7ici oturma izni (MVV) i\u00e7in ba\u015fvurabilirsiniz. Mvv Hollanda'ya seyahat etmenize izin verir.<\/li><li>Hollanda'da kay\u0131t: Hollanda'ya geldi\u011finizde, ya\u015fayaca\u011f\u0131n\u0131z belediyeye kay\u0131t yapt\u0131rman\u0131z gerekecektir. Burada aile birle\u015fiminizi resmile\u015ftirmek ve Hollanda toplumuna entegre olmak i\u00e7in ba\u015fka ad\u0131mlar atacaks\u0131n\u0131z.<\/li><\/ul><p>Bu ad\u0131m ad\u0131m prosed\u00fcr, Hollanda'da aile birle\u015fimi s\u00fcrecinde sizi nelerin bekledi\u011fine dair genel bir bak\u0131\u015f sunmaktad\u0131r. Ba\u015fvurunuzun sorunsuz bir \u015fekilde ilerlemesini sa\u011flamak i\u00e7in her a\u015famada do\u011fru ve sab\u0131rl\u0131 bir \u015fekilde ilerlemek \u00e7ok \u00f6nemlidir.<\/p>\t\t\t\t\t\t\t\t<\/div>\n\t\t\t\t<\/div>\n\t\t\t\t<div class=\"elementor-element elementor-element-614c2d7 elementor-widget elementor-widget-spacer\" data-id=\"614c2d7\" data-element_type=\"widget\" data-e-type=\"widget\" data-widget_type=\"spacer.default\">\n\t\t\t\t<div class=\"elementor-widget-container\">\n\t\t\t\t\t\t\t<div class=\"elementor-spacer\">\n\t\t\t<div class=\"elementor-spacer-inner\"><\/div>\n\t\t<\/div>\n\t\t\t\t\t\t<\/div>\n\t\t\t\t<\/div>\n\t\t\t\t<div class=\"elementor-element elementor-element-eb094a8 elementor-widget elementor-widget-heading\" data-id=\"eb094a8\" data-element_type=\"widget\" data-e-type=\"widget\" data-widget_type=\"heading.default\">\n\t\t\t\t<div class=\"elementor-widget-container\">\n\t\t\t\t\t<h3 class=\"elementor-heading-title elementor-size-default\">Avukat Var\u0131\u015f sonras\u0131 aile birle\u015fimi<\/h3>\t\t\t\t<\/div>\n\t\t\t\t<\/div>\n\t\t\t\t<div class=\"elementor-element elementor-element-da6acdc color-scheme-inherit text-left elementor-widget elementor-widget-text-editor\" data-id=\"da6acdc\" data-element_type=\"widget\" data-e-type=\"widget\" data-widget_type=\"text-editor.default\">\n\t\t\t\t<div class=\"elementor-widget-container\">\n\t\t\t\t\t\t\t\t\tGerekliliklerden herhangi birinin kar\u015f\u0131lanmamas\u0131 durumunda aile birle\u015fimi s\u00fcreci h\u0131zla karma\u015f\u0131k hale gelebilir. \u00d6rne\u011fin, G\u00f6\u00e7menlik ve Vatanda\u015fl\u0131\u011fa Kabul Servisi (IND) ili\u015fkinizin ger\u00e7ekli\u011finden \u015f\u00fcphe duyuyorsa ve bu \u015f\u00fcphe hakl\u0131 de\u011filse. Der Bedrosian Hukuk B\u00fcrosu'nun deneyimli avukatlar\u0131 aile birle\u015fimi alan\u0131nda geni\u015f bilgi ve deneyime sahiptir ve bu s\u00fcre\u00e7te size yard\u0131mc\u0131 olmaya haz\u0131rd\u0131r. Hukuk b\u00fcromuzla ileti\u015fime ge\u00e7ti\u011finiz anda, sizi uzman bir avukatla do\u011frudan temasa ge\u00e7irece\u011fiz. T\u00fcm bunlar\u0131 aile birle\u015fimi aray\u0131\u015f\u0131n\u0131zda size destek olmak i\u00e7in yap\u0131yoruz.\t\t\t\t\t\t\t\t<\/div>\n\t\t\t\t<\/div>\n\t\t\t\t\t<\/div>\n\t\t\t\t<\/div>\n\t\t\t\t<\/div>","protected":false},"excerpt":{"rendered":"<p>Advocatenkantoor Der Bedrosian beschikt over gespecialiseerde advocaten op het gebied van gezinshereniging (nareis). Wat is een gezinshereniging? Gezinshereniging is het<\/p>","protected":false},"author":1,"featured_media":0,"parent":10757,"menu_order":0,"comment_status":"closed","ping_status":"closed","template":"","meta":{"footnotes":""},"class_list":["post-10789","page","type-page","status-publish","hentry"],"_links":{"self":[{"href":"https:\/\/www.derbedrosian.nl\/tr\/wp-json\/wp\/v2\/pages\/10789","targetHints":{"allow":["GET"]}}],"collection":[{"href":"https:\/\/www.derbedrosian.nl\/tr\/wp-json\/wp\/v2\/pages"}],"about":[{"href":"https:\/\/www.derbedrosian.nl\/tr\/wp-json\/wp\/v2\/types\/page"}],"author":[{"embeddable":true,"href":"https:\/\/www.derbedrosian.nl\/tr\/wp-json\/wp\/v2\/users\/1"}],"replies":[{"embeddable":true,"href":"https:\/\/www.derbedrosian.nl\/tr\/wp-json\/wp\/v2\/comments?post=10789"}],"version-history":[{"count":0,"href":"https:\/\/www.derbedrosian.nl\/tr\/wp-json\/wp\/v2\/pages\/10789\/revisions"}],"up":[{"embeddable":true,"href":"https:\/\/www.derbedrosian.nl\/tr\/wp-json\/wp\/v2\/pages\/10757"}],"wp:attachment":[{"href":"https:\/\/www.derbedrosian.nl\/tr\/wp-json\/wp\/v2\/media?parent=10789"}],"curies":[{"name":"wp","href":"https:\/\/api.w.org\/{rel}","templated":true}]}}