{"id":10779,"date":"2023-05-27T14:33:07","date_gmt":"2023-05-27T12:33:07","guid":{"rendered":"https:\/\/derbedrosian.nl\/?page_id=10779"},"modified":"2025-12-21T16:34:41","modified_gmt":"2025-12-21T14:34:41","slug":"hollanda-iltica-proseduru","status":"publish","type":"page","link":"https:\/\/www.derbedrosian.nl\/tr\/rechtsgebieden\/asielrecht\/dutch-asylum-procedure\/","title":{"rendered":"Hollanda iltica prosed\u00fcr\u00fc"},"content":{"rendered":"<div data-elementor-type=\"wp-page\" data-elementor-id=\"10779\" class=\"elementor elementor-10779\" data-elementor-post-type=\"page\">\n\t\t\t\t<div class=\"wd-negative-gap elementor-element elementor-element-f40594e e-flex e-con-boxed e-con e-parent\" data-id=\"f40594e\" data-element_type=\"container\" data-e-type=\"container\">\n\t\t\t\t\t<div class=\"e-con-inner\">\n\t\t\t\t<div class=\"elementor-element elementor-element-8ed3410 elementor-hidden-desktop elementor-hidden-tablet elementor-hidden-mobile elementor-widget elementor-widget-wd_image_or_svg\" data-id=\"8ed3410\" data-element_type=\"widget\" data-e-type=\"widget\" id=\"seo-word\" data-widget_type=\"wd_image_or_svg.default\">\n\t\t\t\t<div class=\"elementor-widget-container\">\n\t\t\t\t\t\n\t\t<div class=\"wd-image text-left\">\n\t\t\t\t\t\t\t\t<img loading=\"lazy\" decoding=\"async\" width=\"1000\" height=\"667\" src=\"https:\/\/www.derbedrosian.nl\/wp-content\/uploads\/rechtsgebied-dutch-asylum-procedure.jpg\" class=\"attachment-full size-full\" alt=\"Hollanda iltica prosed\u00fcr\u00fc ind iltica hukuku avukat cinsel y\u00f6nelim belirleme\" srcset=\"https:\/\/www.derbedrosian.nl\/wp-content\/uploads\/rechtsgebied-dutch-asylum-procedure.jpg 1000w, https:\/\/www.derbedrosian.nl\/wp-content\/uploads\/rechtsgebied-dutch-asylum-procedure-400x267.jpg 400w, https:\/\/www.derbedrosian.nl\/wp-content\/uploads\/rechtsgebied-dutch-asylum-procedure-768x512.jpg 768w\" sizes=\"auto, (max-width: 1000px) 100vw, 1000px\" title=\"\">\t\t\t\t\t<\/div>\n\n\t\t\t\t\t\t<\/div>\n\t\t\t\t<\/div>\n\t\t\t\t<div class=\"elementor-element elementor-element-ba6fc08 elementor-hidden-desktop elementor-hidden-tablet elementor-hidden-mobile elementor-widget elementor-widget-heading\" data-id=\"ba6fc08\" data-element_type=\"widget\" data-e-type=\"widget\" id=\"seo-word\" data-widget_type=\"heading.default\">\n\t\t\t\t<div class=\"elementor-widget-container\">\n\t\t\t\t\t<h2 class=\"elementor-heading-title elementor-size-default\">Cinsel y\u00f6nelimin belirlenmesi<\/h2>\t\t\t\t<\/div>\n\t\t\t\t<\/div>\n\t\t\t\t<div class=\"elementor-element elementor-element-efaddac elementor-hidden-desktop elementor-hidden-tablet elementor-hidden-mobile elementor-widget elementor-widget-heading\" data-id=\"efaddac\" data-element_type=\"widget\" data-e-type=\"widget\" id=\"seo-word\" data-widget_type=\"heading.default\">\n\t\t\t\t<div class=\"elementor-widget-container\">\n\t\t\t\t\t<h5 class=\"elementor-heading-title elementor-size-default\">ind<\/h5>\t\t\t\t<\/div>\n\t\t\t\t<\/div>\n\t\t\t\t<div class=\"elementor-element elementor-element-9eea203 elementor-hidden-desktop elementor-hidden-tablet elementor-hidden-mobile elementor-widget elementor-widget-heading\" data-id=\"9eea203\" data-element_type=\"widget\" data-e-type=\"widget\" id=\"seo-word\" data-widget_type=\"heading.default\">\n\t\t\t\t<div class=\"elementor-widget-container\">\n\t\t\t\t\t<h5 class=\"elementor-heading-title elementor-size-default\">iltica hukuku<\/h5>\t\t\t\t<\/div>\n\t\t\t\t<\/div>\n\t\t\t\t<div class=\"elementor-element elementor-element-c7a1109 elementor-hidden-desktop elementor-hidden-tablet elementor-hidden-mobile elementor-widget elementor-widget-heading\" data-id=\"c7a1109\" data-element_type=\"widget\" data-e-type=\"widget\" id=\"seo-word\" data-widget_type=\"heading.default\">\n\t\t\t\t<div class=\"elementor-widget-container\">\n\t\t\t\t\t<h5 class=\"elementor-heading-title elementor-size-default\">iltica hukuku avukat\u0131 enschede<\/h5>\t\t\t\t<\/div>\n\t\t\t\t<\/div>\n\t\t\t\t<div class=\"elementor-element elementor-element-1f5fb10 elementor-hidden-desktop elementor-hidden-tablet elementor-hidden-mobile elementor-widget elementor-widget-heading\" data-id=\"1f5fb10\" data-element_type=\"widget\" data-e-type=\"widget\" id=\"seo-word\" data-widget_type=\"heading.default\">\n\t\t\t\t<div class=\"elementor-widget-container\">\n\t\t\t\t\t<h5 class=\"elementor-heading-title elementor-size-default\">iltica avukat\u0131 overijssel<\/h5>\t\t\t\t<\/div>\n\t\t\t\t<\/div>\n\t\t\t\t<div class=\"elementor-element elementor-element-a99d3c6 elementor-hidden-desktop elementor-hidden-tablet elementor-hidden-mobile elementor-widget elementor-widget-heading\" data-id=\"a99d3c6\" data-element_type=\"widget\" data-e-type=\"widget\" id=\"seo-word\" data-widget_type=\"heading.default\">\n\t\t\t\t<div class=\"elementor-widget-container\">\n\t\t\t\t\t<h5 class=\"elementor-heading-title elementor-size-default\">iltica hukuku enschede<\/h5>\t\t\t\t<\/div>\n\t\t\t\t<\/div>\n\t\t\t\t<div class=\"elementor-element elementor-element-f0990de elementor-hidden-desktop elementor-hidden-tablet elementor-hidden-mobile elementor-widget elementor-widget-heading\" data-id=\"f0990de\" data-element_type=\"widget\" data-e-type=\"widget\" id=\"seo-word\" data-widget_type=\"heading.default\">\n\t\t\t\t<div class=\"elementor-widget-container\">\n\t\t\t\t\t<h5 class=\"elementor-heading-title elementor-size-default\">avukat enschede iltica hukuku<\/h5>\t\t\t\t<\/div>\n\t\t\t\t<\/div>\n\t\t\t\t<div class=\"elementor-element elementor-element-bbf6404 elementor-hidden-desktop elementor-hidden-tablet elementor-hidden-mobile elementor-widget elementor-widget-heading\" data-id=\"bbf6404\" data-element_type=\"widget\" data-e-type=\"widget\" id=\"seo-word\" data-widget_type=\"heading.default\">\n\t\t\t\t<div class=\"elementor-widget-container\">\n\t\t\t\t\t<h5 class=\"elementor-heading-title elementor-size-default\">Hollanda'ya iltica ba\u015fvurusu<\/h5>\t\t\t\t<\/div>\n\t\t\t\t<\/div>\n\t\t\t\t<div class=\"elementor-element elementor-element-26fdffd elementor-hidden-desktop elementor-hidden-tablet elementor-hidden-mobile elementor-widget elementor-widget-heading\" data-id=\"26fdffd\" data-element_type=\"widget\" data-e-type=\"widget\" id=\"seo-word\" data-widget_type=\"heading.default\">\n\t\t\t\t<div class=\"elementor-widget-container\">\n\t\t\t\t\t<h5 class=\"elementor-heading-title elementor-size-default\">Bir ki\u015finin cinsel y\u00f6neliminin belirlenmesi, iltica davalar\u0131nda \u00e7ok \u00f6nemli bir konu olabilir. Hollanda'da, cinsel y\u00f6neliminiz nedeniyle kendi \u00fclkenizde zul\u00fcm g\u00f6rd\u00fc\u011f\u00fcn\u00fcz\u00fc kan\u0131tlayabilirseniz, cinsel y\u00f6neliminiz temelinde iltica ba\u015fvurusunda bulunabilirsiniz. Cinsel y\u00f6nelime dayal\u0131 olanlar da dahil olmak \u00fczere s\u0131\u011f\u0131nma taleplerinin de\u011ferlendirilmesinden G\u00f6\u00e7menlik ve Vatanda\u015fl\u0131\u011fa Kabul Servisi (IND) sorumludur.\n\nEnschede ve Overijssel'deki Derbedrosian G\u00f6\u00e7menlik Avukatlar\u0131, cinsel y\u00f6nelimleri nedeniyle s\u0131\u011f\u0131nma talebinde bulunanlar da dahil olmak \u00fczere Hollanda'daki s\u0131\u011f\u0131nmac\u0131lar\u0131 temsil etme konusunda deneyimlidir. Hollanda iltica prosed\u00fcr\u00fcn\u00fcn karma\u015f\u0131kl\u0131\u011f\u0131n\u0131 anl\u0131yor ve s\u00fcre\u00e7 boyunca uzman hukuki tavsiye ve rehberlik sunuyoruz.\n\nCinsel y\u00f6neliminize dayal\u0131 olarak Hollanda'da s\u0131\u011f\u0131nma ba\u015fvurusunda bulunmak, IND prosed\u00fcr\u00fc hakk\u0131nda sorular\u0131n\u0131z varsa veya hukuki yard\u0131ma ihtiyac\u0131n\u0131z varsa, l\u00fctfen Derbedrosian G\u00f6\u00e7menlik Avukatlar\u0131 ile ileti\u015fime ge\u00e7mekten \u00e7ekinmeyin. Size yard\u0131m etmeye ve haklar\u0131n\u0131z\u0131 korumaya haz\u0131r\u0131z.<\/h5>\t\t\t\t<\/div>\n\t\t\t\t<\/div>\n\t\t\t\t<div class=\"elementor-element elementor-element-f72bc4b color-scheme-inherit text-left elementor-widget elementor-widget-text-editor\" data-id=\"f72bc4b\" data-element_type=\"widget\" data-e-type=\"widget\" data-widget_type=\"text-editor.default\">\n\t\t\t\t<div class=\"elementor-widget-container\">\n\t\t\t\t\t\t\t\t\t<p><strong>Hollanda iltica prosed\u00fcr\u00fc olarak da bilinen Hollanda iltica prosed\u00fcr\u00fc, Hollanda'n\u0131n g\u00f6\u00e7 ve iltica politikas\u0131n\u0131n bir par\u00e7as\u0131d\u0131r. Bu prosed\u00fcr, kendi \u00fclkelerindeki yak\u0131n tehlike nedeniyle Hollanda'ya s\u0131\u011f\u0131nmak isteyen ki\u015filerin s\u0131\u011f\u0131nma ve koruma i\u00e7in uygun olup olmad\u0131klar\u0131n\u0131 de\u011ferlendirmek \u00fczere tasarlanm\u0131\u015ft\u0131r.<\/strong><\/p>\t\t\t\t\t\t\t\t<\/div>\n\t\t\t\t<\/div>\n\t\t\t\t<div class=\"elementor-element elementor-element-46f76d8 elementor-widget elementor-widget-spacer\" data-id=\"46f76d8\" data-element_type=\"widget\" data-e-type=\"widget\" data-widget_type=\"spacer.default\">\n\t\t\t\t<div class=\"elementor-widget-container\">\n\t\t\t\t\t\t\t<div class=\"elementor-spacer\">\n\t\t\t<div class=\"elementor-spacer-inner\"><\/div>\n\t\t<\/div>\n\t\t\t\t\t\t<\/div>\n\t\t\t\t<\/div>\n\t\t\t\t<div class=\"elementor-element elementor-element-7341996 elementor-widget elementor-widget-heading\" data-id=\"7341996\" data-element_type=\"widget\" data-e-type=\"widget\" data-widget_type=\"heading.default\">\n\t\t\t\t<div class=\"elementor-widget-container\">\n\t\t\t\t\t<h3 class=\"elementor-heading-title elementor-size-default\">Hollanda iltica prosed\u00fcr\u00fc nedir (LGBTI &amp; din de\u011fi\u015ftirenler)?<\/h3>\t\t\t\t<\/div>\n\t\t\t\t<\/div>\n\t\t\t\t<div class=\"elementor-element elementor-element-168303d color-scheme-inherit text-left elementor-widget elementor-widget-text-editor\" data-id=\"168303d\" data-element_type=\"widget\" data-e-type=\"widget\" data-widget_type=\"text-editor.default\">\n\t\t\t\t<div class=\"elementor-widget-container\">\n\t\t\t\t\t\t\t\t\t<p>\u00d6zellikle LGBT (lezbiyen, gey, biseks\u00fcel, transseks\u00fcel ve interseks) s\u0131\u011f\u0131nmac\u0131lar\u0131 ve din de\u011fi\u015ftirenleri hedef alan Hollanda \u0130ltica prosed\u00fcr\u00fc, LGBT bireylerin ve din de\u011fi\u015ftirenlerin men\u015fe \u00fclkelerinde kar\u015f\u0131la\u015ft\u0131klar\u0131 \u00f6zel zorluklar\u0131 ve riskleri ele almak \u00fczere olu\u015fturulmu\u015ftur.<\/p><p>Bu \u00f6zel prosed\u00fcr arac\u0131l\u0131\u011f\u0131yla s\u0131\u011f\u0131nmac\u0131lara haklar\u0131 ve Hollanda'daki iltica prosed\u00fcr\u00fc hakk\u0131nda bilgi verilmektedir. Ayr\u0131ca, genellikle travmatik deneyimlerle ve zul\u00fcm korkusuyla u\u011fra\u015fan LGBT s\u0131\u011f\u0131nmac\u0131lara duygusal destek ve rehberlik sa\u011flarlar. Ayr\u0131ca, hukuki yard\u0131m sa\u011flayabilir ve s\u0131\u011f\u0131nmac\u0131n\u0131n ki\u015fisel durumunu do\u011fru bir \u015fekilde yans\u0131tan inand\u0131r\u0131c\u0131 s\u0131\u011f\u0131nma beyanlar\u0131n\u0131n haz\u0131rlanmas\u0131na yard\u0131mc\u0131 olabilirler.<\/p>\t\t\t\t\t\t\t\t<\/div>\n\t\t\t\t<\/div>\n\t\t\t\t<div class=\"elementor-element elementor-element-f21f580 elementor-widget elementor-widget-spacer\" data-id=\"f21f580\" data-element_type=\"widget\" data-e-type=\"widget\" data-widget_type=\"spacer.default\">\n\t\t\t\t<div class=\"elementor-widget-container\">\n\t\t\t\t\t\t\t<div class=\"elementor-spacer\">\n\t\t\t<div class=\"elementor-spacer-inner\"><\/div>\n\t\t<\/div>\n\t\t\t\t\t\t<\/div>\n\t\t\t\t<\/div>\n\t\t\t\t<div class=\"elementor-element elementor-element-5a99f7c elementor-widget elementor-widget-heading\" data-id=\"5a99f7c\" data-element_type=\"widget\" data-e-type=\"widget\" data-widget_type=\"heading.default\">\n\t\t\t\t<div class=\"elementor-widget-container\">\n\t\t\t\t\t<h3 class=\"elementor-heading-title elementor-size-default\">Cinsel y\u00f6nelimin belirlenmesi<\/h3>\t\t\t\t<\/div>\n\t\t\t\t<\/div>\n\t\t\t\t<div class=\"elementor-element elementor-element-0857c83 color-scheme-inherit text-left elementor-widget elementor-widget-text-editor\" data-id=\"0857c83\" data-element_type=\"widget\" data-e-type=\"widget\" data-widget_type=\"text-editor.default\">\n\t\t\t\t<div class=\"elementor-widget-container\">\n\t\t\t\t\t\t\t\t\t<p>Bir ki\u015finin cinsel y\u00f6nelimi belgelerle do\u011frulanamad\u0131\u011f\u0131 i\u00e7in, G\u00f6\u00e7menlik ve Vatanda\u015fl\u0131\u011fa Kabul Servisi (IND) s\u0131\u011f\u0131nmac\u0131lara cinsel y\u00f6nelimleri veya cinsiyet kimlikleri hakk\u0131nda konu\u015fmalar\u0131 i\u00e7in kapsaml\u0131 f\u0131rsatlar sunar. Bu \u00f6nemli konu\u015fma s\u0131ras\u0131nda, men\u015fe \u00fclkedeki LGBT bireylerin (lezbiyen, gey, biseks\u00fcel, transseks\u00fcel ve interseks bireyler) durumu da dahil olmak \u00fczere \u00e7e\u015fitli konular tart\u0131\u015f\u0131lmaktad\u0131r.<\/p><p>Bu s\u00fcrecin amac\u0131, cinsel y\u00f6nelimleri veya cinsiyet kimlikleri nedeniyle zul\u00fcm g\u00f6ren, ayr\u0131mc\u0131l\u0131\u011fa u\u011frayan veya tehdit edilen s\u0131\u011f\u0131nmac\u0131lar\u0131n ihtiya\u00e7 duyduklar\u0131 korumay\u0131 almalar\u0131n\u0131 sa\u011flamakt\u0131r.<\/p>\t\t\t\t\t\t\t\t<\/div>\n\t\t\t\t<\/div>\n\t\t\t\t<div class=\"elementor-element elementor-element-3a073aa elementor-widget elementor-widget-spacer\" data-id=\"3a073aa\" data-element_type=\"widget\" data-e-type=\"widget\" data-widget_type=\"spacer.default\">\n\t\t\t\t<div class=\"elementor-widget-container\">\n\t\t\t\t\t\t\t<div class=\"elementor-spacer\">\n\t\t\t<div class=\"elementor-spacer-inner\"><\/div>\n\t\t<\/div>\n\t\t\t\t\t\t<\/div>\n\t\t\t\t<\/div>\n\t\t\t\t<div class=\"elementor-element elementor-element-3350203 elementor-widget elementor-widget-heading\" data-id=\"3350203\" data-element_type=\"widget\" data-e-type=\"widget\" data-widget_type=\"heading.default\">\n\t\t\t\t<div class=\"elementor-widget-container\">\n\t\t\t\t\t<h3 class=\"elementor-heading-title elementor-size-default\">IND<\/h3>\t\t\t\t<\/div>\n\t\t\t\t<\/div>\n\t\t\t\t<div class=\"elementor-element elementor-element-a4f83ad color-scheme-inherit text-left elementor-widget elementor-widget-text-editor\" data-id=\"a4f83ad\" data-element_type=\"widget\" data-e-type=\"widget\" data-widget_type=\"text-editor.default\">\n\t\t\t\t<div class=\"elementor-widget-container\">\n\t\t\t\t\t\t\t\t\t<p>IND, Hollanda iltica prosed\u00fcr\u00fc kapsam\u0131nda cinsel y\u00f6nelimleri nedeniyle oturma izni almaya hak kazanan s\u0131\u011f\u0131nmac\u0131lar\u0131 de\u011ferlendirir. Bu de\u011ferlendirme, s\u0131\u011f\u0131nmac\u0131n\u0131n cinsel y\u00f6nelimine ili\u015fkin beyan ve a\u00e7\u0131klamalar\u0131n incelenmesini gerektirir.<\/p><p>S\u0131\u011f\u0131nmac\u0131n\u0131n durumunu de\u011ferlendiren IND \u00e7al\u0131\u015fan\u0131, s\u0131\u011f\u0131nmac\u0131n\u0131n cinsel y\u00f6nelimi hakk\u0131nda s\u00f6ylediklerinin do\u011fru olup olmad\u0131\u011f\u0131na yak\u0131ndan bakmal\u0131d\u0131r. Bu zordur \u00e7\u00fcnk\u00fc bazen bir ki\u015finin duygular\u0131 ve kim oldu\u011fu hakk\u0131nda do\u011fruyu s\u00f6yleyip s\u00f6ylemedi\u011fini bilmek zordur.<\/p><p>Bu de\u011ferlendirmeyi adil bir \u015fekilde y\u00fcr\u00fctmek i\u00e7in IND, Hollanda iltica prosed\u00fcr\u00fcnde LGBT (lezbiyen, gey, biseks\u00fcel, transseks\u00fcel ve interseks) y\u00f6neliminin bir iltica nedeni olarak \u00f6ne s\u00fcr\u00fcld\u00fc\u011f\u00fc vakalar i\u00e7in tasarlanm\u0131\u015f \u00f6zel \u00e7al\u0131\u015fma talimatlar\u0131n\u0131 kullan\u0131r. Bu talimatlar, bu t\u00fcr konular\u0131n karma\u015f\u0131kl\u0131\u011f\u0131na \u00f6zellikle dikkat edilerek de\u011ferlendirmenin dikkatli ve adil bir \u015fekilde yap\u0131lmas\u0131n\u0131 sa\u011flamak i\u00e7in k\u0131lavuz ilkeler ve prosed\u00fcrler i\u00e7erir.<\/p>\t\t\t\t\t\t\t\t<\/div>\n\t\t\t\t<\/div>\n\t\t\t\t<div class=\"elementor-element elementor-element-14ef9e2 elementor-widget elementor-widget-spacer\" data-id=\"14ef9e2\" data-element_type=\"widget\" data-e-type=\"widget\" data-widget_type=\"spacer.default\">\n\t\t\t\t<div class=\"elementor-widget-container\">\n\t\t\t\t\t\t\t<div class=\"elementor-spacer\">\n\t\t\t<div class=\"elementor-spacer-inner\"><\/div>\n\t\t<\/div>\n\t\t\t\t\t\t<\/div>\n\t\t\t\t<\/div>\n\t\t\t\t<div class=\"elementor-element elementor-element-d94ed20 elementor-widget elementor-widget-heading\" data-id=\"d94ed20\" data-element_type=\"widget\" data-e-type=\"widget\" data-widget_type=\"heading.default\">\n\t\t\t\t<div class=\"elementor-widget-container\">\n\t\t\t\t\t<h3 class=\"elementor-heading-title elementor-size-default\">\u0130ltica prosed\u00fcr\u00fc<\/h3>\t\t\t\t<\/div>\n\t\t\t\t<\/div>\n\t\t\t\t<div class=\"elementor-element elementor-element-b0330db color-scheme-inherit text-left elementor-widget elementor-widget-text-editor\" data-id=\"b0330db\" data-element_type=\"widget\" data-e-type=\"widget\" data-widget_type=\"text-editor.default\">\n\t\t\t\t<div class=\"elementor-widget-container\">\n\t\t\t\t\t\t\t\t\t<p>Bu politika, kendi \u00fclkelerine d\u00f6nmeleri halinde tehdit alt\u0131ndaki bireylere koruma sa\u011flamaya odaklanmaktad\u0131r.<\/p><ul><li><strong>\u0130ltica ba\u015fvurusu:<\/strong>\u00a0Bu prosed\u00fcr, bir ki\u015fi Hollanda'da s\u0131\u011f\u0131nma ba\u015fvurusunda bulundu\u011funda ba\u015flar. Bu ba\u015fvuru s\u0131n\u0131rda, havaalan\u0131nda ya da bir s\u0131\u011f\u0131nmac\u0131 merkezinde ger\u00e7ekle\u015febilir. Ba\u015fvuru yap\u0131ld\u0131ktan sonra, s\u0131\u011f\u0131nmac\u0131n\u0131n durumunun kapsaml\u0131 bir de\u011ferlendirmesi ba\u015flar.<\/li><li><strong>\u0130ltica ba\u015fvurusu i\u00e7in gerek\u00e7eler:<\/strong>\u00a0\u0130lk olarak, iltica ba\u015fvurusunun gerek\u00e7eleri de\u011ferlendirilir. Bu gerek\u00e7eler siyasi zul\u00fcmden cinsiyet, cinsel y\u00f6nelim veya din temelli ayr\u0131mc\u0131l\u0131\u011fa kadar uzanabilir. S\u0131\u011f\u0131nmac\u0131n\u0131n ge\u00e7mi\u015fi ve men\u015fe \u00fclkesinde kar\u015f\u0131la\u015ft\u0131\u011f\u0131 riskler hakk\u0131nda ayr\u0131nt\u0131l\u0131 ve d\u00fcr\u00fcst bilgi vermesi \u00e7ok \u00f6nemlidir.<\/li><li><strong>G\u00fcvenilirlik de\u011ferlendirmesi:<\/strong>\u00a0S\u0131\u011f\u0131nma ba\u015fvurusunun nedenlerini ara\u015ft\u0131rman\u0131n yan\u0131 s\u0131ra, s\u0131\u011f\u0131nmac\u0131n\u0131n hikayesinin inand\u0131r\u0131c\u0131l\u0131\u011f\u0131n\u0131 de\u011ferlendirmek i\u00e7in g\u00f6r\u00fc\u015fmeler yap\u0131l\u0131r. Ki\u015finin durumunu tam olarak anlamak \u00e7ok \u00f6nemli oldu\u011fu i\u00e7in bu s\u00fcre\u00e7 biraz zaman alabilir.<\/li><li><strong>Yasal i\u015flem:<\/strong>\u00a0Ayr\u0131ca, ba\u015fvurunun d\u00fczg\u00fcn bir \u015fekilde i\u015fleme konulmas\u0131 i\u00e7in yasal ad\u0131mlar takip edilir. S\u0131\u011f\u0131nmac\u0131lar, ba\u015fvurular\u0131n\u0131n sonucuna kat\u0131lmad\u0131klar\u0131 takdirde kararlara itiraz etme se\u00e7ene\u011fine de sahiptir. Bu, sadece sonuca neden kat\u0131lmad\u0131\u011f\u0131n\u0131za dair net arg\u00fcmanlar i\u00e7eren bir itiraz bildirimi g\u00f6ndererek yap\u0131labilir.<\/li><\/ul>\t\t\t\t\t\t\t\t<\/div>\n\t\t\t\t<\/div>\n\t\t\t\t<div class=\"elementor-element elementor-element-adb87e8 elementor-widget elementor-widget-spacer\" data-id=\"adb87e8\" data-element_type=\"widget\" data-e-type=\"widget\" data-widget_type=\"spacer.default\">\n\t\t\t\t<div class=\"elementor-widget-container\">\n\t\t\t\t\t\t\t<div class=\"elementor-spacer\">\n\t\t\t<div class=\"elementor-spacer-inner\"><\/div>\n\t\t<\/div>\n\t\t\t\t\t\t<\/div>\n\t\t\t\t<\/div>\n\t\t\t\t<div class=\"elementor-element elementor-element-158756c elementor-widget elementor-widget-heading\" data-id=\"158756c\" data-element_type=\"widget\" data-e-type=\"widget\" data-widget_type=\"heading.default\">\n\t\t\t\t<div class=\"elementor-widget-container\">\n\t\t\t\t\t<h3 class=\"elementor-heading-title elementor-size-default\">Hollandal\u0131 s\u0131\u011f\u0131nma avukat\u0131 <\/h3>\t\t\t\t<\/div>\n\t\t\t\t<\/div>\n\t\t\t\t<div class=\"elementor-element elementor-element-2a105bb color-scheme-inherit text-left elementor-widget elementor-widget-text-editor\" data-id=\"2a105bb\" data-element_type=\"widget\" data-e-type=\"widget\" data-widget_type=\"text-editor.default\">\n\t\t\t\t<div class=\"elementor-widget-container\">\n\t\t\t\t\t\t\t\t\t<p>S\u0131\u011f\u0131nma ba\u015fvurusunda bulunma s\u00fcreci olduk\u00e7a karma\u015f\u0131k olabilir. Kesinlikle uyulmas\u0131 gereken bir\u00e7ok kural ve yasa i\u00e7erir. Bu nedenle deneyimli bir avukat tutmak ak\u0131ll\u0131ca olacakt\u0131r.<\/p><p>Bu <a href=\"https:\/\/www.derbedrosian.nl\/tr\/avukatlar\/\">deneyi\u0307mli\u0307 avukatlar<\/a> hukuk firmas\u0131 Der Bedrosian'\u0131n uzmanl\u0131k alan\u0131 <a href=\"https:\/\/www.derbedrosian.nl\/tr\/yetki%cc%87-alanlari\/iltica-hukuku\/\">iltica hukuku<\/a> ve bu nedenle size bir\u00e7ok \u015fekilde yard\u0131mc\u0131 olabilir<\/p><p>Ayr\u0131ca, avukatlar haklar\u0131n\u0131z\u0131n neler oldu\u011funu size bildirebilir. Ayr\u0131ca sizi bekleyebilece\u011finiz sorulara da haz\u0131rlayabilirler. E\u011fer sorun \u00e7\u0131karsa, avukatlar iltica karar\u0131n\u0131 veren ki\u015filerle konu\u015fabilirler.<\/p>\t\t\t\t\t\t\t\t<\/div>\n\t\t\t\t<\/div>\n\t\t\t\t\t<\/div>\n\t\t\t\t<\/div>\n\t\t\t\t<\/div>","protected":false},"excerpt":{"rendered":"<p>Cinsel y\u00f6nelimi belirleme \u0130ltica hakk\u0131 \u0130ltica hakk\u0131 avukat\u0131 Enschede \u0130ltica hakk\u0131 avukat\u0131 Overijssel \u0130ltica hakk\u0131 Enschede Avukat Enschede \u0130ltica hakk\u0131 Dutch asylum ba\u015fvurusu<\/p>","protected":false},"author":1,"featured_media":0,"parent":10757,"menu_order":0,"comment_status":"closed","ping_status":"closed","template":"","meta":{"footnotes":""},"class_list":["post-10779","page","type-page","status-publish","hentry"],"_links":{"self":[{"href":"https:\/\/www.derbedrosian.nl\/tr\/wp-json\/wp\/v2\/pages\/10779","targetHints":{"allow":["GET"]}}],"collection":[{"href":"https:\/\/www.derbedrosian.nl\/tr\/wp-json\/wp\/v2\/pages"}],"about":[{"href":"https:\/\/www.derbedrosian.nl\/tr\/wp-json\/wp\/v2\/types\/page"}],"author":[{"embeddable":true,"href":"https:\/\/www.derbedrosian.nl\/tr\/wp-json\/wp\/v2\/users\/1"}],"replies":[{"embeddable":true,"href":"https:\/\/www.derbedrosian.nl\/tr\/wp-json\/wp\/v2\/comments?post=10779"}],"version-history":[{"count":0,"href":"https:\/\/www.derbedrosian.nl\/tr\/wp-json\/wp\/v2\/pages\/10779\/revisions"}],"up":[{"embeddable":true,"href":"https:\/\/www.derbedrosian.nl\/tr\/wp-json\/wp\/v2\/pages\/10757"}],"wp:attachment":[{"href":"https:\/\/www.derbedrosian.nl\/tr\/wp-json\/wp\/v2\/media?parent=10779"}],"curies":[{"name":"wp","href":"https:\/\/api.w.org\/{rel}","templated":true}]}}