{"id":10732,"date":"2023-05-26T16:57:48","date_gmt":"2023-05-26T14:57:48","guid":{"rendered":"https:\/\/derbedrosian.nl\/?page_id=10732"},"modified":"2025-12-21T16:14:04","modified_gmt":"2025-12-21T14:14:04","slug":"yabancilar-istihdam-yasasi","status":"publish","type":"page","link":"https:\/\/www.derbedrosian.nl\/tr\/rechtsgebieden\/vreemdelingenrecht\/wet-arbeid-vreemdelingen\/","title":{"rendered":"Yabanc\u0131 Uyruklu \u0130stihdam Yasas\u0131"},"content":{"rendered":"<div data-elementor-type=\"wp-page\" data-elementor-id=\"10732\" class=\"elementor elementor-10732\" data-elementor-post-type=\"page\">\n\t\t\t\t<div class=\"wd-negative-gap elementor-element elementor-element-fc96ed5 e-flex e-con-boxed e-con e-parent\" data-id=\"fc96ed5\" data-element_type=\"container\" data-e-type=\"container\">\n\t\t\t\t\t<div class=\"e-con-inner\">\n\t\t\t\t<div class=\"elementor-element elementor-element-2c81ec4 elementor-hidden-desktop elementor-hidden-tablet elementor-hidden-mobile elementor-widget elementor-widget-wd_image_or_svg\" data-id=\"2c81ec4\" data-element_type=\"widget\" data-e-type=\"widget\" id=\"seo-word\" data-widget_type=\"wd_image_or_svg.default\">\n\t\t\t\t<div class=\"elementor-widget-container\">\n\t\t\t\t\t\n\t\t<div class=\"wd-image text-left\">\n\t\t\t\t\t\t\t\t\t\t\t\t\t<\/div>\n\n\t\t\t\t\t\t<\/div>\n\t\t\t\t<\/div>\n\t\t\t\t<div class=\"elementor-element elementor-element-31cc0a1 elementor-hidden-desktop elementor-hidden-tablet elementor-hidden-mobile elementor-widget elementor-widget-heading\" data-id=\"31cc0a1\" data-element_type=\"widget\" data-e-type=\"widget\" id=\"seo-word\" data-widget_type=\"heading.default\">\n\t\t\t\t<div class=\"elementor-widget-container\">\n\t\t\t\t\t<h5 class=\"elementor-heading-title elementor-size-default\">yabanc\u0131lar \u00e7al\u0131\u015fma yasas\u0131na girer wav paragraf c Yabanc\u0131lar \u00c7al\u0131\u015fma Yasas\u0131 nedir? yabanc\u0131lar \u00e7al\u0131\u015fma yasas\u0131 bir i\u015fverenin a\u015fa\u011f\u0131dakileri yapmakla y\u00fck\u00fcml\u00fc olmas\u0131d\u0131r<\/h5>\t\t\t\t<\/div>\n\t\t\t\t<\/div>\n\t\t\t\t<div class=\"elementor-element elementor-element-2841395 elementor-hidden-desktop elementor-hidden-tablet elementor-hidden-mobile elementor-widget elementor-widget-heading\" data-id=\"2841395\" data-element_type=\"widget\" data-e-type=\"widget\" id=\"seo-word\" data-widget_type=\"heading.default\">\n\t\t\t\t<div class=\"elementor-widget-container\">\n\t\t\t\t\t<h5 class=\"elementor-heading-title elementor-size-default\">g\u00f6\u00e7menli\u0307k hukuku avukati enschede<\/h5>\t\t\t\t<\/div>\n\t\t\t\t<\/div>\n\t\t\t\t<div class=\"elementor-element elementor-element-22dd765 elementor-hidden-desktop elementor-hidden-tablet elementor-hidden-mobile elementor-widget elementor-widget-heading\" data-id=\"22dd765\" data-element_type=\"widget\" data-e-type=\"widget\" id=\"seo-word\" data-widget_type=\"heading.default\">\n\t\t\t\t<div class=\"elementor-widget-container\">\n\t\t\t\t\t<h5 class=\"elementor-heading-title elementor-size-default\">G\u00f6\u00e7menlik Hukuku Avukat\u0131 Overijssel<\/h5>\t\t\t\t<\/div>\n\t\t\t\t<\/div>\n\t\t\t\t<div class=\"elementor-element elementor-element-388c195 elementor-hidden-desktop elementor-hidden-tablet elementor-hidden-mobile elementor-widget elementor-widget-heading\" data-id=\"388c195\" data-element_type=\"widget\" data-e-type=\"widget\" id=\"seo-word\" data-widget_type=\"heading.default\">\n\t\t\t\t<div class=\"elementor-widget-container\">\n\t\t\t\t\t<h5 class=\"elementor-heading-title elementor-size-default\">yabancilar yasasi enschede<\/h5>\t\t\t\t<\/div>\n\t\t\t\t<\/div>\n\t\t\t\t<div class=\"elementor-element elementor-element-4f98f03 elementor-hidden-desktop elementor-hidden-tablet elementor-hidden-mobile elementor-widget elementor-widget-heading\" data-id=\"4f98f03\" data-element_type=\"widget\" data-e-type=\"widget\" id=\"seo-word\" data-widget_type=\"heading.default\">\n\t\t\t\t<div class=\"elementor-widget-container\">\n\t\t\t\t\t<h5 class=\"elementor-heading-title elementor-size-default\">avukat enschede yabancilar hukuku<\/h5>\t\t\t\t<\/div>\n\t\t\t\t<\/div>\n\t\t\t\t<div class=\"elementor-element elementor-element-452e5dc elementor-hidden-desktop elementor-hidden-tablet elementor-hidden-mobile elementor-widget elementor-widget-heading\" data-id=\"452e5dc\" data-element_type=\"widget\" data-e-type=\"widget\" id=\"seo-word\" data-widget_type=\"heading.default\">\n\t\t\t\t<div class=\"elementor-widget-container\">\n\t\t\t\t\t<h5 class=\"elementor-heading-title elementor-size-default\">Yabanc\u0131 Uyruklu \u0130stihdam Yasas\u0131 (Wav), Hollanda'da i\u015fverenleri yabanc\u0131 uyruklular\u0131n istihdam\u0131na ili\u015fkin belirli kural ve gerekliliklere uymaya zorlayan \u00f6nemli bir yasad\u0131r. Wav, i\u015fg\u00fcc\u00fc piyasas\u0131n\u0131n adil ve yasal kalmas\u0131n\u0131 sa\u011flamay\u0131 ve Hollanda'da \u00e7al\u0131\u015fan yabanc\u0131lar\u0131n haklar\u0131n\u0131 korumay\u0131 ama\u00e7lamaktad\u0131r.\n\nWav'\u0131n C paragraf\u0131 (Wav paragraf C), yabanc\u0131 uyruklular\u0131n istihdam\u0131 ile ilgili olarak i\u015fverenlerin y\u00fck\u00fcml\u00fcl\u00fcklerini ele alan Kanunun belirli bir b\u00f6l\u00fcm\u00fcne at\u0131fta bulunmaktad\u0131r. \u00c7al\u0131\u015fma izni ba\u015fvurusu ve di\u011fer yasal y\u00fck\u00fcml\u00fcl\u00fcklere ili\u015fkin kurallar\u0131 belirler.\n\nEnschede ve Overijssel'deki Derbedrosian Vreemdelingenrecht Advocaten, Wav'\u0131n karma\u015f\u0131kl\u0131\u011f\u0131n\u0131 anlamakta ve yabanc\u0131 uyruklular\u0131n istihdam\u0131 ile ilgili konularda i\u015fverenlere tavsiyelerde bulunabilir ve onlar\u0131 temsil edebilir. \u0130\u015fverenlerin Wav'\u0131n gerekliliklerine uymalar\u0131n\u0131 ve yasalara uygun hareket etmeleri i\u00e7in hukuki dan\u0131\u015fmanl\u0131k almalar\u0131n\u0131 sa\u011fl\u0131yoruz.\n\nYabanc\u0131 Uyruklu \u0130stihdam Yasas\u0131, Wav paragraf C veya Hollanda'da yabanc\u0131 uyruklular\u0131n istihdam\u0131 hakk\u0131nda herhangi bir sorunuz varsa, l\u00fctfen Derbedrosian G\u00f6\u00e7menlik Avukatlar\u0131 ile ileti\u015fime ge\u00e7mekten \u00e7ekinmeyin. Size yard\u0131mc\u0131 olmaya ve yasalara uygun hareket etmenizi sa\u011flamaya haz\u0131r\u0131z.<\/h5>\t\t\t\t<\/div>\n\t\t\t\t<\/div>\n\t\t\t\t<div class=\"elementor-element elementor-element-53a3d8a elementor-widget elementor-widget-heading\" data-id=\"53a3d8a\" data-element_type=\"widget\" data-e-type=\"widget\" data-widget_type=\"heading.default\">\n\t\t\t\t<div class=\"elementor-widget-container\">\n\t\t\t\t\t<h3 class=\"elementor-heading-title elementor-size-default\">Yabanc\u0131 Uyruklu \u0130stihdam Yasas\u0131 nedir?<\/h3>\t\t\t\t<\/div>\n\t\t\t\t<\/div>\n\t\t\t\t<div class=\"elementor-element elementor-element-8b9cbc6 color-scheme-inherit text-left elementor-widget elementor-widget-text-editor\" data-id=\"8b9cbc6\" data-element_type=\"widget\" data-e-type=\"widget\" data-widget_type=\"text-editor.default\">\n\t\t\t\t<div class=\"elementor-widget-container\">\n\t\t\t\t\t\t\t\t\t<p>Yabanc\u0131 Uyruklular (\u0130stihdam) Yasas\u0131 (Wav) basit\u00e7e Hollanda'da \u00e7al\u0131\u015fmak isteyen yabanc\u0131 i\u015f\u00e7iler i\u00e7in ko\u015fullar\u0131 belirleyen bir yasad\u0131r. Bu yasan\u0131n amac\u0131, Hollanda i\u015fg\u00fcc\u00fc piyasas\u0131n\u0131n korunmas\u0131n\u0131 ve Hollandal\u0131 i\u015f\u00e7ilerin yerlerinden edilmemesini sa\u011flamakt\u0131r.<\/p><p>Wav'a g\u00f6re, yabanc\u0131 i\u015f\u00e7ilerin Hollanda'da \u00e7al\u0131\u015fmalar\u0131na yaln\u0131zca Hollanda h\u00fck\u00fcmetinden izin almalar\u0131 halinde izin verilmektedir. Bu izin, ge\u00e7erli bir oturma izni ve\/veya \u00e7al\u0131\u015fma izninden olu\u015fabilir. \u00e7al\u0131\u015fma izni, Hollanda'da \u00e7al\u0131\u015fmak i\u00e7in resmi bir onayd\u0131r. Hollanda vatanda\u015fl\u0131\u011f\u0131na sahip olmayan veya bir Avrupa \u00fclkesinden olmayan i\u015f\u00e7iler i\u00e7in gereklidir.<\/p><p>Yasa, i\u015fverenlere de sorumluluklar y\u00fcklemektedir. \u0130\u015fverenler, \u00e7al\u0131\u015fanlar\u0131n\u0131n kimlik ve ikamet durumlar\u0131n\u0131 kontrol etmek ve belgelemek zorundad\u0131r. Ayr\u0131ca i\u015fverenler, \u00e7al\u0131\u015fanlar\u0131n\u0131n Hollanda'da \u00e7al\u0131\u015fabilmeleri i\u00e7in yasal gereklilikleri yerine getirmelerini sa\u011flamal\u0131d\u0131r. Wav yasas\u0131 ihlal edildi\u011finde, hem i\u015fverenler hem de \u00e7al\u0131\u015fanlar para cezas\u0131na \u00e7arpt\u0131r\u0131labilir. \u0130\u015fverenler, \u00e7al\u0131\u015fanlar\u0131n\u0131 uygun izinler olmadan \u00e7al\u0131\u015ft\u0131rd\u0131klar\u0131 takdirde para cezas\u0131na \u00e7arpt\u0131r\u0131l\u0131r. Uygun izinleri olmayan \u00e7al\u0131\u015fanlar da para cezas\u0131na \u00e7arpt\u0131r\u0131labilir.<\/p><p>Wav'\u0131n Hollanda vatanda\u015fl\u0131\u011f\u0131na veya ba\u015fka bir AB \u00fclkesinin vatanda\u015fl\u0131\u011f\u0131na sahip i\u015f\u00e7iler i\u00e7in ge\u00e7erli olmad\u0131\u011f\u0131n\u0131 belirtmek \u00f6nemlidir. Hollanda'da ek izinler olmadan \u00e7al\u0131\u015fmakta serbesttirler. Bu yasa, AB d\u0131\u015f\u0131ndan gelen ve Hollanda'da \u00e7al\u0131\u015fmak isteyen i\u015f\u00e7iler i\u00e7in kurallar ve haklar sa\u011flamak \u00fczere tasarlanm\u0131\u015ft\u0131r.<\/p>\t\t\t\t\t\t\t\t<\/div>\n\t\t\t\t<\/div>\n\t\t\t\t<div class=\"elementor-element elementor-element-5db7f58 elementor-widget elementor-widget-spacer\" data-id=\"5db7f58\" data-element_type=\"widget\" data-e-type=\"widget\" data-widget_type=\"spacer.default\">\n\t\t\t\t<div class=\"elementor-widget-container\">\n\t\t\t\t\t\t\t<div class=\"elementor-spacer\">\n\t\t\t<div class=\"elementor-spacer-inner\"><\/div>\n\t\t<\/div>\n\t\t\t\t\t\t<\/div>\n\t\t\t\t<\/div>\n\t\t\t\t<div class=\"elementor-element elementor-element-53cab16 elementor-widget elementor-widget-heading\" data-id=\"53cab16\" data-element_type=\"widget\" data-e-type=\"widget\" data-widget_type=\"heading.default\">\n\t\t\t\t<div class=\"elementor-widget-container\">\n\t\t\t\t\t<h3 class=\"elementor-heading-title elementor-size-default\">Yabanc\u0131 Uyruklu \u0130stihdam Yasas\u0131 h\u00fck\u00fcmleri<\/h3>\t\t\t\t<\/div>\n\t\t\t\t<\/div>\n\t\t\t\t<div class=\"elementor-element elementor-element-4c3df4e color-scheme-inherit text-left elementor-widget elementor-widget-text-editor\" data-id=\"4c3df4e\" data-element_type=\"widget\" data-e-type=\"widget\" data-widget_type=\"text-editor.default\">\n\t\t\t\t<div class=\"elementor-widget-container\">\n\t\t\t\t\t\t\t\t\t<p>Yabanc\u0131 Uyruklular (\u0130stihdam) Yasas\u0131 (Wav), Hollanda'da yabanc\u0131 i\u015f\u00e7ilerin \u00e7al\u0131\u015fmas\u0131n\u0131 d\u00fczenlemek i\u00e7in esast\u0131r. Bu yasa, Hollanda i\u015fg\u00fcc\u00fc piyasas\u0131n\u0131n adil ve d\u00fczenli bir \u015fekilde i\u015flemesini sa\u011flamak i\u00e7in uyulmas\u0131 gereken belirli ko\u015fullar\u0131 belirler. A\u015fa\u011f\u0131dakiler Wav taraf\u0131ndan kapsanan ko\u015fullardan baz\u0131lar\u0131d\u0131r:<\/p><ul><li><strong>Hollanda vatanda\u015fl\u0131\u011f\u0131 veya AB vatanda\u015fl\u0131\u011f\u0131:<\/strong> Wav, Hollanda veya Avrupa Ekonomik Alan\u0131 (AEA) ya da \u0130svi\u00e7re vatanda\u015f\u0131 olan ki\u015filere Hollanda'da serbest\u00e7e \u00e7al\u0131\u015fma hakk\u0131 vermektedir. Bu, i\u015fe ba\u015flamak i\u00e7in \u00f6zel izinlere ihtiya\u00e7 duymad\u0131klar\u0131 anlam\u0131na gelir.<\/li><li><strong>Ruhsat:<\/strong> Hollanda vatanda\u015f\u0131 olmayan veya bir AB \u00fclkesinden gelmeyen yabanc\u0131 i\u015f\u00e7iler i\u00e7in, Hollanda'da yasal olarak \u00e7al\u0131\u015fmak i\u00e7in ge\u00e7erli bir oturma iznine sahip olmak zorunludur. Bu izin, Hollanda makamlar\u0131 taraf\u0131ndan verilen ve ki\u015finin Hollanda'da \u00e7al\u0131\u015fma hakk\u0131na sahip oldu\u011funu g\u00f6steren resmi bir onayd\u0131r.<\/li><li><strong>Raporlama gereklili\u011fi:<\/strong> Yabanc\u0131 i\u015f\u00e7i \u00e7al\u0131\u015ft\u0131rmay\u0131 planlayan i\u015fverenlerin Hollanda \u0130\u015f M\u00fcfetti\u015fli\u011fi'ne bildirimde bulunmalar\u0131 gerekmektedir. Bu bildirim y\u00fck\u00fcml\u00fcl\u00fc\u011f\u00fc, i\u015fverenlerin i\u015fe ald\u0131klar\u0131 yabanc\u0131 i\u015f\u00e7iler hakk\u0131nda i\u015fin niteli\u011fi ve kal\u0131\u015f s\u00fcresi de dahil olmak \u00fczere bilgi vermeleri gerekti\u011fi anlam\u0131na gelmektedir.<\/li><li><strong>Tespit etme g\u00f6revi:\u00a0<\/strong>\u0130\u015fverenler, \u00e7al\u0131\u015fan fiilen i\u015fe ba\u015flamadan \u00f6nce orijinal kimlik belgesini kontrol ederek \u00e7al\u0131\u015fanlar\u0131n\u0131n kimli\u011fini do\u011frulama sorumlulu\u011funu \u00fcstlenirler. Bu, \u00e7al\u0131\u015fan\u0131n Hollanda'da yasal olarak \u00e7al\u0131\u015fmas\u0131na izin verildi\u011finden emin olmak i\u00e7in \u00f6nemli bir ad\u0131md\u0131r.<\/li><\/ul>\t\t\t\t\t\t\t\t<\/div>\n\t\t\t\t<\/div>\n\t\t\t\t<div class=\"elementor-element elementor-element-f171c24 elementor-widget elementor-widget-spacer\" data-id=\"f171c24\" data-element_type=\"widget\" data-e-type=\"widget\" data-widget_type=\"spacer.default\">\n\t\t\t\t<div class=\"elementor-widget-container\">\n\t\t\t\t\t\t\t<div class=\"elementor-spacer\">\n\t\t\t<div class=\"elementor-spacer-inner\"><\/div>\n\t\t<\/div>\n\t\t\t\t\t\t<\/div>\n\t\t\t\t<\/div>\n\t\t\t\t<div class=\"elementor-element elementor-element-18ee493 elementor-widget elementor-widget-heading\" data-id=\"18ee493\" data-element_type=\"widget\" data-e-type=\"widget\" data-widget_type=\"heading.default\">\n\t\t\t\t<div class=\"elementor-widget-container\">\n\t\t\t\t\t<h3 class=\"elementor-heading-title elementor-size-default\">Yabanc\u0131 Uyruklu \u0130stihdam Yasas\u0131'nda s\u00fcre\u00e7 nas\u0131l i\u015fliyor?<\/h3>\t\t\t\t<\/div>\n\t\t\t\t<\/div>\n\t\t\t\t<div class=\"elementor-element elementor-element-b810f68 color-scheme-inherit text-left elementor-widget elementor-widget-text-editor\" data-id=\"b810f68\" data-element_type=\"widget\" data-e-type=\"widget\" data-widget_type=\"text-editor.default\">\n\t\t\t\t<div class=\"elementor-widget-container\">\n\t\t\t\t\t\t\t\t\t<p>Mahkeme emri olarak da bilinen mahkeme karar\u0131n\u0131n al\u0131nmas\u0131, davan\u0131n t\u00fcr\u00fcne g\u00f6re de\u011fi\u015fiklik g\u00f6sterebilir. A\u015fa\u011f\u0131da, genellikle izlenen baz\u0131 genel ad\u0131mlar\u0131 listeledik:<\/p><ul><li><strong>Gerekli formlar\u0131n doldurulmas\u0131:\u00a0<\/strong>Bir mahkeme emrine ba\u015fvurmak i\u00e7in, genellikle dahil oldu\u011funuz davan\u0131n t\u00fcr\u00fcyle ilgili belirli formlar\u0131 doldurman\u0131z gerekir. Bu formlar, yarg\u0131 yetkisine ve davan\u0131n niteli\u011fine ba\u011fl\u0131 olarak farkl\u0131l\u0131k g\u00f6sterebilir. Gerekli bilgileri do\u011fru ve eksiksiz olarak sa\u011flamak \u00e7ok \u00f6nemlidir.<\/li><li><strong>Formlar\u0131n mahkemeye sunulmas\u0131:<\/strong>\u00a0Formlar tamamland\u0131ktan sonra ilgili mahkemeye teslim edin. Bu, formlar\u0131n mahkeme kalemine \u015fahsen b\u0131rak\u0131lmas\u0131 ve ba\u015fvuru \u00fccretlerinin \u00f6denmesi anlam\u0131na gelebilir.<\/li><li>Mahkeme duru\u015fmas\u0131na kat\u0131lma: Formlar\u0131 g\u00f6nderdikten sonra, mahkeme b\u00fcy\u00fck olas\u0131l\u0131kla davan\u0131n g\u00f6r\u00fc\u015f\u00fclece\u011fi bir duru\u015fma tarihi belirleyecektir. Bu duru\u015fma s\u0131ras\u0131nda davan\u0131z\u0131 sunma ve arg\u00fcmanlar\u0131n\u0131z\u0131 mahkemeye sunma f\u0131rsat\u0131n\u0131z olacakt\u0131r. Davan\u0131z\u0131 desteklemek i\u00e7in tan\u0131k \u00e7a\u011f\u0131rman\u0131z veya kan\u0131t sunman\u0131z da m\u00fcmk\u00fcn olabilir. Davan\u0131z\u0131 etkili bir \u015fekilde sunmak i\u00e7in iyi haz\u0131rlanman\u0131z ve gerekirse hukuki dan\u0131\u015fmanl\u0131k alman\u0131z \u00f6nemlidir.<\/li><li><strong>Mahkeme karar\u0131:\u00a0<\/strong>Mahkeme, ilgili t\u00fcm taraflar\u0131 dinledikten ve kan\u0131tlar\u0131 de\u011ferlendirdikten sonra ihtiyati tedbir ba\u015fvurusu hakk\u0131nda bir karar verecektir. Mahkeme, sunulan arg\u00fcmanlara ve kan\u0131tlara dayanarak talebi onaylayabilir, reddedebilir veya d\u00fczeltmeler yapabilir.<\/li><li><strong>Mahkeme karar\u0131n\u0131n icras\u0131:\u00a0<\/strong>Mahkeme ihtiyati tedbir ba\u015fvurusunu onaylarsa, tedbir karar\u0131n\u0131n uygulanmas\u0131 gerekir. Bu, karar\u0131n i\u00e7eri\u011fine ba\u011fl\u0131 olarak, ilgili taraflar\u0131n belirli kurallara uymas\u0131n\u0131, belirli eylemlerde bulunmas\u0131n\u0131 veya belirli eylemlerden ka\u00e7\u0131nmas\u0131n\u0131 gerektirebilir.<\/li><\/ul><p>Davan\u0131zdaki i\u015flemleri anlamak i\u00e7in deneyimli bir avukattan hukuki tavsiye almak her zaman ak\u0131ll\u0131ca olacakt\u0131r. Mahkeme karar\u0131n\u0131n al\u0131nmas\u0131nda uzman bir yakla\u015f\u0131m, adil bir yasal s\u00fcre\u00e7 i\u00e7in gereklidir.<\/p>\t\t\t\t\t\t\t\t<\/div>\n\t\t\t\t<\/div>\n\t\t\t\t<div class=\"elementor-element elementor-element-4d26d28 elementor-widget elementor-widget-spacer\" data-id=\"4d26d28\" data-element_type=\"widget\" data-e-type=\"widget\" data-widget_type=\"spacer.default\">\n\t\t\t\t<div class=\"elementor-widget-container\">\n\t\t\t\t\t\t\t<div class=\"elementor-spacer\">\n\t\t\t<div class=\"elementor-spacer-inner\"><\/div>\n\t\t<\/div>\n\t\t\t\t\t\t<\/div>\n\t\t\t\t<\/div>\n\t\t\t\t<div class=\"elementor-element elementor-element-e0d823f elementor-widget elementor-widget-heading\" data-id=\"e0d823f\" data-element_type=\"widget\" data-e-type=\"widget\" data-widget_type=\"heading.default\">\n\t\t\t\t<div class=\"elementor-widget-container\">\n\t\t\t\t\t<h3 class=\"elementor-heading-title elementor-size-default\">Yabanc\u0131 Uyruklular \u0130stihdam Yasas\u0131 Avukat\u0131<\/h3>\t\t\t\t<\/div>\n\t\t\t\t<\/div>\n\t\t\t\t<div class=\"elementor-element elementor-element-5ab5943 color-scheme-inherit text-left elementor-widget elementor-widget-text-editor\" data-id=\"5ab5943\" data-element_type=\"widget\" data-e-type=\"widget\" data-widget_type=\"text-editor.default\">\n\t\t\t\t<div class=\"elementor-widget-container\">\n\t\t\t\t\t\t\t\t\t<p>Yabanc\u0131lar\u0131n \u0130stihdam Yasas\u0131 ile ilgili bir dava, kat\u0131 kurallar ve d\u00fczenlemeler i\u00e7eren karma\u015f\u0131k bir s\u00fcre\u00e7 olabilir. Bu nedenle do\u011fru avukat\u0131n yan\u0131n\u0131zda olmas\u0131 hayati \u00f6nem ta\u015f\u0131r. Deneyimli bir avukata dan\u0131\u015fmak, davan\u0131z\u0131n sonucunda \u00f6nemli bir fark yaratabilir.<\/p><p>Der Bedrosian hukuk b\u00fcrosunun avukatlar\u0131, yabanc\u0131 uyruklular hukuku konusunda uzmanla\u015fm\u0131\u015ft\u0131r ve bu nedenle size yard\u0131mc\u0131 olabilirler. Yabanc\u0131 uyruklular\u0131n \u00e7al\u0131\u015fmas\u0131yla ilgili bir sorunla kar\u015f\u0131 kar\u015f\u0131ya olsan\u0131z da, hukuki dan\u0131\u015fmanl\u0131\u011fa ihtiyac\u0131n\u0131z olsa da, avukatlar\u0131m\u0131z durumunuzla ilgili size destek olmak i\u00e7in haz\u0131rd\u0131r.<\/p><p>Bug\u00fcn bize ula\u015f\u0131n ve Yabanc\u0131 Uyruklu \u0130stihdam Yasas\u0131 ile ilgili davan\u0131zda m\u00fcmk\u00fcn olan en iyi sonu\u00e7lar\u0131 elde etmenize yard\u0131mc\u0131 olal\u0131m.<\/p>\t\t\t\t\t\t\t\t<\/div>\n\t\t\t\t<\/div>\n\t\t\t\t\t<\/div>\n\t\t\t\t<\/div>\n\t\t\t\t<\/div>","protected":false},"excerpt":{"rendered":"<p>voert de wet arbeid vreemdelingen wav lid c Wat is de Wet arbeid vreemdelingen? vreemdelingen wet arbeid is een werkgever<\/p>","protected":false},"author":1,"featured_media":0,"parent":10627,"menu_order":0,"comment_status":"closed","ping_status":"closed","template":"","meta":{"footnotes":""},"class_list":["post-10732","page","type-page","status-publish","hentry"],"_links":{"self":[{"href":"https:\/\/www.derbedrosian.nl\/tr\/wp-json\/wp\/v2\/pages\/10732","targetHints":{"allow":["GET"]}}],"collection":[{"href":"https:\/\/www.derbedrosian.nl\/tr\/wp-json\/wp\/v2\/pages"}],"about":[{"href":"https:\/\/www.derbedrosian.nl\/tr\/wp-json\/wp\/v2\/types\/page"}],"author":[{"embeddable":true,"href":"https:\/\/www.derbedrosian.nl\/tr\/wp-json\/wp\/v2\/users\/1"}],"replies":[{"embeddable":true,"href":"https:\/\/www.derbedrosian.nl\/tr\/wp-json\/wp\/v2\/comments?post=10732"}],"version-history":[{"count":0,"href":"https:\/\/www.derbedrosian.nl\/tr\/wp-json\/wp\/v2\/pages\/10732\/revisions"}],"up":[{"embeddable":true,"href":"https:\/\/www.derbedrosian.nl\/tr\/wp-json\/wp\/v2\/pages\/10627"}],"wp:attachment":[{"href":"https:\/\/www.derbedrosian.nl\/tr\/wp-json\/wp\/v2\/media?parent=10732"}],"curies":[{"name":"wp","href":"https:\/\/api.w.org\/{rel}","templated":true}]}}