{"id":10727,"date":"2023-05-26T16:55:34","date_gmt":"2023-05-26T14:55:34","guid":{"rendered":"https:\/\/derbedrosian.nl\/?page_id=10727"},"modified":"2025-12-21T16:12:09","modified_gmt":"2025-12-21T14:12:09","slug":"gocmenlik-gozaltisi","status":"publish","type":"page","link":"https:\/\/www.derbedrosian.nl\/tr\/rechtsgebieden\/vreemdelingenrecht\/vreemdelingenbewaring\/","title":{"rendered":"G\u00f6\u00e7menlik g\u00f6zalt\u0131s\u0131"},"content":{"rendered":"<div data-elementor-type=\"wp-page\" data-elementor-id=\"10727\" class=\"elementor elementor-10727\" data-elementor-post-type=\"page\">\n\t\t\t\t<div class=\"wd-negative-gap elementor-element elementor-element-dbfc251 e-flex e-con-boxed e-con e-parent\" data-id=\"dbfc251\" data-element_type=\"container\" data-e-type=\"container\">\n\t\t\t\t\t<div class=\"e-con-inner\">\n\t\t\t\t<div class=\"elementor-element elementor-element-bf87fe9 elementor-hidden-desktop elementor-hidden-tablet elementor-hidden-mobile elementor-widget elementor-widget-wd_image_or_svg\" data-id=\"bf87fe9\" data-element_type=\"widget\" data-e-type=\"widget\" id=\"seo-word\" data-widget_type=\"wd_image_or_svg.default\">\n\t\t\t\t<div class=\"elementor-widget-container\">\n\t\t\t\t\t\n\t\t<div class=\"wd-image text-left\">\n\t\t\t\t\t\t\t\t<img loading=\"lazy\" decoding=\"async\" width=\"1000\" height=\"667\" src=\"https:\/\/www.derbedrosian.nl\/wp-content\/uploads\/rechtsgebied-vreemdelingenbewaring.jpg\" class=\"attachment-full size-full\" alt=\"g\u00f6\u00e7menlik g\u00f6zalt\u0131 avukat g\u00f6\u00e7menlik hukuku ind IND prosed\u00fcr\u00fc itiraz bildirimi\" srcset=\"https:\/\/www.derbedrosian.nl\/wp-content\/uploads\/rechtsgebied-vreemdelingenbewaring.jpg 1000w, https:\/\/www.derbedrosian.nl\/wp-content\/uploads\/rechtsgebied-vreemdelingenbewaring-400x267.jpg 400w, https:\/\/www.derbedrosian.nl\/wp-content\/uploads\/rechtsgebied-vreemdelingenbewaring-768x512.jpg 768w\" sizes=\"auto, (max-width: 1000px) 100vw, 1000px\" title=\"\">\t\t\t\t\t<\/div>\n\n\t\t\t\t\t\t<\/div>\n\t\t\t\t<\/div>\n\t\t\t\t<div class=\"elementor-element elementor-element-de0b22f elementor-hidden-desktop elementor-hidden-tablet elementor-hidden-mobile elementor-widget elementor-widget-heading\" data-id=\"de0b22f\" data-element_type=\"widget\" data-e-type=\"widget\" id=\"seo-word\" data-widget_type=\"heading.default\">\n\t\t\t\t<div class=\"elementor-widget-container\">\n\t\t\t\t\t<h2 class=\"elementor-heading-title elementor-size-default\">G\u00f6\u00e7menlik Hukuku<\/h2>\t\t\t\t<\/div>\n\t\t\t\t<\/div>\n\t\t\t\t<div class=\"elementor-element elementor-element-a0df7e7 elementor-hidden-desktop elementor-hidden-tablet elementor-hidden-mobile elementor-widget elementor-widget-heading\" data-id=\"a0df7e7\" data-element_type=\"widget\" data-e-type=\"widget\" id=\"seo-word\" data-widget_type=\"heading.default\">\n\t\t\t\t<div class=\"elementor-widget-container\">\n\t\t\t\t\t<h5 class=\"elementor-heading-title elementor-size-default\">g\u00f6zalt\u0131 merkezleri<\/h5>\t\t\t\t<\/div>\n\t\t\t\t<\/div>\n\t\t\t\t<div class=\"elementor-element elementor-element-6cd189c elementor-hidden-desktop elementor-hidden-tablet elementor-hidden-mobile elementor-widget elementor-widget-heading\" data-id=\"6cd189c\" data-element_type=\"widget\" data-e-type=\"widget\" id=\"seo-word\" data-widget_type=\"heading.default\">\n\t\t\t\t<div class=\"elementor-widget-container\">\n\t\t\t\t\t<h5 class=\"elementor-heading-title elementor-size-default\">G\u00f6\u00e7menlik G\u00f6zalt\u0131 Prosed\u00fcr\u00fc<\/h5>\t\t\t\t<\/div>\n\t\t\t\t<\/div>\n\t\t\t\t<div class=\"elementor-element elementor-element-2aca1c1 elementor-hidden-desktop elementor-hidden-tablet elementor-hidden-mobile elementor-widget elementor-widget-heading\" data-id=\"2aca1c1\" data-element_type=\"widget\" data-e-type=\"widget\" id=\"seo-word\" data-widget_type=\"heading.default\">\n\t\t\t\t<div class=\"elementor-widget-container\">\n\t\t\t\t\t<h5 class=\"elementor-heading-title elementor-size-default\">G\u00f6\u00e7menlik g\u00f6zalt\u0131s\u0131 nedir?<\/h5>\t\t\t\t<\/div>\n\t\t\t\t<\/div>\n\t\t\t\t<div class=\"elementor-element elementor-element-263ceb7 elementor-hidden-desktop elementor-hidden-tablet elementor-hidden-mobile elementor-widget elementor-widget-heading\" data-id=\"263ceb7\" data-element_type=\"widget\" data-e-type=\"widget\" id=\"seo-word\" data-widget_type=\"heading.default\">\n\t\t\t\t<div class=\"elementor-widget-container\">\n\t\t\t\t\t<h5 class=\"elementor-heading-title elementor-size-default\">i\u0307ade ve g\u00f6\u00e7men g\u00f6zalti yasasi y\u00f6netmeli\u0307\u011fi\u0307 kaynak meti\u0307n kaynak metni\u0307 d\u00fczenle<\/h5>\t\t\t\t<\/div>\n\t\t\t\t<\/div>\n\t\t\t\t<div class=\"elementor-element elementor-element-3400175 elementor-hidden-desktop elementor-hidden-tablet elementor-hidden-mobile elementor-widget elementor-widget-heading\" data-id=\"3400175\" data-element_type=\"widget\" data-e-type=\"widget\" id=\"seo-word\" data-widget_type=\"heading.default\">\n\t\t\t\t<div class=\"elementor-widget-container\">\n\t\t\t\t\t<h5 class=\"elementor-heading-title elementor-size-default\">g\u00f6\u00e7menli\u0307k hukuku avukati enschede<\/h5>\t\t\t\t<\/div>\n\t\t\t\t<\/div>\n\t\t\t\t<div class=\"elementor-element elementor-element-2fbf4f8 elementor-hidden-desktop elementor-hidden-tablet elementor-hidden-mobile elementor-widget elementor-widget-heading\" data-id=\"2fbf4f8\" data-element_type=\"widget\" data-e-type=\"widget\" id=\"seo-word\" data-widget_type=\"heading.default\">\n\t\t\t\t<div class=\"elementor-widget-container\">\n\t\t\t\t\t<h5 class=\"elementor-heading-title elementor-size-default\">G\u00f6\u00e7menlik Hukuku Avukat\u0131 Overijssel<\/h5>\t\t\t\t<\/div>\n\t\t\t\t<\/div>\n\t\t\t\t<div class=\"elementor-element elementor-element-1927f21 elementor-hidden-desktop elementor-hidden-tablet elementor-hidden-mobile elementor-widget elementor-widget-heading\" data-id=\"1927f21\" data-element_type=\"widget\" data-e-type=\"widget\" id=\"seo-word\" data-widget_type=\"heading.default\">\n\t\t\t\t<div class=\"elementor-widget-container\">\n\t\t\t\t\t<h5 class=\"elementor-heading-title elementor-size-default\">yabancilar yasasi enschede<\/h5>\t\t\t\t<\/div>\n\t\t\t\t<\/div>\n\t\t\t\t<div class=\"elementor-element elementor-element-cf98bea elementor-hidden-desktop elementor-hidden-tablet elementor-hidden-mobile elementor-widget elementor-widget-heading\" data-id=\"cf98bea\" data-element_type=\"widget\" data-e-type=\"widget\" id=\"seo-word\" data-widget_type=\"heading.default\">\n\t\t\t\t<div class=\"elementor-widget-container\">\n\t\t\t\t\t<h5 class=\"elementor-heading-title elementor-size-default\">avukat enschede yabancilar hukuku<\/h5>\t\t\t\t<\/div>\n\t\t\t\t<\/div>\n\t\t\t\t<div class=\"elementor-element elementor-element-c13de8e elementor-hidden-desktop elementor-hidden-tablet elementor-hidden-mobile elementor-widget elementor-widget-heading\" data-id=\"c13de8e\" data-element_type=\"widget\" data-e-type=\"widget\" id=\"seo-word\" data-widget_type=\"heading.default\">\n\t\t\t\t<div class=\"elementor-widget-container\">\n\t\t\t\t\t<h5 class=\"elementor-heading-title elementor-size-default\">hollanda'da yasadi\u015fi<\/h5>\t\t\t\t<\/div>\n\t\t\t\t<\/div>\n\t\t\t\t<div class=\"elementor-element elementor-element-b205c34 elementor-widget elementor-widget-heading\" data-id=\"b205c34\" data-element_type=\"widget\" data-e-type=\"widget\" data-widget_type=\"heading.default\">\n\t\t\t\t<div class=\"elementor-widget-container\">\n\t\t\t\t\t<h3 class=\"elementor-heading-title elementor-size-default\">G\u00f6\u00e7menlik g\u00f6zalt\u0131s\u0131ndan ne zaman bahsediyoruz?<\/h3>\t\t\t\t<\/div>\n\t\t\t\t<\/div>\n\t\t\t\t<div class=\"elementor-element elementor-element-861d1dd color-scheme-inherit text-left elementor-widget elementor-widget-text-editor\" data-id=\"861d1dd\" data-element_type=\"widget\" data-e-type=\"widget\" data-widget_type=\"text-editor.default\">\n\t\t\t\t<div class=\"elementor-widget-container\">\n\t\t\t\t\t\t\t\t\t<p>G\u00f6\u00e7menlik g\u00f6zalt\u0131s\u0131, Hollanda'da kalmak i\u00e7in art\u0131k ge\u00e7erli bir oturma iznine sahip olmayan bir yabanc\u0131 uyruklu ki\u015fiye uygulanan yasal bir \u00f6nlemdir. Sonu\u00e7 olarak, yabanc\u0131 uyruklu ki\u015fi g\u00f6zetim alt\u0131na al\u0131nacakt\u0131r. Bunun, oturma izninin sona ermesi veya iptali ya da ikamet \u015fartlar\u0131n\u0131n yerine getirilmemesi gibi \u00e7e\u015fitli nedenleri olabilir.\u00a0<\/p><p><span style=\"color: var(--wd-text-color); font-size: 17.6px; letter-spacing: var( --e-global-typography-text-letter-spacing ); text-transform: var( --e-global-typography-text-text-transform ); word-spacing: var( --e-global-typography-text-word-spacing );\">Bu s\u00fcre\u00e7 boyunca, yasal temsil hakk\u0131 ve al\u0131konulmaya itiraz etme hakk\u0131 da dahil olmak \u00fczere, ilgili ki\u015finin haklar\u0131na \u00f6zenle riayet edilir.<\/span><\/p>\t\t\t\t\t\t\t\t<\/div>\n\t\t\t\t<\/div>\n\t\t\t\t<div class=\"elementor-element elementor-element-9e935c8 elementor-widget elementor-widget-spacer\" data-id=\"9e935c8\" data-element_type=\"widget\" data-e-type=\"widget\" data-widget_type=\"spacer.default\">\n\t\t\t\t<div class=\"elementor-widget-container\">\n\t\t\t\t\t\t\t<div class=\"elementor-spacer\">\n\t\t\t<div class=\"elementor-spacer-inner\"><\/div>\n\t\t<\/div>\n\t\t\t\t\t\t<\/div>\n\t\t\t\t<\/div>\n\t\t\t\t<div class=\"elementor-element elementor-element-506a64c elementor-widget elementor-widget-heading\" data-id=\"506a64c\" data-element_type=\"widget\" data-e-type=\"widget\" data-widget_type=\"heading.default\">\n\t\t\t\t<div class=\"elementor-widget-container\">\n\t\t\t\t\t<h3 class=\"elementor-heading-title elementor-size-default\">'Yabanc\u0131lar\u0131n g\u00f6zalt\u0131na al\u0131nmas\u0131n\u0131n' amac\u0131 nedir?<\/h3>\t\t\t\t<\/div>\n\t\t\t\t<\/div>\n\t\t\t\t<div class=\"elementor-element elementor-element-128cb4f color-scheme-inherit text-left elementor-widget elementor-widget-text-editor\" data-id=\"128cb4f\" data-element_type=\"widget\" data-e-type=\"widget\" data-widget_type=\"text-editor.default\">\n\t\t\t\t<div class=\"elementor-widget-container\">\n\t\t\t\t\t\t\t\t\t<p>G\u00f6\u00e7menlik g\u00f6zetiminin temel amac\u0131, ilgili ki\u015finin s\u0131n\u0131r d\u0131\u015f\u0131 edilmeye direnmesini \u00f6nlemektir. Bu bir ceza olarak g\u00f6r\u00fclmemekte, daha ziyade ki\u015finin men\u015fe \u00fclkesine planl\u0131 bir d\u00f6n\u00fc\u015f i\u00e7in haz\u0131r olmas\u0131n\u0131 sa\u011flamaya y\u00f6nelik bir tedbir olarak g\u00f6r\u00fclmektedir. Bu tedbir, bir ki\u015finin Hollanda'da art\u0131k yasal olarak ikamet edemeyece\u011fi fikrine dayanmaktad\u0131r; bunun nedeni, \u00f6rne\u011fin ge\u00e7ersiz bir ikamet izni olabilir. G\u00f6\u00e7menlik g\u00f6zalt\u0131s\u0131 bu nedenle y\u00fcr\u00fcrl\u00fckteki g\u00f6\u00e7menlik yasalar\u0131na uyulmas\u0131n\u0131 sa\u011flamak ve d\u00fczenli bir \u015fekilde s\u0131n\u0131r d\u0131\u015f\u0131 edilmeyi m\u00fcmk\u00fcn k\u0131lmak i\u00e7in kullan\u0131l\u0131r.<\/p>\t\t\t\t\t\t\t\t<\/div>\n\t\t\t\t<\/div>\n\t\t\t\t<div class=\"elementor-element elementor-element-e582d9e elementor-widget elementor-widget-spacer\" data-id=\"e582d9e\" data-element_type=\"widget\" data-e-type=\"widget\" data-widget_type=\"spacer.default\">\n\t\t\t\t<div class=\"elementor-widget-container\">\n\t\t\t\t\t\t\t<div class=\"elementor-spacer\">\n\t\t\t<div class=\"elementor-spacer-inner\"><\/div>\n\t\t<\/div>\n\t\t\t\t\t\t<\/div>\n\t\t\t\t<\/div>\n\t\t\t\t<div class=\"elementor-element elementor-element-ba5e27f elementor-widget elementor-widget-heading\" data-id=\"ba5e27f\" data-element_type=\"widget\" data-e-type=\"widget\" data-widget_type=\"heading.default\">\n\t\t\t\t<div class=\"elementor-widget-container\">\n\t\t\t\t\t<h3 class=\"elementor-heading-title elementor-size-default\">Prosed\u00fcr g\u00f6\u00e7menlik g\u00f6zalt\u0131 ind<\/h3>\t\t\t\t<\/div>\n\t\t\t\t<\/div>\n\t\t\t\t<div class=\"elementor-element elementor-element-a49a196 color-scheme-inherit text-left elementor-widget elementor-widget-text-editor\" data-id=\"a49a196\" data-element_type=\"widget\" data-e-type=\"widget\" data-widget_type=\"text-editor.default\">\n\t\t\t\t<div class=\"elementor-widget-container\">\n\t\t\t\t\t\t\t\t\t<p>G\u00f6\u00e7menlik g\u00f6zalt\u0131 prosed\u00fcr\u00fcn\u00fcn bir\u00e7ok ad\u0131m\u0131 vard\u0131r. A\u015fa\u011f\u0131da genel s\u00fcreci listeledik.<\/p><ul><li><strong>Avukat\u0131m:<\/strong> G\u00f6\u00e7menlik g\u00f6zetimine al\u0131nd\u0131\u011f\u0131n\u0131zda, size yasal olarak yard\u0131mc\u0131 olmas\u0131 i\u00e7in bir avukat verilecektir. Bu avukat derhal itiraz\u0131n\u0131z\u0131 haz\u0131rlamaya ba\u015flayacakt\u0131r.<\/li><li><strong>Temyiz ba\u015fvurusunda bulunulmas\u0131:<\/strong>\u00a0size atanan avukat\u0131n\u0131z, 'My Judiciary' adl\u0131 platform \u00fczerinden dijital olarak bir itiraz bildirimi g\u00f6ndererek prosed\u00fcr\u00fc ba\u015flatacakt\u0131r. Bu itiraz, g\u00f6\u00e7menlik tutuklulu\u011funa itirazlar\u0131n\u0131z\u0131 kaydeden resmi bir yasal belgedir.<\/li><li><strong>Otur:<\/strong>\u00a0Temyiz ba\u015fvurusunun yap\u0131lmas\u0131ndan sonraki 14 g\u00fcn i\u00e7inde mahkeme avukat\u0131n\u0131za bir celp g\u00f6nderecektir. G\u00f6zalt\u0131nda oldu\u011funuz i\u00e7in mahkemeye kendi ba\u015f\u0131n\u0131za gitmeyeceksiniz. Davan\u0131z\u0131n g\u00f6r\u00fclece\u011fi mahkemeye kadar size e\u015flik edilecektir.<\/li><li><strong>Karar:<\/strong>\u00a0Duru\u015fmadan sonra yarg\u0131\u00e7 bir karar verecektir. Yarg\u0131\u00e7 itiraz\u0131n\u0131z\u0131n kabul\u00fcne karar verirse, bu yarg\u0131\u00e7 taraf\u0131ndan hakl\u0131 bulundu\u011funuz anlam\u0131na gelir. Bu durumda, yarg\u0131\u00e7 g\u00f6\u00e7menlik tutuklulu\u011fu tedbirini kald\u0131racakt\u0131r ve bu da art\u0131k tutuklu kalamayaca\u011f\u0131n\u0131z anlam\u0131na gelir. Ancak, yarg\u0131\u00e7 itiraz\u0131n\u0131z\u0131n temelsiz oldu\u011funa karar verirse, g\u00f6zalt\u0131nda tutulmaya devam edersiniz ve g\u00f6\u00e7menlik g\u00f6zalt\u0131s\u0131 tedbiri y\u00fcr\u00fcrl\u00fckte kal\u0131r.<\/li><li><strong>Takip temyizi:<\/strong>\u00a0G\u00f6\u00e7menlik tutuklulu\u011funun devam\u0131na her zaman itiraz etme hakk\u0131n\u0131z oldu\u011funu bilmeniz \u00f6nemlidir. Bu, takip temyiz ba\u015fvurusu olarak bilinir. Avukat\u0131n\u0131z, g\u00f6zalt\u0131n\u0131n neden hukuka ayk\u0131r\u0131 ilan edilmesi gerekti\u011fini belirten bir temyiz ba\u015fvurusunda bulunacakt\u0131r.<\/li><li><strong>\u0130tiraz ediyorum:<\/strong> Hem sizin hem de G\u00f6\u00e7menlik ve Vatanda\u015fl\u0131k Servisi'nin (IND) temyize gitme se\u00e7ene\u011fi vard\u0131r. Bu itiraz, y\u00fcksek bir yarg\u0131 organ\u0131 olan Dan\u0131\u015ftay'\u0131n \u0130dari Hukuk Dairesi taraf\u0131ndan ele al\u0131n\u0131r. Burada davan\u0131z yasal arg\u00fcmanlar ve kan\u0131tlar temelinde yeniden de\u011ferlendirilir.<\/li><\/ul>\t\t\t\t\t\t\t\t<\/div>\n\t\t\t\t<\/div>\n\t\t\t\t<div class=\"elementor-element elementor-element-f831bae elementor-widget elementor-widget-spacer\" data-id=\"f831bae\" data-element_type=\"widget\" data-e-type=\"widget\" data-widget_type=\"spacer.default\">\n\t\t\t\t<div class=\"elementor-widget-container\">\n\t\t\t\t\t\t\t<div class=\"elementor-spacer\">\n\t\t\t<div class=\"elementor-spacer-inner\"><\/div>\n\t\t<\/div>\n\t\t\t\t\t\t<\/div>\n\t\t\t\t<\/div>\n\t\t\t\t<div class=\"elementor-element elementor-element-a0161b8 elementor-widget elementor-widget-heading\" data-id=\"a0161b8\" data-element_type=\"widget\" data-e-type=\"widget\" data-widget_type=\"heading.default\">\n\t\t\t\t<div class=\"elementor-widget-container\">\n\t\t\t\t\t<h3 class=\"elementor-heading-title elementor-size-default\">G\u00f6\u00e7menlik g\u00f6zalt\u0131 avukat\u0131<\/h3>\t\t\t\t<\/div>\n\t\t\t\t<\/div>\n\t\t\t\t<div class=\"elementor-element elementor-element-8c43dd1 color-scheme-inherit text-left elementor-widget elementor-widget-text-editor\" data-id=\"8c43dd1\" data-element_type=\"widget\" data-e-type=\"widget\" data-widget_type=\"text-editor.default\">\n\t\t\t\t<div class=\"elementor-widget-container\">\n\t\t\t\t\t\t\t\t\t<p>Hukuk sistemi, tutuklama tedbirinin uygulanmas\u0131na mahkemede itiraz etmenize izin verir. Bu, \u00f6zg\u00fcrl\u00fc\u011f\u00fcn\u00fcz\u00fc yeniden kazanman\u0131z veya tutukluluk ko\u015fullar\u0131n\u0131z\u0131n iyile\u015ftirilmesi i\u00e7in \u00f6nemli bir ad\u0131md\u0131r.<\/p><p>Bu <a href=\"https:\/\/www.derbedrosian.nl\/tr\/avukatlar\/\">uzman g\u00f6\u00e7menli\u0307k avukatlari<\/a> Der Bedrosian hukuk b\u00fcrosu, bu t\u00fcr konularda m\u00fc\u015fterilerine yard\u0131mc\u0131 olma konusunda deneyim ve uzmanl\u0131\u011fa sahiptir. Temyiz ba\u015fvurusunda bulunmaktan davan\u0131z\u0131 mahkemede temsil etmeye kadar t\u00fcm yasal s\u00fcre\u00e7 boyunca size rehberlik edeceklerdir.<\/p><p>Bug\u00fcn bizimle ileti\u015fime ge\u00e7in, s\u00fcrecinizde size yard\u0131mc\u0131 olmak i\u00e7in elimizden gelen her \u015feyi yapaca\u011f\u0131z.<\/p>\t\t\t\t\t\t\t\t<\/div>\n\t\t\t\t<\/div>\n\t\t\t\t\t<\/div>\n\t\t\t\t<\/div>\n\t\t\t\t<\/div>","protected":false},"excerpt":{"rendered":"<p>vreemdelingenrecht detentiecentra procedure vreemdelingenbewaring Wat is een vreemdelingenbewaring? wet terugkeer en vreemdelingenbewaring van de regeling brontekst bewerken brontekst vreemdelingenrecht advocaat<\/p>","protected":false},"author":1,"featured_media":0,"parent":10627,"menu_order":0,"comment_status":"closed","ping_status":"closed","template":"","meta":{"footnotes":""},"class_list":["post-10727","page","type-page","status-publish","hentry"],"_links":{"self":[{"href":"https:\/\/www.derbedrosian.nl\/tr\/wp-json\/wp\/v2\/pages\/10727","targetHints":{"allow":["GET"]}}],"collection":[{"href":"https:\/\/www.derbedrosian.nl\/tr\/wp-json\/wp\/v2\/pages"}],"about":[{"href":"https:\/\/www.derbedrosian.nl\/tr\/wp-json\/wp\/v2\/types\/page"}],"author":[{"embeddable":true,"href":"https:\/\/www.derbedrosian.nl\/tr\/wp-json\/wp\/v2\/users\/1"}],"replies":[{"embeddable":true,"href":"https:\/\/www.derbedrosian.nl\/tr\/wp-json\/wp\/v2\/comments?post=10727"}],"version-history":[{"count":0,"href":"https:\/\/www.derbedrosian.nl\/tr\/wp-json\/wp\/v2\/pages\/10727\/revisions"}],"up":[{"embeddable":true,"href":"https:\/\/www.derbedrosian.nl\/tr\/wp-json\/wp\/v2\/pages\/10627"}],"wp:attachment":[{"href":"https:\/\/www.derbedrosian.nl\/tr\/wp-json\/wp\/v2\/media?parent=10727"}],"curies":[{"name":"wp","href":"https:\/\/api.w.org\/{rel}","templated":true}]}}