{"id":10722,"date":"2023-05-26T16:53:44","date_gmt":"2023-05-26T14:53:44","guid":{"rendered":"https:\/\/derbedrosian.nl\/?page_id=10722"},"modified":"2025-12-21T16:10:05","modified_gmt":"2025-12-21T14:10:05","slug":"kisa-sureli-vize","status":"publish","type":"page","link":"https:\/\/www.derbedrosian.nl\/tr\/rechtsgebieden\/vreemdelingenrecht\/visum-kort-verblijf\/","title":{"rendered":"K\u0131sa s\u00fcreli vize"},"content":{"rendered":"<div data-elementor-type=\"wp-page\" data-elementor-id=\"10722\" class=\"elementor elementor-10722\" data-elementor-post-type=\"page\">\n\t\t\t\t<div class=\"wd-negative-gap elementor-element elementor-element-493df8c e-flex e-con-boxed e-con e-parent\" data-id=\"493df8c\" data-element_type=\"container\" data-e-type=\"container\">\n\t\t\t\t\t<div class=\"e-con-inner\">\n\t\t\t\t<div class=\"elementor-element elementor-element-7bae2b5 elementor-hidden-desktop elementor-hidden-tablet elementor-hidden-mobile elementor-widget elementor-widget-wd_image_or_svg\" data-id=\"7bae2b5\" data-element_type=\"widget\" data-e-type=\"widget\" id=\"seo-word\" data-widget_type=\"wd_image_or_svg.default\">\n\t\t\t\t<div class=\"elementor-widget-container\">\n\t\t\t\t\t\n\t\t<div class=\"wd-image text-left\">\n\t\t\t\t\t\t\t\t<img loading=\"lazy\" decoding=\"async\" width=\"1000\" height=\"667\" src=\"https:\/\/www.derbedrosian.nl\/wp-content\/uploads\/rechtsgebied-visum-kort-verblijf.jpg\" class=\"attachment-full size-full\" alt=\"K\u0131sa s\u00fcreli vize ba\u015fvurusu avukat yabanc\u0131lar hukuku oturma izni schengen vizesi\" srcset=\"https:\/\/www.derbedrosian.nl\/wp-content\/uploads\/rechtsgebied-visum-kort-verblijf.jpg 1000w, https:\/\/www.derbedrosian.nl\/wp-content\/uploads\/rechtsgebied-visum-kort-verblijf-400x267.jpg 400w, https:\/\/www.derbedrosian.nl\/wp-content\/uploads\/rechtsgebied-visum-kort-verblijf-768x512.jpg 768w\" sizes=\"auto, (max-width: 1000px) 100vw, 1000px\" title=\"\">\t\t\t\t\t<\/div>\n\n\t\t\t\t\t\t<\/div>\n\t\t\t\t<\/div>\n\t\t\t\t<div class=\"elementor-element elementor-element-3e655f5 elementor-hidden-desktop elementor-hidden-tablet elementor-hidden-mobile elementor-widget elementor-widget-heading\" data-id=\"3e655f5\" data-element_type=\"widget\" data-e-type=\"widget\" id=\"seo-word\" data-widget_type=\"heading.default\">\n\t\t\t\t<div class=\"elementor-widget-container\">\n\t\t\t\t\t<h2 class=\"elementor-heading-title elementor-size-default\">schengen vi\u0307zesi\u0307 kisa s\u00fcreli\u0307 kali\u015f<\/h2>\t\t\t\t<\/div>\n\t\t\t\t<\/div>\n\t\t\t\t<div class=\"elementor-element elementor-element-7aed61d elementor-hidden-desktop elementor-hidden-tablet elementor-hidden-mobile elementor-widget elementor-widget-heading\" data-id=\"7aed61d\" data-element_type=\"widget\" data-e-type=\"widget\" id=\"seo-word\" data-widget_type=\"heading.default\">\n\t\t\t\t<div class=\"elementor-widget-container\">\n\t\t\t\t\t<h5 class=\"elementor-heading-title elementor-size-default\">schengen vi\u0307ze ba\u015fvuru formu<\/h5>\t\t\t\t<\/div>\n\t\t\t\t<\/div>\n\t\t\t\t<div class=\"elementor-element elementor-element-af7fbc2 elementor-hidden-desktop elementor-hidden-tablet elementor-hidden-mobile elementor-widget elementor-widget-heading\" data-id=\"af7fbc2\" data-element_type=\"widget\" data-e-type=\"widget\" id=\"seo-word\" data-widget_type=\"heading.default\">\n\t\t\t\t<div class=\"elementor-widget-container\">\n\t\t\t\t\t<h5 class=\"elementor-heading-title elementor-size-default\">schengen vi\u0307ze uzatimi<\/h5>\t\t\t\t<\/div>\n\t\t\t\t<\/div>\n\t\t\t\t<div class=\"elementor-element elementor-element-6261929 elementor-hidden-desktop elementor-hidden-tablet elementor-hidden-mobile elementor-widget elementor-widget-heading\" data-id=\"6261929\" data-element_type=\"widget\" data-e-type=\"widget\" id=\"seo-word\" data-widget_type=\"heading.default\">\n\t\t\t\t<div class=\"elementor-widget-container\">\n\t\t\t\t\t<h5 class=\"elementor-heading-title elementor-size-default\">k\u0131sa s\u00fcreli aile ziyareti vizesi<\/h5>\t\t\t\t<\/div>\n\t\t\t\t<\/div>\n\t\t\t\t<div class=\"elementor-element elementor-element-a5b9b45 elementor-hidden-desktop elementor-hidden-tablet elementor-hidden-mobile elementor-widget elementor-widget-heading\" data-id=\"a5b9b45\" data-element_type=\"widget\" data-e-type=\"widget\" id=\"seo-word\" data-widget_type=\"heading.default\">\n\t\t\t\t<div class=\"elementor-widget-container\">\n\t\t\t\t\t<h5 class=\"elementor-heading-title elementor-size-default\">avukat enschede yabancilar hukuku<\/h5>\t\t\t\t<\/div>\n\t\t\t\t<\/div>\n\t\t\t\t<div class=\"elementor-element elementor-element-0b9ad1a elementor-hidden-desktop elementor-hidden-tablet elementor-hidden-mobile elementor-widget elementor-widget-heading\" data-id=\"0b9ad1a\" data-element_type=\"widget\" data-e-type=\"widget\" id=\"seo-word\" data-widget_type=\"heading.default\">\n\t\t\t\t<div class=\"elementor-widget-container\">\n\t\t\t\t\t<h5 class=\"elementor-heading-title elementor-size-default\">yabancilar yasasi enschede<\/h5>\t\t\t\t<\/div>\n\t\t\t\t<\/div>\n\t\t\t\t<div class=\"elementor-element elementor-element-65316a9 elementor-hidden-desktop elementor-hidden-tablet elementor-hidden-mobile elementor-widget elementor-widget-heading\" data-id=\"65316a9\" data-element_type=\"widget\" data-e-type=\"widget\" id=\"seo-word\" data-widget_type=\"heading.default\">\n\t\t\t\t<div class=\"elementor-widget-container\">\n\t\t\t\t\t<h5 class=\"elementor-heading-title elementor-size-default\">G\u00f6\u00e7menlik Hukuku Avukat\u0131 Overijssel<\/h5>\t\t\t\t<\/div>\n\t\t\t\t<\/div>\n\t\t\t\t<div class=\"elementor-element elementor-element-e264e3e elementor-hidden-desktop elementor-hidden-tablet elementor-hidden-mobile elementor-widget elementor-widget-heading\" data-id=\"e264e3e\" data-element_type=\"widget\" data-e-type=\"widget\" id=\"seo-word\" data-widget_type=\"heading.default\">\n\t\t\t\t<div class=\"elementor-widget-container\">\n\t\t\t\t\t<h5 class=\"elementor-heading-title elementor-size-default\">g\u00f6\u00e7menli\u0307k hukuku avukati enschede<\/h5>\t\t\t\t<\/div>\n\t\t\t\t<\/div>\n\t\t\t\t<div class=\"elementor-element elementor-element-f5e53af elementor-hidden-desktop elementor-hidden-tablet elementor-hidden-mobile elementor-widget elementor-widget-heading\" data-id=\"f5e53af\" data-element_type=\"widget\" data-e-type=\"widget\" id=\"seo-word\" data-widget_type=\"heading.default\">\n\t\t\t\t<div class=\"elementor-widget-container\">\n\t\t\t\t\t<h5 class=\"elementor-heading-title elementor-size-default\">schengen b\u00f6lgesi\u0307ne gi\u0307ri\u0307\u015f ko\u015fullari hollanda'da en fazla \u00fc\u00e7 ay vi\u0307ze gerekmez<\/h5>\t\t\t\t<\/div>\n\t\t\t\t<\/div>\n\t\t\t\t<div class=\"elementor-element elementor-element-0e69d06 elementor-hidden-desktop elementor-hidden-tablet elementor-hidden-mobile elementor-widget elementor-widget-heading\" data-id=\"0e69d06\" data-element_type=\"widget\" data-e-type=\"widget\" id=\"seo-word\" data-widget_type=\"heading.default\">\n\t\t\t\t<div class=\"elementor-widget-container\">\n\t\t\t\t\t<h5 class=\"elementor-heading-title elementor-size-default\">Schengen k\u0131sa s\u00fcreli vizesi, aile ziyaretleri gibi ama\u00e7larla Hollanda da dahil olmak \u00fczere Schengen \u00fclkelerinden birinde ge\u00e7ici olarak kalman\u0131za izin veren bir vizedir. Schengen vizesine ba\u015fvurmak i\u00e7in bir ba\u015fvuru formu doldurmak ve belirli ko\u015fullar\u0131 yerine getirmek gerekir.\n\nEnschede ve Overijssel'deki Derbedrosian Yabanc\u0131lar Avukatlar\u0131, aile ziyaretleri i\u00e7in vize ba\u015fvurular\u0131 da dahil olmak \u00fczere k\u0131sa s\u00fcreli Schengen vizesine ba\u015fvurma prosed\u00fcrlerini ve gereksinimlerini anlar. Uzman g\u00f6\u00e7menlik avukatlar\u0131m\u0131z, ba\u015fvuru formunu nas\u0131l dolduraca\u011f\u0131n\u0131z ve ba\u015fvurunuzun t\u00fcm yasal gereklilikleri kar\u015f\u0131lad\u0131\u011f\u0131ndan emin olman\u0131z konusunda size tavsiyelerde bulunabilir ve rehberlik edebilir.\n\n\u0130ster vize ba\u015fvurusunda bulunma s\u00fcrecinde olun, ister Schengen vizeleri ve k\u0131sa s\u00fcreli kal\u0131\u015f prosed\u00fcrleri hakk\u0131nda daha fazla bilgi almak isteyin, l\u00fctfen Derbedrosian G\u00f6\u00e7menlik Avukatlar\u0131 ile ileti\u015fime ge\u00e7mekten \u00e7ekinmeyin. Size yard\u0131mc\u0131 olmaya ve vize ba\u015fvurunuzun ba\u015far\u0131l\u0131 olmas\u0131n\u0131 sa\u011flayarak aile ziyaretleri veya di\u011fer ge\u00e7ici ama\u00e7larla Hollanda'y\u0131 ziyaret etmenize izin vermeye haz\u0131r\u0131z.<\/h5>\t\t\t\t<\/div>\n\t\t\t\t<\/div>\n\t\t\t\t<div class=\"elementor-element elementor-element-501e147 elementor-widget elementor-widget-heading\" data-id=\"501e147\" data-element_type=\"widget\" data-e-type=\"widget\" data-widget_type=\"heading.default\">\n\t\t\t\t<div class=\"elementor-widget-container\">\n\t\t\t\t\t<h3 class=\"elementor-heading-title elementor-size-default\">K\u0131sa s\u00fcreli vize nedir?<\/h3>\t\t\t\t<\/div>\n\t\t\t\t<\/div>\n\t\t\t\t<div class=\"elementor-element elementor-element-6759d27 color-scheme-inherit text-left elementor-widget elementor-widget-text-editor\" data-id=\"6759d27\" data-element_type=\"widget\" data-e-type=\"widget\" data-widget_type=\"text-editor.default\">\n\t\t\t\t<div class=\"elementor-widget-container\">\n\t\t\t\t\t\t\t\t\t<p>\"K\u0131sa s\u00fcreli vize\" Schengen vizesi olarak da bilinir. Aralar\u0131nda s\u0131n\u0131r kontrollerine gerek kalmadan insanlar\u0131n serbest dola\u015f\u0131m\u0131 konusunda kendi aralar\u0131nda anla\u015fm\u0131\u015f bir grup Avrupa \u00fclkesi olan Schengen \u00fclkelerine giri\u015f izni veren bir vizedir.<\/p><p>Bu vize, turizm, i\u015f toplant\u0131lar\u0131, aile ziyaretleri, k\u00fclt\u00fcrel etkinlikler ve benzeri ama\u00e7larla bir Schengen \u00fclkesinde ge\u00e7ici olarak kalmay\u0131 planlayan ki\u015filer i\u00e7in tasarlanm\u0131\u015ft\u0131r.<\/p>\t\t\t\t\t\t\t\t<\/div>\n\t\t\t\t<\/div>\n\t\t\t\t<div class=\"elementor-element elementor-element-0132b95 elementor-widget elementor-widget-spacer\" data-id=\"0132b95\" data-element_type=\"widget\" data-e-type=\"widget\" data-widget_type=\"spacer.default\">\n\t\t\t\t<div class=\"elementor-widget-container\">\n\t\t\t\t\t\t\t<div class=\"elementor-spacer\">\n\t\t\t<div class=\"elementor-spacer-inner\"><\/div>\n\t\t<\/div>\n\t\t\t\t\t\t<\/div>\n\t\t\t\t<\/div>\n\t\t\t\t<div class=\"elementor-element elementor-element-21432c1 elementor-widget elementor-widget-heading\" data-id=\"21432c1\" data-element_type=\"widget\" data-e-type=\"widget\" data-widget_type=\"heading.default\">\n\t\t\t\t<div class=\"elementor-widget-container\">\n\t\t\t\t\t<h3 class=\"elementor-heading-title elementor-size-default\">Schengen vizesine ba\u015fvurmak neden ak\u0131ll\u0131ca?<\/h3>\t\t\t\t<\/div>\n\t\t\t\t<\/div>\n\t\t\t\t<div class=\"elementor-element elementor-element-fe4b550 color-scheme-inherit text-left elementor-widget elementor-widget-text-editor\" data-id=\"fe4b550\" data-element_type=\"widget\" data-e-type=\"widget\" data-widget_type=\"text-editor.default\">\n\t\t\t\t<div class=\"elementor-widget-container\">\n\t\t\t\t\t\t\t\t\t<p>En yayg\u0131n olarak talep edilen vize t\u00fcr\u00fc, a\u015fa\u011f\u0131daki avantajlar\u0131 sunan 'Schengen vizesi'dir:<\/p><ul><li><strong>\u00dccretsiz seyahat:<\/strong>\u00a0Schengen vizesinin en \u00f6nemli avantajlar\u0131ndan biri Schengen \u00fclkeleri i\u00e7inde serbest\u00e7e seyahat edebilmektir. Bu vize, s\u0131n\u0131r kontrolleri olmadan bir Schengen \u00fclkesinden di\u011ferine seyahat etmenizi sa\u011flayarak seyahat s\u00fcrecini daha verimli hale getirir.<\/li><li><strong>Birden fazla var\u0131\u015f noktas\u0131:<\/strong>\u00a0Bir Schengen vizesi birden fazla Schengen \u00fclkesini ziyaret etmenize olanak sa\u011flar. Bu, Avrupa'da kald\u0131klar\u0131 s\u00fcre boyunca birka\u00e7 \u00fclkeyi ke\u015ffetmeyi planlayan gezginler i\u00e7in \u00f6zellikle uygundur.<\/li><li><strong>Esneklik:<\/strong>\u00a0Schengen vizeleri turizm, i\u015f seyahati, aile ziyaretleri, t\u0131bbi tedavi, k\u00fclt\u00fcrel etkinlikler ve transit ge\u00e7i\u015f dahil olmak \u00fczere \u00e7e\u015fitli seyahat ama\u00e7lar\u0131 i\u00e7in mevcuttur. Bu, yolcular\u0131n vizeyi kendi \u00f6zel ihtiya\u00e7lar\u0131na g\u00f6re uyarlamalar\u0131na olanak tan\u0131r.<\/li><li><strong>Zaman tasarrufu:<\/strong>\u00a0Schengen \u00fclkeleri aras\u0131nda s\u0131n\u0131r kontrol\u00fc olmad\u0131\u011f\u0131ndan, s\u0131n\u0131r ge\u00e7i\u015flerinde kuyruk olmad\u0131\u011f\u0131ndan seyahat ederken zamandan tasarruf edersiniz.<\/li><li><strong>Daha az evrak i\u015fi:<\/strong>\u00a0Birden fazla Schengen \u00fclkesini ziyaret etmek isteyen yolcular i\u00e7in Schengen vizesi, her \u00fclke i\u00e7in ayr\u0131 vize ba\u015fvurusu yapma ihtiyac\u0131n\u0131 ortadan kald\u0131rarak idari y\u00fck\u00fc azaltmaktad\u0131r.<\/li><li><strong>\u0130\u00e7 s\u0131n\u0131r kontrolleri yok:<\/strong>\u00a0Schengen \u00fclkeleri i\u00e7inde i\u00e7 s\u0131n\u0131r kontrolleri yoktur, yani her Schengen \u00fclkesi i\u00e7inde herhangi bir k\u0131s\u0131tlama olmaks\u0131z\u0131n serbest\u00e7e seyahat edebilirsiniz.<\/li><\/ul><div>B\u00f6yle bir schengen vizesine ba\u015fvurma s\u00fcreci, bu konuda deneyimli bir avukattan profesyonel yard\u0131m almadan \u00e7ok zaman al\u0131c\u0131 olabilir. <a href=\"https:\/\/www.derbedrosian.nl\/tr\/yetki%cc%87-alanlari\/gocmenlik-hukuku\/\">G\u00f6\u00e7menlik Hukuku<\/a>. Bu nedenle, \u00fccretsiz tavsiye ve daha fazla hukuki yard\u0131m i\u00e7in hukuk b\u00fcromuzla ileti\u015fime ge\u00e7meniz tavsiye edilir.<\/div>\t\t\t\t\t\t\t\t<\/div>\n\t\t\t\t<\/div>\n\t\t\t\t<div class=\"elementor-element elementor-element-c18dacf elementor-widget elementor-widget-spacer\" data-id=\"c18dacf\" data-element_type=\"widget\" data-e-type=\"widget\" data-widget_type=\"spacer.default\">\n\t\t\t\t<div class=\"elementor-widget-container\">\n\t\t\t\t\t\t\t<div class=\"elementor-spacer\">\n\t\t\t<div class=\"elementor-spacer-inner\"><\/div>\n\t\t<\/div>\n\t\t\t\t\t\t<\/div>\n\t\t\t\t<\/div>\n\t\t\t\t<div class=\"elementor-element elementor-element-faad088 elementor-widget elementor-widget-heading\" data-id=\"faad088\" data-element_type=\"widget\" data-e-type=\"widget\" data-widget_type=\"heading.default\">\n\t\t\t\t<div class=\"elementor-widget-container\">\n\t\t\t\t\t<h3 class=\"elementor-heading-title elementor-size-default\">K\u0131sa s\u00fcreli vize ko\u015fullar\u0131\n<\/h3>\t\t\t\t<\/div>\n\t\t\t\t<\/div>\n\t\t\t\t<div class=\"elementor-element elementor-element-0574e0f color-scheme-inherit text-left elementor-widget elementor-widget-text-editor\" data-id=\"0574e0f\" data-element_type=\"widget\" data-e-type=\"widget\" data-widget_type=\"text-editor.default\">\n\t\t\t\t<div class=\"elementor-widget-container\">\n\t\t\t\t\t\t\t\t\t<p>'K\u0131sa Kalma Vizesi' i\u00e7in a\u015fa\u011f\u0131da \u00f6zetlenen \u00f6zel \u015fartlar ge\u00e7erlidir:<\/p><ul><li><strong>Id:<\/strong>\u00a0Ba\u015fvuru sahibinin kendisini tan\u0131tmak i\u00e7in ge\u00e7erli bir pasaportu veya kimlik kart\u0131 olmal\u0131d\u0131r. Ge\u00e7erli bir kimli\u011fin bulunmamas\u0131 vize ba\u015fvurusunun reddedilmesine yol a\u00e7abilir.<\/li><li><strong>Sigorta:<\/strong>\u00a0Ba\u015fvuru sahibinin Hollanda'da k\u0131sa s\u00fcreli kal\u0131\u015f s\u0131ras\u0131nda t\u0131bbi masraflar\u0131 kar\u015f\u0131layan sa\u011fl\u0131k sigortas\u0131na sahip olmas\u0131 zorunludur. Bu sigorta, t\u0131bbi bak\u0131m\u0131 mali y\u00fck olmadan eri\u015filebilir k\u0131lmak i\u00e7in gereklidir.<\/li><li><strong>Finansal Kaynaklar:<\/strong>\u00a0Ba\u015fvuru sahibi, konaklama, yemek ve ula\u015f\u0131m gibi Hollanda'da kal\u0131\u015f masraflar\u0131n\u0131 kar\u015f\u0131lamak i\u00e7in yeterli mali kayna\u011fa sahip oldu\u011funu g\u00f6stermelidir. Ba\u015fvuru sahibinin, kamu mali kaynaklar\u0131na dayanmadan kal\u0131\u015f masraflar\u0131n\u0131 ba\u011f\u0131ms\u0131z olarak \u00f6deyebilmesi \u00f6nemlidir.<\/li><li><strong>\u0130kametgah:<\/strong>\u00a0Hollanda'da kal\u0131nacak yer konusunda netlik olmal\u0131d\u0131r. Bu bir otel, ailenin veya arkada\u015flar\u0131n evi veya ba\u015fka bir me\u015fru konaklama \u015fekli olabilir. Yetkililer, Hollanda'da kal\u0131nan s\u00fcre boyunca ikamet edilen yerin tam olarak nerede oldu\u011funu bilmelidir.<\/li><\/ul><p>Onaylanma \u015fans\u0131n\u0131 art\u0131rmak i\u00e7in 'K\u0131sa Kalma Vizesi' ba\u015fvurusunda bulunurken yukar\u0131daki t\u00fcm ko\u015fullara titizlikle uyulmas\u0131 son derece \u00f6nemlidir<\/p>\t\t\t\t\t\t\t\t<\/div>\n\t\t\t\t<\/div>\n\t\t\t\t<div class=\"elementor-element elementor-element-437496b elementor-widget elementor-widget-spacer\" data-id=\"437496b\" data-element_type=\"widget\" data-e-type=\"widget\" data-widget_type=\"spacer.default\">\n\t\t\t\t<div class=\"elementor-widget-container\">\n\t\t\t\t\t\t\t<div class=\"elementor-spacer\">\n\t\t\t<div class=\"elementor-spacer-inner\"><\/div>\n\t\t<\/div>\n\t\t\t\t\t\t<\/div>\n\t\t\t\t<\/div>\n\t\t\t\t<div class=\"elementor-element elementor-element-0e6f633 elementor-widget elementor-widget-heading\" data-id=\"0e6f633\" data-element_type=\"widget\" data-e-type=\"widget\" data-widget_type=\"heading.default\">\n\t\t\t\t<div class=\"elementor-widget-container\">\n\t\t\t\t\t<h3 class=\"elementor-heading-title elementor-size-default\">K\u0131sa s\u00fcreli vize prosed\u00fcr\u00fc\n<\/h3>\t\t\t\t<\/div>\n\t\t\t\t<\/div>\n\t\t\t\t<div class=\"elementor-element elementor-element-a35bfdd color-scheme-inherit text-left elementor-widget elementor-widget-text-editor\" data-id=\"a35bfdd\" data-element_type=\"widget\" data-e-type=\"widget\" data-widget_type=\"text-editor.default\">\n\t\t\t\t<div class=\"elementor-widget-container\">\n\t\t\t\t\t\t\t\t\t<p>Vize ba\u015fvurusunda bulunmak istiyorsan\u0131z, Hollanda'da k\u0131sa s\u00fcreli kal\u0131\u015f vizesi i\u00e7in a\u015fa\u011f\u0131daki ad\u0131mlar\u0131n izlenmesi gerekecektir:<\/p><ul><li><strong>Do\u011fru vize t\u00fcr\u00fcn\u00fc belirleyin:<\/strong>\u00a0Her \u015feyden \u00f6nce, seyahatinizin amac\u0131na g\u00f6re en uygun vize t\u00fcr\u00fcn\u00fc belirleyerek i\u015fe ba\u015flay\u0131n. K\u0131sa s\u00fcreli konaklamalar i\u00e7in Schengen vizesi genellikle en uygun se\u00e7enektir.<\/li><li><strong>Yetkili makam\u0131 belirleyin:<\/strong> vize ba\u015fvurunuzu kendi \u00fclkenizdeki Hollanda diplomatik misyonuna sunars\u0131n\u0131z. Bu bir Hollanda b\u00fcy\u00fckel\u00e7ili\u011fi veya konsoloslu\u011fu olabilir.<\/li><li><strong>Gerekli belgeleri toplay\u0131n:<\/strong>\u00a0Genel olarak pasaport, eksiksiz doldurulmu\u015f bir ba\u015fvuru formu, vesikal\u0131k foto\u011fraflar, konaklama kan\u0131t\u0131, mali kaynaklar ve di\u011fer ilgili belgeleri i\u00e7erir.<\/li><li><strong>Bir randevu ayarlay\u0131n:<\/strong> Vize ba\u015fvurunuzu yapmak i\u00e7in IND'den randevu alman\u0131z gerekmektedir. Randevular i\u00e7in olas\u0131 bekleme s\u00fcrelerinin fark\u0131nda olun ve randevunuzu \u00e7ok \u00f6nceden planlay\u0131n.<\/li><li><strong>Ba\u015fvuru ve \u00f6deme:<\/strong>\u00a0Randevunuz s\u0131ras\u0131nda vize ba\u015fvurunuzu yap\u0131n ve gerekli vize \u00fccretini \u00f6deyin. Gerekli t\u00fcm belgeleri yan\u0131n\u0131zda bulundurdu\u011funuzdan emin olun.<\/li><li><strong>Karar\u0131 bekliyorum:<\/strong>\u00a0Vize ba\u015fvurunuzu g\u00f6nderdikten sonra, Hollanda makamlar\u0131n\u0131n karar\u0131n\u0131 bekleyeceksiniz. \u0130\u015flem s\u00fcresi de\u011fi\u015fir, ancak genellikle birka\u00e7 hafta s\u00fcrer.<\/li><li><strong>Vize veya nesne toplay\u0131n:<\/strong>\u00a0Vize ba\u015fvurunuz onaylan\u0131rsa, vizenizi alabilirsinizReddedilme ve karara kat\u0131lmama durumunda, ge\u00e7erli prosed\u00fcrlere g\u00f6re itiraz etme se\u00e7ene\u011finiz vard\u0131r.<\/li><\/ul>\t\t\t\t\t\t\t\t<\/div>\n\t\t\t\t<\/div>\n\t\t\t\t<div class=\"elementor-element elementor-element-a378794 elementor-widget elementor-widget-spacer\" data-id=\"a378794\" data-element_type=\"widget\" data-e-type=\"widget\" data-widget_type=\"spacer.default\">\n\t\t\t\t<div class=\"elementor-widget-container\">\n\t\t\t\t\t\t\t<div class=\"elementor-spacer\">\n\t\t\t<div class=\"elementor-spacer-inner\"><\/div>\n\t\t<\/div>\n\t\t\t\t\t\t<\/div>\n\t\t\t\t<\/div>\n\t\t\t\t<div class=\"elementor-element elementor-element-545d4ed elementor-widget elementor-widget-heading\" data-id=\"545d4ed\" data-element_type=\"widget\" data-e-type=\"widget\" data-widget_type=\"heading.default\">\n\t\t\t\t<div class=\"elementor-widget-container\">\n\t\t\t\t\t<h3 class=\"elementor-heading-title elementor-size-default\">K\u0131sa s\u00fcreli vize ba\u015fvurusu i\u00e7in avukat<\/h3>\t\t\t\t<\/div>\n\t\t\t\t<\/div>\n\t\t\t\t<div class=\"elementor-element elementor-element-0e6ebde color-scheme-inherit text-left elementor-widget elementor-widget-text-editor\" data-id=\"0e6ebde\" data-element_type=\"widget\" data-e-type=\"widget\" data-widget_type=\"text-editor.default\">\n\t\t\t\t<div class=\"elementor-widget-container\">\n\t\t\t\t\t\t\t\t\t<p>Bir vize ba\u015fvurusunun reddedilmesinin en \u00f6nemli nedenlerinden biri, ki\u015finin turist vizesinden sonra Hollanda'da kalmak isteyece\u011fi korkusudur. Bazen bir vize ba\u015fvurusu bu nedenle reddedilir. Ancak bu karara itiraz edebilirsiniz.<\/p><p>Bu gibi durumlarda deneyimli bir avukattan yard\u0131m almak \u00e7ok \u00f6nemlidir. Der Bedrosian Hukuk B\u00fcrosu\u00a0<a href=\"https:\/\/www.derbedrosian.nl\/tr\/avukatlar\/\">uzman avukatlar<\/a> Ba\u015fvuru i\u00e7in profesyonel yard\u0131m sa\u011flayan veya ba\u015fvuru de\u011fi\u015ftirildi\u011finde itiraz haz\u0131rlayabilen ki\u015filer.<\/p><p>Bu y\u00fczden bizimle ileti\u015fime ge\u00e7mekten \u00e7ekinmeyin. Sizi yasal konularda size daha fazla yard\u0131mc\u0131 olabilecek bir avukatla bulu\u015fturabiliriz.<\/p>\t\t\t\t\t\t\t\t<\/div>\n\t\t\t\t<\/div>\n\t\t\t\t\t<\/div>\n\t\t\t\t<\/div>\n\t\t\t\t<\/div>","protected":false},"excerpt":{"rendered":"<p>schengen vizesi k\u0131sa s\u00fcreli schengen vizesi ba\u015fvuru formu schengen vizesi uzatma k\u0131sa s\u00fcreli vize aile ziyareti avukat enschede yabanc\u0131lar hukuku yabanc\u0131lar hukuku enschede yabanc\u0131lar hukuku avukat overijssel yabanc\u0131lar hukuku<\/p>","protected":false},"author":1,"featured_media":0,"parent":10627,"menu_order":0,"comment_status":"closed","ping_status":"closed","template":"","meta":{"footnotes":""},"class_list":["post-10722","page","type-page","status-publish","hentry"],"_links":{"self":[{"href":"https:\/\/www.derbedrosian.nl\/tr\/wp-json\/wp\/v2\/pages\/10722","targetHints":{"allow":["GET"]}}],"collection":[{"href":"https:\/\/www.derbedrosian.nl\/tr\/wp-json\/wp\/v2\/pages"}],"about":[{"href":"https:\/\/www.derbedrosian.nl\/tr\/wp-json\/wp\/v2\/types\/page"}],"author":[{"embeddable":true,"href":"https:\/\/www.derbedrosian.nl\/tr\/wp-json\/wp\/v2\/users\/1"}],"replies":[{"embeddable":true,"href":"https:\/\/www.derbedrosian.nl\/tr\/wp-json\/wp\/v2\/comments?post=10722"}],"version-history":[{"count":0,"href":"https:\/\/www.derbedrosian.nl\/tr\/wp-json\/wp\/v2\/pages\/10722\/revisions"}],"up":[{"embeddable":true,"href":"https:\/\/www.derbedrosian.nl\/tr\/wp-json\/wp\/v2\/pages\/10627"}],"wp:attachment":[{"href":"https:\/\/www.derbedrosian.nl\/tr\/wp-json\/wp\/v2\/media?parent=10722"}],"curies":[{"name":"wp","href":"https:\/\/api.w.org\/{rel}","templated":true}]}}