{"id":10717,"date":"2023-05-26T16:50:04","date_gmt":"2023-05-26T14:50:04","guid":{"rendered":"https:\/\/derbedrosian.nl\/?page_id=10717"},"modified":"2025-12-21T16:08:47","modified_gmt":"2025-12-21T14:08:47","slug":"oturma-izni-serbest-meslek-sahibi-kisi","status":"publish","type":"page","link":"https:\/\/www.derbedrosian.nl\/tr\/rechtsgebieden\/vreemdelingenrecht\/verblijfsvergunning-zelfstandige-ondernemer\/","title":{"rendered":"Oturma izni serbest meslek sahibi giri\u015fimci"},"content":{"rendered":"<div data-elementor-type=\"wp-page\" data-elementor-id=\"10717\" class=\"elementor elementor-10717\" data-elementor-post-type=\"page\">\n\t\t\t\t<div class=\"wd-negative-gap elementor-element elementor-element-88bd715 e-flex e-con-boxed e-con e-parent\" data-id=\"88bd715\" data-element_type=\"container\" data-e-type=\"container\">\n\t\t\t\t\t<div class=\"e-con-inner\">\n\t\t\t\t<div class=\"elementor-element elementor-element-d086250 elementor-hidden-desktop elementor-hidden-tablet elementor-hidden-mobile elementor-widget elementor-widget-wd_image_or_svg\" data-id=\"d086250\" data-element_type=\"widget\" data-e-type=\"widget\" id=\"seo-word\" data-widget_type=\"wd_image_or_svg.default\">\n\t\t\t\t<div class=\"elementor-widget-container\">\n\t\t\t\t\t\n\t\t<div class=\"wd-image text-left\">\n\t\t\t\t\t\t\t\t<img loading=\"lazy\" decoding=\"async\" width=\"1000\" height=\"667\" src=\"https:\/\/www.derbedrosian.nl\/wp-content\/uploads\/rechtsgebied-verblijfsvergunning-zelfstandige-ondernemer.jpg\" class=\"attachment-full size-full\" alt=\"oturma izni ba\u015fvurusu serbest meslek sahibi ind avukat yabanc\u0131lar hukuku\" srcset=\"https:\/\/www.derbedrosian.nl\/wp-content\/uploads\/rechtsgebied-verblijfsvergunning-zelfstandige-ondernemer.jpg 1000w, https:\/\/www.derbedrosian.nl\/wp-content\/uploads\/rechtsgebied-verblijfsvergunning-zelfstandige-ondernemer-400x267.jpg 400w, https:\/\/www.derbedrosian.nl\/wp-content\/uploads\/rechtsgebied-verblijfsvergunning-zelfstandige-ondernemer-768x512.jpg 768w\" sizes=\"auto, (max-width: 1000px) 100vw, 1000px\" title=\"\">\t\t\t\t\t<\/div>\n\n\t\t\t\t\t\t<\/div>\n\t\t\t\t<\/div>\n\t\t\t\t<div class=\"elementor-element elementor-element-8756ea9 elementor-hidden-desktop elementor-hidden-tablet elementor-hidden-mobile elementor-widget elementor-widget-heading\" data-id=\"8756ea9\" data-element_type=\"widget\" data-e-type=\"widget\" id=\"seo-word\" data-widget_type=\"heading.default\">\n\t\t\t\t<div class=\"elementor-widget-container\">\n\t\t\t\t\t<h2 class=\"elementor-heading-title elementor-size-default\">G\u00f6\u00e7menlik Hukuku<\/h2>\t\t\t\t<\/div>\n\t\t\t\t<\/div>\n\t\t\t\t<div class=\"elementor-element elementor-element-cc89742 elementor-hidden-desktop elementor-hidden-tablet elementor-hidden-mobile elementor-widget elementor-widget-heading\" data-id=\"cc89742\" data-element_type=\"widget\" data-e-type=\"widget\" id=\"seo-word\" data-widget_type=\"heading.default\">\n\t\t\t\t<div class=\"elementor-widget-container\">\n\t\t\t\t\t<h5 class=\"elementor-heading-title elementor-size-default\">serbest meslek sahibi olmak i\u00e7in oturma izni ba\u015fvurusunda bulunmak<\/h5>\t\t\t\t<\/div>\n\t\t\t\t<\/div>\n\t\t\t\t<div class=\"elementor-element elementor-element-bc46928 elementor-hidden-desktop elementor-hidden-tablet elementor-hidden-mobile elementor-widget elementor-widget-heading\" data-id=\"bc46928\" data-element_type=\"widget\" data-e-type=\"widget\" id=\"seo-word\" data-widget_type=\"heading.default\">\n\t\t\t\t<div class=\"elementor-widget-container\">\n\t\t\t\t\t<h5 class=\"elementor-heading-title elementor-size-default\">ind oturma izni serbest meslek sahibi ki\u015fi<\/h5>\t\t\t\t<\/div>\n\t\t\t\t<\/div>\n\t\t\t\t<div class=\"elementor-element elementor-element-14ad2ae elementor-hidden-desktop elementor-hidden-tablet elementor-hidden-mobile elementor-widget elementor-widget-heading\" data-id=\"14ad2ae\" data-element_type=\"widget\" data-e-type=\"widget\" id=\"seo-word\" data-widget_type=\"heading.default\">\n\t\t\t\t<div class=\"elementor-widget-container\">\n\t\t\t\t\t<h5 class=\"elementor-heading-title elementor-size-default\">puan sistemi<\/h5>\t\t\t\t<\/div>\n\t\t\t\t<\/div>\n\t\t\t\t<div class=\"elementor-element elementor-element-4efe020 elementor-hidden-desktop elementor-hidden-tablet elementor-hidden-mobile elementor-widget elementor-widget-heading\" data-id=\"4efe020\" data-element_type=\"widget\" data-e-type=\"widget\" id=\"seo-word\" data-widget_type=\"heading.default\">\n\t\t\t\t<div class=\"elementor-widget-container\">\n\t\t\t\t\t<h5 class=\"elementor-heading-title elementor-size-default\">g\u00f6\u00e7menli\u0307k hukuku avukati enschede<\/h5>\t\t\t\t<\/div>\n\t\t\t\t<\/div>\n\t\t\t\t<div class=\"elementor-element elementor-element-8097bb2 elementor-hidden-desktop elementor-hidden-tablet elementor-hidden-mobile elementor-widget elementor-widget-heading\" data-id=\"8097bb2\" data-element_type=\"widget\" data-e-type=\"widget\" id=\"seo-word\" data-widget_type=\"heading.default\">\n\t\t\t\t<div class=\"elementor-widget-container\">\n\t\t\t\t\t<h5 class=\"elementor-heading-title elementor-size-default\">G\u00f6\u00e7menlik Hukuku Avukat\u0131 Overijssel<\/h5>\t\t\t\t<\/div>\n\t\t\t\t<\/div>\n\t\t\t\t<div class=\"elementor-element elementor-element-873cf86 elementor-hidden-desktop elementor-hidden-tablet elementor-hidden-mobile elementor-widget elementor-widget-heading\" data-id=\"873cf86\" data-element_type=\"widget\" data-e-type=\"widget\" id=\"seo-word\" data-widget_type=\"heading.default\">\n\t\t\t\t<div class=\"elementor-widget-container\">\n\t\t\t\t\t<h5 class=\"elementor-heading-title elementor-size-default\">yabancilar yasasi enschede<\/h5>\t\t\t\t<\/div>\n\t\t\t\t<\/div>\n\t\t\t\t<div class=\"elementor-element elementor-element-e56016a elementor-hidden-desktop elementor-hidden-tablet elementor-hidden-mobile elementor-widget elementor-widget-heading\" data-id=\"e56016a\" data-element_type=\"widget\" data-e-type=\"widget\" id=\"seo-word\" data-widget_type=\"heading.default\">\n\t\t\t\t<div class=\"elementor-widget-container\">\n\t\t\t\t\t<h5 class=\"elementor-heading-title elementor-size-default\">avukat enschede yabancilar hukuku<\/h5>\t\t\t\t<\/div>\n\t\t\t\t<\/div>\n\t\t\t\t<div class=\"elementor-element elementor-element-ec191a7 elementor-hidden-desktop elementor-hidden-tablet elementor-hidden-mobile elementor-widget elementor-widget-heading\" data-id=\"ec191a7\" data-element_type=\"widget\" data-e-type=\"widget\" id=\"seo-word\" data-widget_type=\"heading.default\">\n\t\t\t\t<div class=\"elementor-widget-container\">\n\t\t\t\t\t<h5 class=\"elementor-heading-title elementor-size-default\">yabanc\u0131 bir giri\u015fimci olarak sabit bir bedel kar\u015f\u0131l\u0131\u011f\u0131nda ve yasal olarak imtiyaz hakk\u0131<\/h5>\t\t\t\t<\/div>\n\t\t\t\t<\/div>\n\t\t\t\t<div class=\"elementor-element elementor-element-5740c84 elementor-hidden-desktop elementor-hidden-tablet elementor-hidden-mobile elementor-widget elementor-widget-heading\" data-id=\"5740c84\" data-element_type=\"widget\" data-e-type=\"widget\" id=\"seo-word\" data-widget_type=\"heading.default\">\n\t\t\t\t<div class=\"elementor-widget-container\">\n\t\t\t\t\t<h5 class=\"elementor-heading-title elementor-size-default\">Hollanda'da serbest meslek sahibi olarak oturma izni ba\u015fvurusu, puan sistemine dayal\u0131 bir prosed\u00fcrd\u00fcr. G\u00f6\u00e7menlik ve Vatanda\u015fl\u0131k Servisi (IND), b\u00f6yle bir oturma iznine hak kazanmak i\u00e7in kar\u015f\u0131laman\u0131z gereken belirli kriterlere sahiptir.\n\nEnschede ve Overijssel'deki Derbedrosian Yabanc\u0131lar Avukatlar\u0131, serbest meslek sahibi olarak oturma izni i\u00e7in do\u011fru bir \u015fekilde ba\u015fvurman\u0131n ve puan sistemine uyman\u0131n \u00f6nemini anl\u0131yor. Uzman g\u00f6\u00e7menlik avukatlar\u0131m\u0131z, gereksinimleri kar\u015f\u0131lad\u0131\u011f\u0131n\u0131zdan emin olmak i\u00e7in s\u00fcre\u00e7 boyunca size tavsiyelerde bulunabilir ve rehberlik edebilir.\n\n\u0130ster IND'ye ba\u015fvuru s\u00fcrecinde olun, ister puan sistemi ve ba\u011f\u0131ms\u0131z bir giri\u015fimci olarak oturma izni gereklilikleri hakk\u0131nda daha fazla bilgi almak isteyin, l\u00fctfen Derbedrosian G\u00f6\u00e7menlik Avukatlar\u0131 ile ileti\u015fime ge\u00e7mekten \u00e7ekinmeyin. Size yard\u0131mc\u0131 olmaya ve ba\u015fvurunuzun t\u00fcm yasal gereklilikleri kar\u015f\u0131lad\u0131\u011f\u0131ndan emin olmaya haz\u0131r\u0131z, b\u00f6ylece Hollanda'da serbest meslek sahibi bir giri\u015fimci olarak kalabilirsiniz.<\/h5>\t\t\t\t<\/div>\n\t\t\t\t<\/div>\n\t\t\t\t<div class=\"elementor-element elementor-element-6786bb8 elementor-widget elementor-widget-heading\" data-id=\"6786bb8\" data-element_type=\"widget\" data-e-type=\"widget\" data-widget_type=\"heading.default\">\n\t\t\t\t<div class=\"elementor-widget-container\">\n\t\t\t\t\t<h3 class=\"elementor-heading-title elementor-size-default\">'Oturma iznine sahip serbest meslek sahibi giri\u015fimci' ile ne kastedilmektedir?<\/h3>\t\t\t\t<\/div>\n\t\t\t\t<\/div>\n\t\t\t\t<div class=\"elementor-element elementor-element-38ba973 color-scheme-inherit text-left elementor-widget elementor-widget-text-editor\" data-id=\"38ba973\" data-element_type=\"widget\" data-e-type=\"widget\" data-widget_type=\"text-editor.default\">\n\t\t\t\t<div class=\"elementor-widget-container\">\n\t\t\t\t\t\t\t\t\t<p>Hollanda'da 'serbest meslek sahibi giri\u015fimci oturma izni', yabanc\u0131 giri\u015fimcilere burada ya\u015fama ve kendi i\u015flerini y\u00fcr\u00fctme hakk\u0131 veren bir izindir. Bu izin, giri\u015fimcilere Hollanda ekonomisine ve yenili\u011fine katk\u0131da bulunma f\u0131rsat\u0131 vermeyi ama\u00e7lamaktad\u0131r. Bu izne hak kazanmak i\u00e7in, ba\u015fvuru sahiplerinin bir puan sisteminde puan kazanmak da dahil olmak \u00fczere kat\u0131 ko\u015fullar\u0131 kar\u015f\u0131lamas\u0131 gerekir.<\/p>\t\t\t\t\t\t\t\t<\/div>\n\t\t\t\t<\/div>\n\t\t\t\t<div class=\"elementor-element elementor-element-789e398 elementor-widget elementor-widget-spacer\" data-id=\"789e398\" data-element_type=\"widget\" data-e-type=\"widget\" data-widget_type=\"spacer.default\">\n\t\t\t\t<div class=\"elementor-widget-container\">\n\t\t\t\t\t\t\t<div class=\"elementor-spacer\">\n\t\t\t<div class=\"elementor-spacer-inner\"><\/div>\n\t\t<\/div>\n\t\t\t\t\t\t<\/div>\n\t\t\t\t<\/div>\n\t\t\t\t<div class=\"elementor-element elementor-element-67f26fa elementor-widget elementor-widget-heading\" data-id=\"67f26fa\" data-element_type=\"widget\" data-e-type=\"widget\" data-widget_type=\"heading.default\">\n\t\t\t\t<div class=\"elementor-widget-container\">\n\t\t\t\t\t<h3 class=\"elementor-heading-title elementor-size-default\">Serbest meslek sahibi giri\u015fimciler i\u00e7in oturma izni ko\u015fullar\u0131<\/h3>\t\t\t\t<\/div>\n\t\t\t\t<\/div>\n\t\t\t\t<div class=\"elementor-element elementor-element-3a442a2 color-scheme-inherit text-left elementor-widget elementor-widget-text-editor\" data-id=\"3a442a2\" data-element_type=\"widget\" data-e-type=\"widget\" data-widget_type=\"text-editor.default\">\n\t\t\t\t<div class=\"elementor-widget-container\">\n\t\t\t\t\t\t\t\t\t<p>Hollanda'da serbest meslek sahibi olarak oturma izni almaya hak kazanmak i\u00e7in, dikkatle uyulmas\u0131 gereken belirli ko\u015fullar\u0131 kar\u015f\u0131laman\u0131z gerekir. Bu ko\u015fullar\u0131 a\u015fa\u011f\u0131da daha ayr\u0131nt\u0131l\u0131 olarak a\u00e7\u0131kl\u0131yoruz:<\/p><ul><li><strong>Piyasa Ekonomisine olumlu katk\u0131:<\/strong>\u00a0Her \u015feyden \u00f6nce, \u015firketiniz Hollanda'n\u0131n ekonomik kalk\u0131nmas\u0131na a\u00e7\u0131k\u00e7a olumlu bir katk\u0131da bulunmal\u0131d\u0131r. Ticari faaliyetleriniz katma de\u011fer ve b\u00fcy\u00fcme yaratmay\u0131 ama\u00e7lamal\u0131 ve bu hedeflere ula\u015fmak i\u00e7in sa\u011flam bir stratejiye sahip olmal\u0131s\u0131n\u0131z.<\/li><li><strong>Men\u015fe \u00fclke:<\/strong>\u00a0Men\u015fe \u00fclke ba\u015fvurunuzu etkileyebilir. Norve\u00e7, \u0130zlanda, \u0130svi\u00e7re ve Lihten\u015ftayn gibi baz\u0131 Avrupa \u00fclkelerinde ya\u015fayanlar\u0131n \u00f6zel izin almadan serbest meslek sahibi olarak \u00e7al\u0131\u015fmak \u00fczere Hollanda'ya gelebileceklerini unutmamak \u00f6nemlidir. Bu \u00fclkelerden birinden de\u011filseniz, oturma izni almaya hak kazanmak i\u00e7in kat\u0131 kurallara ve ko\u015fullara uyman\u0131z gerekir.<\/li><li><strong>Puan Sistemi:\u00a0<\/strong>Hollanda'da ba\u011f\u0131ms\u0131z bir giri\u015fimci olarak oturma izni almak i\u00e7in, i\u015finizin Hollanda i\u00e7in ger\u00e7ekten yararl\u0131 oldu\u011funu kan\u0131tlaman\u0131z gerekir. G\u00f6\u00e7menlik ve Vatanda\u015fl\u0131\u011fa Kabul Servisi (IND) bunu yapmak i\u00e7in bir 'puan sistemi' kullan\u0131r. Bu sistem, i\u015f plan\u0131n\u0131z, deneyiminiz ve i\u015finizin Hollanda ekonomisine nas\u0131l yard\u0131mc\u0131 olaca\u011f\u0131 gibi \u00e7e\u015fitli \u015feylere bakar. Puan sistemini a\u015fa\u011f\u0131da ayr\u0131 ayr\u0131 tart\u0131\u015faca\u011f\u0131z.<\/li><\/ul>\t\t\t\t\t\t\t\t<\/div>\n\t\t\t\t<\/div>\n\t\t\t\t<div class=\"elementor-element elementor-element-152233f elementor-widget elementor-widget-spacer\" data-id=\"152233f\" data-element_type=\"widget\" data-e-type=\"widget\" data-widget_type=\"spacer.default\">\n\t\t\t\t<div class=\"elementor-widget-container\">\n\t\t\t\t\t\t\t<div class=\"elementor-spacer\">\n\t\t\t<div class=\"elementor-spacer-inner\"><\/div>\n\t\t<\/div>\n\t\t\t\t\t\t<\/div>\n\t\t\t\t<\/div>\n\t\t\t\t<div class=\"elementor-element elementor-element-fbf620d elementor-widget elementor-widget-heading\" data-id=\"fbf620d\" data-element_type=\"widget\" data-e-type=\"widget\" data-widget_type=\"heading.default\">\n\t\t\t\t<div class=\"elementor-widget-container\">\n\t\t\t\t\t<h3 class=\"elementor-heading-title elementor-size-default\">Puan sistemi<\/h3>\t\t\t\t<\/div>\n\t\t\t\t<\/div>\n\t\t\t\t<div class=\"elementor-element elementor-element-eb8d7e5 color-scheme-inherit text-left elementor-widget elementor-widget-text-editor\" data-id=\"eb8d7e5\" data-element_type=\"widget\" data-e-type=\"widget\" data-widget_type=\"text-editor.default\">\n\t\t\t\t<div class=\"elementor-widget-container\">\n\t\t\t\t\t\t\t\t\t<p>Hollanda'da ba\u011f\u0131ms\u0131z bir giri\u015fimci olarak kalmak i\u00e7in, i\u015finizin Hollanda'ya ve Hollanda'ya de\u011fer katt\u0131\u011f\u0131n\u0131 g\u00f6stermelisiniz. IND bunu bir 'puan sistemi' kullanarak de\u011ferlendirir.<br \/>Puan sistemi \u00fc\u00e7 b\u00f6l\u00fcmden olu\u015fmaktad\u0131r:<\/p><ul><li><strong>\u0130\u015f plan\u0131:<\/strong> Bu, ka\u00e7 ki\u015fiye ula\u015fmay\u0131 planlad\u0131\u011f\u0131n\u0131z, nas\u0131l organize edece\u011finiz ve nas\u0131l finanse edece\u011finiz gibi i\u015finizle ilgili planlarla ilgilidir.<\/li><li><strong>Ki\u015fisel deneyim:<\/strong> Bunu yaparken, Hollanda'y\u0131 ne kadar iyi tan\u0131d\u0131\u011f\u0131n\u0131za, e\u011fitiminize ve bir giri\u015fimci olarak deneyiminize bakarlar.<\/li><li><strong>Hollanda i\u00e7in katma de\u011fer:<\/strong> Yani ne kadar yenilik\u00e7i oldu\u011funuza ya da istihdam yarat\u0131p yaratmad\u0131\u011f\u0131n\u0131za bak\u0131yorlar.<\/li><\/ul><p>Serbest meslek sahibi olarak ruhsat alabilmek i\u00e7in toplamda en az 90 puan alman\u0131z ve her b\u00f6l\u00fcm i\u00e7in en az 30 puan alman\u0131z gerekmektedir. \u0130yi bir e\u011fitim ald\u0131ysan\u0131z ve ilk iki b\u00f6l\u00fcm i\u00e7in (\u0130\u015f Plan\u0131 ve Ki\u015fisel Deneyim) en az 45 puan ald\u0131ysan\u0131z, \u00fc\u00e7\u00fcnc\u00fc b\u00f6l\u00fcm i\u00e7in daha fazla puan alman\u0131za gerek yoktur.<\/p>\t\t\t\t\t\t\t\t<\/div>\n\t\t\t\t<\/div>\n\t\t\t\t<div class=\"elementor-element elementor-element-af86f84 elementor-widget elementor-widget-spacer\" data-id=\"af86f84\" data-element_type=\"widget\" data-e-type=\"widget\" data-widget_type=\"spacer.default\">\n\t\t\t\t<div class=\"elementor-widget-container\">\n\t\t\t\t\t\t\t<div class=\"elementor-spacer\">\n\t\t\t<div class=\"elementor-spacer-inner\"><\/div>\n\t\t<\/div>\n\t\t\t\t\t\t<\/div>\n\t\t\t\t<\/div>\n\t\t\t\t<div class=\"elementor-element elementor-element-7c0e3d5 elementor-widget elementor-widget-heading\" data-id=\"7c0e3d5\" data-element_type=\"widget\" data-e-type=\"widget\" data-widget_type=\"heading.default\">\n\t\t\t\t<div class=\"elementor-widget-container\">\n\t\t\t\t\t<h3 class=\"elementor-heading-title elementor-size-default\">Serbest meslek sahibi giri\u015fimciler i\u00e7in oturma izni prosed\u00fcr\u00fc<\/h3>\t\t\t\t<\/div>\n\t\t\t\t<\/div>\n\t\t\t\t<div class=\"elementor-element elementor-element-2777105 color-scheme-inherit text-left elementor-widget elementor-widget-text-editor\" data-id=\"2777105\" data-element_type=\"widget\" data-e-type=\"widget\" data-widget_type=\"text-editor.default\">\n\t\t\t\t<div class=\"elementor-widget-container\">\n\t\t\t\t\t\t\t\t\t<p>Hollanda'da serbest meslek sahibi olmak i\u00e7in oturma izni alma prosed\u00fcr\u00fc, a\u015fa\u011f\u0131da k\u0131saca a\u00e7\u0131klad\u0131\u011f\u0131m\u0131z birka\u00e7 ad\u0131m\u0131 i\u00e7erir.<\/p><ul><li><strong>Belgelerin toplanmas\u0131:<\/strong>\u00a0ilk ad\u0131m, gerekli t\u00fcm belgeleri dikkatlice kontrol etmenizi ve toplaman\u0131z\u0131 gerektirir. T\u00fcm resmi yabanc\u0131 belgelerin teslim edilmeden \u00f6nce yasalla\u015ft\u0131r\u0131lmas\u0131 ve Hollandaca'ya \u00e7evrilmesi \u00f6nemlidir.<\/li><li><strong>Ba\u015fvuru g\u00f6nderin:<\/strong>\u00a0daha sonra oturma izni i\u00e7in yaz\u0131l\u0131 bir ba\u015fvuru g\u00f6nderin. Bu ba\u015fvuru Hollanda'ya var\u0131\u015ftan sonra 3 ay i\u00e7inde yap\u0131lmal\u0131d\u0131r. Gerekli t\u00fcm belgeler ba\u015fvuruya eklenmelidir. ba\u015fvuru \u00fccreti<\/li><li><strong>\u00d6deme:<\/strong>\u00a0Ba\u015fvuru i\u00e7in 350,00 \u20ac tutar\u0131nda bir \u00fccret al\u0131nd\u0131\u011f\u0131n\u0131 l\u00fctfen unutmay\u0131n. Bu \u00fccretin do\u011fru bir \u015fekilde \u00f6denmesi \u00f6nemlidir.<\/li><li><strong>IND'nin karar\u0131:<\/strong>\u00a0G\u00f6\u00e7menlik ve Vatanda\u015fl\u0131\u011fa Kabul Servisi (IND) ba\u015fvurunuzu de\u011ferlendirecektir ve yasa gere\u011fi 90 g\u00fcn i\u00e7inde bir karar vermesi gerekmektedir. IND, karar\u0131n uzat\u0131lmas\u0131 veya ba\u015fvurunuzda eksik bilgi olmas\u0131 durumunda sizi bilgilendirecektir.<\/li><li><strong>Karar al\u0131nd\u0131:<\/strong>\u00a0De\u011ferlendirmeden sonra, olumlu veya olumsuz olabilecek karar\u0131 i\u00e7eren yaz\u0131l\u0131 bir bildirim alacaks\u0131n\u0131z. Olumlu bir karar durumunda, 'Serbest meslek sahibi giri\u015fimci oturma izni' alacaks\u0131n\u0131z. Olumsuz bir karar durumunda, IND'nin karar\u0131na itiraz etme f\u0131rsat\u0131n\u0131z olacakt\u0131r.<\/li><li><strong>Oturma izninin al\u0131nmas\u0131:<\/strong>\u00a0IND'nin karar\u0131n\u0131n olumlu olmas\u0131 halinde, oturma izninin IND masas\u0131ndan ne zaman al\u0131nmaya haz\u0131r oldu\u011funu belirten yaz\u0131l\u0131 bir bildirim alacaks\u0131n\u0131z. Oturma izninizi alman\u0131n sadece randevu ile m\u00fcmk\u00fcn oldu\u011funu l\u00fctfen unutmay\u0131n.<\/li><\/ul>\t\t\t\t\t\t\t\t<\/div>\n\t\t\t\t<\/div>\n\t\t\t\t<div class=\"elementor-element elementor-element-7b3abb0 elementor-widget elementor-widget-spacer\" data-id=\"7b3abb0\" data-element_type=\"widget\" data-e-type=\"widget\" data-widget_type=\"spacer.default\">\n\t\t\t\t<div class=\"elementor-widget-container\">\n\t\t\t\t\t\t\t<div class=\"elementor-spacer\">\n\t\t\t<div class=\"elementor-spacer-inner\"><\/div>\n\t\t<\/div>\n\t\t\t\t\t\t<\/div>\n\t\t\t\t<\/div>\n\t\t\t\t<div class=\"elementor-element elementor-element-6e135cf elementor-widget elementor-widget-heading\" data-id=\"6e135cf\" data-element_type=\"widget\" data-e-type=\"widget\" data-widget_type=\"heading.default\">\n\t\t\t\t<div class=\"elementor-widget-container\">\n\t\t\t\t\t<h3 class=\"elementor-heading-title elementor-size-default\">Serbest \u00e7al\u0131\u015fan avukat i\u00e7in oturma izni<\/h3>\t\t\t\t<\/div>\n\t\t\t\t<\/div>\n\t\t\t\t<div class=\"elementor-element elementor-element-fa51cf7 color-scheme-inherit text-left elementor-widget elementor-widget-text-editor\" data-id=\"fa51cf7\" data-element_type=\"widget\" data-e-type=\"widget\" data-widget_type=\"text-editor.default\">\n\t\t\t\t<div class=\"elementor-widget-container\">\n\t\t\t\t\t\t\t\t\t<p>T\u00fcm bu s\u00fcre\u00e7 de\u011ferli zaman\u0131n\u0131z\u0131n \u00f6nemli bir k\u0131sm\u0131n\u0131 alabilir. Der Bedrosian Hukuk B\u00fcrosu a\u015fa\u011f\u0131dakilerden olu\u015fur<a href=\"https:\/\/www.derbedrosian.nl\/tr\/avukatlar\/\"> deneyi\u0307mli\u0307 avukatlar<\/a> uzmanl\u0131\u011f\u0131 ile <a href=\"https:\/\/www.derbedrosian.nl\/tr\/yetki%cc%87-alanlari\/gocmenlik-hukuku\/\">G\u00f6\u00e7menlik yasas\u0131.<\/a><\/p><p>Bug\u00fcn bizimle ileti\u015fime ge\u00e7in ve ba\u015far\u0131l\u0131 bir ba\u015fvuru yolunda size yard\u0131mc\u0131 olal\u0131m.<\/p>\t\t\t\t\t\t\t\t<\/div>\n\t\t\t\t<\/div>\n\t\t\t\t\t<\/div>\n\t\t\t\t<\/div>\n\t\t\t\t<\/div>","protected":false},"excerpt":{"rendered":"<p>vreemdelingenrecht verblijfsvergunning zelfstandig ondernemer aanvragen ind verblijfsvergunning zelfstandig ondernemer puntensysteem vreemdelingenrecht advocaat enschede vreemdelingenrecht advocaat overijssel vreemdelingenrecht enschede advocaat enschede<\/p>","protected":false},"author":1,"featured_media":0,"parent":10627,"menu_order":0,"comment_status":"closed","ping_status":"closed","template":"","meta":{"footnotes":""},"class_list":["post-10717","page","type-page","status-publish","hentry"],"_links":{"self":[{"href":"https:\/\/www.derbedrosian.nl\/tr\/wp-json\/wp\/v2\/pages\/10717","targetHints":{"allow":["GET"]}}],"collection":[{"href":"https:\/\/www.derbedrosian.nl\/tr\/wp-json\/wp\/v2\/pages"}],"about":[{"href":"https:\/\/www.derbedrosian.nl\/tr\/wp-json\/wp\/v2\/types\/page"}],"author":[{"embeddable":true,"href":"https:\/\/www.derbedrosian.nl\/tr\/wp-json\/wp\/v2\/users\/1"}],"replies":[{"embeddable":true,"href":"https:\/\/www.derbedrosian.nl\/tr\/wp-json\/wp\/v2\/comments?post=10717"}],"version-history":[{"count":0,"href":"https:\/\/www.derbedrosian.nl\/tr\/wp-json\/wp\/v2\/pages\/10717\/revisions"}],"up":[{"embeddable":true,"href":"https:\/\/www.derbedrosian.nl\/tr\/wp-json\/wp\/v2\/pages\/10627"}],"wp:attachment":[{"href":"https:\/\/www.derbedrosian.nl\/tr\/wp-json\/wp\/v2\/media?parent=10717"}],"curies":[{"name":"wp","href":"https:\/\/api.w.org\/{rel}","templated":true}]}}