{"id":10702,"date":"2023-05-26T16:04:57","date_gmt":"2023-05-26T14:04:57","guid":{"rendered":"https:\/\/derbedrosian.nl\/?page_id=10702"},"modified":"2025-12-21T16:06:18","modified_gmt":"2025-12-21T14:06:18","slug":"vasifli-gocmen-ikamet-izni","status":"publish","type":"page","link":"https:\/\/www.derbedrosian.nl\/tr\/rechtsgebieden\/vreemdelingenrecht\/verblijfsvergunning-kennismigrant\/","title":{"rendered":"Oturma izni bilgisi g\u00f6\u00e7men"},"content":{"rendered":"<div data-elementor-type=\"wp-page\" data-elementor-id=\"10702\" class=\"elementor elementor-10702\" data-elementor-post-type=\"page\">\n\t\t\t\t<div class=\"wd-negative-gap elementor-element elementor-element-299fda3 e-flex e-con-boxed e-con e-parent\" data-id=\"299fda3\" data-element_type=\"container\" data-e-type=\"container\">\n\t\t\t\t\t<div class=\"e-con-inner\">\n\t\t\t\t<div class=\"elementor-element elementor-element-275733a elementor-hidden-desktop elementor-hidden-tablet elementor-hidden-mobile elementor-widget elementor-widget-wd_image_or_svg\" data-id=\"275733a\" data-element_type=\"widget\" data-e-type=\"widget\" id=\"seo-word\" data-widget_type=\"wd_image_or_svg.default\">\n\t\t\t\t<div class=\"elementor-widget-container\">\n\t\t\t\t\t\n\t\t<div class=\"wd-image text-center\">\n\t\t\t\t\t\t\t\t<img loading=\"lazy\" decoding=\"async\" width=\"1000\" height=\"667\" src=\"https:\/\/www.derbedrosian.nl\/wp-content\/uploads\/verblijfsvergunning-kennismigrant.jpg\" class=\"attachment-full size-full\" alt=\"Oturma izni bilgisi g\u00f6\u00e7men\" srcset=\"https:\/\/www.derbedrosian.nl\/wp-content\/uploads\/verblijfsvergunning-kennismigrant.jpg 1000w, https:\/\/www.derbedrosian.nl\/wp-content\/uploads\/verblijfsvergunning-kennismigrant-400x267.jpg 400w, https:\/\/www.derbedrosian.nl\/wp-content\/uploads\/verblijfsvergunning-kennismigrant-768x512.jpg 768w\" sizes=\"auto, (max-width: 1000px) 100vw, 1000px\" title=\"\">\t\t\t\t\t<\/div>\n\n\t\t\t\t\t\t<\/div>\n\t\t\t\t<\/div>\n\t\t\t\t<div class=\"elementor-element elementor-element-900f7aa elementor-hidden-desktop elementor-hidden-tablet elementor-hidden-mobile elementor-widget elementor-widget-heading\" data-id=\"900f7aa\" data-element_type=\"widget\" data-e-type=\"widget\" id=\"seo-word\" data-widget_type=\"heading.default\">\n\t\t\t\t<div class=\"elementor-widget-container\">\n\t\t\t\t\t<h2 class=\"elementor-heading-title elementor-size-default\">oturma i\u0307zni\u0307 ba\u015fvurusu avukat<\/h2>\t\t\t\t<\/div>\n\t\t\t\t<\/div>\n\t\t\t\t<div class=\"elementor-element elementor-element-df1eaaa elementor-hidden-desktop elementor-hidden-tablet elementor-hidden-mobile elementor-widget elementor-widget-heading\" data-id=\"df1eaaa\" data-element_type=\"widget\" data-e-type=\"widget\" id=\"seo-word\" data-widget_type=\"heading.default\">\n\t\t\t\t<div class=\"elementor-widget-container\">\n\t\t\t\t\t<h5 class=\"elementor-heading-title elementor-size-default\">oturma i\u0307zni\u0307 yeni\u0307leme avukati<\/h5>\t\t\t\t<\/div>\n\t\t\t\t<\/div>\n\t\t\t\t<div class=\"elementor-element elementor-element-44278cb elementor-hidden-desktop elementor-hidden-tablet elementor-hidden-mobile elementor-widget elementor-widget-heading\" data-id=\"44278cb\" data-element_type=\"widget\" data-e-type=\"widget\" id=\"seo-word\" data-widget_type=\"heading.default\">\n\t\t\t\t<div class=\"elementor-widget-container\">\n\t\t\t\t\t<h5 class=\"elementor-heading-title elementor-size-default\">dai\u0307mi\u0307 oturma i\u0307zni\u0307 avukati<\/h5>\t\t\t\t<\/div>\n\t\t\t\t<\/div>\n\t\t\t\t<div class=\"elementor-element elementor-element-6bb0f5b elementor-hidden-desktop elementor-hidden-tablet elementor-hidden-mobile elementor-widget elementor-widget-heading\" data-id=\"6bb0f5b\" data-element_type=\"widget\" data-e-type=\"widget\" id=\"seo-word\" data-widget_type=\"heading.default\">\n\t\t\t\t<div class=\"elementor-widget-container\">\n\t\t\t\t\t<h5 class=\"elementor-heading-title elementor-size-default\">vas\u0131fl\u0131 g\u00f6\u00e7men vizesi<\/h5>\t\t\t\t<\/div>\n\t\t\t\t<\/div>\n\t\t\t\t<div class=\"elementor-element elementor-element-e236d03 elementor-hidden-desktop elementor-hidden-tablet elementor-hidden-mobile elementor-widget elementor-widget-heading\" data-id=\"e236d03\" data-element_type=\"widget\" data-e-type=\"widget\" id=\"seo-word\" data-widget_type=\"heading.default\">\n\t\t\t\t<div class=\"elementor-widget-container\">\n\t\t\t\t\t<h5 class=\"elementor-heading-title elementor-size-default\">Bilgi g\u00f6\u00e7meni maa\u015f\u0131 2023<\/h5>\t\t\t\t<\/div>\n\t\t\t\t<\/div>\n\t\t\t\t<div class=\"elementor-element elementor-element-0bd94f3 elementor-hidden-desktop elementor-hidden-tablet elementor-hidden-mobile elementor-widget elementor-widget-heading\" data-id=\"0bd94f3\" data-element_type=\"widget\" data-e-type=\"widget\" id=\"seo-word\" data-widget_type=\"heading.default\">\n\t\t\t\t<div class=\"elementor-widget-container\">\n\t\t\t\t\t<h5 class=\"elementor-heading-title elementor-size-default\">ge\u00e7erlili\u011fi olan \u00e7al\u0131\u015fma iznini ekleyiniz<\/h5>\t\t\t\t<\/div>\n\t\t\t\t<\/div>\n\t\t\t\t<div class=\"elementor-element elementor-element-51caa46 elementor-hidden-desktop elementor-hidden-tablet elementor-hidden-mobile elementor-widget elementor-widget-heading\" data-id=\"51caa46\" data-element_type=\"widget\" data-e-type=\"widget\" id=\"seo-word\" data-widget_type=\"heading.default\">\n\t\t\t\t<div class=\"elementor-widget-container\">\n\t\t\t\t\t<h5 class=\"elementor-heading-title elementor-size-default\">g\u00f6\u00e7menli\u0307k hukuku avukati enschede<\/h5>\t\t\t\t<\/div>\n\t\t\t\t<\/div>\n\t\t\t\t<div class=\"elementor-element elementor-element-5cc258e elementor-hidden-desktop elementor-hidden-tablet elementor-hidden-mobile elementor-widget elementor-widget-heading\" data-id=\"5cc258e\" data-element_type=\"widget\" data-e-type=\"widget\" id=\"seo-word\" data-widget_type=\"heading.default\">\n\t\t\t\t<div class=\"elementor-widget-container\">\n\t\t\t\t\t<h5 class=\"elementor-heading-title elementor-size-default\">G\u00f6\u00e7menlik Hukuku Avukat\u0131 Overijssel<\/h5>\t\t\t\t<\/div>\n\t\t\t\t<\/div>\n\t\t\t\t<div class=\"elementor-element elementor-element-80f4509 elementor-hidden-desktop elementor-hidden-tablet elementor-hidden-mobile elementor-widget elementor-widget-heading\" data-id=\"80f4509\" data-element_type=\"widget\" data-e-type=\"widget\" id=\"seo-word\" data-widget_type=\"heading.default\">\n\t\t\t\t<div class=\"elementor-widget-container\">\n\t\t\t\t\t<h5 class=\"elementor-heading-title elementor-size-default\">yabancilar yasasi enschede<\/h5>\t\t\t\t<\/div>\n\t\t\t\t<\/div>\n\t\t\t\t<div class=\"elementor-element elementor-element-9627050 elementor-hidden-desktop elementor-hidden-tablet elementor-hidden-mobile elementor-widget elementor-widget-heading\" data-id=\"9627050\" data-element_type=\"widget\" data-e-type=\"widget\" id=\"seo-word\" data-widget_type=\"heading.default\">\n\t\t\t\t<div class=\"elementor-widget-container\">\n\t\t\t\t\t<h5 class=\"elementor-heading-title elementor-size-default\">avukat enschede yabancilar hukuku<\/h5>\t\t\t\t<\/div>\n\t\t\t\t<\/div>\n\t\t\t\t<div class=\"elementor-element elementor-element-3659afb elementor-hidden-desktop elementor-hidden-tablet elementor-hidden-mobile elementor-widget elementor-widget-heading\" data-id=\"3659afb\" data-element_type=\"widget\" data-e-type=\"widget\" id=\"seo-word\" data-widget_type=\"heading.default\">\n\t\t\t\t<div class=\"elementor-widget-container\">\n\t\t\t\t\t<h5 class=\"elementor-heading-title elementor-size-default\">G\u00f6nderdi\u011finiz belgeler bu bilgilerin ge\u00e7erlili\u011fine yard\u0131mc\u0131 oldu, bize bildirin <\/h5>\t\t\t\t<\/div>\n\t\t\t\t<\/div>\n\t\t\t\t<div class=\"elementor-element elementor-element-e7e0043 elementor-hidden-desktop elementor-hidden-tablet elementor-hidden-mobile elementor-widget elementor-widget-heading\" data-id=\"e7e0043\" data-element_type=\"widget\" data-e-type=\"widget\" id=\"seo-word\" data-widget_type=\"heading.default\">\n\t\t\t\t<div class=\"elementor-widget-container\">\n\t\t\t\t\t<h5 class=\"elementor-heading-title elementor-size-default\">Oturma izninin, \u00f6zellikle de daimi oturma izninin uzat\u0131lmas\u0131, g\u00f6\u00e7menlik hukukunda \u00f6nemli bir ad\u0131md\u0131r. Hollanda'da ge\u00e7ici bir izne dayal\u0131 olarak ikamet ediyorsan\u0131z ve ikamet stat\u00fcn\u00fcz\u00fc uzatmak veya daimi ikamet izni i\u00e7in ba\u015fvurmak istiyorsan\u0131z, Enschede ve Overijssel'deki Derbedrosian Vreemdelingenrecht Advocaten'de uzman bir g\u00f6\u00e7menlik avukat\u0131ndan hukuki yard\u0131m almak \u00e7ok de\u011ferli olabilir.\n\nVas\u0131fl\u0131 g\u00f6\u00e7men vizesi, Hollanda'da \u00e7al\u0131\u015fmak isteyen y\u00fcksek vas\u0131fl\u0131 i\u015f\u00e7iler i\u00e7in bir se\u00e7enek olabilir. Bu vizenin kar\u015f\u0131lanmas\u0131 gereken belirli ko\u015fullar\u0131 ve gereksinimleri vard\u0131r.\n\nG\u00f6\u00e7menlik avukatlar\u0131m\u0131z bu prosed\u00fcrlerin karma\u015f\u0131kl\u0131\u011f\u0131n\u0131 anlamaktad\u0131r ve oturma izninizi uzatma, daimi oturma izni ba\u015fvurusu yapma veya bilgi g\u00f6\u00e7men vizesi alma konular\u0131nda size tavsiyelerde bulunmaya ve rehberlik etmeye haz\u0131rd\u0131r. Ba\u015fvurunuzun t\u00fcm yasal gereklilikleri kar\u015f\u0131lamas\u0131n\u0131 ve s\u00fcre\u00e7 boyunca haklar\u0131n\u0131z\u0131n korunmas\u0131n\u0131 sa\u011fl\u0131yoruz.\n\nOturma izninizin uzat\u0131lmas\u0131, s\u00fcresiz oturma izni ba\u015fvurusu veya di\u011fer g\u00f6\u00e7menlik hukuku konular\u0131 hakk\u0131nda sorular\u0131n\u0131z varsa, Derbedrosian G\u00f6\u00e7menlik Avukatlar\u0131 ile ileti\u015fime ge\u00e7mekten \u00e7ekinmeyin. Size yard\u0131mc\u0131 olmaya ve Hollanda'daki ikamet durumunuzun uygun \u015fekilde d\u00fczenlenmesini sa\u011flamaya haz\u0131r\u0131z.<\/h5>\t\t\t\t<\/div>\n\t\t\t\t<\/div>\n\t\t\t\t<div class=\"elementor-element elementor-element-5ff9cb8 color-scheme-inherit text-left elementor-widget elementor-widget-text-editor\" data-id=\"5ff9cb8\" data-element_type=\"widget\" data-e-type=\"widget\" data-widget_type=\"text-editor.default\">\n\t\t\t\t<div class=\"elementor-widget-container\">\n\t\t\t\t\t\t\t\t\t<p><strong>Bilgi G\u00f6\u00e7meni Oturma \u0130zni i\u00e7in ba\u015fvurman\u0131za yard\u0131mc\u0131 olabilecek bir avukat m\u0131 ar\u0131yorsunuz? Der Bedrosian Hukuk B\u00fcrosu, g\u00f6\u00e7menlik hukuku alan\u0131nda geni\u015f deneyime sahip avukatlara sahiptir ve bu nedenle davan\u0131zda size yard\u0131mc\u0131 olabilir.<\/strong><\/p>\t\t\t\t\t\t\t\t<\/div>\n\t\t\t\t<\/div>\n\t\t\t\t<div class=\"elementor-element elementor-element-c7347a5 elementor-widget elementor-widget-spacer\" data-id=\"c7347a5\" data-element_type=\"widget\" data-e-type=\"widget\" data-widget_type=\"spacer.default\">\n\t\t\t\t<div class=\"elementor-widget-container\">\n\t\t\t\t\t\t\t<div class=\"elementor-spacer\">\n\t\t\t<div class=\"elementor-spacer-inner\"><\/div>\n\t\t<\/div>\n\t\t\t\t\t\t<\/div>\n\t\t\t\t<\/div>\n\t\t\t\t<div class=\"elementor-element elementor-element-d75d389 elementor-widget elementor-widget-heading\" data-id=\"d75d389\" data-element_type=\"widget\" data-e-type=\"widget\" data-widget_type=\"heading.default\">\n\t\t\t\t<div class=\"elementor-widget-container\">\n\t\t\t\t\t<h3 class=\"elementor-heading-title elementor-size-default\">Bilgi g\u00f6\u00e7meni kapsam\u0131na ne girer?<\/h3>\t\t\t\t<\/div>\n\t\t\t\t<\/div>\n\t\t\t\t<div class=\"elementor-element elementor-element-b5874b7 color-scheme-inherit text-left elementor-widget elementor-widget-text-editor\" data-id=\"b5874b7\" data-element_type=\"widget\" data-e-type=\"widget\" data-widget_type=\"text-editor.default\">\n\t\t\t\t<div class=\"elementor-widget-container\">\n\t\t\t\t\t\t\t\t\t<p>G\u00fcn\u00fcm\u00fcz i\u015f piyasas\u0131nda, Hollanda \u015firketleri i\u00e7in bilgi g\u00f6\u00e7menlerini i\u015fe almak \u00e7ok cazip hale gelmi\u015ftir. Bunlar, Avrupa d\u0131\u015f\u0131ndan gelen ve \u00f6rne\u011fin Hollanda'ya \u00e7al\u0131\u015fmak i\u00e7in gelmek isteyen y\u00fcksek e\u011fitimli ki\u015filerdir. Bilim adamlar\u0131, ara\u015ft\u0131rmac\u0131lar ve \u00f6\u011fretim g\u00f6revlileri gibi. Ancak burada \u00e7al\u0131\u015fabilmeleri i\u00e7in \u00f6zel bir \u00e7al\u0131\u015fma iznine ihtiya\u00e7lar\u0131 vard\u0131r. Buna \u2018bilgi g\u00f6\u00e7meni olarak \u00e7al\u0131\u015fma izni\u2019 diyoruz.\u00a0Bu s\u00fcre\u00e7te yer alan t\u00fcm i\u015flemler, bilgi g\u00f6\u00e7\u00fc olarak adland\u0131r\u0131l\u0131r.<\/p>\t\t\t\t\t\t\t\t<\/div>\n\t\t\t\t<\/div>\n\t\t\t\t<div class=\"elementor-element elementor-element-7d41da8 elementor-widget elementor-widget-spacer\" data-id=\"7d41da8\" data-element_type=\"widget\" data-e-type=\"widget\" data-widget_type=\"spacer.default\">\n\t\t\t\t<div class=\"elementor-widget-container\">\n\t\t\t\t\t\t\t<div class=\"elementor-spacer\">\n\t\t\t<div class=\"elementor-spacer-inner\"><\/div>\n\t\t<\/div>\n\t\t\t\t\t\t<\/div>\n\t\t\t\t<\/div>\n\t\t\t\t<div class=\"elementor-element elementor-element-061b7a3 elementor-widget elementor-widget-heading\" data-id=\"061b7a3\" data-element_type=\"widget\" data-e-type=\"widget\" data-widget_type=\"heading.default\">\n\t\t\t\t<div class=\"elementor-widget-container\">\n\t\t\t\t\t<h3 class=\"elementor-heading-title elementor-size-default\">Bir bilgi g\u00f6\u00e7meni asgari olarak ne kadar kazanmal\u0131d\u0131r?<\/h3>\t\t\t\t<\/div>\n\t\t\t\t<\/div>\n\t\t\t\t<div class=\"elementor-element elementor-element-88f4e70 color-scheme-inherit text-left elementor-widget elementor-widget-text-editor\" data-id=\"88f4e70\" data-element_type=\"widget\" data-e-type=\"widget\" data-widget_type=\"text-editor.default\">\n\t\t\t\t<div class=\"elementor-widget-container\">\n\t\t\t\t\t\t\t\t\t<p>1 Ocak 2022 tarihinden itibaren, y\u00fcksek vas\u0131fl\u0131 g\u00f6\u00e7menler i\u00e7in oturma izni ko\u015fullar\u0131n\u0131n ya\u015f ve gelire g\u00f6re farkl\u0131l\u0131k g\u00f6sterdi\u011fini bilmek \u00f6nemlidir. 30 ya\u015f\u0131ndan k\u00fc\u00e7\u00fckseniz, mezuniyetten sonraki ilk \u00fc\u00e7 y\u0131l boyunca ayl\u0131k 2.543 \u20ac'luk bir maa\u015f e\u015fi\u011fi ge\u00e7erlidir, bu da y\u0131ll\u0131k br\u00fct maa\u015f\u0131n 30.516 \u20ac oldu\u011fu anlam\u0131na gelir. 30 ya\u015f ve \u00fczerindeyseniz, ayl\u0131k br\u00fct maa\u015f\u0131n\u0131z 4.840 \u20ac olmal\u0131d\u0131r, bu da y\u0131ll\u0131k br\u00fct maa\u015f\u0131n\u0131z\u0131n en az 58.080 \u20ac olmas\u0131 anlam\u0131na gelir.<\/p><p>L\u00fctfen dikkat, bu tutarlar 8% tatil \u00f6dene\u011fi hari\u00e7tir.<\/p>\t\t\t\t\t\t\t\t<\/div>\n\t\t\t\t<\/div>\n\t\t\t\t<div class=\"elementor-element elementor-element-a2c362b elementor-widget elementor-widget-spacer\" data-id=\"a2c362b\" data-element_type=\"widget\" data-e-type=\"widget\" data-widget_type=\"spacer.default\">\n\t\t\t\t<div class=\"elementor-widget-container\">\n\t\t\t\t\t\t\t<div class=\"elementor-spacer\">\n\t\t\t<div class=\"elementor-spacer-inner\"><\/div>\n\t\t<\/div>\n\t\t\t\t\t\t<\/div>\n\t\t\t\t<\/div>\n\t\t\t\t<div class=\"elementor-element elementor-element-e416ba5 elementor-widget elementor-widget-heading\" data-id=\"e416ba5\" data-element_type=\"widget\" data-e-type=\"widget\" data-widget_type=\"heading.default\">\n\t\t\t\t<div class=\"elementor-widget-container\">\n\t\t\t\t\t<h3 class=\"elementor-heading-title elementor-size-default\">Bilgi g\u00f6\u00e7meni olarak Hollanda'da ne kadar kalabilirsiniz?<\/h3>\t\t\t\t<\/div>\n\t\t\t\t<\/div>\n\t\t\t\t<div class=\"elementor-element elementor-element-91ad552 color-scheme-inherit text-left elementor-widget elementor-widget-text-editor\" data-id=\"91ad552\" data-element_type=\"widget\" data-e-type=\"widget\" data-widget_type=\"text-editor.default\">\n\t\t\t\t<div class=\"elementor-widget-container\">\n\t\t\t\t\t\t\t\t\t<p>Hollanda'da y\u00fcksek vas\u0131fl\u0131 bir g\u00f6\u00e7men olarak bulundu\u011funuzda, prensip olarak Hollanda'da en fazla be\u015f y\u0131l kalman\u0131za izin verilir. Ko\u015fullar\u0131 hala kar\u015f\u0131l\u0131yorsan\u0131z bu s\u00fcre uzat\u0131labilir. Bilgi g\u00f6\u00e7men program\u0131ndan sonra Hollanda'da daha uzun s\u00fcre kalmak istiyorsan\u0131z, ba\u015fka bir oturma izni i\u00e7in ba\u015fvurman\u0131z veya Hollanda vatanda\u015f\u0131 olmay\u0131 d\u00fc\u015f\u00fcnmeniz gerekebilir. Durumunuz hakk\u0131nda bilgi ve rehberlik i\u00e7in avukatlar\u0131m\u0131zdan biriyle ileti\u015fime ge\u00e7meniz tavsiye edilir.<\/p>\t\t\t\t\t\t\t\t<\/div>\n\t\t\t\t<\/div>\n\t\t\t\t<div class=\"elementor-element elementor-element-343f1e8 elementor-widget elementor-widget-spacer\" data-id=\"343f1e8\" data-element_type=\"widget\" data-e-type=\"widget\" data-widget_type=\"spacer.default\">\n\t\t\t\t<div class=\"elementor-widget-container\">\n\t\t\t\t\t\t\t<div class=\"elementor-spacer\">\n\t\t\t<div class=\"elementor-spacer-inner\"><\/div>\n\t\t<\/div>\n\t\t\t\t\t\t<\/div>\n\t\t\t\t<\/div>\n\t\t\t\t<div class=\"elementor-element elementor-element-a5bddba elementor-widget elementor-widget-heading\" data-id=\"a5bddba\" data-element_type=\"widget\" data-e-type=\"widget\" data-widget_type=\"heading.default\">\n\t\t\t\t<div class=\"elementor-widget-container\">\n\t\t\t\t\t<h3 class=\"elementor-heading-title elementor-size-default\">Y\u00fcksek vas\u0131fl\u0131 g\u00f6\u00e7menler i\u00e7in oturma izni ko\u015fullar\u0131<\/h3>\t\t\t\t<\/div>\n\t\t\t\t<\/div>\n\t\t\t\t<div class=\"elementor-element elementor-element-9c11f63 color-scheme-inherit text-left elementor-widget elementor-widget-text-editor\" data-id=\"9c11f63\" data-element_type=\"widget\" data-e-type=\"widget\" data-widget_type=\"text-editor.default\">\n\t\t\t\t<div class=\"elementor-widget-container\">\n\t\t\t\t\t\t\t\t\t<p>Bilgi g\u00f6\u00e7menleri i\u00e7in oturma iznine ba\u015fvurmak i\u00e7in \u00f6ncelikle a\u015fa\u011f\u0131da listelenen ko\u015fullar\u0131 kar\u015f\u0131laman\u0131z gerekir:<\/p><ul><li><strong>Id:<\/strong> kendinizi tan\u0131tmak i\u00e7in ge\u00e7erli bir seyahat belgeniz, pasaportunuz veya kimlik kart\u0131n\u0131z varsa.<\/li><li><strong>Konut:<\/strong> \u00e7o\u011funlukla Hollanda'da ya\u015f\u0131yor ve zaman\u0131n\u0131z\u0131n \u00e7o\u011funu orada ge\u00e7iriyorsunuz.<\/li><li><strong>Tehlike:<\/strong> \u00f6rne\u011fin ge\u00e7mi\u015fte bir su\u00e7 i\u015flemi\u015f olman\u0131z nedeniyle kamu d\u00fczeni veya ulusal g\u00fcvenlik i\u00e7in tehlike olu\u015fturmaman\u0131z.<\/li><li><strong>Ge\u00e7erli oturma izni:<\/strong> Halihaz\u0131rda yenilenebilir ge\u00e7erli bir oturma iznine sahipseniz. Mevcut oturma izniniz de yanl\u0131\u015f bilgi i\u00e7ermemelidir.<\/li><\/ul>\t\t\t\t\t\t\t\t<\/div>\n\t\t\t\t<\/div>\n\t\t\t\t<div class=\"elementor-element elementor-element-e02016e elementor-widget elementor-widget-spacer\" data-id=\"e02016e\" data-element_type=\"widget\" data-e-type=\"widget\" data-widget_type=\"spacer.default\">\n\t\t\t\t<div class=\"elementor-widget-container\">\n\t\t\t\t\t\t\t<div class=\"elementor-spacer\">\n\t\t\t<div class=\"elementor-spacer-inner\"><\/div>\n\t\t<\/div>\n\t\t\t\t\t\t<\/div>\n\t\t\t\t<\/div>\n\t\t\t\t<div class=\"elementor-element elementor-element-0cc72d8 elementor-widget elementor-widget-heading\" data-id=\"0cc72d8\" data-element_type=\"widget\" data-e-type=\"widget\" data-widget_type=\"heading.default\">\n\t\t\t\t<div class=\"elementor-widget-container\">\n\t\t\t\t\t<h3 class=\"elementor-heading-title elementor-size-default\">Ko\u015fullara g\u00f6re bir bilgi g\u00f6\u00e7meninin neleri kar\u015f\u0131lamas\u0131 gerekir?<\/h3>\t\t\t\t<\/div>\n\t\t\t\t<\/div>\n\t\t\t\t<div class=\"elementor-element elementor-element-525ed33 color-scheme-inherit text-left elementor-widget elementor-widget-text-editor\" data-id=\"525ed33\" data-element_type=\"widget\" data-e-type=\"widget\" data-widget_type=\"text-editor.default\">\n\t\t\t\t<div class=\"elementor-widget-container\">\n\t\t\t\t\t\t\t\t\t<p>Standart h\u00fck\u00fcm ve ko\u015fullar\u0131n yan\u0131 s\u0131ra, sizin ve i\u015fvereniniz i\u00e7in ge\u00e7erli olan \u00f6zel h\u00fck\u00fcm ve ko\u015fullar da vard\u0131r:<\/p><ul><li><strong>\u0130\u015f s\u00f6zle\u015fmesi:<\/strong> Hollanda'da bir i\u015fveren veya ara\u015ft\u0131rma kurumu ile i\u015f s\u00f6zle\u015fmeniz var.<\/li><li><strong>Onayl\u0131 i\u015fveren:<\/strong> Olumsuz bir karardan ka\u00e7\u0131nmak i\u00e7in i\u015fvereninizin G\u00f6\u00e7menlik ve Vatanda\u015fl\u0131k Servisi (IND) taraf\u0131ndan tan\u0131nmas\u0131 gerekir, ancak T\u00fcrk vatanda\u015fl\u0131\u011f\u0131na sahip de\u011filseniz. Bu durumda ba\u015fvuruyu kendiniz yapabilirsiniz.<\/li><li><strong>B\u00dcY\u00dcK kay\u0131t<\/strong>: Bireysel sa\u011fl\u0131k hizmetlerinde \u00e7al\u0131\u015fmak istiyorsan\u0131z, BIG siciline kay\u0131tl\u0131 olman\u0131z gerekir. Bu kay\u0131t, i\u015fvereninizin yabanc\u0131 diplomaya sahip bir sa\u011fl\u0131k hizmeti sa\u011flay\u0131c\u0131s\u0131n\u0131n ba\u011f\u0131ms\u0131z olarak \u00e7al\u0131\u015fmas\u0131na izin vermesini sa\u011flar<\/li><\/ul>\t\t\t\t\t\t\t\t<\/div>\n\t\t\t\t<\/div>\n\t\t\t\t<div class=\"elementor-element elementor-element-8bd9ba0 elementor-widget elementor-widget-spacer\" data-id=\"8bd9ba0\" data-element_type=\"widget\" data-e-type=\"widget\" data-widget_type=\"spacer.default\">\n\t\t\t\t<div class=\"elementor-widget-container\">\n\t\t\t\t\t\t\t<div class=\"elementor-spacer\">\n\t\t\t<div class=\"elementor-spacer-inner\"><\/div>\n\t\t<\/div>\n\t\t\t\t\t\t<\/div>\n\t\t\t\t<\/div>\n\t\t\t\t<div class=\"elementor-element elementor-element-141cc68 elementor-widget elementor-widget-heading\" data-id=\"141cc68\" data-element_type=\"widget\" data-e-type=\"widget\" data-widget_type=\"heading.default\">\n\t\t\t\t<div class=\"elementor-widget-container\">\n\t\t\t\t\t<h3 class=\"elementor-heading-title elementor-size-default\">G\u00f6\u00e7men ikamet izni prosed\u00fcr\u00fc hakk\u0131nda bilgi<\/h3>\t\t\t\t<\/div>\n\t\t\t\t<\/div>\n\t\t\t\t<div class=\"elementor-element elementor-element-0f42503 color-scheme-inherit text-left elementor-widget elementor-widget-text-editor\" data-id=\"0f42503\" data-element_type=\"widget\" data-e-type=\"widget\" data-widget_type=\"text-editor.default\">\n\t\t\t\t<div class=\"elementor-widget-container\">\n\t\t\t\t\t\t\t\t\t<p>Nihayetinde oturma izninizi almak i\u00e7in atman\u0131z gereken bir dizi ad\u0131m vard\u0131r. Bu ad\u0131mlar\u0131 a\u015fa\u011f\u0131da s\u0131ralad\u0131k.<\/p><ul><li><span style=\"font-size: 17.6px;\"><b>Hangi belgeleri g\u00f6nderiyorsunuz?<\/b><\/span><b>:<\/b> Hangi belgelerin gerekli oldu\u011funu kontrol edin ve e\u011fitim kurumu ba\u015fvuruyu g\u00f6ndermeden \u00f6nce bunlar\u0131 toplay\u0131n. Herhangi bir gecikmeyi \u00f6nlemek i\u00e7in resmi yabanc\u0131 belgelerin yasalla\u015ft\u0131r\u0131ld\u0131\u011f\u0131ndan ve Hollandaca'ya \u00e7evrildi\u011finden emin olun.<\/li><li><strong>Ba\u015fvuru g\u00f6nderin:<\/strong>\u00a0Oturma izni ba\u015fvurunuzu G\u00f6\u00e7menlik ve Vatanda\u015fl\u0131\u011fa Kabul Servisi'ne (IND) yapars\u0131n\u0131z.<\/li><li><strong>\u00d6deme:<\/strong>\u00a0y\u00fcksek vas\u0131fl\u0131 bir g\u00f6\u00e7men olarak oturma izni i\u00e7in normal ba\u015fvuru \u00fccretini \u00f6dersiniz. Bu \u00fccret 350 Avro'dur<\/li><li><strong>IND karar\u0131:<\/strong>\u00a0IND'nin karar vermek i\u00e7in 90 g\u00fcn\u00fc vard\u0131r. Baz\u0131 durumlarda, \u00f6rne\u011fin ba\u015fvuru tamamlanmam\u0131\u015fsa, karar daha uzun s\u00fcrebilir. Olumlu veya olumsuz olabilen karar\u0131 i\u00e7eren bir mektup alacaks\u0131n\u0131z. Olumlu bir karar durumunda, 'g\u00f6\u00e7men bilgisi ikamet izni' alacaks\u0131n\u0131z. Olumsuz bir karar durumunda, IND'nin karar\u0131na itiraz etme olana\u011f\u0131n\u0131z vard\u0131r.<\/li><li><strong>Oturma izninin al\u0131nmas\u0131:<\/strong>\u00a0IND'nin karar\u0131 olumluysa, oturma izni IND masas\u0131nda haz\u0131r oldu\u011funda bir bildirim alacaks\u0131n\u0131z. Teslim alma i\u015flemi sadece randevu ile yap\u0131labilir.<\/li><\/ul>\t\t\t\t\t\t\t\t<\/div>\n\t\t\t\t<\/div>\n\t\t\t\t<div class=\"elementor-element elementor-element-b422f5c elementor-widget elementor-widget-spacer\" data-id=\"b422f5c\" data-element_type=\"widget\" data-e-type=\"widget\" data-widget_type=\"spacer.default\">\n\t\t\t\t<div class=\"elementor-widget-container\">\n\t\t\t\t\t\t\t<div class=\"elementor-spacer\">\n\t\t\t<div class=\"elementor-spacer-inner\"><\/div>\n\t\t<\/div>\n\t\t\t\t\t\t<\/div>\n\t\t\t\t<\/div>\n\t\t\t\t<div class=\"elementor-element elementor-element-1c0f48c elementor-widget elementor-widget-heading\" data-id=\"1c0f48c\" data-element_type=\"widget\" data-e-type=\"widget\" data-widget_type=\"heading.default\">\n\t\t\t\t<div class=\"elementor-widget-container\">\n\t\t\t\t\t<h3 class=\"elementor-heading-title elementor-size-default\">Oturma izni bilgisi g\u00f6\u00e7men avukat<\/h3>\t\t\t\t<\/div>\n\t\t\t\t<\/div>\n\t\t\t\t<div class=\"elementor-element elementor-element-6bdaafc color-scheme-inherit text-left elementor-widget elementor-widget-text-editor\" data-id=\"6bdaafc\" data-element_type=\"widget\" data-e-type=\"widget\" data-widget_type=\"text-editor.default\">\n\t\t\t\t<div class=\"elementor-widget-container\">\n\t\t\t\t\t\t\t\t\t<p>Prosed\u00fcrdeki t\u00fcm bu kurallar, ko\u015fullar ve ad\u0131mlar \u00e7ok zaman al\u0131c\u0131 olabilir.<\/p><p>Bu nedenle, her zaman deneyimli bir avukattan yard\u0131m alman\u0131z tavsiye edilir. Der Bedrosian hukuk b\u00fcrosunda, g\u00f6\u00e7menlik hukuku konusunda geni\u015f deneyime sahip uzman avukatlar\u0131m\u0131z bulunmaktad\u0131r ve bu nedenle bilgi g\u00f6\u00e7menleri i\u00e7in oturma izni ba\u015fvurusunda size daha fazla yard\u0131mc\u0131 olabiliriz.<\/p><p>Bu nedenle, size rehberlik etmek ve dan\u0131\u015fmanl\u0131k hizmeti sunmak i\u00e7in haz\u0131r olan avukatlar\u0131m\u0131zdan biriyle g\u00f6r\u00fc\u015fmek i\u00e7in l\u00fctfen bizimle ileti\u015fime ge\u00e7in.<\/p>\t\t\t\t\t\t\t\t<\/div>\n\t\t\t\t<\/div>\n\t\t\t\t\t<\/div>\n\t\t\t\t<\/div>\n\t\t<div class=\"wd-negative-gap elementor-element elementor-element-f08288c e-flex e-con-boxed e-con e-parent\" data-id=\"f08288c\" data-element_type=\"container\" data-e-type=\"container\">\n\t\t\t\t\t<div class=\"e-con-inner\">\n\t\t\t\t\t<\/div>\n\t\t\t\t<\/div>\n\t\t\t\t<\/div>","protected":false},"excerpt":{"rendered":"<p>oturma izni ba\u015fvurusu avukat oturma izni uzatma avukat s\u00fcresiz oturma izni avukat nitelikli g\u00f6\u00e7men vizesi nitelikli g\u00f6\u00e7men maa\u015f\u0131 2023 ge\u00e7erlilik \u00e7al\u0131\u015fma izni<\/p>","protected":false},"author":1,"featured_media":0,"parent":10627,"menu_order":0,"comment_status":"closed","ping_status":"closed","template":"","meta":{"footnotes":""},"class_list":["post-10702","page","type-page","status-publish","hentry"],"_links":{"self":[{"href":"https:\/\/www.derbedrosian.nl\/tr\/wp-json\/wp\/v2\/pages\/10702","targetHints":{"allow":["GET"]}}],"collection":[{"href":"https:\/\/www.derbedrosian.nl\/tr\/wp-json\/wp\/v2\/pages"}],"about":[{"href":"https:\/\/www.derbedrosian.nl\/tr\/wp-json\/wp\/v2\/types\/page"}],"author":[{"embeddable":true,"href":"https:\/\/www.derbedrosian.nl\/tr\/wp-json\/wp\/v2\/users\/1"}],"replies":[{"embeddable":true,"href":"https:\/\/www.derbedrosian.nl\/tr\/wp-json\/wp\/v2\/comments?post=10702"}],"version-history":[{"count":0,"href":"https:\/\/www.derbedrosian.nl\/tr\/wp-json\/wp\/v2\/pages\/10702\/revisions"}],"up":[{"embeddable":true,"href":"https:\/\/www.derbedrosian.nl\/tr\/wp-json\/wp\/v2\/pages\/10627"}],"wp:attachment":[{"href":"https:\/\/www.derbedrosian.nl\/tr\/wp-json\/wp\/v2\/media?parent=10702"}],"curies":[{"name":"wp","href":"https:\/\/api.w.org\/{rel}","templated":true}]}}