{"id":10677,"date":"2023-05-26T15:48:18","date_gmt":"2023-05-26T13:48:18","guid":{"rendered":"https:\/\/derbedrosian.nl\/?page_id=10677"},"modified":"2025-12-21T15:58:40","modified_gmt":"2025-12-21T13:58:40","slug":"istenmeyen-beyan","status":"publish","type":"page","link":"https:\/\/www.derbedrosian.nl\/tr\/rechtsgebieden\/vreemdelingenrecht\/ongewenstverklaring\/","title":{"rendered":"\u0130stenmeyen ifade"},"content":{"rendered":"<div data-elementor-type=\"wp-page\" data-elementor-id=\"10677\" class=\"elementor elementor-10677\" data-elementor-post-type=\"page\">\n\t\t\t\t<div class=\"wd-negative-gap elementor-element elementor-element-76dd1dd e-flex e-con-boxed e-con e-parent\" data-id=\"76dd1dd\" data-element_type=\"container\" data-e-type=\"container\">\n\t\t\t\t\t<div class=\"e-con-inner\">\n\t\t\t\t<div class=\"elementor-element elementor-element-77f8a99 elementor-hidden-desktop elementor-hidden-tablet elementor-hidden-mobile elementor-widget elementor-widget-wd_image_or_svg\" data-id=\"77f8a99\" data-element_type=\"widget\" data-e-type=\"widget\" id=\"seo-word\" data-widget_type=\"wd_image_or_svg.default\">\n\t\t\t\t<div class=\"elementor-widget-container\">\n\t\t\t\t\t\n\t\t<div class=\"wd-image text-left\">\n\t\t\t\t\t\t\t\t<img loading=\"lazy\" decoding=\"async\" width=\"1000\" height=\"667\" src=\"https:\/\/www.derbedrosian.nl\/wp-content\/uploads\/rechtsgebied-ongewenstverklaring.jpg\" class=\"attachment-full size-full\" alt=\"istenmeme iptal giri\u015f yasa\u011f\u0131 avukat ikamet izni IND\" srcset=\"https:\/\/www.derbedrosian.nl\/wp-content\/uploads\/rechtsgebied-ongewenstverklaring.jpg 1000w, https:\/\/www.derbedrosian.nl\/wp-content\/uploads\/rechtsgebied-ongewenstverklaring-400x267.jpg 400w, https:\/\/www.derbedrosian.nl\/wp-content\/uploads\/rechtsgebied-ongewenstverklaring-768x512.jpg 768w\" sizes=\"auto, (max-width: 1000px) 100vw, 1000px\" title=\"\">\t\t\t\t\t<\/div>\n\n\t\t\t\t\t\t<\/div>\n\t\t\t\t<\/div>\n\t\t\t\t<div class=\"elementor-element elementor-element-82078fc elementor-hidden-desktop elementor-hidden-tablet elementor-hidden-mobile elementor-widget elementor-widget-heading\" data-id=\"82078fc\" data-element_type=\"widget\" data-e-type=\"widget\" id=\"seo-word\" data-widget_type=\"heading.default\">\n\t\t\t\t<div class=\"elementor-widget-container\">\n\t\t\t\t\t<h2 class=\"elementor-heading-title elementor-size-default\">gi\u0307ri\u0307\u015f yasa\u011fi i\u0307stenmeyen beyan<\/h2>\t\t\t\t<\/div>\n\t\t\t\t<\/div>\n\t\t\t\t<div class=\"elementor-element elementor-element-d5480f4 elementor-hidden-desktop elementor-hidden-tablet elementor-hidden-mobile elementor-widget elementor-widget-heading\" data-id=\"d5480f4\" data-element_type=\"widget\" data-e-type=\"widget\" id=\"seo-word\" data-widget_type=\"heading.default\">\n\t\t\t\t<div class=\"elementor-widget-container\">\n\t\t\t\t\t<h5 class=\"elementor-heading-title elementor-size-default\">ceza hukuku kapsam\u0131nda istenmeyen ki\u015fi ilan edilmesi<\/h5>\t\t\t\t<\/div>\n\t\t\t\t<\/div>\n\t\t\t\t<div class=\"elementor-element elementor-element-3ffba1e elementor-hidden-desktop elementor-hidden-tablet elementor-hidden-mobile elementor-widget elementor-widget-heading\" data-id=\"3ffba1e\" data-element_type=\"widget\" data-e-type=\"widget\" id=\"seo-word\" data-widget_type=\"heading.default\">\n\t\t\t\t<div class=\"elementor-widget-container\">\n\t\t\t\t\t<h5 class=\"elementor-heading-title elementor-size-default\">istenmeyen ki\u015fi ilan\u0131na ba\u015fvurmak<\/h5>\t\t\t\t<\/div>\n\t\t\t\t<\/div>\n\t\t\t\t<div class=\"elementor-element elementor-element-2ff1edd elementor-hidden-desktop elementor-hidden-tablet elementor-hidden-mobile elementor-widget elementor-widget-heading\" data-id=\"2ff1edd\" data-element_type=\"widget\" data-e-type=\"widget\" id=\"seo-word\" data-widget_type=\"heading.default\">\n\t\t\t\t<div class=\"elementor-widget-container\">\n\t\t\t\t\t<h5 class=\"elementor-heading-title elementor-size-default\">istenmeyen durumun su\u00e7 say\u0131lmas\u0131<\/h5>\t\t\t\t<\/div>\n\t\t\t\t<\/div>\n\t\t\t\t<div class=\"elementor-element elementor-element-d641bd3 elementor-hidden-desktop elementor-hidden-tablet elementor-hidden-mobile elementor-widget elementor-widget-heading\" data-id=\"d641bd3\" data-element_type=\"widget\" data-e-type=\"widget\" id=\"seo-word\" data-widget_type=\"heading.default\">\n\t\t\t\t<div class=\"elementor-widget-container\">\n\t\t\t\t\t<h5 class=\"elementor-heading-title elementor-size-default\">istenmezlik belgesi ve\/veya giri\u015f yasa\u011f\u0131 k\u0131s\u0131tlamas\u0131 i\u015fg\u00fcc\u00fc piyasas\u0131 onay\u0131 ve ge\u00e7erlilik s\u00fcresi Aral\u0131k ay\u0131ndan \u00f6nce verilen eski istenmezlik belgesinin kald\u0131r\u0131lmas\u0131<\/h5>\t\t\t\t<\/div>\n\t\t\t\t<\/div>\n\t\t\t\t<div class=\"elementor-element elementor-element-772e6ec elementor-hidden-desktop elementor-hidden-tablet elementor-hidden-mobile elementor-widget elementor-widget-heading\" data-id=\"772e6ec\" data-element_type=\"widget\" data-e-type=\"widget\" id=\"seo-word\" data-widget_type=\"heading.default\">\n\t\t\t\t<div class=\"elementor-widget-container\">\n\t\t\t\t\t<h5 class=\"elementor-heading-title elementor-size-default\">alarm verme karar\u0131n\u0131n ge\u00e7ici olarak kald\u0131r\u0131lmas\u0131na ili\u015fkin politika kurallar\u0131<\/h5>\t\t\t\t<\/div>\n\t\t\t\t<\/div>\n\t\t\t\t<div class=\"elementor-element elementor-element-c66054e elementor-hidden-desktop elementor-hidden-tablet elementor-hidden-mobile elementor-widget elementor-widget-heading\" data-id=\"c66054e\" data-element_type=\"widget\" data-e-type=\"widget\" id=\"seo-word\" data-widget_type=\"heading.default\">\n\t\t\t\t<div class=\"elementor-widget-container\">\n\t\t\t\t\t<h5 class=\"elementor-heading-title elementor-size-default\">g\u00f6\u00e7menli\u0307k hukuku avukati enschede<\/h5>\t\t\t\t<\/div>\n\t\t\t\t<\/div>\n\t\t\t\t<div class=\"elementor-element elementor-element-9ae2ef2 elementor-hidden-desktop elementor-hidden-tablet elementor-hidden-mobile elementor-widget elementor-widget-heading\" data-id=\"9ae2ef2\" data-element_type=\"widget\" data-e-type=\"widget\" id=\"seo-word\" data-widget_type=\"heading.default\">\n\t\t\t\t<div class=\"elementor-widget-container\">\n\t\t\t\t\t<h5 class=\"elementor-heading-title elementor-size-default\">G\u00f6\u00e7menlik Hukuku Avukat\u0131 Overijssel<\/h5>\t\t\t\t<\/div>\n\t\t\t\t<\/div>\n\t\t\t\t<div class=\"elementor-element elementor-element-a9cd106 elementor-hidden-desktop elementor-hidden-tablet elementor-hidden-mobile elementor-widget elementor-widget-heading\" data-id=\"a9cd106\" data-element_type=\"widget\" data-e-type=\"widget\" id=\"seo-word\" data-widget_type=\"heading.default\">\n\t\t\t\t<div class=\"elementor-widget-container\">\n\t\t\t\t\t<h5 class=\"elementor-heading-title elementor-size-default\">yabancilar yasasi enschede<\/h5>\t\t\t\t<\/div>\n\t\t\t\t<\/div>\n\t\t\t\t<div class=\"elementor-element elementor-element-6ea98cf elementor-hidden-desktop elementor-hidden-tablet elementor-hidden-mobile elementor-widget elementor-widget-heading\" data-id=\"6ea98cf\" data-element_type=\"widget\" data-e-type=\"widget\" id=\"seo-word\" data-widget_type=\"heading.default\">\n\t\t\t\t<div class=\"elementor-widget-container\">\n\t\t\t\t\t<h5 class=\"elementor-heading-title elementor-size-default\">avukat enschede yabancilar hukuku<\/h5>\t\t\t\t<\/div>\n\t\t\t\t<\/div>\n\t\t\t\t<div class=\"elementor-element elementor-element-3800064 elementor-hidden-desktop elementor-hidden-tablet elementor-hidden-mobile elementor-widget elementor-widget-heading\" data-id=\"3800064\" data-element_type=\"widget\" data-e-type=\"widget\" id=\"seo-word\" data-widget_type=\"heading.default\">\n\t\t\t\t<div class=\"elementor-widget-container\">\n\t\t\t\t\t<h5 class=\"elementor-heading-title elementor-size-default\">Enschede ve Overijssel'de Derbedrosian Immigration Lawyers'\u0131n uzman g\u00f6\u00e7menlik avukatlar\u0131na g\u00fcvenebilirsiniz. \u0130stenmeme durumunun g\u00f6\u00e7menlik hukukunda karma\u015f\u0131k bir hukuki mesele oldu\u011funun fark\u0131nday\u0131z.\n\n\u0130stenmeyen ki\u015fi ilan\u0131, bir ki\u015finin art\u0131k Hollanda'da istenmedi\u011fi anlam\u0131na gelir ve ciddi sonu\u00e7lar do\u011furabilir. Cezai su\u00e7lamalara ve di\u011fer yasal sorunlara yol a\u00e7abilir.\n\n\u0130stenmeyen ki\u015fi ilan\u0131n\u0131n kald\u0131r\u0131lmas\u0131 i\u00e7in ba\u015fvuruda bulunmak, dikkatle takip edilmesi gereken yasal bir prosed\u00fcrd\u00fcr. Bir istenmeyen ki\u015fi ilan\u0131n\u0131n ge\u00e7ici olarak kald\u0131r\u0131lmas\u0131na ili\u015fkin ilke kurallar\u0131 vard\u0131r, ancak bunlar vakan\u0131n \u00f6zel ko\u015fullar\u0131na ba\u011fl\u0131d\u0131r.\n\nEnschede'deki g\u00f6\u00e7menlik avukatlar\u0131m\u0131z, istenmeyen ki\u015fi ilanlar\u0131n\u0131 ve s\u0131n\u0131r d\u0131\u015f\u0131 edilmeleri i\u00e7in yap\u0131lan ba\u015fvurular\u0131 i\u00e7eren davalarda size tavsiyelerde bulunmaya ve rehberlik etmeye haz\u0131rd\u0131r. Bu durumlar\u0131n karma\u015f\u0131kl\u0131\u011f\u0131n\u0131 anl\u0131yoruz ve haklar\u0131n\u0131za sayg\u0131 g\u00f6sterilmesini sa\u011flamak i\u00e7in size yard\u0131mc\u0131 olaca\u011f\u0131z.\n\n\u0130stenmeyen ki\u015fi ilan\u0131yla ilgili hukuki yard\u0131ma ihtiyac\u0131n\u0131z varsa, Derbedrosian G\u00f6\u00e7menlik Avukatlar\u0131 ile ileti\u015fime ge\u00e7mekten \u00e7ekinmeyin. \u0130stenmeyen ki\u015fi ilan edilmenin sonu\u00e7lar\u0131n\u0131 en aza indirmek ve haklar\u0131n\u0131z\u0131 korumak amac\u0131yla size yard\u0131mc\u0131 olmak ve davan\u0131z\u0131 ele almak i\u00e7in buraday\u0131z.<\/h5>\t\t\t\t<\/div>\n\t\t\t\t<\/div>\n\t\t\t\t<div class=\"elementor-element elementor-element-6202735 color-scheme-inherit text-left elementor-widget elementor-widget-text-editor\" data-id=\"6202735\" data-element_type=\"widget\" data-e-type=\"widget\" data-widget_type=\"text-editor.default\">\n\t\t\t\t<div class=\"elementor-widget-container\">\n\t\t\t\t\t\t\t\t\t<p><strong>'\u0130stenmeyen Beyan' tedbiri, Hollanda'da ho\u015f kar\u015f\u0131lanmayan yabanc\u0131lara uygulan\u0131r. Bu tedbir, ceza mahkumiyetleri, ulusal g\u00fcvenlik kayg\u0131lar\u0131 veya g\u00f6\u00e7menlik yasas\u0131n\u0131n ihlali gibi \u00e7e\u015fitli nedenlerle uygulanabilir. \u0130stenmeme beyan\u0131n\u0131n amac\u0131, kamu d\u00fczeni veya ulusal g\u00fcvenlik i\u00e7in tehdit olarak g\u00f6r\u00fclen ki\u015fileri d\u0131\u015far\u0131da tutmakt\u0131r.<\/strong><\/p>\t\t\t\t\t\t\t\t<\/div>\n\t\t\t\t<\/div>\n\t\t\t\t<div class=\"elementor-element elementor-element-9371e37 elementor-widget elementor-widget-spacer\" data-id=\"9371e37\" data-element_type=\"widget\" data-e-type=\"widget\" data-widget_type=\"spacer.default\">\n\t\t\t\t<div class=\"elementor-widget-container\">\n\t\t\t\t\t\t\t<div class=\"elementor-spacer\">\n\t\t\t<div class=\"elementor-spacer-inner\"><\/div>\n\t\t<\/div>\n\t\t\t\t\t\t<\/div>\n\t\t\t\t<\/div>\n\t\t\t\t<div class=\"elementor-element elementor-element-fb5b297 elementor-widget elementor-widget-heading\" data-id=\"fb5b297\" data-element_type=\"widget\" data-e-type=\"widget\" data-widget_type=\"heading.default\">\n\t\t\t\t<div class=\"elementor-widget-container\">\n\t\t\t\t\t<h3 class=\"elementor-heading-title elementor-size-default\">\u0130stenmeme beyan\u0131 ne anlama geliyor? <\/h3>\t\t\t\t<\/div>\n\t\t\t\t<\/div>\n\t\t\t\t<div class=\"elementor-element elementor-element-e658e17 color-scheme-inherit text-left elementor-widget elementor-widget-text-editor\" data-id=\"e658e17\" data-element_type=\"widget\" data-e-type=\"widget\" data-widget_type=\"text-editor.default\">\n\t\t\t\t<div class=\"elementor-widget-container\">\n\t\t\t\t\t\t\t\t\t<p>\u0130stenmeyen beyan, Hollanda'da istenmeyen bir yabanc\u0131 oldu\u011funuza dair bir karard\u0131r. Hollanda h\u00fck\u00fcmeti sizin Hollanda'da bulunmaman\u0131z gerekti\u011fini d\u00fc\u015f\u00fcn\u00fcyor. \u0130stenmeyen ki\u015filer Hollanda'y\u0131 derhal terk etmelidir, yani art\u0131k Hollanda'da kalmalar\u0131na izin verilmez. Bu, \u00f6rne\u011fin bir su\u00e7tan h\u00fck\u00fcm giydi\u011finiz i\u00e7in olabilir. Bunlar genellikle Hollanda i\u00e7in tehlike olu\u015fturan ki\u015filerdir.<\/p>\t\t\t\t\t\t\t\t<\/div>\n\t\t\t\t<\/div>\n\t\t\t\t<div class=\"elementor-element elementor-element-cd7ba9b elementor-widget elementor-widget-spacer\" data-id=\"cd7ba9b\" data-element_type=\"widget\" data-e-type=\"widget\" data-widget_type=\"spacer.default\">\n\t\t\t\t<div class=\"elementor-widget-container\">\n\t\t\t\t\t\t\t<div class=\"elementor-spacer\">\n\t\t\t<div class=\"elementor-spacer-inner\"><\/div>\n\t\t<\/div>\n\t\t\t\t\t\t<\/div>\n\t\t\t\t<\/div>\n\t\t\t\t<div class=\"elementor-element elementor-element-7821fde elementor-widget elementor-widget-heading\" data-id=\"7821fde\" data-element_type=\"widget\" data-e-type=\"widget\" data-widget_type=\"heading.default\">\n\t\t\t\t<div class=\"elementor-widget-container\">\n\t\t\t\t\t<h3 class=\"elementor-heading-title elementor-size-default\">\u0130stenmeyen ki\u015fi ilan edilmenin sonu\u00e7lar\u0131<\/h3>\t\t\t\t<\/div>\n\t\t\t\t<\/div>\n\t\t\t\t<div class=\"elementor-element elementor-element-5cfcaf7 color-scheme-inherit text-left elementor-widget elementor-widget-text-editor\" data-id=\"5cfcaf7\" data-element_type=\"widget\" data-e-type=\"widget\" data-widget_type=\"text-editor.default\">\n\t\t\t\t<div class=\"elementor-widget-container\">\n\t\t\t\t\t\t\t\t\t<p>\u0130stenmedi\u011finize dair bir beyanla kar\u015f\u0131la\u015f\u0131rsan\u0131z, Hollanda'y\u0131 derhal terk etmeniz zorunludur. Yine de Hollanda'ya d\u00f6nmeye \u00e7al\u0131\u015f\u0131rsan\u0131z, 6 aya kadar hapis cezas\u0131 veya para cezas\u0131 riskiyle kar\u015f\u0131 kar\u015f\u0131ya kal\u0131rs\u0131n\u0131z. Baz\u0131 durumlarda, Hollanda makamlar\u0131 sizi s\u0131n\u0131r d\u0131\u015f\u0131 etmeye bile karar verebilir.<\/p><p>\u0130stenmeme beyan\u0131yla ilgili komplikasyonlara gelince, \u00f6nceden belirlenmi\u015f bir biti\u015f tarihi yoktur. \u0130stenmeme beyan\u0131n\u0131n ne zaman sona erece\u011fine karar verme yetkisi yaln\u0131zca G\u00f6\u00e7menlik ve Vatanda\u015fl\u0131\u011fa Kabul Servisi'ne (IND) aittir.<\/p>\t\t\t\t\t\t\t\t<\/div>\n\t\t\t\t<\/div>\n\t\t\t\t<div class=\"elementor-element elementor-element-be55a29 elementor-widget elementor-widget-spacer\" data-id=\"be55a29\" data-element_type=\"widget\" data-e-type=\"widget\" data-widget_type=\"spacer.default\">\n\t\t\t\t<div class=\"elementor-widget-container\">\n\t\t\t\t\t\t\t<div class=\"elementor-spacer\">\n\t\t\t<div class=\"elementor-spacer-inner\"><\/div>\n\t\t<\/div>\n\t\t\t\t\t\t<\/div>\n\t\t\t\t<\/div>\n\t\t\t\t<div class=\"elementor-element elementor-element-082d019 elementor-widget elementor-widget-heading\" data-id=\"082d019\" data-element_type=\"widget\" data-e-type=\"widget\" data-widget_type=\"heading.default\">\n\t\t\t\t<div class=\"elementor-widget-container\">\n\t\t\t\t\t<h3 class=\"elementor-heading-title elementor-size-default\">\u0130stenmeyen bir beyan kimler i\u00e7in ge\u00e7erlidir?\n<\/h3>\t\t\t\t<\/div>\n\t\t\t\t<\/div>\n\t\t\t\t<div class=\"elementor-element elementor-element-bd87fc2 color-scheme-inherit text-left elementor-widget elementor-widget-text-editor\" data-id=\"bd87fc2\" data-element_type=\"widget\" data-e-type=\"widget\" data-widget_type=\"text-editor.default\">\n\t\t\t\t<div class=\"elementor-widget-container\">\n\t\t\t\t\t\t\t\t\t<p>\u015eu anda, istenmeyen ki\u015fi ilan\u0131 sadece Avrupa Birli\u011fi (AB) vatanda\u015flar\u0131 i\u00e7in ge\u00e7erlidir. AB vatanda\u015flar\u0131 genellikle AB i\u00e7inde serbest\u00e7e seyahat edebildiklerinden, bu hakk\u0131 reddetmek i\u00e7in \u00e7ok ge\u00e7erli nedenler olmal\u0131d\u0131r. B\u00f6yle bir \u00f6nlem, ancak bir ki\u015fi o anda kamu d\u00fczeni i\u00e7in a\u00e7\u0131k ve ciddi bir tehdit olu\u015fturuyorsa al\u0131n\u0131r.<\/p><p>AB \u00fcyesi olmayan ki\u015filer, genellikle \u00fc\u00e7\u00fcnc\u00fc \u00fclke vatanda\u015flar\u0131 olarak adland\u0131r\u0131l\u0131rlar, istenmeyen ki\u015fi ilan edilmezler. Bunun yerine, belirli ko\u015fullar alt\u0131nda giri\u015f yasa\u011f\u0131 uygulanabilir. Bu giri\u015f yasa\u011f\u0131 s\u00fcresi de\u011fi\u015febilir ve genellikle Hollanda veya AB'ye giri\u015fin reddedilmesi i\u00e7in kan\u0131tlanabilir nedenler oldu\u011funda uygulan\u0131r.<\/p><p>Hem istenmeyen ki\u015fi ilan\u0131n\u0131n hem de giri\u015f yasa\u011f\u0131n\u0131n ciddi yasal \u00f6nlemler oldu\u011funu ve s\u0131k\u0131 yasal prosed\u00fcrlere tabi oldu\u011funu belirtmek \u00f6nemlidir. Bu t\u00fcr durumlarda, haklar\u0131n\u0131z\u0131 ve se\u00e7eneklerinizi tam olarak anlamak ve korumak i\u00e7in hukuki dan\u0131\u015fmanl\u0131k alman\u0131z tavsiye edilir.<\/p>\t\t\t\t\t\t\t\t<\/div>\n\t\t\t\t<\/div>\n\t\t\t\t<div class=\"elementor-element elementor-element-32291b5 elementor-widget elementor-widget-spacer\" data-id=\"32291b5\" data-element_type=\"widget\" data-e-type=\"widget\" data-widget_type=\"spacer.default\">\n\t\t\t\t<div class=\"elementor-widget-container\">\n\t\t\t\t\t\t\t<div class=\"elementor-spacer\">\n\t\t\t<div class=\"elementor-spacer-inner\"><\/div>\n\t\t<\/div>\n\t\t\t\t\t\t<\/div>\n\t\t\t\t<\/div>\n\t\t\t\t<div class=\"elementor-element elementor-element-d2d9bec elementor-widget elementor-widget-heading\" data-id=\"d2d9bec\" data-element_type=\"widget\" data-e-type=\"widget\" data-widget_type=\"heading.default\">\n\t\t\t\t<div class=\"elementor-widget-container\">\n\t\t\t\t\t<h3 class=\"elementor-heading-title elementor-size-default\">\u0130stenmeyen bir beyan\u0131n iptali<\/h3>\t\t\t\t<\/div>\n\t\t\t\t<\/div>\n\t\t\t\t<div class=\"elementor-element elementor-element-44e4571 color-scheme-inherit text-left elementor-widget elementor-widget-text-editor\" data-id=\"44e4571\" data-element_type=\"widget\" data-e-type=\"widget\" data-widget_type=\"text-editor.default\">\n\t\t\t\t<div class=\"elementor-widget-container\">\n\t\t\t\t\t\t\t\t\t<p>Bir s\u00fcre sonra, 'istenmeyen ki\u015fi beyan\u0131n\u0131n' kald\u0131r\u0131lmas\u0131 i\u00e7in ba\u015fvuruda bulunabilirsiniz. Bu talepte, belirli bir s\u00fcre Hollanda d\u0131\u015f\u0131nda ger\u00e7ekten ikamet etti\u011finizi kan\u0131tlaman\u0131z gerekir. Bu s\u00fcrenin uzunlu\u011fu, istenmeyen ki\u015fi ilan\u0131n\u0131n verildi\u011fi su\u00e7un ciddiyetine ba\u011fl\u0131d\u0131r. Bu s\u00fcre zarf\u0131nda yeni bir su\u00e7 i\u015flememi\u015f olman\u0131z da \u00f6nemlidir.<\/p><p>Baz\u0131 durumlarda, \u00f6rne\u011fin ciddi ailevi ko\u015fullar s\u00f6z konusu oldu\u011funda veya devam eden bir davada tan\u0131kl\u0131k yapman\u0131z gerekti\u011finde, 'istenmeyen ki\u015fi beyan\u0131' ge\u00e7ici olarak kald\u0131r\u0131labilir. Bu, belirli ko\u015fullara uyum sa\u011flamak i\u00e7in ge\u00e7ici bir feragat olarak kabul edilir.<\/p><p>Bir 'istenmeyen ki\u015fi karar\u0131n\u0131n' kald\u0131r\u0131lmas\u0131 veya ge\u00e7ici olarak ask\u0131ya al\u0131nmas\u0131 s\u00fcrecinin dikkatle takip edilmesi gerekti\u011fini ve en iyi sonu\u00e7lar\u0131 elde etmek i\u00e7in genellikle profesyonel yasal rehberli\u011fin gerekli oldu\u011funu anlamak \u00e7ok \u00f6nemlidir.<\/p>\t\t\t\t\t\t\t\t<\/div>\n\t\t\t\t<\/div>\n\t\t\t\t<div class=\"elementor-element elementor-element-fc4fd6f elementor-widget elementor-widget-spacer\" data-id=\"fc4fd6f\" data-element_type=\"widget\" data-e-type=\"widget\" data-widget_type=\"spacer.default\">\n\t\t\t\t<div class=\"elementor-widget-container\">\n\t\t\t\t\t\t\t<div class=\"elementor-spacer\">\n\t\t\t<div class=\"elementor-spacer-inner\"><\/div>\n\t\t<\/div>\n\t\t\t\t\t\t<\/div>\n\t\t\t\t<\/div>\n\t\t\t\t<div class=\"elementor-element elementor-element-1129e00 elementor-widget elementor-widget-heading\" data-id=\"1129e00\" data-element_type=\"widget\" data-e-type=\"widget\" data-widget_type=\"heading.default\">\n\t\t\t\t<div class=\"elementor-widget-container\">\n\t\t\t\t\t<h3 class=\"elementor-heading-title elementor-size-default\">G\u00f6\u00e7menlik hukuku avukat\u0131<\/h3>\t\t\t\t<\/div>\n\t\t\t\t<\/div>\n\t\t\t\t<div class=\"elementor-element elementor-element-450038b color-scheme-inherit text-left elementor-widget elementor-widget-text-editor\" data-id=\"450038b\" data-element_type=\"widget\" data-e-type=\"widget\" data-widget_type=\"text-editor.default\">\n\t\t\t\t<div class=\"elementor-widget-container\">\n\t\t\t\t\t\t\t\t\t<p>E\u011fer istenmeyen ki\u015fi ilan\u0131yla kar\u015f\u0131 kar\u015f\u0131yaysan\u0131z, uzman bir avukattan profesyonel hukuki yard\u0131m alman\u0131z ak\u0131ll\u0131ca olacakt\u0131r. \u0130stenmezlik ilanlar\u0131n\u0131 \u00e7evreleyen s\u00fcre\u00e7 karma\u015f\u0131k olabilir ve haklar\u0131n\u0131z\u0131 korumak hayati \u00f6nem ta\u015f\u0131r.<\/p><p>Bizimle ileti\u015fime ge\u00e7ti\u011finizde, bu yasal alanda uzmanla\u015fm\u0131\u015f deneyimli bir avukat\u0131n uzmanl\u0131\u011f\u0131na g\u00fcvenebilirsiniz. Avukatlar\u0131m\u0131z, durumunuzu ele almak i\u00e7in atabilece\u011finiz ad\u0131mlar konusunda size kapsaml\u0131 bir \u015fekilde tavsiyelerde bulunacak ve yol g\u00f6sterecektir. Yaln\u0131z de\u011filsiniz; size yard\u0131mc\u0131 olmak ve yasal \u00e7\u0131karlar\u0131n\u0131z\u0131 savunmak i\u00e7in buraday\u0131z. Bizimle ileti\u015fime ge\u00e7mekten ve a\u015fa\u011f\u0131dakilerden biriyle konu\u015fmaktan \u00e7ekinmeyin <a href=\"https:\/\/www.derbedrosian.nl\/tr\/avukatlar\/\">kendini i\u015fine adam\u0131\u015f avukatlar\u0131m\u0131z<\/a> size daha fazla yard\u0131mc\u0131 olmaya haz\u0131rd\u0131r.<\/p>\t\t\t\t\t\t\t\t<\/div>\n\t\t\t\t<\/div>\n\t\t\t\t\t<\/div>\n\t\t\t\t<\/div>\n\t\t\t\t<\/div>","protected":false},"excerpt":{"rendered":"<p>giri\u015f yasa\u011f\u0131 istenmeyen ki\u015fi ilan edilmesi istenmeyen ki\u015fi ilan edilmesi ceza hukuku istenmeyen ki\u015fi ilan edilmesi istenmeyen ki\u015fi ilan edilmesi cezaland\u0131r\u0131lmas\u0131 istenmeyen ki\u015fi ilan edilmesi ve\/veya giri\u015f yasa\u011f\u0131 k\u0131s\u0131tlama i\u015fg\u00fcc\u00fc piyasas\u0131 kayd\u0131 ve ge\u00e7erlilik s\u00fcresinin kald\u0131r\u0131lmas\u0131 eski istenmeyen ki\u015fi ilan\u0131n\u0131n kald\u0131r\u0131lmas\u0131<\/p>","protected":false},"author":1,"featured_media":0,"parent":10627,"menu_order":0,"comment_status":"closed","ping_status":"closed","template":"","meta":{"footnotes":""},"class_list":["post-10677","page","type-page","status-publish","hentry"],"_links":{"self":[{"href":"https:\/\/www.derbedrosian.nl\/tr\/wp-json\/wp\/v2\/pages\/10677","targetHints":{"allow":["GET"]}}],"collection":[{"href":"https:\/\/www.derbedrosian.nl\/tr\/wp-json\/wp\/v2\/pages"}],"about":[{"href":"https:\/\/www.derbedrosian.nl\/tr\/wp-json\/wp\/v2\/types\/page"}],"author":[{"embeddable":true,"href":"https:\/\/www.derbedrosian.nl\/tr\/wp-json\/wp\/v2\/users\/1"}],"replies":[{"embeddable":true,"href":"https:\/\/www.derbedrosian.nl\/tr\/wp-json\/wp\/v2\/comments?post=10677"}],"version-history":[{"count":0,"href":"https:\/\/www.derbedrosian.nl\/tr\/wp-json\/wp\/v2\/pages\/10677\/revisions"}],"up":[{"embeddable":true,"href":"https:\/\/www.derbedrosian.nl\/tr\/wp-json\/wp\/v2\/pages\/10627"}],"wp:attachment":[{"href":"https:\/\/www.derbedrosian.nl\/tr\/wp-json\/wp\/v2\/media?parent=10677"}],"curies":[{"name":"wp","href":"https:\/\/api.w.org\/{rel}","templated":true}]}}