{"id":10612,"date":"2023-05-26T11:04:15","date_gmt":"2023-05-26T09:04:15","guid":{"rendered":"https:\/\/derbedrosian.nl\/?page_id=10612"},"modified":"2025-12-21T15:22:57","modified_gmt":"2025-12-21T13:22:57","slug":"ertelenen-cezanin-i%cc%87nfazi-i%cc%87ci%cc%87n-talep","status":"publish","type":"page","link":"https:\/\/www.derbedrosian.nl\/tr\/rechtsgebieden\/strafrecht\/vordering-tenuitvoerlegging-voorwaardelijke-straf\/","title":{"rendered":"Ertelenmi\u015f cezan\u0131n infaz\u0131 i\u00e7in talep"},"content":{"rendered":"<div data-elementor-type=\"wp-page\" data-elementor-id=\"10612\" class=\"elementor elementor-10612\" data-elementor-post-type=\"page\">\n\t\t\t\t<div class=\"wd-negative-gap elementor-element elementor-element-d5c972d e-flex e-con-boxed e-con e-parent\" data-id=\"d5c972d\" data-element_type=\"container\" data-e-type=\"container\">\n\t\t\t\t\t<div class=\"e-con-inner\">\n\t\t\t\t<div class=\"elementor-element elementor-element-bebecf5 elementor-hidden-desktop elementor-hidden-tablet elementor-hidden-mobile elementor-widget elementor-widget-wd_image_or_svg\" data-id=\"bebecf5\" data-element_type=\"widget\" data-e-type=\"widget\" id=\"seo-word\" data-widget_type=\"wd_image_or_svg.default\">\n\t\t\t\t<div class=\"elementor-widget-container\">\n\t\t\t\t\t\n\t\t<div class=\"wd-image text-left\">\n\t\t\t\t\t\t\t\t<img loading=\"lazy\" decoding=\"async\" width=\"1000\" height=\"667\" src=\"https:\/\/www.derbedrosian.nl\/wp-content\/uploads\/rechtsgebied-vordering-tenuitvoerlegging-voorwaardelijke-straf.jpg\" class=\"attachment-full size-full\" alt=\"talep icra \u015fartl\u0131 ceza avukat savc\u0131 hakim\" srcset=\"https:\/\/www.derbedrosian.nl\/wp-content\/uploads\/rechtsgebied-vordering-tenuitvoerlegging-voorwaardelijke-straf.jpg 1000w, https:\/\/www.derbedrosian.nl\/wp-content\/uploads\/rechtsgebied-vordering-tenuitvoerlegging-voorwaardelijke-straf-400x267.jpg 400w, https:\/\/www.derbedrosian.nl\/wp-content\/uploads\/rechtsgebied-vordering-tenuitvoerlegging-voorwaardelijke-straf-768x512.jpg 768w\" sizes=\"auto, (max-width: 1000px) 100vw, 1000px\" title=\"\">\t\t\t\t\t<\/div>\n\n\t\t\t\t\t\t<\/div>\n\t\t\t\t<\/div>\n\t\t\t\t<div class=\"elementor-element elementor-element-5a74c16 elementor-hidden-desktop elementor-hidden-tablet elementor-hidden-mobile elementor-widget elementor-widget-heading\" data-id=\"5a74c16\" data-element_type=\"widget\" data-e-type=\"widget\" id=\"seo-word\" data-widget_type=\"heading.default\">\n\t\t\t\t<div class=\"elementor-widget-container\">\n\t\t\t\t\t<h2 class=\"elementor-heading-title elementor-size-default\"> ertelenen cezanin i\u0307nfazina i\u0307li\u0307\u015fki\u0307n talep nedi\u0307r?<\/h2>\t\t\t\t<\/div>\n\t\t\t\t<\/div>\n\t\t\t\t<div class=\"elementor-element elementor-element-b0bf5ac elementor-hidden-desktop elementor-hidden-tablet elementor-hidden-mobile elementor-widget elementor-widget-heading\" data-id=\"b0bf5ac\" data-element_type=\"widget\" data-e-type=\"widget\" id=\"seo-word\" data-widget_type=\"heading.default\">\n\t\t\t\t<div class=\"elementor-widget-container\">\n\t\t\t\t\t<h5 class=\"elementor-heading-title elementor-size-default\">Ertelenmi\u015f cezan\u0131n infaz\u0131 i\u00e7in avukat talebi<\/h5>\t\t\t\t<\/div>\n\t\t\t\t<\/div>\n\t\t\t\t<div class=\"elementor-element elementor-element-b8554c4 elementor-hidden-desktop elementor-hidden-tablet elementor-hidden-mobile elementor-widget elementor-widget-heading\" data-id=\"b8554c4\" data-element_type=\"widget\" data-e-type=\"widget\" id=\"seo-word\" data-widget_type=\"heading.default\">\n\t\t\t\t<div class=\"elementor-widget-container\">\n\t\t\t\t\t<h5 class=\"elementor-heading-title elementor-size-default\">ceza hukuku enschede<\/h5>\t\t\t\t<\/div>\n\t\t\t\t<\/div>\n\t\t\t\t<div class=\"elementor-element elementor-element-05d1f41 elementor-hidden-desktop elementor-hidden-tablet elementor-hidden-mobile elementor-widget elementor-widget-heading\" data-id=\"05d1f41\" data-element_type=\"widget\" data-e-type=\"widget\" id=\"seo-word\" data-widget_type=\"heading.default\">\n\t\t\t\t<div class=\"elementor-widget-container\">\n\t\t\t\t\t<h5 class=\"elementor-heading-title elementor-size-default\">avukat ceza hukuku enschede<\/h5>\t\t\t\t<\/div>\n\t\t\t\t<\/div>\n\t\t\t\t<div class=\"elementor-element elementor-element-7957013 elementor-hidden-desktop elementor-hidden-tablet elementor-hidden-mobile elementor-widget elementor-widget-heading\" data-id=\"7957013\" data-element_type=\"widget\" data-e-type=\"widget\" id=\"seo-word\" data-widget_type=\"heading.default\">\n\t\t\t\t<div class=\"elementor-widget-container\">\n\t\t\t\t\t<h5 class=\"elementor-heading-title elementor-size-default\">avukat ceza hukuku overijssel<\/h5>\t\t\t\t<\/div>\n\t\t\t\t<\/div>\n\t\t\t\t<div class=\"elementor-element elementor-element-6456930 elementor-hidden-desktop elementor-hidden-tablet elementor-hidden-mobile elementor-widget elementor-widget-heading\" data-id=\"6456930\" data-element_type=\"widget\" data-e-type=\"widget\" id=\"seo-word\" data-widget_type=\"heading.default\">\n\t\t\t\t<div class=\"elementor-widget-container\">\n\t\t\t\t\t<h5 class=\"elementor-heading-title elementor-size-default\">ceza avukati enschede<\/h5>\t\t\t\t<\/div>\n\t\t\t\t<\/div>\n\t\t\t\t<div class=\"elementor-element elementor-element-e6347a7 elementor-hidden-desktop elementor-hidden-tablet elementor-hidden-mobile elementor-widget elementor-widget-heading\" data-id=\"e6347a7\" data-element_type=\"widget\" data-e-type=\"widget\" id=\"seo-word\" data-widget_type=\"heading.default\">\n\t\t\t\t<div class=\"elementor-widget-container\">\n\t\t\t\t\t<h5 class=\"elementor-heading-title elementor-size-default\">ertelenen cezanin uygulanmasi i\u0307\u00e7i\u0307n i\u0307ti\u0307raz bi\u0307ldi\u0307ri\u0307mi\u0307<\/h5>\t\t\t\t<\/div>\n\t\t\t\t<\/div>\n\t\t\t\t<div class=\"elementor-element elementor-element-3b0f6c2 elementor-hidden-desktop elementor-hidden-tablet elementor-hidden-mobile elementor-widget elementor-widget-heading\" data-id=\"3b0f6c2\" data-element_type=\"widget\" data-e-type=\"widget\" id=\"seo-word\" data-widget_type=\"heading.default\">\n\t\t\t\t<div class=\"elementor-widget-container\">\n\t\t\t\t\t<h5 class=\"elementor-heading-title elementor-size-default\">Enschede ve Overijssel'de, Derbedrosian Criminal Lawyers'\u0131n uzman ceza avukatlar\u0131na g\u00fcvenebilirsiniz. Enschede'deki avukatlar\u0131m\u0131z ceza davalar\u0131nda uzmanla\u015fm\u0131\u015ft\u0131r ve profesyonel hukuki yard\u0131m sunmaktad\u0131r.\n\nErtelenmi\u015f bir cezan\u0131n infaz\u0131na y\u00f6nelik bir talep, verilen ertelenmi\u015f cezan\u0131n hala uygulanmas\u0131n\u0131 talep eden yasal bir prosed\u00fcrd\u00fcr. Bu durum, h\u00fck\u00fcm giyen ki\u015finin uygulanan ko\u015fullara uymamas\u0131 halinde ger\u00e7ekle\u015febilir.\n\nErtelenmi\u015f bir cezan\u0131n infaz\u0131 i\u00e7in bir taleple kar\u015f\u0131 kar\u015f\u0131yaysan\u0131z, hukuki yard\u0131m alman\u0131z \u00e7ok \u00f6nemlidir. Enschede'deki avukatlar\u0131m\u0131z size tavsiyelerde bulunmak ve bu t\u00fcr yasal i\u015flemlerde menfaatlerinizi temsil etmek i\u00e7in haz\u0131rd\u0131r.\n\nErtelenmi\u015f ceza infaz talepleri i\u00e7in uzman bir avukata ihtiyac\u0131n\u0131z varsa, Derbedrosian Criminal Lawyers ile ileti\u015fime ge\u00e7mekten \u00e7ekinmeyin. Size yard\u0131mc\u0131 olmak ve davan\u0131zla ilgilenmek i\u00e7in buraday\u0131z.<\/h5>\t\t\t\t<\/div>\n\t\t\t\t<\/div>\n\t\t\t\t<div class=\"elementor-element elementor-element-13b61a7 color-scheme-inherit text-left elementor-widget elementor-widget-text-editor\" data-id=\"13b61a7\" data-element_type=\"widget\" data-e-type=\"widget\" data-widget_type=\"text-editor.default\">\n\t\t\t\t<div class=\"elementor-widget-container\">\n\t\t\t\t\t\t\t\t\t<p><strong>Hollanda'da ertelenmi\u015f cezalar\u0131n infaz\u0131na ili\u015fkin talepler ceza hukukunun \u00f6nemli bir par\u00e7as\u0131d\u0131r. Bu gibi durumlarda, savc\u0131 veya cumhuriyet savc\u0131s\u0131, mahkemeden ertelenmi\u015f cezan\u0131n ger\u00e7ek bir cezaya d\u00f6n\u00fc\u015ft\u00fcr\u00fclmesini talep edebilir. Bu s\u00fcre\u00e7, ko\u015fullara uyulmas\u0131n\u0131 sa\u011flamak ve Hollanda ceza hukuku i\u00e7inde adaleti uygulamak i\u00e7in tasarlanm\u0131\u015ft\u0131r.<\/strong><\/p>\t\t\t\t\t\t\t\t<\/div>\n\t\t\t\t<\/div>\n\t\t\t\t<div class=\"elementor-element elementor-element-ff19e35 elementor-widget elementor-widget-spacer\" data-id=\"ff19e35\" data-element_type=\"widget\" data-e-type=\"widget\" data-widget_type=\"spacer.default\">\n\t\t\t\t<div class=\"elementor-widget-container\">\n\t\t\t\t\t\t\t<div class=\"elementor-spacer\">\n\t\t\t<div class=\"elementor-spacer-inner\"><\/div>\n\t\t<\/div>\n\t\t\t\t\t\t<\/div>\n\t\t\t\t<\/div>\n\t\t\t\t<div class=\"elementor-element elementor-element-b45c127 elementor-widget elementor-widget-heading\" data-id=\"b45c127\" data-element_type=\"widget\" data-e-type=\"widget\" data-widget_type=\"heading.default\">\n\t\t\t\t<div class=\"elementor-widget-container\">\n\t\t\t\t\t<h3 class=\"elementor-heading-title elementor-size-default\">Ertelenmi\u015f cezan\u0131n infaz\u0131 i\u00e7in talep<\/h3>\t\t\t\t<\/div>\n\t\t\t\t<\/div>\n\t\t\t\t<div class=\"elementor-element elementor-element-dc13070 color-scheme-inherit text-left elementor-widget elementor-widget-text-editor\" data-id=\"dc13070\" data-element_type=\"widget\" data-e-type=\"widget\" data-widget_type=\"text-editor.default\">\n\t\t\t\t<div class=\"elementor-widget-container\">\n\t\t\t\t\t\t\t\t\t<p>Size '\u015eartl\u0131 Cezan\u0131n \u0130nfaz\u0131 Talebi' verilmi\u015fse, uyman\u0131z gereken baz\u0131 genel ve \u00f6zel ko\u015fullar vard\u0131r. Cumhuriyet Savc\u0131s\u0131 bu ko\u015fullara uymad\u0131\u011f\u0131n\u0131z\u0131 d\u00fc\u015f\u00fcn\u00fcrse, ertelenen ceza ko\u015fulsuz cezaya d\u00f6n\u00fc\u015ft\u00fcr\u00fclebilir. \u00d6rne\u011fin, \u00f6zel ko\u015fullardan biri denetimli serbestlik servisine rapor vermenizi gerektiriyorsa ve bunu yeterince yapmad\u0131\u011f\u0131n\u0131z\u0131 tespit ederlerse, bir duru\u015fmaya \u00e7a\u011fr\u0131labilirsiniz.<\/p><p>Ayr\u0131ca, a\u015fa\u011f\u0131daki gibi \u00f6zel ko\u015fullar da getirilebilir:<\/p><ul><li>Denetimli serbestlik ile zorunlu temaslar ve\/veya kurslara kat\u0131lma.<\/li><li>Yatarak veya ayakta tedavi.<\/li><li>Elektronik g\u00f6zetim.<\/li><\/ul>\t\t\t\t\t\t\t\t<\/div>\n\t\t\t\t<\/div>\n\t\t\t\t<div class=\"elementor-element elementor-element-b2f594c elementor-widget elementor-widget-spacer\" data-id=\"b2f594c\" data-element_type=\"widget\" data-e-type=\"widget\" data-widget_type=\"spacer.default\">\n\t\t\t\t<div class=\"elementor-widget-container\">\n\t\t\t\t\t\t\t<div class=\"elementor-spacer\">\n\t\t\t<div class=\"elementor-spacer-inner\"><\/div>\n\t\t<\/div>\n\t\t\t\t\t\t<\/div>\n\t\t\t\t<\/div>\n\t\t\t\t<div class=\"elementor-element elementor-element-70b31d0 elementor-widget elementor-widget-heading\" data-id=\"70b31d0\" data-element_type=\"widget\" data-e-type=\"widget\" data-widget_type=\"heading.default\">\n\t\t\t\t<div class=\"elementor-widget-container\">\n\t\t\t\t\t<h3 class=\"elementor-heading-title elementor-size-default\">Ertelenmi\u015f cezan\u0131n infaz\u0131 i\u00e7in bir talep ne kadar s\u00fcrebilir?\n<\/h3>\t\t\t\t<\/div>\n\t\t\t\t<\/div>\n\t\t\t\t<div class=\"elementor-element elementor-element-0da0a86 color-scheme-inherit text-left elementor-widget elementor-widget-text-editor\" data-id=\"0da0a86\" data-element_type=\"widget\" data-e-type=\"widget\" data-widget_type=\"text-editor.default\">\n\t\t\t\t<div class=\"elementor-widget-container\">\n\t\t\t\t\t\t\t\t\t<p>Genellikle, ertelenmi\u015f cezan\u0131n bir par\u00e7as\u0131 olarak iki y\u0131ll\u0131k bir denetimli serbestlik s\u00fcresi uygulan\u0131r. Bu denetimli serbestlik s\u00fcresi boyunca, h\u00fck\u00fcml\u00fc ki\u015fi belirli ko\u015fullara uymal\u0131 ve herhangi bir su\u00e7 i\u015flememelidir. Ertelenen cezan\u0131n ger\u00e7ek bir cezaya d\u00f6n\u00fc\u015fmesini \u00f6nlemek i\u00e7in bu ko\u015fullara s\u0131k\u0131 s\u0131k\u0131ya uymak \u00e7ok \u00f6nemlidir.<\/p><p>Ancak, bu denetimli serbestlik s\u00fcresi boyunca h\u00fck\u00fcml\u00fc ki\u015fi ba\u015fka bir su\u00e7 i\u015flerse veya uygulanan ko\u015fullara uymazsa, savc\u0131 mahkemeden ertelenen cezan\u0131n uygulanmas\u0131n\u0131 talep etme hakk\u0131na sahiptir. Bu, h\u00fck\u00fcml\u00fc ki\u015finin yine de verilen cezay\u0131 \u00e7ekmek zorunda kalaca\u011f\u0131 anlam\u0131na gelir.<\/p><p>B\u00f6yle bir talep yap\u0131ld\u0131\u011f\u0131nda, h\u00fck\u00fcml\u00fc ki\u015fiye yaz\u0131l\u0131 olarak bildirilecektir. Bu bildirimde, ertelenen cezan\u0131n infaz\u0131na ili\u015fkin talebin mahkeme taraf\u0131ndan de\u011ferlendirilece\u011fi tarih belirtilecektir.<\/p><p>H\u00fck\u00fcml\u00fclerin denetimli serbestlik s\u0131ras\u0131nda uygulanan ko\u015fullar\u0131 yak\u0131ndan takip etmeleri ve ertelenen cezan\u0131n etkili bir cezaya d\u00f6n\u00fc\u015ft\u00fcr\u00fclmesini \u00f6nlemek i\u00e7in yeni su\u00e7lar i\u015flememeleri \u00e7ok \u00f6nemlidir.<\/p><p>Yasal komplikasyonlardan ve cezalar\u0131n uygulanmas\u0131ndan ka\u00e7\u0131nmak i\u00e7in ko\u015fullara uyulmas\u0131 hayati \u00f6nem ta\u015f\u0131maktad\u0131r.<\/p>\t\t\t\t\t\t\t\t<\/div>\n\t\t\t\t<\/div>\n\t\t\t\t<div class=\"elementor-element elementor-element-8f602a1 elementor-widget elementor-widget-spacer\" data-id=\"8f602a1\" data-element_type=\"widget\" data-e-type=\"widget\" data-widget_type=\"spacer.default\">\n\t\t\t\t<div class=\"elementor-widget-container\">\n\t\t\t\t\t\t\t<div class=\"elementor-spacer\">\n\t\t\t<div class=\"elementor-spacer-inner\"><\/div>\n\t\t<\/div>\n\t\t\t\t\t\t<\/div>\n\t\t\t\t<\/div>\n\t\t\t\t<div class=\"elementor-element elementor-element-1a06dc4 elementor-widget elementor-widget-heading\" data-id=\"1a06dc4\" data-element_type=\"widget\" data-e-type=\"widget\" data-widget_type=\"heading.default\">\n\t\t\t\t<div class=\"elementor-widget-container\">\n\t\t\t\t\t<h3 class=\"elementor-heading-title elementor-size-default\">Ertelenmi\u015f cezan\u0131n infaz\u0131 i\u00e7in talepte bulunmak i\u00e7in son tarih ne kadard\u0131r?\n<\/h3>\t\t\t\t<\/div>\n\t\t\t\t<\/div>\n\t\t\t\t<div class=\"elementor-element elementor-element-52808d1 color-scheme-inherit text-left elementor-widget elementor-widget-text-editor\" data-id=\"52808d1\" data-element_type=\"widget\" data-e-type=\"widget\" data-widget_type=\"text-editor.default\">\n\t\t\t\t<div class=\"elementor-widget-container\">\n\t\t\t\t\t\t\t\t\t<p>Ertelenmi\u015f bir cezan\u0131n infaz\u0131 i\u00e7in talepte bulunulacak son tarih kanunla belirlenir ve a\u00e7\u0131k bir prosed\u00fcr izler. Cumhuriyet savc\u0131s\u0131, denetimli serbestlik s\u00fcresinin bitiminden \u00fc\u00e7 ay sonras\u0131na kadar infaz talebinde bulunma se\u00e7ene\u011fine sahiptir.<\/p><p>Bu \u00fc\u00e7 ayl\u0131k s\u00fcre, cezan\u0131n infaz\u0131na ili\u015fkin bir karar al\u0131nmadan \u00f6nce uygulanan ko\u015fullara uyulup uyulmad\u0131\u011f\u0131n\u0131n de\u011ferlendirilmesi i\u00e7in bir f\u0131rsat sunmaktad\u0131r. H\u00fck\u00fcml\u00fclerin bu s\u00fcre s\u0131n\u0131r\u0131n\u0131n fark\u0131nda olmalar\u0131 ve \u015fartl\u0131 cezan\u0131n hala etkili bir cezaya d\u00f6n\u00fc\u015ft\u00fcr\u00fclmesini \u00f6nlemek i\u00e7in denetimli serbestlik d\u00f6neminde dayat\u0131lan ko\u015fullara titizlikle uymalar\u0131n\u0131 sa\u011flamalar\u0131 \u00f6nemlidir.<\/p>\t\t\t\t\t\t\t\t<\/div>\n\t\t\t\t<\/div>\n\t\t\t\t<div class=\"elementor-element elementor-element-0e986ac elementor-widget elementor-widget-spacer\" data-id=\"0e986ac\" data-element_type=\"widget\" data-e-type=\"widget\" data-widget_type=\"spacer.default\">\n\t\t\t\t<div class=\"elementor-widget-container\">\n\t\t\t\t\t\t\t<div class=\"elementor-spacer\">\n\t\t\t<div class=\"elementor-spacer-inner\"><\/div>\n\t\t<\/div>\n\t\t\t\t\t\t<\/div>\n\t\t\t\t<\/div>\n\t\t\t\t<div class=\"elementor-element elementor-element-ddcffc0 elementor-widget elementor-widget-heading\" data-id=\"ddcffc0\" data-element_type=\"widget\" data-e-type=\"widget\" data-widget_type=\"heading.default\">\n\t\t\t\t<div class=\"elementor-widget-container\">\n\t\t\t\t\t<h3 class=\"elementor-heading-title elementor-size-default\">Ertelenmi\u015f cezan\u0131n \u00e7evrilmesinin \u00f6nlenmesi\n<\/h3>\t\t\t\t<\/div>\n\t\t\t\t<\/div>\n\t\t\t\t<div class=\"elementor-element elementor-element-fce1590 color-scheme-inherit text-left elementor-widget elementor-widget-text-editor\" data-id=\"fce1590\" data-element_type=\"widget\" data-e-type=\"widget\" data-widget_type=\"text-editor.default\">\n\t\t\t\t<div class=\"elementor-widget-container\">\n\t\t\t\t\t\t\t\t\t<p>Duru\u015fma s\u0131ras\u0131nda avukat, hakime \u00f6zel ko\u015fullar\u0131 neden yerine getiremedi\u011finizi a\u00e7\u0131klayabilir. Hakim, savc\u0131n\u0131n talebini de\u011ferlendirdi\u011finde, cezan\u0131n infaz edilip edilmeyece\u011fine ve denetimli serbestlik s\u00fcresinin uzat\u0131l\u0131p uzat\u0131lmayaca\u011f\u0131na karar verebilir.<\/p>\t\t\t\t\t\t\t\t<\/div>\n\t\t\t\t<\/div>\n\t\t\t\t<div class=\"elementor-element elementor-element-fd9dae3 elementor-widget elementor-widget-spacer\" data-id=\"fd9dae3\" data-element_type=\"widget\" data-e-type=\"widget\" data-widget_type=\"spacer.default\">\n\t\t\t\t<div class=\"elementor-widget-container\">\n\t\t\t\t\t\t\t<div class=\"elementor-spacer\">\n\t\t\t<div class=\"elementor-spacer-inner\"><\/div>\n\t\t<\/div>\n\t\t\t\t\t\t<\/div>\n\t\t\t\t<\/div>\n\t\t\t\t<div class=\"elementor-element elementor-element-1b341d9 elementor-widget elementor-widget-heading\" data-id=\"1b341d9\" data-element_type=\"widget\" data-e-type=\"widget\" data-widget_type=\"heading.default\">\n\t\t\t\t<div class=\"elementor-widget-container\">\n\t\t\t\t\t<h3 class=\"elementor-heading-title elementor-size-default\">Ertelenmi\u015f cezan\u0131n infaz\u0131 i\u00e7in talep avukat <\/h3>\t\t\t\t<\/div>\n\t\t\t\t<\/div>\n\t\t\t\t<div class=\"elementor-element elementor-element-94ba991 color-scheme-inherit text-left elementor-widget elementor-widget-text-editor\" data-id=\"94ba991\" data-element_type=\"widget\" data-e-type=\"widget\" data-widget_type=\"text-editor.default\">\n\t\t\t\t<div class=\"elementor-widget-container\">\n\t\t\t\t\t\t\t\t\t<p>Bu nedenle a\u015fa\u011f\u0131dakilerle ileti\u015fime ge\u00e7mek \u00f6nemlidir <a href=\"https:\/\/www.derbedrosian.nl\/tr\/avukatlar\/\">uzman bir avukat.<\/a><\/p><p>Derbedrosian hukuk b\u00fcrosunun avukatlar\u0131 \u015fu alanlarda uzmanla\u015fm\u0131\u015ft\u0131r <a href=\"https:\/\/www.derbedrosian.nl\/tr\/yetki%cc%87-alanlari\/ceza-hukuku\/\">ceza hukuku<\/a> ve bu nedenle davan\u0131zda size yard\u0131mc\u0131 olabilir. Bu nedenle bizimle ileti\u015fime ge\u00e7mekten \u00e7ekinmeyin, size tavsiye ve daha fazla hukuki yard\u0131m sunacak deneyimli avukatlar\u0131m\u0131zdan birine ba\u011flanacaks\u0131n\u0131z.<\/p>\t\t\t\t\t\t\t\t<\/div>\n\t\t\t\t<\/div>\n\t\t\t\t\t<\/div>\n\t\t\t\t<\/div>\n\t\t\t\t<\/div>","protected":false},"excerpt":{"rendered":"<p>\u015fartl\u0131 cezan\u0131n infaz\u0131 nedir? Avukat \u015eartl\u0131 cezan\u0131n infaz\u0131 ceza hukuku enschede avukat ceza hukuku enschede avukat ceza hukuku overijssel<\/p>","protected":false},"author":1,"featured_media":0,"parent":10047,"menu_order":0,"comment_status":"closed","ping_status":"closed","template":"","meta":{"footnotes":""},"class_list":["post-10612","page","type-page","status-publish","hentry"],"_links":{"self":[{"href":"https:\/\/www.derbedrosian.nl\/tr\/wp-json\/wp\/v2\/pages\/10612","targetHints":{"allow":["GET"]}}],"collection":[{"href":"https:\/\/www.derbedrosian.nl\/tr\/wp-json\/wp\/v2\/pages"}],"about":[{"href":"https:\/\/www.derbedrosian.nl\/tr\/wp-json\/wp\/v2\/types\/page"}],"author":[{"embeddable":true,"href":"https:\/\/www.derbedrosian.nl\/tr\/wp-json\/wp\/v2\/users\/1"}],"replies":[{"embeddable":true,"href":"https:\/\/www.derbedrosian.nl\/tr\/wp-json\/wp\/v2\/comments?post=10612"}],"version-history":[{"count":0,"href":"https:\/\/www.derbedrosian.nl\/tr\/wp-json\/wp\/v2\/pages\/10612\/revisions"}],"up":[{"embeddable":true,"href":"https:\/\/www.derbedrosian.nl\/tr\/wp-json\/wp\/v2\/pages\/10047"}],"wp:attachment":[{"href":"https:\/\/www.derbedrosian.nl\/tr\/wp-json\/wp\/v2\/media?parent=10612"}],"curies":[{"name":"wp","href":"https:\/\/api.w.org\/{rel}","templated":true}]}}