{"id":10552,"date":"2023-05-26T10:20:08","date_gmt":"2023-05-26T08:20:08","guid":{"rendered":"https:\/\/derbedrosian.nl\/?page_id=10552"},"modified":"2025-12-21T14:49:06","modified_gmt":"2025-12-21T12:49:06","slug":"sarhos-arac-kullanma","status":"publish","type":"page","link":"https:\/\/www.derbedrosian.nl\/tr\/rechtsgebieden\/strafrecht\/rijden-onder-invloed\/","title":{"rendered":"Alkoll\u00fcyken ara\u00e7 kullanma"},"content":{"rendered":"<div data-elementor-type=\"wp-page\" data-elementor-id=\"10552\" class=\"elementor elementor-10552\" data-elementor-post-type=\"page\">\n\t\t\t\t<div class=\"wd-negative-gap elementor-element elementor-element-1266d6a e-flex e-con-boxed e-con e-parent\" data-id=\"1266d6a\" data-element_type=\"container\" data-e-type=\"container\">\n\t\t\t\t\t<div class=\"e-con-inner\">\n\t\t\t\t<div class=\"elementor-element elementor-element-28fd8c0 elementor-hidden-desktop elementor-hidden-tablet elementor-hidden-mobile elementor-widget elementor-widget-wd_image_or_svg\" data-id=\"28fd8c0\" data-element_type=\"widget\" data-e-type=\"widget\" id=\"seo-word\" data-widget_type=\"wd_image_or_svg.default\">\n\t\t\t\t<div class=\"elementor-widget-container\">\n\t\t\t\t\t\n\t\t<div class=\"wd-image text-left\">\n\t\t\t\t\t\t\t\t<img loading=\"lazy\" decoding=\"async\" width=\"1000\" height=\"667\" src=\"https:\/\/www.derbedrosian.nl\/wp-content\/uploads\/rechtsgebied-rijden-onder-invloed.jpg\" class=\"attachment-full size-full\" alt=\"alkoll\u00fc ara\u00e7 kullanma avukat polis ehliyete el konulmas\u0131 sab\u0131ka kayd\u0131 ehliyetten men\" srcset=\"https:\/\/www.derbedrosian.nl\/wp-content\/uploads\/rechtsgebied-rijden-onder-invloed.jpg 1000w, https:\/\/www.derbedrosian.nl\/wp-content\/uploads\/rechtsgebied-rijden-onder-invloed-400x267.jpg 400w, https:\/\/www.derbedrosian.nl\/wp-content\/uploads\/rechtsgebied-rijden-onder-invloed-768x512.jpg 768w\" sizes=\"auto, (max-width: 1000px) 100vw, 1000px\" title=\"\">\t\t\t\t\t<\/div>\n\n\t\t\t\t\t\t<\/div>\n\t\t\t\t<\/div>\n\t\t\t\t<div class=\"elementor-element elementor-element-da07702 elementor-hidden-desktop elementor-hidden-tablet elementor-hidden-mobile elementor-widget elementor-widget-heading\" data-id=\"da07702\" data-element_type=\"widget\" data-e-type=\"widget\" id=\"seo-word\" data-widget_type=\"heading.default\">\n\t\t\t\t<div class=\"elementor-widget-container\">\n\t\t\t\t\t<h2 class=\"elementor-heading-title elementor-size-default\">alkoll\u00fc ara\u00e7 kullanma avukat\u0131<\/h2>\t\t\t\t<\/div>\n\t\t\t\t<\/div>\n\t\t\t\t<div class=\"elementor-element elementor-element-0d65570 elementor-hidden-desktop elementor-hidden-tablet elementor-hidden-mobile elementor-widget elementor-widget-heading\" data-id=\"0d65570\" data-element_type=\"widget\" data-e-type=\"widget\" id=\"seo-word\" data-widget_type=\"heading.default\">\n\t\t\t\t<div class=\"elementor-widget-container\">\n\t\t\t\t\t<h5 class=\"elementor-heading-title elementor-size-default\">alkoll\u00fc ara\u00e7 kullanma avukat\u0131<\/h5>\t\t\t\t<\/div>\n\t\t\t\t<\/div>\n\t\t\t\t<div class=\"elementor-element elementor-element-0e2acd9 elementor-hidden-desktop elementor-hidden-tablet elementor-hidden-mobile elementor-widget elementor-widget-heading\" data-id=\"0e2acd9\" data-element_type=\"widget\" data-e-type=\"widget\" id=\"seo-word\" data-widget_type=\"heading.default\">\n\t\t\t\t<div class=\"elementor-widget-container\">\n\t\t\t\t\t<h5 class=\"elementor-heading-title elementor-size-default\">alkoll\u00fc ara\u00e7 kullanan polis<\/h5>\t\t\t\t<\/div>\n\t\t\t\t<\/div>\n\t\t\t\t<div class=\"elementor-element elementor-element-3006f94 elementor-hidden-desktop elementor-hidden-tablet elementor-hidden-mobile elementor-widget elementor-widget-heading\" data-id=\"3006f94\" data-element_type=\"widget\" data-e-type=\"widget\" id=\"seo-word\" data-widget_type=\"heading.default\">\n\t\t\t\t<div class=\"elementor-widget-container\">\n\t\t\t\t\t<h5 class=\"elementor-heading-title elementor-size-default\">ehliyete el konuldu<\/h5>\t\t\t\t<\/div>\n\t\t\t\t<\/div>\n\t\t\t\t<div class=\"elementor-element elementor-element-4c541a4 elementor-hidden-desktop elementor-hidden-tablet elementor-hidden-mobile elementor-widget elementor-widget-heading\" data-id=\"4c541a4\" data-element_type=\"widget\" data-e-type=\"widget\" id=\"seo-word\" data-widget_type=\"heading.default\">\n\t\t\t\t<div class=\"elementor-widget-container\">\n\t\t\t\t\t<h5 class=\"elementor-heading-title elementor-size-default\">avukat ceza hukuku overijssel<\/h5>\t\t\t\t<\/div>\n\t\t\t\t<\/div>\n\t\t\t\t<div class=\"elementor-element elementor-element-e0d95f5 elementor-hidden-desktop elementor-hidden-tablet elementor-hidden-mobile elementor-widget elementor-widget-heading\" data-id=\"e0d95f5\" data-element_type=\"widget\" data-e-type=\"widget\" id=\"seo-word\" data-widget_type=\"heading.default\">\n\t\t\t\t<div class=\"elementor-widget-container\">\n\t\t\t\t\t<h5 class=\"elementor-heading-title elementor-size-default\">avukat ceza hukuku enschede<\/h5>\t\t\t\t<\/div>\n\t\t\t\t<\/div>\n\t\t\t\t<div class=\"elementor-element elementor-element-609d2ce elementor-hidden-desktop elementor-hidden-tablet elementor-hidden-mobile elementor-widget elementor-widget-heading\" data-id=\"609d2ce\" data-element_type=\"widget\" data-e-type=\"widget\" id=\"seo-word\" data-widget_type=\"heading.default\">\n\t\t\t\t<div class=\"elementor-widget-container\">\n\t\t\t\t\t<h5 class=\"elementor-heading-title elementor-size-default\">ceza hukuku enschede<\/h5>\t\t\t\t<\/div>\n\t\t\t\t<\/div>\n\t\t\t\t<div class=\"elementor-element elementor-element-3830399 elementor-hidden-desktop elementor-hidden-tablet elementor-hidden-mobile elementor-widget elementor-widget-heading\" data-id=\"3830399\" data-element_type=\"widget\" data-e-type=\"widget\" id=\"seo-word\" data-widget_type=\"heading.default\">\n\t\t\t\t<div class=\"elementor-widget-container\">\n\t\t\t\t\t<h5 class=\"elementor-heading-title elementor-size-default\">ceza avukati enschede<\/h5>\t\t\t\t<\/div>\n\t\t\t\t<\/div>\n\t\t\t\t<div class=\"elementor-element elementor-element-038f3a9 elementor-hidden-desktop elementor-hidden-tablet elementor-hidden-mobile elementor-widget elementor-widget-heading\" data-id=\"038f3a9\" data-element_type=\"widget\" data-e-type=\"widget\" id=\"seo-word\" data-widget_type=\"heading.default\">\n\t\t\t\t<div class=\"elementor-widget-container\">\n\t\t\t\t\t<h5 class=\"elementor-heading-title elementor-size-default\">trafi\u011fe kat\u0131labilir miyim<\/h5>\t\t\t\t<\/div>\n\t\t\t\t<\/div>\n\t\t\t\t<div class=\"elementor-element elementor-element-19eb044 elementor-hidden-desktop elementor-hidden-tablet elementor-hidden-mobile elementor-widget elementor-widget-heading\" data-id=\"19eb044\" data-element_type=\"widget\" data-e-type=\"widget\" id=\"seo-word\" data-widget_type=\"heading.default\">\n\t\t\t\t<div class=\"elementor-widget-container\">\n\t\t\t\t\t<h5 class=\"elementor-heading-title elementor-size-default\">Enschede ve Overijssel'de alkoll\u00fc ara\u00e7 kullanma konusunda hukuki yard\u0131m almak i\u00e7in Derbedrosian Criminal Lawyers'\u0131n ceza avukatlar\u0131n\u0131n uzmanl\u0131\u011f\u0131na g\u00fcvenin. Enschede'deki avukatlar\u0131m\u0131z ceza davalar\u0131nda uzmanla\u015fm\u0131\u015ft\u0131r ve alkoll\u00fc ara\u00e7 kullanman\u0131n bir sonucu olarak ehliyete el konuldu\u011fu davalarda geni\u015f deneyime sahiptir.\n\nAlkoll\u00fc ara\u00e7 kulland\u0131\u011f\u0131n\u0131z i\u00e7in polisle kar\u015f\u0131 kar\u015f\u0131ya geldi\u011finizde, ehliyetinize el konulmas\u0131 da dahil olmak \u00fczere ciddi yasal sonu\u00e7lar do\u011fabilir. B\u00f6yle bir durumda, derhal hukuki tavsiye almak ve alkoll\u00fc ara\u00e7 kullanma konusunda uzman bir avukatla g\u00f6r\u00fc\u015fmek hayati \u00f6nem ta\u015f\u0131maktad\u0131r.\n\nEnschede'deki avukatlar\u0131m\u0131z size yard\u0131mc\u0131 olacak ve davan\u0131z\u0131 ele almak ve \u00e7\u0131karlar\u0131n\u0131z\u0131 temsil etmek i\u00e7in size do\u011fru yasal deste\u011fi sa\u011flayacakt\u0131r. Bu durumla kar\u015f\u0131 kar\u015f\u0131yaysan\u0131z, uzman hukuki yard\u0131m i\u00e7in Derbedrosian Criminal Lawyers ile ileti\u015fime ge\u00e7in.\n\n\n\n\n<\/h5>\t\t\t\t<\/div>\n\t\t\t\t<\/div>\n\t\t\t\t<div class=\"elementor-element elementor-element-fc7d042 color-scheme-inherit text-left elementor-widget elementor-widget-text-editor\" data-id=\"fc7d042\" data-element_type=\"widget\" data-e-type=\"widget\" data-widget_type=\"text-editor.default\">\n\t\t\t\t<div class=\"elementor-widget-container\">\n\t\t\t\t\t\t\t\t\t<p><strong>Uyu\u015fturucu veya alkol etkisi alt\u0131nda ara\u00e7 m\u0131 kullan\u0131yorsunuz? Hollanda, yol g\u00fcvenli\u011fini tehdit eden trafik su\u00e7lar\u0131n\u0131 \u00e7ok ciddiye almaktad\u0131r. Hollanda'da alkol ve uyu\u015fturucu etkisi alt\u0131nda ara\u00e7 kullanmaya ili\u015fkin kat\u0131 yasalar ve kurallar bulunmaktad\u0131r. Bu kurallar yasal s\u0131n\u0131rlar\u0131, su\u00e7lar\u0131n sonu\u00e7lar\u0131n\u0131 ve yapt\u0131r\u0131m \u00f6nlemlerini i\u00e7erir.<\/strong><\/p>\t\t\t\t\t\t\t\t<\/div>\n\t\t\t\t<\/div>\n\t\t\t\t<div class=\"elementor-element elementor-element-d3a126b elementor-widget elementor-widget-spacer\" data-id=\"d3a126b\" data-element_type=\"widget\" data-e-type=\"widget\" data-widget_type=\"spacer.default\">\n\t\t\t\t<div class=\"elementor-widget-container\">\n\t\t\t\t\t\t\t<div class=\"elementor-spacer\">\n\t\t\t<div class=\"elementor-spacer-inner\"><\/div>\n\t\t<\/div>\n\t\t\t\t\t\t<\/div>\n\t\t\t\t<\/div>\n\t\t\t\t<div class=\"elementor-element elementor-element-1717937 elementor-widget elementor-widget-heading\" data-id=\"1717937\" data-element_type=\"widget\" data-e-type=\"widget\" data-widget_type=\"heading.default\">\n\t\t\t\t<div class=\"elementor-widget-container\">\n\t\t\t\t\t<h3 class=\"elementor-heading-title elementor-size-default\">Alkoll\u00fc ara\u00e7 kullanmak nedir?<\/h3>\t\t\t\t<\/div>\n\t\t\t\t<\/div>\n\t\t\t\t<div class=\"elementor-element elementor-element-2f80684 color-scheme-inherit text-left elementor-widget elementor-widget-text-editor\" data-id=\"2f80684\" data-element_type=\"widget\" data-e-type=\"widget\" data-widget_type=\"text-editor.default\">\n\t\t\t\t<div class=\"elementor-widget-container\">\n\t\t\t\t\t\t\t\t\t<p>Alkoll\u00fcyken ara\u00e7 kullanmak, bir ki\u015fi ara\u00e7 kullanmadan \u00f6nce \u00e7ok fazla alkol ald\u0131\u011f\u0131nda, uyu\u015fturucu kulland\u0131\u011f\u0131nda veya belirli ila\u00e7lar\u0131 ald\u0131\u011f\u0131nda meydana gelir. Alkoll\u00fcyken ara\u00e7 kullan\u0131rken yakalanman\u0131n ciddi sonu\u00e7lar\u0131 olabilir. Hollanda'da bu bir su\u00e7 olarak kabul edilir ve sab\u0131ka kayd\u0131na yol a\u00e7abilir. Ayr\u0131ca ehliyetinizi kaybedebilir ve CBR'nin \u00f6nlemleriyle kar\u015f\u0131la\u015fabilirsiniz.<\/p><p>Bu su\u00e7un cezalar\u0131 ki\u015fisel hayat\u0131n\u0131za ve kariyerinize \u00f6nemli \u00f6l\u00e7\u00fcde zarar verebilir. B\u00f6yle bir durumda bir avukattan derhal hukuki yard\u0131m almak \u00f6nemlidir.<\/p>\t\t\t\t\t\t\t\t<\/div>\n\t\t\t\t<\/div>\n\t\t\t\t<div class=\"elementor-element elementor-element-e5b4ae1 elementor-widget elementor-widget-spacer\" data-id=\"e5b4ae1\" data-element_type=\"widget\" data-e-type=\"widget\" data-widget_type=\"spacer.default\">\n\t\t\t\t<div class=\"elementor-widget-container\">\n\t\t\t\t\t\t\t<div class=\"elementor-spacer\">\n\t\t\t<div class=\"elementor-spacer-inner\"><\/div>\n\t\t<\/div>\n\t\t\t\t\t\t<\/div>\n\t\t\t\t<\/div>\n\t\t\t\t<div class=\"elementor-element elementor-element-3e6586f elementor-widget elementor-widget-heading\" data-id=\"3e6586f\" data-element_type=\"widget\" data-e-type=\"widget\" data-widget_type=\"heading.default\">\n\t\t\t\t<div class=\"elementor-widget-container\">\n\t\t\t\t\t<h3 class=\"elementor-heading-title elementor-size-default\">S\u00fcr\u00fcc\u00fc diskalifiyesi <\/h3>\t\t\t\t<\/div>\n\t\t\t\t<\/div>\n\t\t\t\t<div class=\"elementor-element elementor-element-15e6b19 color-scheme-inherit text-left elementor-widget elementor-widget-text-editor\" data-id=\"15e6b19\" data-element_type=\"widget\" data-e-type=\"widget\" data-widget_type=\"text-editor.default\">\n\t\t\t\t<div class=\"elementor-widget-container\">\n\t\t\t\t\t\t\t\t\t<p>Alkol, uyu\u015fturucu veya s\u00fcr\u00fc\u015f kabiliyetini etkileyebilecek belirli ila\u00e7lar\u0131n etkisi alt\u0131ndayken ara\u00e7 kullanmak yasa d\u0131\u015f\u0131d\u0131r. Ceza, alkol t\u00fcketiminin seviyesine ba\u011fl\u0131d\u0131r. \u00c7o\u011fu durumda para cezas\u0131yla sonu\u00e7lan\u0131r, ancak kandaki alkol seviyesi 1.3'\u00fc a\u015farsa, savc\u0131 genellikle hakimden ciddi vakalar i\u00e7in 6 aydan 5 y\u0131la kadar de\u011fi\u015fen bir s\u00fcr\u00fc\u015f yasa\u011f\u0131 getirmesini isteyecektir.<\/p>\t\t\t\t\t\t\t\t<\/div>\n\t\t\t\t<\/div>\n\t\t\t\t<div class=\"elementor-element elementor-element-0fff3b6 elementor-widget elementor-widget-spacer\" data-id=\"0fff3b6\" data-element_type=\"widget\" data-e-type=\"widget\" data-widget_type=\"spacer.default\">\n\t\t\t\t<div class=\"elementor-widget-container\">\n\t\t\t\t\t\t\t<div class=\"elementor-spacer\">\n\t\t\t<div class=\"elementor-spacer-inner\"><\/div>\n\t\t<\/div>\n\t\t\t\t\t\t<\/div>\n\t\t\t\t<\/div>\n\t\t\t\t<div class=\"elementor-element elementor-element-dbcb558 elementor-widget elementor-widget-heading\" data-id=\"dbcb558\" data-element_type=\"widget\" data-e-type=\"widget\" data-widget_type=\"heading.default\">\n\t\t\t\t<div class=\"elementor-widget-container\">\n\t\t\t\t\t<h3 class=\"elementor-heading-title elementor-size-default\">\u015e\u00fcpheli ara\u00e7 kullan\u0131m\u0131na ili\u015fkin polis prosed\u00fcr\u00fc<\/h3>\t\t\t\t<\/div>\n\t\t\t\t<\/div>\n\t\t\t\t<div class=\"elementor-element elementor-element-b754519 color-scheme-inherit text-left elementor-widget elementor-widget-text-editor\" data-id=\"b754519\" data-element_type=\"widget\" data-e-type=\"widget\" data-widget_type=\"text-editor.default\">\n\t\t\t\t<div class=\"elementor-widget-container\">\n\t\t\t\t\t\t\t\t\t<p>Polis sizi ara\u00e7 kullanman\u0131z nedeniyle durdurdu\u011funda, alkol veya uyu\u015fturucu kullan\u0131m\u0131n\u0131z\u0131 kontrol etmek i\u00e7in olay yerinde testler yapabilir. Bu genellikle alkolmetre veya t\u00fck\u00fcr\u00fck testi yoluyla yap\u0131l\u0131r. Yukar\u0131da bahsedilen testlerin m\u00fcmk\u00fcn olmad\u0131\u011f\u0131 durumlar i\u00e7in \u00fc\u00e7\u00fcnc\u00fc bir test se\u00e7ene\u011fi de vard\u0131r. Bu test psikomotor i\u015flevlerinizin yan\u0131 s\u0131ra g\u00f6z ve konu\u015fma becerilerinizin de\u011ferlendirilmesini i\u00e7erir. Bu durumda, bir polis memuru g\u00f6zlerinizin hala normal g\u00f6r\u00fcn\u00fcp g\u00f6r\u00fcnmedi\u011fini, hala normal konu\u015fup konu\u015famad\u0131\u011f\u0131n\u0131z\u0131 ve hala d\u00fcz \u00e7izgilerde y\u00fcr\u00fcy\u00fcp y\u00fcr\u00fcyemedi\u011finizi kontrol eder.<\/p><p>Bu testlerden herhangi biri \u00e7ok fazla alkol veya uyu\u015fturucu t\u00fcketti\u011finizi g\u00f6sterirse, alkoll\u00fc ara\u00e7 kullanma \u015f\u00fcphesiyle polis karakoluna g\u00f6t\u00fcr\u00fcleceksiniz. Burada, sisteminizde ne kadar alkol veya uyu\u015fturucu oldu\u011funu daha do\u011fru bir \u015fekilde belirlemek i\u00e7in nefes analizi veya kan testleri yoluyla durumunuz daha ayr\u0131nt\u0131l\u0131 olarak de\u011ferlendirilecektir. Bu miktar\u0131n yasal s\u0131n\u0131rlar\u0131 a\u015fmas\u0131 halinde, ara\u00e7 kullanma yetkiniz elinizden al\u0131nabilir ve alkoll\u00fc ara\u00e7 kullanmaktan ceza alabilir ya da mahkeme celbi alabilirsiniz.<\/p>\t\t\t\t\t\t\t\t<\/div>\n\t\t\t\t<\/div>\n\t\t\t\t<div class=\"elementor-element elementor-element-dfbb379 elementor-widget elementor-widget-spacer\" data-id=\"dfbb379\" data-element_type=\"widget\" data-e-type=\"widget\" data-widget_type=\"spacer.default\">\n\t\t\t\t<div class=\"elementor-widget-container\">\n\t\t\t\t\t\t\t<div class=\"elementor-spacer\">\n\t\t\t<div class=\"elementor-spacer-inner\"><\/div>\n\t\t<\/div>\n\t\t\t\t\t\t<\/div>\n\t\t\t\t<\/div>\n\t\t\t\t<div class=\"elementor-element elementor-element-a05064b elementor-widget elementor-widget-heading\" data-id=\"a05064b\" data-element_type=\"widget\" data-e-type=\"widget\" data-widget_type=\"heading.default\">\n\t\t\t\t<div class=\"elementor-widget-container\">\n\t\t\t\t\t<h3 class=\"elementor-heading-title elementor-size-default\">Alkoll\u00fc ara\u00e7 kullanma s\u0131n\u0131rlar\u0131<\/h3>\t\t\t\t<\/div>\n\t\t\t\t<\/div>\n\t\t\t\t<div class=\"elementor-element elementor-element-9efbd9d color-scheme-inherit text-left elementor-widget elementor-widget-text-editor\" data-id=\"9efbd9d\" data-element_type=\"widget\" data-e-type=\"widget\" data-widget_type=\"text-editor.default\">\n\t\t\t\t<div class=\"elementor-widget-container\">\n\t\t\t\t\t\t\t\t\t<p>\u00c7e\u015fitli ajanlar i\u00e7in izin verilen maksimum limitler belirlenmi\u015ftir.<\/p><p><strong>Uyu\u015fturucu kullan\u0131m\u0131:<\/strong> Uyu\u015fturucu etkisi alt\u0131nda ara\u00e7 kullan\u0131rsan\u0131z ve belirlenen s\u0131n\u0131rlar\u0131 a\u015farsan\u0131z <a href=\"https:\/\/www.derbedrosian.nl\/tr\/yetki%cc%87-alanlari\/ceza-hukuku\/ehliyete-el-konuldu\/\">ehliyetine el konulacak.<\/a> Bu durum a\u015fa\u011f\u0131daki a\u015f\u0131mlar i\u00e7in ge\u00e7erlidir:<\/p><ul><li>50 mikrogram amfetamin<\/li><li>3 mikrogram esrar<\/li><li>20 mikrogram morfin<\/li><li>10 miligram GHB<\/li><li>3.0 mikrogram THC<\/li><\/ul><p>Bu miktarlar v\u00fccudunuzdaki her litre kan i\u00e7indir.<\/p><p><strong>Alkol i\u00e7eri\u011fi<\/strong>: kan\u0131n\u0131zda alkol seviyesi 1,3 promille'den y\u00fcksekse. Yeni s\u00fcr\u00fcc\u00fcler i\u00e7in s\u0131n\u0131r de\u011fer 0,8 promille'dir.<\/p>\t\t\t\t\t\t\t\t<\/div>\n\t\t\t\t<\/div>\n\t\t\t\t<div class=\"elementor-element elementor-element-7b9d133 elementor-widget elementor-widget-spacer\" data-id=\"7b9d133\" data-element_type=\"widget\" data-e-type=\"widget\" data-widget_type=\"spacer.default\">\n\t\t\t\t<div class=\"elementor-widget-container\">\n\t\t\t\t\t\t\t<div class=\"elementor-spacer\">\n\t\t\t<div class=\"elementor-spacer-inner\"><\/div>\n\t\t<\/div>\n\t\t\t\t\t\t<\/div>\n\t\t\t\t<\/div>\n\t\t\t\t<div class=\"elementor-element elementor-element-61f526b elementor-widget elementor-widget-heading\" data-id=\"61f526b\" data-element_type=\"widget\" data-e-type=\"widget\" data-widget_type=\"heading.default\">\n\t\t\t\t<div class=\"elementor-widget-container\">\n\t\t\t\t\t<h3 class=\"elementor-heading-title elementor-size-default\">Polis hakimi \u00f6n\u00fcne \u00e7\u0131kma ve OM duru\u015fmas\u0131<\/h3>\t\t\t\t<\/div>\n\t\t\t\t<\/div>\n\t\t\t\t<div class=\"elementor-element elementor-element-d5f6626 color-scheme-inherit text-left elementor-widget elementor-widget-text-editor\" data-id=\"d5f6626\" data-element_type=\"widget\" data-e-type=\"widget\" data-widget_type=\"text-editor.default\">\n\t\t\t\t<div class=\"elementor-widget-container\">\n\t\t\t\t\t\t\t\t\t<p>Alkoll\u00fc ara\u00e7 kullanma ceza bildirimi almadan \u00f6nce, genellikle ilk olarak Cumhuriyet Savc\u0131l\u0131\u011f\u0131ndan bir duru\u015fmaya kat\u0131lman\u0131z i\u00e7in bir davetiye al\u0131rs\u0131n\u0131z, burada savc\u0131 size hangi cezay\u0131 vermeyi planlad\u0131klar\u0131n\u0131 s\u00f6yleyecektir.<\/p><p>Savc\u0131 taraf\u0131ndan verilen cezay\u0131 kabul etmiyorsan\u0131z, itiraz edebilirsiniz, bu da polis mahkemesinde bir duru\u015fma \u00e7a\u011fr\u0131s\u0131 ile sonu\u00e7lanacakt\u0131r.<br \/>Polis hakiminin bir davaya do\u011frudan m\u00fcdahil oldu\u011fu durumlar da vard\u0131r. Bu durumda OM duru\u015fmas\u0131 i\u00e7in bir davetiye almayacaks\u0131n\u0131z, bunun yerine do\u011frudan polis hakiminin \u00f6n\u00fcne \u00e7\u0131kmaya \u00e7a\u011fr\u0131lacaks\u0131n\u0131z. Bu sadece y\u00fcksek alkol seviyesi ya da tekrarlanan su\u00e7lar gibi ciddi vakalarda ger\u00e7ekle\u015fir.<\/p>\t\t\t\t\t\t\t\t<\/div>\n\t\t\t\t<\/div>\n\t\t\t\t<div class=\"elementor-element elementor-element-1b3ff3a elementor-widget elementor-widget-spacer\" data-id=\"1b3ff3a\" data-element_type=\"widget\" data-e-type=\"widget\" data-widget_type=\"spacer.default\">\n\t\t\t\t<div class=\"elementor-widget-container\">\n\t\t\t\t\t\t\t<div class=\"elementor-spacer\">\n\t\t\t<div class=\"elementor-spacer-inner\"><\/div>\n\t\t<\/div>\n\t\t\t\t\t\t<\/div>\n\t\t\t\t<\/div>\n\t\t\t\t<div class=\"elementor-element elementor-element-911b591 elementor-widget elementor-widget-heading\" data-id=\"911b591\" data-element_type=\"widget\" data-e-type=\"widget\" data-widget_type=\"heading.default\">\n\t\t\t\t<div class=\"elementor-widget-container\">\n\t\t\t\t\t<h3 class=\"elementor-heading-title elementor-size-default\">Puanl\u0131 ehliyet<\/h3>\t\t\t\t<\/div>\n\t\t\t\t<\/div>\n\t\t\t\t<div class=\"elementor-element elementor-element-8a6f7f8 color-scheme-inherit text-left elementor-widget elementor-widget-text-editor\" data-id=\"8a6f7f8\" data-element_type=\"widget\" data-e-type=\"widget\" data-widget_type=\"text-editor.default\">\n\t\t\t\t<div class=\"elementor-widget-container\">\n\t\t\t\t\t\t\t\t\tPuanl\u0131 ehliyet, alkoll\u00fc ara\u00e7 kullan\u0131m\u0131n\u0131 \u00f6nlemek i\u00e7in t\u00fcm s\u00fcr\u00fcc\u00fclere uygulanan bir sistemdir. Be\u015f y\u0131l i\u00e7inde kandaki alkol oran\u0131 en az 1.3 iken iki kez yakalan\u0131rsan\u0131z ehliyetinizi kaybedersiniz. Puanl\u0131 ehliyet hakk\u0131nda daha fazla bilgi edinin.\n\n\t\t\t\t\t\t\t\t<\/div>\n\t\t\t\t<\/div>\n\t\t\t\t<div class=\"elementor-element elementor-element-79bc39b elementor-widget elementor-widget-spacer\" data-id=\"79bc39b\" data-element_type=\"widget\" data-e-type=\"widget\" data-widget_type=\"spacer.default\">\n\t\t\t\t<div class=\"elementor-widget-container\">\n\t\t\t\t\t\t\t<div class=\"elementor-spacer\">\n\t\t\t<div class=\"elementor-spacer-inner\"><\/div>\n\t\t<\/div>\n\t\t\t\t\t\t<\/div>\n\t\t\t\t<\/div>\n\t\t\t\t<div class=\"elementor-element elementor-element-163cff7 elementor-widget elementor-widget-heading\" data-id=\"163cff7\" data-element_type=\"widget\" data-e-type=\"widget\" data-widget_type=\"heading.default\">\n\t\t\t\t<div class=\"elementor-widget-container\">\n\t\t\t\t\t<h3 class=\"elementor-heading-title elementor-size-default\">S\u00fcr\u00fcc\u00fc belgesi \u015fikayet \u00fczerine geri al\u0131nd\u0131<\/h3>\t\t\t\t<\/div>\n\t\t\t\t<\/div>\n\t\t\t\t<div class=\"elementor-element elementor-element-268b21f color-scheme-inherit text-left elementor-widget elementor-widget-text-editor\" data-id=\"268b21f\" data-element_type=\"widget\" data-e-type=\"widget\" data-widget_type=\"text-editor.default\">\n\t\t\t\t<div class=\"elementor-widget-container\">\n\t\t\t\t\t\t\t\t\t<p>Ehliyetinize el konulduktan sonra konu savc\u0131l\u0131\u011fa intikal ettirilecek ve savc\u0131l\u0131k 10 g\u00fcn i\u00e7inde ehliyetinizin geri al\u0131nmas\u0131na karar verecektir. Dava alt\u0131 ay i\u00e7inde mahkemeye sunulacakt\u0131r. Savc\u0131 ayr\u0131ca, \u00f6zellikle y\u00fcksek alkol seviyesi, uyu\u015fturucu kullan\u0131m\u0131 veya tekrarlanan su\u00e7lar durumunda ehliyetinizi CBR'ye g\u00f6ndermeye karar verebilir.<\/p><p>Ehliyetinizin iadesi i\u00e7in m\u00fcmk\u00fcn olan en k\u0131sa s\u00fcrede bir \u015fikayet bildiriminde bulunman\u0131z \u00f6nemlidir. \u015eikayet bildirimi, bir ki\u015finin bir devlet kurumunun ald\u0131\u011f\u0131 bir karara kar\u015f\u0131 \u015fikayet veya protesto etmek i\u00e7in mahkemeye yazd\u0131\u011f\u0131 bir mektuptur.<\/p>\t\t\t\t\t\t\t\t<\/div>\n\t\t\t\t<\/div>\n\t\t\t\t<div class=\"elementor-element elementor-element-ad59f66 elementor-widget elementor-widget-spacer\" data-id=\"ad59f66\" data-element_type=\"widget\" data-e-type=\"widget\" data-widget_type=\"spacer.default\">\n\t\t\t\t<div class=\"elementor-widget-container\">\n\t\t\t\t\t\t\t<div class=\"elementor-spacer\">\n\t\t\t<div class=\"elementor-spacer-inner\"><\/div>\n\t\t<\/div>\n\t\t\t\t\t\t<\/div>\n\t\t\t\t<\/div>\n\t\t\t\t<div class=\"elementor-element elementor-element-61ebe16 elementor-widget elementor-widget-heading\" data-id=\"61ebe16\" data-element_type=\"widget\" data-e-type=\"widget\" data-widget_type=\"heading.default\">\n\t\t\t\t<div class=\"elementor-widget-container\">\n\t\t\t\t\t<h3 class=\"elementor-heading-title elementor-size-default\">Avukat alkoll\u00fc ara\u00e7 kullanma<\/h3>\t\t\t\t<\/div>\n\t\t\t\t<\/div>\n\t\t\t\t<div class=\"elementor-element elementor-element-d10e8b1 color-scheme-inherit text-left elementor-widget elementor-widget-text-editor\" data-id=\"d10e8b1\" data-element_type=\"widget\" data-e-type=\"widget\" data-widget_type=\"text-editor.default\">\n\t\t\t\t<div class=\"elementor-widget-container\">\n\t\t\t\t\t\t\t\t\t<p>Bu nedenle, davan\u0131z\u0131 savunman\u0131zda size yard\u0131mc\u0131 olabilecek ve sonraki ad\u0131mlar\u0131 belirleyebilecek bir avukata sunman\u0131z \u00f6nerilir.<\/p><p>Biriyle ileti\u015fime ge\u00e7in <a href=\"https:\/\/www.derbedrosian.nl\/tr\/avukatlar\/\">deneyimli avukatlar\u0131m\u0131z<\/a> bir dan\u0131\u015fma i\u00e7in. Derbedrosian Hukuk B\u00fcrosu'ndaki avukatlar\u0131m\u0131z trafik ceza hukuku alan\u0131nda uzun y\u0131llara dayanan deneyime sahiptir ve sizin i\u00e7in en iyi sonucu elde etmek i\u00e7in bilgilerini i\u015fe koyacaklard\u0131r.<\/p>\t\t\t\t\t\t\t\t<\/div>\n\t\t\t\t<\/div>\n\t\t\t\t\t<\/div>\n\t\t\t\t<\/div>\n\t\t\t\t<\/div>","protected":false},"excerpt":{"rendered":"<p>alkoll\u00fc ara\u00e7 kullanma avukat\u0131 avukat alkoll\u00fc ara\u00e7 kullanma alkoll\u00fc ara\u00e7 kullanma polis ehliyetine el konulmas\u0131 avukat ceza hukuku overijssel avukat<\/p>","protected":false},"author":1,"featured_media":0,"parent":10047,"menu_order":0,"comment_status":"closed","ping_status":"closed","template":"","meta":{"footnotes":""},"class_list":["post-10552","page","type-page","status-publish","hentry"],"_links":{"self":[{"href":"https:\/\/www.derbedrosian.nl\/tr\/wp-json\/wp\/v2\/pages\/10552","targetHints":{"allow":["GET"]}}],"collection":[{"href":"https:\/\/www.derbedrosian.nl\/tr\/wp-json\/wp\/v2\/pages"}],"about":[{"href":"https:\/\/www.derbedrosian.nl\/tr\/wp-json\/wp\/v2\/types\/page"}],"author":[{"embeddable":true,"href":"https:\/\/www.derbedrosian.nl\/tr\/wp-json\/wp\/v2\/users\/1"}],"replies":[{"embeddable":true,"href":"https:\/\/www.derbedrosian.nl\/tr\/wp-json\/wp\/v2\/comments?post=10552"}],"version-history":[{"count":0,"href":"https:\/\/www.derbedrosian.nl\/tr\/wp-json\/wp\/v2\/pages\/10552\/revisions"}],"up":[{"embeddable":true,"href":"https:\/\/www.derbedrosian.nl\/tr\/wp-json\/wp\/v2\/pages\/10047"}],"wp:attachment":[{"href":"https:\/\/www.derbedrosian.nl\/tr\/wp-json\/wp\/v2\/media?parent=10552"}],"curies":[{"name":"wp","href":"https:\/\/api.w.org\/{rel}","templated":true}]}}