{"id":10547,"date":"2023-05-26T10:18:03","date_gmt":"2023-05-26T08:18:03","guid":{"rendered":"https:\/\/derbedrosian.nl\/?page_id=10547"},"modified":"2025-12-21T14:45:31","modified_gmt":"2025-12-21T12:45:31","slug":"ehliyete-el-konuldu","status":"publish","type":"page","link":"https:\/\/www.derbedrosian.nl\/tr\/rechtsgebieden\/strafrecht\/rijbewijs-in-beslag-genomen\/","title":{"rendered":"Ehliyete el konuldu"},"content":{"rendered":"<div data-elementor-type=\"wp-page\" data-elementor-id=\"10547\" class=\"elementor elementor-10547\" data-elementor-post-type=\"page\">\n\t\t\t\t<div class=\"wd-negative-gap elementor-element elementor-element-f1b907f e-flex e-con-boxed e-con e-parent\" data-id=\"f1b907f\" data-element_type=\"container\" data-e-type=\"container\">\n\t\t\t\t\t<div class=\"e-con-inner\">\n\t\t\t\t<div class=\"elementor-element elementor-element-87a6118 elementor-hidden-desktop elementor-hidden-tablet elementor-hidden-mobile elementor-widget elementor-widget-wd_image_or_svg\" data-id=\"87a6118\" data-element_type=\"widget\" data-e-type=\"widget\" id=\"seo-word\" data-widget_type=\"wd_image_or_svg.default\">\n\t\t\t\t<div class=\"elementor-widget-container\">\n\t\t\t\t\t\n\t\t<div class=\"wd-image text-left\">\n\t\t\t\t\t\t\t\t<img loading=\"lazy\" decoding=\"async\" width=\"1000\" height=\"667\" src=\"https:\/\/www.derbedrosian.nl\/wp-content\/uploads\/rechtsgebied-rijbewijs-in-beslag-genomen.jpg\" class=\"attachment-full size-full\" alt=\"ehliyete el konuldu \u015fimdi ne olacak avukat ehliyete el konuldu ceza\" srcset=\"https:\/\/www.derbedrosian.nl\/wp-content\/uploads\/rechtsgebied-rijbewijs-in-beslag-genomen.jpg 1000w, https:\/\/www.derbedrosian.nl\/wp-content\/uploads\/rechtsgebied-rijbewijs-in-beslag-genomen-400x267.jpg 400w, https:\/\/www.derbedrosian.nl\/wp-content\/uploads\/rechtsgebied-rijbewijs-in-beslag-genomen-768x512.jpg 768w\" sizes=\"auto, (max-width: 1000px) 100vw, 1000px\" title=\"\">\t\t\t\t\t<\/div>\n\n\t\t\t\t\t\t<\/div>\n\t\t\t\t<\/div>\n\t\t\t\t<div class=\"elementor-element elementor-element-8dc8f81 elementor-hidden-desktop elementor-hidden-tablet elementor-hidden-mobile elementor-widget elementor-widget-heading\" data-id=\"8dc8f81\" data-element_type=\"widget\" data-e-type=\"widget\" id=\"seo-word\" data-widget_type=\"heading.default\">\n\t\t\t\t<div class=\"elementor-widget-container\">\n\t\t\t\t\t<h2 class=\"elementor-heading-title elementor-size-default\">sarho\u015f ara\u00e7 kullanma<\/h2>\t\t\t\t<\/div>\n\t\t\t\t<\/div>\n\t\t\t\t<div class=\"elementor-element elementor-element-b678394 elementor-hidden-desktop elementor-hidden-tablet elementor-hidden-mobile elementor-widget elementor-widget-heading\" data-id=\"b678394\" data-element_type=\"widget\" data-e-type=\"widget\" id=\"seo-word\" data-widget_type=\"heading.default\">\n\t\t\t\t<div class=\"elementor-widget-container\">\n\t\t\t\t\t<h5 class=\"elementor-heading-title elementor-size-default\">el konulan s\u00fcr\u00fcc\u00fc belgesi<\/h5>\t\t\t\t<\/div>\n\t\t\t\t<\/div>\n\t\t\t\t<div class=\"elementor-element elementor-element-0e5519a elementor-hidden-desktop elementor-hidden-tablet elementor-hidden-mobile elementor-widget elementor-widget-heading\" data-id=\"0e5519a\" data-element_type=\"widget\" data-e-type=\"widget\" id=\"seo-word\" data-widget_type=\"heading.default\">\n\t\t\t\t<div class=\"elementor-widget-container\">\n\t\t\t\t\t<h5 class=\"elementor-heading-title elementor-size-default\">Ehliyetime el konuldu. \u015eimdi ne olacak? <\/h5>\t\t\t\t<\/div>\n\t\t\t\t<\/div>\n\t\t\t\t<div class=\"elementor-element elementor-element-d24e106 elementor-hidden-desktop elementor-hidden-tablet elementor-hidden-mobile elementor-widget elementor-widget-heading\" data-id=\"d24e106\" data-element_type=\"widget\" data-e-type=\"widget\" id=\"seo-word\" data-widget_type=\"heading.default\">\n\t\t\t\t<div class=\"elementor-widget-container\">\n\t\t\t\t\t<h5 class=\"elementor-heading-title elementor-size-default\">\u015eik\u00e2yet \u00fczerine el konulan ehliyet<\/h5>\t\t\t\t<\/div>\n\t\t\t\t<\/div>\n\t\t\t\t<div class=\"elementor-element elementor-element-4ed80a9 elementor-hidden-desktop elementor-hidden-tablet elementor-hidden-mobile elementor-widget elementor-widget-heading\" data-id=\"4ed80a9\" data-element_type=\"widget\" data-e-type=\"widget\" id=\"seo-word\" data-widget_type=\"heading.default\">\n\t\t\t\t<div class=\"elementor-widget-container\">\n\t\t\t\t\t<h5 class=\"elementor-heading-title elementor-size-default\">el konulan ehliyet avukat geri al\u0131nan ehliyetim<\/h5>\t\t\t\t<\/div>\n\t\t\t\t<\/div>\n\t\t\t\t<div class=\"elementor-element elementor-element-e284f31 elementor-hidden-desktop elementor-hidden-tablet elementor-hidden-mobile elementor-widget elementor-widget-heading\" data-id=\"e284f31\" data-element_type=\"widget\" data-e-type=\"widget\" id=\"seo-word\" data-widget_type=\"heading.default\">\n\t\t\t\t<div class=\"elementor-widget-container\">\n\t\t\t\t\t<h5 class=\"elementor-heading-title elementor-size-default\">savci tarafindan el konulan ehli\u0307yet i\u0307ade edi\u0307len ehli\u0307yet prosed\u00fcr\u00fc<\/h5>\t\t\t\t<\/div>\n\t\t\t\t<\/div>\n\t\t\t\t<div class=\"elementor-element elementor-element-b533a03 elementor-hidden-desktop elementor-hidden-tablet elementor-hidden-mobile elementor-widget elementor-widget-heading\" data-id=\"b533a03\" data-element_type=\"widget\" data-e-type=\"widget\" id=\"seo-word\" data-widget_type=\"heading.default\">\n\t\t\t\t<div class=\"elementor-widget-container\">\n\t\t\t\t\t<h5 class=\"elementor-heading-title elementor-size-default\">s\u00fcr\u00fcc\u00fc belgeleri\u0307 merkez ofi\u0307si\u0307ne g\u00f6nderi\u0307ldi\u0307<\/h5>\t\t\t\t<\/div>\n\t\t\t\t<\/div>\n\t\t\t\t<div class=\"elementor-element elementor-element-b38fe6f elementor-hidden-desktop elementor-hidden-tablet elementor-hidden-mobile elementor-widget elementor-widget-heading\" data-id=\"b38fe6f\" data-element_type=\"widget\" data-e-type=\"widget\" id=\"seo-word\" data-widget_type=\"heading.default\">\n\t\t\t\t<div class=\"elementor-widget-container\">\n\t\t\t\t\t<h5 class=\"elementor-heading-title elementor-size-default\">avukat ceza hukuku overijssel<\/h5>\t\t\t\t<\/div>\n\t\t\t\t<\/div>\n\t\t\t\t<div class=\"elementor-element elementor-element-43a5ac6 elementor-hidden-desktop elementor-hidden-tablet elementor-hidden-mobile elementor-widget elementor-widget-heading\" data-id=\"43a5ac6\" data-element_type=\"widget\" data-e-type=\"widget\" id=\"seo-word\" data-widget_type=\"heading.default\">\n\t\t\t\t<div class=\"elementor-widget-container\">\n\t\t\t\t\t<h5 class=\"elementor-heading-title elementor-size-default\">avukat ceza hukuku enschede<\/h5>\t\t\t\t<\/div>\n\t\t\t\t<\/div>\n\t\t\t\t<div class=\"elementor-element elementor-element-23051d2 elementor-hidden-desktop elementor-hidden-tablet elementor-hidden-mobile elementor-widget elementor-widget-heading\" data-id=\"23051d2\" data-element_type=\"widget\" data-e-type=\"widget\" id=\"seo-word\" data-widget_type=\"heading.default\">\n\t\t\t\t<div class=\"elementor-widget-container\">\n\t\t\t\t\t<h5 class=\"elementor-heading-title elementor-size-default\">ceza hukuku enschede<\/h5>\t\t\t\t<\/div>\n\t\t\t\t<\/div>\n\t\t\t\t<div class=\"elementor-element elementor-element-471a272 elementor-hidden-desktop elementor-hidden-tablet elementor-hidden-mobile elementor-widget elementor-widget-heading\" data-id=\"471a272\" data-element_type=\"widget\" data-e-type=\"widget\" id=\"seo-word\" data-widget_type=\"heading.default\">\n\t\t\t\t<div class=\"elementor-widget-container\">\n\t\t\t\t\t<h5 class=\"elementor-heading-title elementor-size-default\">ceza avukati enschede<\/h5>\t\t\t\t<\/div>\n\t\t\t\t<\/div>\n\t\t\t\t<div class=\"elementor-element elementor-element-8332f45 elementor-hidden-desktop elementor-hidden-tablet elementor-hidden-mobile elementor-widget elementor-widget-heading\" data-id=\"8332f45\" data-element_type=\"widget\" data-e-type=\"widget\" id=\"seo-word\" data-widget_type=\"heading.default\">\n\t\t\t\t<div class=\"elementor-widget-container\">\n\t\t\t\t\t<h5 class=\"elementor-heading-title elementor-size-default\">Enschede'de bulunuyorsan\u0131z ve alkoll\u00fc ara\u00e7 kullanma ve ehliyetinize el konulmas\u0131 konusunda hukuki yard\u0131ma ihtiyac\u0131n\u0131z varsa, Derbedrosian Criminal Lawyers'\u0131n ceza avukatlar\u0131na g\u00fcvenebilirsiniz. Enschede, Overijssel'deki avukatlar\u0131m\u0131z m\u00fckemmel bir \u00fcne sahiptir ve ceza davalar\u0131nda uzmand\u0131r.\n\nEhliyetiniz savc\u0131 taraf\u0131ndan iptal edildi\u011finde ne yapman\u0131z gerekti\u011fini anlaman\u0131z \u00e7ok \u00f6nemlidir. Geri al\u0131nan bir ehliyetle ilgili prosed\u00fcr karma\u015f\u0131k olabilir. Ehliyetiniz genellikle Merkezi Ehliyet B\u00fcrosuna g\u00f6nderilir. B\u00f6yle bir durumda, hukuki dan\u0131\u015fmanl\u0131k almak hayati \u00f6nem ta\u015f\u0131maktad\u0131r.\n\nEnschede'deki avukatlar\u0131m\u0131z, el konulduktan sonra ehliyetinizi geri alma prosed\u00fcr\u00fcnde size tavsiyelerde bulunabilir ve yard\u0131mc\u0131 olabilir. Kendinizi bu durumla kar\u015f\u0131 kar\u015f\u0131ya bulursan\u0131z, profesyonel hukuki yard\u0131m i\u00e7in Derbedrosian Criminal Lawyers ile ileti\u015fime ge\u00e7mekten \u00e7ekinmeyin.\n\n\n\n\n<\/h5>\t\t\t\t<\/div>\n\t\t\t\t<\/div>\n\t\t\t\t<div class=\"elementor-element elementor-element-83779cf color-scheme-inherit text-left elementor-widget elementor-widget-text-editor\" data-id=\"83779cf\" data-element_type=\"widget\" data-e-type=\"widget\" data-widget_type=\"text-editor.default\">\n\t\t\t\t<div class=\"elementor-widget-container\">\n\t\t\t\t\t\t\t\t\t<p><strong>Ehliyetinize el mi konuldu? Ehliyetinize el konulmas\u0131 \u00f6zellikle can s\u0131k\u0131c\u0131 olabilir. Sonu\u00e7 olarak, uzun bir s\u00fcre ara\u00e7 kullanman\u0131za izin verilmeyebilir. Bu nas\u0131l oldu ve m\u00fcmk\u00fcn olan en k\u0131sa s\u00fcrede geri almak i\u00e7in ne yapabilirsiniz?<\/strong><\/p>\t\t\t\t\t\t\t\t<\/div>\n\t\t\t\t<\/div>\n\t\t\t\t<div class=\"elementor-element elementor-element-a1858b7 elementor-widget elementor-widget-spacer\" data-id=\"a1858b7\" data-element_type=\"widget\" data-e-type=\"widget\" data-widget_type=\"spacer.default\">\n\t\t\t\t<div class=\"elementor-widget-container\">\n\t\t\t\t\t\t\t<div class=\"elementor-spacer\">\n\t\t\t<div class=\"elementor-spacer-inner\"><\/div>\n\t\t<\/div>\n\t\t\t\t\t\t<\/div>\n\t\t\t\t<\/div>\n\t\t\t\t<div class=\"elementor-element elementor-element-e1fc263 elementor-widget elementor-widget-heading\" data-id=\"e1fc263\" data-element_type=\"widget\" data-e-type=\"widget\" data-widget_type=\"heading.default\">\n\t\t\t\t<div class=\"elementor-widget-container\">\n\t\t\t\t\t<h3 class=\"elementor-heading-title elementor-size-default\">\"Ehliyete el konuldu\" derken tam olarak ne kastediliyor?<\/h3>\t\t\t\t<\/div>\n\t\t\t\t<\/div>\n\t\t\t\t<div class=\"elementor-element elementor-element-d3d5628 color-scheme-inherit text-left elementor-widget elementor-widget-text-editor\" data-id=\"d3d5628\" data-element_type=\"widget\" data-e-type=\"widget\" data-widget_type=\"text-editor.default\">\n\t\t\t\t<div class=\"elementor-widget-container\">\n\t\t\t\t\t\t\t\t\t<p>Ehliyetinize el konuldu\u011funda, ge\u00e7ici olarak ara\u00e7 kullanmaktan men edilirsiniz ve bu durum para cezalar\u0131, mahkeme i\u015flemleri veya ehliyetinizi geri almadan \u00f6nce bir kursa kat\u0131lma zorunlulu\u011fu gibi ba\u015fka yasal i\u015flemlere yol a\u00e7abilir. Bu tedbirin amac\u0131 genellikle yol g\u00fcvenli\u011fini sa\u011flamak ve trafik kurallar\u0131n\u0131 ihlal eden veya alkoll\u00fc ara\u00e7 kullanan s\u00fcr\u00fcc\u00fclerin ge\u00e7ici olarak yoldan \u00e7ekilmesini sa\u011flamakt\u0131r.<\/p>\t\t\t\t\t\t\t\t<\/div>\n\t\t\t\t<\/div>\n\t\t\t\t<div class=\"elementor-element elementor-element-5114db3 elementor-widget elementor-widget-spacer\" data-id=\"5114db3\" data-element_type=\"widget\" data-e-type=\"widget\" data-widget_type=\"spacer.default\">\n\t\t\t\t<div class=\"elementor-widget-container\">\n\t\t\t\t\t\t\t<div class=\"elementor-spacer\">\n\t\t\t<div class=\"elementor-spacer-inner\"><\/div>\n\t\t<\/div>\n\t\t\t\t\t\t<\/div>\n\t\t\t\t<\/div>\n\t\t\t\t<div class=\"elementor-element elementor-element-8af88ff elementor-widget elementor-widget-heading\" data-id=\"8af88ff\" data-element_type=\"widget\" data-e-type=\"widget\" data-widget_type=\"heading.default\">\n\t\t\t\t<div class=\"elementor-widget-container\">\n\t\t\t\t\t<h3 class=\"elementor-heading-title elementor-size-default\">Kan\u0131tlara el koyma nedenleri<\/h3>\t\t\t\t<\/div>\n\t\t\t\t<\/div>\n\t\t\t\t<div class=\"elementor-element elementor-element-82d3e6c color-scheme-inherit text-left elementor-widget elementor-widget-text-editor\" data-id=\"82d3e6c\" data-element_type=\"widget\" data-e-type=\"widget\" data-widget_type=\"text-editor.default\">\n\t\t\t\t<div class=\"elementor-widget-container\">\n\t\t\t\t\t\t\t\t\t<p>Davran\u0131\u015flar\u0131n\u0131z karayolu g\u00fcvenli\u011fi i\u00e7in \u00f6nemli riskler olu\u015fturuyorsa polis ehliyetinize el koymaya karar verebilir. A\u015fa\u011f\u0131da, di\u011ferlerinin yan\u0131 s\u0131ra ehliyetinize el konulabilecek baz\u0131 durumlar yer almaktad\u0131r:<\/p><ul><li><strong>Uyu\u015fturucu kullan\u0131m\u0131:<\/strong>\u00a0Uyu\u015fturucu etkisi alt\u0131nda ara\u00e7 kullan\u0131rsan\u0131z ve belirlenen 50 mikrogram amfetamin, 3 mikrogram esrar, 20 mikrogram morfin veya 10 miligram GHB s\u0131n\u0131rlar\u0131n\u0131 a\u015farsan\u0131z.<\/li><li><strong>Alkol i\u00e7eri\u011fi:<\/strong>\u00a0Kan\u0131n\u0131zdaki alkol seviyesi 1.3 promili a\u015ft\u0131\u011f\u0131nda. Acemi s\u00fcr\u00fcc\u00fcler i\u00e7in s\u0131n\u0131r 0,8 promildir.<\/li><li><strong>Alkol testini reddetme:<\/strong>\u00a0Alkolmetre veya kan testi gibi bir alkol testinde i\u015fbirli\u011fi yapmay\u0131 reddetti\u011finizde.<\/li><li><strong>Tehlikeli s\u00fcr\u00fc\u015f:<\/strong>\u00a0Yol g\u00fcvenli\u011fini tehlikeye atan tehlikeli s\u00fcr\u00fc\u015f davran\u0131\u015flar\u0131 i\u00e7in.<\/li><li><strong>A\u015f\u0131r\u0131 h\u0131z:<\/strong>\u00a0ge\u00e7erli h\u0131z s\u0131n\u0131r\u0131n\u0131 saatte 50 kilometre veya daha fazla a\u015farsan\u0131z. Motosikletler i\u00e7in bu \u00f6nlem saatte 30 kilometre veya daha fazla h\u0131z yapt\u0131\u011f\u0131n\u0131zda uygulan\u0131r.<\/li><\/ul><p>Bu durumlarda ehliyete el konulmas\u0131, yol g\u00fcvenli\u011fini sa\u011flamak ve kendinize ve di\u011fer yol kullan\u0131c\u0131lar\u0131na y\u00f6nelik riskleri azaltmak i\u00e7in tasarlanm\u0131\u015ft\u0131r. Ehliyetinizle ilgili sorunlardan ka\u00e7\u0131nmak i\u00e7in sorumlu bir \u015fekilde ara\u00e7 kullanman\u0131z ve ge\u00e7erli trafik kurallar\u0131na ve d\u00fczenlemelerine uyman\u0131z \u00f6nemlidir.<\/p>\t\t\t\t\t\t\t\t<\/div>\n\t\t\t\t<\/div>\n\t\t\t\t<div class=\"elementor-element elementor-element-ff56a78 elementor-widget elementor-widget-spacer\" data-id=\"ff56a78\" data-element_type=\"widget\" data-e-type=\"widget\" data-widget_type=\"spacer.default\">\n\t\t\t\t<div class=\"elementor-widget-container\">\n\t\t\t\t\t\t\t<div class=\"elementor-spacer\">\n\t\t\t<div class=\"elementor-spacer-inner\"><\/div>\n\t\t<\/div>\n\t\t\t\t\t\t<\/div>\n\t\t\t\t<\/div>\n\t\t\t\t<div class=\"elementor-element elementor-element-3ced62d elementor-widget elementor-widget-heading\" data-id=\"3ced62d\" data-element_type=\"widget\" data-e-type=\"widget\" data-widget_type=\"heading.default\">\n\t\t\t\t<div class=\"elementor-widget-container\">\n\t\t\t\t\t<h3 class=\"elementor-heading-title elementor-size-default\">Ehliyetimi geri alma \u015fans\u0131m var m\u0131?  <\/h3>\t\t\t\t<\/div>\n\t\t\t\t<\/div>\n\t\t\t\t<div class=\"elementor-element elementor-element-76aa59e color-scheme-inherit text-left elementor-widget elementor-widget-text-editor\" data-id=\"76aa59e\" data-element_type=\"widget\" data-e-type=\"widget\" data-widget_type=\"text-editor.default\">\n\t\t\t\t<div class=\"elementor-widget-container\">\n\t\t\t\t\t\t\t\t\t<p>\u015eikayette a\u015fa\u011f\u0131daki birka\u00e7 detay\u0131n a\u00e7\u0131k\u00e7a belirtilmesi \u00f6nemlidir:<\/p><ul><li><strong>\u0130tiraz\u0131n Dayana\u011f\u0131:<\/strong> Talebiniz, ehliyetinizin iptal edilmesini neden kabul etmedi\u011finizi dikkatli bir \u015fekilde a\u00e7\u0131klamal\u0131d\u0131r.<\/li><li><strong>Ek Sonu\u00e7lar:<\/strong> Ayr\u0131ca, ehliyetinize ge\u00e7ici olarak el konulmas\u0131n\u0131n, \u00f6rne\u011fin t\u0131bbi nedenler, i\u015f i\u00e7in ehliyetinize ihtiya\u00e7 duyulmas\u0131 veya sosyal y\u00fck\u00fcml\u00fcl\u00fckler gibi nedenlerle sizin i\u00e7in ek bir etkisi olaca\u011f\u0131n\u0131 a\u00e7\u0131k\u00e7a belirtmelisiniz.<\/li><li><strong>Tarih ve \u0130mza:<\/strong> Talebinizi tamamlamak i\u00e7in do\u011fru tarih ve imzan\u0131zla kapat\u0131n.<\/li><\/ul><p>Bu y\u00f6nergeleri takip eden iyi temellendirilmi\u015f bir talep, \u00f6zellikle alkoll\u00fc ara\u00e7 kullanman\u0131n bir sonucu olarak ehliyetinize el konulduktan sonra ehliyetinizi geri alman\u0131za yard\u0131mc\u0131 olabilir. Ba\u015far\u0131 \u015fans\u0131n\u0131z\u0131 art\u0131rmak i\u00e7in bu prosed\u00fcr\u00fc ciddiye alman\u0131z ve gerekli t\u00fcm bilgileri do\u011fru bir \u015fekilde sa\u011flaman\u0131z \u00e7ok \u00f6nemlidir.<\/p>\t\t\t\t\t\t\t\t<\/div>\n\t\t\t\t<\/div>\n\t\t\t\t<div class=\"elementor-element elementor-element-4f7609e elementor-widget elementor-widget-spacer\" data-id=\"4f7609e\" data-element_type=\"widget\" data-e-type=\"widget\" data-widget_type=\"spacer.default\">\n\t\t\t\t<div class=\"elementor-widget-container\">\n\t\t\t\t\t\t\t<div class=\"elementor-spacer\">\n\t\t\t<div class=\"elementor-spacer-inner\"><\/div>\n\t\t<\/div>\n\t\t\t\t\t\t<\/div>\n\t\t\t\t<\/div>\n\t\t\t\t<div class=\"elementor-element elementor-element-14babba elementor-widget elementor-widget-heading\" data-id=\"14babba\" data-element_type=\"widget\" data-e-type=\"widget\" data-widget_type=\"heading.default\">\n\t\t\t\t<div class=\"elementor-widget-container\">\n\t\t\t\t\t<h3 class=\"elementor-heading-title elementor-size-default\">Akland\u0131<\/h3>\t\t\t\t<\/div>\n\t\t\t\t<\/div>\n\t\t\t\t<div class=\"elementor-element elementor-element-0753ab5 color-scheme-inherit text-left elementor-widget elementor-widget-text-editor\" data-id=\"0753ab5\" data-element_type=\"widget\" data-e-type=\"widget\" data-widget_type=\"text-editor.default\">\n\t\t\t\t<div class=\"elementor-widget-container\">\n\t\t\t\t\t\t\t\t\t<p>Ne zaman beraat edece\u011fim?<br \/>Ehliyetiniz elinizden al\u0131nm\u0131\u015f ve hakim taraf\u0131ndan beraat etmi\u015fseniz veya savc\u0131 ceza karar\u0131 vermemeye karar vermi\u015fse, tazminat talebinde bulunma hakk\u0131n\u0131z vard\u0131r. Bu talep, ehliyetinizin elinizden al\u0131nmas\u0131 nedeniyle ara\u00e7 kullanamad\u0131\u011f\u0131n\u0131z i\u00e7in u\u011frad\u0131\u011f\u0131n\u0131z maddi zarara ili\u015fkindir. Bu tazminat talebi de avukat\u0131n\u0131z taraf\u0131ndan sizin ad\u0131n\u0131za haz\u0131rlan\u0131r ve sunulur.<\/p>\t\t\t\t\t\t\t\t<\/div>\n\t\t\t\t<\/div>\n\t\t\t\t<div class=\"elementor-element elementor-element-22f2d46 elementor-widget elementor-widget-spacer\" data-id=\"22f2d46\" data-element_type=\"widget\" data-e-type=\"widget\" data-widget_type=\"spacer.default\">\n\t\t\t\t<div class=\"elementor-widget-container\">\n\t\t\t\t\t\t\t<div class=\"elementor-spacer\">\n\t\t\t<div class=\"elementor-spacer-inner\"><\/div>\n\t\t<\/div>\n\t\t\t\t\t\t<\/div>\n\t\t\t\t<\/div>\n\t\t\t\t<div class=\"elementor-element elementor-element-22a8b6e elementor-widget elementor-widget-heading\" data-id=\"22a8b6e\" data-element_type=\"widget\" data-e-type=\"widget\" data-widget_type=\"heading.default\">\n\t\t\t\t<div class=\"elementor-widget-container\">\n\t\t\t\t\t<h3 class=\"elementor-heading-title elementor-size-default\">Ehliyetiniz al\u0131n\u0131rsa sab\u0131ka kayd\u0131n\u0131z var m\u0131?<\/h3>\t\t\t\t<\/div>\n\t\t\t\t<\/div>\n\t\t\t\t<div class=\"elementor-element elementor-element-df51862 color-scheme-inherit text-left elementor-widget elementor-widget-text-editor\" data-id=\"df51862\" data-element_type=\"widget\" data-e-type=\"widget\" data-widget_type=\"text-editor.default\">\n\t\t\t\t<div class=\"elementor-widget-container\">\n\t\t\t\t\t\t\t\t\t<p>Hay\u0131r, ehliyetinizin ge\u00e7ici olarak iptal edilmi\u015f ya da al\u0131nm\u0131\u015f olmas\u0131 otomatik olarak sab\u0131ka kayd\u0131n\u0131z\u0131n olaca\u011f\u0131 anlam\u0131na gelmez. Ehliyet iptali genellikle alkoll\u00fc ara\u00e7 kullanma veya a\u015f\u0131r\u0131 h\u0131z gibi trafik su\u00e7lar\u0131 nedeniyle al\u0131nan idari bir \u00f6nlemdir. Bu tedbir adli sicil kayd\u0131n\u0131z\u0131 do\u011frudan etkilemez.<\/p><p>Ancak, ehliyetinizin iptal edilmesiyle sonu\u00e7lanan ciddi bir trafik su\u00e7undan mahkum olursan\u0131z, \u00fclkenizdeki yasa ve y\u00f6netmeliklere ba\u011fl\u0131 olarak bu mahkumiyet adli sicil kayd\u0131n\u0131zda g\u00f6r\u00fcnebilir. Sab\u0131ka kayd\u0131 genellikle sadece trafik su\u00e7lar\u0131 i\u00e7in de\u011fil, su\u00e7 te\u015fkil eden faaliyetler i\u00e7in verilen mahkumiyet kararlar\u0131n\u0131n bir sonucudur.<\/p>\t\t\t\t\t\t\t\t<\/div>\n\t\t\t\t<\/div>\n\t\t\t\t<div class=\"elementor-element elementor-element-17a54f5 elementor-widget elementor-widget-spacer\" data-id=\"17a54f5\" data-element_type=\"widget\" data-e-type=\"widget\" data-widget_type=\"spacer.default\">\n\t\t\t\t<div class=\"elementor-widget-container\">\n\t\t\t\t\t\t\t<div class=\"elementor-spacer\">\n\t\t\t<div class=\"elementor-spacer-inner\"><\/div>\n\t\t<\/div>\n\t\t\t\t\t\t<\/div>\n\t\t\t\t<\/div>\n\t\t\t\t<div class=\"elementor-element elementor-element-feae0a4 elementor-widget elementor-widget-heading\" data-id=\"feae0a4\" data-element_type=\"widget\" data-e-type=\"widget\" data-widget_type=\"heading.default\">\n\t\t\t\t<div class=\"elementor-widget-container\">\n\t\t\t\t\t<h3 class=\"elementor-heading-title elementor-size-default\">Ehliyetine el konulan avukat<\/h3>\t\t\t\t<\/div>\n\t\t\t\t<\/div>\n\t\t\t\t<div class=\"elementor-element elementor-element-478a783 color-scheme-inherit text-left elementor-widget elementor-widget-text-editor\" data-id=\"478a783\" data-element_type=\"widget\" data-e-type=\"widget\" data-widget_type=\"text-editor.default\">\n\t\t\t\t<div class=\"elementor-widget-container\">\n\t\t\t\t\t\t\t\t\t<p>Ehliyetinizin ge\u00e7ici veya kal\u0131c\u0131 olarak kaybedilmesi, hareket kabiliyetiniz ve ya\u015fam tarz\u0131n\u0131z \u00fczerinde \u00f6nemli bir etkiye sahip olabilir. Ehliyetinize el konuldu\u011funda, h\u0131zl\u0131 ve etkili bir hukuki tavsiye alman\u0131z \u00e7ok \u00f6nemlidir.<\/p><p>10 g\u00fcnl\u00fck s\u00fcrenin sonunda savc\u0131, talebinize ra\u011fmen tazminat\u0131 vermemeye karar verirse, hakim, savc\u0131 taraf\u0131ndan da bilinen \u015fikayetinizi bir duru\u015fmada dinleyecektir. Burada, ge\u00e7ici tazminat verip vermeyece\u011fine karar verecektir. Duru\u015fmada hakim, ehliyetinizi geri al\u0131p almayaca\u011f\u0131n\u0131za karar verecektir. Bu konuda uzmanla\u015fm\u0131\u015f avukatlar\u0131m\u0131zdan birini tutarsan\u0131z <a href=\"https:\/\/www.derbedrosian.nl\/tr\/yetki%cc%87-alanlari\/ceza-hukuku\/\">ceza hukuku<\/a>Ehliyetinizi m\u00fcmk\u00fcn olan en k\u0131sa s\u00fcrede geri almaya \u00e7al\u0131\u015fmak i\u00e7in sizinle birlikte \u00e7al\u0131\u015facaklard\u0131r.<\/p><p>\u0130leti\u015fime ge\u00e7ti\u011finiz anda <a href=\"https:\/\/www.derbedrosian.nl\/tr\/avukatlar\/\">AVUKATLARIMIZ<\/a>ehliyetinizi geri almak i\u00e7in derhal gerekli ad\u0131mlar\u0131 ataca\u011f\u0131z.\u00a0<\/p>\t\t\t\t\t\t\t\t<\/div>\n\t\t\t\t<\/div>\n\t\t\t\t\t<\/div>\n\t\t\t\t<\/div>\n\t\t\t\t<\/div>","protected":false},"excerpt":{"rendered":"<p>alkoll\u00fc ara\u00e7 kullanma ehliyetine el konulmas\u0131 ehliyetime el konuldu ne yapmal\u0131y\u0131m ehliyetine el konulmas\u0131 hakk\u0131nda \u015fikayet dilek\u00e7esi<\/p>","protected":false},"author":1,"featured_media":0,"parent":10047,"menu_order":0,"comment_status":"closed","ping_status":"closed","template":"","meta":{"footnotes":""},"class_list":["post-10547","page","type-page","status-publish","hentry"],"_links":{"self":[{"href":"https:\/\/www.derbedrosian.nl\/tr\/wp-json\/wp\/v2\/pages\/10547","targetHints":{"allow":["GET"]}}],"collection":[{"href":"https:\/\/www.derbedrosian.nl\/tr\/wp-json\/wp\/v2\/pages"}],"about":[{"href":"https:\/\/www.derbedrosian.nl\/tr\/wp-json\/wp\/v2\/types\/page"}],"author":[{"embeddable":true,"href":"https:\/\/www.derbedrosian.nl\/tr\/wp-json\/wp\/v2\/users\/1"}],"replies":[{"embeddable":true,"href":"https:\/\/www.derbedrosian.nl\/tr\/wp-json\/wp\/v2\/comments?post=10547"}],"version-history":[{"count":0,"href":"https:\/\/www.derbedrosian.nl\/tr\/wp-json\/wp\/v2\/pages\/10547\/revisions"}],"up":[{"embeddable":true,"href":"https:\/\/www.derbedrosian.nl\/tr\/wp-json\/wp\/v2\/pages\/10047"}],"wp:attachment":[{"href":"https:\/\/www.derbedrosian.nl\/tr\/wp-json\/wp\/v2\/media?parent=10547"}],"curies":[{"name":"wp","href":"https:\/\/api.w.org\/{rel}","templated":true}]}}