{"id":10533,"date":"2023-05-26T10:10:12","date_gmt":"2023-05-26T08:10:12","guid":{"rendered":"https:\/\/derbedrosian.nl\/?page_id=10533"},"modified":"2025-12-21T14:43:14","modified_gmt":"2025-12-21T12:43:14","slug":"toplum-hi%cc%87zmeti%cc%87-donusumu","status":"publish","type":"page","link":"https:\/\/www.derbedrosian.nl\/tr\/rechtsgebieden\/strafrecht\/omzetting-taakstraf\/","title":{"rendered":"Kamu hizmetinin d\u00f6n\u00fc\u015ft\u00fcr\u00fclmesi"},"content":{"rendered":"<div data-elementor-type=\"wp-page\" data-elementor-id=\"10533\" class=\"elementor elementor-10533\" data-elementor-post-type=\"page\">\n\t\t\t\t<div class=\"wd-negative-gap elementor-element elementor-element-403d65c e-flex e-con-boxed e-con e-parent\" data-id=\"403d65c\" data-element_type=\"container\" data-e-type=\"container\">\n\t\t\t\t\t<div class=\"e-con-inner\">\n\t\t\t\t<div class=\"elementor-element elementor-element-2bb423b elementor-hidden-desktop elementor-hidden-tablet elementor-hidden-mobile elementor-widget elementor-widget-wd_image_or_svg\" data-id=\"2bb423b\" data-element_type=\"widget\" data-e-type=\"widget\" id=\"seo-word\" data-widget_type=\"wd_image_or_svg.default\">\n\t\t\t\t<div class=\"elementor-widget-container\">\n\t\t\t\t\t\n\t\t<div class=\"wd-image text-left\">\n\t\t\t\t\t\t\t\t<img loading=\"lazy\" decoding=\"async\" width=\"1000\" height=\"667\" src=\"https:\/\/www.derbedrosian.nl\/wp-content\/uploads\/rechtsgebied-omzetting-taakstraf.jpg\" class=\"attachment-full size-full\" alt=\"D\u00f6n\u00fc\u015ft\u00fcrme kamu hizmeti avukat cezas\u0131 hapis cezas\u0131na itiraz\" srcset=\"https:\/\/www.derbedrosian.nl\/wp-content\/uploads\/rechtsgebied-omzetting-taakstraf.jpg 1000w, https:\/\/www.derbedrosian.nl\/wp-content\/uploads\/rechtsgebied-omzetting-taakstraf-400x267.jpg 400w, https:\/\/www.derbedrosian.nl\/wp-content\/uploads\/rechtsgebied-omzetting-taakstraf-768x512.jpg 768w\" sizes=\"auto, (max-width: 1000px) 100vw, 1000px\" title=\"\">\t\t\t\t\t<\/div>\n\n\t\t\t\t\t\t<\/div>\n\t\t\t\t<\/div>\n\t\t\t\t<div class=\"elementor-element elementor-element-d969056 elementor-hidden-desktop elementor-hidden-tablet elementor-hidden-mobile elementor-widget elementor-widget-heading\" data-id=\"d969056\" data-element_type=\"widget\" data-e-type=\"widget\" id=\"seo-word\" data-widget_type=\"heading.default\">\n\t\t\t\t<div class=\"elementor-widget-container\">\n\t\t\t\t\t<h2 class=\"elementor-heading-title elementor-size-default\">toplum hi\u0307zmeti\u0307 <\/h2>\t\t\t\t<\/div>\n\t\t\t\t<\/div>\n\t\t\t\t<div class=\"elementor-element elementor-element-f918450 elementor-hidden-desktop elementor-hidden-tablet elementor-hidden-mobile elementor-widget elementor-widget-heading\" data-id=\"f918450\" data-element_type=\"widget\" data-e-type=\"widget\" id=\"seo-word\" data-widget_type=\"heading.default\">\n\t\t\t\t<div class=\"elementor-widget-container\">\n\t\t\t\t\t<h5 class=\"elementor-heading-title elementor-size-default\">g\u00f6zalt\u0131<\/h5>\t\t\t\t<\/div>\n\t\t\t\t<\/div>\n\t\t\t\t<div class=\"elementor-element elementor-element-0766c99 elementor-hidden-desktop elementor-hidden-tablet elementor-hidden-mobile elementor-widget elementor-widget-heading\" data-id=\"0766c99\" data-element_type=\"widget\" data-e-type=\"widget\" id=\"seo-word\" data-widget_type=\"heading.default\">\n\t\t\t\t<div class=\"elementor-widget-container\">\n\t\t\t\t\t<h5 class=\"elementor-heading-title elementor-size-default\">toplum hi\u0307zmeti\u0307 avukati<\/h5>\t\t\t\t<\/div>\n\t\t\t\t<\/div>\n\t\t\t\t<div class=\"elementor-element elementor-element-8c493de elementor-hidden-desktop elementor-hidden-tablet elementor-hidden-mobile elementor-widget elementor-widget-heading\" data-id=\"8c493de\" data-element_type=\"widget\" data-e-type=\"widget\" id=\"seo-word\" data-widget_type=\"heading.default\">\n\t\t\t\t<div class=\"elementor-widget-container\">\n\t\t\t\t\t<h5 class=\"elementor-heading-title elementor-size-default\">itiraz d\u00f6n\u00fc\u015f\u00fcm toplum hizmeti<\/h5>\t\t\t\t<\/div>\n\t\t\t\t<\/div>\n\t\t\t\t<div class=\"elementor-element elementor-element-7875193 elementor-hidden-desktop elementor-hidden-tablet elementor-hidden-mobile elementor-widget elementor-widget-heading\" data-id=\"7875193\" data-element_type=\"widget\" data-e-type=\"widget\" id=\"seo-word\" data-widget_type=\"heading.default\">\n\t\t\t\t<div class=\"elementor-widget-container\">\n\t\t\t\t\t<h5 class=\"elementor-heading-title elementor-size-default\">Adalet Bakanl\u0131\u011f\u0131, toplum hizmeti cezas\u0131n\u0131n hapis cezas\u0131na \u00e7evrilmesine karar verir. Toplum hizmeti cezas\u0131n\u0131n \u00e7evrilmesine itiraz<\/h5>\t\t\t\t<\/div>\n\t\t\t\t<\/div>\n\t\t\t\t<div class=\"elementor-element elementor-element-c589aee elementor-hidden-desktop elementor-hidden-tablet elementor-hidden-mobile elementor-widget elementor-widget-heading\" data-id=\"c589aee\" data-element_type=\"widget\" data-e-type=\"widget\" id=\"seo-word\" data-widget_type=\"heading.default\">\n\t\t\t\t<div class=\"elementor-widget-container\">\n\t\t\t\t\t<h5 class=\"elementor-heading-title elementor-size-default\">adalet kamu hi\u0307zmeti\u0307ni\u0307 d\u00f6n\u00fc\u015ft\u00fcrmeye karar verdi\u0307<\/h5>\t\t\t\t<\/div>\n\t\t\t\t<\/div>\n\t\t\t\t<div class=\"elementor-element elementor-element-33515d8 elementor-hidden-desktop elementor-hidden-tablet elementor-hidden-mobile elementor-widget elementor-widget-heading\" data-id=\"33515d8\" data-element_type=\"widget\" data-e-type=\"widget\" id=\"seo-word\" data-widget_type=\"heading.default\">\n\t\t\t\t<div class=\"elementor-widget-container\">\n\t\t\t\t\t<h5 class=\"elementor-heading-title elementor-size-default\">d\u00f6n\u00fc\u015f\u00fcme i\u0307ti\u0307raz<\/h5>\t\t\t\t<\/div>\n\t\t\t\t<\/div>\n\t\t\t\t<div class=\"elementor-element elementor-element-9979f10 color-scheme-inherit text-left elementor-widget elementor-widget-text-editor\" data-id=\"9979f10\" data-element_type=\"widget\" data-e-type=\"widget\" data-widget_type=\"text-editor.default\">\n\t\t\t\t<div class=\"elementor-widget-container\">\n\t\t\t\t\t\t\t\t\t<p><strong>Kamu hizmetinin yerine getirilmesi plana g\u00f6re gitmedi\u011finde veya zaman\u0131nda tamamlanmad\u0131\u011f\u0131nda bir kamu hizmeti d\u00f6n\u00fc\u015f\u00fcm\u00fc meydana gelir. Hollanda'da kamu hizmeti sistemi, hafif su\u00e7lar i\u00e7in yayg\u0131n bir cezaland\u0131rma \u015feklidir.<\/strong><\/p><p><strong>Bu metinde, Hollanda'da kamu hizmeti cezalar\u0131n\u0131n d\u00f6n\u00fc\u015ft\u00fcr\u00fclmesi, bunun hangi durumlarda ger\u00e7ekle\u015febilece\u011fi ve b\u00f6yle bir d\u00f6n\u00fc\u015ft\u00fcrmeye nas\u0131l itiraz edilebilece\u011fi \u00fczerinde durulmaktad\u0131r.<\/strong><\/p>\t\t\t\t\t\t\t\t<\/div>\n\t\t\t\t<\/div>\n\t\t\t\t<div class=\"elementor-element elementor-element-8629b9d elementor-widget elementor-widget-spacer\" data-id=\"8629b9d\" data-element_type=\"widget\" data-e-type=\"widget\" data-widget_type=\"spacer.default\">\n\t\t\t\t<div class=\"elementor-widget-container\">\n\t\t\t\t\t\t\t<div class=\"elementor-spacer\">\n\t\t\t<div class=\"elementor-spacer-inner\"><\/div>\n\t\t<\/div>\n\t\t\t\t\t\t<\/div>\n\t\t\t\t<\/div>\n\t\t\t\t<div class=\"elementor-element elementor-element-41d21d2 elementor-widget elementor-widget-heading\" data-id=\"41d21d2\" data-element_type=\"widget\" data-e-type=\"widget\" data-widget_type=\"heading.default\">\n\t\t\t\t<div class=\"elementor-widget-container\">\n\t\t\t\t\t<h3 class=\"elementor-heading-title elementor-size-default\">Toplum hizmeti nedir <\/h3>\t\t\t\t<\/div>\n\t\t\t\t<\/div>\n\t\t\t\t<div class=\"elementor-element elementor-element-2884d5e color-scheme-inherit text-left elementor-widget elementor-widget-text-editor\" data-id=\"2884d5e\" data-element_type=\"widget\" data-e-type=\"widget\" data-widget_type=\"text-editor.default\">\n\t\t\t\t<div class=\"elementor-widget-container\">\n\t\t\t\t\t\t\t\t\t<p>Kamu hizmeti, k\u00fc\u00e7\u00fck su\u00e7lar i\u00e7in kullan\u0131lan bir ceza \u015feklidir. Kamu hizmeti verildi\u011finde, \u00fccretsiz i\u015f yapman\u0131z gerekir. Hollanda'da bir yarg\u0131\u00e7 bir su\u00e7 i\u00e7in size en fazla 240 saat kamu hizmeti verebilir. Kamu hizmetine ek olarak size ba\u015fka cezalar da verilebilir; kamu hizmeti ile birlikte en fazla 6 ay hapis cezas\u0131 verilebilir.<\/p>\t\t\t\t\t\t\t\t<\/div>\n\t\t\t\t<\/div>\n\t\t\t\t<div class=\"elementor-element elementor-element-714b365 elementor-widget elementor-widget-spacer\" data-id=\"714b365\" data-element_type=\"widget\" data-e-type=\"widget\" data-widget_type=\"spacer.default\">\n\t\t\t\t<div class=\"elementor-widget-container\">\n\t\t\t\t\t\t\t<div class=\"elementor-spacer\">\n\t\t\t<div class=\"elementor-spacer-inner\"><\/div>\n\t\t<\/div>\n\t\t\t\t\t\t<\/div>\n\t\t\t\t<\/div>\n\t\t\t\t<div class=\"elementor-element elementor-element-7a9f2e5 elementor-widget elementor-widget-heading\" data-id=\"7a9f2e5\" data-element_type=\"widget\" data-e-type=\"widget\" data-widget_type=\"heading.default\">\n\t\t\t\t<div class=\"elementor-widget-container\">\n\t\t\t\t\t<h3 class=\"elementor-heading-title elementor-size-default\">Kamu hizmetinin d\u00f6n\u00fc\u015ft\u00fcr\u00fclmesi<\/h3>\t\t\t\t<\/div>\n\t\t\t\t<\/div>\n\t\t\t\t<div class=\"elementor-element elementor-element-65b8c0f color-scheme-inherit text-left elementor-widget elementor-widget-text-editor\" data-id=\"65b8c0f\" data-element_type=\"widget\" data-e-type=\"widget\" data-widget_type=\"text-editor.default\">\n\t\t\t\t<div class=\"elementor-widget-container\">\n\t\t\t\t\t\t\t\t\t<p>Genel olarak, Hollanda'da kamu hizmeti genellikle iyi bir \u015fekilde y\u00fcr\u00fct\u00fcl\u00fcr, bu da adalet sistemimiz i\u00e7in \u00f6nemlidir. Ancak bazen maalesef i\u015fler planland\u0131\u011f\u0131 gibi gitmez. Bir ki\u015fi kamu hizmetini zaman\u0131nda tamamlamazsa veya denetimli serbestlik hizmeti iyi gitmedi\u011fini d\u00fc\u015f\u00fcn\u00fcrse, a\u015fa\u011f\u0131dakiler ger\u00e7ekle\u015fir:<\/p><p>\u0130lk olarak, denetimli serbestlik servisi savc\u0131ya (OM) olumsuz g\u00f6r\u00fc\u015f bildirir. Bu, ki\u015finin kamu hizmetini iyi yapmad\u0131\u011f\u0131n\u0131 s\u00f6yledikleri anlam\u0131na gelir. O zaman birka\u00e7 \u015fey olabilir:<\/p><ul><li><strong>Ek kamu hizmeti:<\/strong> Savc\u0131, as\u0131l kamu hizmetini tamamlamas\u0131 i\u00e7in ki\u015fiye ek g\u00f6revler vermeye karar verebilir.<\/li><li><strong>Hapis cezas\u0131:<\/strong> Bazen savc\u0131l\u0131k, ki\u015finin istenenleri s\u00fcrekli olarak yerine getirmemesi halinde, kamu hizmeti yerine hapis cezas\u0131n\u0131n uygulanmas\u0131na karar verebilir.<\/li><\/ul><p>Denetimli serbestlik hizmetinin ve savc\u0131l\u0131\u011f\u0131n her zaman adil ve hakkaniyetli olmaya \u00e7al\u0131\u015ft\u0131\u011f\u0131n\u0131 unutmamak \u00f6nemlidir. Ki\u015finin durumuna bakarlar ve hem toplumu koruyacak hem de ki\u015finin y\u00fck\u00fcml\u00fcl\u00fcklerini yerine getirmesine yard\u0131mc\u0131 olacak \u00e7\u00f6z\u00fcmler bulmaya \u00e7al\u0131\u015f\u0131rlar. Kamu hizmeti ile ilgili sorunlar varsa, ne yapaca\u011f\u0131n\u0131z\u0131 ve neler olabilece\u011fini bilmek i\u00e7in yasal tavsiye almak ak\u0131ll\u0131ca olacakt\u0131r.<\/p>\t\t\t\t\t\t\t\t<\/div>\n\t\t\t\t<\/div>\n\t\t\t\t<div class=\"elementor-element elementor-element-3c7c1c1 elementor-widget elementor-widget-spacer\" data-id=\"3c7c1c1\" data-element_type=\"widget\" data-e-type=\"widget\" data-widget_type=\"spacer.default\">\n\t\t\t\t<div class=\"elementor-widget-container\">\n\t\t\t\t\t\t\t<div class=\"elementor-spacer\">\n\t\t\t<div class=\"elementor-spacer-inner\"><\/div>\n\t\t<\/div>\n\t\t\t\t\t\t<\/div>\n\t\t\t\t<\/div>\n\t\t\t\t<div class=\"elementor-element elementor-element-ed68faa elementor-widget elementor-widget-heading\" data-id=\"ed68faa\" data-element_type=\"widget\" data-e-type=\"widget\" data-widget_type=\"heading.default\">\n\t\t\t\t<div class=\"elementor-widget-container\">\n\t\t\t\t\t<h3 class=\"elementor-heading-title elementor-size-default\">Ne zaman kamu hizmeti alacaks\u0131n? <\/h3>\t\t\t\t<\/div>\n\t\t\t\t<\/div>\n\t\t\t\t<div class=\"elementor-element elementor-element-37dae41 color-scheme-inherit text-left elementor-widget elementor-widget-text-editor\" data-id=\"37dae41\" data-element_type=\"widget\" data-e-type=\"widget\" data-widget_type=\"text-editor.default\">\n\t\t\t\t<div class=\"elementor-widget-container\">\n\t\t\t\t\t\t\t\t\t<p>Kamu hizmeti, \u00fccretsiz i\u015f yapman\u0131z\u0131 gerektiren k\u00fc\u00e7\u00fck su\u00e7lar i\u00e7in bir cezad\u0131r. Mahkeme bir su\u00e7 i\u00e7in 240 saate kadar kamu hizmeti cezas\u0131 verebilir ve bu ceza genellikle hapis cezas\u0131, denetimli serbestlik g\u00f6zetimi veya para cezas\u0131 gibi di\u011fer cezalarla birlikte uygulanabilir. Kamu hizmeti ile birle\u015ftirildi\u011finde, azami hapis cezas\u0131 6 ayd\u0131r.<\/p>\t\t\t\t\t\t\t\t<\/div>\n\t\t\t\t<\/div>\n\t\t\t\t<div class=\"elementor-element elementor-element-f9d5486 elementor-widget elementor-widget-spacer\" data-id=\"f9d5486\" data-element_type=\"widget\" data-e-type=\"widget\" data-widget_type=\"spacer.default\">\n\t\t\t\t<div class=\"elementor-widget-container\">\n\t\t\t\t\t\t\t<div class=\"elementor-spacer\">\n\t\t\t<div class=\"elementor-spacer-inner\"><\/div>\n\t\t<\/div>\n\t\t\t\t\t\t<\/div>\n\t\t\t\t<\/div>\n\t\t\t\t<div class=\"elementor-element elementor-element-0454f61 elementor-widget elementor-widget-heading\" data-id=\"0454f61\" data-element_type=\"widget\" data-e-type=\"widget\" data-widget_type=\"heading.default\">\n\t\t\t\t<div class=\"elementor-widget-container\">\n\t\t\t\t\t<h3 class=\"elementor-heading-title elementor-size-default\">G\u00f6zalt\u0131<\/h3>\t\t\t\t<\/div>\n\t\t\t\t<\/div>\n\t\t\t\t<div class=\"elementor-element elementor-element-262b18b color-scheme-inherit text-left elementor-widget elementor-widget-text-editor\" data-id=\"262b18b\" data-element_type=\"widget\" data-e-type=\"widget\" data-widget_type=\"text-editor.default\">\n\t\t\t\t<div class=\"elementor-widget-container\">\n\t\t\t\t\t\t\t\t\t<p>Neredeyse t\u00fcm davalarda savc\u0131, kamu hizmetinin yerine getirilmeyen k\u0131sm\u0131n\u0131n yerine ikame g\u00f6zalt\u0131 uygulanmas\u0131na karar verecektir. Buna kamu hizmetinin alternatif g\u00f6zalt\u0131 s\u00fcresine d\u00f6n\u00fc\u015ft\u00fcr\u00fclmesi denir. Bu, kamu hizmetinde \u00e7al\u0131\u015f\u0131lmayan her 2 saat i\u00e7in 1 g\u00fcnl\u00fck ikame g\u00f6zalt\u0131 uygulanaca\u011f\u0131 anlam\u0131na gelir.<\/p><p>Bu durumda ki\u015fi kalan kamu hizmetini yerine getirmek yerine belirli bir s\u00fcreyi cezaevinde ge\u00e7irmek zorundad\u0131r. \u0130kame g\u00f6zalt\u0131 s\u00fcresinin tam uzunlu\u011fu genellikle bir orana g\u00f6re hesaplan\u0131r, \u00f6rne\u011fin tamamlanmam\u0131\u015f her 2 saatlik kamu hizmeti i\u00e7in 1 g\u00fcnl\u00fck g\u00f6zalt\u0131 s\u00fcresi gibi.<\/p>\t\t\t\t\t\t\t\t<\/div>\n\t\t\t\t<\/div>\n\t\t\t\t<div class=\"elementor-element elementor-element-b8767c6 elementor-widget elementor-widget-spacer\" data-id=\"b8767c6\" data-element_type=\"widget\" data-e-type=\"widget\" data-widget_type=\"spacer.default\">\n\t\t\t\t<div class=\"elementor-widget-container\">\n\t\t\t\t\t\t\t<div class=\"elementor-spacer\">\n\t\t\t<div class=\"elementor-spacer-inner\"><\/div>\n\t\t<\/div>\n\t\t\t\t\t\t<\/div>\n\t\t\t\t<\/div>\n\t\t\t\t<div class=\"elementor-element elementor-element-b306af1 elementor-widget elementor-widget-heading\" data-id=\"b306af1\" data-element_type=\"widget\" data-e-type=\"widget\" data-widget_type=\"heading.default\">\n\t\t\t\t<div class=\"elementor-widget-container\">\n\t\t\t\t\t<h3 class=\"elementor-heading-title elementor-size-default\">Kamu hizmetinin d\u00f6n\u00fc\u015ft\u00fcr\u00fclmesine itiraz  <\/h3>\t\t\t\t<\/div>\n\t\t\t\t<\/div>\n\t\t\t\t<div class=\"elementor-element elementor-element-f6bf1d4 color-scheme-inherit text-left elementor-widget elementor-widget-text-editor\" data-id=\"f6bf1d4\" data-element_type=\"widget\" data-e-type=\"widget\" data-widget_type=\"text-editor.default\">\n\t\t\t\t<div class=\"elementor-widget-container\">\n\t\t\t\t\t\t\t\t\t<p>H\u00fck\u00fcml\u00fc ki\u015fiye d\u00f6n\u00fc\u015f\u00fcm\u00fcn tebli\u011f edilmesinin ard\u0131ndan, bu karara itiraz etmek i\u00e7in 14 g\u00fcnl\u00fck bir s\u00fcre bulunmaktad\u0131r. Bu \u00f6nemli s\u00fcre zarf\u0131nda profesyonel hukuki dan\u0131\u015fmanl\u0131k al\u0131nmas\u0131 \u015fiddetle tavsiye edilir.<\/p><p>\u00d6nemli bir yasal belge olan temyiz bildirimi, cezay\u0131 ilk olarak veren hakime sunulabilir. Bu temyiz bildiriminin d\u00fczg\u00fcn bir \u015fekilde haz\u0131rlanmas\u0131, yasal s\u00fcre\u00e7 ve ilgili yasalar hakk\u0131nda kapsaml\u0131 bilgi sahibi olmay\u0131 gerektirir.<\/p><p>Hukuk firmas\u0131 Derbedrosian <a href=\"https:\/\/www.derbedrosian.nl\/tr\/avukatlar\/\">uzman ceza avukatlar\u0131<\/a> Kamu hizmeti cezan\u0131z\u0131n hafifletilmesini \u00f6nlemek i\u00e7in davan\u0131z\u0131 en iyi \u015fekilde nas\u0131l sunaca\u011f\u0131n\u0131z\u0131 bilen ki\u015filer. Size yard\u0131m etmeye ve \u00e7\u0131karlar\u0131n\u0131z\u0131 temsil etmeye haz\u0131r\u0131z.<\/p>\t\t\t\t\t\t\t\t<\/div>\n\t\t\t\t<\/div>\n\t\t\t\t\t<\/div>\n\t\t\t\t<\/div>\n\t\t\t\t<\/div>","protected":false},"excerpt":{"rendered":"<p>taakstraf hechtenis taakstraf advocaat bezwaar omzetting taakstraf van justitie besluit tot omzetting van taakstraf in vervangende hechtenis bezwaarschrift omzetting van<\/p>","protected":false},"author":1,"featured_media":0,"parent":10047,"menu_order":0,"comment_status":"closed","ping_status":"closed","template":"","meta":{"footnotes":""},"class_list":["post-10533","page","type-page","status-publish","hentry"],"_links":{"self":[{"href":"https:\/\/www.derbedrosian.nl\/tr\/wp-json\/wp\/v2\/pages\/10533","targetHints":{"allow":["GET"]}}],"collection":[{"href":"https:\/\/www.derbedrosian.nl\/tr\/wp-json\/wp\/v2\/pages"}],"about":[{"href":"https:\/\/www.derbedrosian.nl\/tr\/wp-json\/wp\/v2\/types\/page"}],"author":[{"embeddable":true,"href":"https:\/\/www.derbedrosian.nl\/tr\/wp-json\/wp\/v2\/users\/1"}],"replies":[{"embeddable":true,"href":"https:\/\/www.derbedrosian.nl\/tr\/wp-json\/wp\/v2\/comments?post=10533"}],"version-history":[{"count":0,"href":"https:\/\/www.derbedrosian.nl\/tr\/wp-json\/wp\/v2\/pages\/10533\/revisions"}],"up":[{"embeddable":true,"href":"https:\/\/www.derbedrosian.nl\/tr\/wp-json\/wp\/v2\/pages\/10047"}],"wp:attachment":[{"href":"https:\/\/www.derbedrosian.nl\/tr\/wp-json\/wp\/v2\/media?parent=10533"}],"curies":[{"name":"wp","href":"https:\/\/api.w.org\/{rel}","templated":true}]}}