{"id":10523,"date":"2023-05-26T09:57:41","date_gmt":"2023-05-26T07:57:41","guid":{"rendered":"https:\/\/derbedrosian.nl\/?page_id=10523"},"modified":"2025-12-21T15:40:17","modified_gmt":"2025-12-21T13:40:17","slug":"hirsizlik","status":"publish","type":"page","link":"https:\/\/www.derbedrosian.nl\/tr\/rechtsgebieden\/strafrecht\/diefstal\/","title":{"rendered":"H\u0131rs\u0131zl\u0131k"},"content":{"rendered":"<div data-elementor-type=\"wp-page\" data-elementor-id=\"10523\" class=\"elementor elementor-10523\" data-elementor-post-type=\"page\">\n\t\t\t\t<div class=\"wd-negative-gap elementor-element elementor-element-7fff01d e-flex e-con-boxed e-con e-parent\" data-id=\"7fff01d\" data-element_type=\"container\" data-e-type=\"container\">\n\t\t\t\t\t<div class=\"e-con-inner\">\n\t\t\t\t<div class=\"elementor-element elementor-element-6fe2a61 elementor-hidden-desktop elementor-hidden-tablet elementor-hidden-mobile elementor-widget elementor-widget-wd_image_or_svg\" data-id=\"6fe2a61\" data-element_type=\"widget\" data-e-type=\"widget\" id=\"seo-word\" data-widget_type=\"wd_image_or_svg.default\">\n\t\t\t\t<div class=\"elementor-widget-container\">\n\t\t\t\t\t\n\t\t<div class=\"wd-image text-left\">\n\t\t\t\t\t\t\t\t<img loading=\"lazy\" decoding=\"async\" width=\"1000\" height=\"750\" src=\"https:\/\/www.derbedrosian.nl\/wp-content\/uploads\/rechtsgebied-diefstal.jpg\" class=\"attachment-full size-full\" alt=\"h\u0131rs\u0131zl\u0131k cezas\u0131 avukat sigorta raporu polis ceza hukuku\" srcset=\"https:\/\/www.derbedrosian.nl\/wp-content\/uploads\/rechtsgebied-diefstal.jpg 1000w, https:\/\/www.derbedrosian.nl\/wp-content\/uploads\/rechtsgebied-diefstal-400x300.jpg 400w, https:\/\/www.derbedrosian.nl\/wp-content\/uploads\/rechtsgebied-diefstal-768x576.jpg 768w\" sizes=\"auto, (max-width: 1000px) 100vw, 1000px\" title=\"\">\t\t\t\t\t<\/div>\n\n\t\t\t\t\t\t<\/div>\n\t\t\t\t<\/div>\n\t\t\t\t<div class=\"elementor-element elementor-element-9bc99d8 elementor-hidden-desktop elementor-hidden-tablet elementor-hidden-mobile elementor-widget elementor-widget-heading\" data-id=\"9bc99d8\" data-element_type=\"widget\" data-e-type=\"widget\" id=\"seo-word\" data-widget_type=\"heading.default\">\n\t\t\t\t<div class=\"elementor-widget-container\">\n\t\t\t\t\t<h5 class=\"elementor-heading-title elementor-size-default\">ceza hirsizli\u011fi<\/h5>\t\t\t\t<\/div>\n\t\t\t\t<\/div>\n\t\t\t\t<div class=\"elementor-element elementor-element-75ec799 elementor-hidden-desktop elementor-hidden-tablet elementor-hidden-mobile elementor-widget elementor-widget-heading\" data-id=\"75ec799\" data-element_type=\"widget\" data-e-type=\"widget\" id=\"seo-word\" data-widget_type=\"heading.default\">\n\t\t\t\t<div class=\"elementor-widget-container\">\n\t\t\t\t\t<h5 class=\"elementor-heading-title elementor-size-default\">HIRSIZLIK AVUKATI <\/h5>\t\t\t\t<\/div>\n\t\t\t\t<\/div>\n\t\t\t\t<div class=\"elementor-element elementor-element-d2fa426 elementor-hidden-desktop elementor-hidden-tablet elementor-hidden-mobile elementor-widget elementor-widget-heading\" data-id=\"d2fa426\" data-element_type=\"widget\" data-e-type=\"widget\" id=\"seo-word\" data-widget_type=\"heading.default\">\n\t\t\t\t<div class=\"elementor-widget-container\">\n\t\t\t\t\t<h5 class=\"elementor-heading-title elementor-size-default\">hirsizlik raporu poli\u0307s <\/h5>\t\t\t\t<\/div>\n\t\t\t\t<\/div>\n\t\t\t\t<div class=\"elementor-element elementor-element-c8022ec elementor-hidden-desktop elementor-hidden-tablet elementor-hidden-mobile elementor-widget elementor-widget-heading\" data-id=\"c8022ec\" data-element_type=\"widget\" data-e-type=\"widget\" id=\"seo-word\" data-widget_type=\"heading.default\">\n\t\t\t\t<div class=\"elementor-widget-container\">\n\t\t\t\t\t<h5 class=\"elementor-heading-title elementor-size-default\">hirsizlik si\u0307gortasi<\/h5>\t\t\t\t<\/div>\n\t\t\t\t<\/div>\n\t\t\t\t<div class=\"elementor-element elementor-element-62a93d5 elementor-hidden-desktop elementor-hidden-tablet elementor-hidden-mobile elementor-widget elementor-widget-heading\" data-id=\"62a93d5\" data-element_type=\"widget\" data-e-type=\"widget\" id=\"seo-word\" data-widget_type=\"heading.default\">\n\t\t\t\t<div class=\"elementor-widget-container\">\n\t\t\t\t\t<h5 class=\"elementor-heading-title elementor-size-default\">zimmete para ge\u00e7irme doland\u0131r\u0131c\u0131l\u0131k<\/h5>\t\t\t\t<\/div>\n\t\t\t\t<\/div>\n\t\t\t\t<div class=\"elementor-element elementor-element-b4012a8 elementor-hidden-desktop elementor-hidden-tablet elementor-hidden-mobile elementor-widget elementor-widget-heading\" data-id=\"b4012a8\" data-element_type=\"widget\" data-e-type=\"widget\" id=\"seo-word\" data-widget_type=\"heading.default\">\n\t\t\t\t<div class=\"elementor-widget-container\">\n\t\t\t\t\t<h5 class=\"elementor-heading-title elementor-size-default\">h\u0131rs\u0131zl\u0131k, doland\u0131r\u0131c\u0131l\u0131k, \u00e7al\u0131nt\u0131 mal al\u0131m sat\u0131m\u0131 ve zimmete para ge\u00e7irme aras\u0131ndaki fark<\/h5>\t\t\t\t<\/div>\n\t\t\t\t<\/div>\n\t\t\t\t<div class=\"elementor-element elementor-element-71e6575 color-scheme-inherit text-left elementor-widget elementor-widget-text-editor\" data-id=\"71e6575\" data-element_type=\"widget\" data-e-type=\"widget\" data-widget_type=\"text-editor.default\">\n\t\t\t\t<div class=\"elementor-widget-container\">\n\t\t\t\t\t\t\t\t\t<p><strong>H\u0131rs\u0131zl\u0131k Hollanda'da ciddiye al\u0131nan bir su\u00e7tur. Hollanda'daki t\u00fcm su\u00e7lar\u0131n yakla\u015f\u0131k yar\u0131s\u0131n\u0131 olu\u015fturdu\u011fu i\u00e7in, ayn\u0131 zamanda en yayg\u0131n bir numaral\u0131 su\u00e7 t\u00fcr\u00fcd\u00fcr.<\/strong><\/p>\t\t\t\t\t\t\t\t<\/div>\n\t\t\t\t<\/div>\n\t\t\t\t<div class=\"elementor-element elementor-element-8c6bfbd elementor-widget elementor-widget-spacer\" data-id=\"8c6bfbd\" data-element_type=\"widget\" data-e-type=\"widget\" data-widget_type=\"spacer.default\">\n\t\t\t\t<div class=\"elementor-widget-container\">\n\t\t\t\t\t\t\t<div class=\"elementor-spacer\">\n\t\t\t<div class=\"elementor-spacer-inner\"><\/div>\n\t\t<\/div>\n\t\t\t\t\t\t<\/div>\n\t\t\t\t<\/div>\n\t\t\t\t<div class=\"elementor-element elementor-element-2302821 elementor-widget elementor-widget-heading\" data-id=\"2302821\" data-element_type=\"widget\" data-e-type=\"widget\" data-widget_type=\"heading.default\">\n\t\t\t\t<div class=\"elementor-widget-container\">\n\t\t\t\t\t<h3 class=\"elementor-heading-title elementor-size-default\">H\u0131rs\u0131zl\u0131k kapsam\u0131na ne girer?<\/h3>\t\t\t\t<\/div>\n\t\t\t\t<\/div>\n\t\t\t\t<div class=\"elementor-element elementor-element-c080a89 color-scheme-inherit text-left elementor-widget elementor-widget-text-editor\" data-id=\"c080a89\" data-element_type=\"widget\" data-e-type=\"widget\" data-widget_type=\"text-editor.default\">\n\t\t\t\t<div class=\"elementor-widget-container\">\n\t\t\t\t\t\t\t\t\t<p>Ceza Kanunu'nun 310. Maddesine g\u00f6re h\u0131rs\u0131zl\u0131k a\u015fa\u011f\u0131daki su\u00e7lar kapsam\u0131na girmektedir: \"Ba\u015fkas\u0131na ait bir mal\u0131, tamamen veya k\u0131smen, hukuka ayk\u0131r\u0131 olarak ele ge\u00e7irmek maksad\u0131yla alan kimse.\"<\/p><p>Bu, bir h\u0131rs\u0131z\u0131n ba\u015fka bir ki\u015fiden izinsiz olarak bir \u015fey almas\u0131 anlam\u0131na gelir. Scooter ve telefon gibi fiziksel olarak kavrayabilece\u011finiz (maddi nesneler) \u015feylerin yan\u0131 s\u0131ra \u00e7evrimi\u00e7i \u00fcr\u00fcnler ve elektrik gibi dokunamayaca\u011f\u0131n\u0131z (soyut nesneler) \u015feyleri de i\u00e7erebilir.<\/p>\t\t\t\t\t\t\t\t<\/div>\n\t\t\t\t<\/div>\n\t\t\t\t<div class=\"elementor-element elementor-element-06792ed elementor-widget elementor-widget-spacer\" data-id=\"06792ed\" data-element_type=\"widget\" data-e-type=\"widget\" data-widget_type=\"spacer.default\">\n\t\t\t\t<div class=\"elementor-widget-container\">\n\t\t\t\t\t\t\t<div class=\"elementor-spacer\">\n\t\t\t<div class=\"elementor-spacer-inner\"><\/div>\n\t\t<\/div>\n\t\t\t\t\t\t<\/div>\n\t\t\t\t<\/div>\n\t\t\t\t<div class=\"elementor-element elementor-element-8f42e4b elementor-widget elementor-widget-heading\" data-id=\"8f42e4b\" data-element_type=\"widget\" data-e-type=\"widget\" data-widget_type=\"heading.default\">\n\t\t\t\t<div class=\"elementor-widget-container\">\n\t\t\t\t\t<h3 class=\"elementor-heading-title elementor-size-default\">H\u0131rs\u0131zl\u0131k, doland\u0131r\u0131c\u0131l\u0131k, ta\u015f\u0131ma ve zimmete para ge\u00e7irme aras\u0131ndaki fark nedir?<\/h3>\t\t\t\t<\/div>\n\t\t\t\t<\/div>\n\t\t\t\t<div class=\"elementor-element elementor-element-272881e color-scheme-inherit text-left elementor-widget elementor-widget-text-editor\" data-id=\"272881e\" data-element_type=\"widget\" data-e-type=\"widget\" data-widget_type=\"text-editor.default\">\n\t\t\t\t<div class=\"elementor-widget-container\">\n\t\t\t\t\t\t\t\t\t<p>Yukar\u0131da da belirtildi\u011fi gibi, bir h\u0131rs\u0131z ba\u015fkas\u0131na ait bir \u015feyi izni olmadan ald\u0131\u011f\u0131nda h\u0131rs\u0131zl\u0131ktan s\u00f6z ederiz.<\/p><ul><li><strong>Doland\u0131r\u0131c\u0131l\u0131k<\/strong>Doland\u0131r\u0131c\u0131l\u0131k ayn\u0131 zamanda sahtecilik veya aldatmacan\u0131n, sadece bir ki\u015fi de\u011fil ayn\u0131 zamanda bir i\u015fletme de olabilen kurban\u0131 kaybederek avantaj elde etmek i\u00e7in kullan\u0131labildi\u011fi bir h\u0131rs\u0131zl\u0131k \u015feklidir.<\/li><li><strong><a href=\"https:\/\/www.derbedrosian.nl\/tr\/yetki%cc%87-alanlari\/ceza-hukuku\/karartma\/\">Karartma:<\/a><\/strong> H\u0131rs\u0131z bir \u015feyi al\u0131p g\u00f6t\u00fcr\u00fcrken, zimmetine para ge\u00e7iren ki\u015fi o mala zaten yasal olarak sahiptir. \u00d6rne\u011fin, bir k\u00fct\u00fcphaneden izinsiz bir kitap al\u0131rsan\u0131z, bu h\u0131rs\u0131zl\u0131kt\u0131r. Ancak o kitab\u0131 \u00f6d\u00fcn\u00e7 al\u0131r ve kas\u0131tl\u0131 olarak iade etmezseniz, bu zimmete ge\u00e7irmedir.<\/li><li><a href=\"https:\/\/www.derbedrosian.nl\/tr\/yetki%cc%87-alanlari\/ceza-hukuku\/iyilesme\/\"><strong>\u0130yile\u015fmek:<\/strong> <\/a>\u0130yile\u015ftirme, bir mal\u0131n bir su\u00e7tan kaynakland\u0131\u011f\u0131n\u0131 bildi\u011finiz veya bilmeniz gerekti\u011fi halde bir mal\u0131 ald\u0131\u011f\u0131n\u0131zda, bulundurdu\u011funuzda veya devretti\u011finizde ger\u00e7ekle\u015fir. Yani \u00e7al\u0131nt\u0131 bir bisiklet sat\u0131n al\u0131rsan\u0131z, \u00e7al\u0131nt\u0131 mal almaktan su\u00e7lu olursunuz. Bu durum, \u00e7al\u0131nt\u0131 oldu\u011fundan \u015f\u00fcphelendi\u011finiz birinden bisiklet sat\u0131n alman\u0131z halinde de ge\u00e7erlidir.<\/li><\/ul><p>Anla\u015f\u0131l\u0131r bir \u015fekilde, t\u00fcm bu terimler ve farkl\u0131l\u0131klar sizin i\u00e7in \u00e7ok kafa kar\u0131\u015ft\u0131r\u0131c\u0131 olabilir. Bizimle ileti\u015fime ge\u00e7ti\u011finizde, bize daha fazla soru sorabilirsiniz.<\/p>\t\t\t\t\t\t\t\t<\/div>\n\t\t\t\t<\/div>\n\t\t\t\t<div class=\"elementor-element elementor-element-bcf8d38 elementor-widget elementor-widget-spacer\" data-id=\"bcf8d38\" data-element_type=\"widget\" data-e-type=\"widget\" data-widget_type=\"spacer.default\">\n\t\t\t\t<div class=\"elementor-widget-container\">\n\t\t\t\t\t\t\t<div class=\"elementor-spacer\">\n\t\t\t<div class=\"elementor-spacer-inner\"><\/div>\n\t\t<\/div>\n\t\t\t\t\t\t<\/div>\n\t\t\t\t<\/div>\n\t\t\t\t<div class=\"elementor-element elementor-element-5771058 elementor-widget elementor-widget-heading\" data-id=\"5771058\" data-element_type=\"widget\" data-e-type=\"widget\" data-widget_type=\"heading.default\">\n\t\t\t\t<div class=\"elementor-widget-container\">\n\t\t\t\t\t<h3 class=\"elementor-heading-title elementor-size-default\">H\u0131rs\u0131zl\u0131k i\u00e7in cezalar<\/h3>\t\t\t\t<\/div>\n\t\t\t\t<\/div>\n\t\t\t\t<div class=\"elementor-element elementor-element-3a03a8a color-scheme-inherit text-left elementor-widget elementor-widget-text-editor\" data-id=\"3a03a8a\" data-element_type=\"widget\" data-e-type=\"widget\" data-widget_type=\"text-editor.default\">\n\t\t\t\t<div class=\"elementor-widget-container\">\n\t\t\t\t\t\t\t\t\t'Adi' h\u0131rs\u0131zl\u0131k i\u00e7in hakim en fazla d\u00f6rt y\u0131l hapis cezas\u0131 veya 4. kategori para cezas\u0131 olarak da adland\u0131r\u0131lan 20.000 Avro'nun \u00fczerinde para cezas\u0131 verebilir. E\u011fer ba\u015fkas\u0131yla birlikte h\u0131rs\u0131zl\u0131k yapt\u0131ysan\u0131z, alt\u0131 y\u0131la kadar hapis cezas\u0131 alabilirsiniz. H\u0131rs\u0131zl\u0131k, sokak soygunu veya zorla h\u0131rs\u0131zl\u0131k daha y\u00fcksek cezalara, dokuz y\u0131la kadar hapis veya 75.000 Avro'ya kadar para cezas\u0131na yol a\u00e7abilir. Bir ma\u011fdurun yaraland\u0131\u011f\u0131 veya \u00f6ld\u00fc\u011f\u00fc durumlarda \u015fiddet kullan\u0131ld\u0131\u011f\u0131nda, ceza 15 y\u0131la kadar hapis olabilir.\t\t\t\t\t\t\t\t<\/div>\n\t\t\t\t<\/div>\n\t\t\t\t<div class=\"elementor-element elementor-element-f6e89bf elementor-widget elementor-widget-spacer\" data-id=\"f6e89bf\" data-element_type=\"widget\" data-e-type=\"widget\" data-widget_type=\"spacer.default\">\n\t\t\t\t<div class=\"elementor-widget-container\">\n\t\t\t\t\t\t\t<div class=\"elementor-spacer\">\n\t\t\t<div class=\"elementor-spacer-inner\"><\/div>\n\t\t<\/div>\n\t\t\t\t\t\t<\/div>\n\t\t\t\t<\/div>\n\t\t\t\t<div class=\"elementor-element elementor-element-f081a6e elementor-widget elementor-widget-heading\" data-id=\"f081a6e\" data-element_type=\"widget\" data-e-type=\"widget\" data-widget_type=\"heading.default\">\n\t\t\t\t<div class=\"elementor-widget-container\">\n\t\t\t\t\t<h3 class=\"elementor-heading-title elementor-size-default\">Basit veya nitelikli<\/h3>\t\t\t\t<\/div>\n\t\t\t\t<\/div>\n\t\t\t\t<div class=\"elementor-element elementor-element-b826a12 color-scheme-inherit text-left elementor-widget elementor-widget-text-editor\" data-id=\"b826a12\" data-element_type=\"widget\" data-e-type=\"widget\" data-widget_type=\"text-editor.default\">\n\t\t\t\t<div class=\"elementor-widget-container\">\n\t\t\t\t\t\t\t\t\t<p>Hakim ayr\u0131ca meydana gelen h\u0131rs\u0131zl\u0131\u011f\u0131n t\u00fcr\u00fcne de bakar. Bunlar basit veya nitelikli olmak \u00fczere ikiye ayr\u0131l\u0131r.<\/p><ul><li><strong>Basit bir h\u0131rs\u0131zl\u0131k:<\/strong> Basit h\u0131rs\u0131zl\u0131k i\u00e7in bir telefon \u00e7almak veya d\u00fckkandan h\u0131rs\u0131zl\u0131k yapmak d\u00fc\u015f\u00fcn\u00fclebilir. Burada ate\u015fli silah kullanma, ma\u011fdurun yaralanm\u0131\u015f olmas\u0131, \u00f6zel m\u00fclke izinsiz girme gibi ek a\u011f\u0131rla\u015ft\u0131r\u0131c\u0131 ko\u015fullar yoktur.<\/li><li><strong>Nitelikli h\u0131rs\u0131zl\u0131k:<\/strong> A\u011f\u0131rla\u015ft\u0131r\u0131lm\u0131\u015f h\u0131rs\u0131zl\u0131ktan bahsetti\u011fimizde, bu cezaland\u0131r\u0131c\u0131 a\u011f\u0131rla\u015ft\u0131r\u0131c\u0131 ko\u015fullar\u0131n mevcut oldu\u011fu h\u0131rs\u0131zl\u0131ktan bahsediyoruz.<\/li><\/ul>\t\t\t\t\t\t\t\t<\/div>\n\t\t\t\t<\/div>\n\t\t\t\t<div class=\"elementor-element elementor-element-55eda99 elementor-widget elementor-widget-spacer\" data-id=\"55eda99\" data-element_type=\"widget\" data-e-type=\"widget\" data-widget_type=\"spacer.default\">\n\t\t\t\t<div class=\"elementor-widget-container\">\n\t\t\t\t\t\t\t<div class=\"elementor-spacer\">\n\t\t\t<div class=\"elementor-spacer-inner\"><\/div>\n\t\t<\/div>\n\t\t\t\t\t\t<\/div>\n\t\t\t\t<\/div>\n\t\t\t\t<div class=\"elementor-element elementor-element-5dffb30 elementor-widget elementor-widget-heading\" data-id=\"5dffb30\" data-element_type=\"widget\" data-e-type=\"widget\" data-widget_type=\"heading.default\">\n\t\t\t\t<div class=\"elementor-widget-container\">\n\t\t\t\t\t<h3 class=\"elementor-heading-title elementor-size-default\">Mahrumiyet talebi<\/h3>\t\t\t\t<\/div>\n\t\t\t\t<\/div>\n\t\t\t\t<div class=\"elementor-element elementor-element-1528668 color-scheme-inherit text-left elementor-widget elementor-widget-text-editor\" data-id=\"1528668\" data-element_type=\"widget\" data-e-type=\"widget\" data-widget_type=\"text-editor.default\">\n\t\t\t\t<div class=\"elementor-widget-container\">\n\t\t\t\t\t\t\t\t\t<p>Savc\u0131l\u0131\u011f\u0131n verebilece\u011fi standart cezalar\u0131n yan\u0131 s\u0131ra, \u00e7al\u0131nan para veya m\u00fclk\u00fc geri \u00f6demeniz de istenebilir. Bunu yapmazsan\u0131z, ba\u015fka sorunlar ortaya \u00e7\u0131kabilir.<\/p>\t\t\t\t\t\t\t\t<\/div>\n\t\t\t\t<\/div>\n\t\t\t\t<div class=\"elementor-element elementor-element-e82c6a8 elementor-widget elementor-widget-spacer\" data-id=\"e82c6a8\" data-element_type=\"widget\" data-e-type=\"widget\" data-widget_type=\"spacer.default\">\n\t\t\t\t<div class=\"elementor-widget-container\">\n\t\t\t\t\t\t\t<div class=\"elementor-spacer\">\n\t\t\t<div class=\"elementor-spacer-inner\"><\/div>\n\t\t<\/div>\n\t\t\t\t\t\t<\/div>\n\t\t\t\t<\/div>\n\t\t\t\t<div class=\"elementor-element elementor-element-656f271 elementor-widget elementor-widget-heading\" data-id=\"656f271\" data-element_type=\"widget\" data-e-type=\"widget\" data-widget_type=\"heading.default\">\n\t\t\t\t<div class=\"elementor-widget-container\">\n\t\t\t\t\t<h3 class=\"elementor-heading-title elementor-size-default\">\u015e\u00fcpheli h\u0131rs\u0131zl\u0131k ve polis <\/h3>\t\t\t\t<\/div>\n\t\t\t\t<\/div>\n\t\t\t\t<div class=\"elementor-element elementor-element-b03fbec color-scheme-inherit text-left elementor-widget elementor-widget-text-editor\" data-id=\"b03fbec\" data-element_type=\"widget\" data-e-type=\"widget\" data-widget_type=\"text-editor.default\">\n\t\t\t\t<div class=\"elementor-widget-container\">\n\t\t\t\t\t\t\t\t\t<p>H\u0131rs\u0131zl\u0131k yapt\u0131\u011f\u0131n\u0131zdan m\u0131 \u015f\u00fcpheleniliyor? Polis bir \u015fey \u00e7ald\u0131\u011f\u0131n\u0131z\u0131 d\u00fc\u015f\u00fcn\u00fcyorsa, bir avukatla konu\u015fana kadar sessiz kalma hakk\u0131n\u0131z\u0131 kullanman\u0131z ak\u0131ll\u0131ca olacakt\u0131r. Bunun nedeni, s\u00f6ylenenlerin daha sonra aleyhinize kullan\u0131labilecek olmas\u0131d\u0131r.<br \/>Polis, bir \u015fey \u00e7ald\u0131\u011f\u0131n\u0131z\u0131 g\u00f6stermek i\u00e7in genellikle kamera g\u00f6r\u00fcnt\u00fcleri, parmak izleri veya DNA gibi kan\u0131tlar kullan\u0131r.\u00a0<\/p>\t\t\t\t\t\t\t\t<\/div>\n\t\t\t\t<\/div>\n\t\t\t\t<div class=\"elementor-element elementor-element-8efa27b elementor-widget elementor-widget-spacer\" data-id=\"8efa27b\" data-element_type=\"widget\" data-e-type=\"widget\" data-widget_type=\"spacer.default\">\n\t\t\t\t<div class=\"elementor-widget-container\">\n\t\t\t\t\t\t\t<div class=\"elementor-spacer\">\n\t\t\t<div class=\"elementor-spacer-inner\"><\/div>\n\t\t<\/div>\n\t\t\t\t\t\t<\/div>\n\t\t\t\t<\/div>\n\t\t\t\t<div class=\"elementor-element elementor-element-8f9a942 elementor-widget elementor-widget-heading\" data-id=\"8f9a942\" data-element_type=\"widget\" data-e-type=\"widget\" data-widget_type=\"heading.default\">\n\t\t\t\t<div class=\"elementor-widget-container\">\n\t\t\t\t\t<h3 class=\"elementor-heading-title elementor-size-default\">H\u0131rs\u0131zl\u0131k i\u00e7in avukata ihtiya\u00e7 var<\/h3>\t\t\t\t<\/div>\n\t\t\t\t<\/div>\n\t\t\t\t<div class=\"elementor-element elementor-element-a798277 color-scheme-inherit text-left elementor-widget elementor-widget-text-editor\" data-id=\"a798277\" data-element_type=\"widget\" data-e-type=\"widget\" data-widget_type=\"text-editor.default\">\n\t\t\t\t<div class=\"elementor-widget-container\">\n\t\t\t\t\t\t\t\t\t<p>Bazen savc\u0131l\u0131k, h\u0131rs\u0131zl\u0131k davalar\u0131n\u0131 mahkeme d\u0131\u015f\u0131nda bir i\u015flem \u00f6nerisi veya ceza emri ile ele al\u0131r ve bu da sab\u0131ka kayd\u0131na yol a\u00e7abilir. H\u0131rs\u0131zl\u0131ktan h\u00fck\u00fcm giymek, sab\u0131ka kayd\u0131 ve \u0130yi Hal Belgesi (VOG) almak gibi gelece\u011finiz i\u00e7in sorunlara neden olabilir.<\/p><p>H\u0131rs\u0131zl\u0131kla su\u00e7lanman\u0131z durumunda, olumsuz sonu\u00e7lardan ka\u00e7\u0131nmak i\u00e7in g\u00fc\u00e7l\u00fc bir savunma \u00e7ok \u00f6nemlidir. Deneyimli <a href=\"https:\/\/www.derbedrosian.nl\/tr\/avukatlar\/\">ceza avukatlar\u0131<\/a> Der Bedrosian hukuk b\u00fcrosu h\u0131rs\u0131zl\u0131k alan\u0131nda uzmanla\u015fm\u0131\u015ft\u0131r.<\/p><p>Bu nedenle, \u00fccretsiz tavsiye ve davan\u0131zda daha fazla hukuki yard\u0131m almak i\u00e7in bizimle ileti\u015fime ge\u00e7mekten \u00e7ekinmeyin.<\/p>\t\t\t\t\t\t\t\t<\/div>\n\t\t\t\t<\/div>\n\t\t\t\t\t<\/div>\n\t\t\t\t<\/div>\n\t\t\t\t<\/div>","protected":false},"excerpt":{"rendered":"<p>ceza h\u0131rs\u0131zl\u0131k h\u0131rs\u0131zl\u0131k avukat\u0131 h\u0131rs\u0131zl\u0131k raporu polis h\u0131rs\u0131zl\u0131k sigortas\u0131 eskrim zimmet doland\u0131r\u0131c\u0131l\u0131k h\u0131rs\u0131zl\u0131k, doland\u0131r\u0131c\u0131l\u0131k, eskrim ve zimmet aras\u0131ndaki fark H\u0131rs\u0131zl\u0131k<\/p>","protected":false},"author":1,"featured_media":0,"parent":10047,"menu_order":1,"comment_status":"closed","ping_status":"closed","template":"","meta":{"footnotes":""},"class_list":["post-10523","page","type-page","status-publish","hentry"],"_links":{"self":[{"href":"https:\/\/www.derbedrosian.nl\/tr\/wp-json\/wp\/v2\/pages\/10523","targetHints":{"allow":["GET"]}}],"collection":[{"href":"https:\/\/www.derbedrosian.nl\/tr\/wp-json\/wp\/v2\/pages"}],"about":[{"href":"https:\/\/www.derbedrosian.nl\/tr\/wp-json\/wp\/v2\/types\/page"}],"author":[{"embeddable":true,"href":"https:\/\/www.derbedrosian.nl\/tr\/wp-json\/wp\/v2\/users\/1"}],"replies":[{"embeddable":true,"href":"https:\/\/www.derbedrosian.nl\/tr\/wp-json\/wp\/v2\/comments?post=10523"}],"version-history":[{"count":0,"href":"https:\/\/www.derbedrosian.nl\/tr\/wp-json\/wp\/v2\/pages\/10523\/revisions"}],"up":[{"embeddable":true,"href":"https:\/\/www.derbedrosian.nl\/tr\/wp-json\/wp\/v2\/pages\/10047"}],"wp:attachment":[{"href":"https:\/\/www.derbedrosian.nl\/tr\/wp-json\/wp\/v2\/media?parent=10523"}],"curies":[{"name":"wp","href":"https:\/\/api.w.org\/{rel}","templated":true}]}}