{"id":10515,"date":"2023-05-26T09:51:48","date_gmt":"2023-05-26T07:51:48","guid":{"rendered":"https:\/\/derbedrosian.nl\/?page_id=10515"},"modified":"2025-12-21T14:39:16","modified_gmt":"2025-12-21T12:39:16","slug":"suclar","status":"publish","type":"page","link":"https:\/\/www.derbedrosian.nl\/tr\/rechtsgebieden\/strafrecht\/misdrijven\/","title":{"rendered":"Su\u00e7lar"},"content":{"rendered":"<div data-elementor-type=\"wp-page\" data-elementor-id=\"10515\" class=\"elementor elementor-10515\" data-elementor-post-type=\"page\">\n\t\t\t\t<div class=\"wd-negative-gap elementor-element elementor-element-3d15730 e-flex e-con-boxed e-con e-parent\" data-id=\"3d15730\" data-element_type=\"container\" data-e-type=\"container\">\n\t\t\t\t\t<div class=\"e-con-inner\">\n\t\t\t\t<div class=\"elementor-element elementor-element-e654be2 elementor-hidden-desktop elementor-hidden-tablet elementor-hidden-mobile elementor-widget elementor-widget-wd_image_or_svg\" data-id=\"e654be2\" data-element_type=\"widget\" data-e-type=\"widget\" id=\"seo-word\" data-widget_type=\"wd_image_or_svg.default\">\n\t\t\t\t<div class=\"elementor-widget-container\">\n\t\t\t\t\t\n\t\t<div class=\"wd-image text-left\">\n\t\t\t\t\t\t\t\t<img loading=\"lazy\" decoding=\"async\" width=\"1000\" height=\"667\" src=\"https:\/\/www.derbedrosian.nl\/wp-content\/uploads\/rechtsgebied-misdrijven.jpg\" class=\"attachment-full size-full\" alt=\"su\u00e7lar kabahat ve a\u011f\u0131r su\u00e7 aras\u0131ndaki fark makale avukat ceza muhakemesi\" srcset=\"https:\/\/www.derbedrosian.nl\/wp-content\/uploads\/rechtsgebied-misdrijven.jpg 1000w, https:\/\/www.derbedrosian.nl\/wp-content\/uploads\/rechtsgebied-misdrijven-400x267.jpg 400w, https:\/\/www.derbedrosian.nl\/wp-content\/uploads\/rechtsgebied-misdrijven-768x512.jpg 768w\" sizes=\"auto, (max-width: 1000px) 100vw, 1000px\" title=\"\">\t\t\t\t\t<\/div>\n\n\t\t\t\t\t\t<\/div>\n\t\t\t\t<\/div>\n\t\t\t\t<div class=\"elementor-element elementor-element-8e7e5f8 elementor-hidden-desktop elementor-hidden-tablet elementor-hidden-mobile elementor-widget elementor-widget-heading\" data-id=\"8e7e5f8\" data-element_type=\"widget\" data-e-type=\"widget\" id=\"seo-word\" data-widget_type=\"heading.default\">\n\t\t\t\t<div class=\"elementor-widget-container\">\n\t\t\t\t\t<h2 class=\"elementor-heading-title elementor-size-default\">su\u00e7 ve kabahat aras\u0131ndaki fark<\/h2>\t\t\t\t<\/div>\n\t\t\t\t<\/div>\n\t\t\t\t<div class=\"elementor-element elementor-element-72e5205 elementor-hidden-desktop elementor-hidden-tablet elementor-hidden-mobile elementor-widget elementor-widget-heading\" data-id=\"72e5205\" data-element_type=\"widget\" data-e-type=\"widget\" id=\"seo-word\" data-widget_type=\"heading.default\">\n\t\t\t\t<div class=\"elementor-widget-container\">\n\t\t\t\t\t<h5 class=\"elementor-heading-title elementor-size-default\">a\u011f\u0131r su\u00e7 avukat\u0131<\/h5>\t\t\t\t<\/div>\n\t\t\t\t<\/div>\n\t\t\t\t<div class=\"elementor-element elementor-element-8837e9f elementor-hidden-desktop elementor-hidden-tablet elementor-hidden-mobile elementor-widget elementor-widget-heading\" data-id=\"8837e9f\" data-element_type=\"widget\" data-e-type=\"widget\" id=\"seo-word\" data-widget_type=\"heading.default\">\n\t\t\t\t<div class=\"elementor-widget-container\">\n\t\t\t\t\t<h5 class=\"elementor-heading-title elementor-size-default\">SU\u00c7 CEZASI<\/h5>\t\t\t\t<\/div>\n\t\t\t\t<\/div>\n\t\t\t\t<div class=\"elementor-element elementor-element-cb8f093 elementor-hidden-desktop elementor-hidden-tablet elementor-hidden-mobile elementor-widget elementor-widget-heading\" data-id=\"cb8f093\" data-element_type=\"widget\" data-e-type=\"widget\" id=\"seo-word\" data-widget_type=\"heading.default\">\n\t\t\t\t<div class=\"elementor-widget-container\">\n\t\t\t\t\t<h5 class=\"elementor-heading-title elementor-size-default\">sava\u015f su\u00e7lar\u0131 insanl\u0131\u011fa kar\u015f\u0131 su\u00e7lar i\u015fkence ve zorla kaybetmeler<\/h5>\t\t\t\t<\/div>\n\t\t\t\t<\/div>\n\t\t\t\t<div class=\"elementor-element elementor-element-c2ff327 elementor-hidden-desktop elementor-hidden-tablet elementor-hidden-mobile elementor-widget elementor-widget-heading\" data-id=\"c2ff327\" data-element_type=\"widget\" data-e-type=\"widget\" id=\"seo-word\" data-widget_type=\"heading.default\">\n\t\t\t\t<div class=\"elementor-widget-container\">\n\t\t\t\t\t<h5 class=\"elementor-heading-title elementor-size-default\">avukat ceza hukuku enschede<\/h5>\t\t\t\t<\/div>\n\t\t\t\t<\/div>\n\t\t\t\t<div class=\"elementor-element elementor-element-b745110 elementor-hidden-desktop elementor-hidden-tablet elementor-hidden-mobile elementor-widget elementor-widget-heading\" data-id=\"b745110\" data-element_type=\"widget\" data-e-type=\"widget\" id=\"seo-word\" data-widget_type=\"heading.default\">\n\t\t\t\t<div class=\"elementor-widget-container\">\n\t\t\t\t\t<h5 class=\"elementor-heading-title elementor-size-default\">avukat ceza hukuku overijssel<\/h5>\t\t\t\t<\/div>\n\t\t\t\t<\/div>\n\t\t\t\t<div class=\"elementor-element elementor-element-e84888f elementor-hidden-desktop elementor-hidden-tablet elementor-hidden-mobile elementor-widget elementor-widget-heading\" data-id=\"e84888f\" data-element_type=\"widget\" data-e-type=\"widget\" id=\"seo-word\" data-widget_type=\"heading.default\">\n\t\t\t\t<div class=\"elementor-widget-container\">\n\t\t\t\t\t<h5 class=\"elementor-heading-title elementor-size-default\">ceza avukati enschede<\/h5>\t\t\t\t<\/div>\n\t\t\t\t<\/div>\n\t\t\t\t<div class=\"elementor-element elementor-element-11872f9 elementor-hidden-desktop elementor-hidden-tablet elementor-hidden-mobile elementor-widget elementor-widget-heading\" data-id=\"11872f9\" data-element_type=\"widget\" data-e-type=\"widget\" id=\"seo-word\" data-widget_type=\"heading.default\">\n\t\t\t\t<div class=\"elementor-widget-container\">\n\t\t\t\t\t<h5 class=\"elementor-heading-title elementor-size-default\">ceza hukuku enschede<\/h5>\t\t\t\t<\/div>\n\t\t\t\t<\/div>\n\t\t\t\t<div class=\"elementor-element elementor-element-f9ae890 elementor-hidden-desktop elementor-hidden-tablet elementor-hidden-mobile elementor-widget elementor-widget-heading\" data-id=\"f9ae890\" data-element_type=\"widget\" data-e-type=\"widget\" id=\"seo-word\" data-widget_type=\"heading.default\">\n\t\t\t\t<div class=\"elementor-widget-container\">\n\t\t\t\t\t<h5 class=\"elementor-heading-title elementor-size-default\">Enschede'de, Derbedrosian Criminal Lawyers'\u0131n ceza avukatlar\u0131n\u0131n uzmanl\u0131\u011f\u0131na g\u00fcvenebilirsiniz. Enschede'deki avukatlar\u0131m\u0131z ceza davalar\u0131nda uzmanla\u015fm\u0131\u015ft\u0131r ve profesyonel hukuki yard\u0131m sunmaktad\u0131r.\n\nCeza hukuku, a\u011f\u0131r su\u00e7lar ve kabahatler de dahil olmak \u00fczere \u00e7ok \u00e7e\u015fitli konular\u0131 kapsar. Enschede'deki bir su\u00e7 avukat\u0131, i\u015fkence ve zorla kaybetme vakalar\u0131 da dahil olmak \u00fczere sava\u015f su\u00e7lar\u0131 ve insanl\u0131\u011fa kar\u015f\u0131 su\u00e7lar gibi davalarda size yard\u0131mc\u0131 olabilir. Bu ciddi su\u00e7lamalar su\u00e7 kategorisine girer ve a\u011f\u0131r cezalara yol a\u00e7abilir.\n\nSu\u00e7 ve kabahat aras\u0131ndaki fark genellikle kanun ihlalinin ciddiyetinde yatmaktad\u0131r. Su\u00e7lar, c\u00fcr\u00fcmlerden daha ciddi su\u00e7lard\u0131r ve daha a\u011f\u0131r cezalarla sonu\u00e7lanabilir.\n\nEnschede veya Overijssel'de a\u011f\u0131r su\u00e7lar, kabahatler veya di\u011fer cezai konularda yasal tavsiyeye ihtiyac\u0131n\u0131z varsa, Derbedrosian Criminal Lawyers ile ileti\u015fime ge\u00e7in. Avukatlar\u0131m\u0131z size yard\u0131mc\u0131 olacak ve davan\u0131z\u0131 ele almak i\u00e7in size do\u011fru tavsiyelerde bulunacakt\u0131r.<\/h5>\t\t\t\t<\/div>\n\t\t\t\t<\/div>\n\t\t\t\t<div class=\"elementor-element elementor-element-bb254ab color-scheme-inherit text-left elementor-widget elementor-widget-text-editor\" data-id=\"bb254ab\" data-element_type=\"widget\" data-e-type=\"widget\" data-widget_type=\"text-editor.default\">\n\t\t\t\t<div class=\"elementor-widget-container\">\n\t\t\t\t\t\t\t\t\t<p><strong>Su\u00e7lar toplumumuzun temellerini a\u015f\u0131nd\u0131rmaktad\u0131r. Bu su\u00e7lar cinayet gibi \u015fiddet i\u00e7eren eylemlerden doland\u0131r\u0131c\u0131l\u0131k gibi karma\u015f\u0131k mali su\u00e7lara kadar uzanmaktad\u0131r.<\/strong><\/p>\t\t\t\t\t\t\t\t<\/div>\n\t\t\t\t<\/div>\n\t\t\t\t<div class=\"elementor-element elementor-element-4848a7e elementor-widget elementor-widget-spacer\" data-id=\"4848a7e\" data-element_type=\"widget\" data-e-type=\"widget\" data-widget_type=\"spacer.default\">\n\t\t\t\t<div class=\"elementor-widget-container\">\n\t\t\t\t\t\t\t<div class=\"elementor-spacer\">\n\t\t\t<div class=\"elementor-spacer-inner\"><\/div>\n\t\t<\/div>\n\t\t\t\t\t\t<\/div>\n\t\t\t\t<\/div>\n\t\t\t\t<div class=\"elementor-element elementor-element-e4534e7 elementor-widget elementor-widget-heading\" data-id=\"e4534e7\" data-element_type=\"widget\" data-e-type=\"widget\" data-widget_type=\"heading.default\">\n\t\t\t\t<div class=\"elementor-widget-container\">\n\t\t\t\t\t<h3 class=\"elementor-heading-title elementor-size-default\">Su\u00e7 nedir?<\/h3>\t\t\t\t<\/div>\n\t\t\t\t<\/div>\n\t\t\t\t<div class=\"elementor-element elementor-element-93ad992 color-scheme-inherit text-left elementor-widget elementor-widget-text-editor\" data-id=\"93ad992\" data-element_type=\"widget\" data-e-type=\"widget\" data-widget_type=\"text-editor.default\">\n\t\t\t\t<div class=\"elementor-widget-container\">\n\t\t\t\t\t\t\t\t\t<p>Su\u00e7lar, kabahatlerden daha a\u011f\u0131r cezalar gerektiren ciddi yasa ihlalleridir. Ciddi yasa ihlalleri olarak kabul edilirler ve bunlar\u0131 ger\u00e7ekle\u015ftirenler i\u00e7in ciddi yasal sonu\u00e7lar\u0131 vard\u0131r.<\/p><ul><li><strong>Devlet g\u00fcvenli\u011fine kar\u015f\u0131 su\u00e7lar:<\/strong>\u00a0Bir \u00fclkenin istikrar\u0131n\u0131 ve g\u00fcvenli\u011fini baltalamay\u0131 ama\u00e7lar. \u00d6rnekler aras\u0131nda ter\u00f6rizm, casusluk ve vatana ihanet say\u0131labilir. Bu su\u00e7lar ulusal g\u00fcvenli\u011fi tehdit edebildikleri i\u00e7in \u00f6zellikle ciddi kabul edilirler.<\/li><li><strong>Kamu d\u00fczenine kar\u015f\u0131 i\u015flenen su\u00e7lar:<\/strong>\u00a0Bu durumda, ki\u015filerin veya mallar\u0131n genel \u00f6zg\u00fcrl\u00fc\u011f\u00fc tehlikeye girer ve kamu huzuru ve g\u00fcvenli\u011fi bozulur. \u00d6rnekler aras\u0131nda tehdit, cinayet, h\u0131rs\u0131zl\u0131k, vandalizm ve sald\u0131r\u0131 yer almaktad\u0131r. Bu su\u00e7lar\u0131n ciddiyeti farkl\u0131 olabilir, ancak hepsinin ortak noktas\u0131 kamu d\u00fczenini ihlal etmeleri ve hem ma\u011fdurlar hem de failler i\u00e7in ciddi sonu\u00e7lar do\u011furabilmeleridir.<\/li><\/ul>\t\t\t\t\t\t\t\t<\/div>\n\t\t\t\t<\/div>\n\t\t\t\t<div class=\"elementor-element elementor-element-30efda1 elementor-widget elementor-widget-spacer\" data-id=\"30efda1\" data-element_type=\"widget\" data-e-type=\"widget\" data-widget_type=\"spacer.default\">\n\t\t\t\t<div class=\"elementor-widget-container\">\n\t\t\t\t\t\t\t<div class=\"elementor-spacer\">\n\t\t\t<div class=\"elementor-spacer-inner\"><\/div>\n\t\t<\/div>\n\t\t\t\t\t\t<\/div>\n\t\t\t\t<\/div>\n\t\t\t\t<div class=\"elementor-element elementor-element-f040823 elementor-widget elementor-widget-heading\" data-id=\"f040823\" data-element_type=\"widget\" data-e-type=\"widget\" data-widget_type=\"heading.default\">\n\t\t\t\t<div class=\"elementor-widget-container\">\n\t\t\t\t\t<h3 class=\"elementor-heading-title elementor-size-default\">Su\u00e7lara neler dahildir?<\/h3>\t\t\t\t<\/div>\n\t\t\t\t<\/div>\n\t\t\t\t<div class=\"elementor-element elementor-element-cc4809b color-scheme-inherit text-left elementor-widget elementor-widget-text-editor\" data-id=\"cc4809b\" data-element_type=\"widget\" data-e-type=\"widget\" data-widget_type=\"text-editor.default\">\n\t\t\t\t<div class=\"elementor-widget-container\">\n\t\t\t\t\t\t\t\t\t<p>Su\u00e7lar ciddi davran\u0131\u015flar i\u00e7erir. A\u015fa\u011f\u0131da, en ciddi olanlar\u0131 listeledik:<\/p><ul><li><strong><a href=\"https:\/\/www.derbedrosian.nl\/tr\/yetki%cc%87-alanlari\/ceza-hukuku\/hirsizlik\/\">H\u0131rs\u0131zl\u0131k:<\/a> <\/strong>Birisi di\u011ferinden izinsiz bir \u015fey ald\u0131\u011f\u0131nda h\u0131rs\u0131zl\u0131ktan s\u00f6z ederiz. Bir scooter ve telefon gibi fiziksel olarak dokunabilece\u011finiz \u015feyleri (Maddi nesneler) i\u00e7erebilece\u011fi gibi, \u00e7evrimi\u00e7i \u00fcr\u00fcnler ve elektrik gibi dokunamayaca\u011f\u0131n\u0131z \u015feyleri (Maddi olmayan nesneler) de i\u00e7erebilir.<\/li><li><strong><a href=\"https:\/\/www.derbedrosian.nl\/tr\/yetki%cc%87-alanlari\/ceza-hukuku\/suclar\/uyusturucu\/\">Uyu\u015fturucu bulundurma:\u00a0<\/a><\/strong>Uyu\u015fturucu bulundurma, uyu\u015fturucu veya ila\u00e7lar\u0131n yasad\u0131\u015f\u0131 olarak bulundurulmas\u0131 anlam\u0131na gelir. Bu, bir ki\u015finin esrar, kokain, eroin, ecstasy, metamfetamin gibi uyu\u015fturucular\u0131 veya di\u011fer yasakl\u0131 maddeleri uygun ruhsat veya yetkililerden izin almadan ta\u015f\u0131d\u0131\u011f\u0131 anlam\u0131na gelir.<\/li><li><strong><a href=\"https:\/\/www.derbedrosian.nl\/tr\/yetki%cc%87-alanlari\/ceza-hukuku\/suclar\/saldiri\/\">Suistimal:<\/a><\/strong> K\u00f6t\u00fc muamele, kas\u0131tl\u0131 \u015fiddet eylemleri, ihmal veya korkutma yoluyla bir ki\u015fiye fiziksel, duygusal veya psikolojik zarar verilmesi anlam\u0131na gelir. K\u00f6t\u00fc muamelenin en yayg\u0131n bi\u00e7imi duygusald\u0131r.<\/li><li><strong><a href=\"https:\/\/www.derbedrosian.nl\/tr\/yetki%cc%87-alanlari\/ceza-hukuku\/suclar\/cinayet-ve-adam-oldurme\/\">Cinayet ve kas\u0131ts\u0131z adam \u00f6ld\u00fcrme:<\/a> <\/strong>Cinayet, bir ki\u015finin \u00f6nceden tasarlanarak ve yasal bir gerek\u00e7e veya mazeret olmaks\u0131z\u0131n kasten \u00f6ld\u00fcr\u00fclmesini ifade eder. Bir ba\u015fkas\u0131n\u0131 \u00f6ld\u00fcrme niyetinde olan bir ki\u015finin bu amac\u0131na fiilen ula\u015fmak i\u00e7in ad\u0131mlar att\u0131\u011f\u0131 anlam\u0131na gelir. Cinayet bir\u00e7ok ki\u015fi taraf\u0131ndan en k\u00f6t\u00fc su\u00e7 olarak kabul edilir.<\/li><li><a href=\"https:\/\/www.derbedrosian.nl\/tr\/yetki%cc%87-alanlari\/ceza-hukuku\/hakaret\/\"><strong>Hakaret:<\/strong><\/a> Hakaret, insanlar\u0131n biriyle alay etmek veya onu k\u00fc\u00e7\u00fck d\u00fc\u015f\u00fcrmek i\u00e7in s\u00f6yledi\u011fi veya yapt\u0131\u011f\u0131 bir \u015feydir. Kas\u0131tl\u0131 veya yanl\u0131\u015fl\u0131kla yap\u0131labilir, ancak ama\u00e7 genellikle di\u011fer ki\u015fiyi k\u00fc\u00e7\u00fck d\u00fc\u015f\u00fcrmektir.<\/li><\/ul><ul><li><strong>Y\u0131k\u0131m:<\/strong> Tahrip, ba\u015fkalar\u0131n\u0131n mallar\u0131na r\u0131zalar\u0131 olmaks\u0131z\u0131n kas\u0131tl\u0131 olarak zarar vermek veya yok etmek anlam\u0131na gelir. \u00d6rnekler aras\u0131nda arabalara, mobilyalara, ekipmanlara, kamu tesislerine veya ki\u015fisel m\u00fclklere zarar vermek yer almaktad\u0131r. Tahribat g\u00f6revi k\u00f6t\u00fcye kullanma, vandalizm, \u00f6fke, intikam veya ba\u015fka nedenlerden kaynaklanabilir, ancak her zaman kas\u0131tl\u0131 olarak ba\u015fkas\u0131n\u0131n mal\u0131na zarar vermeyi i\u00e7erir.<\/li><li><strong>Tehdit:<\/strong>\u00a0Tehdit, korkutma, g\u00f6zda\u011f\u0131 verme, ba\u015fka bir ki\u015finin g\u00fcvenli\u011finden endi\u015fe etme veya zarar ya da olumsuz sonu\u00e7lar do\u011furaca\u011f\u0131n\u0131 bildirme amac\u0131 ta\u015f\u0131yan s\u00f6zler, jestler, yaz\u0131l\u0131 ileti\u015fim veya davran\u0131\u015flar anlam\u0131na gelir. Tehditler hem s\u00f6zl\u00fc hem de s\u00f6zs\u00fcz olabilir ve ciddiyet ve \u00f6zel bi\u00e7im a\u00e7\u0131s\u0131ndan de\u011fi\u015fiklik g\u00f6sterebilir.<\/li><\/ul>\t\t\t\t\t\t\t\t<\/div>\n\t\t\t\t<\/div>\n\t\t\t\t<div class=\"elementor-element elementor-element-7813323 elementor-widget elementor-widget-spacer\" data-id=\"7813323\" data-element_type=\"widget\" data-e-type=\"widget\" data-widget_type=\"spacer.default\">\n\t\t\t\t<div class=\"elementor-widget-container\">\n\t\t\t\t\t\t\t<div class=\"elementor-spacer\">\n\t\t\t<div class=\"elementor-spacer-inner\"><\/div>\n\t\t<\/div>\n\t\t\t\t\t\t<\/div>\n\t\t\t\t<\/div>\n\t\t\t\t<div class=\"elementor-element elementor-element-d683f60 elementor-widget elementor-widget-heading\" data-id=\"d683f60\" data-element_type=\"widget\" data-e-type=\"widget\" data-widget_type=\"heading.default\">\n\t\t\t\t<div class=\"elementor-widget-container\">\n\t\t\t\t\t<h3 class=\"elementor-heading-title elementor-size-default\">Su\u00e7 ve kabahat aras\u0131ndaki fark<\/h3>\t\t\t\t<\/div>\n\t\t\t\t<\/div>\n\t\t\t\t<div class=\"elementor-element elementor-element-f0b9e77 color-scheme-inherit text-left elementor-widget elementor-widget-text-editor\" data-id=\"f0b9e77\" data-element_type=\"widget\" data-e-type=\"widget\" data-widget_type=\"text-editor.default\">\n\t\t\t\t<div class=\"elementor-widget-container\">\n\t\t\t\t\t\t\t\t\t<p>Bir su\u00e7 ile bir su\u00e7 aras\u0131ndaki temel fark, yasan\u0131n ihlalinin ciddiyeti ve buna ba\u011fl\u0131 yasal sonu\u00e7larla ilgilidir.<\/p><p>Su\u00e7lar, toplumsal normlara ve de\u011ferlere ayk\u0131r\u0131 t\u00fcm eylemleri i\u00e7erir. \u00d6rnek olarak cinayet, tecav\u00fcz, h\u0131rs\u0131zl\u0131k ve gasp verilebilir. Di\u011fer yandan su\u00e7lar, alenen sarho\u015f olma ve alenen i\u015feme gibi daha az ciddi davran\u0131\u015flar\u0131 i\u00e7erir.<\/p>\t\t\t\t\t\t\t\t<\/div>\n\t\t\t\t<\/div>\n\t\t\t\t<div class=\"elementor-element elementor-element-c5327b4 elementor-widget elementor-widget-spacer\" data-id=\"c5327b4\" data-element_type=\"widget\" data-e-type=\"widget\" data-widget_type=\"spacer.default\">\n\t\t\t\t<div class=\"elementor-widget-container\">\n\t\t\t\t\t\t\t<div class=\"elementor-spacer\">\n\t\t\t<div class=\"elementor-spacer-inner\"><\/div>\n\t\t<\/div>\n\t\t\t\t\t\t<\/div>\n\t\t\t\t<\/div>\n\t\t\t\t<div class=\"elementor-element elementor-element-e7e679f elementor-widget elementor-widget-heading\" data-id=\"e7e679f\" data-element_type=\"widget\" data-e-type=\"widget\" data-widget_type=\"heading.default\">\n\t\t\t\t<div class=\"elementor-widget-container\">\n\t\t\t\t\t<h3 class=\"elementor-heading-title elementor-size-default\">A\u011f\u0131r ceza davalar\u0131 nas\u0131l ilerler?<\/h3>\t\t\t\t<\/div>\n\t\t\t\t<\/div>\n\t\t\t\t<div class=\"elementor-element elementor-element-299df01 color-scheme-inherit text-left elementor-widget elementor-widget-text-editor\" data-id=\"299df01\" data-element_type=\"widget\" data-e-type=\"widget\" data-widget_type=\"text-editor.default\">\n\t\t\t\t<div class=\"elementor-widget-container\">\n\t\t\t\t\t\t\t\t\t<p>Sald\u0131r\u0131 gibi bir su\u00e7ta, polis soru\u015fturmas\u0131 ma\u011fdurun su\u00e7u bildirmesiyle ba\u015flar. Cinayet soru\u015fturmas\u0131 gibi di\u011fer durumlarda ise polis, su\u00e7u ihbar etmeden bir \u015f\u00fcphelinin izini s\u00fcrmek i\u00e7in soru\u015fturmaya ba\u015flar. Polis ve savc\u0131 (OM) ilk olarak su\u00e7tan kimin sorumlu oldu\u011funu ara\u015ft\u0131r\u0131r.\u00a0<\/p><p>Bir \u015f\u00fcphelinin kimli\u011fi tespit edilirse, savc\u0131l\u0131k genellikle bu ki\u015fiyi mahkemeye getirir. Duru\u015fmada san\u0131k olarak yer al\u0131yorsan\u0131z, savc\u0131l\u0131ktan mahkemeye ne zaman ve nerede \u00e7\u0131kman\u0131z gerekti\u011fini belirten bir celp al\u0131rs\u0131n\u0131z. Biz buna duru\u015fman\u0131n ba\u015flang\u0131c\u0131 diyoruz.<\/p><p>Karar: Duru\u015fmadan sonra yarg\u0131\u00e7 cezay\u0131 verecektir. San\u0131\u011f\u0131n su\u00e7lu bulunmas\u0131 halinde ceza, su\u00e7un a\u011f\u0131rl\u0131\u011f\u0131na ve di\u011fer ko\u015fullara ba\u011fl\u0131 olarak de\u011fi\u015febilir.<\/p>\t\t\t\t\t\t\t\t<\/div>\n\t\t\t\t<\/div>\n\t\t\t\t<div class=\"elementor-element elementor-element-3889175 elementor-widget elementor-widget-spacer\" data-id=\"3889175\" data-element_type=\"widget\" data-e-type=\"widget\" data-widget_type=\"spacer.default\">\n\t\t\t\t<div class=\"elementor-widget-container\">\n\t\t\t\t\t\t\t<div class=\"elementor-spacer\">\n\t\t\t<div class=\"elementor-spacer-inner\"><\/div>\n\t\t<\/div>\n\t\t\t\t\t\t<\/div>\n\t\t\t\t<\/div>\n\t\t\t\t<div class=\"elementor-element elementor-element-189f553 elementor-widget elementor-widget-heading\" data-id=\"189f553\" data-element_type=\"widget\" data-e-type=\"widget\" data-widget_type=\"heading.default\">\n\t\t\t\t<div class=\"elementor-widget-container\">\n\t\t\t\t\t<h3 class=\"elementor-heading-title elementor-size-default\">Su\u00e7 cezalar\u0131<\/h3>\t\t\t\t<\/div>\n\t\t\t\t<\/div>\n\t\t\t\t<div class=\"elementor-element elementor-element-931fb74 color-scheme-inherit text-left elementor-widget elementor-widget-text-editor\" data-id=\"931fb74\" data-element_type=\"widget\" data-e-type=\"widget\" data-widget_type=\"text-editor.default\">\n\t\t\t\t<div class=\"elementor-widget-container\">\n\t\t\t\t\t\t\t\t\t<p>Su\u00e7lar genellikle a\u011f\u0131r hapis cezalar\u0131 gerektirir. En yayg\u0131n s\u00fcreler 6, 12 ve 20 y\u0131ld\u0131r. Hapis cezas\u0131n\u0131n miktar\u0131 i\u015flenen su\u00e7un ciddiyetine ba\u011fl\u0131d\u0131r.<\/p>\t\t\t\t\t\t\t\t<\/div>\n\t\t\t\t<\/div>\n\t\t\t\t<div class=\"elementor-element elementor-element-ee35813 elementor-widget elementor-widget-spacer\" data-id=\"ee35813\" data-element_type=\"widget\" data-e-type=\"widget\" data-widget_type=\"spacer.default\">\n\t\t\t\t<div class=\"elementor-widget-container\">\n\t\t\t\t\t\t\t<div class=\"elementor-spacer\">\n\t\t\t<div class=\"elementor-spacer-inner\"><\/div>\n\t\t<\/div>\n\t\t\t\t\t\t<\/div>\n\t\t\t\t<\/div>\n\t\t\t\t<div class=\"elementor-element elementor-element-12c09ea elementor-widget elementor-widget-heading\" data-id=\"12c09ea\" data-element_type=\"widget\" data-e-type=\"widget\" data-widget_type=\"heading.default\">\n\t\t\t\t<div class=\"elementor-widget-container\">\n\t\t\t\t\t<h3 class=\"elementor-heading-title elementor-size-default\">Kabahatler avukat\u0131<\/h3>\t\t\t\t<\/div>\n\t\t\t\t<\/div>\n\t\t\t\t<div class=\"elementor-element elementor-element-e1ccc6e color-scheme-inherit text-left elementor-widget elementor-widget-text-editor\" data-id=\"e1ccc6e\" data-element_type=\"widget\" data-e-type=\"widget\" data-widget_type=\"text-editor.default\">\n\t\t\t\t<div class=\"elementor-widget-container\">\n\t\t\t\t\t\t\t\t\t<p>Bir ceza avukat\u0131, duru\u015fma s\u0131ras\u0131nda san\u0131\u011fa tavsiyelerde bulunabilir ve yard\u0131mc\u0131 olabilir. Bir \u015f\u00fcpheli olarak kendinizi savunmakta \u00e7o\u011fu zaman zorlan\u0131rs\u0131n\u0131z, genellikle duygusal olarak \u00e7ok me\u015fgul olursunuz ve bu nedenle \u00f6nemli konular\u0131 g\u00f6zden ka\u00e7\u0131r\u0131rs\u0131n\u0131z. \u015e\u00fcpheliler de dahil olmak \u00fczere herkesin avukat tutma hakk\u0131 vard\u0131r. Bu nedenle, avukatlar\u0131m\u0131zdan biriyle ileti\u015fime ge\u00e7mekten \u00e7ekinmeyin.<\/p><p>Bir su\u00e7 iddias\u0131yla kar\u015f\u0131 kar\u015f\u0131ya kald\u0131\u011f\u0131n\u0131zda, h\u0131zl\u0131 ve hedefe y\u00f6nelik hukuki yard\u0131m almak \u00e7ok \u00f6nemlidir. Benzer durumlarda, size yard\u0131mc\u0131 olmaktan mutluluk duyacak deneyimli avukatlar\u0131m\u0131z\u0131n bulundu\u011fu Derbedrosian Hukuk B\u00fcrosu'na g\u00fcvenebilirsiniz. Her davan\u0131n kendine \u00f6zg\u00fc oldu\u011funu ve uzmanl\u0131k gerektirdi\u011fini bildi\u011fimizden, firmam\u0131z size rehberlik etmeye ve durumunuza \u00f6zel hukuki tavsiyelerde bulunmaya haz\u0131rd\u0131r.<br \/>Haklar\u0131n\u0131z\u0131 anlaman\u0131za, savunman\u0131z\u0131 olu\u015fturman\u0131za ve s\u00fcre\u00e7 boyunca size rehberlik etmenize yard\u0131mc\u0131 olmak i\u00e7in buraday\u0131z. Bizimle bug\u00fcn ileti\u015fime ge\u00e7in ve etkili bir savunma i\u00e7in ilk ad\u0131m\u0131 at\u0131n.<\/p>\t\t\t\t\t\t\t\t<\/div>\n\t\t\t\t<\/div>\n\t\t\t\t\t<\/div>\n\t\t\t\t<\/div>\n\t\t\t\t<\/div>","protected":false},"excerpt":{"rendered":"<p>su\u00e7 ve kabahat fark\u0131 avukat kabahat su\u00e7u sava\u015f su\u00e7lar\u0131 insanl\u0131\u011fa kar\u015f\u0131 su\u00e7lar i\u015fkence ve zorla kaybetme avukat ceza hukuku enschede<\/p>","protected":false},"author":1,"featured_media":0,"parent":10047,"menu_order":0,"comment_status":"closed","ping_status":"closed","template":"","meta":{"footnotes":""},"class_list":["post-10515","page","type-page","status-publish","hentry"],"_links":{"self":[{"href":"https:\/\/www.derbedrosian.nl\/tr\/wp-json\/wp\/v2\/pages\/10515","targetHints":{"allow":["GET"]}}],"collection":[{"href":"https:\/\/www.derbedrosian.nl\/tr\/wp-json\/wp\/v2\/pages"}],"about":[{"href":"https:\/\/www.derbedrosian.nl\/tr\/wp-json\/wp\/v2\/types\/page"}],"author":[{"embeddable":true,"href":"https:\/\/www.derbedrosian.nl\/tr\/wp-json\/wp\/v2\/users\/1"}],"replies":[{"embeddable":true,"href":"https:\/\/www.derbedrosian.nl\/tr\/wp-json\/wp\/v2\/comments?post=10515"}],"version-history":[{"count":0,"href":"https:\/\/www.derbedrosian.nl\/tr\/wp-json\/wp\/v2\/pages\/10515\/revisions"}],"up":[{"embeddable":true,"href":"https:\/\/www.derbedrosian.nl\/tr\/wp-json\/wp\/v2\/pages\/10047"}],"wp:attachment":[{"href":"https:\/\/www.derbedrosian.nl\/tr\/wp-json\/wp\/v2\/media?parent=10515"}],"curies":[{"name":"wp","href":"https:\/\/api.w.org\/{rel}","templated":true}]}}