{"id":10507,"date":"2023-05-25T16:50:17","date_gmt":"2023-05-25T14:50:17","guid":{"rendered":"https:\/\/derbedrosian.nl\/?page_id=10507"},"modified":"2025-12-20T18:21:53","modified_gmt":"2025-12-20T16:21:53","slug":"el-konulan-mallar","status":"publish","type":"page","link":"https:\/\/www.derbedrosian.nl\/tr\/rechtsgebieden\/strafrecht\/in-beslag-genomen-goederen\/","title":{"rendered":"El konulan mallar"},"content":{"rendered":"<div data-elementor-type=\"wp-page\" data-elementor-id=\"10507\" class=\"elementor elementor-10507\" data-elementor-post-type=\"page\">\n\t\t\t\t<div class=\"wd-negative-gap elementor-element elementor-element-b747771 e-flex e-con-boxed e-con e-parent\" data-id=\"b747771\" data-element_type=\"container\" data-e-type=\"container\">\n\t\t\t\t\t<div class=\"e-con-inner\">\n\t\t\t\t<div class=\"elementor-element elementor-element-b41868c elementor-hidden-desktop elementor-hidden-tablet elementor-hidden-mobile elementor-widget elementor-widget-wd_image_or_svg\" data-id=\"b41868c\" data-element_type=\"widget\" data-e-type=\"widget\" id=\"seo-word\" data-widget_type=\"wd_image_or_svg.default\">\n\t\t\t\t<div class=\"elementor-widget-container\">\n\t\t\t\t\t\n\t\t<div class=\"wd-image text-left\">\n\t\t\t\t\t\t\t\t<img loading=\"lazy\" decoding=\"async\" width=\"1000\" height=\"667\" src=\"https:\/\/www.derbedrosian.nl\/wp-content\/uploads\/rechtsgebied-in-beslag-genomen-goederen.jpg\" class=\"attachment-full size-full\" alt=\"el konulan mallar polis kurtarma avukat\" srcset=\"https:\/\/www.derbedrosian.nl\/wp-content\/uploads\/rechtsgebied-in-beslag-genomen-goederen.jpg 1000w, https:\/\/www.derbedrosian.nl\/wp-content\/uploads\/rechtsgebied-in-beslag-genomen-goederen-400x267.jpg 400w, https:\/\/www.derbedrosian.nl\/wp-content\/uploads\/rechtsgebied-in-beslag-genomen-goederen-768x512.jpg 768w\" sizes=\"auto, (max-width: 1000px) 100vw, 1000px\" title=\"\">\t\t\t\t\t<\/div>\n\n\t\t\t\t\t\t<\/div>\n\t\t\t\t<\/div>\n\t\t\t\t<div class=\"elementor-element elementor-element-dfeeedc elementor-hidden-desktop elementor-hidden-tablet elementor-hidden-mobile elementor-widget elementor-widget-heading\" data-id=\"dfeeedc\" data-element_type=\"widget\" data-e-type=\"widget\" id=\"seo-word\" data-widget_type=\"heading.default\">\n\t\t\t\t<div class=\"elementor-widget-container\">\n\t\t\t\t\t<h2 class=\"elementor-heading-title elementor-size-default\">ele ge\u00e7irilen mallar<\/h2>\t\t\t\t<\/div>\n\t\t\t\t<\/div>\n\t\t\t\t<div class=\"elementor-element elementor-element-fbda500 elementor-hidden-desktop elementor-hidden-tablet elementor-hidden-mobile elementor-widget elementor-widget-heading\" data-id=\"fbda500\" data-element_type=\"widget\" data-e-type=\"widget\" id=\"seo-word\" data-widget_type=\"heading.default\">\n\t\t\t\t<div class=\"elementor-widget-container\">\n\t\t\t\t\t<h5 class=\"elementor-heading-title elementor-size-default\">el konulan mallar\u0131n geri al\u0131nmas\u0131 <\/h5>\t\t\t\t<\/div>\n\t\t\t\t<\/div>\n\t\t\t\t<div class=\"elementor-element elementor-element-7d2ca9a elementor-hidden-desktop elementor-hidden-tablet elementor-hidden-mobile elementor-widget elementor-widget-heading\" data-id=\"7d2ca9a\" data-element_type=\"widget\" data-e-type=\"widget\" id=\"seo-word\" data-widget_type=\"heading.default\">\n\t\t\t\t<div class=\"elementor-widget-container\">\n\t\t\t\t\t<h5 class=\"elementor-heading-title elementor-size-default\">el konulan mallar\u0131n geri al\u0131nmas\u0131 polis <\/h5>\t\t\t\t<\/div>\n\t\t\t\t<\/div>\n\t\t\t\t<div class=\"elementor-element elementor-element-e299bc3 elementor-hidden-desktop elementor-hidden-tablet elementor-hidden-mobile elementor-widget elementor-widget-heading\" data-id=\"e299bc3\" data-element_type=\"widget\" data-e-type=\"widget\" id=\"seo-word\" data-widget_type=\"heading.default\">\n\t\t\t\t<div class=\"elementor-widget-container\">\n\t\t\t\t\t<h5 class=\"elementor-heading-title elementor-size-default\">haczedi\u0307len mallar avukati<\/h5>\t\t\t\t<\/div>\n\t\t\t\t<\/div>\n\t\t\t\t<div class=\"elementor-element elementor-element-b77bbd9 elementor-hidden-desktop elementor-hidden-tablet elementor-hidden-mobile elementor-widget elementor-widget-heading\" data-id=\"b77bbd9\" data-element_type=\"widget\" data-e-type=\"widget\" id=\"seo-word\" data-widget_type=\"heading.default\">\n\t\t\t\t<div class=\"elementor-widget-container\">\n\t\t\t\t\t<h5 class=\"elementor-heading-title elementor-size-default\">n\u00f6bet arabas\u0131<\/h5>\t\t\t\t<\/div>\n\t\t\t\t<\/div>\n\t\t\t\t<div class=\"elementor-element elementor-element-879421c elementor-hidden-desktop elementor-hidden-tablet elementor-hidden-mobile elementor-widget elementor-widget-heading\" data-id=\"879421c\" data-element_type=\"widget\" data-e-type=\"widget\" id=\"seo-word\" data-widget_type=\"heading.default\">\n\t\t\t\t<div class=\"elementor-widget-container\">\n\t\t\t\t\t<h5 class=\"elementor-heading-title elementor-size-default\">avukat ceza hukuku overijssel<\/h5>\t\t\t\t<\/div>\n\t\t\t\t<\/div>\n\t\t\t\t<div class=\"elementor-element elementor-element-f3497a8 elementor-hidden-desktop elementor-hidden-tablet elementor-hidden-mobile elementor-widget elementor-widget-heading\" data-id=\"f3497a8\" data-element_type=\"widget\" data-e-type=\"widget\" id=\"seo-word\" data-widget_type=\"heading.default\">\n\t\t\t\t<div class=\"elementor-widget-container\">\n\t\t\t\t\t<h5 class=\"elementor-heading-title elementor-size-default\">avukat ceza hukuku enschede<\/h5>\t\t\t\t<\/div>\n\t\t\t\t<\/div>\n\t\t\t\t<div class=\"elementor-element elementor-element-1fc277a elementor-hidden-desktop elementor-hidden-tablet elementor-hidden-mobile elementor-widget elementor-widget-heading\" data-id=\"1fc277a\" data-element_type=\"widget\" data-e-type=\"widget\" id=\"seo-word\" data-widget_type=\"heading.default\">\n\t\t\t\t<div class=\"elementor-widget-container\">\n\t\t\t\t\t<h5 class=\"elementor-heading-title elementor-size-default\">ceza avukati enschede<\/h5>\t\t\t\t<\/div>\n\t\t\t\t<\/div>\n\t\t\t\t<div class=\"elementor-element elementor-element-f62ee6d elementor-hidden-desktop elementor-hidden-tablet elementor-hidden-mobile elementor-widget elementor-widget-heading\" data-id=\"f62ee6d\" data-element_type=\"widget\" data-e-type=\"widget\" id=\"seo-word\" data-widget_type=\"heading.default\">\n\t\t\t\t<div class=\"elementor-widget-container\">\n\t\t\t\t\t<h5 class=\"elementor-heading-title elementor-size-default\">Enschede'deyseniz ve el konulan mallarla ilgili hukuki yard\u0131ma ihtiyac\u0131n\u0131z varsa, Derbedrosian Criminal Lawyers'daki ceza avukatlar\u0131n\u0131n uzmanl\u0131\u011f\u0131na g\u00fcvenebilirsiniz. Enschede'deki avukatlar\u0131m\u0131z ceza davalar\u0131nda deneyimli profesyonellerdir ve el konulan m\u00fclkler s\u00fcrecinde \u00e7ok bilgilidirler.\n\nM\u00fclk\u00fcn\u00fcze polis taraf\u0131ndan el konuldu\u011funda, onu geri almaya \u00e7al\u0131\u015fmak i\u00e7in yasal yard\u0131m almak \u00e7ok \u00f6nemli olabilir. El konulan m\u00fclk\u00fcn geri al\u0131nmas\u0131 karma\u015f\u0131k olabilir, ancak do\u011fru hukuki yard\u0131mla bu s\u00fcre\u00e7te size yard\u0131mc\u0131 olabiliriz.\n\nOverijssel'deki avukatlar\u0131m\u0131z, el konulan m\u00fclk\u00fcn geri al\u0131nmas\u0131 konusunda size tavsiyelerde bulunmaya ve yard\u0131mc\u0131 olmaya haz\u0131rd\u0131r. Bu t\u00fcr davalarda profesyonel destek i\u00e7in Enschede'deki Derbedrosian Ceza Avukatlar\u0131 ile ileti\u015fime ge\u00e7in.<\/h5>\t\t\t\t<\/div>\n\t\t\t\t<\/div>\n\t\t\t\t<div class=\"elementor-element elementor-element-0ed46b8 elementor-widget elementor-widget-spacer\" data-id=\"0ed46b8\" data-element_type=\"widget\" data-e-type=\"widget\" data-widget_type=\"spacer.default\">\n\t\t\t\t<div class=\"elementor-widget-container\">\n\t\t\t\t\t\t\t<div class=\"elementor-spacer\">\n\t\t\t<div class=\"elementor-spacer-inner\"><\/div>\n\t\t<\/div>\n\t\t\t\t\t\t<\/div>\n\t\t\t\t<\/div>\n\t\t\t\t<div class=\"elementor-element elementor-element-bb41afc elementor-widget elementor-widget-heading\" data-id=\"bb41afc\" data-element_type=\"widget\" data-e-type=\"widget\" data-widget_type=\"heading.default\">\n\t\t\t\t<div class=\"elementor-widget-container\">\n\t\t\t\t\t<h2 class=\"elementor-heading-title elementor-size-default\">El konulan mallar nelerdir?<\/h2>\t\t\t\t<\/div>\n\t\t\t\t<\/div>\n\t\t\t\t<div class=\"elementor-element elementor-element-3ccf9f4 color-scheme-inherit text-left elementor-widget elementor-widget-text-editor\" data-id=\"3ccf9f4\" data-element_type=\"widget\" data-e-type=\"widget\" data-widget_type=\"text-editor.default\">\n\t\t\t\t<div class=\"elementor-widget-container\">\n\t\t\t\t\t\t\t\t\t<p>El konulan mal, su\u00e7 paras\u0131yla \u00f6dendi\u011fi i\u00e7in yasad\u0131\u015f\u0131 yollardan elde edilip edilmedi\u011fini kan\u0131tlamak i\u00e7in el konulan \u00e7e\u015fitli e\u015fyalar\u0131 ifade eder.<\/p><p>El koyma, ceza adaleti a\u00e7\u0131s\u0131ndan gerekli oldu\u011funda ger\u00e7ekle\u015fir.<\/p>\t\t\t\t\t\t\t\t<\/div>\n\t\t\t\t<\/div>\n\t\t\t\t<div class=\"elementor-element elementor-element-edf3262 elementor-widget elementor-widget-spacer\" data-id=\"edf3262\" data-element_type=\"widget\" data-e-type=\"widget\" data-widget_type=\"spacer.default\">\n\t\t\t\t<div class=\"elementor-widget-container\">\n\t\t\t\t\t\t\t<div class=\"elementor-spacer\">\n\t\t\t<div class=\"elementor-spacer-inner\"><\/div>\n\t\t<\/div>\n\t\t\t\t\t\t<\/div>\n\t\t\t\t<\/div>\n\t\t\t\t<div class=\"elementor-element elementor-element-796f259 elementor-widget elementor-widget-heading\" data-id=\"796f259\" data-element_type=\"widget\" data-e-type=\"widget\" data-widget_type=\"heading.default\">\n\t\t\t\t<div class=\"elementor-widget-container\">\n\t\t\t\t\t<h3 class=\"elementor-heading-title elementor-size-default\">Mallara el koyma<\/h3>\t\t\t\t<\/div>\n\t\t\t\t<\/div>\n\t\t\t\t<div class=\"elementor-element elementor-element-9d04149 color-scheme-inherit text-left elementor-widget elementor-widget-text-editor\" data-id=\"9d04149\" data-element_type=\"widget\" data-e-type=\"widget\" data-widget_type=\"text-editor.default\">\n\t\t\t\t<div class=\"elementor-widget-container\">\n\t\t\t\t\t\t\t\t\t<p>Polisin veya soru\u015fturma kurumlar\u0131n\u0131n e\u015fya veya ara\u00e7lara el koymas\u0131n\u0131n \u00e7e\u015fitli nedenleri vard\u0131r. Bu t\u00fcr bir el koyma a\u015fa\u011f\u0131daki nedenlerle olabilir:<\/p><ul><li><strong>Trafi\u011fe kapal\u0131:<\/strong>\u00a0Baz\u0131 durumlarda mallar dola\u015f\u0131mdan \u00e7ekilir, yani kal\u0131c\u0131 olarak kullan\u0131m d\u0131\u015f\u0131 b\u0131rak\u0131l\u0131r.<\/li><li><strong>Do\u011fruyu s\u00f6ylemek:<\/strong>\u00a0El konulan m\u00fclk, silah, uyu\u015fturucu, \u00e7al\u0131nt\u0131 mal veya bir su\u00e7la ilgili di\u011fer \u00f6\u011feler gibi ceza davalar\u0131nda kan\u0131t olarak kullan\u0131labilir.<\/li><\/ul><ul><li><strong>Cezai su\u00e7lardan kazan\u00e7 sa\u011flama \u015f\u00fcphesi:<\/strong>\u00a0Bazen hacizler, gelecekte herhangi bir para cezas\u0131n\u0131 veya mahrumiyet tedbirini \u00f6demek i\u00e7in teminat olarak yap\u0131l\u0131r.<\/li><\/ul>\t\t\t\t\t\t\t\t<\/div>\n\t\t\t\t<\/div>\n\t\t\t\t<div class=\"elementor-element elementor-element-0f76e18 elementor-widget elementor-widget-spacer\" data-id=\"0f76e18\" data-element_type=\"widget\" data-e-type=\"widget\" data-widget_type=\"spacer.default\">\n\t\t\t\t<div class=\"elementor-widget-container\">\n\t\t\t\t\t\t\t<div class=\"elementor-spacer\">\n\t\t\t<div class=\"elementor-spacer-inner\"><\/div>\n\t\t<\/div>\n\t\t\t\t\t\t<\/div>\n\t\t\t\t<\/div>\n\t\t\t\t<div class=\"elementor-element elementor-element-51e0710 elementor-widget elementor-widget-heading\" data-id=\"51e0710\" data-element_type=\"widget\" data-e-type=\"widget\" data-widget_type=\"heading.default\">\n\t\t\t\t<div class=\"elementor-widget-container\">\n\t\t\t\t\t<h3 class=\"elementor-heading-title elementor-size-default\">Mallar\u0131ma el konulursa ne olur?\n<\/h3>\t\t\t\t<\/div>\n\t\t\t\t<\/div>\n\t\t\t\t<div class=\"elementor-element elementor-element-8d58c0e color-scheme-inherit text-left elementor-widget elementor-widget-text-editor\" data-id=\"8d58c0e\" data-element_type=\"widget\" data-e-type=\"widget\" data-widget_type=\"text-editor.default\">\n\t\t\t\t<div class=\"elementor-widget-container\">\n\t\t\t\t\t\t\t\t\t<p>Bir \u015feye el konulursa, size bir makbuz verilecektir. E\u015fyalar\u0131n\u0131z \u00f6nce polis karakolunda tutulacak ve daha sonra \u00f6zel bir depolama tesisine g\u00f6t\u00fcr\u00fclecektir. Ulusal Birim hari\u00e7, her polis biriminin el konulan e\u015fyalar i\u00e7in kendi depolama yeri vard\u0131r.<\/p><p>Polis, e\u015fyalar\u0131n\u0131za neden el koydu\u011funu ve sahibinin kim oldu\u011funu resmi bir el koyma tutana\u011f\u0131na ayr\u0131nt\u0131l\u0131 olarak yazacakt\u0131r. E\u015fyalar\u0131n\u0131za ne olaca\u011f\u0131na polisin kendisinin karar vermedi\u011fine dikkat etmek \u00f6nemlidir; buna savc\u0131l\u0131k karar verir<\/p>\t\t\t\t\t\t\t\t<\/div>\n\t\t\t\t<\/div>\n\t\t\t\t<div class=\"elementor-element elementor-element-3b391b2 elementor-widget elementor-widget-spacer\" data-id=\"3b391b2\" data-element_type=\"widget\" data-e-type=\"widget\" data-widget_type=\"spacer.default\">\n\t\t\t\t<div class=\"elementor-widget-container\">\n\t\t\t\t\t\t\t<div class=\"elementor-spacer\">\n\t\t\t<div class=\"elementor-spacer-inner\"><\/div>\n\t\t<\/div>\n\t\t\t\t\t\t<\/div>\n\t\t\t\t<\/div>\n\t\t\t\t<div class=\"elementor-element elementor-element-314478c elementor-widget elementor-widget-heading\" data-id=\"314478c\" data-element_type=\"widget\" data-e-type=\"widget\" data-widget_type=\"heading.default\">\n\t\t\t\t<div class=\"elementor-widget-container\">\n\t\t\t\t\t<h3 class=\"elementor-heading-title elementor-size-default\">El konulan mallar\u0131n sat\u0131\u015f\u0131<\/h3>\t\t\t\t<\/div>\n\t\t\t\t<\/div>\n\t\t\t\t<div class=\"elementor-element elementor-element-10f734d color-scheme-inherit text-left elementor-widget elementor-widget-text-editor\" data-id=\"10f734d\" data-element_type=\"widget\" data-e-type=\"widget\" data-widget_type=\"text-editor.default\">\n\t\t\t\t<div class=\"elementor-widget-container\">\n\t\t\t\t\t\t\t\t\t<p>M\u00fclk\u00fcn\u00fcze el konulmas\u0131n\u0131n hemen ard\u0131ndan avukatlar\u0131m\u0131zdan biriyle ileti\u015fime ge\u00e7meniz b\u00fcy\u00fck \u00f6nem ta\u015f\u0131maktad\u0131r. Bu k\u0131smen, savc\u0131n\u0131n el konulan e\u015fyalar\u0131 derhal satabilece\u011fini ve davan\u0131n mahkemede esasl\u0131 bir duru\u015fmas\u0131 yap\u0131lmadan \u00f6nce mallar\u0131n imha edilebilece\u011fini belirten 117 Sv Maddesi nedeniyle \u00f6nemlidir.<\/p>\t\t\t\t\t\t\t\t<\/div>\n\t\t\t\t<\/div>\n\t\t\t\t<div class=\"elementor-element elementor-element-4cb11b2 elementor-widget elementor-widget-spacer\" data-id=\"4cb11b2\" data-element_type=\"widget\" data-e-type=\"widget\" data-widget_type=\"spacer.default\">\n\t\t\t\t<div class=\"elementor-widget-container\">\n\t\t\t\t\t\t\t<div class=\"elementor-spacer\">\n\t\t\t<div class=\"elementor-spacer-inner\"><\/div>\n\t\t<\/div>\n\t\t\t\t\t\t<\/div>\n\t\t\t\t<\/div>\n\t\t\t\t<div class=\"elementor-element elementor-element-b9ce831 elementor-widget elementor-widget-heading\" data-id=\"b9ce831\" data-element_type=\"widget\" data-e-type=\"widget\" data-widget_type=\"heading.default\">\n\t\t\t\t<div class=\"elementor-widget-container\">\n\t\t\t\t\t<h3 class=\"elementor-heading-title elementor-size-default\">Mallara el koyma prosed\u00fcr\u00fc<\/h3>\t\t\t\t<\/div>\n\t\t\t\t<\/div>\n\t\t\t\t<div class=\"elementor-element elementor-element-6369039 color-scheme-inherit text-left elementor-widget elementor-widget-text-editor\" data-id=\"6369039\" data-element_type=\"widget\" data-e-type=\"widget\" data-widget_type=\"text-editor.default\">\n\t\t\t\t<div class=\"elementor-widget-container\">\n\t\t\t\t\t\t\t\t\t<p>El konulduktan sonra bir makbuz alacaks\u0131n\u0131z. Bu makbuzda el konulan her \u015fey ve el koyma i\u015fleminin yap\u0131ld\u0131\u011f\u0131 tarih listelenir.<\/p><p>Avukat, el koyma i\u015fleminden hemen sonra savc\u0131ya mallar\u0131n iadesi i\u00e7in talepte bulunacakt\u0131r. Avukat, \u00f6ncelikle mallar\u0131n neden el konuldu\u011funu anlamak i\u00e7in t\u00fcm dava belgelerini talep edecektir. Bu durumda mallar\u0131n iade edilme olas\u0131l\u0131\u011f\u0131 y\u00fcksektir ve bu da savunma stratejisinin belirlenmesinde \u00e7ok \u00f6nemlidir.\u00a0Savc\u0131 reddederse, avukat, el konulan mallar\u0131n iadesi konusunda karar vermesi i\u00e7in mahkemeye ba\u015fvuruda bulunabilir.<\/p><p>Bu dilek\u00e7e, m\u00fclk\u00fcn\u00fcz\u00fc m\u00fcmk\u00fcn olan en k\u0131sa s\u00fcrede geri alman\u0131z\u0131 sa\u011flamak i\u00e7in tasarlanm\u0131\u015ft\u0131r. Asl\u0131nda, savc\u0131l\u0131\u011f\u0131 e\u015fyalar\u0131n\u0131z\u0131 iade etmeye zorlaman\u0131n tek yolu budur.<\/p>\t\t\t\t\t\t\t\t<\/div>\n\t\t\t\t<\/div>\n\t\t\t\t<div class=\"elementor-element elementor-element-21cbf25 elementor-widget elementor-widget-spacer\" data-id=\"21cbf25\" data-element_type=\"widget\" data-e-type=\"widget\" data-widget_type=\"spacer.default\">\n\t\t\t\t<div class=\"elementor-widget-container\">\n\t\t\t\t\t\t\t<div class=\"elementor-spacer\">\n\t\t\t<div class=\"elementor-spacer-inner\"><\/div>\n\t\t<\/div>\n\t\t\t\t\t\t<\/div>\n\t\t\t\t<\/div>\n\t\t\t\t<div class=\"elementor-element elementor-element-7ec3aa1 elementor-widget elementor-widget-heading\" data-id=\"7ec3aa1\" data-element_type=\"widget\" data-e-type=\"widget\" data-widget_type=\"heading.default\">\n\t\t\t\t<div class=\"elementor-widget-container\">\n\t\t\t\t\t<h3 class=\"elementor-heading-title elementor-size-default\">Hacizli m\u00fclk avukat\u0131\n<\/h3>\t\t\t\t<\/div>\n\t\t\t\t<\/div>\n\t\t\t\t<div class=\"elementor-element elementor-element-037de6a color-scheme-inherit text-left elementor-widget elementor-widget-text-editor\" data-id=\"037de6a\" data-element_type=\"widget\" data-e-type=\"widget\" data-widget_type=\"text-editor.default\">\n\t\t\t\t<div class=\"elementor-widget-container\">\n\t\t\t\t\t\t\t\t\t<p>Uygulamada, polisin para, araba ve cep telefonu gibi \u015feyleri, bu \u015feylerin \u015f\u00fcpheyle hi\u00e7bir ilgisi olmad\u0131\u011f\u0131 hemen anla\u015f\u0131lsa bile, ald\u0131\u011f\u0131 s\u0131kl\u0131kla g\u00f6r\u00fcl\u00fcr. Bu durum, e\u015fyalar\u0131 al\u0131nan ki\u015fi i\u00e7in olduk\u00e7a can s\u0131k\u0131c\u0131 olabilir.<\/p><p>Bu nedenle, el konulan mallar\u0131n\u0131z\u0131 m\u00fcmk\u00fcn olan en k\u0131sa s\u00fcrede geri almak i\u00e7in deneyimli bir avukatla \u00e7al\u0131\u015fman\u0131z \u015fiddetle tavsiye edilir. Der Bedrosian Hukuk B\u00fcrosu, el koyma davalar\u0131nda geni\u015f deneyime sahip uzman avukatlara sahiptir ve sizin i\u00e7in en iyi sonucu elde etmek i\u00e7in uzmanl\u0131klar\u0131n\u0131 kullanacakt\u0131r.<\/p><p>Bu nedenle, at\u0131lacak ad\u0131mlar\u0131 g\u00f6r\u00fc\u015fmek i\u00e7in ileti\u015fime ge\u00e7mekten \u00e7ekinmeyin.<\/p>\t\t\t\t\t\t\t\t<\/div>\n\t\t\t\t<\/div>\n\t\t\t\t\t<\/div>\n\t\t\t\t<\/div>\n\t\t\t\t<\/div>","protected":false},"excerpt":{"rendered":"<p>el konulan mallar el konulan mallar\u0131n geri al\u0131nmas\u0131 el konulan mallar\u0131n geri al\u0131nmas\u0131 polis taraf\u0131ndan el konulan mallar avukat<\/p>","protected":false},"author":1,"featured_media":0,"parent":10047,"menu_order":0,"comment_status":"closed","ping_status":"closed","template":"","meta":{"footnotes":""},"class_list":["post-10507","page","type-page","status-publish","hentry"],"_links":{"self":[{"href":"https:\/\/www.derbedrosian.nl\/tr\/wp-json\/wp\/v2\/pages\/10507","targetHints":{"allow":["GET"]}}],"collection":[{"href":"https:\/\/www.derbedrosian.nl\/tr\/wp-json\/wp\/v2\/pages"}],"about":[{"href":"https:\/\/www.derbedrosian.nl\/tr\/wp-json\/wp\/v2\/types\/page"}],"author":[{"embeddable":true,"href":"https:\/\/www.derbedrosian.nl\/tr\/wp-json\/wp\/v2\/users\/1"}],"replies":[{"embeddable":true,"href":"https:\/\/www.derbedrosian.nl\/tr\/wp-json\/wp\/v2\/comments?post=10507"}],"version-history":[{"count":0,"href":"https:\/\/www.derbedrosian.nl\/tr\/wp-json\/wp\/v2\/pages\/10507\/revisions"}],"up":[{"embeddable":true,"href":"https:\/\/www.derbedrosian.nl\/tr\/wp-json\/wp\/v2\/pages\/10047"}],"wp:attachment":[{"href":"https:\/\/www.derbedrosian.nl\/tr\/wp-json\/wp\/v2\/media?parent=10507"}],"curies":[{"name":"wp","href":"https:\/\/api.w.org\/{rel}","templated":true}]}}