{"id":10488,"date":"2023-05-25T15:35:11","date_gmt":"2023-05-25T13:35:11","guid":{"rendered":"https:\/\/derbedrosian.nl\/?page_id=10488"},"modified":"2025-12-21T15:46:34","modified_gmt":"2025-12-21T13:46:34","slug":"hakaret","status":"publish","type":"page","link":"https:\/\/www.derbedrosian.nl\/tr\/rechtsgebieden\/strafrecht\/belediging\/","title":{"rendered":"Hakaret"},"content":{"rendered":"<div data-elementor-type=\"wp-page\" data-elementor-id=\"10488\" class=\"elementor elementor-10488\" data-elementor-post-type=\"page\">\n\t\t\t\t<div class=\"wd-negative-gap elementor-element elementor-element-f5caaf7 e-flex e-con-boxed e-con e-parent\" data-id=\"f5caaf7\" data-element_type=\"container\" data-e-type=\"container\">\n\t\t\t\t\t<div class=\"e-con-inner\">\n\t\t\t\t<div class=\"elementor-element elementor-element-450f538 elementor-hidden-desktop elementor-hidden-tablet elementor-hidden-mobile elementor-widget elementor-widget-wd_image_or_svg\" data-id=\"450f538\" data-element_type=\"widget\" data-e-type=\"widget\" id=\"seo-word\" data-widget_type=\"wd_image_or_svg.default\">\n\t\t\t\t<div class=\"elementor-widget-container\">\n\t\t\t\t\t\n\t\t<div class=\"wd-image text-center\">\n\t\t\t\t\t\t\t\t<img loading=\"lazy\" decoding=\"async\" width=\"1000\" height=\"667\" src=\"https:\/\/www.derbedrosian.nl\/wp-content\/uploads\/belediging-advocaat.jpg\" class=\"attachment-full size-full\" alt=\"hakaret iftira resmi g\u00f6revli avukat\" srcset=\"https:\/\/www.derbedrosian.nl\/wp-content\/uploads\/belediging-advocaat.jpg 1000w, https:\/\/www.derbedrosian.nl\/wp-content\/uploads\/belediging-advocaat-400x267.jpg 400w, https:\/\/www.derbedrosian.nl\/wp-content\/uploads\/belediging-advocaat-768x512.jpg 768w\" sizes=\"auto, (max-width: 1000px) 100vw, 1000px\" title=\"\">\t\t\t\t\t<\/div>\n\n\t\t\t\t\t\t<\/div>\n\t\t\t\t<\/div>\n\t\t\t\t<div class=\"elementor-element elementor-element-49512f8 elementor-hidden-desktop elementor-hidden-tablet elementor-hidden-mobile elementor-widget elementor-widget-heading\" data-id=\"49512f8\" data-element_type=\"widget\" data-e-type=\"widget\" id=\"seo-word\" data-widget_type=\"heading.default\">\n\t\t\t\t<div class=\"elementor-widget-container\">\n\t\t\t\t\t<h2 class=\"elementor-heading-title elementor-size-default\">hakaret iftira<\/h2>\t\t\t\t<\/div>\n\t\t\t\t<\/div>\n\t\t\t\t<div class=\"elementor-element elementor-element-b7b9180 elementor-hidden-desktop elementor-hidden-tablet elementor-hidden-mobile elementor-widget elementor-widget-heading\" data-id=\"b7b9180\" data-element_type=\"widget\" data-e-type=\"widget\" id=\"seo-word\" data-widget_type=\"heading.default\">\n\t\t\t\t<div class=\"elementor-widget-container\">\n\t\t\t\t\t<h5 class=\"elementor-heading-title elementor-size-default\">g\u00f6revdeki yetkiliye hakaret<\/h5>\t\t\t\t<\/div>\n\t\t\t\t<\/div>\n\t\t\t\t<div class=\"elementor-element elementor-element-42c27a5 elementor-hidden-desktop elementor-hidden-tablet elementor-hidden-mobile elementor-widget elementor-widget-heading\" data-id=\"42c27a5\" data-element_type=\"widget\" data-e-type=\"widget\" id=\"seo-word\" data-widget_type=\"heading.default\">\n\t\t\t\t<div class=\"elementor-widget-container\">\n\t\t\t\t\t<h5 class=\"elementor-heading-title elementor-size-default\">hakaret su\u00e7u<\/h5>\t\t\t\t<\/div>\n\t\t\t\t<\/div>\n\t\t\t\t<div class=\"elementor-element elementor-element-713e47e elementor-hidden-desktop elementor-hidden-tablet elementor-hidden-mobile elementor-widget elementor-widget-heading\" data-id=\"713e47e\" data-element_type=\"widget\" data-e-type=\"widget\" id=\"seo-word\" data-widget_type=\"heading.default\">\n\t\t\t\t<div class=\"elementor-widget-container\">\n\t\t\t\t\t<h5 class=\"elementor-heading-title elementor-size-default\">hakaret eden avukat<\/h5>\t\t\t\t<\/div>\n\t\t\t\t<\/div>\n\t\t\t\t<div class=\"elementor-element elementor-element-813d85e elementor-hidden-desktop elementor-hidden-tablet elementor-hidden-mobile elementor-widget elementor-widget-heading\" data-id=\"813d85e\" data-element_type=\"widget\" data-e-type=\"widget\" id=\"seo-word\" data-widget_type=\"heading.default\">\n\t\t\t\t<div class=\"elementor-widget-container\">\n\t\t\t\t\t<h5 class=\"elementor-heading-title elementor-size-default\">ceza avukati enschede<\/h5>\t\t\t\t<\/div>\n\t\t\t\t<\/div>\n\t\t\t\t<div class=\"elementor-element elementor-element-b444ed6 elementor-hidden-desktop elementor-hidden-tablet elementor-hidden-mobile elementor-widget elementor-widget-heading\" data-id=\"b444ed6\" data-element_type=\"widget\" data-e-type=\"widget\" id=\"seo-word\" data-widget_type=\"heading.default\">\n\t\t\t\t<div class=\"elementor-widget-container\">\n\t\t\t\t\t<h5 class=\"elementor-heading-title elementor-size-default\">ceza hukuku enschede<\/h5>\t\t\t\t<\/div>\n\t\t\t\t<\/div>\n\t\t\t\t<div class=\"elementor-element elementor-element-dc496f1 elementor-hidden-desktop elementor-hidden-tablet elementor-hidden-mobile elementor-widget elementor-widget-heading\" data-id=\"dc496f1\" data-element_type=\"widget\" data-e-type=\"widget\" id=\"seo-word\" data-widget_type=\"heading.default\">\n\t\t\t\t<div class=\"elementor-widget-container\">\n\t\t\t\t\t<h5 class=\"elementor-heading-title elementor-size-default\">avukat ceza hukuku enschede\n<\/h5>\t\t\t\t<\/div>\n\t\t\t\t<\/div>\n\t\t\t\t<div class=\"elementor-element elementor-element-0dd2621 elementor-hidden-desktop elementor-hidden-tablet elementor-hidden-mobile elementor-widget elementor-widget-heading\" data-id=\"0dd2621\" data-element_type=\"widget\" data-e-type=\"widget\" id=\"seo-word\" data-widget_type=\"heading.default\">\n\t\t\t\t<div class=\"elementor-widget-container\">\n\t\t\t\t\t<h5 class=\"elementor-heading-title elementor-size-default\">avukat ceza hukuku overijssel<\/h5>\t\t\t\t<\/div>\n\t\t\t\t<\/div>\n\t\t\t\t<div class=\"elementor-element elementor-element-b70cc7f elementor-hidden-desktop elementor-hidden-tablet elementor-hidden-mobile elementor-widget elementor-widget-heading\" data-id=\"b70cc7f\" data-element_type=\"widget\" data-e-type=\"widget\" id=\"seo-word\" data-widget_type=\"heading.default\">\n\t\t\t\t<div class=\"elementor-widget-container\">\n\t\t\t\t\t<h5 class=\"elementor-heading-title elementor-size-default\">Enschede ve Overijssel'de, Derbedrosian Criminal Lawyers'\u0131n uzman ceza avukatlar\u0131 size yard\u0131mc\u0131 olmaya haz\u0131r. Enschede'deki avukatlar\u0131m\u0131z, hakaret ve ilgili su\u00e7lar\u0131 i\u00e7eren davalar da dahil olmak \u00fczere ceza davalar\u0131nda geni\u015f deneyime sahiptir.\n\nG\u00f6revli bir memura hakaret etmek yasal yapt\u0131r\u0131mlara tabi cezai bir su\u00e7tur. Hakaret, iftira ve karalama, bir ki\u015finin itibar\u0131na veya onuruna zarar vermekle ilgili cezai su\u00e7lard\u0131r.\n\nHakaretin cezai bir su\u00e7 oldu\u011funu ve yasal sonu\u00e7lar\u0131 olabilece\u011fini anlamak \u00f6nemlidir. Hakaret, iftira veya karalama iddialar\u0131yla kar\u015f\u0131 kar\u015f\u0131yaysan\u0131z, hukuki tavsiye alman\u0131z ve uygun ad\u0131mlar\u0131 atman\u0131z hayati \u00f6nem ta\u015f\u0131maktad\u0131r.\n\nEnschede'deki avukatlar\u0131m\u0131z, hakaret ve ilgili su\u00e7lar\u0131 i\u00e7eren davalarda size tavsiyelerde bulunmak ve menfaatlerinizi temsil etmek i\u00e7in haz\u0131rd\u0131r. Hukuki yard\u0131ma ihtiyac\u0131n\u0131z varsa, Derbedrosian Ceza Avukatlar\u0131 ile ileti\u015fime ge\u00e7mekten \u00e7ekinmeyin. Size yard\u0131mc\u0131 olmak ve davan\u0131zla ilgilenmek i\u00e7in buraday\u0131z.<\/h5>\t\t\t\t<\/div>\n\t\t\t\t<\/div>\n\t\t\t\t<div class=\"elementor-element elementor-element-9578370 color-scheme-inherit text-left elementor-widget elementor-widget-text-editor\" data-id=\"9578370\" data-element_type=\"widget\" data-e-type=\"widget\" data-widget_type=\"text-editor.default\">\n\t\t\t\t<div class=\"elementor-widget-container\">\n\t\t\t\t\t\t\t\t\t<p><strong>Hollanda'da fikirlerinizi \u00f6zg\u00fcrce ifade edebilirsiniz, ancak her \u015feyin sonu\u00e7suz kalmas\u0131na izin verilmez. Hakaret, iftira ve karalama, s\u00f6zl\u00fc tacizden \u00e7evrimi\u00e7i iftiraya kadar \u00e7e\u015fitlilik g\u00f6sterebilir ve bir ki\u015finin onuruna ve itibar\u0131na \u00f6nemli \u00f6l\u00e7\u00fcde zarar verme potansiyeline sahiptir.<\/strong><\/p><p><strong>Ceza Kanunu'nda s\u00f6yleyebileceklerinize k\u0131s\u0131tlamalar getiren kurallar vard\u0131r. \u00d6rne\u011fin, 266. ve 267. b\u00f6l\u00fcmler kapsam\u0131nda hakarete izin verilmemektedir. Bu kanunlar insanlar\u0131 itibarlar\u0131n\u0131n zedelenmesinden korumak i\u00e7in vard\u0131r.<\/strong><\/p>\t\t\t\t\t\t\t\t<\/div>\n\t\t\t\t<\/div>\n\t\t\t\t<div class=\"elementor-element elementor-element-b149e06 elementor-widget elementor-widget-spacer\" data-id=\"b149e06\" data-element_type=\"widget\" data-e-type=\"widget\" data-widget_type=\"spacer.default\">\n\t\t\t\t<div class=\"elementor-widget-container\">\n\t\t\t\t\t\t\t<div class=\"elementor-spacer\">\n\t\t\t<div class=\"elementor-spacer-inner\"><\/div>\n\t\t<\/div>\n\t\t\t\t\t\t<\/div>\n\t\t\t\t<\/div>\n\t\t\t\t<div class=\"elementor-element elementor-element-275714a elementor-widget elementor-widget-heading\" data-id=\"275714a\" data-element_type=\"widget\" data-e-type=\"widget\" data-widget_type=\"heading.default\">\n\t\t\t\t<div class=\"elementor-widget-container\">\n\t\t\t\t\t<h3 class=\"elementor-heading-title elementor-size-default\">Hakaret nedir?<\/h3>\t\t\t\t<\/div>\n\t\t\t\t<\/div>\n\t\t\t\t<div class=\"elementor-element elementor-element-1fa19c7 color-scheme-inherit text-left elementor-widget elementor-widget-text-editor\" data-id=\"1fa19c7\" data-element_type=\"widget\" data-e-type=\"widget\" data-widget_type=\"text-editor.default\">\n\t\t\t\t<div class=\"elementor-widget-container\">\n\t\t\t\t\t\t\t\t\t<p>Hakaret, insanlar\u0131n biriyle alay etmek veya onu k\u00fc\u00e7\u00fck d\u00fc\u015f\u00fcrmek i\u00e7in s\u00f6yledi\u011fi veya yapt\u0131\u011f\u0131 bir \u015feydir. Kas\u0131tl\u0131 veya yanl\u0131\u015fl\u0131kla yap\u0131labilir, ancak ama\u00e7 genellikle di\u011fer ki\u015fiyi k\u00fc\u00e7\u00fck d\u00fc\u015f\u00fcrmektir.<\/p>\t\t\t\t\t\t\t\t<\/div>\n\t\t\t\t<\/div>\n\t\t\t\t<div class=\"elementor-element elementor-element-4bbd213 elementor-widget elementor-widget-spacer\" data-id=\"4bbd213\" data-element_type=\"widget\" data-e-type=\"widget\" data-widget_type=\"spacer.default\">\n\t\t\t\t<div class=\"elementor-widget-container\">\n\t\t\t\t\t\t\t<div class=\"elementor-spacer\">\n\t\t\t<div class=\"elementor-spacer-inner\"><\/div>\n\t\t<\/div>\n\t\t\t\t\t\t<\/div>\n\t\t\t\t<\/div>\n\t\t\t\t<div class=\"elementor-element elementor-element-57b25d1 elementor-widget elementor-widget-heading\" data-id=\"57b25d1\" data-element_type=\"widget\" data-e-type=\"widget\" data-widget_type=\"heading.default\">\n\t\t\t\t<div class=\"elementor-widget-container\">\n\t\t\t\t\t<h3 class=\"elementor-heading-title elementor-size-default\">Hakaretler ne zaman cezaland\u0131r\u0131l\u0131r?<\/h3>\t\t\t\t<\/div>\n\t\t\t\t<\/div>\n\t\t\t\t<div class=\"elementor-element elementor-element-2bba180 color-scheme-inherit text-left elementor-widget elementor-widget-text-editor\" data-id=\"2bba180\" data-element_type=\"widget\" data-e-type=\"widget\" data-widget_type=\"text-editor.default\">\n\t\t\t\t<div class=\"elementor-widget-container\">\n\t\t\t\t\t\t\t\t\t<p>Hakaretler genellikle \u015fok edici ve sald\u0131rgan olarak alg\u0131lansa da, bir\u00e7ok ifade, belirli k\u0131s\u0131tlamalarla da olsa, ifade \u00f6zg\u00fcrl\u00fc\u011f\u00fc kapsam\u0131na girmektedir. Hakaret alan\u0131nda, kas\u0131tl\u0131 ve kas\u0131ts\u0131z hakaretler aras\u0131nda bir ayr\u0131m yap\u0131lmaktad\u0131r. Ceza Kanunu'nun 267. Maddesi belirli kategorileri ayr\u0131 ayr\u0131 ele almaktad\u0131r:<\/p><ul><li><strong>Halka a\u00e7\u0131k:<\/strong> kamu otoritesine, bir kamu organ\u0131na veya bir kamu kurumuna hakaret etmek.<\/li><li><strong>G\u00f6revdeki memur:<\/strong> G\u00f6revini ifa eden bir memura hakaret etmek. Bu \u00f6rne\u011fin bir polis memuru olabilir.<\/li><li><strong>Dost devlet:<\/strong> Dost bir devletin h\u00fck\u00fcmet \u00fcyesine hakaret etmek de cezaland\u0131r\u0131labilir.<\/li><\/ul>\t\t\t\t\t\t\t\t<\/div>\n\t\t\t\t<\/div>\n\t\t\t\t<div class=\"elementor-element elementor-element-4bbd088 elementor-widget elementor-widget-spacer\" data-id=\"4bbd088\" data-element_type=\"widget\" data-e-type=\"widget\" data-widget_type=\"spacer.default\">\n\t\t\t\t<div class=\"elementor-widget-container\">\n\t\t\t\t\t\t\t<div class=\"elementor-spacer\">\n\t\t\t<div class=\"elementor-spacer-inner\"><\/div>\n\t\t<\/div>\n\t\t\t\t\t\t<\/div>\n\t\t\t\t<\/div>\n\t\t\t\t<div class=\"elementor-element elementor-element-62e77f4 elementor-widget elementor-widget-heading\" data-id=\"62e77f4\" data-element_type=\"widget\" data-e-type=\"widget\" data-widget_type=\"heading.default\">\n\t\t\t\t<div class=\"elementor-widget-container\">\n\t\t\t\t\t<h3 class=\"elementor-heading-title elementor-size-default\">Farkl\u0131 hakaret t\u00fcrleri<\/h3>\t\t\t\t<\/div>\n\t\t\t\t<\/div>\n\t\t\t\t<div class=\"elementor-element elementor-element-3a8e1ad color-scheme-inherit text-left elementor-widget elementor-widget-text-editor\" data-id=\"3a8e1ad\" data-element_type=\"widget\" data-e-type=\"widget\" data-widget_type=\"text-editor.default\">\n\t\t\t\t<div class=\"elementor-widget-container\">\n\t\t\t\t\t\t\t\t\t<ul><li>Ceza kanununda hakaret \u00fc\u00e7 \u015fekilde ger\u00e7ekle\u015fir, yani<\/li><li><strong>Hakaret:<\/strong> Bir ki\u015finin kas\u0131tl\u0131 olarak bir ba\u015fkas\u0131n\u0131n onuruna veya itibar\u0131na zarar vermeye \u00e7al\u0131\u015fmas\u0131. Bu, s\u00f6zlerle, yaz\u0131l\u0131 metinlerle olabilece\u011fi gibi, \u00f6rne\u011fin g\u00f6r\u00fcnt\u00fclerle de olabilir.<\/li><li><strong>Hakaret:<\/strong>\u00a0Birisi sizin hakk\u0131n\u0131zda olumsuz bilgiler yayarak, bu bilgiler do\u011fru olmasa bile, iyi isminize zarar vermeye \u00e7al\u0131\u015ft\u0131\u011f\u0131nda. Bunun bir \u00f6rne\u011fi, hapishanede bulunmu\u015f olman\u0131z ve birisinin orada ge\u00e7irdi\u011finiz zaman hakk\u0131nda yanl\u0131\u015f iddialar yaymas\u0131d\u0131r<\/li><li><strong>\u0130ftira:<\/strong> \u0130ftira, hakarete \u00e7ok benzer, ancak hakarette ki\u015fi veya grup hakk\u0131nda s\u00f6ylenen ve bu nedenle do\u011fru olmad\u0131\u011f\u0131 ortaya \u00e7\u0131kan bir yalandan s\u00f6z ederiz.<\/li><\/ul><p>Her \u00fc\u00e7 dava da \u015fik\u00e2yete ba\u011fl\u0131 su\u00e7lar\u0131 i\u00e7ermektedir.<br \/>Bir ki\u015fi ancak ma\u011fdur talep ederse cezai kovu\u015fturmaya tabi tutulur.<\/p>\t\t\t\t\t\t\t\t<\/div>\n\t\t\t\t<\/div>\n\t\t\t\t<div class=\"elementor-element elementor-element-5cb15f3 elementor-widget elementor-widget-spacer\" data-id=\"5cb15f3\" data-element_type=\"widget\" data-e-type=\"widget\" data-widget_type=\"spacer.default\">\n\t\t\t\t<div class=\"elementor-widget-container\">\n\t\t\t\t\t\t\t<div class=\"elementor-spacer\">\n\t\t\t<div class=\"elementor-spacer-inner\"><\/div>\n\t\t<\/div>\n\t\t\t\t\t\t<\/div>\n\t\t\t\t<\/div>\n\t\t\t\t<div class=\"elementor-element elementor-element-78cf454 elementor-widget elementor-widget-heading\" data-id=\"78cf454\" data-element_type=\"widget\" data-e-type=\"widget\" data-widget_type=\"heading.default\">\n\t\t\t\t<div class=\"elementor-widget-container\">\n\t\t\t\t\t<h3 class=\"elementor-heading-title elementor-size-default\">Sald\u0131rgan davran\u0131\u015flar ne zaman cezai su\u00e7 olarak kabul edilir?\n<\/h3>\t\t\t\t<\/div>\n\t\t\t\t<\/div>\n\t\t\t\t<div class=\"elementor-element elementor-element-a4ba26c color-scheme-inherit text-left elementor-widget elementor-widget-text-editor\" data-id=\"a4ba26c\" data-element_type=\"widget\" data-e-type=\"widget\" data-widget_type=\"text-editor.default\">\n\t\t\t\t<div class=\"elementor-widget-container\">\n\t\t\t\t\t\t\t\t\t<p>Sald\u0131rgan davran\u0131\u015flar ne zaman cezai su\u00e7 olarak kabul edilir?<\/p><p>Bir \u015feyin hakaret olup olmad\u0131\u011f\u0131n\u0131 belirlemek i\u00e7in \u00e7e\u015fitli fakt\u00f6rler dikkate al\u0131nmal\u0131d\u0131r.<\/p><ul><li><strong>Ger\u00e7ek hakaret:<\/strong>\u00a0\u0130fade ger\u00e7ekten sald\u0131rgan olmal\u0131d\u0131r, yani bir ki\u015finin onurunu, itibar\u0131n\u0131 veya sayg\u0131nl\u0131\u011f\u0131n\u0131 etkilemelidir.<\/li><li><strong>Niyetim:<\/strong>\u00a0Bununla kas\u0131t kastedilmektedir, yani failin ki\u015fi veya grubu rencide etmeyi ama\u00e7lad\u0131\u011f\u0131 anlam\u0131na gelmektedir.<\/li><li><strong>\u0130fade \u015fekli:<\/strong>\u00a0Hakaret farkl\u0131 \u015fekillerde ifade edilebilir. Bunlar aras\u0131nda s\u00f6zl\u00fc olarak (konu\u015fma) veya yaz\u0131l\u0131 olarak (mektup veya e-posta yoluyla) ifade edilmesi say\u0131labilir.<\/li><\/ul>\t\t\t\t\t\t\t\t<\/div>\n\t\t\t\t<\/div>\n\t\t\t\t<div class=\"elementor-element elementor-element-dfdb17d elementor-widget elementor-widget-spacer\" data-id=\"dfdb17d\" data-element_type=\"widget\" data-e-type=\"widget\" data-widget_type=\"spacer.default\">\n\t\t\t\t<div class=\"elementor-widget-container\">\n\t\t\t\t\t\t\t<div class=\"elementor-spacer\">\n\t\t\t<div class=\"elementor-spacer-inner\"><\/div>\n\t\t<\/div>\n\t\t\t\t\t\t<\/div>\n\t\t\t\t<\/div>\n\t\t\t\t<div class=\"elementor-element elementor-element-b2e5270 elementor-widget elementor-widget-heading\" data-id=\"b2e5270\" data-element_type=\"widget\" data-e-type=\"widget\" data-widget_type=\"heading.default\">\n\t\t\t\t<div class=\"elementor-widget-container\">\n\t\t\t\t\t<h3 class=\"elementor-heading-title elementor-size-default\">Prosed\u00fcr hakaret, iftira veya karalama\n<\/h3>\t\t\t\t<\/div>\n\t\t\t\t<\/div>\n\t\t\t\t<div class=\"elementor-element elementor-element-27dcf70 color-scheme-inherit text-left elementor-widget elementor-widget-text-editor\" data-id=\"27dcf70\" data-element_type=\"widget\" data-e-type=\"widget\" data-widget_type=\"text-editor.default\">\n\t\t\t\t<div class=\"elementor-widget-container\">\n\t\t\t\t\t\t\t\t\t<p>Birisi bir hakaret davas\u0131yla kar\u015f\u0131 kar\u015f\u0131ya kald\u0131\u011f\u0131nda, a\u015fa\u011f\u0131daki iki \u015feyi yerinde bulundurmak ak\u0131ll\u0131ca olacakt\u0131r.<\/p><ul><li><strong>Kan\u0131tlar\u0131n toplanmas\u0131:<\/strong> Gerekli belgelerin, foto\u011fraflar\u0131n, sohbet ge\u00e7mi\u015finin veya su\u00e7la ilgili di\u011fer kan\u0131tlar\u0131n kopyalar\u0131n\u0131 \u00e7\u0131karmak, g\u00fc\u00e7l\u00fc bir savunman\u0131n ilk ad\u0131m\u0131d\u0131r. Ki\u015fiye veya \u015firkete maddi zarar veren mesajlar\u0131 g\u00f6z \u00f6n\u00fcnde bulundurun. Bir ki\u015finin ge\u00e7mi\u015fte ald\u0131\u011f\u0131 kaydedilmi\u015f telefon g\u00f6r\u00fc\u015fmeleri ve e-postalar da ceza davas\u0131 s\u0131ras\u0131nda i\u015fe yarayabilir.<\/li><li><strong>Polise haber verin:<\/strong> Gerekli kan\u0131tlar topland\u0131ktan sonra olay\u0131 polise bildirebilirsiniz. \u0130ftira ve hakaretin \u015fik\u00e2yete ba\u011fl\u0131 su\u00e7lar oldu\u011funu unutmamak \u00f6nemlidir. Bu, ihbar\u0131n sekiz g\u00fcn i\u00e7inde geri \u00e7ekilebilece\u011fi anlam\u0131na gelir.<\/li><\/ul>\t\t\t\t\t\t\t\t<\/div>\n\t\t\t\t<\/div>\n\t\t\t\t<div class=\"elementor-element elementor-element-8296042 elementor-widget elementor-widget-spacer\" data-id=\"8296042\" data-element_type=\"widget\" data-e-type=\"widget\" data-widget_type=\"spacer.default\">\n\t\t\t\t<div class=\"elementor-widget-container\">\n\t\t\t\t\t\t\t<div class=\"elementor-spacer\">\n\t\t\t<div class=\"elementor-spacer-inner\"><\/div>\n\t\t<\/div>\n\t\t\t\t\t\t<\/div>\n\t\t\t\t<\/div>\n\t\t\t\t<div class=\"elementor-element elementor-element-c925f56 elementor-widget elementor-widget-heading\" data-id=\"c925f56\" data-element_type=\"widget\" data-e-type=\"widget\" data-widget_type=\"heading.default\">\n\t\t\t\t<div class=\"elementor-widget-container\">\n\t\t\t\t\t<h3 class=\"elementor-heading-title elementor-size-default\">Bir hakaretin sonu\u00e7lar\u0131<\/h3>\t\t\t\t<\/div>\n\t\t\t\t<\/div>\n\t\t\t\t<div class=\"elementor-element elementor-element-2205c26 color-scheme-inherit text-left elementor-widget elementor-widget-text-editor\" data-id=\"2205c26\" data-element_type=\"widget\" data-e-type=\"widget\" data-widget_type=\"text-editor.default\">\n\t\t\t\t<div class=\"elementor-widget-container\">\n\t\t\t\t\t\t\t\t\tSadece hatay\u0131 yapan ki\u015fi de\u011fil, ma\u011fdur da \u00e7ok zarar g\u00f6rebilir. \u00d6rne\u011fin, bir \u015firket k\u00f6t\u00fc bir \u015fekilde tart\u0131\u015f\u0131l\u0131rsa, bu b\u00fcy\u00fck mali zarara neden olabilir. Ancak bireyler de yanl\u0131\u015f su\u00e7lamalardan ciddi zarar g\u00f6rebilir. Bir ki\u015fi internette \u00e7ok olumsuz bir \u015fekilde lanse edilirse, \u00e7ok daha az insan o ki\u015fiyle \u00e7al\u0131\u015fmak isteyecektir.\n\t\t\t\t\t\t\t\t<\/div>\n\t\t\t\t<\/div>\n\t\t\t\t<div class=\"elementor-element elementor-element-77fc7e9 elementor-widget elementor-widget-spacer\" data-id=\"77fc7e9\" data-element_type=\"widget\" data-e-type=\"widget\" data-widget_type=\"spacer.default\">\n\t\t\t\t<div class=\"elementor-widget-container\">\n\t\t\t\t\t\t\t<div class=\"elementor-spacer\">\n\t\t\t<div class=\"elementor-spacer-inner\"><\/div>\n\t\t<\/div>\n\t\t\t\t\t\t<\/div>\n\t\t\t\t<\/div>\n\t\t\t\t<div class=\"elementor-element elementor-element-cc22235 elementor-widget elementor-widget-heading\" data-id=\"cc22235\" data-element_type=\"widget\" data-e-type=\"widget\" data-widget_type=\"heading.default\">\n\t\t\t\t<div class=\"elementor-widget-container\">\n\t\t\t\t\t<h3 class=\"elementor-heading-title elementor-size-default\">Hakaret eden avukat <\/h3>\t\t\t\t<\/div>\n\t\t\t\t<\/div>\n\t\t\t\t<div class=\"elementor-element elementor-element-9d840f9 color-scheme-inherit text-left elementor-widget elementor-widget-text-editor\" data-id=\"9d840f9\" data-element_type=\"widget\" data-e-type=\"widget\" data-widget_type=\"text-editor.default\">\n\t\t\t\t<div class=\"elementor-widget-container\">\n\t\t\t\t\t\t\t\t\t<p>Hakaret su\u00e7undan mahkumiyet, ad\u0131n\u0131za bir sab\u0131ka kayd\u0131 olu\u015fturarak \u0130yi Hal Sertifikas\u0131 (VOG) ba\u015fvurusunda bulunman\u0131z\u0131 engelleyebilir. Bu kesinlikle ka\u00e7\u0131nmak isteyece\u011finiz bir durumdur. Bu nedenle, hakaret veya iftira gibi su\u00e7larla kar\u015f\u0131 kar\u015f\u0131ya kald\u0131\u011f\u0131n\u0131zda size yard\u0131mc\u0131 olabilecek deneyimli bir avukattan yard\u0131m almak ak\u0131ll\u0131ca olacakt\u0131r.<\/p><p>Der Bedrosian Hukuk B\u00fcrosu olarak <a href=\"https:\/\/www.derbedrosian.nl\/tr\/avukatlar\/\">uzman avukatlar<\/a> i\u00e7inde <a href=\"https:\/\/www.derbedrosian.nl\/tr\/yetki%cc%87-alanlari\/ceza-hukuku\/\">ceza hukuku<\/a> size profesyonel yard\u0131m sunmalar\u0131na izin verin.\u00a0<\/p><p>Bizimle ileti\u015fime ge\u00e7mekten \u00e7ekinmedi\u011finizde, avukatlar\u0131m\u0131zdan biri davan\u0131zla ilgili olarak size en k\u0131sa s\u00fcrede yard\u0131mc\u0131 olacakt\u0131r.<\/p>\t\t\t\t\t\t\t\t<\/div>\n\t\t\t\t<\/div>\n\t\t\t\t\t<\/div>\n\t\t\t\t<\/div>\n\t\t\t\t<\/div>","protected":false},"excerpt":{"rendered":"<p>hakaret iftira iftira g\u00f6revli memura hakaret hakaret su\u00e7u hakaret avukat\u0131 ceza hukuku enschede ceza hukuku enschede avukat\u0131 ceza hukuku enschede avukat\u0131<\/p>","protected":false},"author":1,"featured_media":0,"parent":10047,"menu_order":5,"comment_status":"closed","ping_status":"closed","template":"","meta":{"footnotes":""},"class_list":["post-10488","page","type-page","status-publish","hentry"],"_links":{"self":[{"href":"https:\/\/www.derbedrosian.nl\/tr\/wp-json\/wp\/v2\/pages\/10488","targetHints":{"allow":["GET"]}}],"collection":[{"href":"https:\/\/www.derbedrosian.nl\/tr\/wp-json\/wp\/v2\/pages"}],"about":[{"href":"https:\/\/www.derbedrosian.nl\/tr\/wp-json\/wp\/v2\/types\/page"}],"author":[{"embeddable":true,"href":"https:\/\/www.derbedrosian.nl\/tr\/wp-json\/wp\/v2\/users\/1"}],"replies":[{"embeddable":true,"href":"https:\/\/www.derbedrosian.nl\/tr\/wp-json\/wp\/v2\/comments?post=10488"}],"version-history":[{"count":0,"href":"https:\/\/www.derbedrosian.nl\/tr\/wp-json\/wp\/v2\/pages\/10488\/revisions"}],"up":[{"embeddable":true,"href":"https:\/\/www.derbedrosian.nl\/tr\/wp-json\/wp\/v2\/pages\/10047"}],"wp:attachment":[{"href":"https:\/\/www.derbedrosian.nl\/tr\/wp-json\/wp\/v2\/media?parent=10488"}],"curies":[{"name":"wp","href":"https:\/\/api.w.org\/{rel}","templated":true}]}}