{"id":10455,"date":"2023-05-25T13:23:30","date_gmt":"2023-05-25T11:23:30","guid":{"rendered":"https:\/\/derbedrosian.nl\/?page_id=10455"},"modified":"2025-12-20T18:18:16","modified_gmt":"2025-12-20T16:18:16","slug":"sikayet-kovusturma-degil","status":"publish","type":"page","link":"https:\/\/www.derbedrosian.nl\/tr\/rechtsgebieden\/strafrecht\/beklag-niet-vervolging\/","title":{"rendered":"\u015eikayet kovu\u015fturma de\u011fil"},"content":{"rendered":"<div data-elementor-type=\"wp-page\" data-elementor-id=\"10455\" class=\"elementor elementor-10455\" data-elementor-post-type=\"page\">\n\t\t\t\t<div class=\"wd-negative-gap elementor-element elementor-element-67d9b49 elementor-hidden-desktop elementor-hidden-tablet elementor-hidden-mobile e-flex e-con-boxed e-con e-parent\" data-id=\"67d9b49\" data-element_type=\"container\" data-e-type=\"container\" id=\"seo-word\">\n\t\t\t\t\t<div class=\"e-con-inner\">\n\t\t\t\t<div class=\"elementor-element elementor-element-42f2392 elementor-widget elementor-widget-wd_image_or_svg\" data-id=\"42f2392\" data-element_type=\"widget\" data-e-type=\"widget\" id=\"seo-word\" data-widget_type=\"wd_image_or_svg.default\">\n\t\t\t\t<div class=\"elementor-widget-container\">\n\t\t\t\t\t\n\t\t<div class=\"wd-image text-left\">\n\t\t\t\t\t\t\t\t<img loading=\"lazy\" decoding=\"async\" width=\"1000\" height=\"667\" src=\"https:\/\/www.derbedrosian.nl\/wp-content\/uploads\/beklag-niet-vervolging.jpeg\" class=\"attachment-full size-full\" alt=\"\u015fikayete takipsizlik, \u015fikayet prosed\u00fcr\u00fc, madde 12 sv\" srcset=\"https:\/\/www.derbedrosian.nl\/wp-content\/uploads\/beklag-niet-vervolging.jpeg 1000w, https:\/\/www.derbedrosian.nl\/wp-content\/uploads\/beklag-niet-vervolging-400x267.jpeg 400w, https:\/\/www.derbedrosian.nl\/wp-content\/uploads\/beklag-niet-vervolging-768x512.jpeg 768w\" sizes=\"auto, (max-width: 1000px) 100vw, 1000px\" title=\"\">\t\t\t\t\t<\/div>\n\n\t\t\t\t\t\t<\/div>\n\t\t\t\t<\/div>\n\t\t\t\t<div class=\"elementor-element elementor-element-ae67129 elementor-widget elementor-widget-heading\" data-id=\"ae67129\" data-element_type=\"widget\" data-e-type=\"widget\" id=\"seo-word\" data-widget_type=\"heading.default\">\n\t\t\t\t<div class=\"elementor-widget-container\">\n\t\t\t\t\t<h2 class=\"elementor-heading-title elementor-size-default\">\u015fikayette bulunun<\/h2>\t\t\t\t<\/div>\n\t\t\t\t<\/div>\n\t\t\t\t<div class=\"elementor-element elementor-element-d4750f2 elementor-widget elementor-widget-heading\" data-id=\"d4750f2\" data-element_type=\"widget\" data-e-type=\"widget\" id=\"seo-word\" data-widget_type=\"heading.default\">\n\t\t\t\t<div class=\"elementor-widget-container\">\n\t\t\t\t\t<h5 class=\"elementor-heading-title elementor-size-default\">\u015fikayet de\u011fil kovu\u015fturma son tarihi<\/h5>\t\t\t\t<\/div>\n\t\t\t\t<\/div>\n\t\t\t\t<div class=\"elementor-element elementor-element-0aa9aa6 elementor-widget elementor-widget-heading\" data-id=\"0aa9aa6\" data-element_type=\"widget\" data-e-type=\"widget\" id=\"seo-word\" data-widget_type=\"heading.default\">\n\t\t\t\t<div class=\"elementor-widget-container\">\n\t\t\t\t\t<h5 class=\"elementor-heading-title elementor-size-default\">\u015fikayet kovu\u015fturma de\u011fil<\/h5>\t\t\t\t<\/div>\n\t\t\t\t<\/div>\n\t\t\t\t<div class=\"elementor-element elementor-element-86bbc4f elementor-widget elementor-widget-heading\" data-id=\"86bbc4f\" data-element_type=\"widget\" data-e-type=\"widget\" id=\"seo-word\" data-widget_type=\"heading.default\">\n\t\t\t\t<div class=\"elementor-widget-container\">\n\t\t\t\t\t<h5 class=\"elementor-heading-title elementor-size-default\">\u015fi\u0307kayet prosed\u00fcr\u00fc avukat<\/h5>\t\t\t\t<\/div>\n\t\t\t\t<\/div>\n\t\t\t\t<div class=\"elementor-element elementor-element-56fd3aa elementor-widget elementor-widget-heading\" data-id=\"56fd3aa\" data-element_type=\"widget\" data-e-type=\"widget\" id=\"seo-word\" data-widget_type=\"heading.default\">\n\t\t\t\t<div class=\"elementor-widget-container\">\n\t\t\t\t\t<h5 class=\"elementor-heading-title elementor-size-default\">madde 12 sv prosed\u00fcr\u00fc<\/h5>\t\t\t\t<\/div>\n\t\t\t\t<\/div>\n\t\t\t\t<div class=\"elementor-element elementor-element-a16d22b elementor-widget elementor-widget-heading\" data-id=\"a16d22b\" data-element_type=\"widget\" data-e-type=\"widget\" id=\"seo-word\" data-widget_type=\"heading.default\">\n\t\t\t\t<div class=\"elementor-widget-container\">\n\t\t\t\t\t<h5 class=\"elementor-heading-title elementor-size-default\">avukat ceza hukuku enschede<\/h5>\t\t\t\t<\/div>\n\t\t\t\t<\/div>\n\t\t\t\t<div class=\"elementor-element elementor-element-d08e2c2 elementor-widget elementor-widget-heading\" data-id=\"d08e2c2\" data-element_type=\"widget\" data-e-type=\"widget\" id=\"seo-word\" data-widget_type=\"heading.default\">\n\t\t\t\t<div class=\"elementor-widget-container\">\n\t\t\t\t\t<h5 class=\"elementor-heading-title elementor-size-default\">kovu\u015fturmaya yer olmadi\u011fina dai\u0307r \u015fi\u0307kayet madde sv prosed\u00fcr\u00fc kovu\u015fturmaya yer olmadi\u011fina dai\u0307r \u015fi\u0307kayet<\/h5>\t\t\t\t<\/div>\n\t\t\t\t<\/div>\n\t\t\t\t<div class=\"elementor-element elementor-element-fcd3c74 elementor-widget elementor-widget-heading\" data-id=\"fcd3c74\" data-element_type=\"widget\" data-e-type=\"widget\" id=\"seo-word\" data-widget_type=\"heading.default\">\n\t\t\t\t<div class=\"elementor-widget-container\">\n\t\t\t\t\t<h5 class=\"elementor-heading-title elementor-size-default\">avukat ceza hukuku overijssel<\/h5>\t\t\t\t<\/div>\n\t\t\t\t<\/div>\n\t\t\t\t<div class=\"elementor-element elementor-element-4e73962 elementor-widget elementor-widget-heading\" data-id=\"4e73962\" data-element_type=\"widget\" data-e-type=\"widget\" id=\"seo-word\" data-widget_type=\"heading.default\">\n\t\t\t\t<div class=\"elementor-widget-container\">\n\t\t\t\t\t<h5 class=\"elementor-heading-title elementor-size-default\">bi\u0307r sanat sv usul\u00fc kovu\u015fturmasiz su\u00e7 su\u00e7 a\u011faci temelleri\u0307 \u00f6zel hukuk a\u011faci temelleri\u0307<\/h5>\t\t\t\t<\/div>\n\t\t\t\t<\/div>\n\t\t\t\t<div class=\"elementor-element elementor-element-9c68fd8 elementor-widget elementor-widget-heading\" data-id=\"9c68fd8\" data-element_type=\"widget\" data-e-type=\"widget\" id=\"seo-word\" data-widget_type=\"heading.default\">\n\t\t\t\t<div class=\"elementor-widget-container\">\n\t\t\t\t\t<h5 class=\"elementor-heading-title elementor-size-default\">Savc\u0131n\u0131n cezai takibat ba\u015flatmama karar\u0131ndan memnun de\u011filseniz, \u015fikayet prosed\u00fcr\u00fcn\u00fc kullanabilirsiniz. Ceza Muhakemeleri Usul\u00fc Kanunu'nun (Sv) 12. maddesine dayanan bu prosed\u00fcr, takipsizli\u011fe kar\u015f\u0131 \u015fikayette bulunman\u0131za olanak tan\u0131r. \u00d6zellikle Enschede gibi Overijssel b\u00f6lgesindeyseniz, bu \u015fikayet prosed\u00fcr\u00fcnde deneyimli bir ceza avukat\u0131yla \u00e7al\u0131\u015fman\u0131z \u00e7ok \u00f6nemlidir. Enschede'deki ceza avukat\u0131 size uzman tavsiyesi verebilir ve \u015fikayet prosed\u00fcr\u00fc boyunca size rehberlik edebilir. Takipsizli\u011fe kar\u015f\u0131 \u015fikayetinizin hak etti\u011fi ilgiyi g\u00f6rmesini sa\u011flamak i\u00e7in Overijssel'de yetenekli bir ceza avukat\u0131 se\u00e7in.<\/h5>\t\t\t\t<\/div>\n\t\t\t\t<\/div>\n\t\t\t\t\t<\/div>\n\t\t\t\t<\/div>\n\t\t<div class=\"wd-negative-gap elementor-element elementor-element-53a4bad e-flex e-con-boxed e-con e-parent\" data-id=\"53a4bad\" data-element_type=\"container\" data-e-type=\"container\">\n\t\t\t\t\t<div class=\"e-con-inner\">\n\t\t\t\t<div class=\"elementor-element elementor-element-978a18a color-scheme-inherit text-left elementor-widget elementor-widget-text-editor\" data-id=\"978a18a\" data-element_type=\"widget\" data-e-type=\"widget\" data-widget_type=\"text-editor.default\">\n\t\t\t\t<div class=\"elementor-widget-container\">\n\t\t\t\t\t\t\t\t\t<p><strong>Takip edilmeyen \u015fikayet, di\u011fer ad\u0131yla \u015fikayet prosed\u00fcr\u00fc, ceza davas\u0131n\u0131n yeniden a\u00e7\u0131lmas\u0131 i\u00e7in belirli ad\u0131mlar\u0131n at\u0131ld\u0131\u011f\u0131 durumlarla ilgilidir.\u00a0<\/strong><\/p><p><strong>Cezai kovu\u015fturma yap\u0131lmamas\u0131 hakk\u0131nda \u015fikayette bulunmak, ma\u011fdurlar\u0131n adalet hakk\u0131n\u0131 g\u00fcvence alt\u0131na almak i\u00e7in \u00f6nemli bir ara\u00e7t\u0131r. Bu, onlara Savc\u0131l\u0131k'\u0131n karar\u0131n\u0131 itiraz etme ve \u015f\u00fcpheliyi yine de mahkemeye \u00e7\u0131karma imkan\u0131 sunar.<\/strong><\/p>\t\t\t\t\t\t\t\t<\/div>\n\t\t\t\t<\/div>\n\t\t\t\t<div class=\"elementor-element elementor-element-e69be44 elementor-widget elementor-widget-spacer\" data-id=\"e69be44\" data-element_type=\"widget\" data-e-type=\"widget\" data-widget_type=\"spacer.default\">\n\t\t\t\t<div class=\"elementor-widget-container\">\n\t\t\t\t\t\t\t<div class=\"elementor-spacer\">\n\t\t\t<div class=\"elementor-spacer-inner\"><\/div>\n\t\t<\/div>\n\t\t\t\t\t\t<\/div>\n\t\t\t\t<\/div>\n\t\t\t\t<div class=\"elementor-element elementor-element-a8a8e73 elementor-widget elementor-widget-heading\" data-id=\"a8a8e73\" data-element_type=\"widget\" data-e-type=\"widget\" data-widget_type=\"heading.default\">\n\t\t\t\t<div class=\"elementor-widget-container\">\n\t\t\t\t\t<h3 class=\"elementor-heading-title elementor-size-default\">\u015eikayet prosed\u00fcr\u00fc nedir?<\/h3>\t\t\t\t<\/div>\n\t\t\t\t<\/div>\n\t\t\t\t<div class=\"elementor-element elementor-element-6ada32c color-scheme-inherit text-left elementor-widget elementor-widget-text-editor\" data-id=\"6ada32c\" data-element_type=\"widget\" data-e-type=\"widget\" data-widget_type=\"text-editor.default\">\n\t\t\t\t<div class=\"elementor-widget-container\">\n\t\t\t\t\t\t\t\t\t<p>Cezai kovu\u015fturma yap\u0131lmamas\u0131 (genellikle ceza davalar\u0131nda \u015fikayet prosed\u00fcr\u00fc olarak adland\u0131r\u0131l\u0131r), Ceza Muhakemesi Kanunu'nun 12. maddesine at\u0131fta bulunur ve bu madde, savc\u0131l\u0131k bir su\u00e7un kovu\u015fturulmamas\u0131 karar\u0131 ald\u0131\u011f\u0131nda, ma\u011fdur veya yak\u0131nlar\u0131na mahkemeye \u015fikayette bulunma imkan\u0131 tan\u0131r. \u201cCezai kovu\u015fturma yap\u0131lmamas\u0131\u201d \u015fikayetinin sunulmas\u0131, ceza soru\u015fturmas\u0131n\u0131n yeniden a\u00e7\u0131lmas\u0131na veya kovu\u015fturman\u0131n ba\u015flat\u0131lmas\u0131na yol a\u00e7abilir.<\/p>\t\t\t\t\t\t\t\t<\/div>\n\t\t\t\t<\/div>\n\t\t\t\t<div class=\"elementor-element elementor-element-b020ece elementor-widget elementor-widget-spacer\" data-id=\"b020ece\" data-element_type=\"widget\" data-e-type=\"widget\" data-widget_type=\"spacer.default\">\n\t\t\t\t<div class=\"elementor-widget-container\">\n\t\t\t\t\t\t\t<div class=\"elementor-spacer\">\n\t\t\t<div class=\"elementor-spacer-inner\"><\/div>\n\t\t<\/div>\n\t\t\t\t\t\t<\/div>\n\t\t\t\t<\/div>\n\t\t\t\t<div class=\"elementor-element elementor-element-e645c9e elementor-widget elementor-widget-heading\" data-id=\"e645c9e\" data-element_type=\"widget\" data-e-type=\"widget\" data-widget_type=\"heading.default\">\n\t\t\t\t<div class=\"elementor-widget-container\">\n\t\t\t\t\t<h3 class=\"elementor-heading-title elementor-size-default\">Savc\u0131n\u0131n bir dava hakk\u0131nda takipsizlik karar\u0131 vermesine ne sebep olabilir?<\/h3>\t\t\t\t<\/div>\n\t\t\t\t<\/div>\n\t\t\t\t<div class=\"elementor-element elementor-element-b77f782 color-scheme-inherit text-left elementor-widget elementor-widget-text-editor\" data-id=\"b77f782\" data-element_type=\"widget\" data-e-type=\"widget\" data-widget_type=\"text-editor.default\">\n\t\t\t\t<div class=\"elementor-widget-container\">\n\t\t\t\t\t\t\t\t\t<p>Bir savc\u0131, \u00e7e\u015fitli nedenlerden dolay\u0131 bir davay\u0131 mahkemeye g\u00f6t\u00fcrmemeye karar verebilir:<\/p><ul><li><strong>Yetersiz kan\u0131t: <\/strong>\u00a0San\u0131\u011f\u0131 makul \u015f\u00fcphenin \u00f6tesinde su\u00e7lu bulmak i\u00e7in yeterli kan\u0131t yoksa, dava genellikle yeniden a\u00e7\u0131lmaz.<\/li><li><strong>Toplum i\u00e7in yeterince \u00f6nemli de\u011fil:<\/strong>\u00a0Bazen savc\u0131, davan\u0131n toplum i\u00e7in dava a\u00e7mak i\u00e7in yeterli \u00f6neme sahip olmad\u0131\u011f\u0131n\u0131 d\u00fc\u015f\u00fcn\u00fcr.<\/li><li><strong>Di\u011fer \u00e7\u00f6z\u00fcmler:<\/strong>\u00a0Bir davay\u0131 yeniden a\u00e7mak yerine, konu ilgili taraflarla konu\u015fmak ve anla\u015fmaya varmak gibi ba\u015fka yollarla \u00e7\u00f6z\u00fclebilir.<\/li><li><strong>Kendi yetkinli\u011finiz:<\/strong>\u00a0savc\u0131, savc\u0131n\u0131n kendi yarg\u0131 yetkisi ve politikas\u0131 nedeniyle, kan\u0131t olsa bile bir davay\u0131 kovu\u015fturmamay\u0131 se\u00e7ebilir.<\/li><li><strong>Zaman a\u015f\u0131m\u0131:<\/strong>\u00a0su\u00e7un \u00fczerinden \u00e7ok fazla zaman ge\u00e7mi\u015fse, dava g\u00f6r\u00fclemez.<\/li><li><strong>Ki\u015fisel durumlar:<\/strong>\u00a0Bazen \u015f\u00fcphelinin sa\u011fl\u0131k durumu ve ya\u015f\u0131 gibi ki\u015fisel ko\u015fullar\u0131 da dikkate al\u0131n\u0131r.<\/li><\/ul><p>Bir davan\u0131n kovu\u015fturulmamas\u0131n\u0131n san\u0131\u011f\u0131n masum oldu\u011fu anlam\u0131na gelmedi\u011fini, ancak davan\u0131n o anda mahkemeye getirilmemesi i\u00e7in nedenler oldu\u011funu anlamak \u00f6nemlidir. Ma\u011fdurlar ve yak\u0131nlar\u0131 baz\u0131 durumlarda bu karara itiraz edebilirler.<\/p>\t\t\t\t\t\t\t\t<\/div>\n\t\t\t\t<\/div>\n\t\t\t\t<div class=\"elementor-element elementor-element-866ed69 elementor-widget elementor-widget-spacer\" data-id=\"866ed69\" data-element_type=\"widget\" data-e-type=\"widget\" data-widget_type=\"spacer.default\">\n\t\t\t\t<div class=\"elementor-widget-container\">\n\t\t\t\t\t\t\t<div class=\"elementor-spacer\">\n\t\t\t<div class=\"elementor-spacer-inner\"><\/div>\n\t\t<\/div>\n\t\t\t\t\t\t<\/div>\n\t\t\t\t<\/div>\n\t\t\t\t<div class=\"elementor-element elementor-element-aaa77f7 elementor-widget elementor-widget-heading\" data-id=\"aaa77f7\" data-element_type=\"widget\" data-e-type=\"widget\" data-widget_type=\"heading.default\">\n\t\t\t\t<div class=\"elementor-widget-container\">\n\t\t\t\t\t<h3 class=\"elementor-heading-title elementor-size-default\">\u015eikayet ko\u015fullar\u0131<\/h3>\t\t\t\t<\/div>\n\t\t\t\t<\/div>\n\t\t\t\t<div class=\"elementor-element elementor-element-37c7e35 color-scheme-inherit text-left elementor-widget elementor-widget-text-editor\" data-id=\"37c7e35\" data-element_type=\"widget\" data-e-type=\"widget\" data-widget_type=\"text-editor.default\">\n\t\t\t\t<div class=\"elementor-widget-container\">\n\t\t\t\t\t\t\t\t\t<p>Mahkemeye \u015fik\u00e2yet dilek\u00e7esi yaz\u0131labilmesi i\u00e7in bir dizi ko\u015fulun yerine getirilmesi gerekmektedir.<\/p><ul><li><strong>Davaya ba\u011fl\u0131l\u0131k:<\/strong>\u00a0\u00c7o\u011fu durumda, \u015fikayet sahibinin davayla do\u011frudan ilgisi olmal\u0131d\u0131r, yani \u015fikayet ettikleri su\u00e7 veya durumla bir \u015fekilde ilgili olmal\u0131d\u0131rlar.<\/li><li><strong>\u015eikayet i\u00e7in ge\u00e7erli sebep:<\/strong>\u00a0\u015eikayet\u00e7inin, san\u0131\u011f\u0131n haks\u0131z yere kovu\u015fturulmad\u0131\u011f\u0131na inanmak i\u00e7in ge\u00e7erli bir nedeni olmal\u0131d\u0131r. Bu, \u00f6rne\u011fin, yeni kan\u0131tlara veya kovu\u015fturmama karar\u0131ndaki yasal bir hataya dayanabilir.<\/li><li><strong>Zaman s\u0131n\u0131rlar\u0131: <\/strong>\u015eik\u00e2yet bildiriminizin son ba\u015fvuru tarihi i\u00e7erisinde mahkemeye sunulmas\u0131 gerekmektedir. Bu son tarih birka\u00e7 hafta i\u00e7inde de\u011fi\u015febilir. Avukatlar\u0131m\u0131zla ileti\u015fime ge\u00e7ti\u011finizde, bu s\u00fcrenin ger\u00e7ekte ne kadar uzun olaca\u011f\u0131na dair bir tahmin alabileceksiniz.\u00a0\u00a0<\/li><\/ul>\t\t\t\t\t\t\t\t<\/div>\n\t\t\t\t<\/div>\n\t\t\t\t<div class=\"elementor-element elementor-element-b3d946d elementor-widget elementor-widget-spacer\" data-id=\"b3d946d\" data-element_type=\"widget\" data-e-type=\"widget\" data-widget_type=\"spacer.default\">\n\t\t\t\t<div class=\"elementor-widget-container\">\n\t\t\t\t\t\t\t<div class=\"elementor-spacer\">\n\t\t\t<div class=\"elementor-spacer-inner\"><\/div>\n\t\t<\/div>\n\t\t\t\t\t\t<\/div>\n\t\t\t\t<\/div>\n\t\t\t\t<div class=\"elementor-element elementor-element-18d1c8b elementor-widget elementor-widget-heading\" data-id=\"18d1c8b\" data-element_type=\"widget\" data-e-type=\"widget\" data-widget_type=\"heading.default\">\n\t\t\t\t<div class=\"elementor-widget-container\">\n\t\t\t\t\t<h3 class=\"elementor-heading-title elementor-size-default\">\u015eik\u00e2yet<\/h3>\t\t\t\t<\/div>\n\t\t\t\t<\/div>\n\t\t\t\t<div class=\"elementor-element elementor-element-086a8e2 color-scheme-inherit text-left elementor-widget elementor-widget-text-editor\" data-id=\"086a8e2\" data-element_type=\"widget\" data-e-type=\"widget\" data-widget_type=\"text-editor.default\">\n\t\t\t\t<div class=\"elementor-widget-container\">\n\t\t\t\t\t\t\t\t\t<p>\u015eikayetinizi i\u00e7eren mektubu (\u015fikayet mektubu) yazarken, gerekli bilgileri eklemeniz \u00f6nemlidir. Profesyonel bir \u015fikayet mektubu yazmak \u00e7ok zaman ve \u00e7aba gerektirebilir. Gereksiz hatalardan ve gecikmelerden ka\u00e7\u0131nmak i\u00e7in bunu bir avukata yapt\u0131rmak ak\u0131ll\u0131ca olacakt\u0131r.<\/p><p>B\u00f6yle bir \u015fikayette bulunmas\u0131 gereken gerekli bilgiler \u015funlard\u0131r:<\/p><ul><li>Savc\u0131l\u0131k ve Mutasyon numaras\u0131: savc\u0131 (savc\u0131l\u0131k numaras\u0131) veya polis (mutasyon numaras\u0131) taraf\u0131ndan davaya verilen numara.<\/li><li>Su\u00e7: Sizin g\u00f6r\u00fc\u015f\u00fcn\u00fcze g\u00f6re yarg\u0131lanmas\u0131 gereken ki\u015fi (san\u0131k).<\/li><li>\u015eikayet nedeni: savc\u0131n\u0131n karar\u0131n\u0131 neden kabul etmedi\u011finiz.<\/li><li>\u0130leti\u015fim bilgileri: \u015eikayet dilek\u00e7esinde ileti\u015fim bilgilerinizi payla\u015fman\u0131z gerekecektir, b\u00f6ylece mahkeme sizinle ileti\u015fime ge\u00e7ebilir.<\/li><\/ul>\t\t\t\t\t\t\t\t<\/div>\n\t\t\t\t<\/div>\n\t\t\t\t<div class=\"elementor-element elementor-element-5db459c elementor-widget elementor-widget-spacer\" data-id=\"5db459c\" data-element_type=\"widget\" data-e-type=\"widget\" data-widget_type=\"spacer.default\">\n\t\t\t\t<div class=\"elementor-widget-container\">\n\t\t\t\t\t\t\t<div class=\"elementor-spacer\">\n\t\t\t<div class=\"elementor-spacer-inner\"><\/div>\n\t\t<\/div>\n\t\t\t\t\t\t<\/div>\n\t\t\t\t<\/div>\n\t\t\t\t<div class=\"elementor-element elementor-element-259a9bd elementor-widget elementor-widget-heading\" data-id=\"259a9bd\" data-element_type=\"widget\" data-e-type=\"widget\" data-widget_type=\"heading.default\">\n\t\t\t\t<div class=\"elementor-widget-container\">\n\t\t\t\t\t<h3 class=\"elementor-heading-title elementor-size-default\">\u015eikayet prosed\u00fcr\u00fc <\/h3>\t\t\t\t<\/div>\n\t\t\t\t<\/div>\n\t\t\t\t<div class=\"elementor-element elementor-element-98cb9e4 color-scheme-inherit text-left elementor-widget elementor-widget-text-editor\" data-id=\"98cb9e4\" data-element_type=\"widget\" data-e-type=\"widget\" data-widget_type=\"text-editor.default\">\n\t\t\t\t<div class=\"elementor-widget-container\">\n\t\t\t\t\t\t\t\t\t<p>Bir \u015fikayet prosed\u00fcr\u00fcn\u00fc ba\u015far\u0131l\u0131 bir \u015fekilde ba\u015flatmak i\u00e7in izlenmesi gereken bir dizi ad\u0131m vard\u0131r. A\u015fa\u011f\u0131da, bu prosed\u00fcr\u00fcn nas\u0131l i\u015fledi\u011fine dair bir \u00f6zet bulabilirsiniz:<\/p><ul><li><strong>\u015eikayette bulunmak<\/strong>: \u00f6ncelikle, daha \u00f6nce a\u00e7\u0131kland\u0131\u011f\u0131 gibi, san\u0131\u011f\u0131n neden yarg\u0131lanmas\u0131 gerekti\u011finin belirtildi\u011fi \u015fikayet dilek\u00e7esi mahkemeye g\u00f6nderilmelidir.<\/li><li><strong>Kay\u0131t<\/strong>: Mahkeme \u015fikayeti kaydedecek ve bir kopyas\u0131n\u0131 ba\u015fsavc\u0131ya g\u00f6nderecektir. Ba\u015fsavc\u0131, mahkeme nezdinde savc\u0131l\u0131\u011f\u0131 temsil eden ki\u015fidir ve savc\u0131 ile benzer bir g\u00f6revi vard\u0131r.<br \/>\u015eikayetin de\u011ferlendirilmesi: mahkeme, duru\u015fma s\u0131ras\u0131nda ek a\u00e7\u0131klama yapman\u0131z gerekip gerekmedi\u011fini de\u011ferlendirir.<\/li><li><strong>Oturma<\/strong>: \u015fikayetin de\u011ferlendirilmesinden sonra, \u015fikayet odas\u0131 taraf\u0131ndan duru\u015fmaya \u00e7a\u011fr\u0131lacaks\u0131n\u0131z. Duru\u015fma s\u0131ras\u0131nda \u015fikayet odas\u0131 \u015fikayetinizi ele alacak ve bu konuda sorular soracakt\u0131r.<\/li><li><strong>Karar<\/strong>: duru\u015fmadan sonraki 6 hafta i\u00e7inde, haciz dairesi kabul veya reddedilebilecek bir karar verir. Karar reddedilirse, san\u0131k hakk\u0131nda kovu\u015fturma devam etmez. Ancak \u015fikayet kabul edilirse, savc\u0131 davay\u0131 yeniden a\u00e7mal\u0131 ve san\u0131\u011f\u0131 kovu\u015fturmal\u0131d\u0131r.<\/li><li><strong>Temyiz hakk\u0131 yoktur.<\/strong>: bu karar verildikten sonra, temyize gitmek m\u00fcmk\u00fcn olmayacakt\u0131r.<\/li><\/ul>\t\t\t\t\t\t\t\t<\/div>\n\t\t\t\t<\/div>\n\t\t\t\t<div class=\"elementor-element elementor-element-27f2c24 elementor-widget elementor-widget-spacer\" data-id=\"27f2c24\" data-element_type=\"widget\" data-e-type=\"widget\" data-widget_type=\"spacer.default\">\n\t\t\t\t<div class=\"elementor-widget-container\">\n\t\t\t\t\t\t\t<div class=\"elementor-spacer\">\n\t\t\t<div class=\"elementor-spacer-inner\"><\/div>\n\t\t<\/div>\n\t\t\t\t\t\t<\/div>\n\t\t\t\t<\/div>\n\t\t\t\t<div class=\"elementor-element elementor-element-db3f046 elementor-widget elementor-widget-heading\" data-id=\"db3f046\" data-element_type=\"widget\" data-e-type=\"widget\" data-widget_type=\"heading.default\">\n\t\t\t\t<div class=\"elementor-widget-container\">\n\t\t\t\t\t<h3 class=\"elementor-heading-title elementor-size-default\">Savc\u0131l\u0131k avukat\u0131 de\u011fil \u015fikayet\u00e7i<\/h3>\t\t\t\t<\/div>\n\t\t\t\t<\/div>\n\t\t\t\t<div class=\"elementor-element elementor-element-90baef2 color-scheme-inherit text-left elementor-widget elementor-widget-text-editor\" data-id=\"90baef2\" data-element_type=\"widget\" data-e-type=\"widget\" data-widget_type=\"text-editor.default\">\n\t\t\t\t<div class=\"elementor-widget-container\">\n\t\t\t\t\t\t\t\t\t<p>Birinin yarg\u0131lanmamas\u0131yla ilgili sorunlar\u0131n\u0131z varsa veya hakk\u0131n\u0131zda \u015fikayette bulunulmu\u015fsa, de\u011ferli zaman\u0131n\u0131zdan tasarruf etmek i\u00e7in kapsaml\u0131 deneyime sahip bir avukattan yard\u0131m alman\u0131z tavsiye edilir.<\/p><p>Der Bedrosian Hukuk B\u00fcrosu olarak <a title=\"uzman avukatlar savc\u0131l\u0131k de\u011fil \u015fikayet\" href=\"https:\/\/www.derbedrosian.nl\/tr\/avukatlar\/\">uzman avukatlar<\/a> \u00e7ok fazla deneyime sahip<a href=\"https:\/\/www.derbedrosian.nl\/tr\/yetki%cc%87-alanlari\/ceza-hukuku\/\"> ceza hukuku<\/a> Bu nedenle, \u00f6rne\u011fin \u015fikayetinizi bildirme konusunda size yard\u0131mc\u0131 olabilirler.<\/p><p>Bu nedenle, avukatlar\u0131m\u0131zdan birinin davan\u0131zda size en k\u0131sa s\u00fcrede yard\u0131mc\u0131 olabilmesi i\u00e7in bizimle ileti\u015fime ge\u00e7mekten \u00e7ekinmeyin.<\/p>\t\t\t\t\t\t\t\t<\/div>\n\t\t\t\t<\/div>\n\t\t\t\t\t<\/div>\n\t\t\t\t<\/div>\n\t\t\t\t<\/div>","protected":false},"excerpt":{"rendered":"<p>\u015fikayet dilek\u00e7esi sunmak \u015fikayet takipsizlik s\u00fcresi \u015fikayet takipsizlik \u015fikayet prosed\u00fcr\u00fc avukat madde 12 sv prosed\u00fcr\u00fc avukat ceza hukuku enschede \u015fikayetler<\/p>","protected":false},"author":1,"featured_media":0,"parent":10047,"menu_order":0,"comment_status":"closed","ping_status":"closed","template":"","meta":{"footnotes":""},"class_list":["post-10455","page","type-page","status-publish","hentry"],"_links":{"self":[{"href":"https:\/\/www.derbedrosian.nl\/tr\/wp-json\/wp\/v2\/pages\/10455","targetHints":{"allow":["GET"]}}],"collection":[{"href":"https:\/\/www.derbedrosian.nl\/tr\/wp-json\/wp\/v2\/pages"}],"about":[{"href":"https:\/\/www.derbedrosian.nl\/tr\/wp-json\/wp\/v2\/types\/page"}],"author":[{"embeddable":true,"href":"https:\/\/www.derbedrosian.nl\/tr\/wp-json\/wp\/v2\/users\/1"}],"replies":[{"embeddable":true,"href":"https:\/\/www.derbedrosian.nl\/tr\/wp-json\/wp\/v2\/comments?post=10455"}],"version-history":[{"count":0,"href":"https:\/\/www.derbedrosian.nl\/tr\/wp-json\/wp\/v2\/pages\/10455\/revisions"}],"up":[{"embeddable":true,"href":"https:\/\/www.derbedrosian.nl\/tr\/wp-json\/wp\/v2\/pages\/10047"}],"wp:attachment":[{"href":"https:\/\/www.derbedrosian.nl\/tr\/wp-json\/wp\/v2\/media?parent=10455"}],"curies":[{"name":"wp","href":"https:\/\/api.w.org\/{rel}","templated":true}]}}