{"id":10049,"date":"2023-05-24T09:59:50","date_gmt":"2023-05-24T07:59:50","guid":{"rendered":"https:\/\/derbedrosian.nl\/?page_id=10049"},"modified":"2025-12-19T20:19:33","modified_gmt":"2025-12-19T18:19:33","slug":"oranlar","status":"publish","type":"page","link":"https:\/\/www.derbedrosian.nl\/tr\/tarieven\/","title":{"rendered":"Oranlar"},"content":{"rendered":"<div data-elementor-type=\"wp-page\" data-elementor-id=\"10049\" class=\"elementor elementor-10049\" data-elementor-post-type=\"page\">\n\t\t\t\t<div class=\"wd-negative-gap elementor-element elementor-element-8718dcb wd-section-stretch e-flex e-con-boxed e-con e-parent\" data-id=\"8718dcb\" data-element_type=\"container\" data-e-type=\"container\" data-settings=\"{&quot;background_background&quot;:&quot;gradient&quot;}\">\n\t\t\t\t\t<div class=\"e-con-inner\">\n\t\t<div class=\"elementor-element elementor-element-b1e3193 e-con-full e-flex e-con e-child\" data-id=\"b1e3193\" data-element_type=\"container\" data-e-type=\"container\">\n\t\t\t\t<div class=\"elementor-element elementor-element-e5ffdc3 elementor-hidden-tablet elementor-hidden-mobile wd-el-breadcrumbs text-left elementor-widget elementor-widget-wd_element_breadcrumbs\" data-id=\"e5ffdc3\" data-element_type=\"widget\" data-e-type=\"widget\" data-widget_type=\"wd_element_breadcrumbs.default\">\n\t\t\t\t<div class=\"elementor-widget-container\">\n\t\t\t\t\t<nav class=\"wd-breadcrumbs\"><a href=\"https:\/\/www.derbedrosian.nl\/tr\/\">Ev<\/a><span class=\"wd-delimiter\"><\/span><span class=\"wd-last\">Sayfa<\/span><\/nav>\t\t\t\t<\/div>\n\t\t\t\t<\/div>\n\t\t\t\t<\/div>\n\t\t<div class=\"elementor-element elementor-element-bd71ce2 e-con-full e-flex e-con e-child\" data-id=\"bd71ce2\" data-element_type=\"container\" data-e-type=\"container\">\n\t\t\t\t<div class=\"elementor-element elementor-element-3578e6d elementor-widget-tablet__width-initial elementor-widget-mobile__width-inherit text-balance color-scheme-inherit text-left elementor-widget elementor-widget-text-editor\" data-id=\"3578e6d\" data-element_type=\"widget\" data-e-type=\"widget\" data-widget_type=\"text-editor.default\">\n\t\t\t\t<div class=\"elementor-widget-container\">\n\t\t\t\t\t\t\t\t\t<p>Der Bedrosian, uzman avukatlara sahiptir. Acil durumlarda bizimle ileti\u015fime ge\u00e7in.<\/p>\t\t\t\t\t\t\t\t<\/div>\n\t\t\t\t<\/div>\n\t\t\t\t<div class=\"elementor-element elementor-element-bb65c66 elementor-align-left btn-cta elementor-widget elementor-widget-button\" data-id=\"bb65c66\" data-element_type=\"widget\" data-e-type=\"widget\" data-widget_type=\"button.default\">\n\t\t\t\t<div class=\"elementor-widget-container\">\n\t\t\t\t\t\t\t\t\t<div class=\"elementor-button-wrapper\">\n\t\t\t\t\t<a class=\"elementor-button elementor-button-link elementor-size-sm\" href=\"https:\/\/www.derbedrosian.nl\/tr\/iletisim\/\" alt=\"contact strafrechtadvocaat enschede\">\n\t\t\t\t\t\t<span class=\"elementor-button-content-wrapper\">\n\t\t\t\t\t\t<span class=\"elementor-button-icon\">\n\t\t\t\t<svg aria-hidden=\"true\" class=\"e-font-icon-svg e-fas-long-arrow-alt-down\" viewbox=\"0 0 256 512\" xmlns=\"http:\/\/www.w3.org\/2000\/svg\"><path d=\"M168 345.941V44c0-6.627-5.373-12-12-12h-56c-6.627 0-12 5.373-12 12v301.941H41.941c-21.382 0-32.09 25.851-16.971 40.971l86.059 86.059c9.373 9.373 24.569 9.373 33.941 0l86.059-86.059c15.119-15.119 4.411-40.971-16.971-40.971H168z\"><\/path><\/svg>\t\t\t<\/span>\n\t\t\t\t\t\t\t\t\t<span class=\"elementor-button-text\">\u00dccretsiz dan\u0131\u015fmanl\u0131k al\u0131n<\/span>\n\t\t\t\t\t<\/span>\n\t\t\t\t\t<\/a>\n\t\t\t\t<\/div>\n\t\t\t\t\t\t\t\t<\/div>\n\t\t\t\t<\/div>\n\t\t\t\t<\/div>\n\t\t\t\t\t<\/div>\n\t\t\t\t<\/div>\n\t\t<div class=\"wd-negative-gap elementor-element elementor-element-b1314ff wd-section-stretch e-flex e-con-boxed e-con e-parent\" data-id=\"b1314ff\" data-element_type=\"container\" data-e-type=\"container\">\n\t\t\t\t\t<div class=\"e-con-inner\">\n\t\t\t\t<div class=\"elementor-element elementor-element-67009b4 elementor-hidden-desktop elementor-hidden-tablet elementor-hidden-mobile elementor-widget elementor-widget-wd_image_or_svg\" data-id=\"67009b4\" data-element_type=\"widget\" data-e-type=\"widget\" id=\"seo-word\" data-widget_type=\"wd_image_or_svg.default\">\n\t\t\t\t<div class=\"elementor-widget-container\">\n\t\t\t\t\t\n\t\t<div class=\"wd-image text-left\">\n\t\t\t\t\t\t\t\t<img decoding=\"async\" src=\"https:\/\/www.derbedrosian.nl\/wp-content\/plugins\/elementor\/assets\/images\/placeholder.png\" alt=\"\" title=\"\">\t\t\t\t\t<\/div>\n\n\t\t\t\t\t\t<\/div>\n\t\t\t\t<\/div>\n\t\t\t\t<div class=\"elementor-element elementor-element-09a2915 elementor-hidden-desktop elementor-hidden-tablet elementor-hidden-mobile color-scheme-inherit text-left elementor-widget elementor-widget-text-editor\" data-id=\"09a2915\" data-element_type=\"widget\" data-e-type=\"widget\" id=\"seo-word\" data-widget_type=\"text-editor.default\">\n\t\t\t\t<div class=\"elementor-widget-container\">\n\t\t\t\t\t\t\t\t\t<p>Bu \u00fccretler davan\u0131n t\u00fcr\u00fcne, avukat\u0131n deneyimine ve hukuki meselenin karma\u015f\u0131kl\u0131\u011f\u0131na ba\u011fl\u0131 olarak de\u011fi\u015febilir. \u00dccretler, davan\u0131z i\u00e7in do\u011fru avukat\u0131 se\u00e7menin \u00f6nemli bir y\u00f6n\u00fcd\u00fcr.<\/p><p>Hollanda'daki avukat \u00fccretlerinin kanunla d\u00fczenlenmedi\u011fini belirtmek \u00f6nemlidir. Bu, hukuk firmalar\u0131n\u0131n \u00fccretlerini kendi politikalar\u0131na g\u00f6re belirleme \u00f6zg\u00fcrl\u00fc\u011f\u00fcne sahip olduklar\u0131 anlam\u0131na gelir. Sonu\u00e7 olarak, oranlar farkl\u0131 hukuk firmalar\u0131 aras\u0131nda ve hatta ayn\u0131 firma i\u00e7indeki farkl\u0131 avukatlar aras\u0131nda b\u00fcy\u00fck \u00f6l\u00e7\u00fcde de\u011fi\u015febilir.<\/p><p>\u00dccretler, saatlik \u00fccretler, sabit \u00fccretler veya her ikisinin bir kombinasyonu gibi farkl\u0131 \u015fekillerde hesaplanabilir. En yayg\u0131n \u00fccret modeli, avukatlar\u0131n hizmetleri i\u00e7in saat ba\u015f\u0131na sabit bir tutar talep ettikleri saatlik \u00fccrettir. Ancak bu \u00fccret modeli, \u00f6zellikle karma\u015f\u0131k davalarda \u00f6nemli maliyetlere yol a\u00e7abilir.<\/p>\t\t\t\t\t\t\t\t<\/div>\n\t\t\t\t<\/div>\n\t\t\t\t<div class=\"elementor-element elementor-element-df6694f elementor-widget elementor-widget-heading\" data-id=\"df6694f\" data-element_type=\"widget\" data-e-type=\"widget\" data-widget_type=\"heading.default\">\n\t\t\t\t<div class=\"elementor-widget-container\">\n\t\t\t\t\t<h3 class=\"elementor-heading-title elementor-size-default\">Finanse edilen adli yard\u0131m (ek)<\/h3>\t\t\t\t<\/div>\n\t\t\t\t<\/div>\n\t\t\t\t<div class=\"elementor-element elementor-element-3df86d6 elementor-widget elementor-widget-heading\" data-id=\"3df86d6\" data-element_type=\"widget\" data-e-type=\"widget\" data-widget_type=\"heading.default\">\n\t\t\t\t<div class=\"elementor-widget-container\">\n\t\t\t\t\t<h4 class=\"elementor-heading-title elementor-size-default\">\u0130flas avukat\u0131 veya \u00fccretsiz avukat\n<\/h4>\t\t\t\t<\/div>\n\t\t\t\t<\/div>\n\t\t\t\t<div class=\"elementor-element elementor-element-757a082 color-scheme-inherit text-left elementor-widget elementor-widget-text-editor\" data-id=\"757a082\" data-element_type=\"widget\" data-e-type=\"widget\" data-widget_type=\"text-editor.default\">\n\t\t\t\t<div class=\"elementor-widget-container\">\n\t\t\t\t\t\t\t\t\t<p>Der Bedrosian Hukuk B\u00fcrosu olarak, avukatl\u0131k \u00fccretini \u00f6deyemeyecek durumda olan ki\u015filer i\u00e7in bile adaleti herkes i\u00e7in eri\u015filebilir k\u0131lmaya \u00e7al\u0131\u015f\u0131yoruz. Bu nedenle, 'yetersiz avukat' veya 'pro bono avukat' olarak da bilinen s\u00fcbvansiyonlu adli yard\u0131m temelinde adli yard\u0131m sunuyoruz.<\/p><p>\u0130lk g\u00f6r\u00fc\u015fmede, avukat sizinle birlikte bu s\u00fcbvansiyonlu adli yard\u0131ma hak kazan\u0131p kazanmad\u0131\u011f\u0131n\u0131z\u0131 de\u011ferlendirecektir. E\u011fer b\u00f6yle bir durum s\u00f6z konusuysa, avukat Adli Yard\u0131m Kurulu'na (RvR) mali destek i\u00e7in ba\u015fvuruda bulunacakt\u0131r.<\/p><p>CoR daha sonra mali destek veya 'ek' almaya hakk\u0131n\u0131z olup olmad\u0131\u011f\u0131n\u0131 de\u011ferlendirecektir. E\u011fer \u00f6yleyse, devlet avukat masraflar\u0131n\u0131n bir k\u0131sm\u0131n\u0131 kar\u015f\u0131layacakt\u0131r. Ancak yine de bir katk\u0131 pay\u0131 \u00f6demeniz gerekecektir.<\/p>\t\t\t\t\t\t\t\t<\/div>\n\t\t\t\t<\/div>\n\t\t\t\t<div class=\"elementor-element elementor-element-075acfd elementor-widget elementor-widget-spacer\" data-id=\"075acfd\" data-element_type=\"widget\" data-e-type=\"widget\" data-widget_type=\"spacer.default\">\n\t\t\t\t<div class=\"elementor-widget-container\">\n\t\t\t\t\t\t\t<div class=\"elementor-spacer\">\n\t\t\t<div class=\"elementor-spacer-inner\"><\/div>\n\t\t<\/div>\n\t\t\t\t\t\t<\/div>\n\t\t\t\t<\/div>\n\t\t\t\t<div class=\"elementor-element elementor-element-62c324c elementor-widget elementor-widget-heading\" data-id=\"62c324c\" data-element_type=\"widget\" data-e-type=\"widget\" data-widget_type=\"heading.default\">\n\t\t\t\t<div class=\"elementor-widget-container\">\n\t\t\t\t\t<h3 class=\"elementor-heading-title elementor-size-default\">Saatlik \u00fccrete g\u00f6re\n<\/h3>\t\t\t\t<\/div>\n\t\t\t\t<\/div>\n\t\t\t\t<div class=\"elementor-element elementor-element-f148615 elementor-widget elementor-widget-heading\" data-id=\"f148615\" data-element_type=\"widget\" data-e-type=\"widget\" data-widget_type=\"heading.default\">\n\t\t\t\t<div class=\"elementor-widget-container\">\n\t\t\t\t\t<h4 class=\"elementor-heading-title elementor-size-default\">Rekabet\u00e7i ve \u015feffaf\n\n<\/h4>\t\t\t\t<\/div>\n\t\t\t\t<\/div>\n\t\t\t\t<div class=\"elementor-element elementor-element-d8e32df color-scheme-inherit text-left elementor-widget elementor-widget-text-editor\" data-id=\"d8e32df\" data-element_type=\"widget\" data-e-type=\"widget\" data-widget_type=\"text-editor.default\">\n\t\t\t\t<div class=\"elementor-widget-container\">\n\t\t\t\t\t\t\t\t\t<p>Hukuk b\u00fcromuzda, hizmetlerimiz i\u00e7in adil fiyatlar sunmay\u0131 ama\u00e7l\u0131yoruz. Talep etti\u011fimiz \u00fccret, davan\u0131n t\u00fcr\u00fcne (dan\u0131\u015fmanl\u0131k, arabuluculuk veya dava) ve belirli hukuk alan\u0131na ba\u011fl\u0131d\u0131r. \u0130lk g\u00f6r\u00fc\u015fmemiz s\u0131ras\u0131nda davan\u0131z\u0131n \u00fccretini belirliyoruz. \u00dccretlerimizi, avukat\u0131m\u0131z\u0131n davan\u0131z \u00fczerinde ka\u00e7 saat \u00e7al\u0131\u015ft\u0131\u011f\u0131na ve kararla\u015ft\u0131r\u0131lan saat \u00fccreti ile \u00e7arp\u0131m\u0131na g\u00f6re hesapl\u0131yoruz. Bazen masraflar\u0131 kar\u015f\u0131lamak i\u00e7in pe\u015fin \u00f6deme talep ediyoruz.<\/p><p>Bir davan\u0131n tam olarak ne kadara mal olaca\u011f\u0131n\u0131 \u00f6nceden tahmin etmek genellikle zordur. Bunun nedeni, sonucun ilgili taraflara ve hakimin davay\u0131 nas\u0131l de\u011ferlendirece\u011fine ba\u011fl\u0131 olmas\u0131 ve bunun da bazen tahmin edilmesinin zor olmas\u0131d\u0131r.<\/p><p>Bununla birlikte, nihai saat \u00fccretini \u00f6nceden netle\u015ftirmeye \u00e7al\u0131\u015f\u0131yoruz. Bu oran\u0131 belirlerken, davan\u0131n ne kadar karma\u015f\u0131k oldu\u011fu, acelesi olup olmad\u0131\u011f\u0131, avukat\u0131n ne kadar tecr\u00fcbeli oldu\u011fu gibi bir\u00e7ok \u015feyi dikkate al\u0131yoruz. <a href=\"https:\/\/www.derbedrosian.nl\/tr\/avukatlar\/\">avukat<\/a> sahip oldu\u011fu uzmanl\u0131k alanlar\u0131 ve benzer davalar\u0131n sonu\u00e7lar\u0131. Maliyetleri net bir \u015fekilde anlayabilmeniz ve s\u00fcre\u00e7 boyunca herhangi bir s\u00fcrprizle kar\u015f\u0131la\u015fmaman\u0131z i\u00e7in adil bir fiyat talep etmeyi ama\u00e7l\u0131yoruz.<\/p>\t\t\t\t\t\t\t\t<\/div>\n\t\t\t\t<\/div>\n\t\t\t\t<div class=\"elementor-element elementor-element-e143d5b elementor-widget elementor-widget-spacer\" data-id=\"e143d5b\" data-element_type=\"widget\" data-e-type=\"widget\" data-widget_type=\"spacer.default\">\n\t\t\t\t<div class=\"elementor-widget-container\">\n\t\t\t\t\t\t\t<div class=\"elementor-spacer\">\n\t\t\t<div class=\"elementor-spacer-inner\"><\/div>\n\t\t<\/div>\n\t\t\t\t\t\t<\/div>\n\t\t\t\t<\/div>\n\t\t\t\t<div class=\"elementor-element elementor-element-02fa28c elementor-widget elementor-widget-heading\" data-id=\"02fa28c\" data-element_type=\"widget\" data-e-type=\"widget\" data-widget_type=\"heading.default\">\n\t\t\t\t<div class=\"elementor-widget-container\">\n\t\t\t\t\t<h3 class=\"elementor-heading-title elementor-size-default\">Sabit fiyat anla\u015fmas\u0131\n<\/h3>\t\t\t\t<\/div>\n\t\t\t\t<\/div>\n\t\t\t\t<div class=\"elementor-element elementor-element-b344106 elementor-widget elementor-widget-heading\" data-id=\"b344106\" data-element_type=\"widget\" data-e-type=\"widget\" data-widget_type=\"heading.default\">\n\t\t\t\t<div class=\"elementor-widget-container\">\n\t\t\t\t\t<h4 class=\"elementor-heading-title elementor-size-default\">\u00d6ng\u00f6r\u00fclemeyen maliyetler konusunda endi\u015felenmenize gerek yok<\/h4>\t\t\t\t<\/div>\n\t\t\t\t<\/div>\n\t\t\t\t<div class=\"elementor-element elementor-element-a60deb9 color-scheme-inherit text-left elementor-widget elementor-widget-text-editor\" data-id=\"a60deb9\" data-element_type=\"widget\" data-e-type=\"widget\" data-widget_type=\"text-editor.default\">\n\t\t\t\t<div class=\"elementor-widget-container\">\n\t\t\t\t\t\t\t\t\t<p>Bazen davan\u0131z i\u00e7in \"hepsi bir arada \u00fccret\" \u00fczerinde anla\u015fabiliriz. Bu, avukat\u0131n davan\u0131zdaki t\u00fcm \u00e7al\u0131\u015fmalar i\u00e7in sizinle sabit bir miktar \u00fczerinde anla\u015ft\u0131\u011f\u0131 anlam\u0131na gelir. Bu \u015fekilde, masraflar\u0131n tam olarak ne olaca\u011f\u0131n\u0131 \u00f6nceden bilirsiniz ve beklenmedik s\u00fcrprizlerden ka\u00e7\u0131nm\u0131\u015f oluruz.<\/p><p>Ofisimizde yapaca\u011f\u0131m\u0131z ilk g\u00f6r\u00fc\u015fmede, bu se\u00e7ene\u011fin sizin durumunuz i\u00e7in uygun olup olmad\u0131\u011f\u0131n\u0131 ve hangi ko\u015fullar\u0131n ge\u00e7erli oldu\u011funu tart\u0131\u015faca\u011f\u0131z. Nihai \u00fccret konusunda sizinle \u00f6nceden mutab\u0131k kal\u0131nacakt\u0131r. Davan\u0131n niteli\u011fi ve kapsam\u0131, \u00f6nemi, acil olup olmad\u0131\u011f\u0131, avukat\u0131n deneyimi ve uzmanl\u0131\u011f\u0131 ve ne bekleyebilece\u011finiz gibi \u00e7e\u015fitli hususlar\u0131 dikkate al\u0131yoruz. Bu \u015fekilde, adil ve net fiyatlar hedefliyoruz, b\u00f6ylece maliyetlerin fark\u0131nda olursunuz ve yasal s\u00fcre\u00e7 s\u0131ras\u0131nda ho\u015f olmayan s\u00fcrprizlerle kar\u015f\u0131la\u015fmazs\u0131n\u0131z.<\/p>\t\t\t\t\t\t\t\t<\/div>\n\t\t\t\t<\/div>\n\t\t\t\t\t<\/div>\n\t\t\t\t<\/div>\n\t\t\t\t<\/div>","protected":false},"excerpt":{"rendered":"<p>Ana Sayfa Der Bedrosian uzman avukatlara sahiptir. Acil durumlarda l\u00fctfen bizimle ileti\u015fime ge\u00e7in. \u00dccretsiz dan\u0131\u015fmanl\u0131k al\u0131n Bu \u00fccretler a\u015fa\u011f\u0131dakilere ba\u011fl\u0131 olarak de\u011fi\u015febilir<\/p>","protected":false},"author":1,"featured_media":0,"parent":0,"menu_order":4,"comment_status":"closed","ping_status":"closed","template":"","meta":{"footnotes":""},"class_list":["post-10049","page","type-page","status-publish","hentry"],"_links":{"self":[{"href":"https:\/\/www.derbedrosian.nl\/tr\/wp-json\/wp\/v2\/pages\/10049","targetHints":{"allow":["GET"]}}],"collection":[{"href":"https:\/\/www.derbedrosian.nl\/tr\/wp-json\/wp\/v2\/pages"}],"about":[{"href":"https:\/\/www.derbedrosian.nl\/tr\/wp-json\/wp\/v2\/types\/page"}],"author":[{"embeddable":true,"href":"https:\/\/www.derbedrosian.nl\/tr\/wp-json\/wp\/v2\/users\/1"}],"replies":[{"embeddable":true,"href":"https:\/\/www.derbedrosian.nl\/tr\/wp-json\/wp\/v2\/comments?post=10049"}],"version-history":[{"count":0,"href":"https:\/\/www.derbedrosian.nl\/tr\/wp-json\/wp\/v2\/pages\/10049\/revisions"}],"wp:attachment":[{"href":"https:\/\/www.derbedrosian.nl\/tr\/wp-json\/wp\/v2\/media?parent=10049"}],"curies":[{"name":"wp","href":"https:\/\/api.w.org\/{rel}","templated":true}]}}