{"id":10867,"date":"2023-05-29T10:12:56","date_gmt":"2023-05-29T08:12:56","guid":{"rendered":"https:\/\/derbedrosian.nl\/?page_id=10867"},"modified":"2025-12-21T15:18:13","modified_gmt":"2025-12-21T13:18:13","slug":"violacao","status":"publish","type":"page","link":"https:\/\/www.derbedrosian.nl\/pt\/rechtsgebieden\/strafrecht\/verkrachting\/","title":{"rendered":"Viola\u00e7\u00e3o"},"content":{"rendered":"<div data-elementor-type=\"wp-page\" data-elementor-id=\"10867\" class=\"elementor elementor-10867\" data-elementor-post-type=\"page\">\n\t\t\t\t<div class=\"wd-negative-gap elementor-element elementor-element-79ce637 e-flex e-con-boxed e-con e-parent\" data-id=\"79ce637\" data-element_type=\"container\" data-e-type=\"container\">\n\t\t\t\t\t<div class=\"e-con-inner\">\n\t\t\t\t<div class=\"elementor-element elementor-element-29f3aea elementor-hidden-desktop elementor-hidden-tablet elementor-hidden-mobile elementor-widget elementor-widget-wd_image_or_svg\" data-id=\"29f3aea\" data-element_type=\"widget\" data-e-type=\"widget\" id=\"seo-word\" data-widget_type=\"wd_image_or_svg.default\">\n\t\t\t\t<div class=\"elementor-widget-container\">\n\t\t\t\t\t\n\t\t<div class=\"wd-image text-left\">\n\t\t\t\t\t\t\t\t<img loading=\"lazy\" decoding=\"async\" width=\"1000\" height=\"667\" src=\"https:\/\/www.derbedrosian.nl\/wp-content\/uploads\/rechtsgebied-verkrachting.jpg\" class=\"attachment-full size-full\" alt=\"pena de viola\u00e7\u00e3o advogado crime de agress\u00e3o suspeito de crime de viola\u00e7\u00e3o\" srcset=\"https:\/\/www.derbedrosian.nl\/wp-content\/uploads\/rechtsgebied-verkrachting.jpg 1000w, https:\/\/www.derbedrosian.nl\/wp-content\/uploads\/rechtsgebied-verkrachting-400x267.jpg 400w, https:\/\/www.derbedrosian.nl\/wp-content\/uploads\/rechtsgebied-verkrachting-768x512.jpg 768w\" sizes=\"auto, (max-width: 1000px) 100vw, 1000px\" title=\"\">\t\t\t\t\t<\/div>\n\n\t\t\t\t\t\t<\/div>\n\t\t\t\t<\/div>\n\t\t\t\t<div class=\"elementor-element elementor-element-72c715a elementor-hidden-desktop elementor-hidden-tablet elementor-hidden-mobile elementor-widget elementor-widget-heading\" data-id=\"72c715a\" data-element_type=\"widget\" data-e-type=\"widget\" id=\"seo-word\" data-widget_type=\"heading.default\">\n\t\t\t\t<div class=\"elementor-widget-container\">\n\t\t\t\t\t<h2 class=\"elementor-heading-title elementor-size-default\">advogado especializado em viola\u00e7\u00e3o<\/h2>\t\t\t\t<\/div>\n\t\t\t\t<\/div>\n\t\t\t\t<div class=\"elementor-element elementor-element-a1d26a1 elementor-hidden-desktop elementor-hidden-tablet elementor-hidden-mobile elementor-widget elementor-widget-heading\" data-id=\"a1d26a1\" data-element_type=\"widget\" data-e-type=\"widget\" id=\"seo-word\" data-widget_type=\"heading.default\">\n\t\t\t\t<div class=\"elementor-widget-container\">\n\t\t\t\t\t<h5 class=\"elementor-heading-title elementor-size-default\">puni\u00e7\u00e3o por viola\u00e7\u00e3o<\/h5>\t\t\t\t<\/div>\n\t\t\t\t<\/div>\n\t\t\t\t<div class=\"elementor-element elementor-element-86df940 elementor-hidden-desktop elementor-hidden-tablet elementor-hidden-mobile elementor-widget elementor-widget-heading\" data-id=\"86df940\" data-element_type=\"widget\" data-e-type=\"widget\" id=\"seo-word\" data-widget_type=\"heading.default\">\n\t\t\t\t<div class=\"elementor-widget-container\">\n\t\t\t\t\t<h5 class=\"elementor-heading-title elementor-size-default\">viola\u00e7\u00e3o nos pa\u00edses baixos<\/h5>\t\t\t\t<\/div>\n\t\t\t\t<\/div>\n\t\t\t\t<div class=\"elementor-element elementor-element-ddb554c elementor-hidden-desktop elementor-hidden-tablet elementor-hidden-mobile elementor-widget elementor-widget-heading\" data-id=\"ddb554c\" data-element_type=\"widget\" data-e-type=\"widget\" id=\"seo-word\" data-widget_type=\"heading.default\">\n\t\t\t\t<div class=\"elementor-widget-container\">\n\t\t\t\t\t<h5 class=\"elementor-heading-title elementor-size-default\">diferen\u00e7a entre agress\u00e3o sexual e viola\u00e7\u00e3o<\/h5>\t\t\t\t<\/div>\n\t\t\t\t<\/div>\n\t\t\t\t<div class=\"elementor-element elementor-element-4bfa2bd elementor-hidden-desktop elementor-hidden-tablet elementor-hidden-mobile elementor-widget elementor-widget-heading\" data-id=\"4bfa2bd\" data-element_type=\"widget\" data-e-type=\"widget\" id=\"seo-word\" data-widget_type=\"heading.default\">\n\t\t\t\t<div class=\"elementor-widget-container\">\n\t\t\t\t\t<h5 class=\"elementor-heading-title elementor-size-default\">crime<\/h5>\t\t\t\t<\/div>\n\t\t\t\t<\/div>\n\t\t\t\t<div class=\"elementor-element elementor-element-ac32fe0 elementor-hidden-desktop elementor-hidden-tablet elementor-hidden-mobile elementor-widget elementor-widget-heading\" data-id=\"ac32fe0\" data-element_type=\"widget\" data-e-type=\"widget\" id=\"seo-word\" data-widget_type=\"heading.default\">\n\t\t\t\t<div class=\"elementor-widget-container\">\n\t\t\t\t\t<h5 class=\"elementor-heading-title elementor-size-default\">advogado de piquete<\/h5>\t\t\t\t<\/div>\n\t\t\t\t<\/div>\n\t\t\t\t<div class=\"elementor-element elementor-element-f045f6d elementor-hidden-desktop elementor-hidden-tablet elementor-hidden-mobile elementor-widget elementor-widget-heading\" data-id=\"f045f6d\" data-element_type=\"widget\" data-e-type=\"widget\" id=\"seo-word\" data-widget_type=\"heading.default\">\n\t\t\t\t<div class=\"elementor-widget-container\">\n\t\t\t\t\t<h5 class=\"elementor-heading-title elementor-size-default\">advogado criminalista enschede<\/h5>\t\t\t\t<\/div>\n\t\t\t\t<\/div>\n\t\t\t\t<div class=\"elementor-element elementor-element-8c1d0f5 elementor-hidden-desktop elementor-hidden-tablet elementor-hidden-mobile elementor-widget elementor-widget-heading\" data-id=\"8c1d0f5\" data-element_type=\"widget\" data-e-type=\"widget\" id=\"seo-word\" data-widget_type=\"heading.default\">\n\t\t\t\t<div class=\"elementor-widget-container\">\n\t\t\t\t\t<h5 class=\"elementor-heading-title elementor-size-default\">direito penal enschede<\/h5>\t\t\t\t<\/div>\n\t\t\t\t<\/div>\n\t\t\t\t<div class=\"elementor-element elementor-element-eb1e1f5 elementor-hidden-desktop elementor-hidden-tablet elementor-hidden-mobile elementor-widget elementor-widget-heading\" data-id=\"eb1e1f5\" data-element_type=\"widget\" data-e-type=\"widget\" id=\"seo-word\" data-widget_type=\"heading.default\">\n\t\t\t\t<div class=\"elementor-widget-container\">\n\t\t\t\t\t<h5 class=\"elementor-heading-title elementor-size-default\">advogado direito penal enschede<\/h5>\t\t\t\t<\/div>\n\t\t\t\t<\/div>\n\t\t\t\t<div class=\"elementor-element elementor-element-c193e6a elementor-hidden-desktop elementor-hidden-tablet elementor-hidden-mobile elementor-widget elementor-widget-heading\" data-id=\"c193e6a\" data-element_type=\"widget\" data-e-type=\"widget\" id=\"seo-word\" data-widget_type=\"heading.default\">\n\t\t\t\t<div class=\"elementor-widget-container\">\n\t\t\t\t\t<h5 class=\"elementor-heading-title elementor-size-default\">advogado direito penal overijssel<\/h5>\t\t\t\t<\/div>\n\t\t\t\t<\/div>\n\t\t\t\t<div class=\"elementor-element elementor-element-35968d3 elementor-hidden-desktop elementor-hidden-tablet elementor-hidden-mobile elementor-widget elementor-widget-heading\" data-id=\"35968d3\" data-element_type=\"widget\" data-e-type=\"widget\" id=\"seo-word\" data-widget_type=\"heading.default\">\n\t\t\t\t<div class=\"elementor-widget-container\">\n\t\t\t\t\t<h5 class=\"elementor-heading-title elementor-size-default\">significado de viola\u00e7\u00e3o<\/h5>\t\t\t\t<\/div>\n\t\t\t\t<\/div>\n\t\t\t\t<div class=\"elementor-element elementor-element-4e3765c elementor-hidden-desktop elementor-hidden-tablet elementor-hidden-mobile elementor-widget elementor-widget-heading\" data-id=\"4e3765c\" data-element_type=\"widget\" data-e-type=\"widget\" id=\"seo-word\" data-widget_type=\"heading.default\">\n\t\t\t\t<div class=\"elementor-widget-container\">\n\t\t\t\t\t<h5 class=\"elementor-heading-title elementor-size-default\">Em Enschede e Overijssel, os advogados criminais da Derbedrosian Criminal Lawyers s\u00e3o os seus parceiros legais de confian\u00e7a. Os nossos advogados em Enschede s\u00e3o especializados em casos criminais, incluindo casos graves como a viola\u00e7\u00e3o.\n\nA viola\u00e7\u00e3o \u00e9 um crime grave nos Pa\u00edses Baixos, com penas severas. \u00c9 importante que compreenda o quadro jur\u00eddico e as san\u00e7\u00f5es aplic\u00e1veis \u00e0 viola\u00e7\u00e3o. A diferen\u00e7a entre agress\u00e3o sexual e viola\u00e7\u00e3o reside na natureza e gravidade da infra\u00e7\u00e3o.\n\nUm advogado de piquete, tamb\u00e9m conhecido como advogado de servi\u00e7o, pode ser chamado para prestar assist\u00eancia jur\u00eddica em casos urgentes, como durante a deten\u00e7\u00e3o ou o interrogat\u00f3rio. Em caso de viola\u00e7\u00e3o, \u00e9 essencial que procure ajuda jur\u00eddica imediatamente.\n\nOs nossos advogados em Enschede est\u00e3o aqui para o aconselhar e representar os seus interesses em casos criminais, incluindo casos de viola\u00e7\u00e3o. Se precisar de assist\u00eancia jur\u00eddica em assuntos t\u00e3o graves, n\u00e3o hesite em contactar Derbedrosian Criminal Lawyers para obter apoio profissional.<\/h5>\t\t\t\t<\/div>\n\t\t\t\t<\/div>\n\t\t\t\t<div class=\"elementor-element elementor-element-80a0103 color-scheme-inherit text-left elementor-widget elementor-widget-text-editor\" data-id=\"80a0103\" data-element_type=\"widget\" data-e-type=\"widget\" data-widget_type=\"text-editor.default\">\n\t\t\t\t<div class=\"elementor-widget-container\">\n\t\t\t\t\t\t\t\t\t<p><strong>A viola\u00e7\u00e3o \u00e9 um crime grave, pelo que o sistema jur\u00eddico neerland\u00eas deve abordar estas situa\u00e7\u00f5es e garantir que tanto as v\u00edtimas como os suspeitos sejam tratados de forma justa.<\/strong><\/p><p><strong>Est\u00e3o tamb\u00e9m dispon\u00edveis servi\u00e7os de apoio m\u00e9dico e emocional \u00e0s v\u00edtimas para as ajudar a recuperar.<\/strong><\/p>\t\t\t\t\t\t\t\t<\/div>\n\t\t\t\t<\/div>\n\t\t\t\t<div class=\"elementor-element elementor-element-7bb2179 elementor-widget elementor-widget-spacer\" data-id=\"7bb2179\" data-element_type=\"widget\" data-e-type=\"widget\" data-widget_type=\"spacer.default\">\n\t\t\t\t<div class=\"elementor-widget-container\">\n\t\t\t\t\t\t\t<div class=\"elementor-spacer\">\n\t\t\t<div class=\"elementor-spacer-inner\"><\/div>\n\t\t<\/div>\n\t\t\t\t\t\t<\/div>\n\t\t\t\t<\/div>\n\t\t\t\t<div class=\"elementor-element elementor-element-4d0318a elementor-widget elementor-widget-heading\" data-id=\"4d0318a\" data-element_type=\"widget\" data-e-type=\"widget\" data-widget_type=\"heading.default\">\n\t\t\t\t<div class=\"elementor-widget-container\">\n\t\t\t\t\t<h3 class=\"elementor-heading-title elementor-size-default\">O que \u00e9 a viola\u00e7\u00e3o?<\/h3>\t\t\t\t<\/div>\n\t\t\t\t<\/div>\n\t\t\t\t<div class=\"elementor-element elementor-element-96fd6ba color-scheme-inherit text-left elementor-widget elementor-widget-text-editor\" data-id=\"96fd6ba\" data-element_type=\"widget\" data-e-type=\"widget\" data-widget_type=\"text-editor.default\">\n\t\t\t\t<div class=\"elementor-widget-container\">\n\t\t\t\t\t\t\t\t\t<p>De acordo com a lei, a viola\u00e7\u00e3o \u00e9 definida como: \"A viola\u00e7\u00e3o \u00e9 qualquer forma de penetra\u00e7\u00e3o sexual, independentemente do m\u00e9todo, efectuada contra a vontade de uma pessoa, sob a influ\u00eancia ou n\u00e3o de for\u00e7a, amea\u00e7a ou press\u00e3o psicol\u00f3gica\".<\/p><p>\u00c9 importante compreender o que significa \"contra a vontade\". Isto inclui:<\/p><ul><li><strong>Falta de consentimento:<\/strong>\u00a0significa que a penetra\u00e7\u00e3o sexual ocorreu sem o livre arb\u00edtrio e o consentimento da v\u00edtima. Isto significa que a pessoa n\u00e3o consentiu voluntariamente com o ato sexual.<\/li><li><strong>Defici\u00eancias f\u00edsicas ou mentais:<\/strong>\u00a0A viola\u00e7\u00e3o tamb\u00e9m pode ocorrer quando a v\u00edtima tem defici\u00eancias f\u00edsicas ou mentais que a tornam incapaz de dar conscientemente o seu consentimento. Por exemplo, pode ser o caso de uma pessoa incapaz de exprimir claramente a sua vontade devido a um s\u00edndroma de Down.<\/li><li><strong>Influenciado pelo \u00e1lcool ou por drogas:<\/strong> se a v\u00edtima estiver sob a influ\u00eancia de \u00e1lcool ou drogas e, por conseguinte, incapaz de consentir consciente e voluntariamente em actos sexuais.<\/li><\/ul><p>\u00c9 muito importante que a viola\u00e7\u00e3o seja entendida de acordo com estas defini\u00e7\u00f5es legais para sublinhar a gravidade deste crime e para salvaguardar os direitos das v\u00edtimas.<\/p>\t\t\t\t\t\t\t\t<\/div>\n\t\t\t\t<\/div>\n\t\t\t\t<div class=\"elementor-element elementor-element-8405b00 elementor-widget elementor-widget-spacer\" data-id=\"8405b00\" data-element_type=\"widget\" data-e-type=\"widget\" data-widget_type=\"spacer.default\">\n\t\t\t\t<div class=\"elementor-widget-container\">\n\t\t\t\t\t\t\t<div class=\"elementor-spacer\">\n\t\t\t<div class=\"elementor-spacer-inner\"><\/div>\n\t\t<\/div>\n\t\t\t\t\t\t<\/div>\n\t\t\t\t<\/div>\n\t\t\t\t<div class=\"elementor-element elementor-element-f93aeed elementor-widget elementor-widget-heading\" data-id=\"f93aeed\" data-element_type=\"widget\" data-e-type=\"widget\" data-widget_type=\"heading.default\">\n\t\t\t\t<div class=\"elementor-widget-container\">\n\t\t\t\t\t<h3 class=\"elementor-heading-title elementor-size-default\">Puni\u00e7\u00e3o da viola\u00e7\u00e3o<\/h3>\t\t\t\t<\/div>\n\t\t\t\t<\/div>\n\t\t\t\t<div class=\"elementor-element elementor-element-1e402ae color-scheme-inherit text-left elementor-widget elementor-widget-text-editor\" data-id=\"1e402ae\" data-element_type=\"widget\" data-e-type=\"widget\" data-widget_type=\"text-editor.default\">\n\t\t\t\t<div class=\"elementor-widget-container\">\n\t\t\t\t\t\t\t\t\t<p>De acordo com o artigo 242.\u00ba do C\u00f3digo Penal dos Pa\u00edses Baixos, a pena m\u00e1xima de pris\u00e3o por viola\u00e7\u00e3o est\u00e1 atualmente fixada em 12 anos. Isto significa que uma pessoa considerada culpada de viola\u00e7\u00e3o pode ser condenada a uma pena m\u00e1xima de 12 anos de pris\u00e3o.<\/p><ul><li><strong>San\u00e7\u00e3o pecuni\u00e1ria:<\/strong> Para al\u00e9m da pena de pris\u00e3o, pode tamb\u00e9m ser aplicada uma multa. A coima por viola\u00e7\u00e3o pertence \u00e0 quinta categoria de coimas do direito penal neerland\u00eas. Isto significa que a coima pode atingir um m\u00e1ximo de 90 000 euros, dependendo das circunst\u00e2ncias espec\u00edficas do caso.<\/li><\/ul>\t\t\t\t\t\t\t\t<\/div>\n\t\t\t\t<\/div>\n\t\t\t\t<div class=\"elementor-element elementor-element-cf0892b elementor-widget elementor-widget-spacer\" data-id=\"cf0892b\" data-element_type=\"widget\" data-e-type=\"widget\" data-widget_type=\"spacer.default\">\n\t\t\t\t<div class=\"elementor-widget-container\">\n\t\t\t\t\t\t\t<div class=\"elementor-spacer\">\n\t\t\t<div class=\"elementor-spacer-inner\"><\/div>\n\t\t<\/div>\n\t\t\t\t\t\t<\/div>\n\t\t\t\t<\/div>\n\t\t\t\t<div class=\"elementor-element elementor-element-d40230a elementor-widget elementor-widget-heading\" data-id=\"d40230a\" data-element_type=\"widget\" data-e-type=\"widget\" data-widget_type=\"heading.default\">\n\t\t\t\t<div class=\"elementor-widget-container\">\n\t\t\t\t\t<h3 class=\"elementor-heading-title elementor-size-default\">Diferen\u00e7a entre agress\u00e3o sexual e viola\u00e7\u00e3o<\/h3>\t\t\t\t<\/div>\n\t\t\t\t<\/div>\n\t\t\t\t<div class=\"elementor-element elementor-element-04ac6bf color-scheme-inherit text-left elementor-widget elementor-widget-text-editor\" data-id=\"04ac6bf\" data-element_type=\"widget\" data-e-type=\"widget\" data-widget_type=\"text-editor.default\">\n\t\t\t\t<div class=\"elementor-widget-container\">\n\t\t\t\t\t\t\t\t\t<p>A agress\u00e3o sexual e a viola\u00e7\u00e3o s\u00e3o ambas graves<a href=\"https:\/\/www.derbedrosian.nl\/pt\/jurisdicoes\/direito-penal\/crimes\/\"> crimes<\/a>Mas h\u00e1 diferen\u00e7as importantes entre os dois:<\/p><p><strong>Agress\u00e3o:<\/strong><\/p><ul><li><strong>Defini\u00e7\u00e3o:<\/strong>\u00a0A agress\u00e3o sexual envolve algu\u00e9m que toca sexualmente, apalpa ou pratica outros actos sexuais com outra pessoa sem consentimento e intencionalmente. Pode variar entre toques indesejados e formas mais graves de agress\u00e3o sexual, mas n\u00e3o h\u00e1 penetra\u00e7\u00e3o envolvida.<\/li><li><strong>Castigo:<\/strong>\u00a0As penas por agress\u00e3o sexual podem variar consoante a gravidade da infra\u00e7\u00e3o, mas normalmente incluem pris\u00e3o, servi\u00e7o comunit\u00e1rio e\/ou multas.<\/li><\/ul><p><strong style=\"font-size: 17.6px; letter-spacing: var( --e-global-typography-text-letter-spacing ); text-transform: var( --e-global-typography-text-text-transform ); word-spacing: var( --e-global-typography-text-word-spacing ); color: var(--wd-text-color);\">Viola\u00e7\u00e3o:<\/strong><\/p><ul><li><strong>Defini\u00e7\u00e3o:<\/strong>\u00a0A viola\u00e7\u00e3o \u00e9 uma infra\u00e7\u00e3o mais grave em que uma pessoa exerce penetra\u00e7\u00e3o sexual sobre outra pessoa sem o seu consentimento. Esta penetra\u00e7\u00e3o pode ser efectuada pela for\u00e7a, amea\u00e7a, press\u00e3o psicol\u00f3gica ou nos casos em que a v\u00edtima \u00e9 incapaz de dar o seu consentimento devido, por exemplo, a uma defici\u00eancia f\u00edsica ou mental, intoxica\u00e7\u00e3o ou <a href=\"https:\/\/www.derbedrosian.nl\/pt\/jurisdicoes\/direito-penal\/drogas\/\">consumo de drogas.<\/a><\/li><li><strong>Castigo: <\/strong>A viola\u00e7\u00e3o \u00e9 severamente punida na maioria dos sistemas jur\u00eddicos. As penas incluem frequentemente longas senten\u00e7as de pris\u00e3o, dependendo da gravidade da infra\u00e7\u00e3o e das circunst\u00e2ncias.<\/li><\/ul><p>A principal diferen\u00e7a entre agress\u00e3o sexual e viola\u00e7\u00e3o \u00e9 que a viola\u00e7\u00e3o envolve penetra\u00e7\u00e3o sexual sem consentimento, enquanto a agress\u00e3o sexual se centra em actos sexuais sem penetra\u00e7\u00e3o. Ambas as infrac\u00e7\u00f5es s\u00e3o graves e s\u00e3o punidas com gravidade, mas a natureza dos actos \u00e9 diferente.<\/p>\t\t\t\t\t\t\t\t<\/div>\n\t\t\t\t<\/div>\n\t\t\t\t<div class=\"elementor-element elementor-element-5a433a3 elementor-widget elementor-widget-spacer\" data-id=\"5a433a3\" data-element_type=\"widget\" data-e-type=\"widget\" data-widget_type=\"spacer.default\">\n\t\t\t\t<div class=\"elementor-widget-container\">\n\t\t\t\t\t\t\t<div class=\"elementor-spacer\">\n\t\t\t<div class=\"elementor-spacer-inner\"><\/div>\n\t\t<\/div>\n\t\t\t\t\t\t<\/div>\n\t\t\t\t<\/div>\n\t\t\t\t<div class=\"elementor-element elementor-element-baf127d elementor-widget elementor-widget-heading\" data-id=\"baf127d\" data-element_type=\"widget\" data-e-type=\"widget\" data-widget_type=\"heading.default\">\n\t\t\t\t<div class=\"elementor-widget-container\">\n\t\t\t\t\t<h3 class=\"elementor-heading-title elementor-size-default\">Advogado de piquete<\/h3>\t\t\t\t<\/div>\n\t\t\t\t<\/div>\n\t\t\t\t<div class=\"elementor-element elementor-element-b873207 color-scheme-inherit text-left elementor-widget elementor-widget-text-editor\" data-id=\"b873207\" data-element_type=\"widget\" data-e-type=\"widget\" data-widget_type=\"text-editor.default\">\n\t\t\t\t<div class=\"elementor-widget-container\">\n\t\t\t\t\t\t\t\t\t<p>Nos Pa\u00edses Baixos, se o suspeito for detido pela pol\u00edcia e colocado em pris\u00e3o preventiva, ser-lhe-\u00e1 atribu\u00eddo um advogado de piquete. Este advogado estar\u00e1 dispon\u00edvel no dia da sua deten\u00e7\u00e3o. No entanto, nem sempre \u00e9 garantido que este advogado seja especializado no dom\u00ednio da <a href=\"https:\/\/www.derbedrosian.nl\/pt\/jurisdicoes\/direito-penal\/\">direito penal<\/a>e muito menos em casos complexos de v\u00edcios.<\/p><p>Muitas vezes, os turnos de piquete s\u00e3o efectuados por advogados estagi\u00e1rios. Por conseguinte, num caso de v\u00edcio complexo que exija conhecimentos especializados, n\u00e3o \u00e9 certo que obtenha a assist\u00eancia jur\u00eddica adequada do seu advogado de piquete designado.<\/p>\t\t\t\t\t\t\t\t<\/div>\n\t\t\t\t<\/div>\n\t\t\t\t<div class=\"elementor-element elementor-element-d9cb06b elementor-widget elementor-widget-spacer\" data-id=\"d9cb06b\" data-element_type=\"widget\" data-e-type=\"widget\" data-widget_type=\"spacer.default\">\n\t\t\t\t<div class=\"elementor-widget-container\">\n\t\t\t\t\t\t\t<div class=\"elementor-spacer\">\n\t\t\t<div class=\"elementor-spacer-inner\"><\/div>\n\t\t<\/div>\n\t\t\t\t\t\t<\/div>\n\t\t\t\t<\/div>\n\t\t\t\t<div class=\"elementor-element elementor-element-8765f97 elementor-widget elementor-widget-heading\" data-id=\"8765f97\" data-element_type=\"widget\" data-e-type=\"widget\" data-widget_type=\"heading.default\">\n\t\t\t\t<div class=\"elementor-widget-container\">\n\t\t\t\t\t<h3 class=\"elementor-heading-title elementor-size-default\">Advogado suspeito de viola\u00e7\u00e3o<\/h3>\t\t\t\t<\/div>\n\t\t\t\t<\/div>\n\t\t\t\t<div class=\"elementor-element elementor-element-0f239d4 color-scheme-inherit text-left elementor-widget elementor-widget-text-editor\" data-id=\"0f239d4\" data-element_type=\"widget\" data-e-type=\"widget\" data-widget_type=\"text-editor.default\">\n\t\t\t\t<div class=\"elementor-widget-container\">\n\t\t\t\t\t\t\t\t\t<p>Quando \u00e9 suspeito de viola\u00e7\u00e3o, \u00e9 sempre importante procurar a ajuda de um advogado especializado. \u00c9 aconselh\u00e1vel faz\u00ea-lo o mais cedo poss\u00edvel no processo, para que o advogado possa ainda ter muita influ\u00eancia no curso posterior do julgamento. No escrit\u00f3rio de advogados Der Bedrosian, colocamo-lo em contacto direto com um dos nossos <a href=\"https:\/\/www.derbedrosian.nl\/pt\/advogados\/\">advogados especializados<\/a> que tem uma vasta experi\u00eancia em casos relacionados com o sexo.<\/p><p>O nosso compromisso vai para al\u00e9m da representa\u00e7\u00e3o legal. Trabalhamos consigo para determinar a melhor estrat\u00e9gia de defesa, com o objetivo de obter um resultado justo para o seu caso.<\/p>\t\t\t\t\t\t\t\t<\/div>\n\t\t\t\t<\/div>\n\t\t\t\t\t<\/div>\n\t\t\t\t<\/div>\n\t\t\t\t<\/div>","protected":false},"excerpt":{"rendered":"<p>advogado especializado em viola\u00e7\u00e3o pena por viola\u00e7\u00e3o viola\u00e7\u00e3o na Holanda diferen\u00e7a entre agress\u00e3o sexual e viola\u00e7\u00e3o crime advogado de plant\u00e3o advogado criminalista em Enschede direito penal em Enschede advogado criminalista<\/p>","protected":false},"author":1,"featured_media":0,"parent":10047,"menu_order":0,"comment_status":"closed","ping_status":"closed","template":"","meta":{"footnotes":""},"class_list":["post-10867","page","type-page","status-publish","hentry"],"_links":{"self":[{"href":"https:\/\/www.derbedrosian.nl\/pt\/wp-json\/wp\/v2\/pages\/10867","targetHints":{"allow":["GET"]}}],"collection":[{"href":"https:\/\/www.derbedrosian.nl\/pt\/wp-json\/wp\/v2\/pages"}],"about":[{"href":"https:\/\/www.derbedrosian.nl\/pt\/wp-json\/wp\/v2\/types\/page"}],"author":[{"embeddable":true,"href":"https:\/\/www.derbedrosian.nl\/pt\/wp-json\/wp\/v2\/users\/1"}],"replies":[{"embeddable":true,"href":"https:\/\/www.derbedrosian.nl\/pt\/wp-json\/wp\/v2\/comments?post=10867"}],"version-history":[{"count":0,"href":"https:\/\/www.derbedrosian.nl\/pt\/wp-json\/wp\/v2\/pages\/10867\/revisions"}],"up":[{"embeddable":true,"href":"https:\/\/www.derbedrosian.nl\/pt\/wp-json\/wp\/v2\/pages\/10047"}],"wp:attachment":[{"href":"https:\/\/www.derbedrosian.nl\/pt\/wp-json\/wp\/v2\/media?parent=10867"}],"curies":[{"name":"wp","href":"https:\/\/api.w.org\/{rel}","templated":true}]}}