{"id":10862,"date":"2023-05-29T10:11:05","date_gmt":"2023-05-29T08:11:05","guid":{"rendered":"https:\/\/derbedrosian.nl\/?page_id=10862"},"modified":"2025-12-21T15:16:44","modified_gmt":"2025-12-21T13:16:44","slug":"direito-penal-de-transito","status":"publish","type":"page","link":"https:\/\/www.derbedrosian.nl\/pt\/rechtsgebieden\/strafrecht\/verkeersstrafrecht\/","title":{"rendered":"Direito penal de tr\u00e2nsito"},"content":{"rendered":"<div data-elementor-type=\"wp-page\" data-elementor-id=\"10862\" class=\"elementor elementor-10862\" data-elementor-post-type=\"page\">\n\t\t\t\t<div class=\"wd-negative-gap elementor-element elementor-element-dd6839b e-flex e-con-boxed e-con e-parent\" data-id=\"dd6839b\" data-element_type=\"container\" data-e-type=\"container\">\n\t\t\t\t\t<div class=\"e-con-inner\">\n\t\t\t\t<div class=\"elementor-element elementor-element-87f91ee elementor-hidden-desktop elementor-hidden-tablet elementor-hidden-mobile elementor-widget elementor-widget-wd_image_or_svg\" data-id=\"87f91ee\" data-element_type=\"widget\" data-e-type=\"widget\" id=\"seo-word\" data-widget_type=\"wd_image_or_svg.default\">\n\t\t\t\t<div class=\"elementor-widget-container\">\n\t\t\t\t\t\n\t\t<div class=\"wd-image text-left\">\n\t\t\t\t\t\t\t\t<img loading=\"lazy\" decoding=\"async\" width=\"1000\" height=\"667\" src=\"https:\/\/www.derbedrosian.nl\/wp-content\/uploads\/rechtsgebied-verkeersstrafrecht.jpg\" class=\"attachment-full size-full\" alt=\"advogado criminalista de tr\u00e2nsito carta de condu\u00e7\u00e3o apreendida condu\u00e7\u00e3o sob o efeito do \u00e1lcool san\u00e7\u00e3o de inibi\u00e7\u00e3o de conduzir\" srcset=\"https:\/\/www.derbedrosian.nl\/wp-content\/uploads\/rechtsgebied-verkeersstrafrecht.jpg 1000w, https:\/\/www.derbedrosian.nl\/wp-content\/uploads\/rechtsgebied-verkeersstrafrecht-400x267.jpg 400w, https:\/\/www.derbedrosian.nl\/wp-content\/uploads\/rechtsgebied-verkeersstrafrecht-768x512.jpg 768w\" sizes=\"auto, (max-width: 1000px) 100vw, 1000px\" title=\"\">\t\t\t\t\t<\/div>\n\n\t\t\t\t\t\t<\/div>\n\t\t\t\t<\/div>\n\t\t\t\t<div class=\"elementor-element elementor-element-4ae918b elementor-hidden-desktop elementor-hidden-tablet elementor-hidden-mobile elementor-widget elementor-widget-heading\" data-id=\"4ae918b\" data-element_type=\"widget\" data-e-type=\"widget\" id=\"seo-word\" data-widget_type=\"heading.default\">\n\t\t\t\t<div class=\"elementor-widget-container\">\n\t\t\t\t\t<h2 class=\"elementor-heading-title elementor-size-default\">advogado direito penal tr\u00e2nsito<\/h2>\t\t\t\t<\/div>\n\t\t\t\t<\/div>\n\t\t\t\t<div class=\"elementor-element elementor-element-59a19b1 elementor-hidden-desktop elementor-hidden-tablet elementor-hidden-mobile elementor-widget elementor-widget-heading\" data-id=\"59a19b1\" data-element_type=\"widget\" data-e-type=\"widget\" id=\"seo-word\" data-widget_type=\"heading.default\">\n\t\t\t\t<div class=\"elementor-widget-container\">\n\t\t\t\t\t<h5 class=\"elementor-heading-title elementor-size-default\">carta de condu\u00e7\u00e3o apreendida<\/h5>\t\t\t\t<\/div>\n\t\t\t\t<\/div>\n\t\t\t\t<div class=\"elementor-element elementor-element-8ed7140 elementor-hidden-desktop elementor-hidden-tablet elementor-hidden-mobile elementor-widget elementor-widget-heading\" data-id=\"8ed7140\" data-element_type=\"widget\" data-e-type=\"widget\" id=\"seo-word\" data-widget_type=\"heading.default\">\n\t\t\t\t<div class=\"elementor-widget-container\">\n\t\t\t\t\t<h5 class=\"elementor-heading-title elementor-size-default\">retirada da carta de condu\u00e7\u00e3o<\/h5>\t\t\t\t<\/div>\n\t\t\t\t<\/div>\n\t\t\t\t<div class=\"elementor-element elementor-element-17b52a4 elementor-hidden-desktop elementor-hidden-tablet elementor-hidden-mobile elementor-widget elementor-widget-heading\" data-id=\"17b52a4\" data-element_type=\"widget\" data-e-type=\"widget\" id=\"seo-word\" data-widget_type=\"heading.default\">\n\t\t\t\t<div class=\"elementor-widget-container\">\n\t\t\t\t\t<h5 class=\"elementor-heading-title elementor-size-default\">condu\u00e7\u00e3o em estado de embriaguez<\/h5>\t\t\t\t<\/div>\n\t\t\t\t<\/div>\n\t\t\t\t<div class=\"elementor-element elementor-element-dcc898f elementor-hidden-desktop elementor-hidden-tablet elementor-hidden-mobile elementor-widget elementor-widget-heading\" data-id=\"dcc898f\" data-element_type=\"widget\" data-e-type=\"widget\" id=\"seo-word\" data-widget_type=\"heading.default\">\n\t\t\t\t<div class=\"elementor-widget-container\">\n\t\t\t\t\t<h5 class=\"elementor-heading-title elementor-size-default\">Carta de condu\u00e7\u00e3o Om-hearing<\/h5>\t\t\t\t<\/div>\n\t\t\t\t<\/div>\n\t\t\t\t<div class=\"elementor-element elementor-element-ed4f99c elementor-hidden-desktop elementor-hidden-tablet elementor-hidden-mobile elementor-widget elementor-widget-heading\" data-id=\"ed4f99c\" data-element_type=\"widget\" data-e-type=\"widget\" id=\"seo-word\" data-widget_type=\"heading.default\">\n\t\t\t\t<div class=\"elementor-widget-container\">\n\t\t\t\t\t<h5 class=\"elementor-heading-title elementor-size-default\">acidentes de via\u00e7\u00e3o les\u00f5es<\/h5>\t\t\t\t<\/div>\n\t\t\t\t<\/div>\n\t\t\t\t<div class=\"elementor-element elementor-element-0010988 elementor-hidden-desktop elementor-hidden-tablet elementor-hidden-mobile elementor-widget elementor-widget-heading\" data-id=\"0010988\" data-element_type=\"widget\" data-e-type=\"widget\" id=\"seo-word\" data-widget_type=\"heading.default\">\n\t\t\t\t<div class=\"elementor-widget-container\">\n\t\t\t\t\t<h5 class=\"elementor-heading-title elementor-size-default\">advogado direito penal overijssel<\/h5>\t\t\t\t<\/div>\n\t\t\t\t<\/div>\n\t\t\t\t<div class=\"elementor-element elementor-element-dda2836 elementor-hidden-desktop elementor-hidden-tablet elementor-hidden-mobile elementor-widget elementor-widget-heading\" data-id=\"dda2836\" data-element_type=\"widget\" data-e-type=\"widget\" id=\"seo-word\" data-widget_type=\"heading.default\">\n\t\t\t\t<div class=\"elementor-widget-container\">\n\t\t\t\t\t<h5 class=\"elementor-heading-title elementor-size-default\">advogado direito penal enschede<\/h5>\t\t\t\t<\/div>\n\t\t\t\t<\/div>\n\t\t\t\t<div class=\"elementor-element elementor-element-7d1c8d1 elementor-hidden-desktop elementor-hidden-tablet elementor-hidden-mobile elementor-widget elementor-widget-heading\" data-id=\"7d1c8d1\" data-element_type=\"widget\" data-e-type=\"widget\" id=\"seo-word\" data-widget_type=\"heading.default\">\n\t\t\t\t<div class=\"elementor-widget-container\">\n\t\t\t\t\t<h5 class=\"elementor-heading-title elementor-size-default\">direito penal enschede<\/h5>\t\t\t\t<\/div>\n\t\t\t\t<\/div>\n\t\t\t\t<div class=\"elementor-element elementor-element-10183f9 elementor-hidden-desktop elementor-hidden-tablet elementor-hidden-mobile elementor-widget elementor-widget-heading\" data-id=\"10183f9\" data-element_type=\"widget\" data-e-type=\"widget\" id=\"seo-word\" data-widget_type=\"heading.default\">\n\t\t\t\t<div class=\"elementor-widget-container\">\n\t\t\t\t\t<h5 class=\"elementor-heading-title elementor-size-default\">advogado criminalista enschede<\/h5>\t\t\t\t<\/div>\n\t\t\t\t<\/div>\n\t\t\t\t<div class=\"elementor-element elementor-element-35a6d00 elementor-hidden-desktop elementor-hidden-tablet elementor-hidden-mobile elementor-widget elementor-widget-heading\" data-id=\"35a6d00\" data-element_type=\"widget\" data-e-type=\"widget\" id=\"seo-word\" data-widget_type=\"heading.default\">\n\t\t\t\t<div class=\"elementor-widget-container\">\n\t\t\t\t\t<h5 class=\"elementor-heading-title elementor-size-default\">conduzir sob o efeito do \u00e1lcool \u00e9 uma infra\u00e7\u00e3o ao direito penal de tr\u00e2nsito<\/h5>\t\t\t\t<\/div>\n\t\t\t\t<\/div>\n\t\t\t\t<div class=\"elementor-element elementor-element-d0e9f17 elementor-hidden-desktop elementor-hidden-tablet elementor-hidden-mobile elementor-widget elementor-widget-heading\" data-id=\"d0e9f17\" data-element_type=\"widget\" data-e-type=\"widget\" id=\"seo-word\" data-widget_type=\"heading.default\">\n\t\t\t\t<div class=\"elementor-widget-container\">\n\t\t\t\t\t<h5 class=\"elementor-heading-title elementor-size-default\">Em Enschede e Overijssel, os advogados criminais da Derbedrosian Criminal Lawyers est\u00e3o ao seu servi\u00e7o. Os nossos advogados em Enschede t\u00eam uma vasta experi\u00eancia em processos penais e s\u00e3o especializados em direito penal de tr\u00e2nsito.\n\nSe a sua carta de condu\u00e7\u00e3o tiver sido revogada ou confiscada em resultado de infrac\u00e7\u00f5es rodovi\u00e1rias, tal pode ter consequ\u00eancias legais significativas para a sua carta de condu\u00e7\u00e3o. Os acidentes de via\u00e7\u00e3o com feridos tamb\u00e9m podem dar origem a processos judiciais complexos.\n\n\u00c9 essencial procurar assist\u00eancia jur\u00eddica em casos que envolvam direito penal de via\u00e7\u00e3o, apreens\u00e3o da carta de condu\u00e7\u00e3o ou acidentes de via\u00e7\u00e3o com feridos. Os nossos advogados em Enschede est\u00e3o aqui para o aconselhar e representar os seus interesses nestas quest\u00f5es legais.\n\nSe estiver localizado em Enschede ou noutro local em Overijssel e precisar de ajuda jur\u00eddica em rela\u00e7\u00e3o ao direito penal de tr\u00e2nsito ou quest\u00f5es relacionadas, contacte Derbedrosian Advogados Criminais para obter assist\u00eancia profissional.\n\n\n\n\n<\/h5>\t\t\t\t<\/div>\n\t\t\t\t<\/div>\n\t\t\t\t<div class=\"elementor-element elementor-element-f9b5e24 color-scheme-inherit text-left elementor-widget elementor-widget-text-editor\" data-id=\"f9b5e24\" data-element_type=\"widget\" data-e-type=\"widget\" data-widget_type=\"text-editor.default\">\n\t\t\t\t<div class=\"elementor-widget-container\">\n\t\t\t\t\t\t\t\t\t<p><strong>Neste artigo, exploramos o direito penal de tr\u00e2nsito nos Pa\u00edses Baixos, que se centra nas infrac\u00e7\u00f5es cometidas na estrada. Os Pa\u00edses Baixos est\u00e3o constantemente em movimento e, infelizmente, isso implica, por vezes, infrac\u00e7\u00f5es rodovi\u00e1rias e acidentes.  Aqui encontrar\u00e1 informa\u00e7\u00f5es valiosas sobre os aspectos mais comuns do direito penal de via\u00e7\u00e3o. Quer se trate de<a href=\"https:\/\/www.derbedrosian.nl\/pt\/jurisdicoes\/direito-penal\/carta-de-conducao-apreendida\/\"> licen\u00e7as confiscadas<\/a>, <a href=\"https:\/\/www.derbedrosian.nl\/pt\/jurisdicoes\/direito-penal\/conducao-em-estado-de-embriaguez\/\">condu\u00e7\u00e3o em estado de embriaguez<\/a>\u00a0Ou simplesmente perdeu a sua carta de condu\u00e7\u00e3o.<\/strong><\/p>\t\t\t\t\t\t\t\t<\/div>\n\t\t\t\t<\/div>\n\t\t\t\t<div class=\"elementor-element elementor-element-7a59892 elementor-widget elementor-widget-spacer\" data-id=\"7a59892\" data-element_type=\"widget\" data-e-type=\"widget\" data-widget_type=\"spacer.default\">\n\t\t\t\t<div class=\"elementor-widget-container\">\n\t\t\t\t\t\t\t<div class=\"elementor-spacer\">\n\t\t\t<div class=\"elementor-spacer-inner\"><\/div>\n\t\t<\/div>\n\t\t\t\t\t\t<\/div>\n\t\t\t\t<\/div>\n\t\t\t\t<div class=\"elementor-element elementor-element-2fa7988 elementor-widget elementor-widget-heading\" data-id=\"2fa7988\" data-element_type=\"widget\" data-e-type=\"widget\" data-widget_type=\"heading.default\">\n\t\t\t\t<div class=\"elementor-widget-container\">\n\t\t\t\t\t<h3 class=\"elementor-heading-title elementor-size-default\">O que \u00e9 o direito penal de tr\u00e2nsito<\/h3>\t\t\t\t<\/div>\n\t\t\t\t<\/div>\n\t\t\t\t<div class=\"elementor-element elementor-element-98fb8f8 color-scheme-inherit text-left elementor-widget elementor-widget-text-editor\" data-id=\"98fb8f8\" data-element_type=\"widget\" data-e-type=\"widget\" data-widget_type=\"text-editor.default\">\n\t\t\t\t<div class=\"elementor-widget-container\">\n\t\t\t\t\t\t\t\t\t<p>O direito penal de tr\u00e2nsito refere-se \u00e0 \u00e1rea do direito que trata das infrac\u00e7\u00f5es cometidas no tr\u00e2nsito, especialmente nas vias p\u00fablicas e nas auto-estradas. Abrange as infrac\u00e7\u00f5es e os crimes relacionados com as regras de tr\u00e2nsito e a utiliza\u00e7\u00e3o de ve\u00edculos.<\/p><p>O que \u00e9 importante saber \u00e9 que o direito penal de tr\u00e2nsito difere do direito civil de tr\u00e2nsito, que se centra na responsabilidade e na indemniza\u00e7\u00e3o das v\u00edtimas de acidentes rodovi\u00e1rios. O objetivo do direito penal de tr\u00e2nsito \u00e9 manter a ordem p\u00fablica e a seguran\u00e7a rodovi\u00e1ria atrav\u00e9s da instaura\u00e7\u00e3o de processos penais por infrac\u00e7\u00f5es e <a href=\"https:\/\/www.derbedrosian.nl\/pt\/jurisdicoes\/direito-penal\/crimes\/\">crimes.<\/a><\/p>\t\t\t\t\t\t\t\t<\/div>\n\t\t\t\t<\/div>\n\t\t\t\t<div class=\"elementor-element elementor-element-e27462b elementor-widget elementor-widget-spacer\" data-id=\"e27462b\" data-element_type=\"widget\" data-e-type=\"widget\" data-widget_type=\"spacer.default\">\n\t\t\t\t<div class=\"elementor-widget-container\">\n\t\t\t\t\t\t\t<div class=\"elementor-spacer\">\n\t\t\t<div class=\"elementor-spacer-inner\"><\/div>\n\t\t<\/div>\n\t\t\t\t\t\t<\/div>\n\t\t\t\t<\/div>\n\t\t\t\t<div class=\"elementor-element elementor-element-2a3ffa3 elementor-widget elementor-widget-heading\" data-id=\"2a3ffa3\" data-element_type=\"widget\" data-e-type=\"widget\" data-widget_type=\"heading.default\">\n\t\t\t\t<div class=\"elementor-widget-container\">\n\t\t\t\t\t<h3 class=\"elementor-heading-title elementor-size-default\">Carta de condu\u00e7\u00e3o recuperada<\/h3>\t\t\t\t<\/div>\n\t\t\t\t<\/div>\n\t\t\t\t<div class=\"elementor-element elementor-element-cb838f2 color-scheme-inherit text-left elementor-widget elementor-widget-text-editor\" data-id=\"cb838f2\" data-element_type=\"widget\" data-e-type=\"widget\" data-widget_type=\"text-editor.default\">\n\t\t\t\t<div class=\"elementor-widget-container\">\n\t\t\t\t\t\t\t\t\t<p>A pol\u00edcia pode decidir apreender a sua carta de condu\u00e7\u00e3o se o seu comportamento representar um risco grave para a seguran\u00e7a rodovi\u00e1ria. A seguir, enumeramos algumas das situa\u00e7\u00f5es em que a sua carta de condu\u00e7\u00e3o pode ser apreendida, entre outras.<\/p><ul><li><strong>Teor de \u00e1lcool:<\/strong> Se a sua taxa de alcool\u00e9mia for superior a 1,3 promille.  Existe um limite inferior de 0,8 promille para os condutores principiantes.<\/li><li><strong>Recusa do baf\u00f3metro e do exame de sangue:<\/strong> Se se recusar a cooperar num teste de alcoolemia, como um teste de baf\u00f3metro ou de sangue.<\/li><li><strong>Condu\u00e7\u00e3o perigosa:<\/strong> Por um comportamento de condu\u00e7\u00e3o perigoso que ponha em perigo a seguran\u00e7a rodovi\u00e1ria.<\/li><li><strong>Viola\u00e7\u00e3o do limite de velocidade:<\/strong> Se conduzir 50 quil\u00f3metros por hora ou mais acima do limite de velocidade aplic\u00e1vel. No caso dos ciclomotores, isto aplica-se a um excesso de velocidade igual ou superior a 30 quil\u00f3metros por hora.<\/li><li><a href=\"https:\/\/www.derbedrosian.nl\/pt\/jurisdicoes\/direito-penal\/crimes\/drogas\/\"><strong>Consumo de drogas:<\/strong> <\/a>Se conduzir sob a influ\u00eancia de drogas e exceder os limites estabelecidos de 50 microgramas de anfetamina, 3 microgramas de can\u00e1bis, 20 microgramas de morfina ou 10 miligramas de GHB.<\/li><\/ul><p>Compreender estas situa\u00e7\u00f5es \u00e9 fundamental para evitar que a sua carta de condu\u00e7\u00e3o seja anulada e para tomar rapidamente as medidas correctas se tal acontecer. <a title=\"escrit\u00f3rio de advogados der bedrosian\" href=\"https:\/\/www.derbedrosian.nl\/pt\/advogados\/\">Os nossos advogados<\/a> especializados em direito penal de tr\u00e2nsito est\u00e3o prontos a prestar-lhe assist\u00eancia jur\u00eddica suplementar.<\/p>\t\t\t\t\t\t\t\t<\/div>\n\t\t\t\t<\/div>\n\t\t\t\t<div class=\"elementor-element elementor-element-3c60cd3 elementor-widget elementor-widget-spacer\" data-id=\"3c60cd3\" data-element_type=\"widget\" data-e-type=\"widget\" data-widget_type=\"spacer.default\">\n\t\t\t\t<div class=\"elementor-widget-container\">\n\t\t\t\t\t\t\t<div class=\"elementor-spacer\">\n\t\t\t<div class=\"elementor-spacer-inner\"><\/div>\n\t\t<\/div>\n\t\t\t\t\t\t<\/div>\n\t\t\t\t<\/div>\n\t\t\t\t<div class=\"elementor-element elementor-element-11c6f26 elementor-widget elementor-widget-heading\" data-id=\"11c6f26\" data-element_type=\"widget\" data-e-type=\"widget\" data-widget_type=\"heading.default\">\n\t\t\t\t<div class=\"elementor-widget-container\">\n\t\t\t\t\t<h3 class=\"elementor-heading-title elementor-size-default\">Perda da carta de condu\u00e7\u00e3o<\/h3>\t\t\t\t<\/div>\n\t\t\t\t<\/div>\n\t\t\t\t<div class=\"elementor-element elementor-element-6838551 color-scheme-inherit text-left elementor-widget elementor-widget-text-editor\" data-id=\"6838551\" data-element_type=\"widget\" data-e-type=\"widget\" data-widget_type=\"text-editor.default\">\n\t\t\t\t<div class=\"elementor-widget-container\">\n\t\t\t\t\t\t\t\t\t<p>Se perdeu a sua carta de condu\u00e7\u00e3o ou se esta foi roubada, deve contactar o munic\u00edpio para obter uma nova carta. N\u00e3o \u00e9 necess\u00e1rio apresentar queixa \u00e0 pol\u00edcia, mas pode demorar alguns dias \u00fateis at\u00e9 receber a nova carta de condu\u00e7\u00e3o.<\/p><p>\u00c9 importante n\u00e3o conduzir sem uma carta de condu\u00e7\u00e3o v\u00e1lida, uma vez que tal implicar\u00e1 multas se a pol\u00edcia o mandar parar.<\/p><ul><li><strong>A carta de condu\u00e7\u00e3o n\u00e3o est\u00e1 consigo:<\/strong> Se tiver uma carta de condu\u00e7\u00e3o mas n\u00e3o a tiver consigo enquanto conduz, arrisca-se a ser multado em 100 euros.<\/li><li><strong>Sem carta de condu\u00e7\u00e3o:<\/strong> A condu\u00e7\u00e3o de um ve\u00edculo sem uma carta de condu\u00e7\u00e3o v\u00e1lida pode dar origem a coimas pesadas e mesmo a pris\u00e3o em caso de reincid\u00eancia.<\/li><\/ul>\t\t\t\t\t\t\t\t<\/div>\n\t\t\t\t<\/div>\n\t\t\t\t<div class=\"elementor-element elementor-element-442d3a1 elementor-widget elementor-widget-spacer\" data-id=\"442d3a1\" data-element_type=\"widget\" data-e-type=\"widget\" data-widget_type=\"spacer.default\">\n\t\t\t\t<div class=\"elementor-widget-container\">\n\t\t\t\t\t\t\t<div class=\"elementor-spacer\">\n\t\t\t<div class=\"elementor-spacer-inner\"><\/div>\n\t\t<\/div>\n\t\t\t\t\t\t<\/div>\n\t\t\t\t<\/div>\n\t\t\t\t<div class=\"elementor-element elementor-element-b038cac elementor-widget elementor-widget-heading\" data-id=\"b038cac\" data-element_type=\"widget\" data-e-type=\"widget\" data-widget_type=\"heading.default\">\n\t\t\t\t<div class=\"elementor-widget-container\">\n\t\t\t\t\t<h3 class=\"elementor-heading-title elementor-size-default\">Acidentes de via\u00e7\u00e3o<\/h3>\t\t\t\t<\/div>\n\t\t\t\t<\/div>\n\t\t\t\t<div class=\"elementor-element elementor-element-71a5165 color-scheme-inherit text-left elementor-widget elementor-widget-text-editor\" data-id=\"71a5165\" data-element_type=\"widget\" data-e-type=\"widget\" data-widget_type=\"text-editor.default\">\n\t\t\t\t<div class=\"elementor-widget-container\">\n\t\t\t\t\t\t\t\t\t<p>Quando ocorre um acidente rodovi\u00e1rio que fere ou mata algu\u00e9m, a pol\u00edcia inicia uma investiga\u00e7\u00e3o criminal para determinar a culpabilidade. Se for chamado a interrogar-se como suspeito, \u00e9 aconselh\u00e1vel procurar os conhecimentos de um advogado especializado em direito penal para proteger os seus direitos legais.<\/p><p>Em casos espec\u00edficos, como colis\u00f5es traseiras, o condutor atr\u00e1s de si pode ser responsabilizado pelos ferimentos. Se sofreu les\u00f5es como o efeito de chicote, tem frequentemente direito a uma indemniza\u00e7\u00e3o.<\/p><p>Um acidente de via\u00e7\u00e3o envolve frequentemente uma colis\u00e3o entre autom\u00f3veis, ciclistas ou pessoas que se deslocam a p\u00e9. Esta situa\u00e7\u00e3o pode ser muito grave para as pessoas envolvidas no acidente. Se algu\u00e9m ficar ferido, \u00e9 aconselh\u00e1vel chamar a pol\u00edcia. Esta ir\u00e1 ent\u00e3o averiguar o que aconteceu exatamente e se houve pessoas que viram o acidente. Para tratar corretamente o acidente, \u00e9 importante contar-lhes o que aconteceu de forma clara.<\/p>\t\t\t\t\t\t\t\t<\/div>\n\t\t\t\t<\/div>\n\t\t\t\t<div class=\"elementor-element elementor-element-1d2cd80 elementor-widget elementor-widget-heading\" data-id=\"1d2cd80\" data-element_type=\"widget\" data-e-type=\"widget\" data-widget_type=\"heading.default\">\n\t\t\t\t<div class=\"elementor-widget-container\">\n\t\t\t\t\t<h3 class=\"elementor-heading-title elementor-size-default\">Carta de condu\u00e7\u00e3o Om-hearing<\/h3>\t\t\t\t<\/div>\n\t\t\t\t<\/div>\n\t\t\t\t<div class=\"elementor-element elementor-element-a74ba2d elementor-widget elementor-widget-spacer\" data-id=\"a74ba2d\" data-element_type=\"widget\" data-e-type=\"widget\" data-widget_type=\"spacer.default\">\n\t\t\t\t<div class=\"elementor-widget-container\">\n\t\t\t\t\t\t\t<div class=\"elementor-spacer\">\n\t\t\t<div class=\"elementor-spacer-inner\"><\/div>\n\t\t<\/div>\n\t\t\t\t\t\t<\/div>\n\t\t\t\t<\/div>\n\t\t\t\t<div class=\"elementor-element elementor-element-4506c69 color-scheme-inherit text-left elementor-widget elementor-widget-text-editor\" data-id=\"4506c69\" data-element_type=\"widget\" data-e-type=\"widget\" data-widget_type=\"text-editor.default\">\n\t\t\t\t<div class=\"elementor-widget-container\">\n\t\t\t\t\t\t\t\t\t<p>Se uma pessoa for considerada culpada de uma infra\u00e7\u00e3o rodovi\u00e1ria grave, pode ser-lhe retirado temporariamente o direito de conduzir um autom\u00f3vel. Esta medida \u00e9 tamb\u00e9m conhecida como \"inibi\u00e7\u00e3o do direito de conduzir\". \u00c9 importante saber que n\u00e3o \u00e9 s\u00f3 o juiz que pode decidir esta medida, mas tamb\u00e9m o Minist\u00e9rio P\u00fablico pode faz\u00ea-lo de forma aut\u00f3noma, sem autoriza\u00e7\u00e3o do juiz. Nesse caso, receber\u00e1 um convite para uma reuni\u00e3o com o Minist\u00e9rio P\u00fablico (OM). \u00c9 muito importante aconselhar-se com um advogado criminalista antes de participar nesta entrevista.<\/p><p>Mesmo que tenha recebido uma carta a informar que tem de comparecer em tribunal, \u00e9 aconselh\u00e1vel contactar um advogado o mais rapidamente poss\u00edvel. Desta forma, o advogado pode investigar se existem circunst\u00e2ncias especiais que possam afetar o seu caso.<\/p>\t\t\t\t\t\t\t\t<\/div>\n\t\t\t\t<\/div>\n\t\t\t\t<div class=\"elementor-element elementor-element-e5f5271 elementor-widget elementor-widget-spacer\" data-id=\"e5f5271\" data-element_type=\"widget\" data-e-type=\"widget\" data-widget_type=\"spacer.default\">\n\t\t\t\t<div class=\"elementor-widget-container\">\n\t\t\t\t\t\t\t<div class=\"elementor-spacer\">\n\t\t\t<div class=\"elementor-spacer-inner\"><\/div>\n\t\t<\/div>\n\t\t\t\t\t\t<\/div>\n\t\t\t\t<\/div>\n\t\t\t\t<div class=\"elementor-element elementor-element-2700f94 elementor-widget elementor-widget-heading\" data-id=\"2700f94\" data-element_type=\"widget\" data-e-type=\"widget\" data-widget_type=\"heading.default\">\n\t\t\t\t<div class=\"elementor-widget-container\">\n\t\t\t\t\t<h3 class=\"elementor-heading-title elementor-size-default\">Advogado criminal de tr\u00e2nsito<\/h3>\t\t\t\t<\/div>\n\t\t\t\t<\/div>\n\t\t\t\t<div class=\"elementor-element elementor-element-1dd257a color-scheme-inherit text-left elementor-widget elementor-widget-text-editor\" data-id=\"1dd257a\" data-element_type=\"widget\" data-e-type=\"widget\" data-widget_type=\"text-editor.default\">\n\t\t\t\t<div class=\"elementor-widget-container\">\n\t\t\t\t\t\t\t\t\t<p>Por conseguinte, recomenda-se que apresente o seu caso a um advogado que o possa ajudar na sua defesa e determinar os passos seguintes. Quer tenha sofrido danos pessoais ou esteja a ter outros problemas jur\u00eddicos, n\u00e3o hesite em entrar em contacto para obter aconselhamento e assist\u00eancia especializados.<\/p><p>O nosso <a href=\"https:\/\/www.derbedrosian.nl\/pt\/advogados\/\">advogados especializados<\/a> do escrit\u00f3rio de advogados Der Bedrosian t\u00eam anos de experi\u00eancia em direito penal e utilizar\u00e3o os seus conhecimentos para obter o melhor resultado para si.m Quando se sentir \u00e0 vontade para nos contactar, os nossos advogados tomar\u00e3o medidas para recuperar a sua carta de condu\u00e7\u00e3o.<\/p>\t\t\t\t\t\t\t\t<\/div>\n\t\t\t\t<\/div>\n\t\t\t\t\t<\/div>\n\t\t\t\t<\/div>\n\t\t\t\t<\/div>","protected":false},"excerpt":{"rendered":"<p>advogado direito penal rodovi\u00e1rio carta de condu\u00e7\u00e3o apreendida habilita\u00e7\u00e3o de condu\u00e7\u00e3o retirada condu\u00e7\u00e3o sob influ\u00eancia de \u00e1lcool Audi\u00eancia de revis\u00e3o habilita\u00e7\u00e3o de condu\u00e7\u00e3o acidentes rodovi\u00e1rios les\u00f5es advogado direito penal Overijssel advogado direito penal<\/p>","protected":false},"author":1,"featured_media":0,"parent":10047,"menu_order":0,"comment_status":"closed","ping_status":"closed","template":"","meta":{"footnotes":""},"class_list":["post-10862","page","type-page","status-publish","hentry"],"_links":{"self":[{"href":"https:\/\/www.derbedrosian.nl\/pt\/wp-json\/wp\/v2\/pages\/10862","targetHints":{"allow":["GET"]}}],"collection":[{"href":"https:\/\/www.derbedrosian.nl\/pt\/wp-json\/wp\/v2\/pages"}],"about":[{"href":"https:\/\/www.derbedrosian.nl\/pt\/wp-json\/wp\/v2\/types\/page"}],"author":[{"embeddable":true,"href":"https:\/\/www.derbedrosian.nl\/pt\/wp-json\/wp\/v2\/users\/1"}],"replies":[{"embeddable":true,"href":"https:\/\/www.derbedrosian.nl\/pt\/wp-json\/wp\/v2\/comments?post=10862"}],"version-history":[{"count":0,"href":"https:\/\/www.derbedrosian.nl\/pt\/wp-json\/wp\/v2\/pages\/10862\/revisions"}],"up":[{"embeddable":true,"href":"https:\/\/www.derbedrosian.nl\/pt\/wp-json\/wp\/v2\/pages\/10047"}],"wp:attachment":[{"href":"https:\/\/www.derbedrosian.nl\/pt\/wp-json\/wp\/v2\/media?parent=10862"}],"curies":[{"name":"wp","href":"https:\/\/api.w.org\/{rel}","templated":true}]}}