{"id":10841,"date":"2023-05-29T10:03:27","date_gmt":"2023-05-29T08:03:27","guid":{"rendered":"https:\/\/derbedrosian.nl\/?page_id=10841"},"modified":"2025-12-20T18:22:19","modified_gmt":"2025-12-20T16:22:19","slug":"perjurio-2","status":"publish","type":"page","link":"https:\/\/www.derbedrosian.nl\/pt\/rechtsgebieden\/strafrecht\/meineed\/","title":{"rendered":"Perj\u00fario"},"content":{"rendered":"<div data-elementor-type=\"wp-page\" data-elementor-id=\"10841\" class=\"elementor elementor-10841\" data-elementor-post-type=\"page\">\n\t\t\t\t<div class=\"wd-negative-gap elementor-element elementor-element-651a0a4 e-flex e-con-boxed e-con e-parent\" data-id=\"651a0a4\" data-element_type=\"container\" data-e-type=\"container\">\n\t\t\t\t\t<div class=\"e-con-inner\">\n\t\t\t\t<div class=\"elementor-element elementor-element-0ca4073 elementor-hidden-desktop elementor-hidden-tablet elementor-hidden-mobile elementor-widget elementor-widget-wd_image_or_svg\" data-id=\"0ca4073\" data-element_type=\"widget\" data-e-type=\"widget\" id=\"seo-word\" data-widget_type=\"wd_image_or_svg.default\">\n\t\t\t\t<div class=\"elementor-widget-container\">\n\t\t\t\t\t\n\t\t<div class=\"wd-image text-left\">\n\t\t\t\t\t\t\t\t<img loading=\"lazy\" decoding=\"async\" width=\"1000\" height=\"700\" src=\"https:\/\/www.derbedrosian.nl\/wp-content\/uploads\/rechtsgebieden-meineed.jpg\" class=\"attachment-full size-full\" alt=\"pena de perj\u00fario cometer artigo direito penal advogado crime\" srcset=\"https:\/\/www.derbedrosian.nl\/wp-content\/uploads\/rechtsgebieden-meineed.jpg 1000w, https:\/\/www.derbedrosian.nl\/wp-content\/uploads\/rechtsgebieden-meineed-400x280.jpg 400w, https:\/\/www.derbedrosian.nl\/wp-content\/uploads\/rechtsgebieden-meineed-768x538.jpg 768w\" sizes=\"auto, (max-width: 1000px) 100vw, 1000px\" title=\"\">\t\t\t\t\t<\/div>\n\n\t\t\t\t\t\t<\/div>\n\t\t\t\t<\/div>\n\t\t\t\t<div class=\"elementor-element elementor-element-7920906 elementor-hidden-desktop elementor-hidden-tablet elementor-hidden-mobile elementor-widget elementor-widget-heading\" data-id=\"7920906\" data-element_type=\"widget\" data-e-type=\"widget\" id=\"seo-word\" data-widget_type=\"heading.default\">\n\t\t\t\t<div class=\"elementor-widget-container\">\n\t\t\t\t\t<h2 class=\"elementor-heading-title elementor-size-default\">o que \u00e9 o perj\u00fario<\/h2>\t\t\t\t<\/div>\n\t\t\t\t<\/div>\n\t\t\t\t<div class=\"elementor-element elementor-element-c709174 elementor-hidden-desktop elementor-hidden-tablet elementor-hidden-mobile elementor-widget elementor-widget-heading\" data-id=\"c709174\" data-element_type=\"widget\" data-e-type=\"widget\" id=\"seo-word\" data-widget_type=\"heading.default\">\n\t\t\t\t<div class=\"elementor-widget-container\">\n\t\t\t\t\t<h5 class=\"elementor-heading-title elementor-size-default\">o perj\u00fario \u00e9 pun\u00edvel<\/h5>\t\t\t\t<\/div>\n\t\t\t\t<\/div>\n\t\t\t\t<div class=\"elementor-element elementor-element-56aea83 elementor-hidden-desktop elementor-hidden-tablet elementor-hidden-mobile elementor-widget elementor-widget-heading\" data-id=\"56aea83\" data-element_type=\"widget\" data-e-type=\"widget\" id=\"seo-word\" data-widget_type=\"heading.default\">\n\t\t\t\t<div class=\"elementor-widget-container\">\n\t\t\t\t\t<h5 class=\"elementor-heading-title elementor-size-default\">Advogado de perj\u00fario<\/h5>\t\t\t\t<\/div>\n\t\t\t\t<\/div>\n\t\t\t\t<div class=\"elementor-element elementor-element-2c2cd33 elementor-hidden-desktop elementor-hidden-tablet elementor-hidden-mobile elementor-widget elementor-widget-heading\" data-id=\"2c2cd33\" data-element_type=\"widget\" data-e-type=\"widget\" id=\"seo-word\" data-widget_type=\"heading.default\">\n\t\t\t\t<div class=\"elementor-widget-container\">\n\t\t\t\t\t<h5 class=\"elementor-heading-title elementor-size-default\">Pena de perj\u00fario<\/h5>\t\t\t\t<\/div>\n\t\t\t\t<\/div>\n\t\t\t\t<div class=\"elementor-element elementor-element-d1dcecf elementor-hidden-desktop elementor-hidden-tablet elementor-hidden-mobile elementor-widget elementor-widget-heading\" data-id=\"d1dcecf\" data-element_type=\"widget\" data-e-type=\"widget\" id=\"seo-word\" data-widget_type=\"heading.default\">\n\t\t\t\t<div class=\"elementor-widget-container\">\n\t\t\t\t\t<h5 class=\"elementor-heading-title elementor-size-default\">perjurar-se a si pr\u00f3prio<\/h5>\t\t\t\t<\/div>\n\t\t\t\t<\/div>\n\t\t\t\t<div class=\"elementor-element elementor-element-f52e98d elementor-hidden-desktop elementor-hidden-tablet elementor-hidden-mobile elementor-widget elementor-widget-heading\" data-id=\"f52e98d\" data-element_type=\"widget\" data-e-type=\"widget\" id=\"seo-word\" data-widget_type=\"heading.default\">\n\t\t\t\t<div class=\"elementor-widget-container\">\n\t\t\t\t\t<h5 class=\"elementor-heading-title elementor-size-default\">provas de perj\u00fario<\/h5>\t\t\t\t<\/div>\n\t\t\t\t<\/div>\n\t\t\t\t<div class=\"elementor-element elementor-element-38364df elementor-hidden-desktop elementor-hidden-tablet elementor-hidden-mobile elementor-widget elementor-widget-heading\" data-id=\"38364df\" data-element_type=\"widget\" data-e-type=\"widget\" id=\"seo-word\" data-widget_type=\"heading.default\">\n\t\t\t\t<div class=\"elementor-widget-container\">\n\t\t\t\t\t<h5 class=\"elementor-heading-title elementor-size-default\">direito de permanecer em sil\u00eancio perj\u00fario<\/h5>\t\t\t\t<\/div>\n\t\t\t\t<\/div>\n\t\t\t\t<div class=\"elementor-element elementor-element-99a5c98 elementor-hidden-desktop elementor-hidden-tablet elementor-hidden-mobile elementor-widget elementor-widget-heading\" data-id=\"99a5c98\" data-element_type=\"widget\" data-e-type=\"widget\" id=\"seo-word\" data-widget_type=\"heading.default\">\n\t\t\t\t<div class=\"elementor-widget-container\">\n\t\t\t\t\t<h5 class=\"elementor-heading-title elementor-size-default\">advogado criminalista enschede<\/h5>\t\t\t\t<\/div>\n\t\t\t\t<\/div>\n\t\t\t\t<div class=\"elementor-element elementor-element-dcac325 elementor-hidden-desktop elementor-hidden-tablet elementor-hidden-mobile elementor-widget elementor-widget-heading\" data-id=\"dcac325\" data-element_type=\"widget\" data-e-type=\"widget\" id=\"seo-word\" data-widget_type=\"heading.default\">\n\t\t\t\t<div class=\"elementor-widget-container\">\n\t\t\t\t\t<h5 class=\"elementor-heading-title elementor-size-default\">advogado direito penal enschede<\/h5>\t\t\t\t<\/div>\n\t\t\t\t<\/div>\n\t\t\t\t<div class=\"elementor-element elementor-element-a0e7b45 elementor-hidden-desktop elementor-hidden-tablet elementor-hidden-mobile elementor-widget elementor-widget-heading\" data-id=\"a0e7b45\" data-element_type=\"widget\" data-e-type=\"widget\" id=\"seo-word\" data-widget_type=\"heading.default\">\n\t\t\t\t<div class=\"elementor-widget-container\">\n\t\t\t\t\t<h5 class=\"elementor-heading-title elementor-size-default\">advogado direito penal overijssel<\/h5>\t\t\t\t<\/div>\n\t\t\t\t<\/div>\n\t\t\t\t<div class=\"elementor-element elementor-element-a9d3254 elementor-hidden-desktop elementor-hidden-tablet elementor-hidden-mobile elementor-widget elementor-widget-heading\" data-id=\"a9d3254\" data-element_type=\"widget\" data-e-type=\"widget\" id=\"seo-word\" data-widget_type=\"heading.default\">\n\t\t\t\t<div class=\"elementor-widget-container\">\n\t\t\t\t\t<h5 class=\"elementor-heading-title elementor-size-default\">cometeu perj\u00fario aconselhamento jur\u00eddico fez deliberadamente uma declara\u00e7\u00e3o falsa que o arguido fez uma declara\u00e7\u00e3o sob juramento<\/h5>\t\t\t\t<\/div>\n\t\t\t\t<\/div>\n\t\t\t\t<div class=\"elementor-element elementor-element-7507472 elementor-hidden-desktop elementor-hidden-tablet elementor-hidden-mobile elementor-widget elementor-widget-heading\" data-id=\"7507472\" data-element_type=\"widget\" data-e-type=\"widget\" id=\"seo-word\" data-widget_type=\"heading.default\">\n\t\t\t\t<div class=\"elementor-widget-container\">\n\t\t\t\t\t<h5 class=\"elementor-heading-title elementor-size-default\">Em Enschede, os advogados criminais da Derbedrosian Criminal Lawyers oferecem-lhe assist\u00eancia jur\u00eddica especializada. Se estiver envolvido num processo judicial em Enschede, \u00e9 aconselh\u00e1vel contratar um advogado experiente, especialmente em mat\u00e9ria penal.\n\nUm aspeto importante dos processos penais \u00e9 o direito de permanecer em sil\u00eancio. O direito ao sil\u00eancio significa que o arguido tem o direito de permanecer em sil\u00eancio e n\u00e3o pode ser for\u00e7ado a fazer uma declara\u00e7\u00e3o que possa ser utilizada contra si. Perj\u00fario, por outro lado, \u00e9 cometer perj\u00fario ao fazer deliberadamente uma declara\u00e7\u00e3o falsa sob juramento. O perj\u00fario \u00e9 pun\u00edvel e pode ter consequ\u00eancias legais graves.\n\nSe precisar de aconselhamento jur\u00eddico relativamente a perj\u00fario ou outras quest\u00f5es criminais, pode confiar nos advogados em Overijssel da Derbedrosian Criminal Lawyers. Os nossos advogados em Enschede ir\u00e3o assisti-lo e fornecer-lhe os conselhos certos para proteger os seus direitos e determinar o melhor curso de a\u00e7\u00e3o para a sua situa\u00e7\u00e3o.<\/h5>\t\t\t\t<\/div>\n\t\t\t\t<\/div>\n\t\t\t\t<div class=\"elementor-element elementor-element-6fe5149 color-scheme-inherit text-left elementor-widget elementor-widget-text-editor\" data-id=\"6fe5149\" data-element_type=\"widget\" data-e-type=\"widget\" data-widget_type=\"text-editor.default\">\n\t\t\t\t<div class=\"elementor-widget-container\">\n\t\t\t\t\t\t\t\t\t<p><strong>O perj\u00fario desempenha um papel muito negativo durante um julgamento criminal. A verdade tem um grande valor em tribunal. \u00c9 ela que define o rumo de um processo penal. Mas o que \u00e9 que acontece quando essa verdade \u00e9 deliberadamente distorcida por algu\u00e9m? Neste artigo, aprofundamos o que se entende exatamente por perj\u00fario, examinamos as san\u00e7\u00f5es na esfera jur\u00eddica e mostramos os danos que pode causar a uma pessoa ou empresa.\u00a0<\/strong><\/p>\t\t\t\t\t\t\t\t<\/div>\n\t\t\t\t<\/div>\n\t\t\t\t<div class=\"elementor-element elementor-element-fed21e1 elementor-widget elementor-widget-spacer\" data-id=\"fed21e1\" data-element_type=\"widget\" data-e-type=\"widget\" data-widget_type=\"spacer.default\">\n\t\t\t\t<div class=\"elementor-widget-container\">\n\t\t\t\t\t\t\t<div class=\"elementor-spacer\">\n\t\t\t<div class=\"elementor-spacer-inner\"><\/div>\n\t\t<\/div>\n\t\t\t\t\t\t<\/div>\n\t\t\t\t<\/div>\n\t\t\t\t<div class=\"elementor-element elementor-element-73254d9 elementor-widget elementor-widget-heading\" data-id=\"73254d9\" data-element_type=\"widget\" data-e-type=\"widget\" data-widget_type=\"heading.default\">\n\t\t\t\t<div class=\"elementor-widget-container\">\n\t\t\t\t\t<h3 class=\"elementor-heading-title elementor-size-default\">\nO que \u00e9 o perj\u00fario?\n<\/h3>\t\t\t\t<\/div>\n\t\t\t\t<\/div>\n\t\t\t\t<div class=\"elementor-element elementor-element-31fccf4 color-scheme-inherit text-left elementor-widget elementor-widget-text-editor\" data-id=\"31fccf4\" data-element_type=\"widget\" data-e-type=\"widget\" data-widget_type=\"text-editor.default\">\n\t\t\t\t<div class=\"elementor-widget-container\">\n\t\t\t\t\t\t\t\t\t<p>O perj\u00fario \u00e9 um <a href=\"https:\/\/www.derbedrosian.nl\/pt\/jurisdicoes\/direito-penal\/crimes\/\">crime<\/a> Quando algu\u00e9m afirma conscientemente falsidades. Apenas as pessoas que fizeram um juramento ou promessa podem ser culpadas de perj\u00fario. Isto pode acontecer, por exemplo, quando dep\u00f5e em tribunal, perante funcion\u00e1rios, agentes da pol\u00edcia ou perante uma comiss\u00e3o de inqu\u00e9rito parlamentar. Cometer perj\u00fario \u00e9 pun\u00edvel com uma pena de pris\u00e3o at\u00e9 nove anos. Se for suspeito de perj\u00fario, \u00e9 aconselh\u00e1vel consultar um advogado criminalista para obter aconselhamento especializado o mais rapidamente poss\u00edvel.<\/p>\t\t\t\t\t\t\t\t<\/div>\n\t\t\t\t<\/div>\n\t\t\t\t<div class=\"elementor-element elementor-element-485e3c9 elementor-widget elementor-widget-spacer\" data-id=\"485e3c9\" data-element_type=\"widget\" data-e-type=\"widget\" data-widget_type=\"spacer.default\">\n\t\t\t\t<div class=\"elementor-widget-container\">\n\t\t\t\t\t\t\t<div class=\"elementor-spacer\">\n\t\t\t<div class=\"elementor-spacer-inner\"><\/div>\n\t\t<\/div>\n\t\t\t\t\t\t<\/div>\n\t\t\t\t<\/div>\n\t\t\t\t<div class=\"elementor-element elementor-element-b8c3d59 elementor-widget elementor-widget-heading\" data-id=\"b8c3d59\" data-element_type=\"widget\" data-e-type=\"widget\" data-widget_type=\"heading.default\">\n\t\t\t\t<div class=\"elementor-widget-container\">\n\t\t\t\t\t<h3 class=\"elementor-heading-title elementor-size-default\">O objetivo de prestar um juramento<\/h3>\t\t\t\t<\/div>\n\t\t\t\t<\/div>\n\t\t\t\t<div class=\"elementor-element elementor-element-9cda2ac color-scheme-inherit text-left elementor-widget elementor-widget-text-editor\" data-id=\"9cda2ac\" data-element_type=\"widget\" data-e-type=\"widget\" data-widget_type=\"text-editor.default\">\n\t\t\t\t<div class=\"elementor-widget-container\">\n\t\t\t\t\t\t\t\t\t<p>Quando as pessoas juram algo, isso significa normalmente que prometem dizer a verdade. Isto significa simplesmente que o \"jurado\" est\u00e1 a mostrar que compreende que tem um lugar especial na sociedade. N\u00e3o \u00e9 permitido porque viola a promessa de ser honesto e complica a procura da verdade em tribunal. Se algu\u00e9m mentir sob juramento, pode causar problemas a todas as pessoas envolvidas num processo judicial.<\/p>\t\t\t\t\t\t\t\t<\/div>\n\t\t\t\t<\/div>\n\t\t\t\t<div class=\"elementor-element elementor-element-2f6d061 elementor-widget elementor-widget-spacer\" data-id=\"2f6d061\" data-element_type=\"widget\" data-e-type=\"widget\" data-widget_type=\"spacer.default\">\n\t\t\t\t<div class=\"elementor-widget-container\">\n\t\t\t\t\t\t\t<div class=\"elementor-spacer\">\n\t\t\t<div class=\"elementor-spacer-inner\"><\/div>\n\t\t<\/div>\n\t\t\t\t\t\t<\/div>\n\t\t\t\t<\/div>\n\t\t\t\t<div class=\"elementor-element elementor-element-063e776 elementor-widget elementor-widget-heading\" data-id=\"063e776\" data-element_type=\"widget\" data-e-type=\"widget\" data-widget_type=\"heading.default\">\n\t\t\t\t<div class=\"elementor-widget-container\">\n\t\t\t\t\t<h3 class=\"elementor-heading-title elementor-size-default\">Perj\u00fario C\u00f3digo Penal<\/h3>\t\t\t\t<\/div>\n\t\t\t\t<\/div>\n\t\t\t\t<div class=\"elementor-element elementor-element-8f78eee color-scheme-inherit text-left elementor-widget elementor-widget-text-editor\" data-id=\"8f78eee\" data-element_type=\"widget\" data-e-type=\"widget\" data-widget_type=\"text-editor.default\">\n\t\t\t\t<div class=\"elementor-widget-container\">\n\t\t\t\t\t\t\t\t\t<p>O perj\u00fario \u00e9 uma infra\u00e7\u00e3o penal grave e est\u00e1 em contradi\u00e7\u00e3o direta com a lei. As disposi\u00e7\u00f5es legais relativas ao perj\u00fario constam dos artigos 207.\u00ba, 207.\u00ba-A e 207.\u00ba-B do C\u00f3digo Penal. Estas sec\u00e7\u00f5es espec\u00edficas da lei explicam o que \u00e9 considerado perj\u00fario e estabelecem a sua punibilidade.<\/p><p>Quando uma pessoa \u00e9 apanhada a cometer perj\u00fario, as consequ\u00eancias legais s\u00e3o graves. Nos termos da lei, uma pessoa considerada culpada de perj\u00fario pode ser condenada a uma pena de pris\u00e3o at\u00e9 seis anos. Al\u00e9m disso, o tribunal pode impor-lhe uma coima da 5.\u00aa categoria, o que significa que a coima pode ser substancial. Esta pena pode ainda ser agravada se o perj\u00fario tiver comprovadamente causado um preju\u00edzo significativo a um processo, a uma pessoa ou ao sistema jur\u00eddico no seu conjunto.<\/p><p>Por conseguinte, \u00e9 da maior import\u00e2ncia manter a honestidade e a veracidade em todos os julgamentos e declara\u00e7\u00f5es para evitar as graves consequ\u00eancias do perj\u00fario.<\/p>\t\t\t\t\t\t\t\t<\/div>\n\t\t\t\t<\/div>\n\t\t\t\t<div class=\"elementor-element elementor-element-bc1c950 elementor-widget elementor-widget-spacer\" data-id=\"bc1c950\" data-element_type=\"widget\" data-e-type=\"widget\" data-widget_type=\"spacer.default\">\n\t\t\t\t<div class=\"elementor-widget-container\">\n\t\t\t\t\t\t\t<div class=\"elementor-spacer\">\n\t\t\t<div class=\"elementor-spacer-inner\"><\/div>\n\t\t<\/div>\n\t\t\t\t\t\t<\/div>\n\t\t\t\t<\/div>\n\t\t\t\t<div class=\"elementor-element elementor-element-c0f6a4c elementor-widget elementor-widget-heading\" data-id=\"c0f6a4c\" data-element_type=\"widget\" data-e-type=\"widget\" data-widget_type=\"heading.default\">\n\t\t\t\t<div class=\"elementor-widget-container\">\n\t\t\t\t\t<h3 class=\"elementor-heading-title elementor-size-default\">Direito ao sil\u00eancio em caso de perj\u00fario<\/h3>\t\t\t\t<\/div>\n\t\t\t\t<\/div>\n\t\t\t\t<div class=\"elementor-element elementor-element-36313f2 color-scheme-inherit text-left elementor-widget elementor-widget-text-editor\" data-id=\"36313f2\" data-element_type=\"widget\" data-e-type=\"widget\" data-widget_type=\"text-editor.default\">\n\t\t\t\t<div class=\"elementor-widget-container\">\n\t\t\t\t\t\t\t\t\t<p>Quando algu\u00e9m \u00e9 acusado de uma infra\u00e7\u00e3o penal, tem o direito de permanecer em sil\u00eancio e n\u00e3o tem de dizer nada que possa ser utilizado contra si.<\/p><p>\u00c9 o chamado direito ao sil\u00eancio, um direito fundamental no sistema jur\u00eddico. Por outro lado, este direito n\u00e3o se aplica \u00e0s testemunhas. As testemunhas s\u00e3o obrigadas a responder \u00e0s perguntas do juiz e devem faz\u00ea-lo com sinceridade e exatid\u00e3o.<\/p><p>Esta diferen\u00e7a de direitos entre arguidos e testemunhas reflecte o delicado equil\u00edbrio entre a prote\u00e7\u00e3o dos direitos individuais e a garantia da verdade do processo judicial.<\/p>\t\t\t\t\t\t\t\t<\/div>\n\t\t\t\t<\/div>\n\t\t\t\t<div class=\"elementor-element elementor-element-ce42919 elementor-widget elementor-widget-spacer\" data-id=\"ce42919\" data-element_type=\"widget\" data-e-type=\"widget\" data-widget_type=\"spacer.default\">\n\t\t\t\t<div class=\"elementor-widget-container\">\n\t\t\t\t\t\t\t<div class=\"elementor-spacer\">\n\t\t\t<div class=\"elementor-spacer-inner\"><\/div>\n\t\t<\/div>\n\t\t\t\t\t\t<\/div>\n\t\t\t\t<\/div>\n\t\t\t\t<div class=\"elementor-element elementor-element-1ebeaa4 elementor-widget elementor-widget-heading\" data-id=\"1ebeaa4\" data-element_type=\"widget\" data-e-type=\"widget\" data-widget_type=\"heading.default\">\n\t\t\t\t<div class=\"elementor-widget-container\">\n\t\t\t\t\t<h3 class=\"elementor-heading-title elementor-size-default\">Advogado suspeita de perj\u00fario<\/h3>\t\t\t\t<\/div>\n\t\t\t\t<\/div>\n\t\t\t\t<div class=\"elementor-element elementor-element-58e1d52 color-scheme-inherit text-left elementor-widget elementor-widget-text-editor\" data-id=\"58e1d52\" data-element_type=\"widget\" data-e-type=\"widget\" data-widget_type=\"text-editor.default\">\n\t\t\t\t<div class=\"elementor-widget-container\">\n\t\t\t\t\t\t\t\t\t<p>Se for um suspeito, tem o direito de permanecer em sil\u00eancio. Mas as testemunhas n\u00e3o t\u00eam esse direito. Deve responder sempre honestamente \u00e0s perguntas do juiz.<\/p><p>Se estiver a ser investigado por perj\u00fario ou precisar de mais ajuda jur\u00eddica, contacte <a href=\"https:\/\/www.derbedrosian.nl\/pt\/advogados\/\">os nossos advogados especializados<\/a>\u00a0com experi\u00eancia no sector<a href=\"https:\/\/www.derbedrosian.nl\/pt\/jurisdicoes\/direito-penal\/\"> direito penal<\/a> pode aconselh\u00e1-lo e ajud\u00e1-lo durante o processo para evitar problemas. Os seus interesses legais s\u00e3o importantes e os nossos advogados est\u00e3o aqui para o ajudar.<\/p>\t\t\t\t\t\t\t\t<\/div>\n\t\t\t\t<\/div>\n\t\t\t\t\t<\/div>\n\t\t\t\t<\/div>\n\t\t\t\t<\/div>","protected":false},"excerpt":{"rendered":"<p>perj\u00fario o que \u00e9 o perj\u00fario \u00e9 pun\u00edvel advogado especializado em perj\u00fario pena por perj\u00fario cometer perj\u00fario provar perj\u00fario direito ao sil\u00eancio advogado criminalista em Enschede advogado criminalista<\/p>","protected":false},"author":1,"featured_media":0,"parent":10047,"menu_order":0,"comment_status":"closed","ping_status":"closed","template":"","meta":{"footnotes":""},"class_list":["post-10841","page","type-page","status-publish","hentry"],"_links":{"self":[{"href":"https:\/\/www.derbedrosian.nl\/pt\/wp-json\/wp\/v2\/pages\/10841","targetHints":{"allow":["GET"]}}],"collection":[{"href":"https:\/\/www.derbedrosian.nl\/pt\/wp-json\/wp\/v2\/pages"}],"about":[{"href":"https:\/\/www.derbedrosian.nl\/pt\/wp-json\/wp\/v2\/types\/page"}],"author":[{"embeddable":true,"href":"https:\/\/www.derbedrosian.nl\/pt\/wp-json\/wp\/v2\/users\/1"}],"replies":[{"embeddable":true,"href":"https:\/\/www.derbedrosian.nl\/pt\/wp-json\/wp\/v2\/comments?post=10841"}],"version-history":[{"count":0,"href":"https:\/\/www.derbedrosian.nl\/pt\/wp-json\/wp\/v2\/pages\/10841\/revisions"}],"up":[{"embeddable":true,"href":"https:\/\/www.derbedrosian.nl\/pt\/wp-json\/wp\/v2\/pages\/10047"}],"wp:attachment":[{"href":"https:\/\/www.derbedrosian.nl\/pt\/wp-json\/wp\/v2\/media?parent=10841"}],"curies":[{"name":"wp","href":"https:\/\/api.w.org\/{rel}","templated":true}]}}