{"id":10821,"date":"2023-05-29T09:56:02","date_gmt":"2023-05-29T07:56:02","guid":{"rendered":"https:\/\/derbedrosian.nl\/?page_id=10821"},"modified":"2025-12-21T16:42:07","modified_gmt":"2025-12-21T14:42:07","slug":"criacao-de-uma-empresa-neerlandesa","status":"publish","type":"page","link":"https:\/\/www.derbedrosian.nl\/pt\/rechtsgebieden\/zakelijke-dienstverlening\/opzetten-van-nederlands-onderneming\/","title":{"rendered":"Constitui\u00e7\u00e3o de uma empresa neerlandesa"},"content":{"rendered":"<div data-elementor-type=\"wp-page\" data-elementor-id=\"10821\" class=\"elementor elementor-10821\" data-elementor-post-type=\"page\">\n\t\t\t\t<div class=\"wd-negative-gap elementor-element elementor-element-f28fca6 e-flex e-con-boxed e-con e-parent\" data-id=\"f28fca6\" data-element_type=\"container\" data-e-type=\"container\">\n\t\t\t\t\t<div class=\"e-con-inner\">\n\t\t\t\t<div class=\"elementor-element elementor-element-a4419ac elementor-hidden-desktop elementor-hidden-tablet elementor-hidden-mobile elementor-widget elementor-widget-wd_image_or_svg\" data-id=\"a4419ac\" data-element_type=\"widget\" data-e-type=\"widget\" id=\"seo-word\" data-widget_type=\"wd_image_or_svg.default\">\n\t\t\t\t<div class=\"elementor-widget-container\">\n\t\t\t\t\t\n\t\t<div class=\"wd-image text-left\">\n\t\t\t\t\t\t\t\t<img loading=\"lazy\" decoding=\"async\" width=\"1000\" height=\"659\" src=\"https:\/\/www.derbedrosian.nl\/wp-content\/uploads\/rechtsgebied-opzetten-van-nederlands-onderneming.jpg\" class=\"attachment-full size-full\" alt=\"Constitui\u00e7\u00e3o de uma empresa neerlandesa advogado servi\u00e7os empresariais bv kvk\" srcset=\"https:\/\/www.derbedrosian.nl\/wp-content\/uploads\/rechtsgebied-opzetten-van-nederlands-onderneming.jpg 1000w, https:\/\/www.derbedrosian.nl\/wp-content\/uploads\/rechtsgebied-opzetten-van-nederlands-onderneming-400x264.jpg 400w, https:\/\/www.derbedrosian.nl\/wp-content\/uploads\/rechtsgebied-opzetten-van-nederlands-onderneming-768x506.jpg 768w\" sizes=\"auto, (max-width: 1000px) 100vw, 1000px\" title=\"\">\t\t\t\t\t<\/div>\n\n\t\t\t\t\t\t<\/div>\n\t\t\t\t<\/div>\n\t\t\t\t<div class=\"elementor-element elementor-element-496c704 elementor-hidden-desktop elementor-hidden-tablet elementor-hidden-mobile elementor-widget elementor-widget-heading\" data-id=\"496c704\" data-element_type=\"widget\" data-e-type=\"widget\" id=\"seo-word\" data-widget_type=\"heading.default\">\n\t\t\t\t<div class=\"elementor-widget-container\">\n\t\t\t\t\t<h2 class=\"elementor-heading-title elementor-size-default\">Roteiro para a cria\u00e7\u00e3o de uma empresa neerlandesa<\/h2>\t\t\t\t<\/div>\n\t\t\t\t<\/div>\n\t\t\t\t<div class=\"elementor-element elementor-element-0fc64c4 elementor-hidden-desktop elementor-hidden-tablet elementor-hidden-mobile elementor-widget elementor-widget-heading\" data-id=\"0fc64c4\" data-element_type=\"widget\" data-e-type=\"widget\" id=\"seo-word\" data-widget_type=\"heading.default\">\n\t\t\t\t<div class=\"elementor-widget-container\">\n\t\t\t\t\t<h5 class=\"elementor-heading-title elementor-size-default\">ajudamo-lo a criar uma empresa<\/h5>\t\t\t\t<\/div>\n\t\t\t\t<\/div>\n\t\t\t\t<div class=\"elementor-element elementor-element-8fa8869 elementor-hidden-desktop elementor-hidden-tablet elementor-hidden-mobile elementor-widget elementor-widget-heading\" data-id=\"8fa8869\" data-element_type=\"widget\" data-e-type=\"widget\" id=\"seo-word\" data-widget_type=\"heading.default\">\n\t\t\t\t<div class=\"elementor-widget-container\">\n\t\t\t\t\t<h5 class=\"elementor-heading-title elementor-size-default\">oportunidades de neg\u00f3cio, mas que formas de empresa<\/h5>\t\t\t\t<\/div>\n\t\t\t\t<\/div>\n\t\t\t\t<div class=\"elementor-element elementor-element-b0749db elementor-hidden-desktop elementor-hidden-tablet elementor-hidden-mobile elementor-widget elementor-widget-heading\" data-id=\"b0749db\" data-element_type=\"widget\" data-e-type=\"widget\" id=\"seo-word\" data-widget_type=\"heading.default\">\n\t\t\t\t<div class=\"elementor-widget-container\">\n\t\t\t\t\t<h5 class=\"elementor-heading-title elementor-size-default\">registar as suas obras na Holanda<\/h5>\t\t\t\t<\/div>\n\t\t\t\t<\/div>\n\t\t\t\t<div class=\"elementor-element elementor-element-37131fc elementor-hidden-desktop elementor-hidden-tablet elementor-hidden-mobile elementor-widget elementor-widget-heading\" data-id=\"37131fc\" data-element_type=\"widget\" data-e-type=\"widget\" id=\"seo-word\" data-widget_type=\"heading.default\">\n\t\t\t\t<div class=\"elementor-widget-container\">\n\t\t\t\t\t<h5 class=\"elementor-heading-title elementor-size-default\">que formul\u00e1rios comerciais existem<\/h5>\t\t\t\t<\/div>\n\t\t\t\t<\/div>\n\t\t\t\t<div class=\"elementor-element elementor-element-ad8e000 elementor-hidden-desktop elementor-hidden-tablet elementor-hidden-mobile elementor-widget elementor-widget-heading\" data-id=\"ad8e000\" data-element_type=\"widget\" data-e-type=\"widget\" id=\"seo-word\" data-widget_type=\"heading.default\">\n\t\t\t\t<div class=\"elementor-widget-container\">\n\t\t\t\t\t<h5 class=\"elementor-heading-title elementor-size-default\">Pa\u00edses Baixos trabalhadores independentes<\/h5>\t\t\t\t<\/div>\n\t\t\t\t<\/div>\n\t\t\t\t<div class=\"elementor-element elementor-element-b88a74a elementor-hidden-desktop elementor-hidden-tablet elementor-hidden-mobile elementor-widget elementor-widget-heading\" data-id=\"b88a74a\" data-element_type=\"widget\" data-e-type=\"widget\" id=\"seo-word\" data-widget_type=\"heading.default\">\n\t\t\t\t<div class=\"elementor-widget-container\">\n\t\t\t\t\t<h5 class=\"elementor-heading-title elementor-size-default\">O que \u00e9 necess\u00e1rio para abrir uma empresa nos Pa\u00edses Baixos?<\/h5>\t\t\t\t<\/div>\n\t\t\t\t<\/div>\n\t\t\t\t<div class=\"elementor-element elementor-element-c7ad9c0 elementor-hidden-desktop elementor-hidden-tablet elementor-hidden-mobile elementor-widget elementor-widget-heading\" data-id=\"c7ad9c0\" data-element_type=\"widget\" data-e-type=\"widget\" id=\"seo-word\" data-widget_type=\"heading.default\">\n\t\t\t\t<div class=\"elementor-widget-container\">\n\t\t\t\t\t<h5 class=\"elementor-heading-title elementor-size-default\">Como \u00e9 que se cria uma empresa nos Pa\u00edses Baixos?<\/h5>\t\t\t\t<\/div>\n\t\t\t\t<\/div>\n\t\t\t\t<div class=\"elementor-element elementor-element-2cd7bde elementor-hidden-desktop elementor-hidden-tablet elementor-hidden-mobile elementor-widget elementor-widget-heading\" data-id=\"2cd7bde\" data-element_type=\"widget\" data-e-type=\"widget\" id=\"seo-word\" data-widget_type=\"heading.default\">\n\t\t\t\t<div class=\"elementor-widget-container\">\n\t\t\t\t\t<h5 class=\"elementor-heading-title elementor-size-default\">advogado de servi\u00e7os empresariais enschede<\/h5>\t\t\t\t<\/div>\n\t\t\t\t<\/div>\n\t\t\t\t<div class=\"elementor-element elementor-element-591cedb elementor-hidden-desktop elementor-hidden-tablet elementor-hidden-mobile elementor-widget elementor-widget-heading\" data-id=\"591cedb\" data-element_type=\"widget\" data-e-type=\"widget\" id=\"seo-word\" data-widget_type=\"heading.default\">\n\t\t\t\t<div class=\"elementor-widget-container\">\n\t\t\t\t\t<h5 class=\"elementor-heading-title elementor-size-default\">servi\u00e7os \u00e0s empresas advogados overijssel<\/h5>\t\t\t\t<\/div>\n\t\t\t\t<\/div>\n\t\t\t\t<div class=\"elementor-element elementor-element-b8d9afa elementor-hidden-desktop elementor-hidden-tablet elementor-hidden-mobile elementor-widget elementor-widget-heading\" data-id=\"b8d9afa\" data-element_type=\"widget\" data-e-type=\"widget\" id=\"seo-word\" data-widget_type=\"heading.default\">\n\t\t\t\t<div class=\"elementor-widget-container\">\n\t\t\t\t\t<h5 class=\"elementor-heading-title elementor-size-default\">advogados de empresas derbedrosian<\/h5>\t\t\t\t<\/div>\n\t\t\t\t<\/div>\n\t\t\t\t<div class=\"elementor-element elementor-element-ba40882 elementor-hidden-desktop elementor-hidden-tablet elementor-hidden-mobile elementor-widget elementor-widget-heading\" data-id=\"ba40882\" data-element_type=\"widget\" data-e-type=\"widget\" id=\"seo-word\" data-widget_type=\"heading.default\">\n\t\t\t\t<div class=\"elementor-widget-container\">\n\t\t\t\t\t<h5 class=\"elementor-heading-title elementor-size-default\">advogados de empresas nos pa\u00edses baixos<\/h5>\t\t\t\t<\/div>\n\t\t\t\t<\/div>\n\t\t\t\t<div class=\"elementor-element elementor-element-bd4f0d9 elementor-hidden-desktop elementor-hidden-tablet elementor-hidden-mobile elementor-widget elementor-widget-heading\" data-id=\"bd4f0d9\" data-element_type=\"widget\" data-e-type=\"widget\" id=\"seo-word\" data-widget_type=\"heading.default\">\n\t\t\t\t<div class=\"elementor-widget-container\">\n\t\t\t\t\t<h5 class=\"elementor-heading-title elementor-size-default\">A cria\u00e7\u00e3o de uma empresa nos Pa\u00edses Baixos \u00e9 um passo importante para os empres\u00e1rios independentes. A Derbedrosian Business Services Lawyers, com sede em Enschede e a operar em Overijssel, compreende os aspectos legais dos servi\u00e7os empresariais e do direito das sociedades nos Pa\u00edses Baixos. Os nossos advogados de direito comercial podem ajud\u00e1-lo em todas as fases da cria\u00e7\u00e3o da sua empresa.\n\nO processo de cria\u00e7\u00e3o de uma empresa nos Pa\u00edses Baixos envolve v\u00e1rias etapas, incluindo a escolha da forma jur\u00eddica correcta, o registo da empresa na C\u00e2mara de Com\u00e9rcio, o cumprimento das obriga\u00e7\u00f5es fiscais e a elabora\u00e7\u00e3o de documentos juridicamente vinculativos. Os nossos advogados t\u00eam a experi\u00eancia necess\u00e1ria para o orientar ao longo deste processo e garantir que os seus interesses comerciais est\u00e3o legalmente protegidos.\n\nComo empres\u00e1rio independente que procura oferecer servi\u00e7os empresariais na Holanda, \u00e9 crucial tomar as medidas legais correctas. Os advogados da Derbedrosian Business Services est\u00e3o aqui para o ajudar a tomar estas medidas e garantir que a sua empresa cumpre todas as leis e regulamentos aplic\u00e1veis.\n\nN\u00e3o hesite em contactar-nos para obter aconselhamento jur\u00eddico especializado e assist\u00eancia na cria\u00e7\u00e3o da sua empresa nos Pa\u00edses Baixos. Estamos empenhados em apoiar os seus objectivos comerciais e em assegurar uma base jur\u00eddica s\u00f3lida para a sua empresa.<\/h5>\t\t\t\t<\/div>\n\t\t\t\t<\/div>\n\t\t\t\t<div class=\"elementor-element elementor-element-c5fb050 elementor-widget elementor-widget-heading\" data-id=\"c5fb050\" data-element_type=\"widget\" data-e-type=\"widget\" data-widget_type=\"heading.default\">\n\t\t\t\t<div class=\"elementor-widget-container\">\n\t\t\t\t\t<h3 class=\"elementor-heading-title elementor-size-default\">Constitui\u00e7\u00e3o de uma empresa neerlandesa<\/h3>\t\t\t\t<\/div>\n\t\t\t\t<\/div>\n\t\t\t\t<div class=\"elementor-element elementor-element-b5568ec color-scheme-inherit text-left elementor-widget elementor-widget-text-editor\" data-id=\"b5568ec\" data-element_type=\"widget\" data-e-type=\"widget\" data-widget_type=\"text-editor.default\">\n\t\t\t\t<div class=\"elementor-widget-container\">\n\t\t\t\t\t\t\t\t\t<p>A cria\u00e7\u00e3o de uma empresa holandesa \u00e9 algo que muitas pessoas consideram excitante. Exige um planeamento e uma prepara\u00e7\u00e3o cuidadosos. Quer seja um empres\u00e1rio experiente ou esteja a entrar no mundo dos neg\u00f3cios pela primeira vez, compreender as etapas e considera\u00e7\u00f5es envolvidas na cria\u00e7\u00e3o de uma empresa neerlandesa \u00e9 crucial para o seu sucesso. De seguida, descrevemos os passos e considera\u00e7\u00f5es essenciais a seguir ao iniciar o seu pr\u00f3prio neg\u00f3cio:<\/p><ul><li><strong>Elabora\u00e7\u00e3o do plano de neg\u00f3cios:<\/strong> Um plano de neg\u00f3cios \u00e9 a espinha dorsal da sua empresa e serve de guia para as suas opera\u00e7\u00f5es. \u00c9 um documento que detalha os seus objectivos empresariais, estrat\u00e9gias e projec\u00e7\u00f5es financeiras. Dedique algum tempo a definir claramente a sua vis\u00e3o e miss\u00e3o.<\/li><li><strong>Realiza\u00e7\u00e3o de estudos de mercado:<\/strong> Realize estudos de mercado exaustivos para compreender o seu mercado-alvo e definir a sua estrat\u00e9gia empresarial. Isto inclui a an\u00e1lise da concorr\u00eancia, das tend\u00eancias do mercado e das oportunidades. Identifique o seu ponto de venda \u00fanico (USP) para se diferenciar dos outros.<\/li><li><strong>Elabora\u00e7\u00e3o de planos financeiros:<\/strong> A prepara\u00e7\u00e3o de um plano financeiro pormenorizado \u00e9 essencial para avaliar a viabilidade da sua empresa. Inclui a or\u00e7amenta\u00e7\u00e3o, a an\u00e1lise de investimentos e as projec\u00e7\u00f5es de fluxos de caixa. Permite-lhe definir os seus objectivos financeiros de forma realista.<\/li><li><strong>Nome da empresa Selecionar:<\/strong> selecionar um nome de empresa \u00fanico e adequado que cumpra os requisitos legais e corresponda \u00e0 identidade da sua marca. Verifique se o nome escolhido est\u00e1 dispon\u00edvel e registe-o, se necess\u00e1rio.<\/li><li><strong>Escolha da forma jur\u00eddica:<\/strong> Determine qual a forma jur\u00eddica que melhor se adequa \u00e0 sua empresa, como, por exemplo, comerciante em nome individual, sociedade em nome coletivo (VOF), sociedade por quotas (BV) ou sociedade an\u00f3nima (NV). A escolha afectar\u00e1 as suas obriga\u00e7\u00f5es legais e fiscais.<\/li><li><strong>Manuten\u00e7\u00e3o e conserva\u00e7\u00e3o de registos:<\/strong> Mantenha registos financeiros exactos de acordo com os requisitos legais. Certifique-se de que conserva os registos financeiros e a documenta\u00e7\u00e3o, como facturas, recibos e extractos banc\u00e1rios.<\/li><li><strong>Termos e condi\u00e7\u00f5es e acordos de seguro:<\/strong> Estabele\u00e7a termos e condi\u00e7\u00f5es claros para se proteger a si e aos seus clientes. Considere tamb\u00e9m os seguros necess\u00e1rios, como o seguro de responsabilidade civil, para reduzir os riscos.<\/li><li><strong>Cumprir os requisitos legais:<\/strong> Pesquise e compreenda os requisitos legais espec\u00edficos e as autoriza\u00e7\u00f5es aplic\u00e1veis ao seu sector. O cumprimento destes requisitos \u00e9 crucial para evitar problemas legais e manter a sua empresa a funcionar legalmente.<\/li><\/ul><p>O aconselhamento e a orienta\u00e7\u00e3o profissionais durante todo este processo podem ajud\u00e1-lo a cumprir todos os aspectos jur\u00eddicos, financeiros e operacionais. Come\u00e7ar o seu pr\u00f3prio neg\u00f3cio oferece oportunidades, mas tamb\u00e9m requer uma prepara\u00e7\u00e3o minuciosa e dedica\u00e7\u00e3o para ser bem sucedido.<\/p>\t\t\t\t\t\t\t\t<\/div>\n\t\t\t\t<\/div>\n\t\t\t\t<div class=\"elementor-element elementor-element-613559a elementor-widget elementor-widget-spacer\" data-id=\"613559a\" data-element_type=\"widget\" data-e-type=\"widget\" data-widget_type=\"spacer.default\">\n\t\t\t\t<div class=\"elementor-widget-container\">\n\t\t\t\t\t\t\t<div class=\"elementor-spacer\">\n\t\t\t<div class=\"elementor-spacer-inner\"><\/div>\n\t\t<\/div>\n\t\t\t\t\t\t<\/div>\n\t\t\t\t<\/div>\n\t\t\t\t<div class=\"elementor-element elementor-element-6bf7b6e elementor-widget elementor-widget-heading\" data-id=\"6bf7b6e\" data-element_type=\"widget\" data-e-type=\"widget\" data-widget_type=\"heading.default\">\n\t\t\t\t<div class=\"elementor-widget-container\">\n\t\t\t\t\t<h3 class=\"elementor-heading-title elementor-size-default\">Criar uma empresa neerlandesa como estrangeiro?<\/h3>\t\t\t\t<\/div>\n\t\t\t\t<\/div>\n\t\t\t\t<div class=\"elementor-element elementor-element-589efc1 color-scheme-inherit text-left elementor-widget elementor-widget-text-editor\" data-id=\"589efc1\" data-element_type=\"widget\" data-e-type=\"widget\" data-widget_type=\"text-editor.default\">\n\t\t\t\t<div class=\"elementor-widget-container\">\n\t\t\t\t\t\t\t\t\t<p>Os estrangeiros podem trabalhar por conta pr\u00f3pria nos Pa\u00edses Baixos, desde que estejam preenchidas determinadas condi\u00e7\u00f5es. Estas condi\u00e7\u00f5es destinam-se a garantir que o seu trabalho contribua de forma positiva para a economia neerlandesa. Se \u00e9 um empres\u00e1rio independente, pode candidatar-se ao <a href=\"https:\/\/www.derbedrosian.nl\/pt\/jurisdicoes\/lei-da-imigracao\/autorizacao-de-residencia-trabalhador-independente\/\">Autoriza\u00e7\u00e3o de resid\u00eancia \"por conta pr\u00f3pria<\/a> aplica\u00e7\u00f5es. As principais condi\u00e7\u00f5es s\u00e3o as seguintes:<\/p><ul><li><strong>Termos e condi\u00e7\u00f5es:<\/strong> deve preencher as condi\u00e7\u00f5es gerais aplic\u00e1veis a todos os requerentes de uma autoriza\u00e7\u00e3o de resid\u00eancia nos Pa\u00edses Baixos. Estas condi\u00e7\u00f5es incluem aspectos como a sua identidade, estado de sa\u00fade e antecedentes criminais.<\/li><li><strong>Import\u00e2ncia essencial para a economia neerlandesa:<\/strong>\u00a0o seu trabalho deve ter um impacto substancial na economia neerlandesa. Este impacto pode incluir, por exemplo, a cria\u00e7\u00e3o de emprego, a atra\u00e7\u00e3o de investimento ou o fornecimento de servi\u00e7os ou produtos inovadores.<\/li><li><strong>Registo na C\u00e2mara de Com\u00e9rcio:<\/strong>\u00a0deve estar inscrito no registo comercial da C\u00e2mara de Com\u00e9rcio. Este registo \u00e9 importante para reconhecer formalmente a sua empresa.<\/li><li><strong>Cumprimento dos requisitos de rendimento:<\/strong>\u00a0deve satisfazer requisitos espec\u00edficos em mat\u00e9ria de rendimentos que podem ser demonstrados no seu plano de actividades. O plano de neg\u00f3cios deve clarificar as suas perspectivas financeiras e a forma como vai ganhar a vida.<\/li><\/ul><p>A consulta de aconselhamento jur\u00eddico pode ajud\u00e1-lo a garantir que cumpre todos os requisitos e que pode levar a cabo com \u00eaxito os seus planos empresariais. O esp\u00edrito empresarial pode n\u00e3o s\u00f3 afetar o seu pr\u00f3prio futuro, mas tamb\u00e9m contribuir para o crescimento e o desenvolvimento da economia neerlandesa.<\/p>\t\t\t\t\t\t\t\t<\/div>\n\t\t\t\t<\/div>\n\t\t\t\t<div class=\"elementor-element elementor-element-341ac2e elementor-widget elementor-widget-spacer\" data-id=\"341ac2e\" data-element_type=\"widget\" data-e-type=\"widget\" data-widget_type=\"spacer.default\">\n\t\t\t\t<div class=\"elementor-widget-container\">\n\t\t\t\t\t\t\t<div class=\"elementor-spacer\">\n\t\t\t<div class=\"elementor-spacer-inner\"><\/div>\n\t\t<\/div>\n\t\t\t\t\t\t<\/div>\n\t\t\t\t<\/div>\n\t\t\t\t<div class=\"elementor-element elementor-element-38925a8 elementor-widget elementor-widget-heading\" data-id=\"38925a8\" data-element_type=\"widget\" data-e-type=\"widget\" data-widget_type=\"heading.default\">\n\t\t\t\t<div class=\"elementor-widget-container\">\n\t\t\t\t\t<h3 class=\"elementor-heading-title elementor-size-default\">Quais s\u00e3o os custos para criar uma empresa pr\u00f3pria nos Pa\u00edses Baixos?<\/h3>\t\t\t\t<\/div>\n\t\t\t\t<\/div>\n\t\t\t\t<div class=\"elementor-element elementor-element-c45c0ca color-scheme-inherit text-left elementor-widget elementor-widget-text-editor\" data-id=\"c45c0ca\" data-element_type=\"widget\" data-e-type=\"widget\" data-widget_type=\"text-editor.default\">\n\t\t\t\t<div class=\"elementor-widget-container\">\n\t\t\t\t\t\t\t\t\t<p>Come\u00e7ar a sua pr\u00f3pria empresa implica, naturalmente, custos. Mas com que despesas pode contar? Abaixo, listamos os custos mais importantes para si:<\/p><ul><li><strong>C\u00e2mara de Com\u00e9rcio (CoC):<\/strong>\u00a0\u00c9 cobrada uma taxa \u00fanica de 75 euros para registar a sua empresa na C\u00e2mara de Com\u00e9rcio.<\/li><li><strong>Despesas de not\u00e1rio:<\/strong>\u00a0Um not\u00e1rio prepara um ato constitutivo para a sua empresa. Os custos variam em fun\u00e7\u00e3o da complexidade da escritura e das suas necessidades espec\u00edficas.<\/li><li><strong>Despesas de escrit\u00f3rio:<\/strong>\u00a0O montante destes custos depende do espa\u00e7o que utiliza como escrit\u00f3rio. Este pode variar entre um simples escrit\u00f3rio em casa e o aluguer de um espa\u00e7o comercial.<\/li><li><strong>Encargos de escritura\u00e7\u00e3o ou contabilidade:<\/strong>\u00a0O montante destes custos \u00e9 determinado pela medida em que a contabilidade \u00e9 efectuada pelo pr\u00f3prio empres\u00e1rio e pela medida em que as tarefas s\u00e3o subcontratadas a um contabilista ou a um guarda-livros. Os custos variam em fun\u00e7\u00e3o da complexidade dos seus registos financeiros e das necessidades da sua empresa.<\/li><\/ul><p>\u00c9 aconselh\u00e1vel consultar um consultor financeiro ou um contabilista para o ajudar a analisar e gerir estes custos, para que possa criar a sua empresa com confian\u00e7a.<\/p>\t\t\t\t\t\t\t\t<\/div>\n\t\t\t\t<\/div>\n\t\t\t\t<div class=\"elementor-element elementor-element-0d475e6 elementor-widget elementor-widget-spacer\" data-id=\"0d475e6\" data-element_type=\"widget\" data-e-type=\"widget\" data-widget_type=\"spacer.default\">\n\t\t\t\t<div class=\"elementor-widget-container\">\n\t\t\t\t\t\t\t<div class=\"elementor-spacer\">\n\t\t\t<div class=\"elementor-spacer-inner\"><\/div>\n\t\t<\/div>\n\t\t\t\t\t\t<\/div>\n\t\t\t\t<\/div>\n\t\t\t\t<div class=\"elementor-element elementor-element-4e2298a elementor-widget elementor-widget-heading\" data-id=\"4e2298a\" data-element_type=\"widget\" data-e-type=\"widget\" data-widget_type=\"heading.default\">\n\t\t\t\t<div class=\"elementor-widget-container\">\n\t\t\t\t\t<h3 class=\"elementor-heading-title elementor-size-default\">Servi\u00e7os jur\u00eddicos para empresas<\/h3>\t\t\t\t<\/div>\n\t\t\t\t<\/div>\n\t\t\t\t<div class=\"elementor-element elementor-element-d75dd0e color-scheme-inherit text-left elementor-widget elementor-widget-text-editor\" data-id=\"d75dd0e\" data-element_type=\"widget\" data-e-type=\"widget\" data-widget_type=\"text-editor.default\">\n\t\t\t\t<div class=\"elementor-widget-container\">\n\t\t\t\t\t\t\t\t\t<p>Se criar e gerir uma empresa nos Pa\u00edses Baixos, pode deparar-se com todo o tipo de desafios e quest\u00f5es jur\u00eddicas. Quer se trate de quest\u00f5es relacionadas com os seus empregados, contratos ou problemas internos da empresa, \u00e9 importante ter acesso a aconselhamento jur\u00eddico em que possa confiar.<\/p><p>Caracter\u00edsticas do escrit\u00f3rio de advogados Der Bedrosian <a href=\"https:\/\/www.derbedrosian.nl\/pt\/advogados\/\">advogados dedicados<\/a> t\u00eam uma vasta experi\u00eancia em <a href=\"https:\/\/www.derbedrosian.nl\/pt\/jurisdicoes\/servicos-profissionais\/\">servi\u00e7os profissionais<\/a> e estamos prontos para o ajudar a encontrar solu\u00e7\u00f5es para os seus desafios empresariais. Quer esteja a come\u00e7ar o seu neg\u00f3cio ou j\u00e1 seja um ator estabelecido, estamos aqui para o servir.<\/p><p>Por isso, n\u00e3o hesite em contactar-nos para obter aconselhamento jur\u00eddico profissional especialmente adaptado \u00e0 sua situa\u00e7\u00e3o pessoal.<\/p>\t\t\t\t\t\t\t\t<\/div>\n\t\t\t\t<\/div>\n\t\t\t\t\t<\/div>\n\t\t\t\t<\/div>\n\t\t\t\t<\/div>","protected":false},"excerpt":{"rendered":"<p>stappenplan opzetten van Nederlands onderneming wij helpen u op weg met het opzetten van een bedrijf zakelijke kansen maar welke<\/p>","protected":false},"author":1,"featured_media":0,"parent":10818,"menu_order":0,"comment_status":"closed","ping_status":"closed","template":"","meta":{"footnotes":""},"class_list":["post-10821","page","type-page","status-publish","hentry"],"_links":{"self":[{"href":"https:\/\/www.derbedrosian.nl\/pt\/wp-json\/wp\/v2\/pages\/10821","targetHints":{"allow":["GET"]}}],"collection":[{"href":"https:\/\/www.derbedrosian.nl\/pt\/wp-json\/wp\/v2\/pages"}],"about":[{"href":"https:\/\/www.derbedrosian.nl\/pt\/wp-json\/wp\/v2\/types\/page"}],"author":[{"embeddable":true,"href":"https:\/\/www.derbedrosian.nl\/pt\/wp-json\/wp\/v2\/users\/1"}],"replies":[{"embeddable":true,"href":"https:\/\/www.derbedrosian.nl\/pt\/wp-json\/wp\/v2\/comments?post=10821"}],"version-history":[{"count":0,"href":"https:\/\/www.derbedrosian.nl\/pt\/wp-json\/wp\/v2\/pages\/10821\/revisions"}],"up":[{"embeddable":true,"href":"https:\/\/www.derbedrosian.nl\/pt\/wp-json\/wp\/v2\/pages\/10818"}],"wp:attachment":[{"href":"https:\/\/www.derbedrosian.nl\/pt\/wp-json\/wp\/v2\/media?parent=10821"}],"curies":[{"name":"wp","href":"https:\/\/api.w.org\/{rel}","templated":true}]}}