{"id":10818,"date":"2023-05-29T09:54:27","date_gmt":"2023-05-29T07:54:27","guid":{"rendered":"https:\/\/derbedrosian.nl\/?page_id=10818"},"modified":"2025-12-21T16:41:40","modified_gmt":"2025-12-21T14:41:40","slug":"servicos-profissionais","status":"publish","type":"page","link":"https:\/\/www.derbedrosian.nl\/pt\/rechtsgebieden\/zakelijke-dienstverlening\/","title":{"rendered":"Servi\u00e7os \u00e0s empresas"},"content":{"rendered":"<div data-elementor-type=\"wp-page\" data-elementor-id=\"10818\" class=\"elementor elementor-10818\" data-elementor-post-type=\"page\">\n\t\t\t\t<div class=\"wd-negative-gap elementor-element elementor-element-b896e5b e-flex e-con-boxed e-con e-parent\" data-id=\"b896e5b\" data-element_type=\"container\" data-e-type=\"container\">\n\t\t\t\t\t<div class=\"e-con-inner\">\n\t\t\t\t<div class=\"elementor-element elementor-element-aeca049 elementor-hidden-desktop elementor-hidden-tablet elementor-hidden-mobile elementor-widget elementor-widget-wd_image_or_svg\" data-id=\"aeca049\" data-element_type=\"widget\" data-e-type=\"widget\" id=\"seo-word\" data-widget_type=\"wd_image_or_svg.default\">\n\t\t\t\t<div class=\"elementor-widget-container\">\n\t\t\t\t\t\n\t\t<div class=\"wd-image text-left\">\n\t\t\t\t\t\t\t\t<img loading=\"lazy\" decoding=\"async\" width=\"1000\" height=\"693\" src=\"https:\/\/www.derbedrosian.nl\/wp-content\/uploads\/rechtsgebied-zakelijke-dienstverlening-1.jpg\" class=\"attachment-full size-full\" alt=\"servi\u00e7os \u00e0s empresas Advogado neerland\u00eas de empresas\" srcset=\"https:\/\/www.derbedrosian.nl\/wp-content\/uploads\/rechtsgebied-zakelijke-dienstverlening-1.jpg 1000w, https:\/\/www.derbedrosian.nl\/wp-content\/uploads\/rechtsgebied-zakelijke-dienstverlening-1-400x277.jpg 400w, https:\/\/www.derbedrosian.nl\/wp-content\/uploads\/rechtsgebied-zakelijke-dienstverlening-1-768x532.jpg 768w\" sizes=\"auto, (max-width: 1000px) 100vw, 1000px\" title=\"\">\t\t\t\t\t<\/div>\n\n\t\t\t\t\t\t<\/div>\n\t\t\t\t<\/div>\n\t\t\t\t<div class=\"elementor-element elementor-element-c93c909 elementor-hidden-desktop elementor-hidden-tablet elementor-hidden-mobile elementor-widget elementor-widget-heading\" data-id=\"c93c909\" data-element_type=\"widget\" data-e-type=\"widget\" id=\"seo-word\" data-widget_type=\"heading.default\">\n\t\t\t\t<div class=\"elementor-widget-container\">\n\t\t\t\t\t<h2 class=\"elementor-heading-title elementor-size-default\">Servi\u00e7os \u00e0s empresas advogados enschede<\/h2>\t\t\t\t<\/div>\n\t\t\t\t<\/div>\n\t\t\t\t<div class=\"elementor-element elementor-element-5f96024 elementor-hidden-desktop elementor-hidden-tablet elementor-hidden-mobile elementor-widget elementor-widget-heading\" data-id=\"5f96024\" data-element_type=\"widget\" data-e-type=\"widget\" id=\"seo-word\" data-widget_type=\"heading.default\">\n\t\t\t\t<div class=\"elementor-widget-container\">\n\t\t\t\t\t<h5 class=\"elementor-heading-title elementor-size-default\">escrit\u00f3rio de advogados derbedrosian<\/h5>\t\t\t\t<\/div>\n\t\t\t\t<\/div>\n\t\t\t\t<div class=\"elementor-element elementor-element-60f926c elementor-hidden-desktop elementor-hidden-tablet elementor-hidden-mobile elementor-widget elementor-widget-heading\" data-id=\"60f926c\" data-element_type=\"widget\" data-e-type=\"widget\" id=\"seo-word\" data-widget_type=\"heading.default\">\n\t\t\t\t<div class=\"elementor-widget-container\">\n\t\t\t\t\t<h5 class=\"elementor-heading-title elementor-size-default\">cria\u00e7\u00e3o de servi\u00e7os neerlandeses<\/h5>\t\t\t\t<\/div>\n\t\t\t\t<\/div>\n\t\t\t\t<div class=\"elementor-element elementor-element-b81c149 elementor-hidden-desktop elementor-hidden-tablet elementor-hidden-mobile elementor-widget elementor-widget-heading\" data-id=\"b81c149\" data-element_type=\"widget\" data-e-type=\"widget\" id=\"seo-word\" data-widget_type=\"heading.default\">\n\t\t\t\t<div class=\"elementor-widget-container\">\n\t\t\t\t\t<h5 class=\"elementor-heading-title elementor-size-default\">advogados de empresas em overijssel <\/h5>\t\t\t\t<\/div>\n\t\t\t\t<\/div>\n\t\t\t\t<div class=\"elementor-element elementor-element-2227d60 elementor-hidden-desktop elementor-hidden-tablet elementor-hidden-mobile elementor-widget elementor-widget-heading\" data-id=\"2227d60\" data-element_type=\"widget\" data-e-type=\"widget\" id=\"seo-word\" data-widget_type=\"heading.default\">\n\t\t\t\t<div class=\"elementor-widget-container\">\n\t\t\t\t\t<h5 class=\"elementor-heading-title elementor-size-default\">advogados de empresas em enschede<\/h5>\t\t\t\t<\/div>\n\t\t\t\t<\/div>\n\t\t\t\t<div class=\"elementor-element elementor-element-0cf22b8 elementor-hidden-desktop elementor-hidden-tablet elementor-hidden-mobile elementor-widget elementor-widget-heading\" data-id=\"0cf22b8\" data-element_type=\"widget\" data-e-type=\"widget\" id=\"seo-word\" data-widget_type=\"heading.default\">\n\t\t\t\t<div class=\"elementor-widget-container\">\n\t\t\t\t\t<h2 class=\"elementor-heading-title elementor-size-default\">oportunidade de emprego seguros servi\u00e7os empresariais seguros outros servi\u00e7os empresariais melhores prestadores de servi\u00e7os empresariais nos pa\u00edses baixos o sector<\/h2>\t\t\t\t<\/div>\n\t\t\t\t<\/div>\n\t\t\t\t<div class=\"elementor-element elementor-element-82eed0f elementor-hidden-desktop elementor-hidden-tablet elementor-hidden-mobile elementor-widget elementor-widget-heading\" data-id=\"82eed0f\" data-element_type=\"widget\" data-e-type=\"widget\" id=\"seo-word\" data-widget_type=\"heading.default\">\n\t\t\t\t<div class=\"elementor-widget-container\">\n\t\t\t\t\t<h5 class=\"elementor-heading-title elementor-size-default\">A Derbedrosian Business Services Lawyers, com sede em Enschede e a operar na regi\u00e3o de Overijssel, oferece aconselhamento jur\u00eddico especializado e representa\u00e7\u00e3o em servi\u00e7os empresariais e direito das sociedades. Os nossos experientes advogados de neg\u00f3cios compreendem os complexos aspectos legais da cria\u00e7\u00e3o de servi\u00e7os holandeses e est\u00e3o prontos para ajudar as empresas nas suas necessidades legais.\n\nA cria\u00e7\u00e3o de servi\u00e7os empresariais nos Pa\u00edses Baixos exige um planeamento jur\u00eddico cuidadoso e o cumprimento das leis e regulamentos aplic\u00e1veis. Os nossos advogados est\u00e3o bem familiarizados com estas quest\u00f5es e podem orient\u00e1-lo na cria\u00e7\u00e3o dos seus servi\u00e7os, protegendo os seus interesses e direitos.\n\nQuer seja uma empresa nacional ou internacional envolvida em servi\u00e7os empresariais ou necessite de assist\u00eancia na cria\u00e7\u00e3o de um novo servi\u00e7o nos Pa\u00edses Baixos, os advogados da Derbedrosian Business Services est\u00e3o \u00e0 sua disposi\u00e7\u00e3o. N\u00e3o hesite em contactar-nos para obter aconselhamento jur\u00eddico profissional e assist\u00eancia personalizada. Estamos aqui para cuidar dos seus interesses comerciais e ajud\u00e1-lo a estabelecer os seus servi\u00e7os nos Pa\u00edses Baixos.<\/h5>\t\t\t\t<\/div>\n\t\t\t\t<\/div>\n\t\t\t\t<div class=\"elementor-element elementor-element-55deef1 elementor-hidden-desktop elementor-hidden-tablet elementor-hidden-mobile color-scheme-inherit text-left elementor-widget elementor-widget-text-editor\" data-id=\"55deef1\" data-element_type=\"widget\" data-e-type=\"widget\" id=\"seo-word\" data-widget_type=\"text-editor.default\">\n\t\t\t\t<div class=\"elementor-widget-container\">\n\t\t\t\t\t\t\t\t\t<p>No din\u00e2mico e exigente mundo dos neg\u00f3cios, os desafios legais s\u00e3o inevit\u00e1veis. Os advogados neerlandeses especializados em direito das sociedades desempenham um papel crucial como seus parceiros jur\u00eddicos, ajudando-o a enfrentar esses desafios e a proteger e desenvolver a sua atividade.<\/p><p><em>Conhecimentos jur\u00eddicos para empresas<\/em><\/p><p>Os advogados neerlandeses especializados em direito das sociedades compreendem as necessidades jur\u00eddicas espec\u00edficas das empresas e oferecem uma vasta gama de servi\u00e7os jur\u00eddicos para responder a essas necessidades. Quer se trate de uma empresa em fase de arranque, de uma empresa de m\u00e9dia dimens\u00e3o ou da gest\u00e3o de uma grande empresa, estes advogados t\u00eam a experi\u00eancia necess\u00e1ria para o apoiar.<\/p>\t\t\t\t\t\t\t\t<\/div>\n\t\t\t\t<\/div>\n\t\t\t\t<div class=\"elementor-element elementor-element-ea8151d color-scheme-inherit text-left elementor-widget elementor-widget-text-editor\" data-id=\"ea8151d\" data-element_type=\"widget\" data-e-type=\"widget\" data-widget_type=\"text-editor.default\">\n\t\t\t\t<div class=\"elementor-widget-container\">\n\t\t\t\t\t\t\t\t\t<p><strong>Der Bedrosian pode atuar como Leading Lawyer, fazendo a ponte entre os clientes e peritos especializados em v\u00e1rios dom\u00ednios. Devido \u00e0s suas fortes qualidades jur\u00eddicas, pode prestar aconselhamento personalizado. Al\u00e9m disso, devido \u00e0 sua vasta rede de contactos e \u00e0s suas qualidades sociais, pode p\u00f4r os clientes em contacto com as pessoas certas.<\/strong><\/p><p><strong>Os advogados de servi\u00e7os \u00e0s empresas desempenham um papel importante como consultores jur\u00eddicos de confian\u00e7a e parceiros de empresas e corpora\u00e7\u00f5es. Estes peritos jur\u00eddicos especializados compreendem as necessidades jur\u00eddicas espec\u00edficas dos clientes empresariais e prestam servi\u00e7os jur\u00eddicos essenciais para proteger e promover os interesses das empresas. Numa altura em que as empresas s\u00e3o cada vez mais confrontadas com quest\u00f5es complexas que podem afetar as suas opera\u00e7\u00f5es e o seu crescimento, o papel destes advogados \u00e9 inestim\u00e1vel.<\/strong><\/p>\t\t\t\t\t\t\t\t<\/div>\n\t\t\t\t<\/div>\n\t\t\t\t<div class=\"elementor-element elementor-element-9c0ce77 elementor-widget elementor-widget-spacer\" data-id=\"9c0ce77\" data-element_type=\"widget\" data-e-type=\"widget\" data-widget_type=\"spacer.default\">\n\t\t\t\t<div class=\"elementor-widget-container\">\n\t\t\t\t\t\t\t<div class=\"elementor-spacer\">\n\t\t\t<div class=\"elementor-spacer-inner\"><\/div>\n\t\t<\/div>\n\t\t\t\t\t\t<\/div>\n\t\t\t\t<\/div>\n\t\t\t\t<div class=\"elementor-element elementor-element-7095395 elementor-widget elementor-widget-heading\" data-id=\"7095395\" data-element_type=\"widget\" data-e-type=\"widget\" data-widget_type=\"heading.default\">\n\t\t\t\t<div class=\"elementor-widget-container\">\n\t\t\t\t\t<h3 class=\"elementor-heading-title elementor-size-default\">Apoio jur\u00eddico \u00e0s empresas<\/h3>\t\t\t\t<\/div>\n\t\t\t\t<\/div>\n\t\t\t\t<div class=\"elementor-element elementor-element-a035b21 color-scheme-inherit text-left elementor-widget elementor-widget-text-editor\" data-id=\"a035b21\" data-element_type=\"widget\" data-e-type=\"widget\" data-widget_type=\"text-editor.default\">\n\t\t\t\t<div class=\"elementor-widget-container\">\n\t\t\t\t\t\t\t\t\t<p>Os servi\u00e7os \u00e0s empresas no \u00e2mbito da profiss\u00e3o jur\u00eddica desempenham um papel fundamental, proporcionando \u00e0s empresas e aos neg\u00f3cios conhecimentos jur\u00eddicos especializados. Estes conhecimentos espec\u00edficos s\u00e3o adaptados \u00e0s necessidades frequentemente complexas do mundo empresarial. De seguida, apresentamos os servi\u00e7os essenciais oferecidos pelos advogados de servi\u00e7os \u00e0s empresas:<\/p><ul><li><strong>Negocia\u00e7\u00f5es de contratos:<\/strong>\u00a0Os advogados especializados em direito comercial s\u00e3o especializados na reda\u00e7\u00e3o, revis\u00e3o e negocia\u00e7\u00e3o de contratos. O seu principal objetivo \u00e9 garantir que estes contratos n\u00e3o s\u00f3 s\u00e3o juridicamente estanques, como tamb\u00e9m protegem eficazmente os interesses dos seus clientes.<\/li><li><strong>Fus\u00f5es e aquisi\u00e7\u00f5es:<\/strong>\u00a0Nas transac\u00e7\u00f5es comerciais de grande dimens\u00e3o, como as fus\u00f5es e aquisi\u00e7\u00f5es, os advogados desempenham um papel crucial. Contribuem atrav\u00e9s da realiza\u00e7\u00e3o de dilig\u00eancias adequadas, da prepara\u00e7\u00e3o da documenta\u00e7\u00e3o necess\u00e1ria e da garantia de que a transa\u00e7\u00e3o cumpre todos os requisitos legais.<\/li><li><strong>Prote\u00e7\u00e3o da propriedade intelectual:<\/strong>\u00a0Garantir a prote\u00e7\u00e3o da propriedade intelectual, como as patentes, as marcas registadas e os direitos de autor, \u00e9 vital para as empresas. Os advogados especializados em direito comercial aconselham as empresas sobre a forma de proteger e fazer respeitar a sua propriedade intelectual.<\/li><li><strong>Direito das sociedades:<\/strong>\u00a0Isto inclui n\u00e3o s\u00f3 a cria\u00e7\u00e3o de empresas, mas tamb\u00e9m a conformidade regulamentar e a presta\u00e7\u00e3o de aconselhamento jur\u00eddico geral \u00e0s empresas nas suas opera\u00e7\u00f5es quotidianas.<\/li><\/ul><p>De facto, os advogados de servi\u00e7os \u00e0s empresas t\u00eam um papel de orienta\u00e7\u00e3o para as empresas. Tentam garantir que as empresas possam funcionar bem e em seguran\u00e7a no complicado mundo das regras e das leis. D\u00e3o conselhos inteligentes e ajudam a resolver problemas, fazendo com que as empresas se sintam legalmente s\u00f3lidas e bem sucedidas, mesmo quando enfrentam problemas dif\u00edceis.<\/p>\t\t\t\t\t\t\t\t<\/div>\n\t\t\t\t<\/div>\n\t\t\t\t<div class=\"elementor-element elementor-element-d9b1290 elementor-widget elementor-widget-spacer\" data-id=\"d9b1290\" data-element_type=\"widget\" data-e-type=\"widget\" data-widget_type=\"spacer.default\">\n\t\t\t\t<div class=\"elementor-widget-container\">\n\t\t\t\t\t\t\t<div class=\"elementor-spacer\">\n\t\t\t<div class=\"elementor-spacer-inner\"><\/div>\n\t\t<\/div>\n\t\t\t\t\t\t<\/div>\n\t\t\t\t<\/div>\n\t\t\t\t<div class=\"elementor-element elementor-element-e2fac72 elementor-widget elementor-widget-heading\" data-id=\"e2fac72\" data-element_type=\"widget\" data-e-type=\"widget\" data-widget_type=\"heading.default\">\n\t\t\t\t<div class=\"elementor-widget-container\">\n\t\t\t\t\t<h3 class=\"elementor-heading-title elementor-size-default\">Servi\u00e7os jur\u00eddicos para empresas <\/h3>\t\t\t\t<\/div>\n\t\t\t\t<\/div>\n\t\t\t\t<div class=\"elementor-element elementor-element-b074379 color-scheme-inherit text-left elementor-widget elementor-widget-text-editor\" data-id=\"b074379\" data-element_type=\"widget\" data-e-type=\"widget\" data-widget_type=\"text-editor.default\">\n\t\t\t\t<div class=\"elementor-widget-container\">\n\t\t\t\t\t\t\t\t\t<p>Uma quest\u00e3o de servi\u00e7os \u00e0s empresas pode ser um processo complicado que pode ocupar muito do seu precioso tempo. Por isso, \u00e9 aconselh\u00e1vel ter o advogado certo do seu lado.<\/p><p>O <a href=\"https:\/\/www.derbedrosian.nl\/pt\/advogados\/\">advogados<\/a> do escrit\u00f3rio de advogados Der Bedrosian pode ajud\u00e1-lo nos v\u00e1rios tipos de categorias envolvidas. Podem p\u00f4-lo em contacto com os peritos certos. Quer esteja a enfrentar um lit\u00edgio comercial ou precise de aconselhamento jur\u00eddico, o nosso escrit\u00f3rio de advogados est\u00e1 pronto para o apoiar. Os nossos advogados come\u00e7ar\u00e3o por discutir consigo a situa\u00e7\u00e3o atual e, em seguida, explorar\u00e3o as op\u00e7\u00f5es dispon\u00edveis.<\/p><p>A contrata\u00e7\u00e3o de um advogado experiente em servi\u00e7os empresariais pode fazer toda a diferen\u00e7a no resultado do seu caso. Contacte-nos hoje e deixe-nos ajud\u00e1-lo a obter os melhores resultados poss\u00edveis no seu caso de servi\u00e7os empresariais.<\/p>\t\t\t\t\t\t\t\t<\/div>\n\t\t\t\t<\/div>\n\t\t\t\t<div class=\"elementor-element elementor-element-4e15b36 elementor-widget elementor-widget-spacer\" data-id=\"4e15b36\" data-element_type=\"widget\" data-e-type=\"widget\" data-widget_type=\"spacer.default\">\n\t\t\t\t<div class=\"elementor-widget-container\">\n\t\t\t\t\t\t\t<div class=\"elementor-spacer\">\n\t\t\t<div class=\"elementor-spacer-inner\"><\/div>\n\t\t<\/div>\n\t\t\t\t\t\t<\/div>\n\t\t\t\t<\/div>\n\t\t\t\t<div class=\"elementor-element elementor-element-6104d66 color-scheme-inherit text-left elementor-widget elementor-widget-text-editor\" data-id=\"6104d66\" data-element_type=\"widget\" data-e-type=\"widget\" data-widget_type=\"text-editor.default\">\n\t\t\t\t<div class=\"elementor-widget-container\">\n\t\t\t\t\t\t\t\t\t<p><em>Os advogados da sociedade de advogados Der Bedrosian tratam dos seguintes assuntos relacionados com os servi\u00e7os \u00e0s empresas.<\/em><\/p>\t\t\t\t\t\t\t\t<\/div>\n\t\t\t\t<\/div>\n\t\t\t\t\t<\/div>\n\t\t\t\t<\/div>\n\t\t<div class=\"elementor-element elementor-element-f683106 e-con-full e-grid e-con e-child\" data-id=\"f683106\" data-element_type=\"container\" data-e-type=\"container\">\n\t\t\t\t<div class=\"elementor-element elementor-element-a2fb931 elementor-widget elementor-widget-wd_infobox\" data-id=\"a2fb931\" data-element_type=\"widget\" data-e-type=\"widget\" data-widget_type=\"wd_infobox.default\">\n\t\t\t\t<div class=\"elementor-widget-container\">\n\t\t\t\t\t\t\t<div class=\"info-box-wrapper\">\n\t\t\t<div class=\"wd-info-box text-center box-icon-align-top box-style-base color-scheme- with-animation with-btn box-btn-static\">\n\t\t\t\t\t\t\t\t\t<div class=\"box-icon-wrapper  box-with-icon box-icon-with-bg\">\n\t\t\t\t\t\t<div class=\"info-box-icon\">\n\t\t\t\t\t\t\t\t\t\t\t\t\t\t\t<span class=\"info-svg-wrapper info-icon\" style=\"width:50px; height:50px;\"><svg xmlns=\"http:\/\/www.w3.org\/2000\/svg\" id=\"svg-3737\" data-name=\"Layer 3\" viewbox=\"0 0 450 450\"><defs><style> .cls-1 { fill: #022444; } <\/style><\/defs><path class=\"cls-1\" d=\"m0,225v165h300v-165H0Zm277.5,142.5H22.5v-120h255v120Z\"><\/path><path class=\"cls-1\" d=\"m233.25,262.5H66.75c-3,23.25-19.5,28.5-29.25,30v31.5c9.75,2.25,26.25,8.25,29.25,29.25h165.75c3-25.5,19.5-30,29.25-30v-29.25c-9-1.5-26.25-6-28.5-31.5h0Zm-83.25,75c-16.5,0-30-13.5-30-30s13.5-30,30-30,30,13.5,30,30-13.5,30-30,30Z\"><\/path><path class=\"cls-1\" d=\"m0,405h300v15H0v-15Z\"><\/path><path class=\"cls-1\" d=\"m0,435h300v15H0v-15Z\"><\/path><path class=\"cls-1\" d=\"m15,60v150h135V60H15Zm60,120H30v-30h45v30Zm0-60H30v-30h45v30Zm60,60h-45v-30h45v30Zm0-60h-45v-30h45v30Z\"><\/path><path class=\"cls-1\" d=\"m165,0v210h135V0h-135Zm60,180h-45v-30h45v30Zm0-60h-45v-30h45v30Zm0-60h-45v-30h45v30Zm60,120h-45v-30h45v30Zm0-60h-45v-30h45v30Zm0-60h-45v-30h45v30Z\"><\/path><path class=\"cls-1\" d=\"m315,60v390h45v-60h45v60h45V60h-135Zm60,300h-45v-30h45v30Zm0-60h-45v-30h45v30Zm0-60h-45v-30h45v30Zm0-60h-45v-30h45v30Zm0-60h-45v-30h45v30Zm60,240h-45v-30h45v30Zm0-60h-45v-30h45v30Zm0-60h-45v-30h45v30Zm0-60h-45v-30h45v30Zm0-60h-45v-30h45v30Z\"><\/path><\/svg><\/span>\t\t\t\t\t\t\t\t\t\t\t\t\t<\/div>\n\t\t\t\t\t<\/div>\n\t\t\t\t\n\t\t\t\t<div class=\"info-box-content\">\n\t\t\t\t\t\n\t\t\t\t\t\t\t\t\t\t\t<h4\t\t\t\t\t\tclass=\"info-box-title title box-title-style-default wd-fontsize-m\" data-elementor-setting-key=\"title\">\n\t\t\t\t\t\t\t\tConstitui\u00e7\u00e3o de uma empresa neerlandesa  <span class=\"seo-word\">advogado Enschede<\/span>\t\t\t\t\t\t<\/h4>\n\t\t\t\t\t\n\t\t\t\t\t<div class=\"info-box-inner reset-last-child\"data-elementor-setting-key=\"content\"><p>Pretende obter aconselhamento e assist\u00eancia em mat\u00e9ria de empreendimentos comerciais e contratos? <\/p>\n<\/div>\n\n\t\t\t\t\t\t\t\t\t\t\t<div class=\"info-btn-wrapper\">\n\t\t\t\t\t\t\t\t\t<div class=\"wd-button-wrapper text-center\" >\n\t\t\t<a class=\"btn btn-style-default btn-shape-round btn-size-default btn-color-white btn-icon-pos-right\"  href=\"https:\/\/www.derbedrosian.nl\/pt\/jurisdicoes\/servicos-profissionais\/criacao-de-uma-empresa-neerlandesa\/\" alt=\"opzetten van nederlandse onderneming advocaat\">\n\t\t\t\t<span class=\"wd-btn-text\" data-elementor-setting-key=\"text\">\n\t\t\t\t\tMais informa\u00e7\u00f5es \u279e\t\t\t\t<\/span>\n\n\t\t\t\t\t\t\t<\/a>\n\t\t<\/div>\n\t\t\t\t\t\t\t\t<\/div>\n\t\t\t\t\t\t\t\t\t<\/div>\n\n\t\t\t\t\t\t\t<\/div>\n\t\t<\/div>\n\t\t\t\t\t\t<\/div>\n\t\t\t\t<\/div>\n\t\t\t\t<\/div>\n\t\t\t\t<\/div>","protected":false},"excerpt":{"rendered":"<p>Advogados de servi\u00e7os \u00e0s empresas em enschede Advogados derbedrosianos Empresa de servi\u00e7os holandeses Advogados de neg\u00f3cios em overijssel Advogados de neg\u00f3cios em enschede Oportunidade de emprego Seguros de servi\u00e7os \u00e0s empresas<\/p>","protected":false},"author":1,"featured_media":0,"parent":9553,"menu_order":4,"comment_status":"closed","ping_status":"closed","template":"","meta":{"footnotes":""},"class_list":["post-10818","page","type-page","status-publish","hentry"],"_links":{"self":[{"href":"https:\/\/www.derbedrosian.nl\/pt\/wp-json\/wp\/v2\/pages\/10818","targetHints":{"allow":["GET"]}}],"collection":[{"href":"https:\/\/www.derbedrosian.nl\/pt\/wp-json\/wp\/v2\/pages"}],"about":[{"href":"https:\/\/www.derbedrosian.nl\/pt\/wp-json\/wp\/v2\/types\/page"}],"author":[{"embeddable":true,"href":"https:\/\/www.derbedrosian.nl\/pt\/wp-json\/wp\/v2\/users\/1"}],"replies":[{"embeddable":true,"href":"https:\/\/www.derbedrosian.nl\/pt\/wp-json\/wp\/v2\/comments?post=10818"}],"version-history":[{"count":0,"href":"https:\/\/www.derbedrosian.nl\/pt\/wp-json\/wp\/v2\/pages\/10818\/revisions"}],"up":[{"embeddable":true,"href":"https:\/\/www.derbedrosian.nl\/pt\/wp-json\/wp\/v2\/pages\/9553"}],"wp:attachment":[{"href":"https:\/\/www.derbedrosian.nl\/pt\/wp-json\/wp\/v2\/media?parent=10818"}],"curies":[{"name":"wp","href":"https:\/\/api.w.org\/{rel}","templated":true}]}}