{"id":10799,"date":"2023-05-29T09:47:36","date_gmt":"2023-05-29T07:47:36","guid":{"rendered":"https:\/\/derbedrosian.nl\/?page_id=10799"},"modified":"2025-12-21T16:38:24","modified_gmt":"2025-12-21T14:38:24","slug":"procedimento-medico","status":"publish","type":"page","link":"https:\/\/www.derbedrosian.nl\/pt\/rechtsgebieden\/asielrecht\/medische-procedure\/","title":{"rendered":"Procedimento m\u00e9dico"},"content":{"rendered":"<div data-elementor-type=\"wp-page\" data-elementor-id=\"10799\" class=\"elementor elementor-10799\" data-elementor-post-type=\"page\">\n\t\t\t\t<div class=\"wd-negative-gap elementor-element elementor-element-69754f4 e-flex e-con-boxed e-con e-parent\" data-id=\"69754f4\" data-element_type=\"container\" data-e-type=\"container\">\n\t\t\t\t\t<div class=\"e-con-inner\">\n\t\t\t\t<div class=\"elementor-element elementor-element-a97c004 color-scheme-inherit text-left elementor-widget elementor-widget-text-editor\" data-id=\"a97c004\" data-element_type=\"widget\" data-e-type=\"widget\" data-widget_type=\"text-editor.default\">\n\t\t\t\t<div class=\"elementor-widget-container\">\n\t\t\t\t\t\t\t\t\t<p><strong>A sociedade de advogados Der Bedrosian disp\u00f5e de advogados especializados no dom\u00ednio dos procedimentos m\u00e9dicos.<\/strong><\/p>\t\t\t\t\t\t\t\t<\/div>\n\t\t\t\t<\/div>\n\t\t\t\t<div class=\"elementor-element elementor-element-014b80a elementor-widget elementor-widget-spacer\" data-id=\"014b80a\" data-element_type=\"widget\" data-e-type=\"widget\" data-widget_type=\"spacer.default\">\n\t\t\t\t<div class=\"elementor-widget-container\">\n\t\t\t\t\t\t\t<div class=\"elementor-spacer\">\n\t\t\t<div class=\"elementor-spacer-inner\"><\/div>\n\t\t<\/div>\n\t\t\t\t\t\t<\/div>\n\t\t\t\t<\/div>\n\t\t\t\t<div class=\"elementor-element elementor-element-20731d3 elementor-widget elementor-widget-heading\" data-id=\"20731d3\" data-element_type=\"widget\" data-e-type=\"widget\" data-widget_type=\"heading.default\">\n\t\t\t\t<div class=\"elementor-widget-container\">\n\t\t\t\t\t<h3 class=\"elementor-heading-title elementor-size-default\">Autoriza\u00e7\u00e3o de resid\u00eancia tratamento m\u00e9dico<\/h3>\t\t\t\t<\/div>\n\t\t\t\t<\/div>\n\t\t\t\t<div class=\"elementor-element elementor-element-1530cd3 color-scheme-inherit text-left elementor-widget elementor-widget-text-editor\" data-id=\"1530cd3\" data-element_type=\"widget\" data-e-type=\"widget\" data-widget_type=\"text-editor.default\">\n\t\t\t\t<div class=\"elementor-widget-container\">\n\t\t\t\t\t\t\t\t\t<p>Pode n\u00e3o ser autorizado a permanecer nos Pa\u00edses Baixos, mas n\u00e3o pode sair dos Pa\u00edses Baixos devido a tratamento m\u00e9dico. Em determinadas situa\u00e7\u00f5es, pode ser-lhe concedida resid\u00eancia por raz\u00f5es m\u00e9dicas.<\/p><p><strong>Condi\u00e7\u00e3o Procedimento m\u00e9dico<\/strong><\/p><ul><li>N\u00e3o pode viajar devido ao seu estado de sa\u00fade ou ao estado de sa\u00fade de um dos membros da sua fam\u00edlia.<\/li><li>Se a interrup\u00e7\u00e3o do tratamento m\u00e9dico resultar numa emerg\u00eancia m\u00e9dica<\/li><li>Se o tratamento m\u00e9dico n\u00e3o puder ser efectuado no seu pa\u00eds de origem.<\/li><\/ul>\t\t\t\t\t\t\t\t<\/div>\n\t\t\t\t<\/div>\n\t\t\t\t<div class=\"elementor-element elementor-element-9cbff0f elementor-widget elementor-widget-spacer\" data-id=\"9cbff0f\" data-element_type=\"widget\" data-e-type=\"widget\" data-widget_type=\"spacer.default\">\n\t\t\t\t<div class=\"elementor-widget-container\">\n\t\t\t\t\t\t\t<div class=\"elementor-spacer\">\n\t\t\t<div class=\"elementor-spacer-inner\"><\/div>\n\t\t<\/div>\n\t\t\t\t\t\t<\/div>\n\t\t\t\t<\/div>\n\t\t\t\t<div class=\"elementor-element elementor-element-3c76ff3 elementor-widget elementor-widget-heading\" data-id=\"3c76ff3\" data-element_type=\"widget\" data-e-type=\"widget\" data-widget_type=\"heading.default\">\n\t\t\t\t<div class=\"elementor-widget-container\">\n\t\t\t\t\t<h3 class=\"elementor-heading-title elementor-size-default\">Avalia\u00e7\u00e3o IND<\/h3>\t\t\t\t<\/div>\n\t\t\t\t<\/div>\n\t\t\t\t<div class=\"elementor-element elementor-element-2340bca color-scheme-inherit text-left elementor-widget elementor-widget-text-editor\" data-id=\"2340bca\" data-element_type=\"widget\" data-e-type=\"widget\" data-widget_type=\"text-editor.default\">\n\t\t\t\t<div class=\"elementor-widget-container\">\n\t\t\t\t\t\t\t\t\tO IND avalia a situa\u00e7\u00e3o m\u00e9dica de um cidad\u00e3o estrangeiro em diferentes momentos. Em primeiro lugar, o IND avalia a situa\u00e7\u00e3o m\u00e9dica no momento da decis\u00e3o sobre o pedido de resid\u00eancia. Al\u00e9m disso, o IND efectua um exame m\u00e9dico quando o estrangeiro apresenta um pedido de adiamento da partida.\t\t\t\t\t\t\t\t<\/div>\n\t\t\t\t<\/div>\n\t\t\t\t<div class=\"elementor-element elementor-element-200194d elementor-widget elementor-widget-spacer\" data-id=\"200194d\" data-element_type=\"widget\" data-e-type=\"widget\" data-widget_type=\"spacer.default\">\n\t\t\t\t<div class=\"elementor-widget-container\">\n\t\t\t\t\t\t\t<div class=\"elementor-spacer\">\n\t\t\t<div class=\"elementor-spacer-inner\"><\/div>\n\t\t<\/div>\n\t\t\t\t\t\t<\/div>\n\t\t\t\t<\/div>\n\t\t\t\t<div class=\"elementor-element elementor-element-11a3f24 elementor-widget elementor-widget-heading\" data-id=\"11a3f24\" data-element_type=\"widget\" data-e-type=\"widget\" data-widget_type=\"heading.default\">\n\t\t\t\t<div class=\"elementor-widget-container\">\n\t\t\t\t\t<h3 class=\"elementor-heading-title elementor-size-default\">Gabinete de Aconselhamento M\u00e9dico<\/h3>\t\t\t\t<\/div>\n\t\t\t\t<\/div>\n\t\t\t\t<div class=\"elementor-element elementor-element-785e670 color-scheme-inherit text-left elementor-widget elementor-widget-text-editor\" data-id=\"785e670\" data-element_type=\"widget\" data-e-type=\"widget\" data-widget_type=\"text-editor.default\">\n\t\t\t\t<div class=\"elementor-widget-container\">\n\t\t\t\t\t\t\t\t\t<p>O Gabinete de Aconselhamento M\u00e9dico (BMA) desempenha um papel importante na avalia\u00e7\u00e3o dos pedidos de adiamento da partida apresentados ao Servi\u00e7o de Imigra\u00e7\u00e3o e Naturaliza\u00e7\u00e3o (IND). O IND disp\u00f5e de pessoal especializado para tratar destes pedidos. O adiamento da partida \u00e9 concedido em determinadas situa\u00e7\u00f5es, nomeadamente<\/p><ul><li><strong>Tuberculose:<\/strong> Se a pessoa tiver sido diagnosticada com tuberculose.<\/li><li><strong>Internamento num estabelecimento de sa\u00fade:<\/strong> quando algu\u00e9m \u00e9 admitido numa institui\u00e7\u00e3o m\u00e9dica e ainda n\u00e3o pode sair.<\/li><li><strong>Mulheres na maternidade:<\/strong> se for prov\u00e1vel que as mulheres d\u00eaem \u00e0 luz no prazo de seis semanas ou se estiverem no per\u00edodo de maternidade.<\/li><\/ul><p>Para poder beneficiar de um adiamento da partida, devem estar reunidas condi\u00e7\u00f5es espec\u00edficas e o parecer da BMA desempenha um papel central neste contexto. O IND concede o adiamento quando o parecer da BMA demonstra que os cuidados m\u00e9dicos necess\u00e1rios n\u00e3o est\u00e3o dispon\u00edveis no pa\u00eds de origem e que pode surgir em breve uma situa\u00e7\u00e3o de emerg\u00eancia suscet\u00edvel de provocar a morte, invalidez ou danos f\u00edsicos.<\/p><p>Se existirem possibilidades suficientes de tratamento m\u00e9dico no pa\u00eds de origem, o pedido de adiamento ser\u00e1 rejeitado. Al\u00e9m disso, a BMA pode aconselhar que a viagem se efectue em determinadas condi\u00e7\u00f5es para garantir a sa\u00fade e a seguran\u00e7a da pessoa em causa. Nalguns casos, a BMA pode tamb\u00e9m recomendar que o estrangeiro seja transferido para um m\u00e9dico ou especialista para receber cuidados m\u00e9dicos adicionais ap\u00f3s a chegada.<\/p><p>A BMA desempenha um papel fundamental na prote\u00e7\u00e3o da sa\u00fade e do bem-estar das pessoas que solicitam a partida diferida por raz\u00f5es m\u00e9dicas. O processo \u00e9 cuidadoso e baseia-se em avalia\u00e7\u00f5es m\u00e9dicas para garantir que s\u00e3o tomadas as decis\u00f5es correctas nestas quest\u00f5es sens\u00edveis\".<\/p>\t\t\t\t\t\t\t\t<\/div>\n\t\t\t\t<\/div>\n\t\t\t\t<div class=\"elementor-element elementor-element-0575ccc elementor-widget elementor-widget-spacer\" data-id=\"0575ccc\" data-element_type=\"widget\" data-e-type=\"widget\" data-widget_type=\"spacer.default\">\n\t\t\t\t<div class=\"elementor-widget-container\">\n\t\t\t\t\t\t\t<div class=\"elementor-spacer\">\n\t\t\t<div class=\"elementor-spacer-inner\"><\/div>\n\t\t<\/div>\n\t\t\t\t\t\t<\/div>\n\t\t\t\t<\/div>\n\t\t\t\t<div class=\"elementor-element elementor-element-528d009 elementor-widget elementor-widget-heading\" data-id=\"528d009\" data-element_type=\"widget\" data-e-type=\"widget\" data-widget_type=\"heading.default\">\n\t\t\t\t<div class=\"elementor-widget-container\">\n\t\t\t\t\t<h3 class=\"elementor-heading-title elementor-size-default\">Advogado Autoriza\u00e7\u00e3o de resid\u00eancia por motivos m\u00e9dicos<\/h3>\t\t\t\t<\/div>\n\t\t\t\t<\/div>\n\t\t\t\t<div class=\"elementor-element elementor-element-4fda1d9 color-scheme-inherit text-left elementor-widget elementor-widget-text-editor\" data-id=\"4fda1d9\" data-element_type=\"widget\" data-e-type=\"widget\" data-widget_type=\"text-editor.default\">\n\t\t\t\t<div class=\"elementor-widget-container\">\n\t\t\t\t\t\t\t\t\t<p>O procedimento de reclama\u00e7\u00e3o relativo ao seu advogado para a obten\u00e7\u00e3o de uma autoriza\u00e7\u00e3o de resid\u00eancia por raz\u00f5es m\u00e9dicas \u00e9 composto por v\u00e1rias etapas. Gostar\u00edamos de explicar-lhe claramente o processo:<\/p><ul><li><strong>Queixa:<\/strong> s\u00f3 pode apresentar a sua queixa por escrito ao tribunal. Este registar\u00e1 a queixa e enviar\u00e1 uma c\u00f3pia ao Procurador-Geral.<\/li><li><strong>Aprecia\u00e7\u00e3o da queixa:<\/strong> a C\u00e2mara de Reclama\u00e7\u00f5es determinar\u00e1 se \u00e9 necess\u00e1rio fornecer explica\u00e7\u00f5es adicionais numa audi\u00eancia. Tal pode depender da natureza da sua queixa.<\/li><li><strong>Convite \u00e0 sess\u00e3o:<\/strong> se a C\u00e2mara de Reclama\u00e7\u00f5es decidir que \u00e9 necess\u00e1ria uma audi\u00eancia, receber\u00e1 uma convocat\u00f3ria para comparecer.<\/li><li><strong>Assento:<\/strong> durante a audi\u00eancia, a c\u00e2mara de reclama\u00e7\u00e3o discutir\u00e1 a sua reclama\u00e7\u00e3o e far\u00e1 todas as perguntas necess\u00e1rias para compreender melhor o seu caso.<\/li><li><strong>Decis\u00e3o:<\/strong> Ap\u00f3s a audi\u00eancia, a c\u00e2mara de penhora tomar\u00e1 uma decis\u00e3o, que pode ser positiva ou negativa. O objetivo \u00e9 tomar esta decis\u00e3o no prazo de seis semanas ap\u00f3s a audi\u00eancia.<\/li><li><strong>N\u00e3o h\u00e1 possibilidade de recurso:<\/strong> \u00e9 importante saber que n\u00e3o h\u00e1 possibilidade de recurso ap\u00f3s a decis\u00e3o da sec\u00e7\u00e3o de penhora. A sua decis\u00e3o \u00e9 definitiva.<\/li><\/ul>\t\t\t\t\t\t\t\t<\/div>\n\t\t\t\t<\/div>\n\t\t\t\t<div class=\"elementor-element elementor-element-09f6be3 elementor-widget elementor-widget-spacer\" data-id=\"09f6be3\" data-element_type=\"widget\" data-e-type=\"widget\" data-widget_type=\"spacer.default\">\n\t\t\t\t<div class=\"elementor-widget-container\">\n\t\t\t\t\t\t\t<div class=\"elementor-spacer\">\n\t\t\t<div class=\"elementor-spacer-inner\"><\/div>\n\t\t<\/div>\n\t\t\t\t\t\t<\/div>\n\t\t\t\t<\/div>\n\t\t\t\t<div class=\"elementor-element elementor-element-4ab6840 elementor-widget elementor-widget-heading\" data-id=\"4ab6840\" data-element_type=\"widget\" data-e-type=\"widget\" data-widget_type=\"heading.default\">\n\t\t\t\t<div class=\"elementor-widget-container\">\n\t\t\t\t\t<h3 class=\"elementor-heading-title elementor-size-default\">Procedimento de reclama\u00e7\u00e3o advogado <\/h3>\t\t\t\t<\/div>\n\t\t\t\t<\/div>\n\t\t\t\t<div class=\"elementor-element elementor-element-d510590 color-scheme-inherit text-left elementor-widget elementor-widget-text-editor\" data-id=\"d510590\" data-element_type=\"widget\" data-e-type=\"widget\" data-widget_type=\"text-editor.default\">\n\t\t\t\t<div class=\"elementor-widget-container\">\n\t\t\t\t\t\t\t\t\t<p>Est\u00e1 atualmente doente ou a receber tratamento m\u00e9dico, mas enfrenta o desafio de deixar os Pa\u00edses Baixos? Compreendemos que esta pode ser uma situa\u00e7\u00e3o dif\u00edcil e gostar\u00edamos de o aconselhar a contactar imediatamente o nosso escrit\u00f3rio de advogados.<\/p><p>Os nossos advogados experientes conhecem bem as leis relacionadas com a imigra\u00e7\u00e3o e as quest\u00f5es m\u00e9dicas. Est\u00e3o aqui para o apoiar no processo de prolongamento da sua estadia nos Pa\u00edses Baixos, mesmo que necessite atualmente de cuidados m\u00e9dicos.<\/p><p>Contacte-nos hoje para que possamos analisar a situa\u00e7\u00e3o consigo.<\/p>\t\t\t\t\t\t\t\t<\/div>\n\t\t\t\t<\/div>\n\t\t\t\t\t<\/div>\n\t\t\t\t<\/div>\n\t\t\t\t<\/div>","protected":false},"excerpt":{"rendered":"<p>O escrit\u00f3rio de advogados Der Bedrosian disp\u00f5e de advogados especializados no dom\u00ednio dos procedimentos m\u00e9dicos. Autoriza\u00e7\u00e3o de resid\u00eancia para tratamento m\u00e9dico Pode acontecer que<\/p>","protected":false},"author":1,"featured_media":0,"parent":10757,"menu_order":0,"comment_status":"closed","ping_status":"closed","template":"","meta":{"footnotes":""},"class_list":["post-10799","page","type-page","status-publish","hentry"],"_links":{"self":[{"href":"https:\/\/www.derbedrosian.nl\/pt\/wp-json\/wp\/v2\/pages\/10799","targetHints":{"allow":["GET"]}}],"collection":[{"href":"https:\/\/www.derbedrosian.nl\/pt\/wp-json\/wp\/v2\/pages"}],"about":[{"href":"https:\/\/www.derbedrosian.nl\/pt\/wp-json\/wp\/v2\/types\/page"}],"author":[{"embeddable":true,"href":"https:\/\/www.derbedrosian.nl\/pt\/wp-json\/wp\/v2\/users\/1"}],"replies":[{"embeddable":true,"href":"https:\/\/www.derbedrosian.nl\/pt\/wp-json\/wp\/v2\/comments?post=10799"}],"version-history":[{"count":0,"href":"https:\/\/www.derbedrosian.nl\/pt\/wp-json\/wp\/v2\/pages\/10799\/revisions"}],"up":[{"embeddable":true,"href":"https:\/\/www.derbedrosian.nl\/pt\/wp-json\/wp\/v2\/pages\/10757"}],"wp:attachment":[{"href":"https:\/\/www.derbedrosian.nl\/pt\/wp-json\/wp\/v2\/media?parent=10799"}],"curies":[{"name":"wp","href":"https:\/\/api.w.org\/{rel}","templated":true}]}}