{"id":10794,"date":"2023-05-29T09:45:51","date_gmt":"2023-05-29T07:45:51","guid":{"rendered":"https:\/\/derbedrosian.nl\/?page_id=10794"},"modified":"2025-12-21T16:36:26","modified_gmt":"2025-12-21T14:36:26","slug":"pedidos-de-asilo-repetidos-tema","status":"publish","type":"page","link":"https:\/\/www.derbedrosian.nl\/pt\/rechtsgebieden\/asielrecht\/herhaalde-asielaanvragen-hasa\/","title":{"rendered":"Pedidos de asilo repetidos HASA"},"content":{"rendered":"<div data-elementor-type=\"wp-page\" data-elementor-id=\"10794\" class=\"elementor elementor-10794\" data-elementor-post-type=\"page\">\n\t\t\t\t<div class=\"wd-negative-gap elementor-element elementor-element-25c683a e-flex e-con-boxed e-con e-parent\" data-id=\"25c683a\" data-element_type=\"container\" data-e-type=\"container\">\n\t\t\t\t\t<div class=\"e-con-inner\">\n\t\t\t\t<div class=\"elementor-element elementor-element-9d6b899 elementor-hidden-desktop elementor-hidden-tablet elementor-hidden-mobile elementor-widget elementor-widget-wd_image_or_svg\" data-id=\"9d6b899\" data-element_type=\"widget\" data-e-type=\"widget\" id=\"seo-word\" data-widget_type=\"wd_image_or_svg.default\">\n\t\t\t\t<div class=\"elementor-widget-container\">\n\t\t\t\t\t\n\t\t<div class=\"wd-image text-left\">\n\t\t\t\t\t\t\t\t<img loading=\"lazy\" decoding=\"async\" width=\"1000\" height=\"666\" src=\"https:\/\/www.derbedrosian.nl\/wp-content\/uploads\/rechtsgebied-herhaalde-asielaanvragen.jpg\" class=\"attachment-full size-full\" alt=\"pedidos de asilo repetidos Formul\u00e1rio HASA advogado direito de asilo hasa ind\" srcset=\"https:\/\/www.derbedrosian.nl\/wp-content\/uploads\/rechtsgebied-herhaalde-asielaanvragen.jpg 1000w, https:\/\/www.derbedrosian.nl\/wp-content\/uploads\/rechtsgebied-herhaalde-asielaanvragen-400x266.jpg 400w, https:\/\/www.derbedrosian.nl\/wp-content\/uploads\/rechtsgebied-herhaalde-asielaanvragen-768x511.jpg 768w\" sizes=\"auto, (max-width: 1000px) 100vw, 1000px\" title=\"\">\t\t\t\t\t<\/div>\n\n\t\t\t\t\t\t<\/div>\n\t\t\t\t<\/div>\n\t\t\t\t<div class=\"elementor-element elementor-element-dde9491 elementor-hidden-desktop elementor-hidden-tablet elementor-hidden-mobile elementor-widget elementor-widget-heading\" data-id=\"dde9491\" data-element_type=\"widget\" data-e-type=\"widget\" id=\"seo-word\" data-widget_type=\"heading.default\">\n\t\t\t\t<div class=\"elementor-widget-container\">\n\t\t\t\t\t<h2 class=\"elementor-heading-title elementor-size-default\">direito de asilo <\/h2>\t\t\t\t<\/div>\n\t\t\t\t<\/div>\n\t\t\t\t<div class=\"elementor-element elementor-element-c5268c6 elementor-hidden-desktop elementor-hidden-tablet elementor-hidden-mobile elementor-widget elementor-widget-heading\" data-id=\"c5268c6\" data-element_type=\"widget\" data-e-type=\"widget\" id=\"seo-word\" data-widget_type=\"heading.default\">\n\t\t\t\t<div class=\"elementor-widget-container\">\n\t\t\t\t\t<h5 class=\"elementor-heading-title elementor-size-default\">Formul\u00e1rio de pedido de asilo repetido<\/h5>\t\t\t\t<\/div>\n\t\t\t\t<\/div>\n\t\t\t\t<div class=\"elementor-element elementor-element-8c5eff1 elementor-hidden-desktop elementor-hidden-tablet elementor-hidden-mobile elementor-widget elementor-widget-heading\" data-id=\"8c5eff1\" data-element_type=\"widget\" data-e-type=\"widget\" id=\"seo-word\" data-widget_type=\"heading.default\">\n\t\t\t\t<div class=\"elementor-widget-container\">\n\t\t\t\t\t<h5 class=\"elementor-heading-title elementor-size-default\">ind<\/h5>\t\t\t\t<\/div>\n\t\t\t\t<\/div>\n\t\t\t\t<div class=\"elementor-element elementor-element-85f44a0 elementor-hidden-desktop elementor-hidden-tablet elementor-hidden-mobile elementor-widget elementor-widget-heading\" data-id=\"85f44a0\" data-element_type=\"widget\" data-e-type=\"widget\" id=\"seo-word\" data-widget_type=\"heading.default\">\n\t\t\t\t<div class=\"elementor-widget-container\">\n\t\t\t\t\t<h5 class=\"elementor-heading-title elementor-size-default\">advogado de asilo<\/h5>\t\t\t\t<\/div>\n\t\t\t\t<\/div>\n\t\t\t\t<div class=\"elementor-element elementor-element-9a3cb72 elementor-hidden-desktop elementor-hidden-mobile elementor-widget elementor-widget-heading\" data-id=\"9a3cb72\" data-element_type=\"widget\" data-e-type=\"widget\" id=\"seo-word\" data-widget_type=\"heading.default\">\n\t\t\t\t<div class=\"elementor-widget-container\">\n\t\t\t\t\t<h5 class=\"elementor-heading-title elementor-size-default\">diferen\u00e7a entre o direito dos refugiados e o direito de asilo<\/h5>\t\t\t\t<\/div>\n\t\t\t\t<\/div>\n\t\t\t\t<div class=\"elementor-element elementor-element-d06d2d9 elementor-hidden-desktop elementor-hidden-tablet elementor-hidden-mobile elementor-widget elementor-widget-heading\" data-id=\"d06d2d9\" data-element_type=\"widget\" data-e-type=\"widget\" id=\"seo-word\" data-widget_type=\"heading.default\">\n\t\t\t\t<div class=\"elementor-widget-container\">\n\t\t\t\t\t<h5 class=\"elementor-heading-title elementor-size-default\">pedido de asilo repetido tema<\/h5>\t\t\t\t<\/div>\n\t\t\t\t<\/div>\n\t\t\t\t<div class=\"elementor-element elementor-element-145a390 elementor-hidden-desktop elementor-hidden-tablet elementor-hidden-mobile elementor-widget elementor-widget-heading\" data-id=\"145a390\" data-element_type=\"widget\" data-e-type=\"widget\" id=\"seo-word\" data-widget_type=\"heading.default\">\n\t\t\t\t<div class=\"elementor-widget-container\">\n\t\t\t\t\t<h5 class=\"elementor-heading-title elementor-size-default\">carta de fogo \u00e0 segunda c\u00e2mara<\/h5>\t\t\t\t<\/div>\n\t\t\t\t<\/div>\n\t\t\t\t<div class=\"elementor-element elementor-element-62e6d20 elementor-hidden-desktop elementor-hidden-tablet elementor-hidden-mobile elementor-widget elementor-widget-heading\" data-id=\"62e6d20\" data-element_type=\"widget\" data-e-type=\"widget\" id=\"seo-word\" data-widget_type=\"heading.default\">\n\t\t\t\t<div class=\"elementor-widget-container\">\n\t\t\t\t\t<h5 class=\"elementor-heading-title elementor-size-default\">dia pontos v fase<\/h5>\t\t\t\t<\/div>\n\t\t\t\t<\/div>\n\t\t\t\t<div class=\"elementor-element elementor-element-8a580e3 elementor-hidden-desktop elementor-hidden-tablet elementor-hidden-mobile elementor-widget elementor-widget-heading\" data-id=\"8a580e3\" data-element_type=\"widget\" data-e-type=\"widget\" id=\"seo-word\" data-widget_type=\"heading.default\">\n\t\t\t\t<div class=\"elementor-widget-container\">\n\t\t\t\t\t<h5 class=\"elementor-heading-title elementor-size-default\">advogado enschede direito de asilo<\/h5>\t\t\t\t<\/div>\n\t\t\t\t<\/div>\n\t\t\t\t<div class=\"elementor-element elementor-element-8cfdb2b elementor-hidden-desktop elementor-hidden-tablet elementor-hidden-mobile elementor-widget elementor-widget-heading\" data-id=\"8cfdb2b\" data-element_type=\"widget\" data-e-type=\"widget\" id=\"seo-word\" data-widget_type=\"heading.default\">\n\t\t\t\t<div class=\"elementor-widget-container\">\n\t\t\t\t\t<h5 class=\"elementor-heading-title elementor-size-default\">direito de asilo enschede<\/h5>\t\t\t\t<\/div>\n\t\t\t\t<\/div>\n\t\t\t\t<div class=\"elementor-element elementor-element-ced9ced elementor-hidden-desktop elementor-hidden-tablet elementor-hidden-mobile elementor-widget elementor-widget-heading\" data-id=\"ced9ced\" data-element_type=\"widget\" data-e-type=\"widget\" id=\"seo-word\" data-widget_type=\"heading.default\">\n\t\t\t\t<div class=\"elementor-widget-container\">\n\t\t\t\t\t<h5 class=\"elementor-heading-title elementor-size-default\">advogado de direito de asilo overijssel<\/h5>\t\t\t\t<\/div>\n\t\t\t\t<\/div>\n\t\t\t\t<div class=\"elementor-element elementor-element-554c7a3 elementor-hidden-desktop elementor-hidden-tablet elementor-hidden-mobile elementor-widget elementor-widget-heading\" data-id=\"554c7a3\" data-element_type=\"widget\" data-e-type=\"widget\" id=\"seo-word\" data-widget_type=\"heading.default\">\n\t\t\t\t<div class=\"elementor-widget-container\">\n\t\t\t\t\t<h5 class=\"elementor-heading-title elementor-size-default\">advogado de direito de asilo em enschede<\/h5>\t\t\t\t<\/div>\n\t\t\t\t<\/div>\n\t\t\t\t<div class=\"elementor-element elementor-element-e34074f elementor-hidden-desktop elementor-hidden-tablet elementor-hidden-mobile elementor-widget elementor-widget-heading\" data-id=\"e34074f\" data-element_type=\"widget\" data-e-type=\"widget\" id=\"seo-word\" data-widget_type=\"heading.default\">\n\t\t\t\t<div class=\"elementor-widget-container\">\n\t\t\t\t\t<h5 class=\"elementor-heading-title elementor-size-default\">segunda c\u00e2mara sobre o processo de asilo<\/h5>\t\t\t\t<\/div>\n\t\t\t\t<\/div>\n\t\t\t\t<div class=\"elementor-element elementor-element-3cce8b2 elementor-hidden-desktop elementor-hidden-tablet elementor-hidden-mobile elementor-widget elementor-widget-heading\" data-id=\"3cce8b2\" data-element_type=\"widget\" data-e-type=\"widget\" id=\"seo-word\" data-widget_type=\"heading.default\">\n\t\t\t\t<div class=\"elementor-widget-container\">\n\t\t\t\t\t<h5 class=\"elementor-heading-title elementor-size-default\">Um pedido de asilo repetido, muitas vezes referido como um pedido de asilo repetido (HASA), pode ser feito em situa\u00e7\u00f5es em que um requerente de asilo tem novas informa\u00e7\u00f5es que mostram que pode haver novos motivos para prote\u00e7\u00e3o. Este pode ser um processo jur\u00eddico complexo e requer aconselhamento e orienta\u00e7\u00e3o jur\u00eddica especializada.\n\nDerbedrosian Vreemdelingenrecht Advocaten em Enschede e Overijssel compreende os desafios que os requerentes de asilo enfrentam com pedidos de asilo repetidos. A nossa equipa de advogados especializados pode ajud\u00e1-lo a preencher o formul\u00e1rio de pedido de asilo repetido e a apresentar o seu pedido de asilo repetido.\n\nAl\u00e9m disso, compreendemos a import\u00e2ncia de levantar estas quest\u00f5es junto dos decisores pol\u00edticos e podemos aconselh\u00e1-lo a redigir uma carta de fogo para a C\u00e2mara dos Representantes para chamar a aten\u00e7\u00e3o para a sua situa\u00e7\u00e3o.\n\nSe est\u00e1 a considerar fazer um pedido de asilo repetido, precisa de ajuda com o procedimento, ou gostaria de aconselhamento sobre como comunicar com os decisores pol\u00edticos, n\u00e3o hesite em contactar Derbedrosian Immigration Lawyers. Estamos prontos a ajud\u00e1-lo e a proteger os seus direitos.<\/h5>\t\t\t\t<\/div>\n\t\t\t\t<\/div>\n\t\t\t\t<div class=\"elementor-element elementor-element-1211059 color-scheme-inherit text-left elementor-widget elementor-widget-text-editor\" data-id=\"1211059\" data-element_type=\"widget\" data-e-type=\"widget\" data-widget_type=\"text-editor.default\">\n\t\t\t\t<div class=\"elementor-widget-container\">\n\t\t\t\t\t\t\t\t\t<p><strong>J\u00e1 apresentou anteriormente um pedido de asilo que foi rejeitado, mas a situa\u00e7\u00e3o no seu pa\u00eds de origem alterou-se? O pedido de asilo repetido HASA pode ser a solu\u00e7\u00e3o que procura. Com o HASA, tem a oportunidade de ter o seu caso reavaliado para criar uma nova oportunidade para um futuro seguro nos Pa\u00edses Baixos.<\/strong><\/p>\t\t\t\t\t\t\t\t<\/div>\n\t\t\t\t<\/div>\n\t\t\t\t<div class=\"elementor-element elementor-element-7885935 elementor-widget elementor-widget-spacer\" data-id=\"7885935\" data-element_type=\"widget\" data-e-type=\"widget\" data-widget_type=\"spacer.default\">\n\t\t\t\t<div class=\"elementor-widget-container\">\n\t\t\t\t\t\t\t<div class=\"elementor-spacer\">\n\t\t\t<div class=\"elementor-spacer-inner\"><\/div>\n\t\t<\/div>\n\t\t\t\t\t\t<\/div>\n\t\t\t\t<\/div>\n\t\t\t\t<div class=\"elementor-element elementor-element-1e92872 elementor-widget elementor-widget-heading\" data-id=\"1e92872\" data-element_type=\"widget\" data-e-type=\"widget\" data-widget_type=\"heading.default\">\n\t\t\t\t<div class=\"elementor-widget-container\">\n\t\t\t\t\t<h3 class=\"elementor-heading-title elementor-size-default\">Quando \u00e9 que se fala de pedidos de asilo repetidos HASA?<\/h3>\t\t\t\t<\/div>\n\t\t\t\t<\/div>\n\t\t\t\t<div class=\"elementor-element elementor-element-045c632 color-scheme-inherit text-left elementor-widget elementor-widget-text-editor\" data-id=\"045c632\" data-element_type=\"widget\" data-e-type=\"widget\" data-widget_type=\"text-editor.default\">\n\t\t\t\t<div class=\"elementor-widget-container\">\n\t\t\t\t\t\t\t\t\t<p>Um novo pedido de asilo O HASA oferece a oportunidade de voltar a apresentar um pedido de asilo nos Pa\u00edses Baixos se se registarem altera\u00e7\u00f5es significativas no seu pa\u00eds de origem ou na sua situa\u00e7\u00e3o pessoal. Este procedimento foi concebido para dar \u00e0s pessoas que receberam anteriormente um indeferimento a oportunidade de verem o seu caso reavaliado. O HASA visa garantir a equidade e a devida dilig\u00eancia \u00e0s pessoas que t\u00eam raz\u00f5es para crer que o seu pedido de asilo anterior pode n\u00e3o ter sido avaliado corretamente.<\/p>\t\t\t\t\t\t\t\t<\/div>\n\t\t\t\t<\/div>\n\t\t\t\t<div class=\"elementor-element elementor-element-79c274a elementor-widget elementor-widget-spacer\" data-id=\"79c274a\" data-element_type=\"widget\" data-e-type=\"widget\" data-widget_type=\"spacer.default\">\n\t\t\t\t<div class=\"elementor-widget-container\">\n\t\t\t\t\t\t\t<div class=\"elementor-spacer\">\n\t\t\t<div class=\"elementor-spacer-inner\"><\/div>\n\t\t<\/div>\n\t\t\t\t\t\t<\/div>\n\t\t\t\t<\/div>\n\t\t\t\t<div class=\"elementor-element elementor-element-565ffb0 elementor-widget elementor-widget-heading\" data-id=\"565ffb0\" data-element_type=\"widget\" data-e-type=\"widget\" data-widget_type=\"heading.default\">\n\t\t\t\t<div class=\"elementor-widget-container\">\n\t\t\t\t\t<h3 class=\"elementor-heading-title elementor-size-default\">Pedidos de asilo repetidos Condi\u00e7\u00f5es HASA<\/h3>\t\t\t\t<\/div>\n\t\t\t\t<\/div>\n\t\t\t\t<div class=\"elementor-element elementor-element-ac344f8 color-scheme-inherit text-left elementor-widget elementor-widget-text-editor\" data-id=\"ac344f8\" data-element_type=\"widget\" data-e-type=\"widget\" data-widget_type=\"text-editor.default\">\n\t\t\t\t<div class=\"elementor-widget-container\">\n\t\t\t\t\t\t\t\t\t<p>Para poder apresentar um pedido de asilo repetido (HASA) nos Pa\u00edses Baixos, devem estar reunidas determinadas condi\u00e7\u00f5es gerais. De seguida, enumeramos as condi\u00e7\u00f5es para um pedido de asilo deste tipo.<\/p><ul><li><strong>Fisicamente em territ\u00f3rio holand\u00eas:<\/strong> em primeiro lugar, o requerente deve encontrar-se em territ\u00f3rio neerland\u00eas no momento da apresenta\u00e7\u00e3o do pedido. Isto significa que deve estar fisicamente presente nos Pa\u00edses Baixos aquando da apresenta\u00e7\u00e3o do pedido de HASA.<\/li><li><strong>Rejei\u00e7\u00e3o ou revoga\u00e7\u00e3o anterior da autoriza\u00e7\u00e3o de resid\u00eancia:<\/strong> tiver apresentado anteriormente um pedido de asilo nos Pa\u00edses Baixos e este pedido tiver sido rejeitado pelo Servi\u00e7o de Imigra\u00e7\u00e3o e Naturaliza\u00e7\u00e3o (IND). Pode igualmente aplicar-se se a sua autoriza\u00e7\u00e3o de resid\u00eancia para efeitos de asilo tiver sido anteriormente revogada pelo IND.<\/li><li><strong>Mudan\u00e7a de situa\u00e7\u00e3o ou de pa\u00eds de origem:<\/strong> deve ter havido altera\u00e7\u00f5es na sua situa\u00e7\u00e3o pessoal ou na situa\u00e7\u00e3o no seu pa\u00eds de origem. Estas altera\u00e7\u00f5es podem ir desde circunst\u00e2ncias pessoais a altera\u00e7\u00f5es na pol\u00edtica do IND ou a novas decis\u00f5es judiciais relevantes para o seu caso....<\/li><\/ul>\t\t\t\t\t\t\t\t<\/div>\n\t\t\t\t<\/div>\n\t\t\t\t<div class=\"elementor-element elementor-element-c5e7b27 elementor-widget elementor-widget-spacer\" data-id=\"c5e7b27\" data-element_type=\"widget\" data-e-type=\"widget\" data-widget_type=\"spacer.default\">\n\t\t\t\t<div class=\"elementor-widget-container\">\n\t\t\t\t\t\t\t<div class=\"elementor-spacer\">\n\t\t\t<div class=\"elementor-spacer-inner\"><\/div>\n\t\t<\/div>\n\t\t\t\t\t\t<\/div>\n\t\t\t\t<\/div>\n\t\t\t\t<div class=\"elementor-element elementor-element-3e65d96 elementor-widget elementor-widget-heading\" data-id=\"3e65d96\" data-element_type=\"widget\" data-e-type=\"widget\" data-widget_type=\"heading.default\">\n\t\t\t\t<div class=\"elementor-widget-container\">\n\t\t\t\t\t<h3 class=\"elementor-heading-title elementor-size-default\">Decis\u00e3o do IND<\/h3>\t\t\t\t<\/div>\n\t\t\t\t<\/div>\n\t\t\t\t<div class=\"elementor-element elementor-element-f0e41b4 color-scheme-inherit text-left elementor-widget elementor-widget-text-editor\" data-id=\"f0e41b4\" data-element_type=\"widget\" data-e-type=\"widget\" data-widget_type=\"text-editor.default\">\n\t\t\t\t<div class=\"elementor-widget-container\">\n\t\t\t\t\t\t\t\t\t<p>O formul\u00e1rio de candidatura est\u00e1 dispon\u00edvel no s\u00edtio Web do IND. \u00c9 importante que este formul\u00e1rio seja completamente preenchido em neerland\u00eas e fundamentado, tanto quanto poss\u00edvel, com provas relevantes. Ap\u00f3s a apresenta\u00e7\u00e3o do requerimento, cabe ao IND decidir se ser\u00e1 ou n\u00e3o efectuada uma audi\u00e7\u00e3o.<\/p><p>Se a decis\u00e3o for positiva, ser\u00e1 anunciada imediatamente no mesmo dia da audi\u00e7\u00e3o. Mesmo no caso de uma decis\u00e3o negativa, esta ser\u00e1 igualmente anunciada no mesmo dia. Ap\u00f3s este an\u00fancio, o seu advogado disp\u00f5e de um dia para responder \u00e0 decis\u00e3o. No dia seguinte, o IND tomar\u00e1 uma nova decis\u00e3o ou indicar\u00e1 que necessita de mais tempo, por exemplo, para efetuar mais investiga\u00e7\u00f5es sobre determinados documentos.<\/p>\t\t\t\t\t\t\t\t<\/div>\n\t\t\t\t<\/div>\n\t\t\t\t<div class=\"elementor-element elementor-element-52bfeb7 elementor-widget elementor-widget-spacer\" data-id=\"52bfeb7\" data-element_type=\"widget\" data-e-type=\"widget\" data-widget_type=\"spacer.default\">\n\t\t\t\t<div class=\"elementor-widget-container\">\n\t\t\t\t\t\t\t<div class=\"elementor-spacer\">\n\t\t\t<div class=\"elementor-spacer-inner\"><\/div>\n\t\t<\/div>\n\t\t\t\t\t\t<\/div>\n\t\t\t\t<\/div>\n\t\t\t\t<div class=\"elementor-element elementor-element-fcd6808 elementor-widget elementor-widget-heading\" data-id=\"fcd6808\" data-element_type=\"widget\" data-e-type=\"widget\" data-widget_type=\"heading.default\">\n\t\t\t\t<div class=\"elementor-widget-container\">\n\t\t\t\t\t<h3 class=\"elementor-heading-title elementor-size-default\">Recurso<\/h3>\t\t\t\t<\/div>\n\t\t\t\t<\/div>\n\t\t\t\t<div class=\"elementor-element elementor-element-7001e0b color-scheme-inherit text-left elementor-widget elementor-widget-text-editor\" data-id=\"7001e0b\" data-element_type=\"widget\" data-e-type=\"widget\" data-widget_type=\"text-editor.default\">\n\t\t\t\t<div class=\"elementor-widget-container\">\n\t\t\t\t\t\t\t\t\t<p>N\u00e3o s\u00f3 quando os sucessivos pedidos de asilo s\u00e3o rejeitados, mas tamb\u00e9m quando o Servi\u00e7o de Imigra\u00e7\u00e3o e Naturaliza\u00e7\u00e3o (IND) toma uma decis\u00e3o negativa, tem a possibilidade de recorrer ao tribunal. Se a decis\u00e3o do tribunal tamb\u00e9m for negativa, existe outra possibilidade de recurso para a Divis\u00e3o de Direito Administrativo do Conselho de Estado (ABvRS).<\/p><p>Este processo de recurso d\u00e1-lhe uma oportunidade adicional de ver o seu caso revisto e de apresentar argumentos e provas adicionais. A ABvRS \u00e9 um organismo independente que avalia a legalidade da decis\u00e3o do IND.<\/p>\t\t\t\t\t\t\t\t<\/div>\n\t\t\t\t<\/div>\n\t\t\t\t<div class=\"elementor-element elementor-element-f29c2e6 elementor-widget elementor-widget-spacer\" data-id=\"f29c2e6\" data-element_type=\"widget\" data-e-type=\"widget\" data-widget_type=\"spacer.default\">\n\t\t\t\t<div class=\"elementor-widget-container\">\n\t\t\t\t\t\t\t<div class=\"elementor-spacer\">\n\t\t\t<div class=\"elementor-spacer-inner\"><\/div>\n\t\t<\/div>\n\t\t\t\t\t\t<\/div>\n\t\t\t\t<\/div>\n\t\t\t\t<div class=\"elementor-element elementor-element-d9c540a elementor-widget elementor-widget-heading\" data-id=\"d9c540a\" data-element_type=\"widget\" data-e-type=\"widget\" data-widget_type=\"heading.default\">\n\t\t\t\t<div class=\"elementor-widget-container\">\n\t\t\t\t\t<h3 class=\"elementor-heading-title elementor-size-default\">Como se processa o procedimento HASA de um pedido de asilo repetido?<\/h3>\t\t\t\t<\/div>\n\t\t\t\t<\/div>\n\t\t\t\t<div class=\"elementor-element elementor-element-79df8a5 color-scheme-inherit text-left elementor-widget elementor-widget-text-editor\" data-id=\"79df8a5\" data-element_type=\"widget\" data-e-type=\"widget\" data-widget_type=\"text-editor.default\">\n\t\t\t\t<div class=\"elementor-widget-container\">\n\t\t\t\t\t\t\t\t\t<p>O processo de direito de asilo nos Pa\u00edses Baixos envolve v\u00e1rias etapas. Segue-se uma descri\u00e7\u00e3o mais pormenorizada do procedimento:<\/p><ul><li><strong>Verificar as condi\u00e7\u00f5es:<\/strong> Antes de apresentar um pedido HASA, \u00e9 importante verificar se preenche as condi\u00e7\u00f5es para apresentar um pedido de asilo repetido. Estas condi\u00e7\u00f5es podem variar consoante a sua situa\u00e7\u00e3o espec\u00edfica.<\/li><li><strong>Recolha de documentos:<\/strong>\u00a0Recolha todos os documentos relevantes que possa utilizar para fundamentar o seu pedido HASA. Estes documentos podem incluir novas provas que demonstrem que a sua situa\u00e7\u00e3o se alterou desde o pedido de asilo anterior.<\/li><li><strong>Aplica\u00e7\u00e3o:<\/strong>\u00a0o formul\u00e1rio de candidatura completo em neerland\u00eas e apresent\u00e1-lo no balc\u00e3o do HASA em Ter Apel. Certifique-se de que inclui todos os documentos necess\u00e1rios.<\/li><li><strong>Verifica\u00e7\u00e3o do pedido:<\/strong>\u00a0o Servi\u00e7o de Imigra\u00e7\u00e3o e Naturaliza\u00e7\u00e3o (IND) avaliar\u00e1 o seu pedido e verificar\u00e1 se est\u00e1 completo. Se faltarem alguns documentos ou informa\u00e7\u00f5es, o IND pode pedir-lhe que os complete.<\/li><li><strong>Ouvir ou n\u00e3o ouvir:<\/strong>\u00a0Se o IND determinar que existem factos novos suficientes ou circunst\u00e2ncias alteradas que justifiquem uma reconsidera\u00e7\u00e3o, pode realizar-se uma audi\u00eancia na qual lhe ser\u00e1 dada a oportunidade de explicar melhor o seu caso. Esta audi\u00eancia tem como objetivo fornecer informa\u00e7\u00f5es adicionais e responder a quaisquer perguntas que o IND possa ter.<\/li><li><strong>Decis\u00e3o sobre o pedido:<\/strong>\u00a0Com base nos documentos apresentados, na audi\u00e7\u00e3o e noutras informa\u00e7\u00f5es pertinentes, o IND tomar\u00e1 uma decis\u00e3o sobre o seu pedido de HASA. Esta decis\u00e3o pode ser positiva ou negativa.<\/li><li><strong>Recolha da autoriza\u00e7\u00e3o de resid\u00eancia:<\/strong>\u00a0Se o pedido HASA for aprovado, ser-lhe-\u00e1 concedida uma autoriza\u00e7\u00e3o de resid\u00eancia. Pode levantar esta autoriza\u00e7\u00e3o junto do IND ou de outra autoridade designada. Certifique-se de que segue todos os passos necess\u00e1rios para receber e ativar a sua autoriza\u00e7\u00e3o de resid\u00eancia.<\/li><\/ul>\t\t\t\t\t\t\t\t<\/div>\n\t\t\t\t<\/div>\n\t\t\t\t<div class=\"elementor-element elementor-element-86138b9 elementor-widget elementor-widget-spacer\" data-id=\"86138b9\" data-element_type=\"widget\" data-e-type=\"widget\" data-widget_type=\"spacer.default\">\n\t\t\t\t<div class=\"elementor-widget-container\">\n\t\t\t\t\t\t\t<div class=\"elementor-spacer\">\n\t\t\t<div class=\"elementor-spacer-inner\"><\/div>\n\t\t<\/div>\n\t\t\t\t\t\t<\/div>\n\t\t\t\t<\/div>\n\t\t\t\t<div class=\"elementor-element elementor-element-2a2a4fe elementor-widget elementor-widget-heading\" data-id=\"2a2a4fe\" data-element_type=\"widget\" data-e-type=\"widget\" data-widget_type=\"heading.default\">\n\t\t\t\t<div class=\"elementor-widget-container\">\n\t\t\t\t\t<h3 class=\"elementor-heading-title elementor-size-default\">Advogado para pedidos de asilo repetidos<\/h3>\t\t\t\t<\/div>\n\t\t\t\t<\/div>\n\t\t\t\t<div class=\"elementor-element elementor-element-1cd712b color-scheme-inherit text-left elementor-widget elementor-widget-text-editor\" data-id=\"1cd712b\" data-element_type=\"widget\" data-e-type=\"widget\" data-widget_type=\"text-editor.default\">\n\t\t\t\t<div class=\"elementor-widget-container\">\n\t\t\t\t\t\t\t\t\t<p>\u00c9 vital passar pelo processo de asilo para obter um resultado exato, o que pode ser demorado sem contratar um advogado experiente.<\/p><p>A sociedade de advogados Der Bedrosian tem advogados com experi\u00eancia nas \u00e1reas de <a href=\"https:\/\/www.derbedrosian.nl\/pt\/jurisdicoes\/direito-de-asilo\/\">direito de asilo<\/a> e, por conseguinte, oferecer ajuda profissional ao longo de todo o processo.<\/p><p>Por isso, n\u00e3o hesite em contactar-nos para encontrar uma <a href=\"https:\/\/www.derbedrosian.nl\/pt\/advogados\/\">advogado experiente<\/a> discutir a sua situa\u00e7\u00e3o.<\/p>\t\t\t\t\t\t\t\t<\/div>\n\t\t\t\t<\/div>\n\t\t\t\t\t<\/div>\n\t\t\t\t<\/div>\n\t\t\t\t<\/div>","protected":false},"excerpt":{"rendered":"<p>direito de asilo Formul\u00e1rio de pedido de asilo repetido advogado direito de asilo direito dos refugiados e direito de asilo diferen\u00e7a pedido de asilo repetido hasa carta urgente \u00e0 C\u00e2mara dos Deputados dia<\/p>","protected":false},"author":1,"featured_media":0,"parent":10757,"menu_order":0,"comment_status":"closed","ping_status":"closed","template":"","meta":{"footnotes":""},"class_list":["post-10794","page","type-page","status-publish","hentry"],"_links":{"self":[{"href":"https:\/\/www.derbedrosian.nl\/pt\/wp-json\/wp\/v2\/pages\/10794","targetHints":{"allow":["GET"]}}],"collection":[{"href":"https:\/\/www.derbedrosian.nl\/pt\/wp-json\/wp\/v2\/pages"}],"about":[{"href":"https:\/\/www.derbedrosian.nl\/pt\/wp-json\/wp\/v2\/types\/page"}],"author":[{"embeddable":true,"href":"https:\/\/www.derbedrosian.nl\/pt\/wp-json\/wp\/v2\/users\/1"}],"replies":[{"embeddable":true,"href":"https:\/\/www.derbedrosian.nl\/pt\/wp-json\/wp\/v2\/comments?post=10794"}],"version-history":[{"count":0,"href":"https:\/\/www.derbedrosian.nl\/pt\/wp-json\/wp\/v2\/pages\/10794\/revisions"}],"up":[{"embeddable":true,"href":"https:\/\/www.derbedrosian.nl\/pt\/wp-json\/wp\/v2\/pages\/10757"}],"wp:attachment":[{"href":"https:\/\/www.derbedrosian.nl\/pt\/wp-json\/wp\/v2\/media?parent=10794"}],"curies":[{"name":"wp","href":"https:\/\/api.w.org\/{rel}","templated":true}]}}