{"id":10789,"date":"2023-05-29T09:44:21","date_gmt":"2023-05-29T07:44:21","guid":{"rendered":"https:\/\/derbedrosian.nl\/?page_id=10789"},"modified":"2025-12-21T16:35:30","modified_gmt":"2025-12-21T14:35:30","slug":"reagrupamento-familiar-pos-reuniao","status":"publish","type":"page","link":"https:\/\/www.derbedrosian.nl\/pt\/rechtsgebieden\/asielrecht\/gezinshereniging-nareis\/","title":{"rendered":"Reagrupamento familiar (p\u00f3s-viagem)"},"content":{"rendered":"<div data-elementor-type=\"wp-page\" data-elementor-id=\"10789\" class=\"elementor elementor-10789\" data-elementor-post-type=\"page\">\n\t\t\t\t<div class=\"wd-negative-gap elementor-element elementor-element-fde68bb e-flex e-con-boxed e-con e-parent\" data-id=\"fde68bb\" data-element_type=\"container\" data-e-type=\"container\">\n\t\t\t\t\t<div class=\"e-con-inner\">\n\t\t\t\t<div class=\"elementor-element elementor-element-141c632 color-scheme-inherit text-left elementor-widget elementor-widget-text-editor\" data-id=\"141c632\" data-element_type=\"widget\" data-e-type=\"widget\" data-widget_type=\"text-editor.default\">\n\t\t\t\t<div class=\"elementor-widget-container\">\n\t\t\t\t\t\t\t\t\t<p><strong>A sociedade de advogados Der Bedrosian disp\u00f5e de advogados especializados no dom\u00ednio do reagrupamento familiar (p\u00f3s-regresso).<\/strong><\/p>\t\t\t\t\t\t\t\t<\/div>\n\t\t\t\t<\/div>\n\t\t\t\t<div class=\"elementor-element elementor-element-f0240e2 elementor-widget elementor-widget-heading\" data-id=\"f0240e2\" data-element_type=\"widget\" data-e-type=\"widget\" data-widget_type=\"heading.default\">\n\t\t\t\t<div class=\"elementor-widget-container\">\n\t\t\t\t\t<h3 class=\"elementor-heading-title elementor-size-default\">O que \u00e9 uma reuni\u00e3o de fam\u00edlia?<\/h3>\t\t\t\t<\/div>\n\t\t\t\t<\/div>\n\t\t\t\t<div class=\"elementor-element elementor-element-274f90e color-scheme-inherit text-left elementor-widget elementor-widget-text-editor\" data-id=\"274f90e\" data-element_type=\"widget\" data-e-type=\"widget\" data-widget_type=\"text-editor.default\">\n\t\t\t\t<div class=\"elementor-widget-container\">\n\t\t\t\t\t\t\t\t\t<p>O reagrupamento familiar \u00e9 a reuni\u00e3o de uma fam\u00edlia que foi separada devido \u00e0 guerra ou \u00e0s suas consequ\u00eancias. Uma vez concedida a autoriza\u00e7\u00e3o de resid\u00eancia a um refugiado, este pode trazer os membros da sua fam\u00edlia para os Pa\u00edses Baixos.<\/p>\t\t\t\t\t\t\t\t<\/div>\n\t\t\t\t<\/div>\n\t\t\t\t<div class=\"elementor-element elementor-element-09590f8 elementor-widget elementor-widget-spacer\" data-id=\"09590f8\" data-element_type=\"widget\" data-e-type=\"widget\" data-widget_type=\"spacer.default\">\n\t\t\t\t<div class=\"elementor-widget-container\">\n\t\t\t\t\t\t\t<div class=\"elementor-spacer\">\n\t\t\t<div class=\"elementor-spacer-inner\"><\/div>\n\t\t<\/div>\n\t\t\t\t\t\t<\/div>\n\t\t\t\t<\/div>\n\t\t\t\t<div class=\"elementor-element elementor-element-0542018 elementor-widget elementor-widget-heading\" data-id=\"0542018\" data-element_type=\"widget\" data-e-type=\"widget\" data-widget_type=\"heading.default\">\n\t\t\t\t<div class=\"elementor-widget-container\">\n\t\t\t\t\t<h3 class=\"elementor-heading-title elementor-size-default\">Per\u00edodo p\u00f3s-viagem<\/h3>\t\t\t\t<\/div>\n\t\t\t\t<\/div>\n\t\t\t\t<div class=\"elementor-element elementor-element-5bfee2e color-scheme-inherit text-left elementor-widget elementor-widget-text-editor\" data-id=\"5bfee2e\" data-element_type=\"widget\" data-e-type=\"widget\" data-widget_type=\"text-editor.default\">\n\t\t\t\t<div class=\"elementor-widget-container\">\n\t\t\t\t\t\t\t\t\tO pedido de reagrupamento familiar e o pedido de MVV p\u00f3s-viagem devem ser apresentados no prazo de 3 meses ap\u00f3s o requerente ter sido notificado de que lhe foi concedida uma autoriza\u00e7\u00e3o de asilo. \t\t\t\t\t\t\t\t<\/div>\n\t\t\t\t<\/div>\n\t\t\t\t<div class=\"elementor-element elementor-element-7974393 elementor-widget elementor-widget-spacer\" data-id=\"7974393\" data-element_type=\"widget\" data-e-type=\"widget\" data-widget_type=\"spacer.default\">\n\t\t\t\t<div class=\"elementor-widget-container\">\n\t\t\t\t\t\t\t<div class=\"elementor-spacer\">\n\t\t\t<div class=\"elementor-spacer-inner\"><\/div>\n\t\t<\/div>\n\t\t\t\t\t\t<\/div>\n\t\t\t\t<\/div>\n\t\t\t\t<div class=\"elementor-element elementor-element-77380f5 elementor-widget elementor-widget-heading\" data-id=\"77380f5\" data-element_type=\"widget\" data-e-type=\"widget\" data-widget_type=\"heading.default\">\n\t\t\t\t<div class=\"elementor-widget-container\">\n\t\t\t\t\t<h3 class=\"elementor-heading-title elementor-size-default\">Condi\u00e7\u00f5es<\/h3>\t\t\t\t<\/div>\n\t\t\t\t<\/div>\n\t\t\t\t<div class=\"elementor-element elementor-element-981610a color-scheme-inherit text-left elementor-widget elementor-widget-text-editor\" data-id=\"981610a\" data-element_type=\"widget\" data-e-type=\"widget\" data-widget_type=\"text-editor.default\">\n\t\t\t\t<div class=\"elementor-widget-container\">\n\t\t\t\t\t\t\t\t\t<ul><li>Tem um t\u00edtulo de resid\u00eancia de asilo<\/li><li>S\u00f3 pode apresentar este pedido para: o seu c\u00f4njuge o seu parceiro, o seu filho (adotivo) os seus pais ( S\u00f3 pode apresentar o pedido para os seus pais se era solteiro e tinha menos de 18 anos quando pediu asilo.<\/li><li>Requerer o mvv para o seu familiar no prazo de tr\u00eas meses ap\u00f3s a obten\u00e7\u00e3o da autoriza\u00e7\u00e3o de asilo.<\/li><li>O seu familiar pertence \u00e0 sua fam\u00edlia e tamb\u00e9m pertenceu \u00e0 sua fam\u00edlia no estrangeiro.<\/li><li>Ambos devem ter 18 anos de idade ou mais se estiver a solicitar o mvv para o seu c\u00f4njuge ou parceiro<\/li><li>O seu familiar n\u00e3o cometeu qualquer infra\u00e7\u00e3o ou crime<\/li><li>O progenitor mais atrasado do pa\u00eds de origem deve assinar um formul\u00e1rio de autoriza\u00e7\u00e3o. O progenitor d\u00e1 assim autoriza\u00e7\u00e3o para a partida da crian\u00e7a para os Pa\u00edses Baixos.<\/li><li>Deve provar a identidade e o parentesco do seu familiar atrav\u00e9s de documentos.<\/li><\/ul>\t\t\t\t\t\t\t\t<\/div>\n\t\t\t\t<\/div>\n\t\t\t\t<div class=\"elementor-element elementor-element-7f67a54 elementor-widget elementor-widget-spacer\" data-id=\"7f67a54\" data-element_type=\"widget\" data-e-type=\"widget\" data-widget_type=\"spacer.default\">\n\t\t\t\t<div class=\"elementor-widget-container\">\n\t\t\t\t\t\t\t<div class=\"elementor-spacer\">\n\t\t\t<div class=\"elementor-spacer-inner\"><\/div>\n\t\t<\/div>\n\t\t\t\t\t\t<\/div>\n\t\t\t\t<\/div>\n\t\t\t\t<div class=\"elementor-element elementor-element-720ebd7 elementor-widget elementor-widget-heading\" data-id=\"720ebd7\" data-element_type=\"widget\" data-e-type=\"widget\" data-widget_type=\"heading.default\">\n\t\t\t\t<div class=\"elementor-widget-container\">\n\t\t\t\t\t<h3 class=\"elementor-heading-title elementor-size-default\">Procedimento Reagrupamento familiar<\/h3>\t\t\t\t<\/div>\n\t\t\t\t<\/div>\n\t\t\t\t<div class=\"elementor-element elementor-element-24d4bc0 color-scheme-inherit text-left elementor-widget elementor-widget-text-editor\" data-id=\"24d4bc0\" data-element_type=\"widget\" data-e-type=\"widget\" data-widget_type=\"text-editor.default\">\n\t\t\t\t<div class=\"elementor-widget-container\">\n\t\t\t\t\t\t\t\t\t<ul><li><strong>Verificar as condi\u00e7\u00f5es:<\/strong>\u00a0o primeiro ponto importante no processo de reagrupamento familiar \u00e9 verificar cuidadosamente se preenche todos os requisitos antes de prosseguir.<\/li><li><strong>Recolha de documentos:<\/strong>\u00a0Re\u00fana todos os documentos exigidos e os documentos comprovativos necess\u00e1rios para apoiar o seu pedido. Estes incluem documentos de identidade, certid\u00f5es de casamento, certid\u00f5es de nascimento dos filhos e outros documentos relevantes.<\/li><li><strong>Apresentar candidatura:<\/strong>\u00a0Apresente o seu pedido ao Servi\u00e7o de Imigra\u00e7\u00e3o e Naturaliza\u00e7\u00e3o (IND). Preencha corretamente todos os formul\u00e1rios e certifique-se de que inclui todos os documentos necess\u00e1rios.<\/li><li><strong>Pagamento de custos:<\/strong>\u00a0pagar as taxas exigidas para a sua candidatura. Certifique-se de que tem conhecimento das taxas em vigor e que as paga atempadamente.<\/li><li><strong>Aguarda decis\u00e3o sobre o pedido:<\/strong>\u00a0Depois de apresentar o seu pedido, deve aguardar pacientemente enquanto o IND avalia o seu caso. N\u00e3o se esque\u00e7a de que este processo pode demorar algum tempo, por isso, seja paciente.<\/li><li><strong>Decis\u00e3o sobre o pedido:<\/strong>\u00a0Ap\u00f3s o IND ter tomado uma decis\u00e3o sobre o seu pedido, ser-lhe-\u00e1 comunicado o resultado. Este resultado pode ser positivo ou negativo, consoante a sua situa\u00e7\u00e3o.<\/li><li><strong>Obter o Mvv e viajar para os Pa\u00edses Baixos:<\/strong> Se o seu pedido for aprovado, pode requerer uma autoriza\u00e7\u00e3o de resid\u00eancia provis\u00f3ria (MVV) junto da embaixada ou do consulado neerland\u00eas no seu pa\u00eds de origem. A Mvv permite-lhe viajar para os Pa\u00edses Baixos.<\/li><li>Registo nos Pa\u00edses Baixos: Uma vez nos Pa\u00edses Baixos, ter\u00e1 de se registar no munic\u00edpio onde vai viver. A\u00ed tomar\u00e1 outras medidas para oficializar o seu reagrupamento familiar e integrar-se na sociedade neerlandesa.<\/li><\/ul><p>Este procedimento passo a passo fornece uma vis\u00e3o geral do que esperar durante o processo de reagrupamento familiar nos Pa\u00edses Baixos. \u00c9 muito importante proceder com exatid\u00e3o e paci\u00eancia em cada fase para garantir que o seu pedido decorre sem problemas.<\/p>\t\t\t\t\t\t\t\t<\/div>\n\t\t\t\t<\/div>\n\t\t\t\t<div class=\"elementor-element elementor-element-614c2d7 elementor-widget elementor-widget-spacer\" data-id=\"614c2d7\" data-element_type=\"widget\" data-e-type=\"widget\" data-widget_type=\"spacer.default\">\n\t\t\t\t<div class=\"elementor-widget-container\">\n\t\t\t\t\t\t\t<div class=\"elementor-spacer\">\n\t\t\t<div class=\"elementor-spacer-inner\"><\/div>\n\t\t<\/div>\n\t\t\t\t\t\t<\/div>\n\t\t\t\t<\/div>\n\t\t\t\t<div class=\"elementor-element elementor-element-eb094a8 elementor-widget elementor-widget-heading\" data-id=\"eb094a8\" data-element_type=\"widget\" data-e-type=\"widget\" data-widget_type=\"heading.default\">\n\t\t\t\t<div class=\"elementor-widget-container\">\n\t\t\t\t\t<h3 class=\"elementor-heading-title elementor-size-default\">Advogado Reagrupamento familiar ap\u00f3s a chegada<\/h3>\t\t\t\t<\/div>\n\t\t\t\t<\/div>\n\t\t\t\t<div class=\"elementor-element elementor-element-da6acdc color-scheme-inherit text-left elementor-widget elementor-widget-text-editor\" data-id=\"da6acdc\" data-element_type=\"widget\" data-e-type=\"widget\" data-widget_type=\"text-editor.default\">\n\t\t\t\t<div class=\"elementor-widget-container\">\n\t\t\t\t\t\t\t\t\tO processo de reagrupamento familiar pode tornar-se rapidamente complicado se alguma das condi\u00e7\u00f5es n\u00e3o for cumprida. Por exemplo, se o Servi\u00e7o de Imigra\u00e7\u00e3o e Naturaliza\u00e7\u00e3o (IND) duvidar da autenticidade da sua rela\u00e7\u00e3o quando esta n\u00e3o \u00e9 justificada. Os advogados experientes da Der Bedrosian Law Firm t\u00eam vastos conhecimentos e experi\u00eancia no dom\u00ednio do reagrupamento familiar e est\u00e3o prontos para o ajudar a navegar neste processo. Assim que contactar o nosso escrit\u00f3rio de advogados, coloc\u00e1-lo-emos em contacto direto com um advogado especializado. Fazemos tudo isto para o apoiar na sua tentativa de reagrupamento familiar.\t\t\t\t\t\t\t\t<\/div>\n\t\t\t\t<\/div>\n\t\t\t\t\t<\/div>\n\t\t\t\t<\/div>\n\t\t\t\t<\/div>","protected":false},"excerpt":{"rendered":"<p>A sociedade de advogados Der Bedrosian disp\u00f5e de advogados especializados no dom\u00ednio do reagrupamento familiar (p\u00f3s-regresso). O que \u00e9 o reagrupamento familiar? O reagrupamento familiar \u00e9 o<\/p>","protected":false},"author":1,"featured_media":0,"parent":10757,"menu_order":0,"comment_status":"closed","ping_status":"closed","template":"","meta":{"footnotes":""},"class_list":["post-10789","page","type-page","status-publish","hentry"],"_links":{"self":[{"href":"https:\/\/www.derbedrosian.nl\/pt\/wp-json\/wp\/v2\/pages\/10789","targetHints":{"allow":["GET"]}}],"collection":[{"href":"https:\/\/www.derbedrosian.nl\/pt\/wp-json\/wp\/v2\/pages"}],"about":[{"href":"https:\/\/www.derbedrosian.nl\/pt\/wp-json\/wp\/v2\/types\/page"}],"author":[{"embeddable":true,"href":"https:\/\/www.derbedrosian.nl\/pt\/wp-json\/wp\/v2\/users\/1"}],"replies":[{"embeddable":true,"href":"https:\/\/www.derbedrosian.nl\/pt\/wp-json\/wp\/v2\/comments?post=10789"}],"version-history":[{"count":0,"href":"https:\/\/www.derbedrosian.nl\/pt\/wp-json\/wp\/v2\/pages\/10789\/revisions"}],"up":[{"embeddable":true,"href":"https:\/\/www.derbedrosian.nl\/pt\/wp-json\/wp\/v2\/pages\/10757"}],"wp:attachment":[{"href":"https:\/\/www.derbedrosian.nl\/pt\/wp-json\/wp\/v2\/media?parent=10789"}],"curies":[{"name":"wp","href":"https:\/\/api.w.org\/{rel}","templated":true}]}}