{"id":10779,"date":"2023-05-27T14:33:07","date_gmt":"2023-05-27T12:33:07","guid":{"rendered":"https:\/\/derbedrosian.nl\/?page_id=10779"},"modified":"2025-12-21T16:34:41","modified_gmt":"2025-12-21T14:34:41","slug":"procedimento-de-asilo-neerlandes","status":"publish","type":"page","link":"https:\/\/www.derbedrosian.nl\/pt\/rechtsgebieden\/asielrecht\/dutch-asylum-procedure\/","title":{"rendered":"Procedimento de asilo neerland\u00eas"},"content":{"rendered":"<div data-elementor-type=\"wp-page\" data-elementor-id=\"10779\" class=\"elementor elementor-10779\" data-elementor-post-type=\"page\">\n\t\t\t\t<div class=\"wd-negative-gap elementor-element elementor-element-f40594e e-flex e-con-boxed e-con e-parent\" data-id=\"f40594e\" data-element_type=\"container\" data-e-type=\"container\">\n\t\t\t\t\t<div class=\"e-con-inner\">\n\t\t\t\t<div class=\"elementor-element elementor-element-8ed3410 elementor-hidden-desktop elementor-hidden-tablet elementor-hidden-mobile elementor-widget elementor-widget-wd_image_or_svg\" data-id=\"8ed3410\" data-element_type=\"widget\" data-e-type=\"widget\" id=\"seo-word\" data-widget_type=\"wd_image_or_svg.default\">\n\t\t\t\t<div class=\"elementor-widget-container\">\n\t\t\t\t\t\n\t\t<div class=\"wd-image text-left\">\n\t\t\t\t\t\t\t\t<img loading=\"lazy\" decoding=\"async\" width=\"1000\" height=\"667\" src=\"https:\/\/www.derbedrosian.nl\/wp-content\/uploads\/rechtsgebied-dutch-asylum-procedure.jpg\" class=\"attachment-full size-full\" alt=\"Procedimento de asilo neerland\u00eas ind direito de asilo advogado determina\u00e7\u00e3o da orienta\u00e7\u00e3o sexual\" srcset=\"https:\/\/www.derbedrosian.nl\/wp-content\/uploads\/rechtsgebied-dutch-asylum-procedure.jpg 1000w, https:\/\/www.derbedrosian.nl\/wp-content\/uploads\/rechtsgebied-dutch-asylum-procedure-400x267.jpg 400w, https:\/\/www.derbedrosian.nl\/wp-content\/uploads\/rechtsgebied-dutch-asylum-procedure-768x512.jpg 768w\" sizes=\"auto, (max-width: 1000px) 100vw, 1000px\" title=\"\">\t\t\t\t\t<\/div>\n\n\t\t\t\t\t\t<\/div>\n\t\t\t\t<\/div>\n\t\t\t\t<div class=\"elementor-element elementor-element-ba6fc08 elementor-hidden-desktop elementor-hidden-tablet elementor-hidden-mobile elementor-widget elementor-widget-heading\" data-id=\"ba6fc08\" data-element_type=\"widget\" data-e-type=\"widget\" id=\"seo-word\" data-widget_type=\"heading.default\">\n\t\t\t\t<div class=\"elementor-widget-container\">\n\t\t\t\t\t<h2 class=\"elementor-heading-title elementor-size-default\">Determina\u00e7\u00e3o da orienta\u00e7\u00e3o sexual<\/h2>\t\t\t\t<\/div>\n\t\t\t\t<\/div>\n\t\t\t\t<div class=\"elementor-element elementor-element-efaddac elementor-hidden-desktop elementor-hidden-tablet elementor-hidden-mobile elementor-widget elementor-widget-heading\" data-id=\"efaddac\" data-element_type=\"widget\" data-e-type=\"widget\" id=\"seo-word\" data-widget_type=\"heading.default\">\n\t\t\t\t<div class=\"elementor-widget-container\">\n\t\t\t\t\t<h5 class=\"elementor-heading-title elementor-size-default\">ind<\/h5>\t\t\t\t<\/div>\n\t\t\t\t<\/div>\n\t\t\t\t<div class=\"elementor-element elementor-element-9eea203 elementor-hidden-desktop elementor-hidden-tablet elementor-hidden-mobile elementor-widget elementor-widget-heading\" data-id=\"9eea203\" data-element_type=\"widget\" data-e-type=\"widget\" id=\"seo-word\" data-widget_type=\"heading.default\">\n\t\t\t\t<div class=\"elementor-widget-container\">\n\t\t\t\t\t<h5 class=\"elementor-heading-title elementor-size-default\">direito de asilo<\/h5>\t\t\t\t<\/div>\n\t\t\t\t<\/div>\n\t\t\t\t<div class=\"elementor-element elementor-element-c7a1109 elementor-hidden-desktop elementor-hidden-tablet elementor-hidden-mobile elementor-widget elementor-widget-heading\" data-id=\"c7a1109\" data-element_type=\"widget\" data-e-type=\"widget\" id=\"seo-word\" data-widget_type=\"heading.default\">\n\t\t\t\t<div class=\"elementor-widget-container\">\n\t\t\t\t\t<h5 class=\"elementor-heading-title elementor-size-default\">advogado de direito de asilo em enschede<\/h5>\t\t\t\t<\/div>\n\t\t\t\t<\/div>\n\t\t\t\t<div class=\"elementor-element elementor-element-1f5fb10 elementor-hidden-desktop elementor-hidden-tablet elementor-hidden-mobile elementor-widget elementor-widget-heading\" data-id=\"1f5fb10\" data-element_type=\"widget\" data-e-type=\"widget\" id=\"seo-word\" data-widget_type=\"heading.default\">\n\t\t\t\t<div class=\"elementor-widget-container\">\n\t\t\t\t\t<h5 class=\"elementor-heading-title elementor-size-default\">advogado de direito de asilo overijssel<\/h5>\t\t\t\t<\/div>\n\t\t\t\t<\/div>\n\t\t\t\t<div class=\"elementor-element elementor-element-a99d3c6 elementor-hidden-desktop elementor-hidden-tablet elementor-hidden-mobile elementor-widget elementor-widget-heading\" data-id=\"a99d3c6\" data-element_type=\"widget\" data-e-type=\"widget\" id=\"seo-word\" data-widget_type=\"heading.default\">\n\t\t\t\t<div class=\"elementor-widget-container\">\n\t\t\t\t\t<h5 class=\"elementor-heading-title elementor-size-default\">direito de asilo enschede<\/h5>\t\t\t\t<\/div>\n\t\t\t\t<\/div>\n\t\t\t\t<div class=\"elementor-element elementor-element-f0990de elementor-hidden-desktop elementor-hidden-tablet elementor-hidden-mobile elementor-widget elementor-widget-heading\" data-id=\"f0990de\" data-element_type=\"widget\" data-e-type=\"widget\" id=\"seo-word\" data-widget_type=\"heading.default\">\n\t\t\t\t<div class=\"elementor-widget-container\">\n\t\t\t\t\t<h5 class=\"elementor-heading-title elementor-size-default\">advogado enschede direito de asilo<\/h5>\t\t\t\t<\/div>\n\t\t\t\t<\/div>\n\t\t\t\t<div class=\"elementor-element elementor-element-bbf6404 elementor-hidden-desktop elementor-hidden-tablet elementor-hidden-mobile elementor-widget elementor-widget-heading\" data-id=\"bbf6404\" data-element_type=\"widget\" data-e-type=\"widget\" id=\"seo-word\" data-widget_type=\"heading.default\">\n\t\t\t\t<div class=\"elementor-widget-container\">\n\t\t\t\t\t<h5 class=\"elementor-heading-title elementor-size-default\">Pedido de asilo neerland\u00eas<\/h5>\t\t\t\t<\/div>\n\t\t\t\t<\/div>\n\t\t\t\t<div class=\"elementor-element elementor-element-26fdffd elementor-hidden-desktop elementor-hidden-tablet elementor-hidden-mobile elementor-widget elementor-widget-heading\" data-id=\"26fdffd\" data-element_type=\"widget\" data-e-type=\"widget\" id=\"seo-word\" data-widget_type=\"heading.default\">\n\t\t\t\t<div class=\"elementor-widget-container\">\n\t\t\t\t\t<h5 class=\"elementor-heading-title elementor-size-default\">Estabelecer a orienta\u00e7\u00e3o sexual de uma pessoa pode ser uma quest\u00e3o crucial nos processos de asilo. Nos Pa\u00edses Baixos, pode requerer asilo com base na sua orienta\u00e7\u00e3o sexual se conseguir provar que \u00e9 perseguido no seu pa\u00eds de origem devido \u00e0 sua orienta\u00e7\u00e3o. O Servi\u00e7o de Imigra\u00e7\u00e3o e Naturaliza\u00e7\u00e3o (IND) \u00e9 respons\u00e1vel pela avalia\u00e7\u00e3o dos pedidos de asilo, incluindo os baseados na orienta\u00e7\u00e3o sexual.\n\nDerbedrosian Immigration Lawyers em Enschede e Overijssel tem experi\u00eancia na representa\u00e7\u00e3o de requerentes de asilo nos Pa\u00edses Baixos, incluindo aqueles que procuram asilo com base na sua orienta\u00e7\u00e3o sexual. Compreendemos a complexidade do procedimento de asilo holand\u00eas e oferecemos aconselhamento jur\u00eddico especializado e orienta\u00e7\u00e3o durante todo o processo.\n\nSe tiver d\u00favidas sobre o pedido de asilo na Holanda com base na sua orienta\u00e7\u00e3o sexual, o procedimento IND, ou se precisar de assist\u00eancia jur\u00eddica, por favor n\u00e3o hesite em contactar Derbedrosian Immigration Lawyers. Estamos prontos para o ajudar e proteger os seus direitos.<\/h5>\t\t\t\t<\/div>\n\t\t\t\t<\/div>\n\t\t\t\t<div class=\"elementor-element elementor-element-f72bc4b color-scheme-inherit text-left elementor-widget elementor-widget-text-editor\" data-id=\"f72bc4b\" data-element_type=\"widget\" data-e-type=\"widget\" data-widget_type=\"text-editor.default\">\n\t\t\t\t<div class=\"elementor-widget-container\">\n\t\t\t\t\t\t\t\t\t<p><strong>O processo de asilo neerland\u00eas, tamb\u00e9m conhecido por processo de asilo neerland\u00eas, faz parte da pol\u00edtica de imigra\u00e7\u00e3o e de asilo dos Pa\u00edses Baixos. Este procedimento destina-se a avaliar se as pessoas que procuram ref\u00fagio nos Pa\u00edses Baixos devido a perigo iminente no seu pa\u00eds de origem re\u00fanem as condi\u00e7\u00f5es para beneficiar de asilo e prote\u00e7\u00e3o.<\/strong><\/p>\t\t\t\t\t\t\t\t<\/div>\n\t\t\t\t<\/div>\n\t\t\t\t<div class=\"elementor-element elementor-element-46f76d8 elementor-widget elementor-widget-spacer\" data-id=\"46f76d8\" data-element_type=\"widget\" data-e-type=\"widget\" data-widget_type=\"spacer.default\">\n\t\t\t\t<div class=\"elementor-widget-container\">\n\t\t\t\t\t\t\t<div class=\"elementor-spacer\">\n\t\t\t<div class=\"elementor-spacer-inner\"><\/div>\n\t\t<\/div>\n\t\t\t\t\t\t<\/div>\n\t\t\t\t<\/div>\n\t\t\t\t<div class=\"elementor-element elementor-element-7341996 elementor-widget elementor-widget-heading\" data-id=\"7341996\" data-element_type=\"widget\" data-e-type=\"widget\" data-widget_type=\"heading.default\">\n\t\t\t\t<div class=\"elementor-widget-container\">\n\t\t\t\t\t<h3 class=\"elementor-heading-title elementor-size-default\">Qual \u00e9 o procedimento de asilo neerland\u00eas (LGBTI e convertidos)?<\/h3>\t\t\t\t<\/div>\n\t\t\t\t<\/div>\n\t\t\t\t<div class=\"elementor-element elementor-element-168303d color-scheme-inherit text-left elementor-widget elementor-widget-text-editor\" data-id=\"168303d\" data-element_type=\"widget\" data-e-type=\"widget\" data-widget_type=\"text-editor.default\">\n\t\t\t\t<div class=\"elementor-widget-container\">\n\t\t\t\t\t\t\t\t\t<p>O procedimento de asilo neerland\u00eas, que visa especificamente os requerentes de asilo e os convertidos LGBT (l\u00e9sbicas, gays, bissexuais, transg\u00e9neros e intersexuais), foi criado para dar resposta aos desafios e riscos espec\u00edficos que os indiv\u00edduos LGBT e os convertidos enfrentam nos seus pa\u00edses de origem.<\/p><p>Atrav\u00e9s deste procedimento especial, os requerentes de asilo recebem informa\u00e7\u00f5es sobre os seus direitos e o processo de asilo nos Pa\u00edses Baixos. Tamb\u00e9m prestam apoio emocional e orienta\u00e7\u00e3o aos requerentes de asilo LGBT, que muitas vezes est\u00e3o a lidar com experi\u00eancias traum\u00e1ticas e receio de persegui\u00e7\u00e3o. Al\u00e9m disso, podem prestar assist\u00eancia jur\u00eddica e ajudar a preparar declara\u00e7\u00f5es de asilo cred\u00edveis que reflictam com exatid\u00e3o a situa\u00e7\u00e3o pessoal do requerente de asilo.<\/p>\t\t\t\t\t\t\t\t<\/div>\n\t\t\t\t<\/div>\n\t\t\t\t<div class=\"elementor-element elementor-element-f21f580 elementor-widget elementor-widget-spacer\" data-id=\"f21f580\" data-element_type=\"widget\" data-e-type=\"widget\" data-widget_type=\"spacer.default\">\n\t\t\t\t<div class=\"elementor-widget-container\">\n\t\t\t\t\t\t\t<div class=\"elementor-spacer\">\n\t\t\t<div class=\"elementor-spacer-inner\"><\/div>\n\t\t<\/div>\n\t\t\t\t\t\t<\/div>\n\t\t\t\t<\/div>\n\t\t\t\t<div class=\"elementor-element elementor-element-5a99f7c elementor-widget elementor-widget-heading\" data-id=\"5a99f7c\" data-element_type=\"widget\" data-e-type=\"widget\" data-widget_type=\"heading.default\">\n\t\t\t\t<div class=\"elementor-widget-container\">\n\t\t\t\t\t<h3 class=\"elementor-heading-title elementor-size-default\">Determina\u00e7\u00e3o da orienta\u00e7\u00e3o sexual<\/h3>\t\t\t\t<\/div>\n\t\t\t\t<\/div>\n\t\t\t\t<div class=\"elementor-element elementor-element-0857c83 color-scheme-inherit text-left elementor-widget elementor-widget-text-editor\" data-id=\"0857c83\" data-element_type=\"widget\" data-e-type=\"widget\" data-widget_type=\"text-editor.default\">\n\t\t\t\t<div class=\"elementor-widget-container\">\n\t\t\t\t\t\t\t\t\t<p>Uma vez que a orienta\u00e7\u00e3o sexual de uma pessoa n\u00e3o pode ser verificada atrav\u00e9s de documentos, o Servi\u00e7o de Imigra\u00e7\u00e3o e Naturaliza\u00e7\u00e3o (IND) d\u00e1 aos requerentes de asilo amplas oportunidades para falarem sobre a sua orienta\u00e7\u00e3o sexual ou identidade de g\u00e9nero. Durante esta importante conversa, s\u00e3o discutidos v\u00e1rios t\u00f3picos, incluindo a situa\u00e7\u00e3o das pessoas LGBT (l\u00e9sbicas, gays, bissexuais, transg\u00e9neros e intersexuais) no pa\u00eds de origem.<\/p><p>O objetivo deste processo \u00e9 garantir que os requerentes de asilo que s\u00e3o perseguidos, discriminados ou amea\u00e7ados devido \u00e0 sua orienta\u00e7\u00e3o sexual ou identidade de g\u00e9nero recebam a prote\u00e7\u00e3o de que necessitam.<\/p>\t\t\t\t\t\t\t\t<\/div>\n\t\t\t\t<\/div>\n\t\t\t\t<div class=\"elementor-element elementor-element-3a073aa elementor-widget elementor-widget-spacer\" data-id=\"3a073aa\" data-element_type=\"widget\" data-e-type=\"widget\" data-widget_type=\"spacer.default\">\n\t\t\t\t<div class=\"elementor-widget-container\">\n\t\t\t\t\t\t\t<div class=\"elementor-spacer\">\n\t\t\t<div class=\"elementor-spacer-inner\"><\/div>\n\t\t<\/div>\n\t\t\t\t\t\t<\/div>\n\t\t\t\t<\/div>\n\t\t\t\t<div class=\"elementor-element elementor-element-3350203 elementor-widget elementor-widget-heading\" data-id=\"3350203\" data-element_type=\"widget\" data-e-type=\"widget\" data-widget_type=\"heading.default\">\n\t\t\t\t<div class=\"elementor-widget-container\">\n\t\t\t\t\t<h3 class=\"elementor-heading-title elementor-size-default\">IND<\/h3>\t\t\t\t<\/div>\n\t\t\t\t<\/div>\n\t\t\t\t<div class=\"elementor-element elementor-element-a4f83ad color-scheme-inherit text-left elementor-widget elementor-widget-text-editor\" data-id=\"a4f83ad\" data-element_type=\"widget\" data-e-type=\"widget\" data-widget_type=\"text-editor.default\">\n\t\t\t\t<div class=\"elementor-widget-container\">\n\t\t\t\t\t\t\t\t\t<p>O IND avalia os requerentes de asilo que re\u00fanem as condi\u00e7\u00f5es para obter uma autoriza\u00e7\u00e3o de resid\u00eancia devido \u00e0 sua orienta\u00e7\u00e3o sexual no \u00e2mbito do procedimento de asilo neerland\u00eas. Esta avalia\u00e7\u00e3o exige o exame das declara\u00e7\u00f5es relativas \u00e0 orienta\u00e7\u00e3o sexual do requerente de asilo.<\/p><p>O funcion\u00e1rio do IND que est\u00e1 a avaliar o caso do requerente de asilo tem de analisar cuidadosamente se as coisas que o requerente de asilo diz sobre a sua orienta\u00e7\u00e3o sexual s\u00e3o verdadeiras. Isto \u00e9 dif\u00edcil porque por vezes \u00e9 dif\u00edcil saber se algu\u00e9m est\u00e1 a dizer a verdade sobre os seus sentimentos e sobre quem \u00e9.<\/p><p>Para realizar esta avalia\u00e7\u00e3o de forma justa, o IND utiliza instru\u00e7\u00f5es de trabalho espec\u00edficas concebidas para os casos em que a orienta\u00e7\u00e3o LGBT (l\u00e9sbicas, gays, bissexuais, transg\u00e9neros e intersexuais) \u00e9 invocada como motivo de asilo no \u00e2mbito do procedimento de asilo neerland\u00eas. Estas instru\u00e7\u00f5es cont\u00eam directrizes e procedimentos para garantir que a avalia\u00e7\u00e3o \u00e9 efectuada de forma cuidadosa e justa, tendo especialmente em conta a complexidade destas quest\u00f5es.<\/p>\t\t\t\t\t\t\t\t<\/div>\n\t\t\t\t<\/div>\n\t\t\t\t<div class=\"elementor-element elementor-element-14ef9e2 elementor-widget elementor-widget-spacer\" data-id=\"14ef9e2\" data-element_type=\"widget\" data-e-type=\"widget\" data-widget_type=\"spacer.default\">\n\t\t\t\t<div class=\"elementor-widget-container\">\n\t\t\t\t\t\t\t<div class=\"elementor-spacer\">\n\t\t\t<div class=\"elementor-spacer-inner\"><\/div>\n\t\t<\/div>\n\t\t\t\t\t\t<\/div>\n\t\t\t\t<\/div>\n\t\t\t\t<div class=\"elementor-element elementor-element-d94ed20 elementor-widget elementor-widget-heading\" data-id=\"d94ed20\" data-element_type=\"widget\" data-e-type=\"widget\" data-widget_type=\"heading.default\">\n\t\t\t\t<div class=\"elementor-widget-container\">\n\t\t\t\t\t<h3 class=\"elementor-heading-title elementor-size-default\">Procedimento de asilo<\/h3>\t\t\t\t<\/div>\n\t\t\t\t<\/div>\n\t\t\t\t<div class=\"elementor-element elementor-element-b0330db color-scheme-inherit text-left elementor-widget elementor-widget-text-editor\" data-id=\"b0330db\" data-element_type=\"widget\" data-e-type=\"widget\" data-widget_type=\"text-editor.default\">\n\t\t\t\t<div class=\"elementor-widget-container\">\n\t\t\t\t\t\t\t\t\t<p>Esta pol\u00edtica centra-se na prote\u00e7\u00e3o das pessoas amea\u00e7adas se regressarem aos seus pa\u00edses de origem.<\/p><ul><li><strong>Pedido de asilo:<\/strong>\u00a0Este processo tem in\u00edcio quando uma pessoa apresenta um pedido de asilo nos Pa\u00edses Baixos. Este processo pode ter lugar na fronteira, num aeroporto ou num centro de requerentes de asilo. Ap\u00f3s a apresenta\u00e7\u00e3o do pedido, inicia-se uma avalia\u00e7\u00e3o exaustiva da situa\u00e7\u00e3o do requerente de asilo.<\/li><li><strong>Motivos para um pedido de asilo:<\/strong>\u00a0Em primeiro lugar, s\u00e3o considerados os motivos que justificam o pedido de asilo. Estes motivos podem ir desde a persegui\u00e7\u00e3o pol\u00edtica \u00e0 discrimina\u00e7\u00e3o com base no g\u00e9nero, na orienta\u00e7\u00e3o sexual ou na religi\u00e3o. \u00c9 fundamental que o requerente de asilo forne\u00e7a informa\u00e7\u00f5es pormenorizadas e honestas sobre os seus antecedentes e os riscos que corre no seu pa\u00eds de origem.<\/li><li><strong>Avalia\u00e7\u00e3o da credibilidade:<\/strong>\u00a0Para al\u00e9m de investigar os motivos do pedido de asilo, s\u00e3o realizadas entrevistas para avaliar a credibilidade da hist\u00f3ria do requerente de asilo. Este processo pode demorar algum tempo, uma vez que \u00e9 muito importante compreender a fundo a situa\u00e7\u00e3o da pessoa.<\/li><li><strong>A\u00e7\u00e3o judicial:<\/strong>\u00a0Al\u00e9m disso, s\u00e3o seguidos os passos legais para processar corretamente o pedido. Os requerentes de asilo tamb\u00e9m t\u00eam a possibilidade de contestar as decis\u00f5es se n\u00e3o concordarem com o resultado do seu pedido. Para tal, basta apresentar uma notifica\u00e7\u00e3o de obje\u00e7\u00e3o com argumentos claros sobre a raz\u00e3o pela qual n\u00e3o concorda com o resultado.<\/li><\/ul>\t\t\t\t\t\t\t\t<\/div>\n\t\t\t\t<\/div>\n\t\t\t\t<div class=\"elementor-element elementor-element-adb87e8 elementor-widget elementor-widget-spacer\" data-id=\"adb87e8\" data-element_type=\"widget\" data-e-type=\"widget\" data-widget_type=\"spacer.default\">\n\t\t\t\t<div class=\"elementor-widget-container\">\n\t\t\t\t\t\t\t<div class=\"elementor-spacer\">\n\t\t\t<div class=\"elementor-spacer-inner\"><\/div>\n\t\t<\/div>\n\t\t\t\t\t\t<\/div>\n\t\t\t\t<\/div>\n\t\t\t\t<div class=\"elementor-element elementor-element-158756c elementor-widget elementor-widget-heading\" data-id=\"158756c\" data-element_type=\"widget\" data-e-type=\"widget\" data-widget_type=\"heading.default\">\n\t\t\t\t<div class=\"elementor-widget-container\">\n\t\t\t\t\t<h3 class=\"elementor-heading-title elementor-size-default\">Advogado neerland\u00eas em mat\u00e9ria de asilo <\/h3>\t\t\t\t<\/div>\n\t\t\t\t<\/div>\n\t\t\t\t<div class=\"elementor-element elementor-element-2a105bb color-scheme-inherit text-left elementor-widget elementor-widget-text-editor\" data-id=\"2a105bb\" data-element_type=\"widget\" data-e-type=\"widget\" data-widget_type=\"text-editor.default\">\n\t\t\t\t<div class=\"elementor-widget-container\">\n\t\t\t\t\t\t\t\t\t<p>O processo de pedido de asilo pode ser bastante complicado. Envolve muitas regras e leis que devem ser rigorosamente cumpridas. Por isso, \u00e9 aconselh\u00e1vel contratar um advogado experiente.<\/p><p>O <a href=\"https:\/\/www.derbedrosian.nl\/pt\/advogados\/\">advogados experientes<\/a> do escrit\u00f3rio de advocacia der Bedrosian s\u00e3o especializados em <a href=\"https:\/\/www.derbedrosian.nl\/pt\/jurisdicoes\/direito-de-asilo\/\">direito de asilo<\/a> e pode, portanto, ajud\u00e1-lo de muitas maneiras<\/p><p>Al\u00e9m disso, os advogados podem inform\u00e1-lo sobre os seus direitos. Podem tamb\u00e9m prepar\u00e1-lo(a) para as perguntas que pode esperar. Se houver problemas, os advogados podem falar com as pessoas que decidem sobre o asilo.<\/p>\t\t\t\t\t\t\t\t<\/div>\n\t\t\t\t<\/div>\n\t\t\t\t\t<\/div>\n\t\t\t\t<\/div>\n\t\t\t\t<\/div>","protected":false},"excerpt":{"rendered":"<p>Determinar a orienta\u00e7\u00e3o sexual Direito de asilo Advogado especializado em direito de asilo em Enschede Advogado especializado em direito de asilo em Overijssel Direito de asilo em Enschede Advogado em Enschede Direito de asilo holand\u00eas Solicitar asilo<\/p>","protected":false},"author":1,"featured_media":0,"parent":10757,"menu_order":0,"comment_status":"closed","ping_status":"closed","template":"","meta":{"footnotes":""},"class_list":["post-10779","page","type-page","status-publish","hentry"],"_links":{"self":[{"href":"https:\/\/www.derbedrosian.nl\/pt\/wp-json\/wp\/v2\/pages\/10779","targetHints":{"allow":["GET"]}}],"collection":[{"href":"https:\/\/www.derbedrosian.nl\/pt\/wp-json\/wp\/v2\/pages"}],"about":[{"href":"https:\/\/www.derbedrosian.nl\/pt\/wp-json\/wp\/v2\/types\/page"}],"author":[{"embeddable":true,"href":"https:\/\/www.derbedrosian.nl\/pt\/wp-json\/wp\/v2\/users\/1"}],"replies":[{"embeddable":true,"href":"https:\/\/www.derbedrosian.nl\/pt\/wp-json\/wp\/v2\/comments?post=10779"}],"version-history":[{"count":0,"href":"https:\/\/www.derbedrosian.nl\/pt\/wp-json\/wp\/v2\/pages\/10779\/revisions"}],"up":[{"embeddable":true,"href":"https:\/\/www.derbedrosian.nl\/pt\/wp-json\/wp\/v2\/pages\/10757"}],"wp:attachment":[{"href":"https:\/\/www.derbedrosian.nl\/pt\/wp-json\/wp\/v2\/media?parent=10779"}],"curies":[{"name":"wp","href":"https:\/\/api.w.org\/{rel}","templated":true}]}}