{"id":10760,"date":"2023-05-26T17:55:38","date_gmt":"2023-05-26T15:55:38","guid":{"rendered":"https:\/\/derbedrosian.nl\/?page_id=10760"},"modified":"2025-12-21T16:15:07","modified_gmt":"2025-12-21T14:15:07","slug":"procedimento-de-asilo","status":"publish","type":"page","link":"https:\/\/www.derbedrosian.nl\/pt\/rechtsgebieden\/asielrecht\/asielprocedure\/","title":{"rendered":"Procedimento de asilo"},"content":{"rendered":"<div data-elementor-type=\"wp-page\" data-elementor-id=\"10760\" class=\"elementor elementor-10760\" data-elementor-post-type=\"page\">\n\t\t\t\t<div class=\"wd-negative-gap elementor-element elementor-element-ac80093 e-flex e-con-boxed e-con e-parent\" data-id=\"ac80093\" data-element_type=\"container\" data-e-type=\"container\">\n\t\t\t\t\t<div class=\"e-con-inner\">\n\t\t\t\t<div class=\"elementor-element elementor-element-23a1001 elementor-hidden-desktop elementor-hidden-tablet elementor-hidden-mobile elementor-widget elementor-widget-wd_image_or_svg\" data-id=\"23a1001\" data-element_type=\"widget\" data-e-type=\"widget\" id=\"seo-word\" data-widget_type=\"wd_image_or_svg.default\">\n\t\t\t\t<div class=\"elementor-widget-container\">\n\t\t\t\t\t\n\t\t<div class=\"wd-image text-left\">\n\t\t\t\t\t\t\t\t<img loading=\"lazy\" decoding=\"async\" width=\"1000\" height=\"668\" src=\"https:\/\/www.derbedrosian.nl\/wp-content\/uploads\/rechtsgebied-asielprocedure.jpg\" class=\"attachment-full size-full\" alt=\"Procedimento de asilo advogado ind pedidos de visto asilo direito\" srcset=\"https:\/\/www.derbedrosian.nl\/wp-content\/uploads\/rechtsgebied-asielprocedure.jpg 1000w, https:\/\/www.derbedrosian.nl\/wp-content\/uploads\/rechtsgebied-asielprocedure-400x267.jpg 400w, https:\/\/www.derbedrosian.nl\/wp-content\/uploads\/rechtsgebied-asielprocedure-768x513.jpg 768w\" sizes=\"auto, (max-width: 1000px) 100vw, 1000px\" title=\"\">\t\t\t\t\t<\/div>\n\n\t\t\t\t\t\t<\/div>\n\t\t\t\t<\/div>\n\t\t\t\t<div class=\"elementor-element elementor-element-b8425c0 elementor-hidden-desktop elementor-hidden-tablet elementor-hidden-mobile elementor-widget elementor-widget-heading\" data-id=\"b8425c0\" data-element_type=\"widget\" data-e-type=\"widget\" id=\"seo-word\" data-widget_type=\"heading.default\">\n\t\t\t\t<div class=\"elementor-widget-container\">\n\t\t\t\t\t<h2 class=\"elementor-heading-title elementor-size-default\">direito de asilo<\/h2>\t\t\t\t<\/div>\n\t\t\t\t<\/div>\n\t\t\t\t<div class=\"elementor-element elementor-element-ea05daa elementor-hidden-desktop elementor-hidden-tablet elementor-hidden-mobile elementor-widget elementor-widget-heading\" data-id=\"ea05daa\" data-element_type=\"widget\" data-e-type=\"widget\" id=\"seo-word\" data-widget_type=\"heading.default\">\n\t\t\t\t<div class=\"elementor-widget-container\">\n\t\t\t\t\t<h5 class=\"elementor-heading-title elementor-size-default\">Procedimento de Dublim<\/h5>\t\t\t\t<\/div>\n\t\t\t\t<\/div>\n\t\t\t\t<div class=\"elementor-element elementor-element-65bdf63 elementor-hidden-desktop elementor-hidden-tablet elementor-hidden-mobile elementor-widget elementor-widget-heading\" data-id=\"65bdf63\" data-element_type=\"widget\" data-e-type=\"widget\" id=\"seo-word\" data-widget_type=\"heading.default\">\n\t\t\t\t<div class=\"elementor-widget-container\">\n\t\t\t\t\t<h5 class=\"elementor-heading-title elementor-size-default\">procedimento de asilo ind<\/h5>\t\t\t\t<\/div>\n\t\t\t\t<\/div>\n\t\t\t\t<div class=\"elementor-element elementor-element-25f767e elementor-hidden-desktop elementor-hidden-tablet elementor-hidden-mobile elementor-widget elementor-widget-heading\" data-id=\"25f767e\" data-element_type=\"widget\" data-e-type=\"widget\" id=\"seo-word\" data-widget_type=\"heading.default\">\n\t\t\t\t<div class=\"elementor-widget-container\">\n\t\t\t\t\t<h5 class=\"elementor-heading-title elementor-size-default\">diagrama do procedimento de asilo<\/h5>\t\t\t\t<\/div>\n\t\t\t\t<\/div>\n\t\t\t\t<div class=\"elementor-element elementor-element-12ce636 elementor-hidden-desktop elementor-hidden-tablet elementor-hidden-mobile elementor-widget elementor-widget-heading\" data-id=\"12ce636\" data-element_type=\"widget\" data-e-type=\"widget\" id=\"seo-word\" data-widget_type=\"heading.default\">\n\t\t\t\t<div class=\"elementor-widget-container\">\n\t\t\t\t\t<h5 class=\"elementor-heading-title elementor-size-default\">acolhimento e orienta\u00e7\u00e3o procedimento de asilo acolhimento e liga\u00e7\u00f5es liga\u00e7\u00f5es externas<\/h5>\t\t\t\t<\/div>\n\t\t\t\t<\/div>\n\t\t\t\t<div class=\"elementor-element elementor-element-f968c14 elementor-hidden-desktop elementor-hidden-tablet elementor-hidden-mobile elementor-widget elementor-widget-heading\" data-id=\"f968c14\" data-element_type=\"widget\" data-e-type=\"widget\" id=\"seo-word\" data-widget_type=\"heading.default\">\n\t\t\t\t<div class=\"elementor-widget-container\">\n\t\t\t\t\t<h5 class=\"elementor-heading-title elementor-size-default\">advogado de asilo<\/h5>\t\t\t\t<\/div>\n\t\t\t\t<\/div>\n\t\t\t\t<div class=\"elementor-element elementor-element-416b663 elementor-hidden-desktop elementor-hidden-tablet elementor-hidden-mobile elementor-widget elementor-widget-heading\" data-id=\"416b663\" data-element_type=\"widget\" data-e-type=\"widget\" id=\"seo-word\" data-widget_type=\"heading.default\">\n\t\t\t\t<div class=\"elementor-widget-container\">\n\t\t\t\t\t<h5 class=\"elementor-heading-title elementor-size-default\">advogado de direito de imigra\u00e7\u00e3o enschede<\/h5>\t\t\t\t<\/div>\n\t\t\t\t<\/div>\n\t\t\t\t<div class=\"elementor-element elementor-element-b631f22 elementor-hidden-desktop elementor-hidden-tablet elementor-hidden-mobile elementor-widget elementor-widget-heading\" data-id=\"b631f22\" data-element_type=\"widget\" data-e-type=\"widget\" id=\"seo-word\" data-widget_type=\"heading.default\">\n\t\t\t\t<div class=\"elementor-widget-container\">\n\t\t\t\t\t<h5 class=\"elementor-heading-title elementor-size-default\">advogado de direito de imigra\u00e7\u00e3o overijssel<\/h5>\t\t\t\t<\/div>\n\t\t\t\t<\/div>\n\t\t\t\t<div class=\"elementor-element elementor-element-60b85c1 elementor-hidden-desktop elementor-hidden-tablet elementor-hidden-mobile elementor-widget elementor-widget-heading\" data-id=\"60b85c1\" data-element_type=\"widget\" data-e-type=\"widget\" id=\"seo-word\" data-widget_type=\"heading.default\">\n\t\t\t\t<div class=\"elementor-widget-container\">\n\t\t\t\t\t<h5 class=\"elementor-heading-title elementor-size-default\">direito dos estrangeiros enschede<\/h5>\t\t\t\t<\/div>\n\t\t\t\t<\/div>\n\t\t\t\t<div class=\"elementor-element elementor-element-852ae98 elementor-hidden-desktop elementor-hidden-tablet elementor-hidden-mobile elementor-widget elementor-widget-heading\" data-id=\"852ae98\" data-element_type=\"widget\" data-e-type=\"widget\" id=\"seo-word\" data-widget_type=\"heading.default\">\n\t\t\t\t<div class=\"elementor-widget-container\">\n\t\t\t\t\t<h5 class=\"elementor-heading-title elementor-size-default\">advogado enschede aliens law<\/h5>\t\t\t\t<\/div>\n\t\t\t\t<\/div>\n\t\t\t\t<div class=\"elementor-element elementor-element-eb572bc elementor-hidden-desktop elementor-hidden-tablet elementor-hidden-mobile elementor-widget elementor-widget-heading\" data-id=\"eb572bc\" data-element_type=\"widget\" data-e-type=\"widget\" id=\"seo-word\" data-widget_type=\"heading.default\">\n\t\t\t\t<div class=\"elementor-widget-container\">\n\t\t\t\t\t<h5 class=\"elementor-heading-title elementor-size-default\">procedimento de asilo acolhimento e orienta\u00e7\u00e3o<\/h5>\t\t\t\t<\/div>\n\t\t\t\t<\/div>\n\t\t\t\t<div class=\"elementor-element elementor-element-873a613 elementor-hidden-desktop elementor-hidden-tablet elementor-hidden-mobile elementor-widget elementor-widget-heading\" data-id=\"873a613\" data-element_type=\"widget\" data-e-type=\"widget\" id=\"seo-word\" data-widget_type=\"heading.default\">\n\t\t\t\t<div class=\"elementor-widget-container\">\n\t\t\t\t\t<h5 class=\"elementor-heading-title elementor-size-default\">Durante o processo de asilo, o acolhimento e o aconselhamento s\u00e3o muito importantes para os requerentes de asilo. Proporciona o apoio e os cuidados necess\u00e1rios aos requerentes de asilo durante um per\u00edodo frequentemente complexo e emotivo.\n\nDerbedrosian Immigration Lawyers em Enschede e Overijssel compreende os desafios enfrentados pelos requerentes de asilo, e podemos oferecer-lhe aconselhamento jur\u00eddico e assist\u00eancia durante todo o processo de asilo. Isto inclui tanto o procedimento de asilo normal como o procedimento de Dublin, que determina qual o pa\u00eds europeu respons\u00e1vel pelo tratamento do caso de asilo.\n\nAl\u00e9m disso, podemos indicar-lhe liga\u00e7\u00f5es e organiza\u00e7\u00f5es externas relevantes que podem fornecer informa\u00e7\u00f5es e apoio adicionais durante o processo de asilo.\n\nSe tiver d\u00favidas sobre o procedimento de asilo, o procedimento de Dublin, o acolhimento e a orienta\u00e7\u00e3o, ou se necessitar de assist\u00eancia jur\u00eddica, n\u00e3o hesite em contactar Derbedrosian Immigration Lawyers. Estamos prontos a ajud\u00e1-lo e a garantir que os seus direitos s\u00e3o protegidos durante o processo de asilo.<\/h5>\t\t\t\t<\/div>\n\t\t\t\t<\/div>\n\t\t\t\t<div class=\"elementor-element elementor-element-140da47 color-scheme-inherit text-left elementor-widget elementor-widget-text-editor\" data-id=\"140da47\" data-element_type=\"widget\" data-e-type=\"widget\" data-widget_type=\"text-editor.default\">\n\t\t\t\t<div class=\"elementor-widget-container\">\n\t\t\t\t\t\t\t\t\t<p><strong>O \"procedimento de asilo nos Pa\u00edses Baixos\" refere-se ao processo em que uma pessoa chega aos Pa\u00edses Baixos e procura prote\u00e7\u00e3o por recear persegui\u00e7\u00e3o, perigo ou tratamento desumano no seu pa\u00eds de origem. Este processo tem por objetivo determinar se a pessoa em quest\u00e3o preenche as condi\u00e7\u00f5es para beneficiar do estatuto de refugiado nos Pa\u00edses Baixos.<\/strong><\/p>\t\t\t\t\t\t\t\t<\/div>\n\t\t\t\t<\/div>\n\t\t\t\t<div class=\"elementor-element elementor-element-dfb52e7 elementor-widget elementor-widget-spacer\" data-id=\"dfb52e7\" data-element_type=\"widget\" data-e-type=\"widget\" data-widget_type=\"spacer.default\">\n\t\t\t\t<div class=\"elementor-widget-container\">\n\t\t\t\t\t\t\t<div class=\"elementor-spacer\">\n\t\t\t<div class=\"elementor-spacer-inner\"><\/div>\n\t\t<\/div>\n\t\t\t\t\t\t<\/div>\n\t\t\t\t<\/div>\n\t\t\t\t<div class=\"elementor-element elementor-element-7e02564 elementor-widget elementor-widget-heading\" data-id=\"7e02564\" data-element_type=\"widget\" data-e-type=\"widget\" data-widget_type=\"heading.default\">\n\t\t\t\t<div class=\"elementor-widget-container\">\n\t\t\t\t\t<h3 class=\"elementor-heading-title elementor-size-default\">Em que consiste um procedimento de asilo?<\/h3>\t\t\t\t<\/div>\n\t\t\t\t<\/div>\n\t\t\t\t<div class=\"elementor-element elementor-element-671a4c3 color-scheme-inherit text-left elementor-widget elementor-widget-text-editor\" data-id=\"671a4c3\" data-element_type=\"widget\" data-e-type=\"widget\" data-widget_type=\"text-editor.default\">\n\t\t\t\t<div class=\"elementor-widget-container\">\n\t\t\t\t\t\t\t\t\t<p>Um processo de asilo \u00e9 uma medida tomada quando uma pessoa chega a outro pa\u00eds e procura prote\u00e7\u00e3o. Este procedimento tem por objetivo avaliar se a pessoa pode beneficiar do estatuto de refugiado nesse pa\u00eds.<\/p><p>Nos Pa\u00edses Baixos, por exemplo, um processo de asilo come\u00e7a quando uma pessoa chega e apresenta um pedido de prote\u00e7\u00e3o ao Servi\u00e7o de Imigra\u00e7\u00e3o e Naturaliza\u00e7\u00e3o (IND). Este processo envolve o registo, audi\u00eancias, investiga\u00e7\u00e3o e, por fim, uma decis\u00e3o sobre o estatuto de asilo da pessoa.<\/p><p>Regra geral, um processo de asilo \u00e9 desencadeado quando algu\u00e9m receia ser perseguido, estar em condi\u00e7\u00f5es perigosas ou ser v\u00edtima de viola\u00e7\u00f5es dos direitos humanos no seu pa\u00eds de origem. O objetivo \u00e9 garantir que as pessoas que necessitam de prote\u00e7\u00e3o possam obt\u00ea-la em conformidade com as leis e conven\u00e7\u00f5es nacionais e internacionais aplic\u00e1veis.<\/p>\t\t\t\t\t\t\t\t<\/div>\n\t\t\t\t<\/div>\n\t\t\t\t<div class=\"elementor-element elementor-element-4d59641 elementor-widget elementor-widget-spacer\" data-id=\"4d59641\" data-element_type=\"widget\" data-e-type=\"widget\" data-widget_type=\"spacer.default\">\n\t\t\t\t<div class=\"elementor-widget-container\">\n\t\t\t\t\t\t\t<div class=\"elementor-spacer\">\n\t\t\t<div class=\"elementor-spacer-inner\"><\/div>\n\t\t<\/div>\n\t\t\t\t\t\t<\/div>\n\t\t\t\t<\/div>\n\t\t\t\t<div class=\"elementor-element elementor-element-9796498 elementor-widget elementor-widget-heading\" data-id=\"9796498\" data-element_type=\"widget\" data-e-type=\"widget\" data-widget_type=\"heading.default\">\n\t\t\t\t<div class=\"elementor-widget-container\">\n\t\t\t\t\t<h3 class=\"elementor-heading-title elementor-size-default\">Diferentes tipos de procedimentos de asilo<\/h3>\t\t\t\t<\/div>\n\t\t\t\t<\/div>\n\t\t\t\t<div class=\"elementor-element elementor-element-d5cfdae color-scheme-inherit text-left elementor-widget elementor-widget-text-editor\" data-id=\"d5cfdae\" data-element_type=\"widget\" data-e-type=\"widget\" data-widget_type=\"text-editor.default\">\n\t\t\t\t<div class=\"elementor-widget-container\">\n\t\t\t\t\t\t\t\t\t<p>No complexo dom\u00ednio dos procedimentos de asilo, existem diferentes procedimentos para responder a diferentes situa\u00e7\u00f5es e necessidades dos requerentes de asilo. A seguir, discutiremos estes procedimentos em mais pormenor:<\/p>\n<p><strong>Procedimento geral de asilo (AA):<\/strong>&nbsp;este \u00e9 um procedimento normal e \u00e9 tratado rapidamente, normalmente no prazo de seis dias.<\/p>\n<p><strong>Procedimento de asilo alargado (VA):<\/strong>&nbsp;este procedimento \u00e9 bastante mais moroso, por vezes meses. Aplica-se em situa\u00e7\u00f5es espec\u00edficas:<\/p>\n<ul>\n<li><a href=\"https:\/\/www.derbedrosian.nl\/pt\/jurisdicoes\/direito-de-asilo\/pedidos-de-asilo-repetidos-tema\/\"><strong>Repeti\u00e7\u00e3o do pedido de asilo (HASA):<\/strong><\/a>&nbsp;se tiver sido rejeitado anteriormente mas tiver novas informa\u00e7\u00f5es, pode voltar a candidatar-se.<\/li>\n<li><a href=\"https:\/\/www.derbedrosian.nl\/pt\/jurisdicoes\/direito-de-asilo\/procedimento-de-dublim\/\"><strong>Procedimento de Dublim:<\/strong><\/a> se n\u00e3o for claro qual o pa\u00eds da UE respons\u00e1vel, o procedimento de Dublim \u00e9 utilizado para clarificar esta quest\u00e3o.<\/li>\n<li><strong>Procedimento de fronteira (GP):<\/strong>&nbsp;Para os requerentes de asilo que chegam \u00e0 fronteira sem um pedido pr\u00e9vio.<\/li>\n<li><strong>Procedimento de asilo para menores n\u00e3o acompanhados (UMFN):<\/strong>&nbsp;especialmente para os menores n\u00e3o acompanhados.<\/li>\n<\/ul>\t\t\t\t\t\t\t\t<\/div>\n\t\t\t\t<\/div>\n\t\t\t\t<div class=\"elementor-element elementor-element-f5bc0db elementor-widget elementor-widget-spacer\" data-id=\"f5bc0db\" data-element_type=\"widget\" data-e-type=\"widget\" data-widget_type=\"spacer.default\">\n\t\t\t\t<div class=\"elementor-widget-container\">\n\t\t\t\t\t\t\t<div class=\"elementor-spacer\">\n\t\t\t<div class=\"elementor-spacer-inner\"><\/div>\n\t\t<\/div>\n\t\t\t\t\t\t<\/div>\n\t\t\t\t<\/div>\n\t\t\t\t<div class=\"elementor-element elementor-element-2a40d8f elementor-widget elementor-widget-heading\" data-id=\"2a40d8f\" data-element_type=\"widget\" data-e-type=\"widget\" data-widget_type=\"heading.default\">\n\t\t\t\t<div class=\"elementor-widget-container\">\n\t\t\t\t\t<h3 class=\"elementor-heading-title elementor-size-default\">Procedimento geral de asilo<\/h3>\t\t\t\t<\/div>\n\t\t\t\t<\/div>\n\t\t\t\t<div class=\"elementor-element elementor-element-c80e200 color-scheme-inherit text-left elementor-widget elementor-widget-text-editor\" data-id=\"c80e200\" data-element_type=\"widget\" data-e-type=\"widget\" data-widget_type=\"text-editor.default\">\n\t\t\t\t<div class=\"elementor-widget-container\">\n\t\t\t\t\t\t\t\t\t<p>O procedimento geral de asilo \u00e9 um processo que dura, no total, oito dias. No in\u00edcio do processo, o requerente de asilo \u00e9 preparado por um advogado experiente. De seguida, apresentamos um resumo destas etapas para cada dia do processo:<\/p><ul><li><strong>Dia 1:<\/strong>\u00a0no primeiro dia em que o pedido de asilo \u00e9 apresentado, e o requerente de asilo \u00e9 submetido \u00e0 primeira audi\u00e7\u00e3o. Durante esta audi\u00eancia, o requerente de asilo conta a sua hist\u00f3ria e as raz\u00f5es do seu pedido de asilo.<\/li><li><strong>Dia 2:<\/strong>\u00a0no segundo dia, tem lugar uma reuni\u00e3o entre o advogado e o requerente de asilo. Esta reuni\u00e3o constitui uma oportunidade para colocar quest\u00f5es e discutir eventuais preocupa\u00e7\u00f5es, bem como para compreender o resto do processo.<\/li><li><strong>Dia 3<\/strong>O terceiro dia inclui a entrevista sobre os motivos do requerente de asilo. Trata-se de uma avalia\u00e7\u00e3o aprofundada das raz\u00f5es subjacentes ao pedido de asilo.<\/li><li><strong>Dia 4:<\/strong>\u00a0ap\u00f3s a audi\u00eancia, realiza-se uma nova reuni\u00e3o entre o advogado e o requerente de asilo para discutir a audi\u00eancia e fornecer informa\u00e7\u00f5es adicionais, se necess\u00e1rio.<\/li><li><strong>Dia 5:<\/strong>\u00a0no quinto dia, o Servi\u00e7o de Imigra\u00e7\u00e3o e Naturaliza\u00e7\u00e3o (IND) toma uma decis\u00e3o sobre o pedido de asilo, que pode ser de deferimento ou indeferimento.<\/li><li><strong>Dia 6:<\/strong>\u00a0em caso de indeferimento, \u00e9 emitida em primeiro lugar uma inten\u00e7\u00e3o de indeferimento. O advogado tem ent\u00e3o a possibilidade de apresentar um parecer escrito em nome do requerente de asilo.<\/li><li><strong>Dia 7:<\/strong>\u00a0nesse dia, \u00e9 tomada a decis\u00e3o final sobre o pedido de asilo, tendo em conta o parecer apresentado e outros factores relevantes.<\/li><li><strong>Dia 8:<\/strong>\u00a0em caso de decis\u00e3o negativa, o advogado deve apresentar um recurso ao tribunal o mais tardar no dia seguinte. Trata-se de um passo crucial para que o caso seja investigado mais aprofundadamente e para proteger os interesses do requerente de asilo.<\/li><\/ul><p>Este processo garante que os requerentes de asilo t\u00eam uma oportunidade justa de apresentar o seu caso e defender os seus direitos. \u00c9 essencial que seja assistido por um advogado experiente para garantir que tudo est\u00e1 em conformidade com a lei.<\/p>\t\t\t\t\t\t\t\t<\/div>\n\t\t\t\t<\/div>\n\t\t\t\t<div class=\"elementor-element elementor-element-d4aca6f elementor-widget elementor-widget-spacer\" data-id=\"d4aca6f\" data-element_type=\"widget\" data-e-type=\"widget\" data-widget_type=\"spacer.default\">\n\t\t\t\t<div class=\"elementor-widget-container\">\n\t\t\t\t\t\t\t<div class=\"elementor-spacer\">\n\t\t\t<div class=\"elementor-spacer-inner\"><\/div>\n\t\t<\/div>\n\t\t\t\t\t\t<\/div>\n\t\t\t\t<\/div>\n\t\t\t\t<div class=\"elementor-element elementor-element-152b30a elementor-widget elementor-widget-heading\" data-id=\"152b30a\" data-element_type=\"widget\" data-e-type=\"widget\" data-widget_type=\"heading.default\">\n\t\t\t\t<div class=\"elementor-widget-container\">\n\t\t\t\t\t<h3 class=\"elementor-heading-title elementor-size-default\">Recurso<\/h3>\t\t\t\t<\/div>\n\t\t\t\t<\/div>\n\t\t\t\t<div class=\"elementor-element elementor-element-4c10339 color-scheme-inherit text-left elementor-widget elementor-widget-text-editor\" data-id=\"4c10339\" data-element_type=\"widget\" data-e-type=\"widget\" data-widget_type=\"text-editor.default\">\n\t\t\t\t<div class=\"elementor-widget-container\">\n\t\t\t\t\t\t\t\t\t<p>Depois de decidir recorrer, o caso ser\u00e1 cuidadosamente tratado pelo tribunal. No prazo de quatro semanas, o tribunal avaliar\u00e1 e apreciar\u00e1 o seu recurso. Durante este per\u00edodo, ter\u00e1 autoriza\u00e7\u00e3o para permanecer nos Pa\u00edses Baixos e aguardar o resultado da decis\u00e3o.<\/p><p>Se o tribunal tomar uma decis\u00e3o negativa, existe a possibilidade de recorrer. Esta op\u00e7\u00e3o oferece uma oportunidade adicional para reconsiderar o seu caso e defender o seu direito de asilo.<\/p>\t\t\t\t\t\t\t\t<\/div>\n\t\t\t\t<\/div>\n\t\t\t\t<div class=\"elementor-element elementor-element-f7d4c4c elementor-widget elementor-widget-spacer\" data-id=\"f7d4c4c\" data-element_type=\"widget\" data-e-type=\"widget\" data-widget_type=\"spacer.default\">\n\t\t\t\t<div class=\"elementor-widget-container\">\n\t\t\t\t\t\t\t<div class=\"elementor-spacer\">\n\t\t\t<div class=\"elementor-spacer-inner\"><\/div>\n\t\t<\/div>\n\t\t\t\t\t\t<\/div>\n\t\t\t\t<\/div>\n\t\t\t\t<div class=\"elementor-element elementor-element-003382e elementor-widget elementor-widget-heading\" data-id=\"003382e\" data-element_type=\"widget\" data-e-type=\"widget\" data-widget_type=\"heading.default\">\n\t\t\t\t<div class=\"elementor-widget-container\">\n\t\t\t\t\t<h3 class=\"elementor-heading-title elementor-size-default\">Procedimento de asilo por advogado<\/h3>\t\t\t\t<\/div>\n\t\t\t\t<\/div>\n\t\t\t\t<div class=\"elementor-element elementor-element-ea92e9c color-scheme-inherit text-left elementor-widget elementor-widget-text-editor\" data-id=\"ea92e9c\" data-element_type=\"widget\" data-e-type=\"widget\" data-widget_type=\"text-editor.default\">\n\t\t\t\t<div class=\"elementor-widget-container\">\n\t\t\t\t\t\t\t\t\t<p>\u00c9 altamente recomend\u00e1vel contar com a assist\u00eancia e os conhecimentos de advogados experientes durante este processo.<\/p><p>O <a href=\"https:\/\/www.derbedrosian.nl\/pt\/advogados\/\">advogados da sociedade de advogados Der Bedrosian<\/a> s\u00e3o especializados no <a href=\"https:\/\/www.derbedrosian.nl\/pt\/jurisdicoes\/direito-de-asilo\/\">direito de asilo<\/a>. Eles est\u00e3o prontos para o apoiar durante todo o processo,<span style=\"font-size: 17.6px; letter-spacing: var( --e-global-typography-text-letter-spacing ); text-transform: var( --e-global-typography-text-text-transform ); word-spacing: var( --e-global-typography-text-word-spacing ); color: var(--wd-text-color);\">\u00a0fazer o que for necess\u00e1rio para defender os seus direitos e procurar um resultado positivo para o seu pedido de asilo.<\/span><\/p><p>N\u00e3o hesite em contactar-nos para obter aconselhamento gratuito e discutir a sua situa\u00e7\u00e3o.<\/p>\t\t\t\t\t\t\t\t<\/div>\n\t\t\t\t<\/div>\n\t\t\t\t\t<\/div>\n\t\t\t\t<\/div>\n\t\t\t\t<\/div>","protected":false},"excerpt":{"rendered":"<p>direito de asilo procedimento de Dublin procedimento de asilo ind procedimento de asilo esquema acolhimento e acompanhamento o procedimento de asilo acolhimento e links links externos direito de asilo advogado direito dos estrangeiros<\/p>","protected":false},"author":1,"featured_media":0,"parent":10757,"menu_order":0,"comment_status":"closed","ping_status":"closed","template":"","meta":{"footnotes":""},"class_list":["post-10760","page","type-page","status-publish","hentry"],"_links":{"self":[{"href":"https:\/\/www.derbedrosian.nl\/pt\/wp-json\/wp\/v2\/pages\/10760","targetHints":{"allow":["GET"]}}],"collection":[{"href":"https:\/\/www.derbedrosian.nl\/pt\/wp-json\/wp\/v2\/pages"}],"about":[{"href":"https:\/\/www.derbedrosian.nl\/pt\/wp-json\/wp\/v2\/types\/page"}],"author":[{"embeddable":true,"href":"https:\/\/www.derbedrosian.nl\/pt\/wp-json\/wp\/v2\/users\/1"}],"replies":[{"embeddable":true,"href":"https:\/\/www.derbedrosian.nl\/pt\/wp-json\/wp\/v2\/comments?post=10760"}],"version-history":[{"count":0,"href":"https:\/\/www.derbedrosian.nl\/pt\/wp-json\/wp\/v2\/pages\/10760\/revisions"}],"up":[{"embeddable":true,"href":"https:\/\/www.derbedrosian.nl\/pt\/wp-json\/wp\/v2\/pages\/10757"}],"wp:attachment":[{"href":"https:\/\/www.derbedrosian.nl\/pt\/wp-json\/wp\/v2\/media?parent=10760"}],"curies":[{"name":"wp","href":"https:\/\/api.w.org\/{rel}","templated":true}]}}