{"id":10732,"date":"2023-05-26T16:57:48","date_gmt":"2023-05-26T14:57:48","guid":{"rendered":"https:\/\/derbedrosian.nl\/?page_id=10732"},"modified":"2025-12-21T16:14:04","modified_gmt":"2025-12-21T14:14:04","slug":"lei-sobre-o-emprego-de-estrangeiros","status":"publish","type":"page","link":"https:\/\/www.derbedrosian.nl\/pt\/rechtsgebieden\/vreemdelingenrecht\/wet-arbeid-vreemdelingen\/","title":{"rendered":"Lei sobre o emprego de estrangeiros"},"content":{"rendered":"<div data-elementor-type=\"wp-page\" data-elementor-id=\"10732\" class=\"elementor elementor-10732\" data-elementor-post-type=\"page\">\n\t\t\t\t<div class=\"wd-negative-gap elementor-element elementor-element-fc96ed5 e-flex e-con-boxed e-con e-parent\" data-id=\"fc96ed5\" data-element_type=\"container\" data-e-type=\"container\">\n\t\t\t\t\t<div class=\"e-con-inner\">\n\t\t\t\t<div class=\"elementor-element elementor-element-2c81ec4 elementor-hidden-desktop elementor-hidden-tablet elementor-hidden-mobile elementor-widget elementor-widget-wd_image_or_svg\" data-id=\"2c81ec4\" data-element_type=\"widget\" data-e-type=\"widget\" id=\"seo-word\" data-widget_type=\"wd_image_or_svg.default\">\n\t\t\t\t<div class=\"elementor-widget-container\">\n\t\t\t\t\t\n\t\t<div class=\"wd-image text-left\">\n\t\t\t\t\t\t\t\t\t\t\t\t\t<\/div>\n\n\t\t\t\t\t\t<\/div>\n\t\t\t\t<\/div>\n\t\t\t\t<div class=\"elementor-element elementor-element-31cc0a1 elementor-hidden-desktop elementor-hidden-tablet elementor-hidden-mobile elementor-widget elementor-widget-heading\" data-id=\"31cc0a1\" data-element_type=\"widget\" data-e-type=\"widget\" id=\"seo-word\" data-widget_type=\"heading.default\">\n\t\t\t\t<div class=\"elementor-widget-container\">\n\t\t\t\t\t<h5 class=\"elementor-heading-title elementor-size-default\">entra na lei sobre o trabalho dos estrangeiros wav par\u00e1grafo c O que \u00e9 a lei sobre o trabalho dos estrangeiros? a lei sobre o trabalho dos estrangeiros \u00e9 uma lei que obriga a entidade patronal a<\/h5>\t\t\t\t<\/div>\n\t\t\t\t<\/div>\n\t\t\t\t<div class=\"elementor-element elementor-element-2841395 elementor-hidden-desktop elementor-hidden-tablet elementor-hidden-mobile elementor-widget elementor-widget-heading\" data-id=\"2841395\" data-element_type=\"widget\" data-e-type=\"widget\" id=\"seo-word\" data-widget_type=\"heading.default\">\n\t\t\t\t<div class=\"elementor-widget-container\">\n\t\t\t\t\t<h5 class=\"elementor-heading-title elementor-size-default\">advogado de direito de imigra\u00e7\u00e3o enschede<\/h5>\t\t\t\t<\/div>\n\t\t\t\t<\/div>\n\t\t\t\t<div class=\"elementor-element elementor-element-22dd765 elementor-hidden-desktop elementor-hidden-tablet elementor-hidden-mobile elementor-widget elementor-widget-heading\" data-id=\"22dd765\" data-element_type=\"widget\" data-e-type=\"widget\" id=\"seo-word\" data-widget_type=\"heading.default\">\n\t\t\t\t<div class=\"elementor-widget-container\">\n\t\t\t\t\t<h5 class=\"elementor-heading-title elementor-size-default\">advogado de direito de imigra\u00e7\u00e3o overijssel<\/h5>\t\t\t\t<\/div>\n\t\t\t\t<\/div>\n\t\t\t\t<div class=\"elementor-element elementor-element-388c195 elementor-hidden-desktop elementor-hidden-tablet elementor-hidden-mobile elementor-widget elementor-widget-heading\" data-id=\"388c195\" data-element_type=\"widget\" data-e-type=\"widget\" id=\"seo-word\" data-widget_type=\"heading.default\">\n\t\t\t\t<div class=\"elementor-widget-container\">\n\t\t\t\t\t<h5 class=\"elementor-heading-title elementor-size-default\">direito dos estrangeiros enschede<\/h5>\t\t\t\t<\/div>\n\t\t\t\t<\/div>\n\t\t\t\t<div class=\"elementor-element elementor-element-4f98f03 elementor-hidden-desktop elementor-hidden-tablet elementor-hidden-mobile elementor-widget elementor-widget-heading\" data-id=\"4f98f03\" data-element_type=\"widget\" data-e-type=\"widget\" id=\"seo-word\" data-widget_type=\"heading.default\">\n\t\t\t\t<div class=\"elementor-widget-container\">\n\t\t\t\t\t<h5 class=\"elementor-heading-title elementor-size-default\">advogado enschede aliens law<\/h5>\t\t\t\t<\/div>\n\t\t\t\t<\/div>\n\t\t\t\t<div class=\"elementor-element elementor-element-452e5dc elementor-hidden-desktop elementor-hidden-tablet elementor-hidden-mobile elementor-widget elementor-widget-heading\" data-id=\"452e5dc\" data-element_type=\"widget\" data-e-type=\"widget\" id=\"seo-word\" data-widget_type=\"heading.default\">\n\t\t\t\t<div class=\"elementor-widget-container\">\n\t\t\t\t\t<h5 class=\"elementor-heading-title elementor-size-default\">A Lei sobre o Emprego de Estrangeiros (Wav) \u00e9 uma lei importante nos Pa\u00edses Baixos que obriga as entidades patronais a cumprirem determinadas regras e requisitos relativos ao emprego de estrangeiros. O objetivo da Wav \u00e9 garantir que o mercado de trabalho se mantenha justo e legal e proteger os direitos dos estrangeiros que trabalham nos Pa\u00edses Baixos.\n\nO par\u00e1grafo C da Wav (Wav paragraph C) refere-se a uma sec\u00e7\u00e3o espec\u00edfica da lei que trata das obriga\u00e7\u00f5es das entidades patronais em rela\u00e7\u00e3o ao emprego de estrangeiros. Estabelece regras para o pedido de autoriza\u00e7\u00e3o de trabalho e outras obriga\u00e7\u00f5es legais.\n\nOs advogados da Derbedrosian Vreemdelingenrecht em Enschede e Overijssel compreendem a complexidade da Wav e podem aconselhar e representar as entidades patronais em quest\u00f5es relacionadas com o emprego de cidad\u00e3os estrangeiros. Asseguramos que os empregadores cumprem os requisitos do Wav e recebem aconselhamento jur\u00eddico para se comportarem de acordo com a lei.\n\nSe tiver alguma quest\u00e3o sobre a Lei do Emprego de Estrangeiros, Wav par\u00e1grafo C, ou o emprego de estrangeiros na Holanda, por favor n\u00e3o hesite em contactar Derbedrosian Immigration Lawyers. Estamos prontos a ajud\u00e1-lo e a garantir que actua em conformidade com a lei.<\/h5>\t\t\t\t<\/div>\n\t\t\t\t<\/div>\n\t\t\t\t<div class=\"elementor-element elementor-element-53a3d8a elementor-widget elementor-widget-heading\" data-id=\"53a3d8a\" data-element_type=\"widget\" data-e-type=\"widget\" data-widget_type=\"heading.default\">\n\t\t\t\t<div class=\"elementor-widget-container\">\n\t\t\t\t\t<h3 class=\"elementor-heading-title elementor-size-default\">O que \u00e9 a Lei do Emprego dos Estrangeiros?<\/h3>\t\t\t\t<\/div>\n\t\t\t\t<\/div>\n\t\t\t\t<div class=\"elementor-element elementor-element-8b9cbc6 color-scheme-inherit text-left elementor-widget elementor-widget-text-editor\" data-id=\"8b9cbc6\" data-element_type=\"widget\" data-e-type=\"widget\" data-widget_type=\"text-editor.default\">\n\t\t\t\t<div class=\"elementor-widget-container\">\n\t\t\t\t\t\t\t\t\t<p>A Lei relativa ao emprego de estrangeiros (Wav) \u00e9 simplesmente uma lei que estabelece condi\u00e7\u00f5es para os trabalhadores estrangeiros que pretendam trabalhar nos Pa\u00edses Baixos. O objetivo desta lei \u00e9 garantir que o mercado de trabalho neerland\u00eas seja protegido e que os trabalhadores neerlandeses n\u00e3o sejam deslocados.<\/p><p>De acordo com a Wav, os trabalhadores estrangeiros s\u00f3 podem trabalhar nos Pa\u00edses Baixos se tiverem uma autoriza\u00e7\u00e3o do Governo neerland\u00eas. Esta autoriza\u00e7\u00e3o pode consistir numa autoriza\u00e7\u00e3o de resid\u00eancia v\u00e1lida e\/ou numa autoriza\u00e7\u00e3o de trabalho. A autoriza\u00e7\u00e3o de trabalho \u00e9 simplesmente uma aprova\u00e7\u00e3o formal para trabalhar nos Pa\u00edses Baixos. \u00c9 necess\u00e1ria para os trabalhadores que n\u00e3o t\u00eam nacionalidade neerlandesa ou que n\u00e3o s\u00e3o de um pa\u00eds europeu.<\/p><p>A lei tamb\u00e9m imp\u00f5e responsabilidades aos empregadores. As entidades patronais devem verificar e documentar a identidade e o estatuto de resid\u00eancia dos seus trabalhadores. Al\u00e9m disso, devem certificar-se de que os seus trabalhadores cumprem os requisitos legais para trabalhar nos Pa\u00edses Baixos. Quando a Wav \u00e9 violada, tanto as entidades patronais como os trabalhadores podem ser multados. As entidades patronais podem ser multadas se permitirem que os trabalhadores trabalhem sem as devidas autoriza\u00e7\u00f5es. Os trabalhadores sem as autoriza\u00e7\u00f5es corretas tamb\u00e9m podem ser multados.<\/p><p>\u00c9 importante notar que a Wav n\u00e3o se aplica aos trabalhadores com nacionalidade neerlandesa ou de outro pa\u00eds da UE. Estes s\u00e3o livres de trabalhar nos Pa\u00edses Baixos sem necessidade de autoriza\u00e7\u00f5es adicionais. Esta lei foi concebida para garantir regras e direitos aos trabalhadores que v\u00eam de fora da UE e querem trabalhar nos Pa\u00edses Baixos.<\/p>\t\t\t\t\t\t\t\t<\/div>\n\t\t\t\t<\/div>\n\t\t\t\t<div class=\"elementor-element elementor-element-5db7f58 elementor-widget elementor-widget-spacer\" data-id=\"5db7f58\" data-element_type=\"widget\" data-e-type=\"widget\" data-widget_type=\"spacer.default\">\n\t\t\t\t<div class=\"elementor-widget-container\">\n\t\t\t\t\t\t\t<div class=\"elementor-spacer\">\n\t\t\t<div class=\"elementor-spacer-inner\"><\/div>\n\t\t<\/div>\n\t\t\t\t\t\t<\/div>\n\t\t\t\t<\/div>\n\t\t\t\t<div class=\"elementor-element elementor-element-53cab16 elementor-widget elementor-widget-heading\" data-id=\"53cab16\" data-element_type=\"widget\" data-e-type=\"widget\" data-widget_type=\"heading.default\">\n\t\t\t\t<div class=\"elementor-widget-container\">\n\t\t\t\t\t<h3 class=\"elementor-heading-title elementor-size-default\">Os termos da Lei do Emprego dos Estrangeiros<\/h3>\t\t\t\t<\/div>\n\t\t\t\t<\/div>\n\t\t\t\t<div class=\"elementor-element elementor-element-4c3df4e color-scheme-inherit text-left elementor-widget elementor-widget-text-editor\" data-id=\"4c3df4e\" data-element_type=\"widget\" data-e-type=\"widget\" data-widget_type=\"text-editor.default\">\n\t\t\t\t<div class=\"elementor-widget-container\">\n\t\t\t\t\t\t\t\t\t<p>A lei relativa ao emprego de estrangeiros (Wav) \u00e9 essencial para regular o trabalho dos trabalhadores estrangeiros nos Pa\u00edses Baixos. Esta lei estabelece condi\u00e7\u00f5es espec\u00edficas que devem ser cumpridas para garantir que o mercado de trabalho neerland\u00eas funciona de forma justa e ordenada. Seguem-se algumas das condi\u00e7\u00f5es abrangidas pela Wav:<\/p><ul><li><strong>Nacionalidade neerlandesa ou nacionalidade da UE:<\/strong> o Wav d\u00e1 \u00e0s pessoas com nacionalidade neerlandesa ou de um pa\u00eds do Espa\u00e7o Econ\u00f3mico Europeu (EEE) ou da Su\u00ed\u00e7a o direito de trabalhar livremente nos Pa\u00edses Baixos. Isto significa que n\u00e3o necessitam de autoriza\u00e7\u00f5es espec\u00edficas para come\u00e7ar a trabalhar.<\/li><li><strong>Licen\u00e7a:<\/strong> Para os trabalhadores estrangeiros que n\u00e3o t\u00eam nacionalidade neerlandesa ou que n\u00e3o s\u00e3o oriundos de um pa\u00eds da UE, \u00e9 obrigat\u00f3rio possuir uma autoriza\u00e7\u00e3o de resid\u00eancia v\u00e1lida para trabalhar legalmente nos Pa\u00edses Baixos. Esta autoriza\u00e7\u00e3o \u00e9 uma aprova\u00e7\u00e3o oficial concedida pelas autoridades neerlandesas que indica que a pessoa tem o direito de exercer uma atividade laboral nos Pa\u00edses Baixos.<\/li><li><strong>Requisito de apresenta\u00e7\u00e3o de relat\u00f3rios:<\/strong> As entidades patronais que pretendam contratar trabalhadores estrangeiros s\u00e3o obrigadas a apresentar uma notifica\u00e7\u00e3o \u00e0 Inspe\u00e7\u00e3o do Trabalho neerlandesa. Esta obriga\u00e7\u00e3o de notifica\u00e7\u00e3o significa que as entidades patronais devem fornecer informa\u00e7\u00f5es sobre os trabalhadores estrangeiros que est\u00e3o a contratar, incluindo a natureza do trabalho e a dura\u00e7\u00e3o da estadia.<\/li><li><strong>Dever de identifica\u00e7\u00e3o:\u00a0<\/strong>a entidade patronal tem a responsabilidade de verificar a identidade dos seus trabalhadores, verificando a prova original de identidade antes de o trabalhador come\u00e7ar efetivamente a trabalhar. Trata-se de um passo importante para garantir que o trabalhador est\u00e1 legalmente autorizado a trabalhar nos Pa\u00edses Baixos.<\/li><\/ul>\t\t\t\t\t\t\t\t<\/div>\n\t\t\t\t<\/div>\n\t\t\t\t<div class=\"elementor-element elementor-element-f171c24 elementor-widget elementor-widget-spacer\" data-id=\"f171c24\" data-element_type=\"widget\" data-e-type=\"widget\" data-widget_type=\"spacer.default\">\n\t\t\t\t<div class=\"elementor-widget-container\">\n\t\t\t\t\t\t\t<div class=\"elementor-spacer\">\n\t\t\t<div class=\"elementor-spacer-inner\"><\/div>\n\t\t<\/div>\n\t\t\t\t\t\t<\/div>\n\t\t\t\t<\/div>\n\t\t\t\t<div class=\"elementor-element elementor-element-18ee493 elementor-widget elementor-widget-heading\" data-id=\"18ee493\" data-element_type=\"widget\" data-e-type=\"widget\" data-widget_type=\"heading.default\">\n\t\t\t\t<div class=\"elementor-widget-container\">\n\t\t\t\t\t<h3 class=\"elementor-heading-title elementor-size-default\">Como funciona o processo previsto na Lei relativa ao emprego de cidad\u00e3os estrangeiros<\/h3>\t\t\t\t<\/div>\n\t\t\t\t<\/div>\n\t\t\t\t<div class=\"elementor-element elementor-element-b810f68 color-scheme-inherit text-left elementor-widget elementor-widget-text-editor\" data-id=\"b810f68\" data-element_type=\"widget\" data-e-type=\"widget\" data-widget_type=\"text-editor.default\">\n\t\t\t\t<div class=\"elementor-widget-container\">\n\t\t\t\t\t\t\t\t\t<p>A obten\u00e7\u00e3o de uma decis\u00e3o judicial, tamb\u00e9m conhecida como ordem judicial, pode variar consoante o tipo espec\u00edfico de processo. De seguida, enumeramos alguns dos passos gerais que s\u00e3o normalmente seguidos:<\/p><ul><li><strong>Preenchimento dos formul\u00e1rios necess\u00e1rios:\u00a0<\/strong>Para requerer uma decis\u00e3o judicial, \u00e9 normalmente necess\u00e1rio preencher formul\u00e1rios espec\u00edficos relacionados com o tipo de processo em que se encontra envolvido. Estes formul\u00e1rios podem diferir consoante a jurisdi\u00e7\u00e3o e a natureza do processo. \u00c9 fundamental fornecer as informa\u00e7\u00f5es necess\u00e1rias de forma exacta e completa.<\/li><li><strong>Apresenta\u00e7\u00e3o dos formul\u00e1rios ao tribunal:<\/strong>\u00a0Depois de os formul\u00e1rios estarem preenchidos, deve apresent\u00e1-los ao tribunal competente. Isto pode implicar a entrega dos formul\u00e1rios pessoalmente na secretaria do tribunal e o pagamento de eventuais taxas de candidatura.<\/li><li>Participar numa audi\u00eancia: depois de preencher os formul\u00e1rios, o tribunal ir\u00e1 muito provavelmente marcar uma audi\u00eancia para discutir o caso. Nesta audi\u00eancia, ter\u00e1 a oportunidade de apresentar o seu caso e de expor os seus argumentos ao tribunal. Tamb\u00e9m poder\u00e1 chamar testemunhas ou apresentar provas para apoiar o seu caso. \u00c9 importante estar bem preparado e, se necess\u00e1rio, procurar aconselhamento jur\u00eddico para apresentar o seu caso de forma eficaz.<\/li><li><strong>Decis\u00e3o do Tribunal:\u00a0<\/strong>Depois de ouvir todas as partes envolvidas e de avaliar as provas, o tribunal toma uma decis\u00e3o sobre o pedido de injun\u00e7\u00e3o. O tribunal pode aprovar, rejeitar ou fazer ajustamentos ao pedido com base nos argumentos e provas apresentados.<\/li><li><strong>Execu\u00e7\u00e3o de uma decis\u00e3o judicial:\u00a0<\/strong>se o tribunal aprovar o pedido de injun\u00e7\u00e3o, a injun\u00e7\u00e3o deve ser executada. Tal pode exigir que as partes envolvidas cumpram regras espec\u00edficas, tomem determinadas medidas ou se abstenham de praticar determinados actos, consoante o teor da injun\u00e7\u00e3o.<\/li><\/ul><p>\u00c9 sempre aconselh\u00e1vel procurar aconselhamento jur\u00eddico junto de um advogado experiente para compreender os procedimentos no seu caso. Uma abordagem especializada para obter uma ordem judicial \u00e9 essencial para um processo legal justo.<\/p>\t\t\t\t\t\t\t\t<\/div>\n\t\t\t\t<\/div>\n\t\t\t\t<div class=\"elementor-element elementor-element-4d26d28 elementor-widget elementor-widget-spacer\" data-id=\"4d26d28\" data-element_type=\"widget\" data-e-type=\"widget\" data-widget_type=\"spacer.default\">\n\t\t\t\t<div class=\"elementor-widget-container\">\n\t\t\t\t\t\t\t<div class=\"elementor-spacer\">\n\t\t\t<div class=\"elementor-spacer-inner\"><\/div>\n\t\t<\/div>\n\t\t\t\t\t\t<\/div>\n\t\t\t\t<\/div>\n\t\t\t\t<div class=\"elementor-element elementor-element-e0d823f elementor-widget elementor-widget-heading\" data-id=\"e0d823f\" data-element_type=\"widget\" data-e-type=\"widget\" data-widget_type=\"heading.default\">\n\t\t\t\t<div class=\"elementor-widget-container\">\n\t\t\t\t\t<h3 class=\"elementor-heading-title elementor-size-default\">Advogado para a Lei do Trabalho dos Estrangeiros<\/h3>\t\t\t\t<\/div>\n\t\t\t\t<\/div>\n\t\t\t\t<div class=\"elementor-element elementor-element-5ab5943 color-scheme-inherit text-left elementor-widget elementor-widget-text-editor\" data-id=\"5ab5943\" data-element_type=\"widget\" data-e-type=\"widget\" data-widget_type=\"text-editor.default\">\n\t\t\t\t<div class=\"elementor-widget-container\">\n\t\t\t\t\t\t\t\t\t<p>Um caso relacionado com a Lei do Trabalho para Estrangeiros pode ser um processo complicado, com regras e regulamentos rigorosos em vigor. \u00c9 por isso que \u00e9 vital ter o advogado certo do seu lado. Consultar um advogado experiente pode fazer uma diferen\u00e7a significativa no resultado do seu caso.<\/p><p>Os advogados do escrit\u00f3rio Der Bedrosian Law Firm s\u00e3o especializados em direito de imigra\u00e7\u00e3o e podem, portanto, ajud\u00e1-lo. Quer esteja a enfrentar uma quest\u00e3o relacionada com a Lei do Trabalho dos Estrangeiros ou necessite de aconselhamento jur\u00eddico, os nossos advogados est\u00e3o prontos para o ajudar na sua situa\u00e7\u00e3o.<\/p><p>Contacte-nos hoje e deixe-nos ajud\u00e1-lo a obter os melhores resultados poss\u00edveis no seu caso relativamente \u00e0 Lei do Trabalho dos Estrangeiros.<\/p>\t\t\t\t\t\t\t\t<\/div>\n\t\t\t\t<\/div>\n\t\t\t\t\t<\/div>\n\t\t\t\t<\/div>\n\t\t\t\t<\/div>","protected":false},"excerpt":{"rendered":"<p>voert de wet arbeid vreemdelingen wav lid c Wat is de Wet arbeid vreemdelingen? vreemdelingen wet arbeid is een werkgever<\/p>","protected":false},"author":1,"featured_media":0,"parent":10627,"menu_order":0,"comment_status":"closed","ping_status":"closed","template":"","meta":{"footnotes":""},"class_list":["post-10732","page","type-page","status-publish","hentry"],"_links":{"self":[{"href":"https:\/\/www.derbedrosian.nl\/pt\/wp-json\/wp\/v2\/pages\/10732","targetHints":{"allow":["GET"]}}],"collection":[{"href":"https:\/\/www.derbedrosian.nl\/pt\/wp-json\/wp\/v2\/pages"}],"about":[{"href":"https:\/\/www.derbedrosian.nl\/pt\/wp-json\/wp\/v2\/types\/page"}],"author":[{"embeddable":true,"href":"https:\/\/www.derbedrosian.nl\/pt\/wp-json\/wp\/v2\/users\/1"}],"replies":[{"embeddable":true,"href":"https:\/\/www.derbedrosian.nl\/pt\/wp-json\/wp\/v2\/comments?post=10732"}],"version-history":[{"count":0,"href":"https:\/\/www.derbedrosian.nl\/pt\/wp-json\/wp\/v2\/pages\/10732\/revisions"}],"up":[{"embeddable":true,"href":"https:\/\/www.derbedrosian.nl\/pt\/wp-json\/wp\/v2\/pages\/10627"}],"wp:attachment":[{"href":"https:\/\/www.derbedrosian.nl\/pt\/wp-json\/wp\/v2\/media?parent=10732"}],"curies":[{"name":"wp","href":"https:\/\/api.w.org\/{rel}","templated":true}]}}