{"id":10707,"date":"2023-05-26T16:45:58","date_gmt":"2023-05-26T14:45:58","guid":{"rendered":"https:\/\/derbedrosian.nl\/?page_id=10707"},"modified":"2025-12-21T16:07:17","modified_gmt":"2025-12-21T14:07:17","slug":"autorizacao-de-residencia-por-razoes-medicas","status":"publish","type":"page","link":"https:\/\/www.derbedrosian.nl\/pt\/rechtsgebieden\/vreemdelingenrecht\/verblijfsvergunning-medische-gronden\/","title":{"rendered":"Autoriza\u00e7\u00e3o de resid\u00eancia por raz\u00f5es m\u00e9dicas"},"content":{"rendered":"<div data-elementor-type=\"wp-page\" data-elementor-id=\"10707\" class=\"elementor elementor-10707\" data-elementor-post-type=\"page\">\n\t\t\t\t<div class=\"wd-negative-gap elementor-element elementor-element-254e15f e-flex e-con-boxed e-con e-parent\" data-id=\"254e15f\" data-element_type=\"container\" data-e-type=\"container\">\n\t\t\t\t\t<div class=\"e-con-inner\">\n\t\t\t\t<div class=\"elementor-element elementor-element-35687d7 elementor-hidden-desktop elementor-hidden-tablet elementor-hidden-mobile elementor-widget elementor-widget-wd_image_or_svg\" data-id=\"35687d7\" data-element_type=\"widget\" data-e-type=\"widget\" id=\"seo-word\" data-widget_type=\"wd_image_or_svg.default\">\n\t\t\t\t<div class=\"elementor-widget-container\">\n\t\t\t\t\t\n\t\t<div class=\"wd-image text-left\">\n\t\t\t\t\t\t\t\t<img loading=\"lazy\" decoding=\"async\" width=\"1000\" height=\"503\" src=\"https:\/\/www.derbedrosian.nl\/wp-content\/uploads\/rechtsgebied-verblijfsvergunning-medische-gronden.jpg\" class=\"attachment-full size-full\" alt=\"Autoriza\u00e7\u00e3o de resid\u00eancia por raz\u00f5es m\u00e9dicas pedido de visto ind IND Autoriza\u00e7\u00e3o de estada tempor\u00e1ria mvv\" srcset=\"https:\/\/www.derbedrosian.nl\/wp-content\/uploads\/rechtsgebied-verblijfsvergunning-medische-gronden.jpg 1000w, https:\/\/www.derbedrosian.nl\/wp-content\/uploads\/rechtsgebied-verblijfsvergunning-medische-gronden-400x201.jpg 400w, https:\/\/www.derbedrosian.nl\/wp-content\/uploads\/rechtsgebied-verblijfsvergunning-medische-gronden-768x386.jpg 768w\" sizes=\"auto, (max-width: 1000px) 100vw, 1000px\" title=\"\">\t\t\t\t\t<\/div>\n\n\t\t\t\t\t\t<\/div>\n\t\t\t\t<\/div>\n\t\t\t\t<div class=\"elementor-element elementor-element-f588a40 elementor-hidden-desktop elementor-hidden-tablet elementor-hidden-mobile elementor-widget elementor-widget-heading\" data-id=\"f588a40\" data-element_type=\"widget\" data-e-type=\"widget\" id=\"seo-word\" data-widget_type=\"heading.default\">\n\t\t\t\t<div class=\"elementor-widget-container\">\n\t\t\t\t\t<h2 class=\"elementor-heading-title elementor-size-default\">Pedido de autoriza\u00e7\u00e3o de resid\u00eancia <\/h2>\t\t\t\t<\/div>\n\t\t\t\t<\/div>\n\t\t\t\t<div class=\"elementor-element elementor-element-16c8d68 elementor-hidden-desktop elementor-hidden-tablet elementor-hidden-mobile elementor-widget elementor-widget-heading\" data-id=\"16c8d68\" data-element_type=\"widget\" data-e-type=\"widget\" id=\"seo-word\" data-widget_type=\"heading.default\">\n\t\t\t\t<div class=\"elementor-widget-container\">\n\t\t\t\t\t<h5 class=\"elementor-heading-title elementor-size-default\">IND<\/h5>\t\t\t\t<\/div>\n\t\t\t\t<\/div>\n\t\t\t\t<div class=\"elementor-element elementor-element-9962d59 elementor-hidden-desktop elementor-hidden-tablet elementor-hidden-mobile elementor-widget elementor-widget-heading\" data-id=\"9962d59\" data-element_type=\"widget\" data-e-type=\"widget\" id=\"seo-word\" data-widget_type=\"heading.default\">\n\t\t\t\t<div class=\"elementor-widget-container\">\n\t\t\t\t\t<h5 class=\"elementor-heading-title elementor-size-default\">advogado autoriza\u00e7\u00e3o de resid\u00eancia motivos m\u00e9dicos<\/h5>\t\t\t\t<\/div>\n\t\t\t\t<\/div>\n\t\t\t\t<div class=\"elementor-element elementor-element-e2c149a elementor-hidden-desktop elementor-hidden-tablet elementor-hidden-mobile elementor-widget elementor-widget-heading\" data-id=\"e2c149a\" data-element_type=\"widget\" data-e-type=\"widget\" id=\"seo-word\" data-widget_type=\"heading.default\">\n\t\t\t\t<div class=\"elementor-widget-container\">\n\t\t\t\t\t<h5 class=\"elementor-heading-title elementor-size-default\">condi\u00e7\u00f5es para requerer uma autoriza\u00e7\u00e3o de resid\u00eancia<\/h5>\t\t\t\t<\/div>\n\t\t\t\t<\/div>\n\t\t\t\t<div class=\"elementor-element elementor-element-bdb239f elementor-hidden-desktop elementor-hidden-tablet elementor-hidden-mobile elementor-widget elementor-widget-heading\" data-id=\"bdb239f\" data-element_type=\"widget\" data-e-type=\"widget\" id=\"seo-word\" data-widget_type=\"heading.default\">\n\t\t\t\t<div class=\"elementor-widget-container\">\n\t\t\t\t\t<h5 class=\"elementor-heading-title elementor-size-default\">Autoriza\u00e7\u00e3o de resid\u00eancia provis\u00f3ria (mvv)<\/h5>\t\t\t\t<\/div>\n\t\t\t\t<\/div>\n\t\t\t\t<div class=\"elementor-element elementor-element-f4b6948 elementor-hidden-desktop elementor-hidden-tablet elementor-hidden-mobile elementor-widget elementor-widget-heading\" data-id=\"f4b6948\" data-element_type=\"widget\" data-e-type=\"widget\" id=\"seo-word\" data-widget_type=\"heading.default\">\n\t\t\t\t<div class=\"elementor-widget-container\">\n\t\t\t\t\t<h5 class=\"elementor-heading-title elementor-size-default\">advogado de direito de imigra\u00e7\u00e3o enschede<\/h5>\t\t\t\t<\/div>\n\t\t\t\t<\/div>\n\t\t\t\t<div class=\"elementor-element elementor-element-9cd1810 elementor-hidden-desktop elementor-hidden-tablet elementor-hidden-mobile elementor-widget elementor-widget-heading\" data-id=\"9cd1810\" data-element_type=\"widget\" data-e-type=\"widget\" id=\"seo-word\" data-widget_type=\"heading.default\">\n\t\t\t\t<div class=\"elementor-widget-container\">\n\t\t\t\t\t<h5 class=\"elementor-heading-title elementor-size-default\">advogado de direito de imigra\u00e7\u00e3o overijssel<\/h5>\t\t\t\t<\/div>\n\t\t\t\t<\/div>\n\t\t\t\t<div class=\"elementor-element elementor-element-5f4aa4b elementor-hidden-desktop elementor-hidden-tablet elementor-hidden-mobile elementor-widget elementor-widget-heading\" data-id=\"5f4aa4b\" data-element_type=\"widget\" data-e-type=\"widget\" id=\"seo-word\" data-widget_type=\"heading.default\">\n\t\t\t\t<div class=\"elementor-widget-container\">\n\t\t\t\t\t<h5 class=\"elementor-heading-title elementor-size-default\">direito dos estrangeiros enschede<\/h5>\t\t\t\t<\/div>\n\t\t\t\t<\/div>\n\t\t\t\t<div class=\"elementor-element elementor-element-999e2e0 elementor-hidden-desktop elementor-hidden-tablet elementor-hidden-mobile elementor-widget elementor-widget-heading\" data-id=\"999e2e0\" data-element_type=\"widget\" data-e-type=\"widget\" id=\"seo-word\" data-widget_type=\"heading.default\">\n\t\t\t\t<div class=\"elementor-widget-container\">\n\t\t\t\t\t<h5 class=\"elementor-heading-title elementor-size-default\">advogado enschede aliens law<\/h5>\t\t\t\t<\/div>\n\t\t\t\t<\/div>\n\t\t\t\t<div class=\"elementor-element elementor-element-885bfaa elementor-hidden-desktop elementor-hidden-tablet elementor-hidden-mobile elementor-widget elementor-widget-heading\" data-id=\"885bfaa\" data-element_type=\"widget\" data-e-type=\"widget\" id=\"seo-word\" data-widget_type=\"heading.default\">\n\t\t\t\t<div class=\"elementor-widget-container\">\n\t\t\t\t\t<h5 class=\"elementor-heading-title elementor-size-default\">autoriza\u00e7\u00e3o de resid\u00eancia para tratamento m\u00e9dico condi\u00e7\u00f5es do requisito mvv autoriza\u00e7\u00e3o de resid\u00eancia m\u00e9dica autoriza\u00e7\u00e3o de resid\u00eancia por motivos m\u00e9dicos condi\u00e7\u00f5es do requisito mvv autoriza\u00e7\u00e3o de resid\u00eancia para tratamento m\u00e9dico adiamento<\/h5>\t\t\t\t<\/div>\n\t\t\t\t<\/div>\n\t\t\t\t<div class=\"elementor-element elementor-element-af02908 elementor-hidden-desktop elementor-hidden-tablet elementor-hidden-mobile elementor-widget elementor-widget-heading\" data-id=\"af02908\" data-element_type=\"widget\" data-e-type=\"widget\" id=\"seo-word\" data-widget_type=\"heading.default\">\n\t\t\t\t<div class=\"elementor-widget-container\">\n\t\t\t\t\t<h5 class=\"elementor-heading-title elementor-size-default\">A autoriza\u00e7\u00e3o de resid\u00eancia para tratamento m\u00e9dico \u00e9 um aspeto importante da legisla\u00e7\u00e3o em mat\u00e9ria de imigra\u00e7\u00e3o. Esta autoriza\u00e7\u00e3o destina-se a pessoas que pretendem vir para os Pa\u00edses Baixos para receber tratamento m\u00e9dico. O pedido de autoriza\u00e7\u00e3o de resid\u00eancia para tratamento m\u00e9dico pode ser complexo e deve preencher condi\u00e7\u00f5es espec\u00edficas, nomeadamente o requisito do MVV.\n\nO requisito MVV significa que tem de requerer uma autoriza\u00e7\u00e3o de resid\u00eancia provis\u00f3ria (MVV) antes de poder vir para os Pa\u00edses Baixos para receber tratamento m\u00e9dico. A obten\u00e7\u00e3o desta autoriza\u00e7\u00e3o exige uma prepara\u00e7\u00e3o cuidadosa e orienta\u00e7\u00e3o jur\u00eddica.\n\nOs advogados de imigra\u00e7\u00e3o da Derbedrosian em Enschede e Overijssel compreendem a complexidade destes procedimentos e est\u00e3o prontos para o aconselhar e orientar no pedido de autoriza\u00e7\u00e3o de resid\u00eancia para tratamento m\u00e9dico e obten\u00e7\u00e3o de um MVV. Asseguramos que o seu pedido cumpre todos os requisitos legais e que os seus direitos s\u00e3o protegidos durante todo o processo.\n\nSe tiver alguma quest\u00e3o sobre autoriza\u00e7\u00f5es de resid\u00eancia para tratamento m\u00e9dico, requisitos MVV, ou outros assuntos de direito de imigra\u00e7\u00e3o, por favor n\u00e3o hesite em contactar Derbedrosian Immigration Lawyers. Estamos aqui para o ajudar e proteger os seus direitos, especialmente em situa\u00e7\u00f5es em que o tratamento m\u00e9dico \u00e9 vital.\n\n\n\n\n<\/h5>\t\t\t\t<\/div>\n\t\t\t\t<\/div>\n\t\t\t\t\t<\/div>\n\t\t\t\t<\/div>\n\t\t<div class=\"wd-negative-gap elementor-element elementor-element-0109d6e e-flex e-con-boxed e-con e-parent\" data-id=\"0109d6e\" data-element_type=\"container\" data-e-type=\"container\">\n\t\t\t\t\t<div class=\"e-con-inner\">\n\t\t\t\t<div class=\"elementor-element elementor-element-bb3482e color-scheme-inherit text-left elementor-widget elementor-widget-text-editor\" data-id=\"bb3482e\" data-element_type=\"widget\" data-e-type=\"widget\" data-widget_type=\"text-editor.default\">\n\t\t\t\t<div class=\"elementor-widget-container\">\n\t\t\t\t\t\t\t\t\t<p><strong>\u00c9 poss\u00edvel que voc\u00ea ou algu\u00e9m da sua fam\u00edlia n\u00e3o possa partir devido a problemas de sa\u00fade. Talvez necessite de cuidados m\u00e9dicos que n\u00e3o est\u00e3o dispon\u00edveis no seu pa\u00eds de origem. Se estiver nos Pa\u00edses Baixos e receber tratamento m\u00e9dico que n\u00e3o \u00e9 poss\u00edvel no seu pa\u00eds de origem, pode requerer uma autoriza\u00e7\u00e3o de resid\u00eancia como estrangeiro por raz\u00f5es m\u00e9dicas.<\/strong><\/p>\t\t\t\t\t\t\t\t<\/div>\n\t\t\t\t<\/div>\n\t\t\t\t<div class=\"elementor-element elementor-element-f92d0d6 elementor-widget elementor-widget-spacer\" data-id=\"f92d0d6\" data-element_type=\"widget\" data-e-type=\"widget\" data-widget_type=\"spacer.default\">\n\t\t\t\t<div class=\"elementor-widget-container\">\n\t\t\t\t\t\t\t<div class=\"elementor-spacer\">\n\t\t\t<div class=\"elementor-spacer-inner\"><\/div>\n\t\t<\/div>\n\t\t\t\t\t\t<\/div>\n\t\t\t\t<\/div>\n\t\t\t\t<div class=\"elementor-element elementor-element-9234123 elementor-widget elementor-widget-heading\" data-id=\"9234123\" data-element_type=\"widget\" data-e-type=\"widget\" data-widget_type=\"heading.default\">\n\t\t\t\t<div class=\"elementor-widget-container\">\n\t\t\t\t\t<h3 class=\"elementor-heading-title elementor-size-default\">Autoriza\u00e7\u00e3o de resid\u00eancia por raz\u00f5es m\u00e9dicas <\/h3>\t\t\t\t<\/div>\n\t\t\t\t<\/div>\n\t\t\t\t<div class=\"elementor-element elementor-element-5efe0eb color-scheme-inherit text-left elementor-widget elementor-widget-text-editor\" data-id=\"5efe0eb\" data-element_type=\"widget\" data-e-type=\"widget\" data-widget_type=\"text-editor.default\">\n\t\t\t\t<div class=\"elementor-widget-container\">\n\t\t\t\t\t\t\t\t\t<p>A \"autoriza\u00e7\u00e3o de resid\u00eancia por raz\u00f5es m\u00e9dicas\" \u00e9 uma autoriza\u00e7\u00e3o especial concedida a pessoas que n\u00e3o podem regressar ao seu pa\u00eds de origem por raz\u00f5es m\u00e9dicas. Esta autoriza\u00e7\u00e3o permite-lhes permanecer nos Pa\u00edses Baixos e receber cuidados m\u00e9dicos que n\u00e3o est\u00e3o dispon\u00edveis no seu pa\u00eds de origem. O objetivo desta autoriza\u00e7\u00e3o \u00e9 garantir que as pessoas com problemas de sa\u00fade graves tenham acesso ao tratamento m\u00e9dico necess\u00e1rio e que a sua sa\u00fade e bem-estar sejam protegidos. Trata-se de um aspeto importante da pol\u00edtica de imigra\u00e7\u00e3o neerlandesa, que coloca a t\u00f3nica nos cuidados humanit\u00e1rios para as pessoas com necessidades m\u00e9dicas.<\/p>\t\t\t\t\t\t\t\t<\/div>\n\t\t\t\t<\/div>\n\t\t\t\t<div class=\"elementor-element elementor-element-e3fdfe8 elementor-widget elementor-widget-spacer\" data-id=\"e3fdfe8\" data-element_type=\"widget\" data-e-type=\"widget\" data-widget_type=\"spacer.default\">\n\t\t\t\t<div class=\"elementor-widget-container\">\n\t\t\t\t\t\t\t<div class=\"elementor-spacer\">\n\t\t\t<div class=\"elementor-spacer-inner\"><\/div>\n\t\t<\/div>\n\t\t\t\t\t\t<\/div>\n\t\t\t\t<\/div>\n\t\t\t\t<div class=\"elementor-element elementor-element-f80b306 elementor-widget elementor-widget-heading\" data-id=\"f80b306\" data-element_type=\"widget\" data-e-type=\"widget\" data-widget_type=\"heading.default\">\n\t\t\t\t<div class=\"elementor-widget-container\">\n\t\t\t\t\t<h3 class=\"elementor-heading-title elementor-size-default\">Condi\u00e7\u00f5es autoriza\u00e7\u00e3o de resid\u00eancia raz\u00f5es m\u00e9dicas<\/h3>\t\t\t\t<\/div>\n\t\t\t\t<\/div>\n\t\t\t\t<div class=\"elementor-element elementor-element-f021817 color-scheme-inherit text-left elementor-widget elementor-widget-text-editor\" data-id=\"f021817\" data-element_type=\"widget\" data-e-type=\"widget\" data-widget_type=\"text-editor.default\">\n\t\t\t\t<div class=\"elementor-widget-container\">\n\t\t\t\t\t\t\t\t\t<p>Para ter direito a esta licen\u00e7a, \u00e9 necess\u00e1rio preencher algumas condi\u00e7\u00f5es espec\u00edficas. Estas condi\u00e7\u00f5es destinam-se a garantir que a concess\u00e3o da licen\u00e7a \u00e9 justificada:<\/p><ul><li><strong>Emerg\u00eancia m\u00e9dica:<\/strong>\u00a0\u00e9 necess\u00e1rio que se encontre numa situa\u00e7\u00e3o de emerg\u00eancia m\u00e9dica. Isto significa que o tratamento m\u00e9dico de que necessita nos Pa\u00edses Baixos \u00e9 vital para a sua sa\u00fade e n\u00e3o est\u00e1 dispon\u00edvel no seu pa\u00eds de origem. Esta condi\u00e7\u00e3o sublinha a import\u00e2ncia da sua sa\u00fade e das suas necessidades m\u00e9dicas.<\/li><li><strong>Identifica\u00e7\u00e3o v\u00e1lida<\/strong>Outra condi\u00e7\u00e3o \u00e9 possuir documentos de identifica\u00e7\u00e3o v\u00e1lidos. Deve estar na posse de um documento de viagem, passaporte ou bilhete de identidade v\u00e1lidos para efeitos de identifica\u00e7\u00e3o e de cumprimento das obriga\u00e7\u00f5es administrativas legais.<\/li><li><strong>N\u00e3o h\u00e1 perigo para a seguran\u00e7a nacional:<\/strong>\u00a0\u00e9 da maior import\u00e2ncia que n\u00e3o represente uma amea\u00e7a para a seguran\u00e7a nacional. Isto significa que n\u00e3o se envolve em actividades criminosas e n\u00e3o perturba a ordem p\u00fablica. Esta condi\u00e7\u00e3o tem por objetivo garantir a seguran\u00e7a e a estabilidade globais.<\/li><li><strong>Investiga\u00e7\u00e3o sobre a tuberculose:<\/strong>\u00a0por \u00faltimo, deve estar preparado para se submeter a um teste de tuberculose. A tuberculose \u00e9 uma doen\u00e7a infecciosa grave causada por uma bact\u00e9ria, geralmente localizada nos pulm\u00f5es. Este exame serve como medida preventiva para evitar a propaga\u00e7\u00e3o desta doen\u00e7a e salvaguardar a sa\u00fade p\u00fablica.<\/li><\/ul>\t\t\t\t\t\t\t\t<\/div>\n\t\t\t\t<\/div>\n\t\t\t\t<div class=\"elementor-element elementor-element-136a37d elementor-widget elementor-widget-spacer\" data-id=\"136a37d\" data-element_type=\"widget\" data-e-type=\"widget\" data-widget_type=\"spacer.default\">\n\t\t\t\t<div class=\"elementor-widget-container\">\n\t\t\t\t\t\t\t<div class=\"elementor-spacer\">\n\t\t\t<div class=\"elementor-spacer-inner\"><\/div>\n\t\t<\/div>\n\t\t\t\t\t\t<\/div>\n\t\t\t\t<\/div>\n\t\t\t\t<div class=\"elementor-element elementor-element-2563659 elementor-widget elementor-widget-heading\" data-id=\"2563659\" data-element_type=\"widget\" data-e-type=\"widget\" data-widget_type=\"heading.default\">\n\t\t\t\t<div class=\"elementor-widget-container\">\n\t\t\t\t\t<h3 class=\"elementor-heading-title elementor-size-default\">Autoriza\u00e7\u00e3o de resid\u00eancia provis\u00f3ria (mvv) <\/h3>\t\t\t\t<\/div>\n\t\t\t\t<\/div>\n\t\t\t\t<div class=\"elementor-element elementor-element-eeacbad color-scheme-inherit text-left elementor-widget elementor-widget-text-editor\" data-id=\"eeacbad\" data-element_type=\"widget\" data-e-type=\"widget\" data-widget_type=\"text-editor.default\">\n\t\t\t\t<div class=\"elementor-widget-container\">\n\t\t\t\t\t\t\t\t\t<p>Se vem de fora da Uni\u00e3o Europeia, \u00e9 normalmente necess\u00e1rio um visto para entrar nos Pa\u00edses Baixos. Este visto espec\u00edfico \u00e9 conhecido como MVV, que significa \u2018Autoriza\u00e7\u00e3o de Resid\u00eancia Provis\u00f3ria\u2019.<\/p><p>O MVV \u00e9, na realidade, uma autoriza\u00e7\u00e3o que lhe permite viajar para os Pa\u00edses Baixos com o objetivo principal de requerer uma autoriza\u00e7\u00e3o de resid\u00eancia nesse pa\u00eds. Este \u00e9 o passo b\u00e1sico no processo de obten\u00e7\u00e3o de uma autoriza\u00e7\u00e3o de resid\u00eancia.<\/p><p>Em alguns casos, a sua obje\u00e7\u00e3o ao Servi\u00e7o de Imigra\u00e7\u00e3o e Naturaliza\u00e7\u00e3o (IND) pode n\u00e3o ser aceite. Nesse caso, tem o direito de recorrer ao tribunal no prazo de quatro semanas. Se o tribunal tamb\u00e9m rejeitar o seu recurso, existe ainda a possibilidade de interpor um recurso junto da Divis\u00e3o de Direito Administrativo do Conselho de Estado.<\/p><p>\u00c9 importante sublinhar que o processo de obten\u00e7\u00e3o de uma autoriza\u00e7\u00e3o de resid\u00eancia pode ser complexo, especialmente para os cidad\u00e3os de pa\u00edses terceiros. Por conseguinte, \u00e9 aconselh\u00e1vel procurar aconselhamento jur\u00eddico e talvez consultar um advogado especializado para o orientar neste processo e salvaguardar os seus direitos.\u201d<\/p>\t\t\t\t\t\t\t\t<\/div>\n\t\t\t\t<\/div>\n\t\t\t\t<div class=\"elementor-element elementor-element-b86b75e elementor-widget elementor-widget-spacer\" data-id=\"b86b75e\" data-element_type=\"widget\" data-e-type=\"widget\" data-widget_type=\"spacer.default\">\n\t\t\t\t<div class=\"elementor-widget-container\">\n\t\t\t\t\t\t\t<div class=\"elementor-spacer\">\n\t\t\t<div class=\"elementor-spacer-inner\"><\/div>\n\t\t<\/div>\n\t\t\t\t\t\t<\/div>\n\t\t\t\t<\/div>\n\t\t\t\t<div class=\"elementor-element elementor-element-997f9da elementor-widget elementor-widget-heading\" data-id=\"997f9da\" data-element_type=\"widget\" data-e-type=\"widget\" data-widget_type=\"heading.default\">\n\t\t\t\t<div class=\"elementor-widget-container\">\n\t\t\t\t\t<h3 class=\"elementor-heading-title elementor-size-default\">Indeferimento do meu pedido de autoriza\u00e7\u00e3o de resid\u00eancia por raz\u00f5es m\u00e9dicas<\/h3>\t\t\t\t<\/div>\n\t\t\t\t<\/div>\n\t\t\t\t<div class=\"elementor-element elementor-element-52f0506 color-scheme-inherit text-left elementor-widget elementor-widget-text-editor\" data-id=\"52f0506\" data-element_type=\"widget\" data-e-type=\"widget\" data-widget_type=\"text-editor.default\">\n\t\t\t\t<div class=\"elementor-widget-container\">\n\t\t\t\t\t\t\t\t\t<p>Se o seu pedido de autoriza\u00e7\u00e3o de resid\u00eancia for indeferido por raz\u00f5es m\u00e9dicas, existem medidas que pode tomar para continuar a defender o seu caso. Em primeiro lugar, tem o direito de apresentar uma notifica\u00e7\u00e3o de obje\u00e7\u00e3o junto do Servi\u00e7o de Imigra\u00e7\u00e3o e Naturaliza\u00e7\u00e3o (IND) no prazo de quatro semanas ap\u00f3s o indeferimento. Isto permite-lhe contestar os motivos da recusa e fornecer informa\u00e7\u00f5es adicionais que possam apoiar o seu caso.<\/p><p>Se o seu recurso contra a decis\u00e3o do IND n\u00e3o for aceite e for declarado infundado, pode apresentar uma peti\u00e7\u00e3o de recurso ao tribunal no prazo de mais quatro semanas. Isto permite-lhe apresentar o seu caso ao tribunal, onde ser\u00e1 efectuada uma avalia\u00e7\u00e3o independente. Com a ajuda de um advogado experiente, pode apresentar argumentos e provas s\u00f3lidos para contestar a decis\u00e3o do IND.<\/p><p>\u00a0<\/p>\t\t\t\t\t\t\t\t<\/div>\n\t\t\t\t<\/div>\n\t\t\t\t<div class=\"elementor-element elementor-element-261373e elementor-widget elementor-widget-spacer\" data-id=\"261373e\" data-element_type=\"widget\" data-e-type=\"widget\" data-widget_type=\"spacer.default\">\n\t\t\t\t<div class=\"elementor-widget-container\">\n\t\t\t\t\t\t\t<div class=\"elementor-spacer\">\n\t\t\t<div class=\"elementor-spacer-inner\"><\/div>\n\t\t<\/div>\n\t\t\t\t\t\t<\/div>\n\t\t\t\t<\/div>\n\t\t\t\t<div class=\"elementor-element elementor-element-e07c084 elementor-widget elementor-widget-heading\" data-id=\"e07c084\" data-element_type=\"widget\" data-e-type=\"widget\" data-widget_type=\"heading.default\">\n\t\t\t\t<div class=\"elementor-widget-container\">\n\t\t\t\t\t<h3 class=\"elementor-heading-title elementor-size-default\">Autoriza\u00e7\u00e3o de resid\u00eancia por motivos m\u00e9dicos advogado\n<\/h3>\t\t\t\t<\/div>\n\t\t\t\t<\/div>\n\t\t\t\t<div class=\"elementor-element elementor-element-d6b508d color-scheme-inherit text-left elementor-widget elementor-widget-text-editor\" data-id=\"d6b508d\" data-element_type=\"widget\" data-e-type=\"widget\" data-widget_type=\"text-editor.default\">\n\t\t\t\t<div class=\"elementor-widget-container\">\n\t\t\t\t\t\t\t\t\t<p>Se for obrigado a deixar os Pa\u00edses Baixos mas necessitar de tratamento m\u00e9dico urgente que n\u00e3o esteja dispon\u00edvel no seu pa\u00eds de origem, \u00e9 aconselh\u00e1vel procurar a ajuda de profissionais da justi\u00e7a.<\/p><p>O escrit\u00f3rio de advogados Der Bedrosian tem <a href=\"https:\/\/www.derbedrosian.nl\/pt\/advogados\/\">advogados especializados<\/a> no dom\u00ednio do direito da imigra\u00e7\u00e3o, que ter\u00e3o todo o prazer em servi-lo. Por isso, n\u00e3o hesite em contactar-nos para que um dos nossos advogados o possa ajudar e evitar a deporta\u00e7\u00e3o for\u00e7ada.<\/p>\t\t\t\t\t\t\t\t<\/div>\n\t\t\t\t<\/div>\n\t\t\t\t\t<\/div>\n\t\t\t\t<\/div>\n\t\t\t\t<\/div>","protected":false},"excerpt":{"rendered":"<p>Solicitar autoriza\u00e7\u00e3o de resid\u00eancia Advogado IND autoriza\u00e7\u00e3o de resid\u00eancia por motivos m\u00e9dicos condi\u00e7\u00f5es solicitar autoriza\u00e7\u00e3o de resid\u00eancia Autoriza\u00e7\u00e3o de resid\u00eancia provis\u00f3ria (mvv) \u200b advogado especializado em direito de estrangeiros enschede direito de estrangeiros<\/p>","protected":false},"author":1,"featured_media":0,"parent":10627,"menu_order":0,"comment_status":"closed","ping_status":"closed","template":"","meta":{"footnotes":""},"class_list":["post-10707","page","type-page","status-publish","hentry"],"_links":{"self":[{"href":"https:\/\/www.derbedrosian.nl\/pt\/wp-json\/wp\/v2\/pages\/10707","targetHints":{"allow":["GET"]}}],"collection":[{"href":"https:\/\/www.derbedrosian.nl\/pt\/wp-json\/wp\/v2\/pages"}],"about":[{"href":"https:\/\/www.derbedrosian.nl\/pt\/wp-json\/wp\/v2\/types\/page"}],"author":[{"embeddable":true,"href":"https:\/\/www.derbedrosian.nl\/pt\/wp-json\/wp\/v2\/users\/1"}],"replies":[{"embeddable":true,"href":"https:\/\/www.derbedrosian.nl\/pt\/wp-json\/wp\/v2\/comments?post=10707"}],"version-history":[{"count":0,"href":"https:\/\/www.derbedrosian.nl\/pt\/wp-json\/wp\/v2\/pages\/10707\/revisions"}],"up":[{"embeddable":true,"href":"https:\/\/www.derbedrosian.nl\/pt\/wp-json\/wp\/v2\/pages\/10627"}],"wp:attachment":[{"href":"https:\/\/www.derbedrosian.nl\/pt\/wp-json\/wp\/v2\/media?parent=10707"}],"curies":[{"name":"wp","href":"https:\/\/api.w.org\/{rel}","templated":true}]}}