{"id":10702,"date":"2023-05-26T16:04:57","date_gmt":"2023-05-26T14:04:57","guid":{"rendered":"https:\/\/derbedrosian.nl\/?page_id=10702"},"modified":"2025-12-21T16:06:18","modified_gmt":"2025-12-21T14:06:18","slug":"autorizacao-de-residencia-para-migrantes-qualificados","status":"publish","type":"page","link":"https:\/\/www.derbedrosian.nl\/pt\/rechtsgebieden\/vreemdelingenrecht\/verblijfsvergunning-kennismigrant\/","title":{"rendered":"Autoriza\u00e7\u00e3o de resid\u00eancia conhecimento migrante"},"content":{"rendered":"<div data-elementor-type=\"wp-page\" data-elementor-id=\"10702\" class=\"elementor elementor-10702\" data-elementor-post-type=\"page\">\n\t\t\t\t<div class=\"wd-negative-gap elementor-element elementor-element-299fda3 e-flex e-con-boxed e-con e-parent\" data-id=\"299fda3\" data-element_type=\"container\" data-e-type=\"container\">\n\t\t\t\t\t<div class=\"e-con-inner\">\n\t\t\t\t<div class=\"elementor-element elementor-element-275733a elementor-hidden-desktop elementor-hidden-tablet elementor-hidden-mobile elementor-widget elementor-widget-wd_image_or_svg\" data-id=\"275733a\" data-element_type=\"widget\" data-e-type=\"widget\" id=\"seo-word\" data-widget_type=\"wd_image_or_svg.default\">\n\t\t\t\t<div class=\"elementor-widget-container\">\n\t\t\t\t\t\n\t\t<div class=\"wd-image text-center\">\n\t\t\t\t\t\t\t\t<img loading=\"lazy\" decoding=\"async\" width=\"1000\" height=\"667\" src=\"https:\/\/www.derbedrosian.nl\/wp-content\/uploads\/verblijfsvergunning-kennismigrant.jpg\" class=\"attachment-full size-full\" alt=\"Autoriza\u00e7\u00e3o de resid\u00eancia conhecimento migrante\" srcset=\"https:\/\/www.derbedrosian.nl\/wp-content\/uploads\/verblijfsvergunning-kennismigrant.jpg 1000w, https:\/\/www.derbedrosian.nl\/wp-content\/uploads\/verblijfsvergunning-kennismigrant-400x267.jpg 400w, https:\/\/www.derbedrosian.nl\/wp-content\/uploads\/verblijfsvergunning-kennismigrant-768x512.jpg 768w\" sizes=\"auto, (max-width: 1000px) 100vw, 1000px\" title=\"\">\t\t\t\t\t<\/div>\n\n\t\t\t\t\t\t<\/div>\n\t\t\t\t<\/div>\n\t\t\t\t<div class=\"elementor-element elementor-element-900f7aa elementor-hidden-desktop elementor-hidden-tablet elementor-hidden-mobile elementor-widget elementor-widget-heading\" data-id=\"900f7aa\" data-element_type=\"widget\" data-e-type=\"widget\" id=\"seo-word\" data-widget_type=\"heading.default\">\n\t\t\t\t<div class=\"elementor-widget-container\">\n\t\t\t\t\t<h2 class=\"elementor-heading-title elementor-size-default\">advogado para o pedido de autoriza\u00e7\u00e3o de resid\u00eancia<\/h2>\t\t\t\t<\/div>\n\t\t\t\t<\/div>\n\t\t\t\t<div class=\"elementor-element elementor-element-df1eaaa elementor-hidden-desktop elementor-hidden-tablet elementor-hidden-mobile elementor-widget elementor-widget-heading\" data-id=\"df1eaaa\" data-element_type=\"widget\" data-e-type=\"widget\" id=\"seo-word\" data-widget_type=\"heading.default\">\n\t\t\t\t<div class=\"elementor-widget-container\">\n\t\t\t\t\t<h5 class=\"elementor-heading-title elementor-size-default\">advogado para a renova\u00e7\u00e3o da autoriza\u00e7\u00e3o de resid\u00eancia<\/h5>\t\t\t\t<\/div>\n\t\t\t\t<\/div>\n\t\t\t\t<div class=\"elementor-element elementor-element-44278cb elementor-hidden-desktop elementor-hidden-tablet elementor-hidden-mobile elementor-widget elementor-widget-heading\" data-id=\"44278cb\" data-element_type=\"widget\" data-e-type=\"widget\" id=\"seo-word\" data-widget_type=\"heading.default\">\n\t\t\t\t<div class=\"elementor-widget-container\">\n\t\t\t\t\t<h5 class=\"elementor-heading-title elementor-size-default\">advogado de autoriza\u00e7\u00e3o de resid\u00eancia permanente<\/h5>\t\t\t\t<\/div>\n\t\t\t\t<\/div>\n\t\t\t\t<div class=\"elementor-element elementor-element-6bb0f5b elementor-hidden-desktop elementor-hidden-tablet elementor-hidden-mobile elementor-widget elementor-widget-heading\" data-id=\"6bb0f5b\" data-element_type=\"widget\" data-e-type=\"widget\" id=\"seo-word\" data-widget_type=\"heading.default\">\n\t\t\t\t<div class=\"elementor-widget-container\">\n\t\t\t\t\t<h5 class=\"elementor-heading-title elementor-size-default\">visto de migrante qualificado<\/h5>\t\t\t\t<\/div>\n\t\t\t\t<\/div>\n\t\t\t\t<div class=\"elementor-element elementor-element-e236d03 elementor-hidden-desktop elementor-hidden-tablet elementor-hidden-mobile elementor-widget elementor-widget-heading\" data-id=\"e236d03\" data-element_type=\"widget\" data-e-type=\"widget\" id=\"seo-word\" data-widget_type=\"heading.default\">\n\t\t\t\t<div class=\"elementor-widget-container\">\n\t\t\t\t\t<h5 class=\"elementor-heading-title elementor-size-default\">Sal\u00e1rio de migrante do conhecimento 2023<\/h5>\t\t\t\t<\/div>\n\t\t\t\t<\/div>\n\t\t\t\t<div class=\"elementor-element elementor-element-0bd94f3 elementor-hidden-desktop elementor-hidden-tablet elementor-hidden-mobile elementor-widget elementor-widget-heading\" data-id=\"0bd94f3\" data-element_type=\"widget\" data-e-type=\"widget\" id=\"seo-word\" data-widget_type=\"heading.default\">\n\t\t\t\t<div class=\"elementor-widget-container\">\n\t\t\t\t\t<h5 class=\"elementor-heading-title elementor-size-default\">anexar a validade da autoriza\u00e7\u00e3o de trabalho<\/h5>\t\t\t\t<\/div>\n\t\t\t\t<\/div>\n\t\t\t\t<div class=\"elementor-element elementor-element-51caa46 elementor-hidden-desktop elementor-hidden-tablet elementor-hidden-mobile elementor-widget elementor-widget-heading\" data-id=\"51caa46\" data-element_type=\"widget\" data-e-type=\"widget\" id=\"seo-word\" data-widget_type=\"heading.default\">\n\t\t\t\t<div class=\"elementor-widget-container\">\n\t\t\t\t\t<h5 class=\"elementor-heading-title elementor-size-default\">advogado de direito de imigra\u00e7\u00e3o enschede<\/h5>\t\t\t\t<\/div>\n\t\t\t\t<\/div>\n\t\t\t\t<div class=\"elementor-element elementor-element-5cc258e elementor-hidden-desktop elementor-hidden-tablet elementor-hidden-mobile elementor-widget elementor-widget-heading\" data-id=\"5cc258e\" data-element_type=\"widget\" data-e-type=\"widget\" id=\"seo-word\" data-widget_type=\"heading.default\">\n\t\t\t\t<div class=\"elementor-widget-container\">\n\t\t\t\t\t<h5 class=\"elementor-heading-title elementor-size-default\">advogado de direito de imigra\u00e7\u00e3o overijssel<\/h5>\t\t\t\t<\/div>\n\t\t\t\t<\/div>\n\t\t\t\t<div class=\"elementor-element elementor-element-80f4509 elementor-hidden-desktop elementor-hidden-tablet elementor-hidden-mobile elementor-widget elementor-widget-heading\" data-id=\"80f4509\" data-element_type=\"widget\" data-e-type=\"widget\" id=\"seo-word\" data-widget_type=\"heading.default\">\n\t\t\t\t<div class=\"elementor-widget-container\">\n\t\t\t\t\t<h5 class=\"elementor-heading-title elementor-size-default\">direito dos estrangeiros enschede<\/h5>\t\t\t\t<\/div>\n\t\t\t\t<\/div>\n\t\t\t\t<div class=\"elementor-element elementor-element-9627050 elementor-hidden-desktop elementor-hidden-tablet elementor-hidden-mobile elementor-widget elementor-widget-heading\" data-id=\"9627050\" data-element_type=\"widget\" data-e-type=\"widget\" id=\"seo-word\" data-widget_type=\"heading.default\">\n\t\t\t\t<div class=\"elementor-widget-container\">\n\t\t\t\t\t<h5 class=\"elementor-heading-title elementor-size-default\">advogado enschede aliens law<\/h5>\t\t\t\t<\/div>\n\t\t\t\t<\/div>\n\t\t\t\t<div class=\"elementor-element elementor-element-3659afb elementor-hidden-desktop elementor-hidden-tablet elementor-hidden-mobile elementor-widget elementor-widget-heading\" data-id=\"3659afb\" data-element_type=\"widget\" data-e-type=\"widget\" id=\"seo-word\" data-widget_type=\"heading.default\">\n\t\t\t\t<div class=\"elementor-widget-container\">\n\t\t\t\t\t<h5 class=\"elementor-heading-title elementor-size-default\">os documentos que enviar com validade ajudados por esta informa\u00e7\u00e3o, informe-nos <\/h5>\t\t\t\t<\/div>\n\t\t\t\t<\/div>\n\t\t\t\t<div class=\"elementor-element elementor-element-e7e0043 elementor-hidden-desktop elementor-hidden-tablet elementor-hidden-mobile elementor-widget elementor-widget-heading\" data-id=\"e7e0043\" data-element_type=\"widget\" data-e-type=\"widget\" id=\"seo-word\" data-widget_type=\"heading.default\">\n\t\t\t\t<div class=\"elementor-widget-container\">\n\t\t\t\t\t<h5 class=\"elementor-heading-title elementor-size-default\">A prorroga\u00e7\u00e3o de uma autoriza\u00e7\u00e3o de resid\u00eancia, especialmente de uma autoriza\u00e7\u00e3o de resid\u00eancia permanente, \u00e9 um passo importante na lei da imigra\u00e7\u00e3o. Se reside nos Pa\u00edses Baixos com base numa autoriza\u00e7\u00e3o tempor\u00e1ria e pretende prorrogar o seu estatuto de resid\u00eancia ou requerer uma autoriza\u00e7\u00e3o de resid\u00eancia permanente, a assist\u00eancia jur\u00eddica de um advogado especializado em imigra\u00e7\u00e3o da Derbedrosian Vreemdelingenrecht Advocaten em Enschede e Overijssel pode ser inestim\u00e1vel.\n\nUm visto de emigrante qualificado pode ser uma op\u00e7\u00e3o para trabalhadores altamente qualificados que queiram trabalhar nos Pa\u00edses Baixos. Este visto tem condi\u00e7\u00f5es e requisitos espec\u00edficos que devem ser cumpridos.\n\nOs nossos advogados de imigra\u00e7\u00e3o compreendem a complexidade destes procedimentos e est\u00e3o prontos para o aconselhar e orientar na prorroga\u00e7\u00e3o da sua autoriza\u00e7\u00e3o de resid\u00eancia, no pedido de uma autoriza\u00e7\u00e3o de resid\u00eancia permanente ou na obten\u00e7\u00e3o de um visto de migrante qualificado. Asseguramos que o seu pedido cumpre todos os requisitos legais e que os seus direitos s\u00e3o protegidos durante todo o processo.\n\nSe tiver alguma quest\u00e3o sobre a extens\u00e3o da sua autoriza\u00e7\u00e3o de resid\u00eancia, pedido de autoriza\u00e7\u00e3o de resid\u00eancia por tempo indeterminado, ou outras quest\u00f5es de direito de imigra\u00e7\u00e3o, n\u00e3o hesite em contactar Derbedrosian Immigration Lawyers. Estamos prontos para o ajudar e assegurar que o seu estatuto de resid\u00eancia nos Pa\u00edses Baixos \u00e9 devidamente regulamentado.<\/h5>\t\t\t\t<\/div>\n\t\t\t\t<\/div>\n\t\t\t\t<div class=\"elementor-element elementor-element-5ff9cb8 color-scheme-inherit text-left elementor-widget elementor-widget-text-editor\" data-id=\"5ff9cb8\" data-element_type=\"widget\" data-e-type=\"widget\" data-widget_type=\"text-editor.default\">\n\t\t\t\t<div class=\"elementor-widget-container\">\n\t\t\t\t\t\t\t\t\t<p><strong>Est\u00e1 \u00e0 procura de um advogado que o possa ajudar a candidatar-se a uma autoriza\u00e7\u00e3o de resid\u00eancia Knowledge Migrant? O escrit\u00f3rio de advogados Der Bedrosian tem advogados com uma vasta experi\u00eancia em direito de imigra\u00e7\u00e3o e pode, por conseguinte, ajud\u00e1-lo no seu caso.<\/strong><\/p>\t\t\t\t\t\t\t\t<\/div>\n\t\t\t\t<\/div>\n\t\t\t\t<div class=\"elementor-element elementor-element-c7347a5 elementor-widget elementor-widget-spacer\" data-id=\"c7347a5\" data-element_type=\"widget\" data-e-type=\"widget\" data-widget_type=\"spacer.default\">\n\t\t\t\t<div class=\"elementor-widget-container\">\n\t\t\t\t\t\t\t<div class=\"elementor-spacer\">\n\t\t\t<div class=\"elementor-spacer-inner\"><\/div>\n\t\t<\/div>\n\t\t\t\t\t\t<\/div>\n\t\t\t\t<\/div>\n\t\t\t\t<div class=\"elementor-element elementor-element-d75d389 elementor-widget elementor-widget-heading\" data-id=\"d75d389\" data-element_type=\"widget\" data-e-type=\"widget\" data-widget_type=\"heading.default\">\n\t\t\t\t<div class=\"elementor-widget-container\">\n\t\t\t\t\t<h3 class=\"elementor-heading-title elementor-size-default\">O que \u00e9 que se enquadra no \u00e2mbito do conhecimento do migrante?<\/h3>\t\t\t\t<\/div>\n\t\t\t\t<\/div>\n\t\t\t\t<div class=\"elementor-element elementor-element-b5874b7 color-scheme-inherit text-left elementor-widget elementor-widget-text-editor\" data-id=\"b5874b7\" data-element_type=\"widget\" data-e-type=\"widget\" data-widget_type=\"text-editor.default\">\n\t\t\t\t<div class=\"elementor-widget-container\">\n\t\t\t\t\t\t\t\t\t<p>No mercado de trabalho atual, tornou-se muito atraente para as empresas holandesas contratar migrantes qualificados. Trata-se de pessoas altamente qualificadas fora da Europa que desejam vir para a Holanda para trabalhar. Por exemplo, cientistas, investigadores e professores. Mas, para poderem trabalhar aqui, eles precisam de uma autoriza\u00e7\u00e3o de trabalho especial. Chamamos isso de \u2018Autoriza\u00e7\u00e3o de resid\u00eancia para trabalho como migrante qualificado\u2019.\u00a0Todo o processo envolvido \u00e9 chamado de migra\u00e7\u00e3o qualificada.<\/p>\t\t\t\t\t\t\t\t<\/div>\n\t\t\t\t<\/div>\n\t\t\t\t<div class=\"elementor-element elementor-element-7d41da8 elementor-widget elementor-widget-spacer\" data-id=\"7d41da8\" data-element_type=\"widget\" data-e-type=\"widget\" data-widget_type=\"spacer.default\">\n\t\t\t\t<div class=\"elementor-widget-container\">\n\t\t\t\t\t\t\t<div class=\"elementor-spacer\">\n\t\t\t<div class=\"elementor-spacer-inner\"><\/div>\n\t\t<\/div>\n\t\t\t\t\t\t<\/div>\n\t\t\t\t<\/div>\n\t\t\t\t<div class=\"elementor-element elementor-element-061b7a3 elementor-widget elementor-widget-heading\" data-id=\"061b7a3\" data-element_type=\"widget\" data-e-type=\"widget\" data-widget_type=\"heading.default\">\n\t\t\t\t<div class=\"elementor-widget-container\">\n\t\t\t\t\t<h3 class=\"elementor-heading-title elementor-size-default\">Quanto deve ganhar, no m\u00ednimo, um migrante do conhecimento?<\/h3>\t\t\t\t<\/div>\n\t\t\t\t<\/div>\n\t\t\t\t<div class=\"elementor-element elementor-element-88f4e70 color-scheme-inherit text-left elementor-widget elementor-widget-text-editor\" data-id=\"88f4e70\" data-element_type=\"widget\" data-e-type=\"widget\" data-widget_type=\"text-editor.default\">\n\t\t\t\t<div class=\"elementor-widget-container\">\n\t\t\t\t\t\t\t\t\t<p>\u00c9 importante saber que, a partir de 1 de janeiro de 2022, os requisitos para a autoriza\u00e7\u00e3o de resid\u00eancia para migrantes qualificados variam de acordo com a idade e o rendimento. Se tiver menos de 30 anos, durante os primeiros tr\u00eas anos ap\u00f3s a conclus\u00e3o do curso, aplica-se um limite salarial de 2543 \u20ac por m\u00eas, o que equivale a um sal\u00e1rio bruto anual de 30 516 \u20ac. Se tiver 30 anos ou mais, dever\u00e1 ter um sal\u00e1rio mensal bruto de 4.840 \u20ac, o que corresponde a um sal\u00e1rio anual bruto m\u00ednimo de 58.080 \u20ac por ano.<\/p><p>Aten\u00e7\u00e3o, estes montantes n\u00e3o incluem o subs\u00eddio de f\u00e9rias 8%.<\/p>\t\t\t\t\t\t\t\t<\/div>\n\t\t\t\t<\/div>\n\t\t\t\t<div class=\"elementor-element elementor-element-a2c362b elementor-widget elementor-widget-spacer\" data-id=\"a2c362b\" data-element_type=\"widget\" data-e-type=\"widget\" data-widget_type=\"spacer.default\">\n\t\t\t\t<div class=\"elementor-widget-container\">\n\t\t\t\t\t\t\t<div class=\"elementor-spacer\">\n\t\t\t<div class=\"elementor-spacer-inner\"><\/div>\n\t\t<\/div>\n\t\t\t\t\t\t<\/div>\n\t\t\t\t<\/div>\n\t\t\t\t<div class=\"elementor-element elementor-element-e416ba5 elementor-widget elementor-widget-heading\" data-id=\"e416ba5\" data-element_type=\"widget\" data-e-type=\"widget\" data-widget_type=\"heading.default\">\n\t\t\t\t<div class=\"elementor-widget-container\">\n\t\t\t\t\t<h3 class=\"elementor-heading-title elementor-size-default\">Quanto tempo se pode permanecer nos Pa\u00edses Baixos como migrante com conhecimentos?<\/h3>\t\t\t\t<\/div>\n\t\t\t\t<\/div>\n\t\t\t\t<div class=\"elementor-element elementor-element-91ad552 color-scheme-inherit text-left elementor-widget elementor-widget-text-editor\" data-id=\"91ad552\" data-element_type=\"widget\" data-e-type=\"widget\" data-widget_type=\"text-editor.default\">\n\t\t\t\t<div class=\"elementor-widget-container\">\n\t\t\t\t\t\t\t\t\t<p>Quando se encontra nos Pa\u00edses Baixos como migrante altamente qualificado, \u00e9-lhe permitido, em princ\u00edpio, permanecer nos Pa\u00edses Baixos por um per\u00edodo m\u00e1ximo de cinco anos. Este per\u00edodo pode ser prolongado se continuar a preencher as condi\u00e7\u00f5es necess\u00e1rias. Se pretender permanecer nos Pa\u00edses Baixos durante mais tempo ap\u00f3s o per\u00edodo de conhecimento, poder\u00e1 ter de solicitar outra autoriza\u00e7\u00e3o de resid\u00eancia ou considerar a possibilidade de se tornar cidad\u00e3o neerland\u00eas. \u00c9 aconselh\u00e1vel contactar um dos nossos advogados para obter informa\u00e7\u00f5es e orienta\u00e7\u00f5es sobre a sua situa\u00e7\u00e3o.<\/p>\t\t\t\t\t\t\t\t<\/div>\n\t\t\t\t<\/div>\n\t\t\t\t<div class=\"elementor-element elementor-element-343f1e8 elementor-widget elementor-widget-spacer\" data-id=\"343f1e8\" data-element_type=\"widget\" data-e-type=\"widget\" data-widget_type=\"spacer.default\">\n\t\t\t\t<div class=\"elementor-widget-container\">\n\t\t\t\t\t\t\t<div class=\"elementor-spacer\">\n\t\t\t<div class=\"elementor-spacer-inner\"><\/div>\n\t\t<\/div>\n\t\t\t\t\t\t<\/div>\n\t\t\t\t<\/div>\n\t\t\t\t<div class=\"elementor-element elementor-element-a5bddba elementor-widget elementor-widget-heading\" data-id=\"a5bddba\" data-element_type=\"widget\" data-e-type=\"widget\" data-widget_type=\"heading.default\">\n\t\t\t\t<div class=\"elementor-widget-container\">\n\t\t\t\t\t<h3 class=\"elementor-heading-title elementor-size-default\">Condi\u00e7\u00f5es para a obten\u00e7\u00e3o de uma autoriza\u00e7\u00e3o de resid\u00eancia para migrantes altamente qualificados<\/h3>\t\t\t\t<\/div>\n\t\t\t\t<\/div>\n\t\t\t\t<div class=\"elementor-element elementor-element-9c11f63 color-scheme-inherit text-left elementor-widget elementor-widget-text-editor\" data-id=\"9c11f63\" data-element_type=\"widget\" data-e-type=\"widget\" data-widget_type=\"text-editor.default\">\n\t\t\t\t<div class=\"elementor-widget-container\">\n\t\t\t\t\t\t\t\t\t<p>Para requerer uma autoriza\u00e7\u00e3o de resid\u00eancia para migrantes com conhecimento de causa, deve primeiro preencher as condi\u00e7\u00f5es a seguir indicadas:<\/p><ul><li><strong>Id:<\/strong> possuir um documento de viagem, passaporte ou bilhete de identidade v\u00e1lido para se identificar.<\/li><li><strong>Habita\u00e7\u00e3o:<\/strong> vive principalmente nos Pa\u00edses Baixos e passa a maior parte do seu tempo nesse pa\u00eds.<\/li><li><strong>Perigo:<\/strong> n\u00e3o representa um perigo para a ordem p\u00fablica ou para a seguran\u00e7a nacional por ter cometido um crime no passado, por exemplo.<\/li><li><strong>Autoriza\u00e7\u00e3o de resid\u00eancia v\u00e1lida:<\/strong> j\u00e1 \u00e9 titular de um t\u00edtulo de resid\u00eancia v\u00e1lido e renov\u00e1vel. O seu atual t\u00edtulo de resid\u00eancia tamb\u00e9m n\u00e3o deve conter informa\u00e7\u00f5es falsas.<\/li><\/ul>\t\t\t\t\t\t\t\t<\/div>\n\t\t\t\t<\/div>\n\t\t\t\t<div class=\"elementor-element elementor-element-e02016e elementor-widget elementor-widget-spacer\" data-id=\"e02016e\" data-element_type=\"widget\" data-e-type=\"widget\" data-widget_type=\"spacer.default\">\n\t\t\t\t<div class=\"elementor-widget-container\">\n\t\t\t\t\t\t\t<div class=\"elementor-spacer\">\n\t\t\t<div class=\"elementor-spacer-inner\"><\/div>\n\t\t<\/div>\n\t\t\t\t\t\t<\/div>\n\t\t\t\t<\/div>\n\t\t\t\t<div class=\"elementor-element elementor-element-0cc72d8 elementor-widget elementor-widget-heading\" data-id=\"0cc72d8\" data-element_type=\"widget\" data-e-type=\"widget\" data-widget_type=\"heading.default\">\n\t\t\t\t<div class=\"elementor-widget-container\">\n\t\t\t\t\t<h3 class=\"elementor-heading-title elementor-size-default\">O que \u00e9 que um migrante com conhecimentos tem de cumprir de acordo com as condi\u00e7\u00f5es?<\/h3>\t\t\t\t<\/div>\n\t\t\t\t<\/div>\n\t\t\t\t<div class=\"elementor-element elementor-element-525ed33 color-scheme-inherit text-left elementor-widget elementor-widget-text-editor\" data-id=\"525ed33\" data-element_type=\"widget\" data-e-type=\"widget\" data-widget_type=\"text-editor.default\">\n\t\t\t\t<div class=\"elementor-widget-container\">\n\t\t\t\t\t\t\t\t\t<p>Para al\u00e9m das condi\u00e7\u00f5es gerais, existem tamb\u00e9m condi\u00e7\u00f5es espec\u00edficas aplic\u00e1veis a si e \u00e0 sua entidade patronal:<\/p><ul><li><strong>Contrato de trabalho:<\/strong> Tem um contrato de trabalho com uma entidade patronal ou institui\u00e7\u00e3o de investiga\u00e7\u00e3o nos Pa\u00edses Baixos.<\/li><li><strong>Empregador aprovado:<\/strong> O seu empregador deve ser reconhecido pelo Servi\u00e7o de Imigra\u00e7\u00e3o e Naturaliza\u00e7\u00e3o (IND) para evitar uma decis\u00e3o negativa, exceto se tiver nacionalidade turca. Nesse caso, pode apresentar o seu pr\u00f3prio pedido.<\/li><li><strong>Registo BIG<\/strong>Se quiser trabalhar no sector dos cuidados de sa\u00fade individuais, tem de estar inscrito no registo BIG. Este registo permite ao seu empregador autorizar um prestador de cuidados de sa\u00fade com um diploma estrangeiro a trabalhar de forma independente<\/li><\/ul>\t\t\t\t\t\t\t\t<\/div>\n\t\t\t\t<\/div>\n\t\t\t\t<div class=\"elementor-element elementor-element-8bd9ba0 elementor-widget elementor-widget-spacer\" data-id=\"8bd9ba0\" data-element_type=\"widget\" data-e-type=\"widget\" data-widget_type=\"spacer.default\">\n\t\t\t\t<div class=\"elementor-widget-container\">\n\t\t\t\t\t\t\t<div class=\"elementor-spacer\">\n\t\t\t<div class=\"elementor-spacer-inner\"><\/div>\n\t\t<\/div>\n\t\t\t\t\t\t<\/div>\n\t\t\t\t<\/div>\n\t\t\t\t<div class=\"elementor-element elementor-element-141cc68 elementor-widget elementor-widget-heading\" data-id=\"141cc68\" data-element_type=\"widget\" data-e-type=\"widget\" data-widget_type=\"heading.default\">\n\t\t\t\t<div class=\"elementor-widget-container\">\n\t\t\t\t\t<h3 class=\"elementor-heading-title elementor-size-default\">Conhecimento do procedimento de autoriza\u00e7\u00e3o de resid\u00eancia para migrantes<\/h3>\t\t\t\t<\/div>\n\t\t\t\t<\/div>\n\t\t\t\t<div class=\"elementor-element elementor-element-0f42503 color-scheme-inherit text-left elementor-widget elementor-widget-text-editor\" data-id=\"0f42503\" data-element_type=\"widget\" data-e-type=\"widget\" data-widget_type=\"text-editor.default\">\n\t\t\t\t<div class=\"elementor-widget-container\">\n\t\t\t\t\t\t\t\t\t<p>H\u00e1 uma s\u00e9rie de passos a dar para obter a sua autoriza\u00e7\u00e3o de resid\u00eancia. A seguir, apresentamos uma lista dessas etapas.<\/p><ul><li><span style=\"font-size: 17.6px;\"><b>Que documentos enviar<\/b><\/span><b>:<\/b> Verifique quais os documentos necess\u00e1rios e recolha-os antes de o estabelecimento de ensino apresentar o pedido. Certifique-se de que os documentos oficiais estrangeiros est\u00e3o legalizados e traduzidos para neerland\u00eas para evitar atrasos.<\/li><li><strong>Apresentar candidatura:<\/strong>\u00a0Apresenta o pedido de autoriza\u00e7\u00e3o de resid\u00eancia ao Servi\u00e7o de Imigra\u00e7\u00e3o e Naturaliza\u00e7\u00e3o (IND).<\/li><li><strong>Pagamento:<\/strong>\u00a0pagar a taxa de pedido habitual para obter uma autoriza\u00e7\u00e3o de resid\u00eancia como migrante altamente qualificado. Esta custa 350 euros<\/li><li><strong>Decis\u00e3o do IND:<\/strong>\u00a0o IND disp\u00f5e de 90 dias para tomar uma decis\u00e3o. Em alguns casos, a decis\u00e3o pode demorar mais tempo, por exemplo, se o pedido n\u00e3o estiver completo. Receber\u00e1 uma carta com a decis\u00e3o, que pode ser positiva ou negativa. Em caso de decis\u00e3o positiva, receber\u00e1 a \"autoriza\u00e7\u00e3o de resid\u00eancia conhecimento migrante\". Em caso de decis\u00e3o negativa, tem a possibilidade de contestar a decis\u00e3o do IND.<\/li><li><strong>Recolha do t\u00edtulo de resid\u00eancia:<\/strong>\u00a0se a decis\u00e3o do IND for positiva, receber\u00e1 uma notifica\u00e7\u00e3o quando a autoriza\u00e7\u00e3o de resid\u00eancia estiver pronta no balc\u00e3o do IND. O levantamento s\u00f3 pode ser efectuado mediante marca\u00e7\u00e3o pr\u00e9via.<\/li><\/ul>\t\t\t\t\t\t\t\t<\/div>\n\t\t\t\t<\/div>\n\t\t\t\t<div class=\"elementor-element elementor-element-b422f5c elementor-widget elementor-widget-spacer\" data-id=\"b422f5c\" data-element_type=\"widget\" data-e-type=\"widget\" data-widget_type=\"spacer.default\">\n\t\t\t\t<div class=\"elementor-widget-container\">\n\t\t\t\t\t\t\t<div class=\"elementor-spacer\">\n\t\t\t<div class=\"elementor-spacer-inner\"><\/div>\n\t\t<\/div>\n\t\t\t\t\t\t<\/div>\n\t\t\t\t<\/div>\n\t\t\t\t<div class=\"elementor-element elementor-element-1c0f48c elementor-widget elementor-widget-heading\" data-id=\"1c0f48c\" data-element_type=\"widget\" data-e-type=\"widget\" data-widget_type=\"heading.default\">\n\t\t\t\t<div class=\"elementor-widget-container\">\n\t\t\t\t\t<h3 class=\"elementor-heading-title elementor-size-default\">Autoriza\u00e7\u00e3o de resid\u00eancia conhecimento advogado de migrantes<\/h3>\t\t\t\t<\/div>\n\t\t\t\t<\/div>\n\t\t\t\t<div class=\"elementor-element elementor-element-6bdaafc color-scheme-inherit text-left elementor-widget elementor-widget-text-editor\" data-id=\"6bdaafc\" data-element_type=\"widget\" data-e-type=\"widget\" data-widget_type=\"text-editor.default\">\n\t\t\t\t<div class=\"elementor-widget-container\">\n\t\t\t\t\t\t\t\t\t<p>Todas estas regras, condi\u00e7\u00f5es e etapas do processo podem ser muito morosas.<\/p><p>Por conseguinte, \u00e9 sempre aconselh\u00e1vel procurar a ajuda de um advogado experiente. Na sociedade de advogados Der Bedrosian, temos advogados especializados com uma vasta experi\u00eancia em direito de imigra\u00e7\u00e3o e podemos, por conseguinte, ajud\u00e1-lo a solicitar uma autoriza\u00e7\u00e3o de resid\u00eancia para imigrantes com conhecimentos.<\/p><p>N\u00e3o hesite em contactar-nos para marcar uma reuni\u00e3o com um dos nossos advogados, que est\u00e3o \u00e0 sua disposi\u00e7\u00e3o para o acompanhar e aconselhar.<\/p>\t\t\t\t\t\t\t\t<\/div>\n\t\t\t\t<\/div>\n\t\t\t\t\t<\/div>\n\t\t\t\t<\/div>\n\t\t<div class=\"wd-negative-gap elementor-element elementor-element-f08288c e-flex e-con-boxed e-con e-parent\" data-id=\"f08288c\" data-element_type=\"container\" data-e-type=\"container\">\n\t\t\t\t\t<div class=\"e-con-inner\">\n\t\t\t\t\t<\/div>\n\t\t\t\t<\/div>\n\t\t\t\t<\/div>","protected":false},"excerpt":{"rendered":"<p>solicitar autoriza\u00e7\u00e3o de resid\u00eancia advogado renovar autoriza\u00e7\u00e3o de resid\u00eancia advogado autoriza\u00e7\u00e3o de resid\u00eancia por tempo indeterminado advogado visto de migrante qualificado sal\u00e1rio de migrante qualificado 2023 enviar validade autoriza\u00e7\u00e3o de trabalho<\/p>","protected":false},"author":1,"featured_media":0,"parent":10627,"menu_order":0,"comment_status":"closed","ping_status":"closed","template":"","meta":{"footnotes":""},"class_list":["post-10702","page","type-page","status-publish","hentry"],"_links":{"self":[{"href":"https:\/\/www.derbedrosian.nl\/pt\/wp-json\/wp\/v2\/pages\/10702","targetHints":{"allow":["GET"]}}],"collection":[{"href":"https:\/\/www.derbedrosian.nl\/pt\/wp-json\/wp\/v2\/pages"}],"about":[{"href":"https:\/\/www.derbedrosian.nl\/pt\/wp-json\/wp\/v2\/types\/page"}],"author":[{"embeddable":true,"href":"https:\/\/www.derbedrosian.nl\/pt\/wp-json\/wp\/v2\/users\/1"}],"replies":[{"embeddable":true,"href":"https:\/\/www.derbedrosian.nl\/pt\/wp-json\/wp\/v2\/comments?post=10702"}],"version-history":[{"count":0,"href":"https:\/\/www.derbedrosian.nl\/pt\/wp-json\/wp\/v2\/pages\/10702\/revisions"}],"up":[{"embeddable":true,"href":"https:\/\/www.derbedrosian.nl\/pt\/wp-json\/wp\/v2\/pages\/10627"}],"wp:attachment":[{"href":"https:\/\/www.derbedrosian.nl\/pt\/wp-json\/wp\/v2\/media?parent=10702"}],"curies":[{"name":"wp","href":"https:\/\/api.w.org\/{rel}","templated":true}]}}