{"id":10697,"date":"2023-05-26T16:03:51","date_gmt":"2023-05-26T14:03:51","guid":{"rendered":"https:\/\/derbedrosian.nl\/?page_id=10697"},"modified":"2025-12-21T16:04:53","modified_gmt":"2025-12-21T14:04:53","slug":"autorizacao-de-residencia-sem-culpa-propria","status":"publish","type":"page","link":"https:\/\/www.derbedrosian.nl\/pt\/rechtsgebieden\/vreemdelingenrecht\/verblijfsvergunning-buiten-schuld\/","title":{"rendered":"Autoriza\u00e7\u00e3o de resid\u00eancia Sem culpa pr\u00f3pria"},"content":{"rendered":"<div data-elementor-type=\"wp-page\" data-elementor-id=\"10697\" class=\"elementor elementor-10697\" data-elementor-post-type=\"page\">\n\t\t\t\t<div class=\"wd-negative-gap elementor-element elementor-element-4e82d63 e-flex e-con-boxed e-con e-parent\" data-id=\"4e82d63\" data-element_type=\"container\" data-e-type=\"container\">\n\t\t\t\t\t<div class=\"e-con-inner\">\n\t\t\t\t<div class=\"elementor-element elementor-element-77beea1 elementor-hidden-desktop elementor-hidden-tablet elementor-hidden-mobile elementor-widget elementor-widget-wd_image_or_svg\" data-id=\"77beea1\" data-element_type=\"widget\" data-e-type=\"widget\" id=\"seo-word\" data-widget_type=\"wd_image_or_svg.default\">\n\t\t\t\t<div class=\"elementor-widget-container\">\n\t\t\t\t\t\n\t\t<div class=\"wd-image text-left\">\n\t\t\t\t\t\t\t\t<img loading=\"lazy\" decoding=\"async\" width=\"1000\" height=\"667\" src=\"https:\/\/www.derbedrosian.nl\/wp-content\/uploads\/rechtsgebied-verblijfsvergunning-buiten-schuld.jpg\" class=\"attachment-full size-full\" alt=\"Autoriza\u00e7\u00e3o de resid\u00eancia sem culpa do advogado DT&amp;V (Servi\u00e7o de Repatriamento e Partida) condi\u00e7\u00f5es do visto de direito dos estrangeiros\" srcset=\"https:\/\/www.derbedrosian.nl\/wp-content\/uploads\/rechtsgebied-verblijfsvergunning-buiten-schuld.jpg 1000w, https:\/\/www.derbedrosian.nl\/wp-content\/uploads\/rechtsgebied-verblijfsvergunning-buiten-schuld-400x267.jpg 400w, https:\/\/www.derbedrosian.nl\/wp-content\/uploads\/rechtsgebied-verblijfsvergunning-buiten-schuld-768x512.jpg 768w\" sizes=\"auto, (max-width: 1000px) 100vw, 1000px\" title=\"\">\t\t\t\t\t<\/div>\n\n\t\t\t\t\t\t<\/div>\n\t\t\t\t<\/div>\n\t\t\t\t<div class=\"elementor-element elementor-element-3b78b60 elementor-hidden-desktop elementor-hidden-tablet elementor-hidden-mobile elementor-widget elementor-widget-heading\" data-id=\"3b78b60\" data-element_type=\"widget\" data-e-type=\"widget\" id=\"seo-word\" data-widget_type=\"heading.default\">\n\t\t\t\t<div class=\"elementor-widget-container\">\n\t\t\t\t\t<h2 class=\"elementor-heading-title elementor-size-default\">advogado Autoriza\u00e7\u00e3o de resid\u00eancia sem culpa pr\u00f3pria<\/h2>\t\t\t\t<\/div>\n\t\t\t\t<\/div>\n\t\t\t\t<div class=\"elementor-element elementor-element-58aa2cf elementor-hidden-desktop elementor-hidden-tablet elementor-hidden-mobile elementor-widget elementor-widget-heading\" data-id=\"58aa2cf\" data-element_type=\"widget\" data-e-type=\"widget\" id=\"seo-word\" data-widget_type=\"heading.default\">\n\t\t\t\t<div class=\"elementor-widget-container\">\n\t\t\t\t\t<h5 class=\"elementor-heading-title elementor-size-default\">Requerer uma autoriza\u00e7\u00e3o de resid\u00eancia sem culpa pr\u00f3pria<\/h5>\t\t\t\t<\/div>\n\t\t\t\t<\/div>\n\t\t\t\t<div class=\"elementor-element elementor-element-c53fd78 elementor-hidden-desktop elementor-hidden-tablet elementor-hidden-mobile elementor-widget elementor-widget-heading\" data-id=\"c53fd78\" data-element_type=\"widget\" data-e-type=\"widget\" id=\"seo-word\" data-widget_type=\"heading.default\">\n\t\t\t\t<div class=\"elementor-widget-container\">\n\t\t\t\t\t<h5 class=\"elementor-heading-title elementor-size-default\">Servi\u00e7o de Repatriamento e Partida (DT&amp;V)\n<\/h5>\t\t\t\t<\/div>\n\t\t\t\t<\/div>\n\t\t\t\t<div class=\"elementor-element elementor-element-9e79ca4 elementor-hidden-desktop elementor-hidden-tablet elementor-hidden-mobile elementor-widget elementor-widget-heading\" data-id=\"9e79ca4\" data-element_type=\"widget\" data-e-type=\"widget\" id=\"seo-word\" data-widget_type=\"heading.default\">\n\t\t\t\t<div class=\"elementor-widget-container\">\n\t\t\t\t\t<h5 class=\"elementor-heading-title elementor-size-default\">Direito da imigra\u00e7\u00e3o<\/h5>\t\t\t\t<\/div>\n\t\t\t\t<\/div>\n\t\t\t\t<div class=\"elementor-element elementor-element-efe2b47 elementor-hidden-desktop elementor-hidden-tablet elementor-hidden-mobile elementor-widget elementor-widget-heading\" data-id=\"efe2b47\" data-element_type=\"widget\" data-e-type=\"widget\" id=\"seo-word\" data-widget_type=\"heading.default\">\n\t\t\t\t<div class=\"elementor-widget-container\">\n\t\t\t\t\t<h5 class=\"elementor-heading-title elementor-size-default\">advogado de direito de imigra\u00e7\u00e3o enschede<\/h5>\t\t\t\t<\/div>\n\t\t\t\t<\/div>\n\t\t\t\t<div class=\"elementor-element elementor-element-d7de649 elementor-hidden-desktop elementor-hidden-tablet elementor-hidden-mobile elementor-widget elementor-widget-heading\" data-id=\"d7de649\" data-element_type=\"widget\" data-e-type=\"widget\" id=\"seo-word\" data-widget_type=\"heading.default\">\n\t\t\t\t<div class=\"elementor-widget-container\">\n\t\t\t\t\t<h5 class=\"elementor-heading-title elementor-size-default\">advogado de direito de imigra\u00e7\u00e3o overijssel<\/h5>\t\t\t\t<\/div>\n\t\t\t\t<\/div>\n\t\t\t\t<div class=\"elementor-element elementor-element-dac1cab elementor-hidden-desktop elementor-hidden-tablet elementor-hidden-mobile elementor-widget elementor-widget-heading\" data-id=\"dac1cab\" data-element_type=\"widget\" data-e-type=\"widget\" id=\"seo-word\" data-widget_type=\"heading.default\">\n\t\t\t\t<div class=\"elementor-widget-container\">\n\t\t\t\t\t<h5 class=\"elementor-heading-title elementor-size-default\">direito dos estrangeiros enschede<\/h5>\t\t\t\t<\/div>\n\t\t\t\t<\/div>\n\t\t\t\t<div class=\"elementor-element elementor-element-df5865a elementor-hidden-desktop elementor-hidden-tablet elementor-hidden-mobile elementor-widget elementor-widget-heading\" data-id=\"df5865a\" data-element_type=\"widget\" data-e-type=\"widget\" id=\"seo-word\" data-widget_type=\"heading.default\">\n\t\t\t\t<div class=\"elementor-widget-container\">\n\t\t\t\t\t<h5 class=\"elementor-heading-title elementor-size-default\">advogado enschede aliens law<\/h5>\t\t\t\t<\/div>\n\t\t\t\t<\/div>\n\t\t\t\t<div class=\"elementor-element elementor-element-72c00aa elementor-hidden-desktop elementor-hidden-tablet elementor-hidden-mobile elementor-widget elementor-widget-heading\" data-id=\"72c00aa\" data-element_type=\"widget\" data-e-type=\"widget\" id=\"seo-word\" data-widget_type=\"heading.default\">\n\t\t\t\t<div class=\"elementor-widget-container\">\n\t\t\t\t\t<h5 class=\"elementor-heading-title elementor-size-default\">o que \u00e9 um there cannot leave the netherlands? existe uma autoriza\u00e7\u00e3o de resid\u00eancia especial?<\/h5>\t\t\t\t<\/div>\n\t\t\t\t<\/div>\n\t\t\t\t<div class=\"elementor-element elementor-element-76d0107 elementor-hidden-desktop elementor-hidden-tablet elementor-hidden-mobile elementor-widget elementor-widget-heading\" data-id=\"76d0107\" data-element_type=\"widget\" data-e-type=\"widget\" id=\"seo-word\" data-widget_type=\"heading.default\">\n\t\t\t\t<div class=\"elementor-widget-container\">\n\t\t\t\t\t<h5 class=\"elementor-heading-title elementor-size-default\">A autoriza\u00e7\u00e3o de resid\u00eancia \"sem culpa pr\u00f3pria\" \u00e9 um instrumento jur\u00eddico importante no \u00e2mbito do direito da imigra\u00e7\u00e3o. Esta autoriza\u00e7\u00e3o destina-se a pessoas que n\u00e3o podem sair dos Pa\u00edses Baixos sem culpa pr\u00f3pria. A apresenta\u00e7\u00e3o de um pedido de autoriza\u00e7\u00e3o de resid\u00eancia \"sem culpa pr\u00f3pria\" pode ser um processo complexo, que tem em conta crit\u00e9rios e regras espec\u00edficos.\n\nO Servi\u00e7o de Repatriamento e Partida (DT&amp;V) desempenha um papel no processo de autoriza\u00e7\u00e3o de resid\u00eancia e de regresso. \u00c9 importante procurar aconselhamento jur\u00eddico e assist\u00eancia de advogados especializados em imigra\u00e7\u00e3o, tais como Derbedrosian Vreemdelingenrecht Advocaten em Enschede e Overijssel, quando estiver a pensar em pedir uma autoriza\u00e7\u00e3o de resid\u00eancia \"sem culpa pr\u00f3pria\" ou quando estiver a lidar com o DT&amp;V.\n\nOs nossos advogados compreendem a complexidade destes procedimentos e est\u00e3o prontos para o aconselhar e orientar durante o processo de candidatura e a comunica\u00e7\u00e3o com a DT&amp;V. Se necessitar de assist\u00eancia relativamente a autoriza\u00e7\u00f5es de resid\u00eancia \"sem culpa pr\u00f3pria\" ou outros assuntos de direito de imigra\u00e7\u00e3o, n\u00e3o hesite em contactar Derbedrosian Immigration Lawyers. Estamos aqui para o ajudar e proteger os seus direitos.<\/h5>\t\t\t\t<\/div>\n\t\t\t\t<\/div>\n\t\t\t\t<div class=\"elementor-element elementor-element-9b79d93 elementor-widget elementor-widget-heading\" data-id=\"9b79d93\" data-element_type=\"widget\" data-e-type=\"widget\" data-widget_type=\"heading.default\">\n\t\t\t\t<div class=\"elementor-widget-container\">\n\t\t\t\t\t<h3 class=\"elementor-heading-title elementor-size-default\">O que se entende por autoriza\u00e7\u00e3o de resid\u00eancia sem culpa?<\/h3>\t\t\t\t<\/div>\n\t\t\t\t<\/div>\n\t\t\t\t<div class=\"elementor-element elementor-element-01f9d0a color-scheme-inherit text-left elementor-widget elementor-widget-text-editor\" data-id=\"01f9d0a\" data-element_type=\"widget\" data-e-type=\"widget\" data-widget_type=\"text-editor.default\">\n\t\t\t\t<div class=\"elementor-widget-container\">\n\t\t\t\t\t\t\t\t\t<p>De acordo com a Lei dos Estrangeiros, uma pessoa em situa\u00e7\u00e3o ilegal que se encontre nos Pa\u00edses Baixos deve abandonar o pa\u00eds. Com uma autoriza\u00e7\u00e3o de resid\u00eancia denominada \"Autoriza\u00e7\u00e3o de resid\u00eancia sem culpa\", \u00e9 poss\u00edvel \u00e0 pessoa que pretende sair dos Pa\u00edses Baixos permanecer nos Pa\u00edses Baixos mesmo sem ter um documento de identidade ou se o pa\u00eds de onde prov\u00e9m a pessoa n\u00e3o cooperar com a sua sa\u00edda dos Pa\u00edses Baixos. Nestes casos, esta autoriza\u00e7\u00e3o oferece uma solu\u00e7\u00e3o jur\u00eddica e humanit\u00e1ria para uma situa\u00e7\u00e3o complexa.<\/p>\t\t\t\t\t\t\t\t<\/div>\n\t\t\t\t<\/div>\n\t\t\t\t<div class=\"elementor-element elementor-element-7ac62af elementor-widget elementor-widget-spacer\" data-id=\"7ac62af\" data-element_type=\"widget\" data-e-type=\"widget\" data-widget_type=\"spacer.default\">\n\t\t\t\t<div class=\"elementor-widget-container\">\n\t\t\t\t\t\t\t<div class=\"elementor-spacer\">\n\t\t\t<div class=\"elementor-spacer-inner\"><\/div>\n\t\t<\/div>\n\t\t\t\t\t\t<\/div>\n\t\t\t\t<\/div>\n\t\t\t\t<div class=\"elementor-element elementor-element-30f83de elementor-widget elementor-widget-heading\" data-id=\"30f83de\" data-element_type=\"widget\" data-e-type=\"widget\" data-widget_type=\"heading.default\">\n\t\t\t\t<div class=\"elementor-widget-container\">\n\t\t\t\t\t<h3 class=\"elementor-heading-title elementor-size-default\">Posso obter uma autoriza\u00e7\u00e3o de resid\u00eancia sem culpa minha?<\/h3>\t\t\t\t<\/div>\n\t\t\t\t<\/div>\n\t\t\t\t<div class=\"elementor-element elementor-element-96d932d color-scheme-inherit text-left elementor-widget elementor-widget-text-editor\" data-id=\"96d932d\" data-element_type=\"widget\" data-e-type=\"widget\" data-widget_type=\"text-editor.default\">\n\t\t\t\t<div class=\"elementor-widget-container\">\n\t\t\t\t\t\t\t\t\t<p>Para ter direito a uma \"Autoriza\u00e7\u00e3o de resid\u00eancia sem culpa pr\u00f3pria\", deve demonstrar de forma convincente que as circunst\u00e2ncias que o impedem de sair dos Pa\u00edses Baixos est\u00e3o completamente fora do seu controlo e que n\u00e3o \u00e9 por sua culpa que n\u00e3o pode sair.<\/p><p>Seguem-se as condi\u00e7\u00f5es espec\u00edficas para a obten\u00e7\u00e3o desta licen\u00e7a:<\/p><ul><li><strong>Identifica\u00e7\u00e3o (ID):<\/strong> \u00e9 essencial que qualquer pessoa possa estabelecer a sua nacionalidade e identidade sem qualquer d\u00favida. Para o efeito, \u00e9 necess\u00e1rio dispor de documentos v\u00e1lidos e verific\u00e1veis que confirmem a sua nacionalidade e identidade. A aus\u00eancia de tais documentos pode dificultar a obten\u00e7\u00e3o desta autoriza\u00e7\u00e3o.<\/li><li><strong>Coopera\u00e7\u00e3o com (DT&amp;V):<\/strong> durante a sua estadia nos Pa\u00edses Baixos, dever\u00e1 ter envidado esfor\u00e7os cont\u00ednuos para cooperar com o Servi\u00e7o de Repatriamento e Partida (DT&amp;V) para deixar os Pa\u00edses Baixos. Isto inclui participar em entrevistas, fornecer informa\u00e7\u00f5es relevantes e seguir as instru\u00e7\u00f5es dadas para facilitar a sua partida.<\/li><li><strong>Motiva\u00e7\u00e3o:<\/strong> deve existir uma motiva\u00e7\u00e3o demonstr\u00e1vel para regressar ao seu pa\u00eds de origem. Esta motiva\u00e7\u00e3o pode ser comprovada atrav\u00e9s de uma declara\u00e7\u00e3o cred\u00edvel que explique a sua vontade de regressar e as medidas que tomou para o conseguir. Uma motiva\u00e7\u00e3o clara para regressar \u00e9 um elemento crucial para o pedido de \"Autoriza\u00e7\u00e3o de resid\u00eancia sem culpa pr\u00f3pria\".<\/li><\/ul>\t\t\t\t\t\t\t\t<\/div>\n\t\t\t\t<\/div>\n\t\t\t\t<div class=\"elementor-element elementor-element-b0770ce elementor-widget elementor-widget-spacer\" data-id=\"b0770ce\" data-element_type=\"widget\" data-e-type=\"widget\" data-widget_type=\"spacer.default\">\n\t\t\t\t<div class=\"elementor-widget-container\">\n\t\t\t\t\t\t\t<div class=\"elementor-spacer\">\n\t\t\t<div class=\"elementor-spacer-inner\"><\/div>\n\t\t<\/div>\n\t\t\t\t\t\t<\/div>\n\t\t\t\t<\/div>\n\t\t\t\t<div class=\"elementor-element elementor-element-5d32e89 elementor-widget elementor-widget-heading\" data-id=\"5d32e89\" data-element_type=\"widget\" data-e-type=\"widget\" data-widget_type=\"heading.default\">\n\t\t\t\t<div class=\"elementor-widget-container\">\n\t\t\t\t\t<h3 class=\"elementor-heading-title elementor-size-default\">Membros da fam\u00edlia<\/h3>\t\t\t\t<\/div>\n\t\t\t\t<\/div>\n\t\t\t\t<div class=\"elementor-element elementor-element-1172612 color-scheme-inherit text-left elementor-widget elementor-widget-text-editor\" data-id=\"1172612\" data-element_type=\"widget\" data-e-type=\"widget\" data-widget_type=\"text-editor.default\">\n\t\t\t\t<div class=\"elementor-widget-container\">\n\t\t\t\t\t\t\t\t\t<p>Por vezes, \u00e9 poss\u00edvel que os membros da sua fam\u00edlia, como o seu parceiro e os seus filhos menores de 18 anos, tamb\u00e9m permane\u00e7am nos Pa\u00edses Baixos. Nestes casos, aplicam-se regras espec\u00edficas que devem ser respeitadas por si e pelos membros da sua fam\u00edlia. As condi\u00e7\u00f5es que se aplicam a si e aos membros da sua fam\u00edlia s\u00e3o as seguintes.<\/p><ul><li><strong>Estadia conjunta:<\/strong> \u00e9 necess\u00e1rio que o requerente e os membros da sua fam\u00edlia estejam presentes nos Pa\u00edses Baixos ao mesmo tempo. Isto significa que n\u00e3o pode residir no pa\u00eds separadamente enquanto os seus familiares estiverem noutro local. Viver em conjunto nos Pa\u00edses Baixos \u00e9 essencial para que os membros da sua fam\u00edlia possam ter direito a permanecer no pa\u00eds.<\/li><li><strong>Rela\u00e7\u00e3o familiar:<\/strong> deve haver certeza absoluta sobre o estatuto familiar das pessoas envolvidas. Isto significa poder provar os la\u00e7os familiares atrav\u00e9s de documentos oficiais, como certid\u00f5es de nascimento ou de casamento. \u00c9 muito importante poder provar que os la\u00e7os familiares s\u00e3o leg\u00edtimos e indiscut\u00edveis.<\/li><\/ul>\t\t\t\t\t\t\t\t<\/div>\n\t\t\t\t<\/div>\n\t\t\t\t<div class=\"elementor-element elementor-element-b75afe6 elementor-widget elementor-widget-spacer\" data-id=\"b75afe6\" data-element_type=\"widget\" data-e-type=\"widget\" data-widget_type=\"spacer.default\">\n\t\t\t\t<div class=\"elementor-widget-container\">\n\t\t\t\t\t\t\t<div class=\"elementor-spacer\">\n\t\t\t<div class=\"elementor-spacer-inner\"><\/div>\n\t\t<\/div>\n\t\t\t\t\t\t<\/div>\n\t\t\t\t<\/div>\n\t\t\t\t<div class=\"elementor-element elementor-element-50bdf4b elementor-widget elementor-widget-heading\" data-id=\"50bdf4b\" data-element_type=\"widget\" data-e-type=\"widget\" data-widget_type=\"heading.default\">\n\t\t\t\t<div class=\"elementor-widget-container\">\n\t\t\t\t\t<h2 class=\"elementor-heading-title elementor-size-default\">Procedimento <\/h2>\t\t\t\t<\/div>\n\t\t\t\t<\/div>\n\t\t\t\t<div class=\"elementor-element elementor-element-68e0642 color-scheme-inherit text-left elementor-widget elementor-widget-text-editor\" data-id=\"68e0642\" data-element_type=\"widget\" data-e-type=\"widget\" data-widget_type=\"text-editor.default\">\n\t\t\t\t<div class=\"elementor-widget-container\">\n\t\t\t\t\t\t\t\t\t<ul><li><strong>Apresenta\u00e7\u00e3o do pedido:<\/strong>&nbsp;O primeiro passo para obter uma autoriza\u00e7\u00e3o de resid\u00eancia \"sem culpa pr\u00f3pria\" \u00e9 apresentar um pedido oficial. Este pedido deve ser apresentado por um cidad\u00e3o estrangeiro que n\u00e3o possa deixar os Pa\u00edses Baixos por raz\u00f5es alheias \u00e0 sua vontade. O pedido pode ser apresentado ao Servi\u00e7o de Imigra\u00e7\u00e3o e Naturaliza\u00e7\u00e3o (IND), o organismo respons\u00e1vel pelo tratamento destes pedidos.<\/li>\n<li><strong>Investiga\u00e7\u00e3o e avalia\u00e7\u00e3o:<\/strong>&nbsp;Ap\u00f3s a apresenta\u00e7\u00e3o do pedido, o IND efectuar\u00e1 uma investiga\u00e7\u00e3o exaustiva e avaliar\u00e1 a situa\u00e7\u00e3o. Isto inclui a recolha de informa\u00e7\u00f5es para verificar se o cidad\u00e3o estrangeiro est\u00e1 efetivamente impossibilitado de regressar ao seu pa\u00eds de origem devido a circunst\u00e2ncias insuper\u00e1veis.<\/li>\n<li><strong>\u00d3nus da prova:<\/strong>&nbsp;\u00e9 essencial que o cidad\u00e3o estrangeiro apresente provas convincentes para justificar a sua situa\u00e7\u00e3o. Estas provas podem variar em fun\u00e7\u00e3o das circunst\u00e2ncias individuais, mas devem demonstrar que n\u00e3o existe qualquer possibilidade razo\u00e1vel de regressar ao pa\u00eds de origem.<\/li>\n<li><strong>Tomada de decis\u00f5es:<\/strong>&nbsp;Com base na investiga\u00e7\u00e3o e na avalia\u00e7\u00e3o efectuadas, o IND tomar\u00e1 uma decis\u00e3o sobre o pedido de autoriza\u00e7\u00e3o de resid\u00eancia \"sem culpa\". Se o estrangeiro preencher as condi\u00e7\u00f5es exigidas e as provas apresentadas forem convincentes, a autoriza\u00e7\u00e3o ser\u00e1 concedida. Se o pedido for aprovado, o estrangeiro pode permanecer legalmente nos Pa\u00edses Baixos e beneficiar de certos direitos e facilidades.<\/li><\/ul>\t\t\t\t\t\t\t\t<\/div>\n\t\t\t\t<\/div>\n\t\t\t\t<div class=\"elementor-element elementor-element-5e90d2c elementor-widget elementor-widget-spacer\" data-id=\"5e90d2c\" data-element_type=\"widget\" data-e-type=\"widget\" data-widget_type=\"spacer.default\">\n\t\t\t\t<div class=\"elementor-widget-container\">\n\t\t\t\t\t\t\t<div class=\"elementor-spacer\">\n\t\t\t<div class=\"elementor-spacer-inner\"><\/div>\n\t\t<\/div>\n\t\t\t\t\t\t<\/div>\n\t\t\t\t<\/div>\n\t\t\t\t<div class=\"elementor-element elementor-element-89298ce elementor-widget elementor-widget-heading\" data-id=\"89298ce\" data-element_type=\"widget\" data-e-type=\"widget\" data-widget_type=\"heading.default\">\n\t\t\t\t<div class=\"elementor-widget-container\">\n\t\t\t\t\t<h3 class=\"elementor-heading-title elementor-size-default\">Servi\u00e7o de Repatriamento e Partida (DT&amp;V)<\/h3>\t\t\t\t<\/div>\n\t\t\t\t<\/div>\n\t\t\t\t<div class=\"elementor-element elementor-element-d31607e color-scheme-inherit text-left elementor-widget elementor-widget-text-editor\" data-id=\"d31607e\" data-element_type=\"widget\" data-e-type=\"widget\" data-widget_type=\"text-editor.default\">\n\t\t\t\t<div class=\"elementor-widget-container\">\n\t\t\t\t\t\t\t\t\t<p>O Servi\u00e7o de Repatriamento e Partida (DT&amp;V) tem por miss\u00e3o assegurar que as pessoas que devem efetivamente deixar os Pa\u00edses Baixos o fa\u00e7am. Nestes casos, a obten\u00e7\u00e3o de uma autoriza\u00e7\u00e3o de resid\u00eancia pode ser um processo complexo. O DT&amp;V pode, por vezes, duvidar do desejo genu\u00edno de um indiv\u00edduo de regressar ao seu pa\u00eds de origem e de que este tenha feito esfor\u00e7os suficientes para cumprir os requisitos legais. Por conseguinte, \u00e9 extremamente importante contactar a DT&amp;V atempadamente e seguir atentamente as suas instru\u00e7\u00f5es.<\/p>\t\t\t\t\t\t\t\t<\/div>\n\t\t\t\t<\/div>\n\t\t\t\t<div class=\"elementor-element elementor-element-9edd9a6 elementor-widget elementor-widget-spacer\" data-id=\"9edd9a6\" data-element_type=\"widget\" data-e-type=\"widget\" data-widget_type=\"spacer.default\">\n\t\t\t\t<div class=\"elementor-widget-container\">\n\t\t\t\t\t\t\t<div class=\"elementor-spacer\">\n\t\t\t<div class=\"elementor-spacer-inner\"><\/div>\n\t\t<\/div>\n\t\t\t\t\t\t<\/div>\n\t\t\t\t<\/div>\n\t\t\t\t<div class=\"elementor-element elementor-element-cd70734 elementor-widget elementor-widget-heading\" data-id=\"cd70734\" data-element_type=\"widget\" data-e-type=\"widget\" data-widget_type=\"heading.default\">\n\t\t\t\t<div class=\"elementor-widget-container\">\n\t\t\t\t\t<h3 class=\"elementor-heading-title elementor-size-default\">Autoriza\u00e7\u00e3o de resid\u00eancia sem culpa do advogado<\/h3>\t\t\t\t<\/div>\n\t\t\t\t<\/div>\n\t\t\t\t<div class=\"elementor-element elementor-element-07ff750 color-scheme-inherit text-left elementor-widget elementor-widget-text-editor\" data-id=\"07ff750\" data-element_type=\"widget\" data-e-type=\"widget\" data-widget_type=\"text-editor.default\">\n\t\t\t\t<div class=\"elementor-widget-container\">\n\t\t\t\t\t\t\t\t\t<p>A obten\u00e7\u00e3o de uma autoriza\u00e7\u00e3o de resid\u00eancia sem culpa \u00e9 um processo que demora bastante tempo se n\u00e3o se recorrer a um advogado experiente. O<a href=\"https:\/\/www.derbedrosian.nl\/pt\/advogados\/\"> advogados<\/a> do escrit\u00f3rio de advocacia Der Bedrosian s\u00e3o especializados em <a href=\"https:\/\/www.derbedrosian.nl\/pt\/jurisdicoes\/lei-da-imigracao\/\">lei da imigra\u00e7\u00e3o<\/a>\u00a0e prestar assist\u00eancia jur\u00eddica completa.<\/p><p>Por isso, n\u00e3o hesite em contactar-nos para obter aconselhamento gratuito.<\/p>\t\t\t\t\t\t\t\t<\/div>\n\t\t\t\t<\/div>\n\t\t\t\t\t<\/div>\n\t\t\t\t<\/div>\n\t\t\t\t<\/div>","protected":false},"excerpt":{"rendered":"<p>advogado Permiss\u00e3o de resid\u00eancia Sem culpa Permiss\u00e3o de resid\u00eancia Sem culpa solicitar Servi\u00e7o de Regresso e Partida (DT&amp;V) Direito dos estrangeiros advogado especializado em direito dos estrangeiros em Enschede advogado especializado em direito dos estrangeiros em Overijssel<\/p>","protected":false},"author":1,"featured_media":0,"parent":10627,"menu_order":0,"comment_status":"closed","ping_status":"closed","template":"","meta":{"footnotes":""},"class_list":["post-10697","page","type-page","status-publish","hentry"],"_links":{"self":[{"href":"https:\/\/www.derbedrosian.nl\/pt\/wp-json\/wp\/v2\/pages\/10697","targetHints":{"allow":["GET"]}}],"collection":[{"href":"https:\/\/www.derbedrosian.nl\/pt\/wp-json\/wp\/v2\/pages"}],"about":[{"href":"https:\/\/www.derbedrosian.nl\/pt\/wp-json\/wp\/v2\/types\/page"}],"author":[{"embeddable":true,"href":"https:\/\/www.derbedrosian.nl\/pt\/wp-json\/wp\/v2\/users\/1"}],"replies":[{"embeddable":true,"href":"https:\/\/www.derbedrosian.nl\/pt\/wp-json\/wp\/v2\/comments?post=10697"}],"version-history":[{"count":0,"href":"https:\/\/www.derbedrosian.nl\/pt\/wp-json\/wp\/v2\/pages\/10697\/revisions"}],"up":[{"embeddable":true,"href":"https:\/\/www.derbedrosian.nl\/pt\/wp-json\/wp\/v2\/pages\/10627"}],"wp:attachment":[{"href":"https:\/\/www.derbedrosian.nl\/pt\/wp-json\/wp\/v2\/media?parent=10697"}],"curies":[{"name":"wp","href":"https:\/\/api.w.org\/{rel}","templated":true}]}}