{"id":10677,"date":"2023-05-26T15:48:18","date_gmt":"2023-05-26T13:48:18","guid":{"rendered":"https:\/\/derbedrosian.nl\/?page_id=10677"},"modified":"2025-12-21T15:58:40","modified_gmt":"2025-12-21T13:58:40","slug":"declaracao-nao-desejada","status":"publish","type":"page","link":"https:\/\/www.derbedrosian.nl\/pt\/rechtsgebieden\/vreemdelingenrecht\/ongewenstverklaring\/","title":{"rendered":"Declara\u00e7\u00e3o n\u00e3o desejada"},"content":{"rendered":"<div data-elementor-type=\"wp-page\" data-elementor-id=\"10677\" class=\"elementor elementor-10677\" data-elementor-post-type=\"page\">\n\t\t\t\t<div class=\"wd-negative-gap elementor-element elementor-element-76dd1dd e-flex e-con-boxed e-con e-parent\" data-id=\"76dd1dd\" data-element_type=\"container\" data-e-type=\"container\">\n\t\t\t\t\t<div class=\"e-con-inner\">\n\t\t\t\t<div class=\"elementor-element elementor-element-77f8a99 elementor-hidden-desktop elementor-hidden-tablet elementor-hidden-mobile elementor-widget elementor-widget-wd_image_or_svg\" data-id=\"77f8a99\" data-element_type=\"widget\" data-e-type=\"widget\" id=\"seo-word\" data-widget_type=\"wd_image_or_svg.default\">\n\t\t\t\t<div class=\"elementor-widget-container\">\n\t\t\t\t\t\n\t\t<div class=\"wd-image text-left\">\n\t\t\t\t\t\t\t\t<img loading=\"lazy\" decoding=\"async\" width=\"1000\" height=\"667\" src=\"https:\/\/www.derbedrosian.nl\/wp-content\/uploads\/rechtsgebied-ongewenstverklaring.jpg\" class=\"attachment-full size-full\" alt=\"indesejabilidade cancelamento proibi\u00e7\u00e3o de entrada advogado autoriza\u00e7\u00e3o de resid\u00eancia IND\" srcset=\"https:\/\/www.derbedrosian.nl\/wp-content\/uploads\/rechtsgebied-ongewenstverklaring.jpg 1000w, https:\/\/www.derbedrosian.nl\/wp-content\/uploads\/rechtsgebied-ongewenstverklaring-400x267.jpg 400w, https:\/\/www.derbedrosian.nl\/wp-content\/uploads\/rechtsgebied-ongewenstverklaring-768x512.jpg 768w\" sizes=\"auto, (max-width: 1000px) 100vw, 1000px\" title=\"\">\t\t\t\t\t<\/div>\n\n\t\t\t\t\t\t<\/div>\n\t\t\t\t<\/div>\n\t\t\t\t<div class=\"elementor-element elementor-element-82078fc elementor-hidden-desktop elementor-hidden-tablet elementor-hidden-mobile elementor-widget elementor-widget-heading\" data-id=\"82078fc\" data-element_type=\"widget\" data-e-type=\"widget\" id=\"seo-word\" data-widget_type=\"heading.default\">\n\t\t\t\t<div class=\"elementor-widget-container\">\n\t\t\t\t\t<h2 class=\"elementor-heading-title elementor-size-default\">proibi\u00e7\u00e3o de entrada declara\u00e7\u00e3o n\u00e3o desejada<\/h2>\t\t\t\t<\/div>\n\t\t\t\t<\/div>\n\t\t\t\t<div class=\"elementor-element elementor-element-d5480f4 elementor-hidden-desktop elementor-hidden-tablet elementor-hidden-mobile elementor-widget elementor-widget-heading\" data-id=\"d5480f4\" data-element_type=\"widget\" data-e-type=\"widget\" id=\"seo-word\" data-widget_type=\"heading.default\">\n\t\t\t\t<div class=\"elementor-widget-container\">\n\t\t\t\t\t<h5 class=\"elementor-heading-title elementor-size-default\">declara\u00e7\u00e3o de inidoneidade nos termos do direito penal<\/h5>\t\t\t\t<\/div>\n\t\t\t\t<\/div>\n\t\t\t\t<div class=\"elementor-element elementor-element-3ffba1e elementor-hidden-desktop elementor-hidden-tablet elementor-hidden-mobile elementor-widget elementor-widget-heading\" data-id=\"3ffba1e\" data-element_type=\"widget\" data-e-type=\"widget\" id=\"seo-word\" data-widget_type=\"heading.default\">\n\t\t\t\t<div class=\"elementor-widget-container\">\n\t\t\t\t\t<h5 class=\"elementor-heading-title elementor-size-default\">requerer uma declara\u00e7\u00e3o de indesejabilidade<\/h5>\t\t\t\t<\/div>\n\t\t\t\t<\/div>\n\t\t\t\t<div class=\"elementor-element elementor-element-2ff1edd elementor-hidden-desktop elementor-hidden-tablet elementor-hidden-mobile elementor-widget elementor-widget-heading\" data-id=\"2ff1edd\" data-element_type=\"widget\" data-e-type=\"widget\" id=\"seo-word\" data-widget_type=\"heading.default\">\n\t\t\t\t<div class=\"elementor-widget-container\">\n\t\t\t\t\t<h5 class=\"elementor-heading-title elementor-size-default\">criminaliza\u00e7\u00e3o da indesejabilidade<\/h5>\t\t\t\t<\/div>\n\t\t\t\t<\/div>\n\t\t\t\t<div class=\"elementor-element elementor-element-d641bd3 elementor-hidden-desktop elementor-hidden-tablet elementor-hidden-mobile elementor-widget elementor-widget-heading\" data-id=\"d641bd3\" data-element_type=\"widget\" data-e-type=\"widget\" id=\"seo-word\" data-widget_type=\"heading.default\">\n\t\t\t\t<div class=\"elementor-widget-container\">\n\t\t\t\t\t<h5 class=\"elementor-heading-title elementor-size-default\">certificado de indesejabilidade e\/ou restri\u00e7\u00e3o de proibi\u00e7\u00e3o de entrada autoriza\u00e7\u00e3o de entrada no mercado de trabalho e per\u00edodo de validade levantar antigo certificado de indesejabilidade imposto antes antigo certificado de indesejabilidade imposto antes de dezembro<\/h5>\t\t\t\t<\/div>\n\t\t\t\t<\/div>\n\t\t\t\t<div class=\"elementor-element elementor-element-772e6ec elementor-hidden-desktop elementor-hidden-tablet elementor-hidden-mobile elementor-widget elementor-widget-heading\" data-id=\"772e6ec\" data-element_type=\"widget\" data-e-type=\"widget\" id=\"seo-word\" data-widget_type=\"heading.default\">\n\t\t\t\t<div class=\"elementor-widget-container\">\n\t\t\t\t\t<h5 class=\"elementor-heading-title elementor-size-default\">regras de pol\u00edtica para o levantamento tempor\u00e1rio da decis\u00e3o de emitir uma indica\u00e7\u00e3o<\/h5>\t\t\t\t<\/div>\n\t\t\t\t<\/div>\n\t\t\t\t<div class=\"elementor-element elementor-element-c66054e elementor-hidden-desktop elementor-hidden-tablet elementor-hidden-mobile elementor-widget elementor-widget-heading\" data-id=\"c66054e\" data-element_type=\"widget\" data-e-type=\"widget\" id=\"seo-word\" data-widget_type=\"heading.default\">\n\t\t\t\t<div class=\"elementor-widget-container\">\n\t\t\t\t\t<h5 class=\"elementor-heading-title elementor-size-default\">advogado de direito de imigra\u00e7\u00e3o enschede<\/h5>\t\t\t\t<\/div>\n\t\t\t\t<\/div>\n\t\t\t\t<div class=\"elementor-element elementor-element-9ae2ef2 elementor-hidden-desktop elementor-hidden-tablet elementor-hidden-mobile elementor-widget elementor-widget-heading\" data-id=\"9ae2ef2\" data-element_type=\"widget\" data-e-type=\"widget\" id=\"seo-word\" data-widget_type=\"heading.default\">\n\t\t\t\t<div class=\"elementor-widget-container\">\n\t\t\t\t\t<h5 class=\"elementor-heading-title elementor-size-default\">advogado de direito de imigra\u00e7\u00e3o overijssel<\/h5>\t\t\t\t<\/div>\n\t\t\t\t<\/div>\n\t\t\t\t<div class=\"elementor-element elementor-element-a9cd106 elementor-hidden-desktop elementor-hidden-tablet elementor-hidden-mobile elementor-widget elementor-widget-heading\" data-id=\"a9cd106\" data-element_type=\"widget\" data-e-type=\"widget\" id=\"seo-word\" data-widget_type=\"heading.default\">\n\t\t\t\t<div class=\"elementor-widget-container\">\n\t\t\t\t\t<h5 class=\"elementor-heading-title elementor-size-default\">direito dos estrangeiros enschede<\/h5>\t\t\t\t<\/div>\n\t\t\t\t<\/div>\n\t\t\t\t<div class=\"elementor-element elementor-element-6ea98cf elementor-hidden-desktop elementor-hidden-tablet elementor-hidden-mobile elementor-widget elementor-widget-heading\" data-id=\"6ea98cf\" data-element_type=\"widget\" data-e-type=\"widget\" id=\"seo-word\" data-widget_type=\"heading.default\">\n\t\t\t\t<div class=\"elementor-widget-container\">\n\t\t\t\t\t<h5 class=\"elementor-heading-title elementor-size-default\">advogado enschede aliens law<\/h5>\t\t\t\t<\/div>\n\t\t\t\t<\/div>\n\t\t\t\t<div class=\"elementor-element elementor-element-3800064 elementor-hidden-desktop elementor-hidden-tablet elementor-hidden-mobile elementor-widget elementor-widget-heading\" data-id=\"3800064\" data-element_type=\"widget\" data-e-type=\"widget\" id=\"seo-word\" data-widget_type=\"heading.default\">\n\t\t\t\t<div class=\"elementor-widget-container\">\n\t\t\t\t\t<h5 class=\"elementor-heading-title elementor-size-default\">Em Enschede e Overijssel, pode contar com os advogados especializados em imigra\u00e7\u00e3o da Derbedrosian Immigration Lawyers. Compreendemos que a indesejabilidade \u00e9 uma quest\u00e3o jur\u00eddica complexa na lei da imigra\u00e7\u00e3o.\n\nUma declara\u00e7\u00e3o de indesejabilidade significa que algu\u00e9m j\u00e1 n\u00e3o \u00e9 bem-vindo nos Pa\u00edses Baixos e pode ter consequ\u00eancias graves. Pode resultar em acusa\u00e7\u00f5es criminais e outros problemas legais.\n\nO pedido de levantamento de uma declara\u00e7\u00e3o de indesejabilidade \u00e9 um procedimento legal que deve ser seguido cuidadosamente. Existem regras de atua\u00e7\u00e3o sobre o levantamento tempor\u00e1rio de uma declara\u00e7\u00e3o de indesejabilidade, mas estas dependem das circunst\u00e2ncias espec\u00edficas do caso.\n\nOs nossos advogados de imigra\u00e7\u00e3o em Enschede est\u00e3o dispon\u00edveis para o aconselhar e orientar em casos que envolvam declara\u00e7\u00f5es de indesejabilidade e pedidos de afastamento. Compreendemos as complexidades destas situa\u00e7\u00f5es e ajud\u00e1-lo-emos a garantir que os seus direitos s\u00e3o respeitados.\n\nSe precisar de assist\u00eancia jur\u00eddica no que diz respeito \u00e0 declara\u00e7\u00e3o de indesejabilidade, n\u00e3o hesite em contactar Derbedrosian Immigration Lawyers. Estamos aqui para o ajudar e tratar do seu caso, com o objetivo de minimizar as consequ\u00eancias de ser declarado indesej\u00e1vel e proteger os seus direitos.<\/h5>\t\t\t\t<\/div>\n\t\t\t\t<\/div>\n\t\t\t\t<div class=\"elementor-element elementor-element-6202735 color-scheme-inherit text-left elementor-widget elementor-widget-text-editor\" data-id=\"6202735\" data-element_type=\"widget\" data-e-type=\"widget\" data-widget_type=\"text-editor.default\">\n\t\t\t\t<div class=\"elementor-widget-container\">\n\t\t\t\t\t\t\t\t\t<p><strong>A medida \"declara\u00e7\u00e3o indesejada\" \u00e9 aplicada aos estrangeiros que n\u00e3o s\u00e3o bem-vindos nos Pa\u00edses Baixos. Esta medida pode ser imposta por v\u00e1rias raz\u00f5es, tais como condena\u00e7\u00f5es penais, preocupa\u00e7\u00f5es com a seguran\u00e7a nacional ou infrac\u00e7\u00f5es \u00e0 lei da imigra\u00e7\u00e3o. O objetivo da declara\u00e7\u00e3o de indesejabilidade \u00e9 manter afastadas as pessoas consideradas uma amea\u00e7a \u00e0 ordem p\u00fablica ou \u00e0 seguran\u00e7a nacional.<\/strong><\/p>\t\t\t\t\t\t\t\t<\/div>\n\t\t\t\t<\/div>\n\t\t\t\t<div class=\"elementor-element elementor-element-9371e37 elementor-widget elementor-widget-spacer\" data-id=\"9371e37\" data-element_type=\"widget\" data-e-type=\"widget\" data-widget_type=\"spacer.default\">\n\t\t\t\t<div class=\"elementor-widget-container\">\n\t\t\t\t\t\t\t<div class=\"elementor-spacer\">\n\t\t\t<div class=\"elementor-spacer-inner\"><\/div>\n\t\t<\/div>\n\t\t\t\t\t\t<\/div>\n\t\t\t\t<\/div>\n\t\t\t\t<div class=\"elementor-element elementor-element-fb5b297 elementor-widget elementor-widget-heading\" data-id=\"fb5b297\" data-element_type=\"widget\" data-e-type=\"widget\" data-widget_type=\"heading.default\">\n\t\t\t\t<div class=\"elementor-widget-container\">\n\t\t\t\t\t<h3 class=\"elementor-heading-title elementor-size-default\">O que significa uma declara\u00e7\u00e3o de indesejabilidade? <\/h3>\t\t\t\t<\/div>\n\t\t\t\t<\/div>\n\t\t\t\t<div class=\"elementor-element elementor-element-e658e17 color-scheme-inherit text-left elementor-widget elementor-widget-text-editor\" data-id=\"e658e17\" data-element_type=\"widget\" data-e-type=\"widget\" data-widget_type=\"text-editor.default\">\n\t\t\t\t<div class=\"elementor-widget-container\">\n\t\t\t\t\t\t\t\t\t<p>Uma declara\u00e7\u00e3o de indesejabilidade \u00e9 a decis\u00e3o de que \u00e9 um estrangeiro indesej\u00e1vel nos Pa\u00edses Baixos. O Governo neerland\u00eas considera que n\u00e3o deveria estar nos Pa\u00edses Baixos. As pessoas indesej\u00e1veis t\u00eam de abandonar imediatamente os Pa\u00edses Baixos, o que significa que j\u00e1 n\u00e3o est\u00e3o autorizadas a permanecer nos Pa\u00edses Baixos, por exemplo, por terem sido condenadas por um crime. Trata-se frequentemente de pessoas que representam um perigo para os Pa\u00edses Baixos.<\/p>\t\t\t\t\t\t\t\t<\/div>\n\t\t\t\t<\/div>\n\t\t\t\t<div class=\"elementor-element elementor-element-cd7ba9b elementor-widget elementor-widget-spacer\" data-id=\"cd7ba9b\" data-element_type=\"widget\" data-e-type=\"widget\" data-widget_type=\"spacer.default\">\n\t\t\t\t<div class=\"elementor-widget-container\">\n\t\t\t\t\t\t\t<div class=\"elementor-spacer\">\n\t\t\t<div class=\"elementor-spacer-inner\"><\/div>\n\t\t<\/div>\n\t\t\t\t\t\t<\/div>\n\t\t\t\t<\/div>\n\t\t\t\t<div class=\"elementor-element elementor-element-7821fde elementor-widget elementor-widget-heading\" data-id=\"7821fde\" data-element_type=\"widget\" data-e-type=\"widget\" data-widget_type=\"heading.default\">\n\t\t\t\t<div class=\"elementor-widget-container\">\n\t\t\t\t\t<h3 class=\"elementor-heading-title elementor-size-default\">Consequ\u00eancias de ser declarado indesej\u00e1vel<\/h3>\t\t\t\t<\/div>\n\t\t\t\t<\/div>\n\t\t\t\t<div class=\"elementor-element elementor-element-5cfcaf7 color-scheme-inherit text-left elementor-widget elementor-widget-text-editor\" data-id=\"5cfcaf7\" data-element_type=\"widget\" data-e-type=\"widget\" data-widget_type=\"text-editor.default\">\n\t\t\t\t<div class=\"elementor-widget-container\">\n\t\t\t\t\t\t\t\t\t<p>Se for objeto de uma declara\u00e7\u00e3o de indesejabilidade, \u00e9 imperativo que abandone imediatamente os Pa\u00edses Baixos. Se ainda assim tentar regressar aos Pa\u00edses Baixos, arrisca-se a ser condenado a uma pena de pris\u00e3o at\u00e9 6 meses ou a uma coima. Em alguns casos, as autoridades neerlandesas podem mesmo decidir deport\u00e1-lo para o outro lado da fronteira.<\/p><p>No que diz respeito \u00e0s complica\u00e7\u00f5es relacionadas com a declara\u00e7\u00e3o de indesejabilidade, n\u00e3o existe uma data final pr\u00e9-determinada. S\u00f3 o Servi\u00e7o de Imigra\u00e7\u00e3o e Naturaliza\u00e7\u00e3o (IND) tem compet\u00eancia para decidir quando termina a declara\u00e7\u00e3o de indesejabilidade.<\/p>\t\t\t\t\t\t\t\t<\/div>\n\t\t\t\t<\/div>\n\t\t\t\t<div class=\"elementor-element elementor-element-be55a29 elementor-widget elementor-widget-spacer\" data-id=\"be55a29\" data-element_type=\"widget\" data-e-type=\"widget\" data-widget_type=\"spacer.default\">\n\t\t\t\t<div class=\"elementor-widget-container\">\n\t\t\t\t\t\t\t<div class=\"elementor-spacer\">\n\t\t\t<div class=\"elementor-spacer-inner\"><\/div>\n\t\t<\/div>\n\t\t\t\t\t\t<\/div>\n\t\t\t\t<\/div>\n\t\t\t\t<div class=\"elementor-element elementor-element-082d019 elementor-widget elementor-widget-heading\" data-id=\"082d019\" data-element_type=\"widget\" data-e-type=\"widget\" data-widget_type=\"heading.default\">\n\t\t\t\t<div class=\"elementor-widget-container\">\n\t\t\t\t\t<h3 class=\"elementor-heading-title elementor-size-default\">A quem se aplica uma declara\u00e7\u00e3o indesej\u00e1vel?\n<\/h3>\t\t\t\t<\/div>\n\t\t\t\t<\/div>\n\t\t\t\t<div class=\"elementor-element elementor-element-bd87fc2 color-scheme-inherit text-left elementor-widget elementor-widget-text-editor\" data-id=\"bd87fc2\" data-element_type=\"widget\" data-e-type=\"widget\" data-widget_type=\"text-editor.default\">\n\t\t\t\t<div class=\"elementor-widget-container\">\n\t\t\t\t\t\t\t\t\t<p>Atualmente, a declara\u00e7\u00e3o de indesejabilidade aplica-se apenas a pessoas provenientes da Uni\u00e3o Europeia (UE). Uma vez que os cidad\u00e3os da UE podem, em geral, circular livremente dentro da UE, devem existir motivos extremamente v\u00e1lidos para negar este direito. Tal medida s\u00f3 \u00e9 tomada quando algu\u00e9m representa, nesse momento, uma amea\u00e7a clara e grave \u00e0 ordem p\u00fablica.<\/p><p>Para indiv\u00edduos que n\u00e3o pertencem \u00e0 UE, frequentemente referidos como cidad\u00e3os de pa\u00edses terceiros, a declara\u00e7\u00e3o de indesejabilidade n\u00e3o se aplica. Em vez disso, em circunst\u00e2ncias espec\u00edficas, pode ser imposta uma proibi\u00e7\u00e3o de entrada. Esta proibi\u00e7\u00e3o de entrada pode variar em dura\u00e7\u00e3o e \u00e9 geralmente aplicada quando existem motivos comprovados para negar a entrada nos Pa\u00edses Baixos ou na UE.<\/p><p>\u00c9 importante notar que tanto a declara\u00e7\u00e3o de indesejabilidade como a proibi\u00e7\u00e3o de entrada s\u00e3o medidas legais s\u00e9rias e est\u00e3o sujeitas a procedimentos legais rigorosos. \u00c9 aconselh\u00e1vel procurar aconselhamento jur\u00eddico em tais casos para compreender e proteger plenamente os seus direitos e op\u00e7\u00f5es.<\/p>\t\t\t\t\t\t\t\t<\/div>\n\t\t\t\t<\/div>\n\t\t\t\t<div class=\"elementor-element elementor-element-32291b5 elementor-widget elementor-widget-spacer\" data-id=\"32291b5\" data-element_type=\"widget\" data-e-type=\"widget\" data-widget_type=\"spacer.default\">\n\t\t\t\t<div class=\"elementor-widget-container\">\n\t\t\t\t\t\t\t<div class=\"elementor-spacer\">\n\t\t\t<div class=\"elementor-spacer-inner\"><\/div>\n\t\t<\/div>\n\t\t\t\t\t\t<\/div>\n\t\t\t\t<\/div>\n\t\t\t\t<div class=\"elementor-element elementor-element-d2d9bec elementor-widget elementor-widget-heading\" data-id=\"d2d9bec\" data-element_type=\"widget\" data-e-type=\"widget\" data-widget_type=\"heading.default\">\n\t\t\t\t<div class=\"elementor-widget-container\">\n\t\t\t\t\t<h3 class=\"elementor-heading-title elementor-size-default\">Anula\u00e7\u00e3o de uma declara\u00e7\u00e3o indesej\u00e1vel<\/h3>\t\t\t\t<\/div>\n\t\t\t\t<\/div>\n\t\t\t\t<div class=\"elementor-element elementor-element-44e4571 color-scheme-inherit text-left elementor-widget elementor-widget-text-editor\" data-id=\"44e4571\" data-element_type=\"widget\" data-e-type=\"widget\" data-widget_type=\"text-editor.default\">\n\t\t\t\t<div class=\"elementor-widget-container\">\n\t\t\t\t\t\t\t\t\t<p>Ap\u00f3s algum tempo, pode requerer o levantamento da \"declara\u00e7\u00e3o de indesejabilidade\". Neste pedido, deve provar que residiu efetivamente fora dos Pa\u00edses Baixos durante um determinado per\u00edodo de tempo. A dura\u00e7\u00e3o deste per\u00edodo depende da gravidade do crime que motivou a declara\u00e7\u00e3o de inadapta\u00e7\u00e3o. \u00c9 igualmente importante que n\u00e3o tenha cometido qualquer novo crime durante esse per\u00edodo.<\/p><p>Nalguns casos, a \"declara\u00e7\u00e3o de indesejabilidade\" pode ser temporariamente levantada, por exemplo, em situa\u00e7\u00f5es de circunst\u00e2ncias familiares graves ou quando \u00e9 necess\u00e1rio testemunhar num processo judicial em curso. Trata-se de uma derroga\u00e7\u00e3o tempor\u00e1ria para ter em conta circunst\u00e2ncias espec\u00edficas.<\/p><p>\u00c9 fundamental compreender que o processo de levantamento ou suspens\u00e3o tempor\u00e1ria de uma \"ordem de indesejabilidade\" deve ser cuidadosamente seguido e que \u00e9 frequentemente necess\u00e1ria orienta\u00e7\u00e3o jur\u00eddica profissional para obter os melhores resultados.<\/p>\t\t\t\t\t\t\t\t<\/div>\n\t\t\t\t<\/div>\n\t\t\t\t<div class=\"elementor-element elementor-element-fc4fd6f elementor-widget elementor-widget-spacer\" data-id=\"fc4fd6f\" data-element_type=\"widget\" data-e-type=\"widget\" data-widget_type=\"spacer.default\">\n\t\t\t\t<div class=\"elementor-widget-container\">\n\t\t\t\t\t\t\t<div class=\"elementor-spacer\">\n\t\t\t<div class=\"elementor-spacer-inner\"><\/div>\n\t\t<\/div>\n\t\t\t\t\t\t<\/div>\n\t\t\t\t<\/div>\n\t\t\t\t<div class=\"elementor-element elementor-element-1129e00 elementor-widget elementor-widget-heading\" data-id=\"1129e00\" data-element_type=\"widget\" data-e-type=\"widget\" data-widget_type=\"heading.default\">\n\t\t\t\t<div class=\"elementor-widget-container\">\n\t\t\t\t\t<h3 class=\"elementor-heading-title elementor-size-default\">Advogado de direito da imigra\u00e7\u00e3o<\/h3>\t\t\t\t<\/div>\n\t\t\t\t<\/div>\n\t\t\t\t<div class=\"elementor-element elementor-element-450038b color-scheme-inherit text-left elementor-widget elementor-widget-text-editor\" data-id=\"450038b\" data-element_type=\"widget\" data-e-type=\"widget\" data-widget_type=\"text-editor.default\">\n\t\t\t\t<div class=\"elementor-widget-container\">\n\t\t\t\t\t\t\t\t\t<p>Se est\u00e1 a ser confrontado com uma declara\u00e7\u00e3o de indesejabilidade, \u00e9 aconselh\u00e1vel procurar assist\u00eancia jur\u00eddica profissional junto de um advogado especializado. O processo que envolve as declara\u00e7\u00f5es de indesejabilidade pode ser complexo e \u00e9 fundamental proteger os seus direitos.<\/p><p>Quando nos contactar, pode contar com o conhecimento de um advogado experiente e especializado nesta \u00e1rea jur\u00eddica. Os nossos advogados aconselham-no e orientam-no cuidadosamente sobre as medidas que pode tomar para resolver a sua situa\u00e7\u00e3o. N\u00e3o est\u00e1 sozinho, estamos aqui para o ajudar e defender os seus interesses legais. N\u00e3o hesite em contactar-nos e falar com um dos <a href=\"https:\/\/www.derbedrosian.nl\/pt\/advogados\/\">os nossos advogados dedicados<\/a> est\u00e1 pronto para o ajudar.<\/p>\t\t\t\t\t\t\t\t<\/div>\n\t\t\t\t<\/div>\n\t\t\t\t\t<\/div>\n\t\t\t\t<\/div>\n\t\t\t\t<\/div>","protected":false},"excerpt":{"rendered":"<p>proibi\u00e7\u00e3o de entrada declara\u00e7\u00e3o de indesejabilidade declara\u00e7\u00e3o de indesejabilidade penal solicitar declara\u00e7\u00e3o de indesejabilidade declara\u00e7\u00e3o de indesejabilidade pun\u00edvel declara\u00e7\u00e3o de indesejabilidade e\/ou proibi\u00e7\u00e3o de entrada restri\u00e7\u00e3o de registo no mercado de trabalho e dura\u00e7\u00e3o da validade revogar antiga declara\u00e7\u00e3o de indesejabilidade imposta por<\/p>","protected":false},"author":1,"featured_media":0,"parent":10627,"menu_order":0,"comment_status":"closed","ping_status":"closed","template":"","meta":{"footnotes":""},"class_list":["post-10677","page","type-page","status-publish","hentry"],"_links":{"self":[{"href":"https:\/\/www.derbedrosian.nl\/pt\/wp-json\/wp\/v2\/pages\/10677","targetHints":{"allow":["GET"]}}],"collection":[{"href":"https:\/\/www.derbedrosian.nl\/pt\/wp-json\/wp\/v2\/pages"}],"about":[{"href":"https:\/\/www.derbedrosian.nl\/pt\/wp-json\/wp\/v2\/types\/page"}],"author":[{"embeddable":true,"href":"https:\/\/www.derbedrosian.nl\/pt\/wp-json\/wp\/v2\/users\/1"}],"replies":[{"embeddable":true,"href":"https:\/\/www.derbedrosian.nl\/pt\/wp-json\/wp\/v2\/comments?post=10677"}],"version-history":[{"count":0,"href":"https:\/\/www.derbedrosian.nl\/pt\/wp-json\/wp\/v2\/pages\/10677\/revisions"}],"up":[{"embeddable":true,"href":"https:\/\/www.derbedrosian.nl\/pt\/wp-json\/wp\/v2\/pages\/10627"}],"wp:attachment":[{"href":"https:\/\/www.derbedrosian.nl\/pt\/wp-json\/wp\/v2\/media?parent=10677"}],"curies":[{"name":"wp","href":"https:\/\/api.w.org\/{rel}","templated":true}]}}