{"id":10644,"date":"2023-05-26T15:07:23","date_gmt":"2023-05-26T13:07:23","guid":{"rendered":"https:\/\/derbedrosian.nl\/?page_id=10644"},"modified":"2025-12-21T15:53:43","modified_gmt":"2025-12-21T13:53:43","slug":"proibicao-de-entrada","status":"publish","type":"page","link":"https:\/\/www.derbedrosian.nl\/pt\/rechtsgebieden\/vreemdelingenrecht\/inreisverbod\/","title":{"rendered":"Proibi\u00e7\u00e3o de entrada"},"content":{"rendered":"<div data-elementor-type=\"wp-page\" data-elementor-id=\"10644\" class=\"elementor elementor-10644\" data-elementor-post-type=\"page\">\n\t\t\t\t<div class=\"wd-negative-gap elementor-element elementor-element-900c39d e-flex e-con-boxed e-con e-parent\" data-id=\"900c39d\" data-element_type=\"container\" data-e-type=\"container\">\n\t\t\t\t\t<div class=\"e-con-inner\">\n\t\t\t\t<div class=\"elementor-element elementor-element-91af8c7 elementor-hidden-desktop elementor-hidden-tablet elementor-hidden-mobile elementor-widget elementor-widget-wd_image_or_svg\" data-id=\"91af8c7\" data-element_type=\"widget\" data-e-type=\"widget\" id=\"seo-word\" data-widget_type=\"wd_image_or_svg.default\">\n\t\t\t\t<div class=\"elementor-widget-container\">\n\t\t\t\t\t\n\t\t<div class=\"wd-image text-left\">\n\t\t\t\t\t\t\t\t<img loading=\"lazy\" decoding=\"async\" width=\"1000\" height=\"667\" src=\"https:\/\/www.derbedrosian.nl\/wp-content\/uploads\/rechtsgebied-inreisverbod-1.jpg\" class=\"attachment-full size-full\" alt=\"Cancelamento da proibi\u00e7\u00e3o de entrada na Holanda advogado obje\u00e7\u00e3o condi\u00e7\u00f5es da proibi\u00e7\u00e3o de entrada\" srcset=\"https:\/\/www.derbedrosian.nl\/wp-content\/uploads\/rechtsgebied-inreisverbod-1.jpg 1000w, https:\/\/www.derbedrosian.nl\/wp-content\/uploads\/rechtsgebied-inreisverbod-1-400x267.jpg 400w, https:\/\/www.derbedrosian.nl\/wp-content\/uploads\/rechtsgebied-inreisverbod-1-768x512.jpg 768w\" sizes=\"auto, (max-width: 1000px) 100vw, 1000px\" title=\"\">\t\t\t\t\t<\/div>\n\n\t\t\t\t\t\t<\/div>\n\t\t\t\t<\/div>\n\t\t\t\t<div class=\"elementor-element elementor-element-41c9679 elementor-hidden-desktop elementor-hidden-tablet elementor-hidden-mobile elementor-widget elementor-widget-heading\" data-id=\"41c9679\" data-element_type=\"widget\" data-e-type=\"widget\" id=\"seo-word\" data-widget_type=\"heading.default\">\n\t\t\t\t<div class=\"elementor-widget-container\">\n\t\t\t\t\t<h2 class=\"elementor-heading-title elementor-size-default\">Levantamento da proibi\u00e7\u00e3o de entrada nos Pa\u00edses Baixos<\/h2>\t\t\t\t<\/div>\n\t\t\t\t<\/div>\n\t\t\t\t<div class=\"elementor-element elementor-element-96a8145 elementor-hidden-desktop elementor-hidden-tablet elementor-hidden-mobile elementor-widget elementor-widget-heading\" data-id=\"96a8145\" data-element_type=\"widget\" data-e-type=\"widget\" id=\"seo-word\" data-widget_type=\"heading.default\">\n\t\t\t\t<div class=\"elementor-widget-container\">\n\t\t\t\t\t<h5 class=\"elementor-heading-title elementor-size-default\">proibi\u00e7\u00e3o de entrada em schengen<\/h5>\t\t\t\t<\/div>\n\t\t\t\t<\/div>\n\t\t\t\t<div class=\"elementor-element elementor-element-9437e07 elementor-hidden-desktop elementor-hidden-tablet elementor-hidden-mobile elementor-widget elementor-widget-heading\" data-id=\"9437e07\" data-element_type=\"widget\" data-e-type=\"widget\" id=\"seo-word\" data-widget_type=\"heading.default\">\n\t\t\t\t<div class=\"elementor-widget-container\">\n\t\t\t\t\t<h5 class=\"elementor-heading-title elementor-size-default\">Servi\u00e7o de Imigra\u00e7\u00e3o e Naturaliza\u00e7\u00e3o IND<\/h5>\t\t\t\t<\/div>\n\t\t\t\t<\/div>\n\t\t\t\t<div class=\"elementor-element elementor-element-82c91eb elementor-hidden-desktop elementor-hidden-tablet elementor-hidden-mobile elementor-widget elementor-widget-heading\" data-id=\"82c91eb\" data-element_type=\"widget\" data-e-type=\"widget\" id=\"seo-word\" data-widget_type=\"heading.default\">\n\t\t\t\t<div class=\"elementor-widget-container\">\n\t\t\t\t\t<h5 class=\"elementor-heading-title elementor-size-default\">Procedimento de proibi\u00e7\u00e3o de entrada<\/h5>\t\t\t\t<\/div>\n\t\t\t\t<\/div>\n\t\t\t\t<div class=\"elementor-element elementor-element-8ea5823 elementor-hidden-desktop elementor-hidden-tablet elementor-hidden-mobile elementor-widget elementor-widget-heading\" data-id=\"8ea5823\" data-element_type=\"widget\" data-e-type=\"widget\" id=\"seo-word\" data-widget_type=\"heading.default\">\n\t\t\t\t<div class=\"elementor-widget-container\">\n\t\t\t\t\t<h5 class=\"elementor-heading-title elementor-size-default\">advogado de direito de imigra\u00e7\u00e3o enschede<\/h5>\t\t\t\t<\/div>\n\t\t\t\t<\/div>\n\t\t\t\t<div class=\"elementor-element elementor-element-b8c5aa7 elementor-hidden-desktop elementor-hidden-tablet elementor-hidden-mobile elementor-widget elementor-widget-heading\" data-id=\"b8c5aa7\" data-element_type=\"widget\" data-e-type=\"widget\" id=\"seo-word\" data-widget_type=\"heading.default\">\n\t\t\t\t<div class=\"elementor-widget-container\">\n\t\t\t\t\t<h5 class=\"elementor-heading-title elementor-size-default\">advogado de direito de imigra\u00e7\u00e3o overijssel<\/h5>\t\t\t\t<\/div>\n\t\t\t\t<\/div>\n\t\t\t\t<div class=\"elementor-element elementor-element-e116e59 elementor-hidden-desktop elementor-hidden-tablet elementor-hidden-mobile elementor-widget elementor-widget-heading\" data-id=\"e116e59\" data-element_type=\"widget\" data-e-type=\"widget\" id=\"seo-word\" data-widget_type=\"heading.default\">\n\t\t\t\t<div class=\"elementor-widget-container\">\n\t\t\t\t\t<h5 class=\"elementor-heading-title elementor-size-default\">direito dos estrangeiros enschede<\/h5>\t\t\t\t<\/div>\n\t\t\t\t<\/div>\n\t\t\t\t<div class=\"elementor-element elementor-element-666d9c2 elementor-hidden-desktop elementor-hidden-tablet elementor-hidden-mobile elementor-widget elementor-widget-heading\" data-id=\"666d9c2\" data-element_type=\"widget\" data-e-type=\"widget\" id=\"seo-word\" data-widget_type=\"heading.default\">\n\t\t\t\t<div class=\"elementor-widget-container\">\n\t\t\t\t\t<h5 class=\"elementor-heading-title elementor-size-default\">advogado de direito de imigra\u00e7\u00e3o enschede<\/h5>\t\t\t\t<\/div>\n\t\t\t\t<\/div>\n\t\t\t\t<div class=\"elementor-element elementor-element-39a117d elementor-hidden-desktop elementor-hidden-tablet elementor-hidden-mobile elementor-widget elementor-widget-heading\" data-id=\"39a117d\" data-element_type=\"widget\" data-e-type=\"widget\" id=\"seo-word\" data-widget_type=\"heading.default\">\n\t\t\t\t<div class=\"elementor-widget-container\">\n\t\t\t\t\t<h5 class=\"elementor-heading-title elementor-size-default\">Contestar a proibi\u00e7\u00e3o de entrada no pa\u00eds<\/h5>\t\t\t\t<\/div>\n\t\t\t\t<\/div>\n\t\t\t\t<div class=\"elementor-element elementor-element-3516809 color-scheme-inherit text-left elementor-widget elementor-widget-text-editor\" data-id=\"3516809\" data-element_type=\"widget\" data-e-type=\"widget\" data-widget_type=\"text-editor.default\">\n\t\t\t\t<div class=\"elementor-widget-container\">\n\t\t\t\t\t\t\t\t\t<p><strong>A proibi\u00e7\u00e3o de entrada nos Pa\u00edses Baixos \u00e9 uma quest\u00e3o jur\u00eddica importante que pode afetar a entrada de determinadas pessoas no pa\u00eds. Esta proibi\u00e7\u00e3o pode ser imposta por v\u00e1rios motivos e pode variar em termos de dura\u00e7\u00e3o.<\/strong><\/p>\t\t\t\t\t\t\t\t<\/div>\n\t\t\t\t<\/div>\n\t\t\t\t<div class=\"elementor-element elementor-element-42161f2 elementor-widget elementor-widget-spacer\" data-id=\"42161f2\" data-element_type=\"widget\" data-e-type=\"widget\" data-widget_type=\"spacer.default\">\n\t\t\t\t<div class=\"elementor-widget-container\">\n\t\t\t\t\t\t\t<div class=\"elementor-spacer\">\n\t\t\t<div class=\"elementor-spacer-inner\"><\/div>\n\t\t<\/div>\n\t\t\t\t\t\t<\/div>\n\t\t\t\t<\/div>\n\t\t\t\t<div class=\"elementor-element elementor-element-82343c2 elementor-widget elementor-widget-heading\" data-id=\"82343c2\" data-element_type=\"widget\" data-e-type=\"widget\" data-widget_type=\"heading.default\">\n\t\t\t\t<div class=\"elementor-widget-container\">\n\t\t\t\t\t<h3 class=\"elementor-heading-title elementor-size-default\">Em que consiste uma proibi\u00e7\u00e3o de entrada?<\/h3>\t\t\t\t<\/div>\n\t\t\t\t<\/div>\n\t\t\t\t<div class=\"elementor-element elementor-element-f0f8084 color-scheme-inherit text-left elementor-widget elementor-widget-text-editor\" data-id=\"f0f8084\" data-element_type=\"widget\" data-e-type=\"widget\" data-widget_type=\"text-editor.default\">\n\t\t\t\t<div class=\"elementor-widget-container\">\n\t\t\t\t\t\t\t\t\t<p>Uma proibi\u00e7\u00e3o de entrada nos Pa\u00edses Baixos \u00e9 uma medida que regula e restringe a entrada de determinadas pessoas no pa\u00eds. Tais restri\u00e7\u00f5es podem ser impostas por uma variedade de raz\u00f5es. Considere a pandemia COVID-19, quando as restri\u00e7\u00f5es de viagem foram impostas para limitar a propaga\u00e7\u00e3o do v\u00edrus nos Pa\u00edses Baixos.<\/p><p>Tamb\u00e9m pode ser imposta uma proibi\u00e7\u00e3o de entrada se estiver a residir ilegalmente nos Pa\u00edses Baixos, ou seja, se estiver aqui sem documenta\u00e7\u00e3o adequada, como um visto ou uma autoriza\u00e7\u00e3o de resid\u00eancia v\u00e1lidos. Al\u00e9m disso, o per\u00edodo de partida estipulado deve ter expirado antes de a proibi\u00e7\u00e3o de entrada entrar em vigor.<\/p><p>Nos Pa\u00edses Baixos, v\u00e1rios organismos p\u00fablicos t\u00eam compet\u00eancia para impor uma proibi\u00e7\u00e3o de entrada. Estes organismos incluem o Servi\u00e7o de Imigra\u00e7\u00e3o e Naturaliza\u00e7\u00e3o (IND), a Pol\u00edcia de Estrangeiros, a Pol\u00edcia Mar\u00edtima e a Pol\u00edcia Militar Real.<\/p>\t\t\t\t\t\t\t\t<\/div>\n\t\t\t\t<\/div>\n\t\t\t\t<div class=\"elementor-element elementor-element-78b6586 elementor-widget elementor-widget-spacer\" data-id=\"78b6586\" data-element_type=\"widget\" data-e-type=\"widget\" data-widget_type=\"spacer.default\">\n\t\t\t\t<div class=\"elementor-widget-container\">\n\t\t\t\t\t\t\t<div class=\"elementor-spacer\">\n\t\t\t<div class=\"elementor-spacer-inner\"><\/div>\n\t\t<\/div>\n\t\t\t\t\t\t<\/div>\n\t\t\t\t<\/div>\n\t\t\t\t<div class=\"elementor-element elementor-element-43d029c elementor-widget elementor-widget-heading\" data-id=\"43d029c\" data-element_type=\"widget\" data-e-type=\"widget\" data-widget_type=\"heading.default\">\n\t\t\t\t<div class=\"elementor-widget-container\">\n\t\t\t\t\t<h3 class=\"elementor-heading-title elementor-size-default\">Levantamento da proibi\u00e7\u00e3o de entrada e condi\u00e7\u00f5es\n<\/h3>\t\t\t\t<\/div>\n\t\t\t\t<\/div>\n\t\t\t\t<div class=\"elementor-element elementor-element-e7f56b0 color-scheme-inherit text-left elementor-widget elementor-widget-text-editor\" data-id=\"e7f56b0\" data-element_type=\"widget\" data-e-type=\"widget\" data-widget_type=\"text-editor.default\">\n\t\t\t\t<div class=\"elementor-widget-container\">\n\t\t\t\t\t\t\t\t\t<p>Se pretender que a proibi\u00e7\u00e3o de entrada seja levantada, pode apresentar um \"pedido de levantamento\". Note-se que isto s\u00f3 pode ser feito em situa\u00e7\u00f5es urgentes. Neste caso, deve escrever uma carta ao Servi\u00e7o de Imigra\u00e7\u00e3o e Naturaliza\u00e7\u00e3o (IND) explicando por que raz\u00e3o considera que a proibi\u00e7\u00e3o de entrada deve ser temporariamente levantada.<\/p><p>Para efetuar este pedido, deve preencher as seguintes condi\u00e7\u00f5es.<\/p><ul><li><strong>Em caso de proibi\u00e7\u00e3o de entrada por um per\u00edodo igual ou inferior a 2 anos:<\/strong>\u00a0j\u00e1 deve ter residido fora dos pa\u00edses da UE\/EEE e da Su\u00ed\u00e7a durante, pelo menos, metade do per\u00edodo da proibi\u00e7\u00e3o de entrada.<\/li><li><strong>Em caso de proibi\u00e7\u00e3o de entrada por um per\u00edodo superior a 2 anos:<\/strong>\u00a0a dispensa deve ser necess\u00e1ria na sua situa\u00e7\u00e3o espec\u00edfica.<\/li><li><strong>Importante:<\/strong>\u00a0n\u00e3o deve ter cometido crimes graves enquanto residia fora dos Pa\u00edses Baixos e n\u00e3o deve estar pendente qualquer processo penal contra si nessa altura.<\/li><li><strong>Direito de impacto e de obje\u00e7\u00e3o:<\/strong>\u00a0\u00e9 muito importante compreender que estes regulamentos podem ter consequ\u00eancias significativas para as pessoas que tencionam viajar, trabalhar ou viver nos Pa\u00edses Baixos. Tem o direito essencial de se opor a uma proibi\u00e7\u00e3o de entrada se lhe tiver sido decretada a si, ao seu parceiro ou a um membro da sua fam\u00edlia.<\/li><\/ul><p>Os nossos advogados especializados em direito da imigra\u00e7\u00e3o est\u00e3o prontos a ajud\u00e1-lo neste processo e a representar os seus interesses para que possa tomar as medidas correctas para resolver a sua situa\u00e7\u00e3o.<\/p>\t\t\t\t\t\t\t\t<\/div>\n\t\t\t\t<\/div>\n\t\t\t\t<div class=\"elementor-element elementor-element-e83c738 elementor-widget elementor-widget-spacer\" data-id=\"e83c738\" data-element_type=\"widget\" data-e-type=\"widget\" data-widget_type=\"spacer.default\">\n\t\t\t\t<div class=\"elementor-widget-container\">\n\t\t\t\t\t\t\t<div class=\"elementor-spacer\">\n\t\t\t<div class=\"elementor-spacer-inner\"><\/div>\n\t\t<\/div>\n\t\t\t\t\t\t<\/div>\n\t\t\t\t<\/div>\n\t\t\t\t<div class=\"elementor-element elementor-element-f3630e1 elementor-widget elementor-widget-heading\" data-id=\"f3630e1\" data-element_type=\"widget\" data-e-type=\"widget\" data-widget_type=\"heading.default\">\n\t\t\t\t<div class=\"elementor-widget-container\">\n\t\t\t\t\t<h3 class=\"elementor-heading-title elementor-size-default\">Procedimento de proibi\u00e7\u00e3o de entrada\n<\/h3>\t\t\t\t<\/div>\n\t\t\t\t<\/div>\n\t\t\t\t<div class=\"elementor-element elementor-element-333f5b9 color-scheme-inherit text-left elementor-widget elementor-widget-text-editor\" data-id=\"333f5b9\" data-element_type=\"widget\" data-e-type=\"widget\" data-widget_type=\"text-editor.default\">\n\t\t\t\t<div class=\"elementor-widget-container\">\n\t\t\t\t\t\t\t\t\t<p>O procedimento para impor uma proibi\u00e7\u00e3o de entrada nos Pa\u00edses Baixos inclui as seguintes etapas:<\/p><ul><li><strong>An\u00fancio do IND:<\/strong>\u00a0o procedimento come\u00e7a com um an\u00fancio do Servi\u00e7o de Imigra\u00e7\u00e3o e Naturaliza\u00e7\u00e3o (IND), que explica em pormenor a sua inten\u00e7\u00e3o de impor uma proibi\u00e7\u00e3o de entrada.<\/li><li><strong>Prazo de resposta:<\/strong>\u00a0ap\u00f3s a rece\u00e7\u00e3o desta notifica\u00e7\u00e3o, disp\u00f5e normalmente de quatro semanas para responder.<\/li><li><strong>Obje\u00e7\u00e3o:<\/strong>\u00a0Se, apesar da sua resposta e dos seus esfor\u00e7os, o IND continuar a decidir impor a proibi\u00e7\u00e3o de entrada no pa\u00eds, tem o direito de se opor a esta decis\u00e3o. Ter\u00e1 assim a oportunidade de voltar a apresentar o seu caso e de explicar melhor os seus argumentos.<\/li><li><strong>Processos judiciais:<\/strong>\u00a0se a sua obje\u00e7\u00e3o \u00e0 IND for rejeitada, tem a possibilidade de intentar uma nova a\u00e7\u00e3o judicial, recorrendo ao tribunal. Trata-se de um processo judicial formal em que o seu caso ser\u00e1 reavaliado pelo poder judicial.<\/li><\/ul><p>Em suma, o procedimento de interdi\u00e7\u00e3o de entrada nos Pa\u00edses Baixos \u00e9 um processo complexo e juridicamente exigente. Recomenda-se vivamente que procure a ajuda de um advogado experiente em qualquer altura durante este processo para proteger os seus interesses e aumentar as suas hip\u00f3teses de obter um resultado positivo.<\/p>\t\t\t\t\t\t\t\t<\/div>\n\t\t\t\t<\/div>\n\t\t\t\t<div class=\"elementor-element elementor-element-1e1b6c6 elementor-widget elementor-widget-spacer\" data-id=\"1e1b6c6\" data-element_type=\"widget\" data-e-type=\"widget\" data-widget_type=\"spacer.default\">\n\t\t\t\t<div class=\"elementor-widget-container\">\n\t\t\t\t\t\t\t<div class=\"elementor-spacer\">\n\t\t\t<div class=\"elementor-spacer-inner\"><\/div>\n\t\t<\/div>\n\t\t\t\t\t\t<\/div>\n\t\t\t\t<\/div>\n\t\t\t\t<div class=\"elementor-element elementor-element-ff7cd66 elementor-widget elementor-widget-heading\" data-id=\"ff7cd66\" data-element_type=\"widget\" data-e-type=\"widget\" data-widget_type=\"heading.default\">\n\t\t\t\t<div class=\"elementor-widget-container\">\n\t\t\t\t\t<h3 class=\"elementor-heading-title elementor-size-default\">Advogado de proibi\u00e7\u00e3o de entrada\n<\/h3>\t\t\t\t<\/div>\n\t\t\t\t<\/div>\n\t\t\t\t<div class=\"elementor-element elementor-element-961e274 color-scheme-inherit text-left elementor-widget elementor-widget-text-editor\" data-id=\"961e274\" data-element_type=\"widget\" data-e-type=\"widget\" data-widget_type=\"text-editor.default\">\n\t\t\t\t<div class=\"elementor-widget-container\">\n\t\t\t\t\t\t\t\t\t<p>Se for objeto de uma proibi\u00e7\u00e3o de entrada e desejar voltar a viajar para os Pa\u00edses Baixos, \u00e9 muito importante tomar medidas legais. Pode contactar um dos <a href=\"https:\/\/www.derbedrosian.nl\/pt\/advogados\/\">os nossos advogados<\/a> do escrit\u00f3rio de advocacia Derbedrosian para aconselhamento e assist\u00eancia especializados.<\/p><p>Quando nos contactar, coloc\u00e1-lo-emos em contacto com um advogado especializado em <a href=\"https:\/\/www.derbedrosian.nl\/pt\/jurisdicoes\/lei-da-imigracao\/\">direito da imigra\u00e7\u00e3o.<\/a><\/p>\t\t\t\t\t\t\t\t<\/div>\n\t\t\t\t<\/div>\n\t\t\t\t\t<\/div>\n\t\t\t\t<\/div>\n\t\t\t\t<\/div>","protected":false},"excerpt":{"rendered":"<p>Levantar a proibi\u00e7\u00e3o de entrada na Holanda Proibi\u00e7\u00e3o de entrada no espa\u00e7o Schengen Servi\u00e7o de Imigra\u00e7\u00e3o e Naturaliza\u00e7\u00e3o (IND) Procedimento de proibi\u00e7\u00e3o de entrada Advogado especializado em direito de estrangeiros em Enschede Advogado especializado em direito de estrangeiros em Overijssel Direito de estrangeiros em Enschede Direito de estrangeiros<\/p>","protected":false},"author":1,"featured_media":0,"parent":10627,"menu_order":0,"comment_status":"closed","ping_status":"closed","template":"","meta":{"footnotes":""},"class_list":["post-10644","page","type-page","status-publish","hentry"],"_links":{"self":[{"href":"https:\/\/www.derbedrosian.nl\/pt\/wp-json\/wp\/v2\/pages\/10644","targetHints":{"allow":["GET"]}}],"collection":[{"href":"https:\/\/www.derbedrosian.nl\/pt\/wp-json\/wp\/v2\/pages"}],"about":[{"href":"https:\/\/www.derbedrosian.nl\/pt\/wp-json\/wp\/v2\/types\/page"}],"author":[{"embeddable":true,"href":"https:\/\/www.derbedrosian.nl\/pt\/wp-json\/wp\/v2\/users\/1"}],"replies":[{"embeddable":true,"href":"https:\/\/www.derbedrosian.nl\/pt\/wp-json\/wp\/v2\/comments?post=10644"}],"version-history":[{"count":0,"href":"https:\/\/www.derbedrosian.nl\/pt\/wp-json\/wp\/v2\/pages\/10644\/revisions"}],"up":[{"embeddable":true,"href":"https:\/\/www.derbedrosian.nl\/pt\/wp-json\/wp\/v2\/pages\/10627"}],"wp:attachment":[{"href":"https:\/\/www.derbedrosian.nl\/pt\/wp-json\/wp\/v2\/media?parent=10644"}],"curies":[{"name":"wp","href":"https:\/\/api.w.org\/{rel}","templated":true}]}}