{"id":10552,"date":"2023-05-26T10:20:08","date_gmt":"2023-05-26T08:20:08","guid":{"rendered":"https:\/\/derbedrosian.nl\/?page_id=10552"},"modified":"2025-12-21T14:49:06","modified_gmt":"2025-12-21T12:49:06","slug":"conducao-em-estado-de-embriaguez","status":"publish","type":"page","link":"https:\/\/www.derbedrosian.nl\/pt\/rechtsgebieden\/strafrecht\/rijden-onder-invloed\/","title":{"rendered":"Condu\u00e7\u00e3o sob influ\u00eancia"},"content":{"rendered":"<div data-elementor-type=\"wp-page\" data-elementor-id=\"10552\" class=\"elementor elementor-10552\" data-elementor-post-type=\"page\">\n\t\t\t\t<div class=\"wd-negative-gap elementor-element elementor-element-1266d6a e-flex e-con-boxed e-con e-parent\" data-id=\"1266d6a\" data-element_type=\"container\" data-e-type=\"container\">\n\t\t\t\t\t<div class=\"e-con-inner\">\n\t\t\t\t<div class=\"elementor-element elementor-element-28fd8c0 elementor-hidden-desktop elementor-hidden-tablet elementor-hidden-mobile elementor-widget elementor-widget-wd_image_or_svg\" data-id=\"28fd8c0\" data-element_type=\"widget\" data-e-type=\"widget\" id=\"seo-word\" data-widget_type=\"wd_image_or_svg.default\">\n\t\t\t\t<div class=\"elementor-widget-container\">\n\t\t\t\t\t\n\t\t<div class=\"wd-image text-left\">\n\t\t\t\t\t\t\t\t<img loading=\"lazy\" decoding=\"async\" width=\"1000\" height=\"667\" src=\"https:\/\/www.derbedrosian.nl\/wp-content\/uploads\/rechtsgebied-rijden-onder-invloed.jpg\" class=\"attachment-full size-full\" alt=\"condu\u00e7\u00e3o sob o efeito do \u00e1lcool advogado pol\u00edcia carta de condu\u00e7\u00e3o apreendida registo criminal inibi\u00e7\u00e3o de conduzir\" srcset=\"https:\/\/www.derbedrosian.nl\/wp-content\/uploads\/rechtsgebied-rijden-onder-invloed.jpg 1000w, https:\/\/www.derbedrosian.nl\/wp-content\/uploads\/rechtsgebied-rijden-onder-invloed-400x267.jpg 400w, https:\/\/www.derbedrosian.nl\/wp-content\/uploads\/rechtsgebied-rijden-onder-invloed-768x512.jpg 768w\" sizes=\"auto, (max-width: 1000px) 100vw, 1000px\" title=\"\">\t\t\t\t\t<\/div>\n\n\t\t\t\t\t\t<\/div>\n\t\t\t\t<\/div>\n\t\t\t\t<div class=\"elementor-element elementor-element-da07702 elementor-hidden-desktop elementor-hidden-tablet elementor-hidden-mobile elementor-widget elementor-widget-heading\" data-id=\"da07702\" data-element_type=\"widget\" data-e-type=\"widget\" id=\"seo-word\" data-widget_type=\"heading.default\">\n\t\t\t\t<div class=\"elementor-widget-container\">\n\t\t\t\t\t<h2 class=\"elementor-heading-title elementor-size-default\">advogado de condu\u00e7\u00e3o sob o efeito do \u00e1lcool<\/h2>\t\t\t\t<\/div>\n\t\t\t\t<\/div>\n\t\t\t\t<div class=\"elementor-element elementor-element-0d65570 elementor-hidden-desktop elementor-hidden-tablet elementor-hidden-mobile elementor-widget elementor-widget-heading\" data-id=\"0d65570\" data-element_type=\"widget\" data-e-type=\"widget\" id=\"seo-word\" data-widget_type=\"heading.default\">\n\t\t\t\t<div class=\"elementor-widget-container\">\n\t\t\t\t\t<h5 class=\"elementor-heading-title elementor-size-default\">advogado de condu\u00e7\u00e3o sob o efeito do \u00e1lcool<\/h5>\t\t\t\t<\/div>\n\t\t\t\t<\/div>\n\t\t\t\t<div class=\"elementor-element elementor-element-0e2acd9 elementor-hidden-desktop elementor-hidden-tablet elementor-hidden-mobile elementor-widget elementor-widget-heading\" data-id=\"0e2acd9\" data-element_type=\"widget\" data-e-type=\"widget\" id=\"seo-word\" data-widget_type=\"heading.default\">\n\t\t\t\t<div class=\"elementor-widget-container\">\n\t\t\t\t\t<h5 class=\"elementor-heading-title elementor-size-default\">pol\u00edcia de condu\u00e7\u00e3o sob o efeito do \u00e1lcool<\/h5>\t\t\t\t<\/div>\n\t\t\t\t<\/div>\n\t\t\t\t<div class=\"elementor-element elementor-element-3006f94 elementor-hidden-desktop elementor-hidden-tablet elementor-hidden-mobile elementor-widget elementor-widget-heading\" data-id=\"3006f94\" data-element_type=\"widget\" data-e-type=\"widget\" id=\"seo-word\" data-widget_type=\"heading.default\">\n\t\t\t\t<div class=\"elementor-widget-container\">\n\t\t\t\t\t<h5 class=\"elementor-heading-title elementor-size-default\">carta de condu\u00e7\u00e3o apreendida<\/h5>\t\t\t\t<\/div>\n\t\t\t\t<\/div>\n\t\t\t\t<div class=\"elementor-element elementor-element-4c541a4 elementor-hidden-desktop elementor-hidden-tablet elementor-hidden-mobile elementor-widget elementor-widget-heading\" data-id=\"4c541a4\" data-element_type=\"widget\" data-e-type=\"widget\" id=\"seo-word\" data-widget_type=\"heading.default\">\n\t\t\t\t<div class=\"elementor-widget-container\">\n\t\t\t\t\t<h5 class=\"elementor-heading-title elementor-size-default\">advogado direito penal overijssel<\/h5>\t\t\t\t<\/div>\n\t\t\t\t<\/div>\n\t\t\t\t<div class=\"elementor-element elementor-element-e0d95f5 elementor-hidden-desktop elementor-hidden-tablet elementor-hidden-mobile elementor-widget elementor-widget-heading\" data-id=\"e0d95f5\" data-element_type=\"widget\" data-e-type=\"widget\" id=\"seo-word\" data-widget_type=\"heading.default\">\n\t\t\t\t<div class=\"elementor-widget-container\">\n\t\t\t\t\t<h5 class=\"elementor-heading-title elementor-size-default\">advogado direito penal enschede<\/h5>\t\t\t\t<\/div>\n\t\t\t\t<\/div>\n\t\t\t\t<div class=\"elementor-element elementor-element-609d2ce elementor-hidden-desktop elementor-hidden-tablet elementor-hidden-mobile elementor-widget elementor-widget-heading\" data-id=\"609d2ce\" data-element_type=\"widget\" data-e-type=\"widget\" id=\"seo-word\" data-widget_type=\"heading.default\">\n\t\t\t\t<div class=\"elementor-widget-container\">\n\t\t\t\t\t<h5 class=\"elementor-heading-title elementor-size-default\">direito penal enschede<\/h5>\t\t\t\t<\/div>\n\t\t\t\t<\/div>\n\t\t\t\t<div class=\"elementor-element elementor-element-3830399 elementor-hidden-desktop elementor-hidden-tablet elementor-hidden-mobile elementor-widget elementor-widget-heading\" data-id=\"3830399\" data-element_type=\"widget\" data-e-type=\"widget\" id=\"seo-word\" data-widget_type=\"heading.default\">\n\t\t\t\t<div class=\"elementor-widget-container\">\n\t\t\t\t\t<h5 class=\"elementor-heading-title elementor-size-default\">advogado criminalista enschede<\/h5>\t\t\t\t<\/div>\n\t\t\t\t<\/div>\n\t\t\t\t<div class=\"elementor-element elementor-element-038f3a9 elementor-hidden-desktop elementor-hidden-tablet elementor-hidden-mobile elementor-widget elementor-widget-heading\" data-id=\"038f3a9\" data-element_type=\"widget\" data-e-type=\"widget\" id=\"seo-word\" data-widget_type=\"heading.default\">\n\t\t\t\t<div class=\"elementor-widget-container\">\n\t\t\t\t\t<h5 class=\"elementor-heading-title elementor-size-default\">posso participar no tr\u00e1fego<\/h5>\t\t\t\t<\/div>\n\t\t\t\t<\/div>\n\t\t\t\t<div class=\"elementor-element elementor-element-19eb044 elementor-hidden-desktop elementor-hidden-tablet elementor-hidden-mobile elementor-widget elementor-widget-heading\" data-id=\"19eb044\" data-element_type=\"widget\" data-e-type=\"widget\" id=\"seo-word\" data-widget_type=\"heading.default\">\n\t\t\t\t<div class=\"elementor-widget-container\">\n\t\t\t\t\t<h5 class=\"elementor-heading-title elementor-size-default\">Para assist\u00eancia jur\u00eddica em Enschede e Overijssel em rela\u00e7\u00e3o \u00e0 condu\u00e7\u00e3o sob o efeito do \u00e1lcool, confie na experi\u00eancia dos advogados criminais da Derbedrosian Criminal Lawyers. Os nossos advogados em Enschede s\u00e3o especializados em processos penais e t\u00eam uma vasta experi\u00eancia em processos em que a carta de condu\u00e7\u00e3o foi confiscada em resultado de condu\u00e7\u00e3o sob o efeito do \u00e1lcool.\n\nQuando se entra em contacto com a pol\u00edcia por condu\u00e7\u00e3o sob o efeito do \u00e1lcool, pode haver consequ\u00eancias legais graves, incluindo a confisca\u00e7\u00e3o da carta de condu\u00e7\u00e3o. Numa situa\u00e7\u00e3o destas, \u00e9 vital procurar imediatamente aconselhamento jur\u00eddico e contratar um advogado especializado em condu\u00e7\u00e3o sob o efeito do \u00e1lcool.\n\nOs nossos advogados em Enschede ajud\u00e1-lo-\u00e3o e fornecer-lhe-\u00e3o o apoio jur\u00eddico adequado para tratar do seu caso e representar os seus interesses. Se estiver a enfrentar esta situa\u00e7\u00e3o, contacte Derbedrosian Criminal Lawyers para obter assist\u00eancia jur\u00eddica especializada.\n\n\n\n\n<\/h5>\t\t\t\t<\/div>\n\t\t\t\t<\/div>\n\t\t\t\t<div class=\"elementor-element elementor-element-fc7d042 color-scheme-inherit text-left elementor-widget elementor-widget-text-editor\" data-id=\"fc7d042\" data-element_type=\"widget\" data-e-type=\"widget\" data-widget_type=\"text-editor.default\">\n\t\t\t\t<div class=\"elementor-widget-container\">\n\t\t\t\t\t\t\t\t\t<p><strong>Conduzir sob o efeito de drogas ou \u00e1lcool? Os Pa\u00edses Baixos levam muito a s\u00e9rio as infrac\u00e7\u00f5es rodovi\u00e1rias que amea\u00e7am a seguran\u00e7a rodovi\u00e1ria. Os Pa\u00edses Baixos t\u00eam leis e regras rigorosas no que respeita \u00e0 condu\u00e7\u00e3o sob o efeito de \u00e1lcool e drogas. Estas regras incluem limites legais, consequ\u00eancias das infrac\u00e7\u00f5es e medidas de execu\u00e7\u00e3o.<\/strong><\/p>\t\t\t\t\t\t\t\t<\/div>\n\t\t\t\t<\/div>\n\t\t\t\t<div class=\"elementor-element elementor-element-d3a126b elementor-widget elementor-widget-spacer\" data-id=\"d3a126b\" data-element_type=\"widget\" data-e-type=\"widget\" data-widget_type=\"spacer.default\">\n\t\t\t\t<div class=\"elementor-widget-container\">\n\t\t\t\t\t\t\t<div class=\"elementor-spacer\">\n\t\t\t<div class=\"elementor-spacer-inner\"><\/div>\n\t\t<\/div>\n\t\t\t\t\t\t<\/div>\n\t\t\t\t<\/div>\n\t\t\t\t<div class=\"elementor-element elementor-element-1717937 elementor-widget elementor-widget-heading\" data-id=\"1717937\" data-element_type=\"widget\" data-e-type=\"widget\" data-widget_type=\"heading.default\">\n\t\t\t\t<div class=\"elementor-widget-container\">\n\t\t\t\t\t<h3 class=\"elementor-heading-title elementor-size-default\">O que \u00e9 a condu\u00e7\u00e3o sob o efeito do \u00e1lcool?<\/h3>\t\t\t\t<\/div>\n\t\t\t\t<\/div>\n\t\t\t\t<div class=\"elementor-element elementor-element-2f80684 color-scheme-inherit text-left elementor-widget elementor-widget-text-editor\" data-id=\"2f80684\" data-element_type=\"widget\" data-e-type=\"widget\" data-widget_type=\"text-editor.default\">\n\t\t\t\t<div class=\"elementor-widget-container\">\n\t\t\t\t\t\t\t\t\t<p>A condu\u00e7\u00e3o sob influ\u00eancia ocorre quando algu\u00e9m bebe demasiado \u00e1lcool, consome drogas ou toma determinados medicamentos antes de conduzir. Ser apanhado a conduzir sob o efeito do \u00e1lcool pode ter consequ\u00eancias graves. Nos Pa\u00edses Baixos, esta situa\u00e7\u00e3o \u00e9 considerada uma infra\u00e7\u00e3o penal e pode dar origem a um registo criminal. Pode tamb\u00e9m perder a sua carta de condu\u00e7\u00e3o e ser objeto de medidas por parte da CBR.<\/p><p>As san\u00e7\u00f5es por esta infra\u00e7\u00e3o podem prejudicar significativamente a sua vida pessoal e a sua carreira. \u00c9 importante procurar ajuda jur\u00eddica imediata junto de um advogado numa situa\u00e7\u00e3o deste tipo.<\/p>\t\t\t\t\t\t\t\t<\/div>\n\t\t\t\t<\/div>\n\t\t\t\t<div class=\"elementor-element elementor-element-e5b4ae1 elementor-widget elementor-widget-spacer\" data-id=\"e5b4ae1\" data-element_type=\"widget\" data-e-type=\"widget\" data-widget_type=\"spacer.default\">\n\t\t\t\t<div class=\"elementor-widget-container\">\n\t\t\t\t\t\t\t<div class=\"elementor-spacer\">\n\t\t\t<div class=\"elementor-spacer-inner\"><\/div>\n\t\t<\/div>\n\t\t\t\t\t\t<\/div>\n\t\t\t\t<\/div>\n\t\t\t\t<div class=\"elementor-element elementor-element-3e6586f elementor-widget elementor-widget-heading\" data-id=\"3e6586f\" data-element_type=\"widget\" data-e-type=\"widget\" data-widget_type=\"heading.default\">\n\t\t\t\t<div class=\"elementor-widget-container\">\n\t\t\t\t\t<h3 class=\"elementor-heading-title elementor-size-default\">Inibi\u00e7\u00e3o de conduzir <\/h3>\t\t\t\t<\/div>\n\t\t\t\t<\/div>\n\t\t\t\t<div class=\"elementor-element elementor-element-15e6b19 color-scheme-inherit text-left elementor-widget elementor-widget-text-editor\" data-id=\"15e6b19\" data-element_type=\"widget\" data-e-type=\"widget\" data-widget_type=\"text-editor.default\">\n\t\t\t\t<div class=\"elementor-widget-container\">\n\t\t\t\t\t\t\t\t\t<p>\u00c9 ilegal conduzir um ve\u00edculo sob a influ\u00eancia de \u00e1lcool, drogas ou drogas espec\u00edficas que possam afetar a capacidade de condu\u00e7\u00e3o. A san\u00e7\u00e3o depende do n\u00edvel de consumo de \u00e1lcool. Na maioria dos casos, \u00e9 aplicada uma coima, mas se a taxa de alcoolemia for superior a 1,3, o Minist\u00e9rio P\u00fablico solicita ao juiz a aplica\u00e7\u00e3o de uma proibi\u00e7\u00e3o de conduzir, que pode ir de 6 meses a 5 anos nos casos graves.<\/p>\t\t\t\t\t\t\t\t<\/div>\n\t\t\t\t<\/div>\n\t\t\t\t<div class=\"elementor-element elementor-element-0fff3b6 elementor-widget elementor-widget-spacer\" data-id=\"0fff3b6\" data-element_type=\"widget\" data-e-type=\"widget\" data-widget_type=\"spacer.default\">\n\t\t\t\t<div class=\"elementor-widget-container\">\n\t\t\t\t\t\t\t<div class=\"elementor-spacer\">\n\t\t\t<div class=\"elementor-spacer-inner\"><\/div>\n\t\t<\/div>\n\t\t\t\t\t\t<\/div>\n\t\t\t\t<\/div>\n\t\t\t\t<div class=\"elementor-element elementor-element-dbcb558 elementor-widget elementor-widget-heading\" data-id=\"dbcb558\" data-element_type=\"widget\" data-e-type=\"widget\" data-widget_type=\"heading.default\">\n\t\t\t\t<div class=\"elementor-widget-container\">\n\t\t\t\t\t<h3 class=\"elementor-heading-title elementor-size-default\">Procedimento policial em caso de condu\u00e7\u00e3o suspeita<\/h3>\t\t\t\t<\/div>\n\t\t\t\t<\/div>\n\t\t\t\t<div class=\"elementor-element elementor-element-b754519 color-scheme-inherit text-left elementor-widget elementor-widget-text-editor\" data-id=\"b754519\" data-element_type=\"widget\" data-e-type=\"widget\" data-widget_type=\"text-editor.default\">\n\t\t\t\t<div class=\"elementor-widget-container\">\n\t\t\t\t\t\t\t\t\t<p>Quando a pol\u00edcia o manda parar devido \u00e0 sua condu\u00e7\u00e3o, pode efetuar testes no local para verificar o seu consumo de \u00e1lcool ou de drogas. Este teste \u00e9 geralmente efectuado atrav\u00e9s de um baf\u00f3metro ou de um teste de saliva. Existe ainda uma terceira op\u00e7\u00e3o de teste para as situa\u00e7\u00f5es em que os testes acima referidos n\u00e3o s\u00e3o poss\u00edveis. Este teste consiste em avaliar as suas fun\u00e7\u00f5es psicomotoras, bem como as suas capacidades visuais e de fala. Neste caso, um agente da pol\u00edcia verifica se os seus olhos ainda t\u00eam um aspeto normal, se ainda consegue falar normalmente e se ainda consegue andar em linha reta.<\/p><p>Se algum destes testes indicar que consumiu \u00e1lcool ou drogas em excesso, ser\u00e1 levado para a esquadra da pol\u00edcia por suspeita de condu\u00e7\u00e3o sob o efeito do \u00e1lcool. Aqui, a sua situa\u00e7\u00e3o ser\u00e1 avaliada atrav\u00e9s de an\u00e1lises ao h\u00e1lito ou ao sangue para determinar com maior exatid\u00e3o a quantidade de \u00e1lcool ou drogas no seu organismo. Se esta exceder os limites legais, pode levar a uma inibi\u00e7\u00e3o de conduzir e pode receber uma condena\u00e7\u00e3o criminal ou uma intima\u00e7\u00e3o por condu\u00e7\u00e3o sob o efeito do \u00e1lcool.<\/p>\t\t\t\t\t\t\t\t<\/div>\n\t\t\t\t<\/div>\n\t\t\t\t<div class=\"elementor-element elementor-element-dfbb379 elementor-widget elementor-widget-spacer\" data-id=\"dfbb379\" data-element_type=\"widget\" data-e-type=\"widget\" data-widget_type=\"spacer.default\">\n\t\t\t\t<div class=\"elementor-widget-container\">\n\t\t\t\t\t\t\t<div class=\"elementor-spacer\">\n\t\t\t<div class=\"elementor-spacer-inner\"><\/div>\n\t\t<\/div>\n\t\t\t\t\t\t<\/div>\n\t\t\t\t<\/div>\n\t\t\t\t<div class=\"elementor-element elementor-element-a05064b elementor-widget elementor-widget-heading\" data-id=\"a05064b\" data-element_type=\"widget\" data-e-type=\"widget\" data-widget_type=\"heading.default\">\n\t\t\t\t<div class=\"elementor-widget-container\">\n\t\t\t\t\t<h3 class=\"elementor-heading-title elementor-size-default\">Limites de condu\u00e7\u00e3o sob o efeito do \u00e1lcool<\/h3>\t\t\t\t<\/div>\n\t\t\t\t<\/div>\n\t\t\t\t<div class=\"elementor-element elementor-element-9efbd9d color-scheme-inherit text-left elementor-widget elementor-widget-text-editor\" data-id=\"9efbd9d\" data-element_type=\"widget\" data-e-type=\"widget\" data-widget_type=\"text-editor.default\">\n\t\t\t\t<div class=\"elementor-widget-container\">\n\t\t\t\t\t\t\t\t\t<p>Foram estabelecidos limites m\u00e1ximos admiss\u00edveis para v\u00e1rios agentes.<\/p><p><strong>Consumo de drogas:<\/strong> se conduzir sob a influ\u00eancia de drogas e exceder os limites estabelecidos, a sua <a href=\"https:\/\/www.derbedrosian.nl\/pt\/jurisdicoes\/direito-penal\/carta-de-conducao-apreendida\/\">confisca\u00e7\u00e3o da carta de condu\u00e7\u00e3o.<\/a> Isto aplica-se \u00e0s seguintes exced\u00eancias, nomeadamente:<\/p><ul><li>50 microgramas de anfetamina<\/li><li>3 microgramas de can\u00e1bis<\/li><li>20 microgramas de morfina<\/li><li>10 miligramas de GHB<\/li><li>3,0 microgramas de THC<\/li><\/ul><p>Estas quantidades s\u00e3o por litro de sangue no seu corpo.<\/p><p><strong>Teor de \u00e1lcool<\/strong>quando a taxa de alcoolemia \u00e9 superior a 1,3 promille. Para os condutores principiantes, o limite \u00e9 de 0,8 promille.<\/p>\t\t\t\t\t\t\t\t<\/div>\n\t\t\t\t<\/div>\n\t\t\t\t<div class=\"elementor-element elementor-element-7b9d133 elementor-widget elementor-widget-spacer\" data-id=\"7b9d133\" data-element_type=\"widget\" data-e-type=\"widget\" data-widget_type=\"spacer.default\">\n\t\t\t\t<div class=\"elementor-widget-container\">\n\t\t\t\t\t\t\t<div class=\"elementor-spacer\">\n\t\t\t<div class=\"elementor-spacer-inner\"><\/div>\n\t\t<\/div>\n\t\t\t\t\t\t<\/div>\n\t\t\t\t<\/div>\n\t\t\t\t<div class=\"elementor-element elementor-element-61f526b elementor-widget elementor-widget-heading\" data-id=\"61f526b\" data-element_type=\"widget\" data-e-type=\"widget\" data-widget_type=\"heading.default\">\n\t\t\t\t<div class=\"elementor-widget-container\">\n\t\t\t\t\t<h3 class=\"elementor-heading-title elementor-size-default\">Compar\u00eancia perante o juiz de pol\u00edcia e audi\u00eancia na OM<\/h3>\t\t\t\t<\/div>\n\t\t\t\t<\/div>\n\t\t\t\t<div class=\"elementor-element elementor-element-d5f6626 color-scheme-inherit text-left elementor-widget elementor-widget-text-editor\" data-id=\"d5f6626\" data-element_type=\"widget\" data-e-type=\"widget\" data-widget_type=\"text-editor.default\">\n\t\t\t\t<div class=\"elementor-widget-container\">\n\t\t\t\t\t\t\t\t\t<p>Antes de receber uma notifica\u00e7\u00e3o de multa por condu\u00e7\u00e3o em estado de embriaguez, receber\u00e1 normalmente um convite do Minist\u00e9rio P\u00fablico para comparecer numa audi\u00eancia, na qual o procurador lhe dir\u00e1 qual a san\u00e7\u00e3o que pretende aplicar-lhe.<\/p><p>Se n\u00e3o concordar com a san\u00e7\u00e3o imposta pelo Minist\u00e9rio P\u00fablico, pode opor-se \u00e0 mesma, o que dar\u00e1 origem a uma cita\u00e7\u00e3o para uma audi\u00eancia no tribunal de pol\u00edcia.<br \/>H\u00e1 tamb\u00e9m casos em que o juiz de pol\u00edcia est\u00e1 diretamente envolvido num processo. Nesse caso, n\u00e3o receber\u00e1 um convite para a audi\u00eancia da OM, mas ser\u00e1 diretamente convocado para comparecer perante o juiz de pol\u00edcia. Esta situa\u00e7\u00e3o s\u00f3 se verifica em casos graves, como os de elevada taxa de alcoolemia ou de reincid\u00eancia.<\/p>\t\t\t\t\t\t\t\t<\/div>\n\t\t\t\t<\/div>\n\t\t\t\t<div class=\"elementor-element elementor-element-1b3ff3a elementor-widget elementor-widget-spacer\" data-id=\"1b3ff3a\" data-element_type=\"widget\" data-e-type=\"widget\" data-widget_type=\"spacer.default\">\n\t\t\t\t<div class=\"elementor-widget-container\">\n\t\t\t\t\t\t\t<div class=\"elementor-spacer\">\n\t\t\t<div class=\"elementor-spacer-inner\"><\/div>\n\t\t<\/div>\n\t\t\t\t\t\t<\/div>\n\t\t\t\t<\/div>\n\t\t\t\t<div class=\"elementor-element elementor-element-911b591 elementor-widget elementor-widget-heading\" data-id=\"911b591\" data-element_type=\"widget\" data-e-type=\"widget\" data-widget_type=\"heading.default\">\n\t\t\t\t<div class=\"elementor-widget-container\">\n\t\t\t\t\t<h3 class=\"elementor-heading-title elementor-size-default\">Carta de condu\u00e7\u00e3o por pontos<\/h3>\t\t\t\t<\/div>\n\t\t\t\t<\/div>\n\t\t\t\t<div class=\"elementor-element elementor-element-8a6f7f8 color-scheme-inherit text-left elementor-widget elementor-widget-text-editor\" data-id=\"8a6f7f8\" data-element_type=\"widget\" data-e-type=\"widget\" data-widget_type=\"text-editor.default\">\n\t\t\t\t<div class=\"elementor-widget-container\">\n\t\t\t\t\t\t\t\t\tA carta de condu\u00e7\u00e3o por pontos \u00e9 um sistema aplic\u00e1vel a todos os condutores para prevenir a condu\u00e7\u00e3o sob o efeito do \u00e1lcool. Se for apanhado duas vezes num per\u00edodo de cinco anos com uma taxa de \u00e1lcool no sangue de, pelo menos, 1,3, perder\u00e1 a sua carta de condu\u00e7\u00e3o. Saiba mais sobre a carta de condu\u00e7\u00e3o por pontos.\n\n\t\t\t\t\t\t\t\t<\/div>\n\t\t\t\t<\/div>\n\t\t\t\t<div class=\"elementor-element elementor-element-79bc39b elementor-widget elementor-widget-spacer\" data-id=\"79bc39b\" data-element_type=\"widget\" data-e-type=\"widget\" data-widget_type=\"spacer.default\">\n\t\t\t\t<div class=\"elementor-widget-container\">\n\t\t\t\t\t\t\t<div class=\"elementor-spacer\">\n\t\t\t<div class=\"elementor-spacer-inner\"><\/div>\n\t\t<\/div>\n\t\t\t\t\t\t<\/div>\n\t\t\t\t<\/div>\n\t\t\t\t<div class=\"elementor-element elementor-element-163cff7 elementor-widget elementor-widget-heading\" data-id=\"163cff7\" data-element_type=\"widget\" data-e-type=\"widget\" data-widget_type=\"heading.default\">\n\t\t\t\t<div class=\"elementor-widget-container\">\n\t\t\t\t\t<h3 class=\"elementor-heading-title elementor-size-default\">Carta de condu\u00e7\u00e3o reclamada atrav\u00e9s de queixa<\/h3>\t\t\t\t<\/div>\n\t\t\t\t<\/div>\n\t\t\t\t<div class=\"elementor-element elementor-element-268b21f color-scheme-inherit text-left elementor-widget elementor-widget-text-editor\" data-id=\"268b21f\" data-element_type=\"widget\" data-e-type=\"widget\" data-widget_type=\"text-editor.default\">\n\t\t\t\t<div class=\"elementor-widget-container\">\n\t\t\t\t\t\t\t\t\t<p>Ap\u00f3s a apreens\u00e3o da sua carta de condu\u00e7\u00e3o, o caso ser\u00e1 remetido ao Minist\u00e9rio P\u00fablico, que decidir\u00e1 sobre a reten\u00e7\u00e3o da sua carta no prazo de 10 dias. O caso ser\u00e1 apresentado a tribunal no prazo de seis meses. O Minist\u00e9rio P\u00fablico pode tamb\u00e9m decidir enviar a sua carta de condu\u00e7\u00e3o para o CBR, especialmente em casos de taxa de alcoolemia elevada, consumo de drogas ou reincid\u00eancia.<\/p><p>\u00c9 importante apresentar uma notifica\u00e7\u00e3o de reclama\u00e7\u00e3o para a devolu\u00e7\u00e3o da sua carta de condu\u00e7\u00e3o o mais rapidamente poss\u00edvel. Uma notifica\u00e7\u00e3o de reclama\u00e7\u00e3o \u00e9 uma carta que uma pessoa escreve ao tribunal para se queixar ou protestar contra uma decis\u00e3o de uma entidade governamental.<\/p>\t\t\t\t\t\t\t\t<\/div>\n\t\t\t\t<\/div>\n\t\t\t\t<div class=\"elementor-element elementor-element-ad59f66 elementor-widget elementor-widget-spacer\" data-id=\"ad59f66\" data-element_type=\"widget\" data-e-type=\"widget\" data-widget_type=\"spacer.default\">\n\t\t\t\t<div class=\"elementor-widget-container\">\n\t\t\t\t\t\t\t<div class=\"elementor-spacer\">\n\t\t\t<div class=\"elementor-spacer-inner\"><\/div>\n\t\t<\/div>\n\t\t\t\t\t\t<\/div>\n\t\t\t\t<\/div>\n\t\t\t\t<div class=\"elementor-element elementor-element-61ebe16 elementor-widget elementor-widget-heading\" data-id=\"61ebe16\" data-element_type=\"widget\" data-e-type=\"widget\" data-widget_type=\"heading.default\">\n\t\t\t\t<div class=\"elementor-widget-container\">\n\t\t\t\t\t<h3 class=\"elementor-heading-title elementor-size-default\">Advogado condu\u00e7\u00e3o sob o efeito do \u00e1lcool<\/h3>\t\t\t\t<\/div>\n\t\t\t\t<\/div>\n\t\t\t\t<div class=\"elementor-element elementor-element-d10e8b1 color-scheme-inherit text-left elementor-widget elementor-widget-text-editor\" data-id=\"d10e8b1\" data-element_type=\"widget\" data-e-type=\"widget\" data-widget_type=\"text-editor.default\">\n\t\t\t\t<div class=\"elementor-widget-container\">\n\t\t\t\t\t\t\t\t\t<p>Por conseguinte, recomenda-se que apresente o seu caso a um advogado que o possa ajudar na sua defesa e determinar os passos seguintes.<\/p><p>Contactar um dos <a href=\"https:\/\/www.derbedrosian.nl\/pt\/advogados\/\">os nossos advogados experientes<\/a> para uma consulta. Os nossos advogados da Derbedrosian Law Firm t\u00eam anos de experi\u00eancia em direito penal de tr\u00e2nsito e colocar\u00e3o os seus conhecimentos ao servi\u00e7o do melhor resultado para si.<\/p>\t\t\t\t\t\t\t\t<\/div>\n\t\t\t\t<\/div>\n\t\t\t\t\t<\/div>\n\t\t\t\t<\/div>\n\t\t\t\t<\/div>","protected":false},"excerpt":{"rendered":"<p>condu\u00e7\u00e3o sob influ\u00eancia advogado advogado condu\u00e7\u00e3o sob influ\u00eancia condu\u00e7\u00e3o sob influ\u00eancia pol\u00edcia carta de condu\u00e7\u00e3o apreendida advogado direito penal Overijssel advogado<\/p>","protected":false},"author":1,"featured_media":0,"parent":10047,"menu_order":0,"comment_status":"closed","ping_status":"closed","template":"","meta":{"footnotes":""},"class_list":["post-10552","page","type-page","status-publish","hentry"],"_links":{"self":[{"href":"https:\/\/www.derbedrosian.nl\/pt\/wp-json\/wp\/v2\/pages\/10552","targetHints":{"allow":["GET"]}}],"collection":[{"href":"https:\/\/www.derbedrosian.nl\/pt\/wp-json\/wp\/v2\/pages"}],"about":[{"href":"https:\/\/www.derbedrosian.nl\/pt\/wp-json\/wp\/v2\/types\/page"}],"author":[{"embeddable":true,"href":"https:\/\/www.derbedrosian.nl\/pt\/wp-json\/wp\/v2\/users\/1"}],"replies":[{"embeddable":true,"href":"https:\/\/www.derbedrosian.nl\/pt\/wp-json\/wp\/v2\/comments?post=10552"}],"version-history":[{"count":0,"href":"https:\/\/www.derbedrosian.nl\/pt\/wp-json\/wp\/v2\/pages\/10552\/revisions"}],"up":[{"embeddable":true,"href":"https:\/\/www.derbedrosian.nl\/pt\/wp-json\/wp\/v2\/pages\/10047"}],"wp:attachment":[{"href":"https:\/\/www.derbedrosian.nl\/pt\/wp-json\/wp\/v2\/media?parent=10552"}],"curies":[{"name":"wp","href":"https:\/\/api.w.org\/{rel}","templated":true}]}}