{"id":10547,"date":"2023-05-26T10:18:03","date_gmt":"2023-05-26T08:18:03","guid":{"rendered":"https:\/\/derbedrosian.nl\/?page_id=10547"},"modified":"2025-12-21T14:45:31","modified_gmt":"2025-12-21T12:45:31","slug":"carta-de-conducao-apreendida","status":"publish","type":"page","link":"https:\/\/www.derbedrosian.nl\/pt\/rechtsgebieden\/strafrecht\/rijbewijs-in-beslag-genomen\/","title":{"rendered":"Carta de condu\u00e7\u00e3o apreendida"},"content":{"rendered":"<div data-elementor-type=\"wp-page\" data-elementor-id=\"10547\" class=\"elementor elementor-10547\" data-elementor-post-type=\"page\">\n\t\t\t\t<div class=\"wd-negative-gap elementor-element elementor-element-f1b907f e-flex e-con-boxed e-con e-parent\" data-id=\"f1b907f\" data-element_type=\"container\" data-e-type=\"container\">\n\t\t\t\t\t<div class=\"e-con-inner\">\n\t\t\t\t<div class=\"elementor-element elementor-element-87a6118 elementor-hidden-desktop elementor-hidden-tablet elementor-hidden-mobile elementor-widget elementor-widget-wd_image_or_svg\" data-id=\"87a6118\" data-element_type=\"widget\" data-e-type=\"widget\" id=\"seo-word\" data-widget_type=\"wd_image_or_svg.default\">\n\t\t\t\t<div class=\"elementor-widget-container\">\n\t\t\t\t\t\n\t\t<div class=\"wd-image text-left\">\n\t\t\t\t\t\t\t\t<img loading=\"lazy\" decoding=\"async\" width=\"1000\" height=\"667\" src=\"https:\/\/www.derbedrosian.nl\/wp-content\/uploads\/rechtsgebied-rijbewijs-in-beslag-genomen.jpg\" class=\"attachment-full size-full\" alt=\"carta de condu\u00e7\u00e3o apreendida o que acontece agora advogado carta de condu\u00e7\u00e3o apreendida san\u00e7\u00e3o\" srcset=\"https:\/\/www.derbedrosian.nl\/wp-content\/uploads\/rechtsgebied-rijbewijs-in-beslag-genomen.jpg 1000w, https:\/\/www.derbedrosian.nl\/wp-content\/uploads\/rechtsgebied-rijbewijs-in-beslag-genomen-400x267.jpg 400w, https:\/\/www.derbedrosian.nl\/wp-content\/uploads\/rechtsgebied-rijbewijs-in-beslag-genomen-768x512.jpg 768w\" sizes=\"auto, (max-width: 1000px) 100vw, 1000px\" title=\"\">\t\t\t\t\t<\/div>\n\n\t\t\t\t\t\t<\/div>\n\t\t\t\t<\/div>\n\t\t\t\t<div class=\"elementor-element elementor-element-8dc8f81 elementor-hidden-desktop elementor-hidden-tablet elementor-hidden-mobile elementor-widget elementor-widget-heading\" data-id=\"8dc8f81\" data-element_type=\"widget\" data-e-type=\"widget\" id=\"seo-word\" data-widget_type=\"heading.default\">\n\t\t\t\t<div class=\"elementor-widget-container\">\n\t\t\t\t\t<h2 class=\"elementor-heading-title elementor-size-default\">condu\u00e7\u00e3o em estado de embriaguez<\/h2>\t\t\t\t<\/div>\n\t\t\t\t<\/div>\n\t\t\t\t<div class=\"elementor-element elementor-element-b678394 elementor-hidden-desktop elementor-hidden-tablet elementor-hidden-mobile elementor-widget elementor-widget-heading\" data-id=\"b678394\" data-element_type=\"widget\" data-e-type=\"widget\" id=\"seo-word\" data-widget_type=\"heading.default\">\n\t\t\t\t<div class=\"elementor-widget-container\">\n\t\t\t\t\t<h5 class=\"elementor-heading-title elementor-size-default\">carta de condu\u00e7\u00e3o apreendida<\/h5>\t\t\t\t<\/div>\n\t\t\t\t<\/div>\n\t\t\t\t<div class=\"elementor-element elementor-element-0e5519a elementor-hidden-desktop elementor-hidden-tablet elementor-hidden-mobile elementor-widget elementor-widget-heading\" data-id=\"0e5519a\" data-element_type=\"widget\" data-e-type=\"widget\" id=\"seo-word\" data-widget_type=\"heading.default\">\n\t\t\t\t<div class=\"elementor-widget-container\">\n\t\t\t\t\t<h5 class=\"elementor-heading-title elementor-size-default\">a minha carta de condu\u00e7\u00e3o foi confiscada e agora? <\/h5>\t\t\t\t<\/div>\n\t\t\t\t<\/div>\n\t\t\t\t<div class=\"elementor-element elementor-element-d24e106 elementor-hidden-desktop elementor-hidden-tablet elementor-hidden-mobile elementor-widget elementor-widget-heading\" data-id=\"d24e106\" data-element_type=\"widget\" data-e-type=\"widget\" id=\"seo-word\" data-widget_type=\"heading.default\">\n\t\t\t\t<div class=\"elementor-widget-container\">\n\t\t\t\t\t<h5 class=\"elementor-heading-title elementor-size-default\">queixa carta de condu\u00e7\u00e3o apreendida<\/h5>\t\t\t\t<\/div>\n\t\t\t\t<\/div>\n\t\t\t\t<div class=\"elementor-element elementor-element-4ed80a9 elementor-hidden-desktop elementor-hidden-tablet elementor-hidden-mobile elementor-widget elementor-widget-heading\" data-id=\"4ed80a9\" data-element_type=\"widget\" data-e-type=\"widget\" id=\"seo-word\" data-widget_type=\"heading.default\">\n\t\t\t\t<div class=\"elementor-widget-container\">\n\t\t\t\t\t<h5 class=\"elementor-heading-title elementor-size-default\">carta de condu\u00e7\u00e3o apreendida advogado a minha carta recuperada<\/h5>\t\t\t\t<\/div>\n\t\t\t\t<\/div>\n\t\t\t\t<div class=\"elementor-element elementor-element-e284f31 elementor-hidden-desktop elementor-hidden-tablet elementor-hidden-mobile elementor-widget elementor-widget-heading\" data-id=\"e284f31\" data-element_type=\"widget\" data-e-type=\"widget\" id=\"seo-word\" data-widget_type=\"heading.default\">\n\t\t\t\t<div class=\"elementor-widget-container\">\n\t\t\t\t\t<h5 class=\"elementor-heading-title elementor-size-default\">carta de condu\u00e7\u00e3o confiscada ao procurador processo de recupera\u00e7\u00e3o da carta de condu\u00e7\u00e3o<\/h5>\t\t\t\t<\/div>\n\t\t\t\t<\/div>\n\t\t\t\t<div class=\"elementor-element elementor-element-b533a03 elementor-hidden-desktop elementor-hidden-tablet elementor-hidden-mobile elementor-widget elementor-widget-heading\" data-id=\"b533a03\" data-element_type=\"widget\" data-e-type=\"widget\" id=\"seo-word\" data-widget_type=\"heading.default\">\n\t\t\t\t<div class=\"elementor-widget-container\">\n\t\t\t\t\t<h5 class=\"elementor-heading-title elementor-size-default\">envio de cartas de condu\u00e7\u00e3o pela est\u00e2ncia central<\/h5>\t\t\t\t<\/div>\n\t\t\t\t<\/div>\n\t\t\t\t<div class=\"elementor-element elementor-element-b38fe6f elementor-hidden-desktop elementor-hidden-tablet elementor-hidden-mobile elementor-widget elementor-widget-heading\" data-id=\"b38fe6f\" data-element_type=\"widget\" data-e-type=\"widget\" id=\"seo-word\" data-widget_type=\"heading.default\">\n\t\t\t\t<div class=\"elementor-widget-container\">\n\t\t\t\t\t<h5 class=\"elementor-heading-title elementor-size-default\">advogado direito penal overijssel<\/h5>\t\t\t\t<\/div>\n\t\t\t\t<\/div>\n\t\t\t\t<div class=\"elementor-element elementor-element-43a5ac6 elementor-hidden-desktop elementor-hidden-tablet elementor-hidden-mobile elementor-widget elementor-widget-heading\" data-id=\"43a5ac6\" data-element_type=\"widget\" data-e-type=\"widget\" id=\"seo-word\" data-widget_type=\"heading.default\">\n\t\t\t\t<div class=\"elementor-widget-container\">\n\t\t\t\t\t<h5 class=\"elementor-heading-title elementor-size-default\">advogado direito penal enschede<\/h5>\t\t\t\t<\/div>\n\t\t\t\t<\/div>\n\t\t\t\t<div class=\"elementor-element elementor-element-23051d2 elementor-hidden-desktop elementor-hidden-tablet elementor-hidden-mobile elementor-widget elementor-widget-heading\" data-id=\"23051d2\" data-element_type=\"widget\" data-e-type=\"widget\" id=\"seo-word\" data-widget_type=\"heading.default\">\n\t\t\t\t<div class=\"elementor-widget-container\">\n\t\t\t\t\t<h5 class=\"elementor-heading-title elementor-size-default\">direito penal enschede<\/h5>\t\t\t\t<\/div>\n\t\t\t\t<\/div>\n\t\t\t\t<div class=\"elementor-element elementor-element-471a272 elementor-hidden-desktop elementor-hidden-tablet elementor-hidden-mobile elementor-widget elementor-widget-heading\" data-id=\"471a272\" data-element_type=\"widget\" data-e-type=\"widget\" id=\"seo-word\" data-widget_type=\"heading.default\">\n\t\t\t\t<div class=\"elementor-widget-container\">\n\t\t\t\t\t<h5 class=\"elementor-heading-title elementor-size-default\">advogado criminalista enschede<\/h5>\t\t\t\t<\/div>\n\t\t\t\t<\/div>\n\t\t\t\t<div class=\"elementor-element elementor-element-8332f45 elementor-hidden-desktop elementor-hidden-tablet elementor-hidden-mobile elementor-widget elementor-widget-heading\" data-id=\"8332f45\" data-element_type=\"widget\" data-e-type=\"widget\" id=\"seo-word\" data-widget_type=\"heading.default\">\n\t\t\t\t<div class=\"elementor-widget-container\">\n\t\t\t\t\t<h5 class=\"elementor-heading-title elementor-size-default\">Se estiver em Enschede e precisar de assist\u00eancia jur\u00eddica relativamente \u00e0 condu\u00e7\u00e3o sob o efeito do \u00e1lcool e \u00e0 confisca\u00e7\u00e3o da sua carta de condu\u00e7\u00e3o, pode contar com os advogados criminais da Derbedrosian Criminal Lawyers. Os nossos advogados em Enschede, Overijssel, t\u00eam uma excelente reputa\u00e7\u00e3o e s\u00e3o especialistas em casos criminais.\n\nQuando a sua carta de condu\u00e7\u00e3o foi revogada pelo Minist\u00e9rio P\u00fablico, \u00e9 essencial saber o que fazer. O procedimento relativo a uma carta de condu\u00e7\u00e3o recuperada pode ser complexo. A sua carta de condu\u00e7\u00e3o \u00e9 frequentemente enviada para o Servi\u00e7o Central das Cartas de Condu\u00e7\u00e3o. Neste caso, \u00e9 essencial procurar aconselhamento jur\u00eddico.\n\nOs nossos advogados em Enschede podem aconselh\u00e1-lo e ajud\u00e1-lo no processo de recupera\u00e7\u00e3o da sua carta de condu\u00e7\u00e3o ap\u00f3s o confisco. Se se encontrar nesta situa\u00e7\u00e3o, n\u00e3o hesite em contactar Derbedrosian Criminal Lawyers para obter assist\u00eancia jur\u00eddica profissional.\n\n\n\n\n<\/h5>\t\t\t\t<\/div>\n\t\t\t\t<\/div>\n\t\t\t\t<div class=\"elementor-element elementor-element-83779cf color-scheme-inherit text-left elementor-widget elementor-widget-text-editor\" data-id=\"83779cf\" data-element_type=\"widget\" data-e-type=\"widget\" data-widget_type=\"text-editor.default\">\n\t\t\t\t<div class=\"elementor-widget-container\">\n\t\t\t\t\t\t\t\t\t<p><strong>Carta de condu\u00e7\u00e3o apreendida? Pode ser particularmente inc\u00f3modo se a sua carta de condu\u00e7\u00e3o for confiscada. Como resultado, pode n\u00e3o ser autorizado a conduzir um ve\u00edculo durante um longo per\u00edodo de tempo. Como \u00e9 que isto aconteceu e o que pode fazer para a recuperar o mais rapidamente poss\u00edvel?<\/strong><\/p>\t\t\t\t\t\t\t\t<\/div>\n\t\t\t\t<\/div>\n\t\t\t\t<div class=\"elementor-element elementor-element-a1858b7 elementor-widget elementor-widget-spacer\" data-id=\"a1858b7\" data-element_type=\"widget\" data-e-type=\"widget\" data-widget_type=\"spacer.default\">\n\t\t\t\t<div class=\"elementor-widget-container\">\n\t\t\t\t\t\t\t<div class=\"elementor-spacer\">\n\t\t\t<div class=\"elementor-spacer-inner\"><\/div>\n\t\t<\/div>\n\t\t\t\t\t\t<\/div>\n\t\t\t\t<\/div>\n\t\t\t\t<div class=\"elementor-element elementor-element-e1fc263 elementor-widget elementor-widget-heading\" data-id=\"e1fc263\" data-element_type=\"widget\" data-e-type=\"widget\" data-widget_type=\"heading.default\">\n\t\t\t\t<div class=\"elementor-widget-container\">\n\t\t\t\t\t<h3 class=\"elementor-heading-title elementor-size-default\">O que se entende exatamente por \"carta de condu\u00e7\u00e3o confiscada\"?<\/h3>\t\t\t\t<\/div>\n\t\t\t\t<\/div>\n\t\t\t\t<div class=\"elementor-element elementor-element-d3d5628 color-scheme-inherit text-left elementor-widget elementor-widget-text-editor\" data-id=\"d3d5628\" data-element_type=\"widget\" data-e-type=\"widget\" data-widget_type=\"text-editor.default\">\n\t\t\t\t<div class=\"elementor-widget-container\">\n\t\t\t\t\t\t\t\t\t<p>Quando a carta de condu\u00e7\u00e3o \u00e9 apreendida, o condutor fica temporariamente proibido de conduzir, o que pode dar origem a outras ac\u00e7\u00f5es judiciais, como multas, processos judiciais ou a obriga\u00e7\u00e3o de frequentar um curso antes de recuperar a carta. O objetivo desta medida \u00e9, geralmente, garantir a seguran\u00e7a rodovi\u00e1ria e assegurar que os condutores que infringem as regras de tr\u00e2nsito ou conduzem sob o efeito do \u00e1lcool sejam temporariamente afastados da estrada.<\/p>\t\t\t\t\t\t\t\t<\/div>\n\t\t\t\t<\/div>\n\t\t\t\t<div class=\"elementor-element elementor-element-5114db3 elementor-widget elementor-widget-spacer\" data-id=\"5114db3\" data-element_type=\"widget\" data-e-type=\"widget\" data-widget_type=\"spacer.default\">\n\t\t\t\t<div class=\"elementor-widget-container\">\n\t\t\t\t\t\t\t<div class=\"elementor-spacer\">\n\t\t\t<div class=\"elementor-spacer-inner\"><\/div>\n\t\t<\/div>\n\t\t\t\t\t\t<\/div>\n\t\t\t\t<\/div>\n\t\t\t\t<div class=\"elementor-element elementor-element-8af88ff elementor-widget elementor-widget-heading\" data-id=\"8af88ff\" data-element_type=\"widget\" data-e-type=\"widget\" data-widget_type=\"heading.default\">\n\t\t\t\t<div class=\"elementor-widget-container\">\n\t\t\t\t\t<h3 class=\"elementor-heading-title elementor-size-default\">Motivos para a apreens\u00e3o de provas<\/h3>\t\t\t\t<\/div>\n\t\t\t\t<\/div>\n\t\t\t\t<div class=\"elementor-element elementor-element-82d3e6c color-scheme-inherit text-left elementor-widget elementor-widget-text-editor\" data-id=\"82d3e6c\" data-element_type=\"widget\" data-e-type=\"widget\" data-widget_type=\"text-editor.default\">\n\t\t\t\t<div class=\"elementor-widget-container\">\n\t\t\t\t\t\t\t\t\t<p>A pol\u00edcia pode decidir confiscar a sua carta de condu\u00e7\u00e3o se o seu comportamento representar um risco significativo para a seguran\u00e7a rodovi\u00e1ria. Seguem-se algumas situa\u00e7\u00f5es em que a sua carta de condu\u00e7\u00e3o pode ser confiscada, entre outras:<\/p><ul><li><strong>Consumo de drogas:<\/strong>\u00a0se conduzir sob a influ\u00eancia de drogas e exceder os limites estabelecidos de 50 microgramas de anfetaminas, 3 microgramas de can\u00e1bis, 20 microgramas de morfina ou 10 miligramas de GHB.<\/li><li><strong>Teor alco\u00f3lico:<\/strong>\u00a0quando a taxa de alcoolemia \u00e9 superior a 1,3 promille. Para os condutores inexperientes, o limite \u00e9 de 0,8 promille.<\/li><li><strong>Recusa do teste de alcoolemia:<\/strong>\u00a0quando se recusa a cooperar num teste de alcoolemia, como um teste de baf\u00f3metro ou de sangue.<\/li><li><strong>Condu\u00e7\u00e3o perigosa:<\/strong>\u00a0por comportamentos de condu\u00e7\u00e3o perigosa que ponham em risco a seguran\u00e7a rodovi\u00e1ria.<\/li><li><strong>Excesso de velocidade:<\/strong>\u00a0se conduzir 50 quil\u00f3metros por hora ou mais acima do limite de velocidade aplic\u00e1vel. No caso dos ciclomotores, esta medida aplica-se se exceder 30 quil\u00f3metros por hora ou mais.<\/li><\/ul><p>A apreens\u00e3o da carta de condu\u00e7\u00e3o nestas situa\u00e7\u00f5es destina-se a garantir a seguran\u00e7a rodovi\u00e1ria e a reduzir os riscos para si e para os outros utentes da estrada. \u00c9 importante conduzir de forma respons\u00e1vel e respeitar as regras e regulamentos de tr\u00e2nsito aplic\u00e1veis para evitar problemas com a sua carta de condu\u00e7\u00e3o.<\/p>\t\t\t\t\t\t\t\t<\/div>\n\t\t\t\t<\/div>\n\t\t\t\t<div class=\"elementor-element elementor-element-ff56a78 elementor-widget elementor-widget-spacer\" data-id=\"ff56a78\" data-element_type=\"widget\" data-e-type=\"widget\" data-widget_type=\"spacer.default\">\n\t\t\t\t<div class=\"elementor-widget-container\">\n\t\t\t\t\t\t\t<div class=\"elementor-spacer\">\n\t\t\t<div class=\"elementor-spacer-inner\"><\/div>\n\t\t<\/div>\n\t\t\t\t\t\t<\/div>\n\t\t\t\t<\/div>\n\t\t\t\t<div class=\"elementor-element elementor-element-3ced62d elementor-widget elementor-widget-heading\" data-id=\"3ced62d\" data-element_type=\"widget\" data-e-type=\"widget\" data-widget_type=\"heading.default\">\n\t\t\t\t<div class=\"elementor-widget-container\">\n\t\t\t\t\t<h3 class=\"elementor-heading-title elementor-size-default\">H\u00e1 alguma hip\u00f3tese de recuperar a minha carta de condu\u00e7\u00e3o?  <\/h3>\t\t\t\t<\/div>\n\t\t\t\t<\/div>\n\t\t\t\t<div class=\"elementor-element elementor-element-76aa59e color-scheme-inherit text-left elementor-widget elementor-widget-text-editor\" data-id=\"76aa59e\" data-element_type=\"widget\" data-e-type=\"widget\" data-widget_type=\"text-editor.default\">\n\t\t\t\t<div class=\"elementor-widget-container\">\n\t\t\t\t\t\t\t\t\t<p>\u00c9 importante registar claramente os seguintes pormenores da queixa:<\/p><ul><li><strong>Fundamenta\u00e7\u00e3o da obje\u00e7\u00e3o:<\/strong> O seu pedido deve explicar cuidadosamente as raz\u00f5es pelas quais n\u00e3o concorda com a revoga\u00e7\u00e3o da sua carta de condu\u00e7\u00e3o.<\/li><li><strong>Consequ\u00eancias adicionais:<\/strong> Deve tamb\u00e9m argumentar claramente por que raz\u00e3o a apreens\u00e3o provis\u00f3ria da sua carta de condu\u00e7\u00e3o ter\u00e1 um efeito adicional sobre si, por exemplo, devido a raz\u00f5es m\u00e9dicas, \u00e0 necessidade da sua carta para trabalhar ou a obriga\u00e7\u00f5es sociais.<\/li><li><strong>Data e assinatura:<\/strong> Feche o seu pedido com a data correcta e a sua assinatura para o completar.<\/li><\/ul><p>Um pedido bem fundamentado, que siga estas directrizes, pode ajud\u00e1-lo a recuperar a sua carta de condu\u00e7\u00e3o depois de lhe ter sido apreendida, especialmente por ter conduzido sob o efeito do \u00e1lcool. \u00c9 muito importante levar este processo a s\u00e9rio e fornecer corretamente todas as informa\u00e7\u00f5es necess\u00e1rias para aumentar as suas hip\u00f3teses de sucesso.<\/p>\t\t\t\t\t\t\t\t<\/div>\n\t\t\t\t<\/div>\n\t\t\t\t<div class=\"elementor-element elementor-element-4f7609e elementor-widget elementor-widget-spacer\" data-id=\"4f7609e\" data-element_type=\"widget\" data-e-type=\"widget\" data-widget_type=\"spacer.default\">\n\t\t\t\t<div class=\"elementor-widget-container\">\n\t\t\t\t\t\t\t<div class=\"elementor-spacer\">\n\t\t\t<div class=\"elementor-spacer-inner\"><\/div>\n\t\t<\/div>\n\t\t\t\t\t\t<\/div>\n\t\t\t\t<\/div>\n\t\t\t\t<div class=\"elementor-element elementor-element-14babba elementor-widget elementor-widget-heading\" data-id=\"14babba\" data-element_type=\"widget\" data-e-type=\"widget\" data-widget_type=\"heading.default\">\n\t\t\t\t<div class=\"elementor-widget-container\">\n\t\t\t\t\t<h3 class=\"elementor-heading-title elementor-size-default\">Exonerado<\/h3>\t\t\t\t<\/div>\n\t\t\t\t<\/div>\n\t\t\t\t<div class=\"elementor-element elementor-element-0753ab5 color-scheme-inherit text-left elementor-widget elementor-widget-text-editor\" data-id=\"0753ab5\" data-element_type=\"widget\" data-e-type=\"widget\" data-widget_type=\"text-editor.default\">\n\t\t\t\t<div class=\"elementor-widget-container\">\n\t\t\t\t\t\t\t\t\t<p>Quando serei absolvido?<br \/>Se a sua carta de condu\u00e7\u00e3o foi apreendida e for absolvido pelo juiz, ou se o Minist\u00e9rio P\u00fablico decidir n\u00e3o aplicar uma san\u00e7\u00e3o, tem o direito de solicitar uma indemniza\u00e7\u00e3o. Este pedido diz respeito aos preju\u00edzos financeiros que sofreu por n\u00e3o poder conduzir devido \u00e0 apreens\u00e3o da sua carta de condu\u00e7\u00e3o. Este pedido de indemniza\u00e7\u00e3o tamb\u00e9m ser\u00e1 redigido e apresentado pelo advogado em seu nome.<\/p>\t\t\t\t\t\t\t\t<\/div>\n\t\t\t\t<\/div>\n\t\t\t\t<div class=\"elementor-element elementor-element-22f2d46 elementor-widget elementor-widget-spacer\" data-id=\"22f2d46\" data-element_type=\"widget\" data-e-type=\"widget\" data-widget_type=\"spacer.default\">\n\t\t\t\t<div class=\"elementor-widget-container\">\n\t\t\t\t\t\t\t<div class=\"elementor-spacer\">\n\t\t\t<div class=\"elementor-spacer-inner\"><\/div>\n\t\t<\/div>\n\t\t\t\t\t\t<\/div>\n\t\t\t\t<\/div>\n\t\t\t\t<div class=\"elementor-element elementor-element-22a8b6e elementor-widget elementor-widget-heading\" data-id=\"22a8b6e\" data-element_type=\"widget\" data-e-type=\"widget\" data-widget_type=\"heading.default\">\n\t\t\t\t<div class=\"elementor-widget-container\">\n\t\t\t\t\t<h3 class=\"elementor-heading-title elementor-size-default\">Se a sua carta de condu\u00e7\u00e3o for apreendida, fica com registo criminal?<\/h3>\t\t\t\t<\/div>\n\t\t\t\t<\/div>\n\t\t\t\t<div class=\"elementor-element elementor-element-df51862 color-scheme-inherit text-left elementor-widget elementor-widget-text-editor\" data-id=\"df51862\" data-element_type=\"widget\" data-e-type=\"widget\" data-widget_type=\"text-editor.default\">\n\t\t\t\t<div class=\"elementor-widget-container\">\n\t\t\t\t\t\t\t\t\t<p>N\u00e3o, o facto de a sua carta de condu\u00e7\u00e3o ter sido temporariamente revogada ou retirada n\u00e3o significa automaticamente que ter\u00e1 um registo criminal. A apreens\u00e3o da carta de condu\u00e7\u00e3o \u00e9 geralmente uma medida administrativa tomada devido a infrac\u00e7\u00f5es de tr\u00e2nsito, como condu\u00e7\u00e3o sob o efeito do \u00e1lcool ou excesso de velocidade. Esta medida n\u00e3o afecta diretamente o seu registo criminal.<\/p><p>No entanto, se for condenado por uma infra\u00e7\u00e3o rodovi\u00e1ria grave que resulte na revoga\u00e7\u00e3o da sua carta de condu\u00e7\u00e3o, essa condena\u00e7\u00e3o pode constar do seu registo criminal, dependendo das leis e regulamentos do seu pa\u00eds. O registo criminal resulta normalmente de uma condena\u00e7\u00e3o penal por actividades criminosas e n\u00e3o apenas por infrac\u00e7\u00f5es rodovi\u00e1rias.<\/p>\t\t\t\t\t\t\t\t<\/div>\n\t\t\t\t<\/div>\n\t\t\t\t<div class=\"elementor-element elementor-element-17a54f5 elementor-widget elementor-widget-spacer\" data-id=\"17a54f5\" data-element_type=\"widget\" data-e-type=\"widget\" data-widget_type=\"spacer.default\">\n\t\t\t\t<div class=\"elementor-widget-container\">\n\t\t\t\t\t\t\t<div class=\"elementor-spacer\">\n\t\t\t<div class=\"elementor-spacer-inner\"><\/div>\n\t\t<\/div>\n\t\t\t\t\t\t<\/div>\n\t\t\t\t<\/div>\n\t\t\t\t<div class=\"elementor-element elementor-element-feae0a4 elementor-widget elementor-widget-heading\" data-id=\"feae0a4\" data-element_type=\"widget\" data-e-type=\"widget\" data-widget_type=\"heading.default\">\n\t\t\t\t<div class=\"elementor-widget-container\">\n\t\t\t\t\t<h3 class=\"elementor-heading-title elementor-size-default\">Carta de condu\u00e7\u00e3o apreendida advogado<\/h3>\t\t\t\t<\/div>\n\t\t\t\t<\/div>\n\t\t\t\t<div class=\"elementor-element elementor-element-478a783 color-scheme-inherit text-left elementor-widget elementor-widget-text-editor\" data-id=\"478a783\" data-element_type=\"widget\" data-e-type=\"widget\" data-widget_type=\"text-editor.default\">\n\t\t\t\t<div class=\"elementor-widget-container\">\n\t\t\t\t\t\t\t\t\t<p>A perda da sua carta de condu\u00e7\u00e3o, tempor\u00e1ria ou permanente, pode ter um impacto significativo na sua mobilidade e estilo de vida. Quando a sua carta de condu\u00e7\u00e3o \u00e9 confiscada, \u00e9 essencial procurar aconselhamento jur\u00eddico r\u00e1pido e eficaz.<\/p><p>Se, decorridos os 10 dias, o procurador decidir n\u00e3o conceder a restitui\u00e7\u00e3o apesar do seu pedido, o juiz ouvir\u00e1 a sua queixa, que tamb\u00e9m \u00e9 conhecida pelo procurador numa audi\u00eancia. Nesta, o procurador decidir\u00e1 se concede ou n\u00e3o a restitui\u00e7\u00e3o provis\u00f3ria. Na audi\u00eancia, o juiz decidir\u00e1 se lhe ser\u00e1 restitu\u00edda a carta de condu\u00e7\u00e3o ou n\u00e3o. Se recorrer a um dos nossos advogados especializados em <a href=\"https:\/\/www.derbedrosian.nl\/pt\/jurisdicoes\/direito-penal\/\">direito penal<\/a>A Comiss\u00e3o Europeia, em colabora\u00e7\u00e3o com o seu Diretor-Geral, tentar\u00e1 recuperar a sua carta de condu\u00e7\u00e3o o mais rapidamente poss\u00edvel.<\/p><p>Assim que contactar <a href=\"https:\/\/www.derbedrosian.nl\/pt\/advogados\/\">os nossos advogados<\/a>tomaremos imediatamente medidas para recuperar a sua carta de condu\u00e7\u00e3o.\u00a0<\/p>\t\t\t\t\t\t\t\t<\/div>\n\t\t\t\t<\/div>\n\t\t\t\t\t<\/div>\n\t\t\t\t<\/div>\n\t\t\t\t<\/div>","protected":false},"excerpt":{"rendered":"<p>condu\u00e7\u00e3o sob influ\u00eancia apreens\u00e3o da carta de condu\u00e7\u00e3o apreendida a minha carta de condu\u00e7\u00e3o foi apreendida e agora queixa-se da apreens\u00e3o da carta de condu\u00e7\u00e3o apreendida<\/p>","protected":false},"author":1,"featured_media":0,"parent":10047,"menu_order":0,"comment_status":"closed","ping_status":"closed","template":"","meta":{"footnotes":""},"class_list":["post-10547","page","type-page","status-publish","hentry"],"_links":{"self":[{"href":"https:\/\/www.derbedrosian.nl\/pt\/wp-json\/wp\/v2\/pages\/10547","targetHints":{"allow":["GET"]}}],"collection":[{"href":"https:\/\/www.derbedrosian.nl\/pt\/wp-json\/wp\/v2\/pages"}],"about":[{"href":"https:\/\/www.derbedrosian.nl\/pt\/wp-json\/wp\/v2\/types\/page"}],"author":[{"embeddable":true,"href":"https:\/\/www.derbedrosian.nl\/pt\/wp-json\/wp\/v2\/users\/1"}],"replies":[{"embeddable":true,"href":"https:\/\/www.derbedrosian.nl\/pt\/wp-json\/wp\/v2\/comments?post=10547"}],"version-history":[{"count":0,"href":"https:\/\/www.derbedrosian.nl\/pt\/wp-json\/wp\/v2\/pages\/10547\/revisions"}],"up":[{"embeddable":true,"href":"https:\/\/www.derbedrosian.nl\/pt\/wp-json\/wp\/v2\/pages\/10047"}],"wp:attachment":[{"href":"https:\/\/www.derbedrosian.nl\/pt\/wp-json\/wp\/v2\/media?parent=10547"}],"curies":[{"name":"wp","href":"https:\/\/api.w.org\/{rel}","templated":true}]}}