{"id":10528,"date":"2023-05-26T10:02:17","date_gmt":"2023-05-26T08:02:17","guid":{"rendered":"https:\/\/derbedrosian.nl\/?page_id=10528"},"modified":"2025-12-21T14:40:36","modified_gmt":"2025-12-21T12:40:36","slug":"para-ouvir-a-decisao-sobre-a-sancao","status":"publish","type":"page","link":"https:\/\/www.derbedrosian.nl\/pt\/rechtsgebieden\/strafrecht\/om-zitting-strafbeschikking\/","title":{"rendered":"Audi\u00eancia do Minist\u00e9rio P\u00fablico \/ ordem de puni\u00e7\u00e3o"},"content":{"rendered":"<div data-elementor-type=\"wp-page\" data-elementor-id=\"10528\" class=\"elementor elementor-10528\" data-elementor-post-type=\"page\">\n\t\t\t\t<div class=\"wd-negative-gap elementor-element elementor-element-0b266c1 e-flex e-con-boxed e-con e-parent\" data-id=\"0b266c1\" data-element_type=\"container\" data-e-type=\"container\">\n\t\t\t\t\t<div class=\"e-con-inner\">\n\t\t\t\t<div class=\"elementor-element elementor-element-fe57f7f elementor-hidden-desktop elementor-hidden-tablet elementor-hidden-mobile elementor-widget elementor-widget-wd_image_or_svg\" data-id=\"fe57f7f\" data-element_type=\"widget\" data-e-type=\"widget\" id=\"seo-word\" data-widget_type=\"wd_image_or_svg.default\">\n\t\t\t\t<div class=\"elementor-widget-container\">\n\t\t\t\t\t\n\t\t<div class=\"wd-image text-left\">\n\t\t\t\t\t\t\t\t<img loading=\"lazy\" decoding=\"async\" width=\"1000\" height=\"667\" src=\"https:\/\/www.derbedrosian.nl\/wp-content\/uploads\/rechtsgebied-om-zitting-strafbeschikking.jpg\" class=\"attachment-full size-full\" alt=\"Minist\u00e9rio P\u00fablico audi\u00e7\u00e3o puni\u00e7\u00e3o advogado indemniza\u00e7\u00e3o servi\u00e7o comunit\u00e1rio procurador\" srcset=\"https:\/\/www.derbedrosian.nl\/wp-content\/uploads\/rechtsgebied-om-zitting-strafbeschikking.jpg 1000w, https:\/\/www.derbedrosian.nl\/wp-content\/uploads\/rechtsgebied-om-zitting-strafbeschikking-400x267.jpg 400w, https:\/\/www.derbedrosian.nl\/wp-content\/uploads\/rechtsgebied-om-zitting-strafbeschikking-768x512.jpg 768w\" sizes=\"auto, (max-width: 1000px) 100vw, 1000px\" title=\"\">\t\t\t\t\t<\/div>\n\n\t\t\t\t\t\t<\/div>\n\t\t\t\t<\/div>\n\t\t\t\t<div class=\"elementor-element elementor-element-99bc5a8 elementor-hidden-desktop elementor-hidden-tablet elementor-hidden-mobile elementor-widget elementor-widget-heading\" data-id=\"99bc5a8\" data-element_type=\"widget\" data-e-type=\"widget\" id=\"seo-word\" data-widget_type=\"heading.default\">\n\t\t\t\t<div class=\"elementor-widget-container\">\n\t\t\t\t\t<h2 class=\"elementor-heading-title elementor-size-default\">puni\u00e7\u00e3o<\/h2>\t\t\t\t<\/div>\n\t\t\t\t<\/div>\n\t\t\t\t<div class=\"elementor-element elementor-element-6bf90c9 elementor-hidden-desktop elementor-hidden-tablet elementor-hidden-mobile elementor-widget elementor-widget-heading\" data-id=\"6bf90c9\" data-element_type=\"widget\" data-e-type=\"widget\" id=\"seo-word\" data-widget_type=\"heading.default\">\n\t\t\t\t<div class=\"elementor-widget-container\">\n\t\t\t\t\t<h5 class=\"elementor-heading-title elementor-size-default\">advogado de condena\u00e7\u00f5es penais<\/h5>\t\t\t\t<\/div>\n\t\t\t\t<\/div>\n\t\t\t\t<div class=\"elementor-element elementor-element-bf79948 elementor-hidden-desktop elementor-hidden-tablet elementor-hidden-mobile elementor-widget elementor-widget-heading\" data-id=\"bf79948\" data-element_type=\"widget\" data-e-type=\"widget\" id=\"seo-word\" data-widget_type=\"heading.default\">\n\t\t\t\t<div class=\"elementor-widget-container\">\n\t\t\t\t\t<h5 class=\"elementor-heading-title elementor-size-default\">registo criminal<\/h5>\t\t\t\t<\/div>\n\t\t\t\t<\/div>\n\t\t\t\t<div class=\"elementor-element elementor-element-9f71664 elementor-hidden-desktop elementor-hidden-tablet elementor-hidden-mobile elementor-widget elementor-widget-heading\" data-id=\"9f71664\" data-element_type=\"widget\" data-e-type=\"widget\" id=\"seo-word\" data-widget_type=\"heading.default\">\n\t\t\t\t<div class=\"elementor-widget-container\">\n\t\t\t\t\t<h5 class=\"elementor-heading-title elementor-size-default\">disposi\u00e7\u00e3o penal <\/h5>\t\t\t\t<\/div>\n\t\t\t\t<\/div>\n\t\t\t\t<div class=\"elementor-element elementor-element-910a13e elementor-hidden-desktop elementor-hidden-tablet elementor-hidden-mobile elementor-widget elementor-widget-heading\" data-id=\"910a13e\" data-element_type=\"widget\" data-e-type=\"widget\" id=\"seo-word\" data-widget_type=\"heading.default\">\n\t\t\t\t<div class=\"elementor-widget-container\">\n\t\t\t\t\t<h5 class=\"elementor-heading-title elementor-size-default\">advogado criminalista enschede<\/h5>\t\t\t\t<\/div>\n\t\t\t\t<\/div>\n\t\t\t\t<div class=\"elementor-element elementor-element-782b207 elementor-hidden-desktop elementor-hidden-tablet elementor-hidden-mobile elementor-widget elementor-widget-heading\" data-id=\"782b207\" data-element_type=\"widget\" data-e-type=\"widget\" id=\"seo-word\" data-widget_type=\"heading.default\">\n\t\t\t\t<div class=\"elementor-widget-container\">\n\t\t\t\t\t<h5 class=\"elementor-heading-title elementor-size-default\">advogado direito penal enschede<\/h5>\t\t\t\t<\/div>\n\t\t\t\t<\/div>\n\t\t\t\t<div class=\"elementor-element elementor-element-35e004e elementor-hidden-desktop elementor-hidden-tablet elementor-hidden-mobile elementor-widget elementor-widget-heading\" data-id=\"35e004e\" data-element_type=\"widget\" data-e-type=\"widget\" id=\"seo-word\" data-widget_type=\"heading.default\">\n\t\t\t\t<div class=\"elementor-widget-container\">\n\t\t\t\t\t<h5 class=\"elementor-heading-title elementor-size-default\">direito penal enschede<\/h5>\t\t\t\t<\/div>\n\t\t\t\t<\/div>\n\t\t\t\t<div class=\"elementor-element elementor-element-7a93bac elementor-hidden-desktop elementor-hidden-tablet elementor-hidden-mobile elementor-widget elementor-widget-heading\" data-id=\"7a93bac\" data-element_type=\"widget\" data-e-type=\"widget\" id=\"seo-word\" data-widget_type=\"heading.default\">\n\t\t\t\t<div class=\"elementor-widget-container\">\n\t\t\t\t\t<h5 class=\"elementor-heading-title elementor-size-default\">advogado direito penal overijssel<\/h5>\t\t\t\t<\/div>\n\t\t\t\t<\/div>\n\t\t\t\t<div class=\"elementor-element elementor-element-1e463a4 elementor-hidden-desktop elementor-hidden-tablet elementor-hidden-mobile elementor-widget elementor-widget-heading\" data-id=\"1e463a4\" data-element_type=\"widget\" data-e-type=\"widget\" id=\"seo-word\" data-widget_type=\"heading.default\">\n\t\t\t\t<div class=\"elementor-widget-container\">\n\t\t\t\t\t<h5 class=\"elementor-heading-title elementor-size-default\">Minist\u00e9rio P\u00fablico distrital Minist\u00e9rio P\u00fablico casa de seguran\u00e7a o que \u00e9 uma audi\u00eancia de convers\u00e3o para uma audi\u00eancia de convers\u00e3o<\/h5>\t\t\t\t<\/div>\n\t\t\t\t<\/div>\n\t\t\t\t<div class=\"elementor-element elementor-element-60a8f6c elementor-hidden-desktop elementor-hidden-tablet elementor-hidden-mobile elementor-widget elementor-widget-heading\" data-id=\"60a8f6c\" data-element_type=\"widget\" data-e-type=\"widget\" id=\"seo-word\" data-widget_type=\"heading.default\">\n\t\t\t\t<div class=\"elementor-widget-container\">\n\t\t\t\t\t<h5 class=\"elementor-heading-title elementor-size-default\">acordo penal o que \u00e9 uma sess\u00e3o om quando<\/h5>\t\t\t\t<\/div>\n\t\t\t\t<\/div>\n\t\t\t\t<div class=\"elementor-element elementor-element-a4fa625 color-scheme-inherit text-left elementor-widget elementor-widget-text-editor\" data-id=\"a4fa625\" data-element_type=\"widget\" data-e-type=\"widget\" data-widget_type=\"text-editor.default\">\n\t\t\t\t<div class=\"elementor-widget-container\">\n\t\t\t\t\t\t\t\t\t<p><strong>Nos Pa\u00edses Baixos, a audi\u00eancia OM \/ ordem de puni\u00e7\u00e3o desempenha um papel importante no processo de justi\u00e7a penal. Este procedimento permite que os arguidos resolvam determinados casos sem terem de comparecer em tribunal. A a\u00e7\u00e3o penal \u00e9 intentada por um magistrado do Minist\u00e9rio P\u00fablico. Neste texto, explicaremos o que \u00e9 uma audi\u00eancia do Minist\u00e9rio P\u00fablico, como funciona e quais as consequ\u00eancias para as pessoas envolvidas.<\/strong><\/p>\t\t\t\t\t\t\t\t<\/div>\n\t\t\t\t<\/div>\n\t\t\t\t<div class=\"elementor-element elementor-element-5690a34 elementor-widget elementor-widget-spacer\" data-id=\"5690a34\" data-element_type=\"widget\" data-e-type=\"widget\" data-widget_type=\"spacer.default\">\n\t\t\t\t<div class=\"elementor-widget-container\">\n\t\t\t\t\t\t\t<div class=\"elementor-spacer\">\n\t\t\t<div class=\"elementor-spacer-inner\"><\/div>\n\t\t<\/div>\n\t\t\t\t\t\t<\/div>\n\t\t\t\t<\/div>\n\t\t\t\t<div class=\"elementor-element elementor-element-9601cdf elementor-widget elementor-widget-heading\" data-id=\"9601cdf\" data-element_type=\"widget\" data-e-type=\"widget\" data-widget_type=\"heading.default\">\n\t\t\t\t<div class=\"elementor-widget-container\">\n\t\t\t\t\t<h3 class=\"elementor-heading-title elementor-size-default\">O que \u00e9 uma audi\u00e7\u00e3o OM\/ordem de castigo?\n<\/h3>\t\t\t\t<\/div>\n\t\t\t\t<\/div>\n\t\t\t\t<div class=\"elementor-element elementor-element-21b2bb4 color-scheme-inherit text-left elementor-widget elementor-widget-text-editor\" data-id=\"21b2bb4\" data-element_type=\"widget\" data-e-type=\"widget\" data-widget_type=\"text-editor.default\">\n\t\t\t\t<div class=\"elementor-widget-container\">\n\t\t\t\t\t\t\t\t\t<p>Uma audi\u00eancia da OM, tamb\u00e9m conhecida como ordem de puni\u00e7\u00e3o, \u00e9 um procedimento legal em que o arguido se re\u00fane com o Minist\u00e9rio P\u00fablico para discutir<\/p><p>Numa transa\u00e7\u00e3o punitiva, o caso \u00e9 resolvido sem a presen\u00e7a de um juiz. Este processo \u00e9 normalmente utilizado em casos de infrac\u00e7\u00f5es menores, em que o Minist\u00e9rio P\u00fablico considera que uma ordem punitiva \u00e9 adequada. Neste artigo, analisaremos mais detalhadamente o que implica uma audi\u00eancia de OM ou uma ordem de senten\u00e7a, o que acontece durante essa audi\u00eancia e como afecta o seu registo criminal.<\/p><p>Atualmente, o Minist\u00e9rio P\u00fablico pode enviar-lhe uma carta a pedir-lhe que compare\u00e7a numa entrevista, que se chama audi\u00eancia de OM. A carta diz que est\u00e3o a considerar a possibilidade de o condenar. Antes de o fazer, querem falar consigo primeiro. Essa senten\u00e7a chama-se ordem de castigo e pode conter v\u00e1rias coisas, tais como multas ou regras que tem de cumprir. O Minist\u00e9rio P\u00fablico tem de falar consigo antes de impor este castigo. Se concordar com a decis\u00e3o de castigo, n\u00e3o tem de ir a tribunal.<\/p><p>\u00c9 importante notar que, se recebeu uma intima\u00e7\u00e3o para uma audi\u00eancia\/ordem de puni\u00e7\u00e3o da OM, \u00e9 aconselh\u00e1vel contactar imediatamente um advogado. Um advogado pode aconselh\u00e1-lo sobre os seus direitos e op\u00e7\u00f5es e ajud\u00e1-lo durante o processo.<\/p>\t\t\t\t\t\t\t\t<\/div>\n\t\t\t\t<\/div>\n\t\t\t\t<div class=\"elementor-element elementor-element-222306a elementor-widget elementor-widget-spacer\" data-id=\"222306a\" data-element_type=\"widget\" data-e-type=\"widget\" data-widget_type=\"spacer.default\">\n\t\t\t\t<div class=\"elementor-widget-container\">\n\t\t\t\t\t\t\t<div class=\"elementor-spacer\">\n\t\t\t<div class=\"elementor-spacer-inner\"><\/div>\n\t\t<\/div>\n\t\t\t\t\t\t<\/div>\n\t\t\t\t<\/div>\n\t\t\t\t<div class=\"elementor-element elementor-element-d23d450 elementor-widget elementor-widget-heading\" data-id=\"d23d450\" data-element_type=\"widget\" data-e-type=\"widget\" data-widget_type=\"heading.default\">\n\t\t\t\t<div class=\"elementor-widget-container\">\n\t\t\t\t\t<h3 class=\"elementor-heading-title elementor-size-default\">Registo criminal ap\u00f3s a audi\u00eancia da OM \/ ordem de puni\u00e7\u00e3o?\n<\/h3>\t\t\t\t<\/div>\n\t\t\t\t<\/div>\n\t\t\t\t<div class=\"elementor-element elementor-element-54e17cc color-scheme-inherit text-left elementor-widget elementor-widget-text-editor\" data-id=\"54e17cc\" data-element_type=\"widget\" data-e-type=\"widget\" data-widget_type=\"text-editor.default\">\n\t\t\t\t<div class=\"elementor-widget-container\">\n\t\t\t\t\t\t\t\t\t<p><span style=\"font-size: 17.6px;\">Se aceitar uma condena\u00e7\u00e3o penal, isso significa que receber\u00e1 uma anota\u00e7\u00e3o na sua documenta\u00e7\u00e3o judicial. Este documento \u00e9 tamb\u00e9m conhecido como registo criminal. A sua culpabilidade fica assim estabelecida. Se tiver um registo criminal, isso pode causar problemas, por exemplo, na candidatura a um VOG (Certificado de Boa Conduta), que muitas vezes \u00e9 necess\u00e1rio para um novo emprego. Por isso, \u00e9 importante que esteja ciente deste facto.\u00a0<\/span><\/p><p><span style=\"font-size: 17.6px;\">No entanto, \u00e9 frequente as pessoas aceitarem a ordem de puni\u00e7\u00e3o imposta, pois, caso contr\u00e1rio, podem esperar uma senten\u00e7a mais elevada numa audi\u00eancia. N\u00e3o \u00e9 esse o caso. O que \u00e9 ainda menos comum \u00e9 uma senten\u00e7a imposta pelo tribunal que seja mais elevada do que a senten\u00e7a inicial. Na maioria dos casos, o juiz impor-lhe-\u00e1 uma pena muito inferior \u00e0 do Minist\u00e9rio P\u00fablico, o que se deve ao facto de as directrizes do Minist\u00e9rio da Justi\u00e7a serem mais rigorosas do que as do juiz. Nalguns casos, pode mesmo ser absolvido pelo juiz.<\/span><span style=\"font-size: 17.6px; letter-spacing: var( --e-global-typography-text-letter-spacing ); text-transform: var( --e-global-typography-text-text-transform ); word-spacing: var( --e-global-typography-text-word-spacing ); color: var(--wd-text-color);\">\u00a0<\/span><\/p>\t\t\t\t\t\t\t\t<\/div>\n\t\t\t\t<\/div>\n\t\t\t\t<div class=\"elementor-element elementor-element-6015f4e elementor-widget elementor-widget-spacer\" data-id=\"6015f4e\" data-element_type=\"widget\" data-e-type=\"widget\" data-widget_type=\"spacer.default\">\n\t\t\t\t<div class=\"elementor-widget-container\">\n\t\t\t\t\t\t\t<div class=\"elementor-spacer\">\n\t\t\t<div class=\"elementor-spacer-inner\"><\/div>\n\t\t<\/div>\n\t\t\t\t\t\t<\/div>\n\t\t\t\t<\/div>\n\t\t\t\t<div class=\"elementor-element elementor-element-0d14e04 elementor-widget elementor-widget-heading\" data-id=\"0d14e04\" data-element_type=\"widget\" data-e-type=\"widget\" data-widget_type=\"heading.default\">\n\t\t\t\t<div class=\"elementor-widget-container\">\n\t\t\t\t\t<h3 class=\"elementor-heading-title elementor-size-default\">San\u00e7\u00f5es Audi\u00e7\u00e3o da OM<\/h3>\t\t\t\t<\/div>\n\t\t\t\t<\/div>\n\t\t\t\t<div class=\"elementor-element elementor-element-6f99a2f color-scheme-inherit text-left elementor-widget elementor-widget-text-editor\" data-id=\"6f99a2f\" data-element_type=\"widget\" data-e-type=\"widget\" data-widget_type=\"text-editor.default\">\n\t\t\t\t<div class=\"elementor-widget-container\">\n\t\t\t\t\t\t\t\t\t<p>Durante a audi\u00e7\u00e3o da OM, podem ser aplicadas v\u00e1rias san\u00e7\u00f5es e medidas, consoante a natureza do caso e as circunst\u00e2ncias.<\/p><p>Segue-se um resumo das poss\u00edveis san\u00e7\u00f5es que podem ser impostas durante uma audi\u00e7\u00e3o da OM:<\/p><ul><li><a href=\"https:\/\/www.derbedrosian.nl\/pt\/jurisdicoes\/direito-penal\/carta-de-conducao-apreendida\/\"><strong>Proibi\u00e7\u00e3o de conduzir:<\/strong> <\/a>Uma das san\u00e7\u00f5es poss\u00edveis \u00e9 a proibi\u00e7\u00e3o de conduzir um ve\u00edculo, que pode ir de alguns meses a seis meses. Esta pena pode ser imposta se o arguido tiver estado envolvido em infrac\u00e7\u00f5es rodovi\u00e1rias ou acidentes de via\u00e7\u00e3o graves.<\/li><li><a href=\"https:\/\/www.derbedrosian.nl\/pt\/jurisdicoes\/direito-penal\/conversao-do-servico-comunitario\/\"><strong>servi\u00e7o comunit\u00e1rio:<\/strong><\/a> A presta\u00e7\u00e3o de servi\u00e7os \u00e0 comunidade \u00e9 tamb\u00e9m uma das op\u00e7\u00f5es poss\u00edveis durante a audi\u00eancia do Minist\u00e9rio P\u00fablico. Esta pena inclui a realiza\u00e7\u00e3o de trabalho n\u00e3o remunerado em benef\u00edcio da sociedade. A dura\u00e7\u00e3o do servi\u00e7o comunit\u00e1rio pode ir at\u00e9 180 horas, dependendo da gravidade da infra\u00e7\u00e3o.<\/li><li><strong>Remunera\u00e7\u00e3o:<\/strong> As v\u00edtimas de infrac\u00e7\u00f5es penais t\u00eam direito a uma indemniza\u00e7\u00e3o pelos danos sofridos. No decurso de uma audi\u00eancia do Minist\u00e9rio P\u00fablico, este pode impor ao arguido uma indemniza\u00e7\u00e3o no \u00e2mbito da condena\u00e7\u00e3o. Esta indemniza\u00e7\u00e3o destina-se a compensar os danos materiais e imateriais sofridos pela v\u00edtima.<\/li><li><strong>Indicador de comportamento:<\/strong> outra medida que pode ser imposta \u00e9 uma ordem de comportamento. Esta pode incluir, por exemplo, uma ordem de restri\u00e7\u00e3o que pro\u00edba o arguido de contactar determinadas pessoas ou de se deslocar a determinados locais. O objetivo de uma ordem de conduta \u00e9 evitar a repeti\u00e7\u00e3o do comportamento criminoso e proteger a sociedade.<\/li><li><strong>Combina\u00e7\u00e3o de san\u00e7\u00f5es:\u00a0<\/strong>nalguns casos, o procurador pode optar por aplicar uma combina\u00e7\u00e3o das penas acima referidas. Tal pode depender da gravidade do caso e das circunst\u00e2ncias pessoais do arguido. Uma combina\u00e7\u00e3o de penas pode ser uma forma eficaz de fazer justi\u00e7a a uma situa\u00e7\u00e3o espec\u00edfica.<\/li><\/ul><p>\u00c9 importante notar que, durante uma audi\u00eancia de OM, o procurador pondera cuidadosamente quais as puni\u00e7\u00f5es e medidas adequadas, tendo em conta a lei e os interesses do arguido e da v\u00edtima.<\/p>\t\t\t\t\t\t\t\t<\/div>\n\t\t\t\t<\/div>\n\t\t\t\t<div class=\"elementor-element elementor-element-eea6c26 elementor-widget elementor-widget-spacer\" data-id=\"eea6c26\" data-element_type=\"widget\" data-e-type=\"widget\" data-widget_type=\"spacer.default\">\n\t\t\t\t<div class=\"elementor-widget-container\">\n\t\t\t\t\t\t\t<div class=\"elementor-spacer\">\n\t\t\t<div class=\"elementor-spacer-inner\"><\/div>\n\t\t<\/div>\n\t\t\t\t\t\t<\/div>\n\t\t\t\t<\/div>\n\t\t\t\t<div class=\"elementor-element elementor-element-7d79924 elementor-widget elementor-widget-heading\" data-id=\"7d79924\" data-element_type=\"widget\" data-e-type=\"widget\" data-widget_type=\"heading.default\">\n\t\t\t\t<div class=\"elementor-widget-container\">\n\t\t\t\t\t<h3 class=\"elementor-heading-title elementor-size-default\">Defesa da condena\u00e7\u00e3o penal<\/h3>\t\t\t\t<\/div>\n\t\t\t\t<\/div>\n\t\t\t\t<div class=\"elementor-element elementor-element-9418306 color-scheme-inherit text-left elementor-widget elementor-widget-text-editor\" data-id=\"9418306\" data-element_type=\"widget\" data-e-type=\"widget\" data-widget_type=\"text-editor.default\">\n\t\t\t\t<div class=\"elementor-widget-container\">\n\t\t\t\t\t\t\t\t\t<p>Se, mais tarde, considerar que a san\u00e7\u00e3o \u00e9 demasiado severa ou se acreditar que est\u00e1 inocente, tem a possibilidade de apresentar uma oposi\u00e7\u00e3o no prazo de 14 dias ap\u00f3s a imposi\u00e7\u00e3o da san\u00e7\u00e3o. No ato de oposi\u00e7\u00e3o, deve explicar por que raz\u00e3o n\u00e3o concorda com a decis\u00e3o imposta. Se apresentar uma obje\u00e7\u00e3o, a ordem de puni\u00e7\u00e3o n\u00e3o pode ser executada imediatamente. O Minist\u00e9rio P\u00fablico deve ent\u00e3o remeter o caso para o tribunal. Note-se que a contesta\u00e7\u00e3o de uma decis\u00e3o de san\u00e7\u00e3o deve ser apresentada no prazo de 2 semanas.<\/p><p>Se chegar atrasado, presume-se automaticamente que est\u00e1 a admitir a culpa e a ordem de castigo torna-se definitiva. Por isso, seja pontual se quiser mudar alguma coisa!<\/p>\t\t\t\t\t\t\t\t<\/div>\n\t\t\t\t<\/div>\n\t\t\t\t<div class=\"elementor-element elementor-element-38a01e9 elementor-widget elementor-widget-spacer\" data-id=\"38a01e9\" data-element_type=\"widget\" data-e-type=\"widget\" data-widget_type=\"spacer.default\">\n\t\t\t\t<div class=\"elementor-widget-container\">\n\t\t\t\t\t\t\t<div class=\"elementor-spacer\">\n\t\t\t<div class=\"elementor-spacer-inner\"><\/div>\n\t\t<\/div>\n\t\t\t\t\t\t<\/div>\n\t\t\t\t<\/div>\n\t\t\t\t<div class=\"elementor-element elementor-element-bb45b56 elementor-widget elementor-widget-heading\" data-id=\"bb45b56\" data-element_type=\"widget\" data-e-type=\"widget\" data-widget_type=\"heading.default\">\n\t\t\t\t<div class=\"elementor-widget-container\">\n\t\t\t\t\t<h3 class=\"elementor-heading-title elementor-size-default\">Audi\u00eancia de acusa\u00e7\u00e3o\/advogado de instru\u00e7\u00e3o<\/h3>\t\t\t\t<\/div>\n\t\t\t\t<\/div>\n\t\t\t\t<div class=\"elementor-element elementor-element-6d21cb2 color-scheme-inherit text-left elementor-widget elementor-widget-text-editor\" data-id=\"6d21cb2\" data-element_type=\"widget\" data-e-type=\"widget\" data-widget_type=\"text-editor.default\">\n\t\t\t\t<div class=\"elementor-widget-container\">\n\t\t\t\t\t\t\t\t\t<p>A aceita\u00e7\u00e3o de uma condena\u00e7\u00e3o penal pode afetar o seu registo criminal, o que pode causar problemas ao solicitar um Certificado de Boa Conduta (VOG). Al\u00e9m disso, as inscri\u00e7\u00f5es no seu registo criminal podem afetar as suas possibilidades de conseguir um emprego ou um est\u00e1gio. Por conseguinte, \u00e9 fundamental procurar aconselhamento jur\u00eddico especializado.<\/p><p>Os advogados da Derbedrosian Law Firm compreendem a complexidade deste processo e sabem como defender o seu caso. Se recebeu uma intima\u00e7\u00e3o para uma audi\u00eancia da OM ou uma acusa\u00e7\u00e3o criminal, n\u00e3o hesite em contactar-nos. <a href=\"https:\/\/www.derbedrosian.nl\/pt\/advogados\/\">Os nossos advogados experientes<\/a> pode orient\u00e1-lo, aconselh\u00e1-lo sobre os seus direitos e ajud\u00e1-lo a tomar as melhores medidas para defender o seu caso e minimizar as poss\u00edveis consequ\u00eancias no seu registo criminal.<\/p><p>N\u00e3o est\u00e1 sozinho e estamos aqui para o apoiar nesta quest\u00e3o jur\u00eddica.<\/p>\t\t\t\t\t\t\t\t<\/div>\n\t\t\t\t<\/div>\n\t\t\t\t\t<\/div>\n\t\t\t\t<\/div>\n\t\t\t\t<\/div>","protected":false},"excerpt":{"rendered":"<p>senten\u00e7a penal senten\u00e7a penal advogado cadastro criminal senten\u00e7a penal determina\u00e7\u00e3o da pena advogado criminalista em Enschede advogado criminalista em Enschede direito penal em Enschede advogado criminalista em Overijssel Minist\u00e9rio P\u00fablico Minist\u00e9rio P\u00fablico distrital casa de seguran\u00e7a<\/p>","protected":false},"author":1,"featured_media":0,"parent":10047,"menu_order":0,"comment_status":"closed","ping_status":"closed","template":"","meta":{"footnotes":""},"class_list":["post-10528","page","type-page","status-publish","hentry"],"_links":{"self":[{"href":"https:\/\/www.derbedrosian.nl\/pt\/wp-json\/wp\/v2\/pages\/10528","targetHints":{"allow":["GET"]}}],"collection":[{"href":"https:\/\/www.derbedrosian.nl\/pt\/wp-json\/wp\/v2\/pages"}],"about":[{"href":"https:\/\/www.derbedrosian.nl\/pt\/wp-json\/wp\/v2\/types\/page"}],"author":[{"embeddable":true,"href":"https:\/\/www.derbedrosian.nl\/pt\/wp-json\/wp\/v2\/users\/1"}],"replies":[{"embeddable":true,"href":"https:\/\/www.derbedrosian.nl\/pt\/wp-json\/wp\/v2\/comments?post=10528"}],"version-history":[{"count":0,"href":"https:\/\/www.derbedrosian.nl\/pt\/wp-json\/wp\/v2\/pages\/10528\/revisions"}],"up":[{"embeddable":true,"href":"https:\/\/www.derbedrosian.nl\/pt\/wp-json\/wp\/v2\/pages\/10047"}],"wp:attachment":[{"href":"https:\/\/www.derbedrosian.nl\/pt\/wp-json\/wp\/v2\/media?parent=10528"}],"curies":[{"name":"wp","href":"https:\/\/api.w.org\/{rel}","templated":true}]}}