{"id":10507,"date":"2023-05-25T16:50:17","date_gmt":"2023-05-25T14:50:17","guid":{"rendered":"https:\/\/derbedrosian.nl\/?page_id=10507"},"modified":"2025-12-20T18:21:53","modified_gmt":"2025-12-20T16:21:53","slug":"bens-apreendidos","status":"publish","type":"page","link":"https:\/\/www.derbedrosian.nl\/pt\/rechtsgebieden\/strafrecht\/in-beslag-genomen-goederen\/","title":{"rendered":"Bens confiscados"},"content":{"rendered":"<div data-elementor-type=\"wp-page\" data-elementor-id=\"10507\" class=\"elementor elementor-10507\" data-elementor-post-type=\"page\">\n\t\t\t\t<div class=\"wd-negative-gap elementor-element elementor-element-b747771 e-flex e-con-boxed e-con e-parent\" data-id=\"b747771\" data-element_type=\"container\" data-e-type=\"container\">\n\t\t\t\t\t<div class=\"e-con-inner\">\n\t\t\t\t<div class=\"elementor-element elementor-element-b41868c elementor-hidden-desktop elementor-hidden-tablet elementor-hidden-mobile elementor-widget elementor-widget-wd_image_or_svg\" data-id=\"b41868c\" data-element_type=\"widget\" data-e-type=\"widget\" id=\"seo-word\" data-widget_type=\"wd_image_or_svg.default\">\n\t\t\t\t<div class=\"elementor-widget-container\">\n\t\t\t\t\t\n\t\t<div class=\"wd-image text-left\">\n\t\t\t\t\t\t\t\t<img loading=\"lazy\" decoding=\"async\" width=\"1000\" height=\"667\" src=\"https:\/\/www.derbedrosian.nl\/wp-content\/uploads\/rechtsgebied-in-beslag-genomen-goederen.jpg\" class=\"attachment-full size-full\" alt=\"bens confiscados pol\u00edcia recupera\u00e7\u00e3o advogado\" srcset=\"https:\/\/www.derbedrosian.nl\/wp-content\/uploads\/rechtsgebied-in-beslag-genomen-goederen.jpg 1000w, https:\/\/www.derbedrosian.nl\/wp-content\/uploads\/rechtsgebied-in-beslag-genomen-goederen-400x267.jpg 400w, https:\/\/www.derbedrosian.nl\/wp-content\/uploads\/rechtsgebied-in-beslag-genomen-goederen-768x512.jpg 768w\" sizes=\"auto, (max-width: 1000px) 100vw, 1000px\" title=\"\">\t\t\t\t\t<\/div>\n\n\t\t\t\t\t\t<\/div>\n\t\t\t\t<\/div>\n\t\t\t\t<div class=\"elementor-element elementor-element-dfeeedc elementor-hidden-desktop elementor-hidden-tablet elementor-hidden-mobile elementor-widget elementor-widget-heading\" data-id=\"dfeeedc\" data-element_type=\"widget\" data-e-type=\"widget\" id=\"seo-word\" data-widget_type=\"heading.default\">\n\t\t\t\t<div class=\"elementor-widget-container\">\n\t\t\t\t\t<h2 class=\"elementor-heading-title elementor-size-default\">mercadorias apreendidas<\/h2>\t\t\t\t<\/div>\n\t\t\t\t<\/div>\n\t\t\t\t<div class=\"elementor-element elementor-element-fbda500 elementor-hidden-desktop elementor-hidden-tablet elementor-hidden-mobile elementor-widget elementor-widget-heading\" data-id=\"fbda500\" data-element_type=\"widget\" data-e-type=\"widget\" id=\"seo-word\" data-widget_type=\"heading.default\">\n\t\t\t\t<div class=\"elementor-widget-container\">\n\t\t\t\t\t<h5 class=\"elementor-heading-title elementor-size-default\">recuperar bens apreendidos <\/h5>\t\t\t\t<\/div>\n\t\t\t\t<\/div>\n\t\t\t\t<div class=\"elementor-element elementor-element-7d2ca9a elementor-hidden-desktop elementor-hidden-tablet elementor-hidden-mobile elementor-widget elementor-widget-heading\" data-id=\"7d2ca9a\" data-element_type=\"widget\" data-e-type=\"widget\" id=\"seo-word\" data-widget_type=\"heading.default\">\n\t\t\t\t<div class=\"elementor-widget-container\">\n\t\t\t\t\t<h5 class=\"elementor-heading-title elementor-size-default\">recuperar bens confiscados pol\u00edcia <\/h5>\t\t\t\t<\/div>\n\t\t\t\t<\/div>\n\t\t\t\t<div class=\"elementor-element elementor-element-e299bc3 elementor-hidden-desktop elementor-hidden-tablet elementor-hidden-mobile elementor-widget elementor-widget-heading\" data-id=\"e299bc3\" data-element_type=\"widget\" data-e-type=\"widget\" id=\"seo-word\" data-widget_type=\"heading.default\">\n\t\t\t\t<div class=\"elementor-widget-container\">\n\t\t\t\t\t<h5 class=\"elementor-heading-title elementor-size-default\">advogado de bens apreendidos<\/h5>\t\t\t\t<\/div>\n\t\t\t\t<\/div>\n\t\t\t\t<div class=\"elementor-element elementor-element-b77bbd9 elementor-hidden-desktop elementor-hidden-tablet elementor-hidden-mobile elementor-widget elementor-widget-heading\" data-id=\"b77bbd9\" data-element_type=\"widget\" data-e-type=\"widget\" id=\"seo-word\" data-widget_type=\"heading.default\">\n\t\t\t\t<div class=\"elementor-widget-container\">\n\t\t\t\t\t<h5 class=\"elementor-heading-title elementor-size-default\">carro de apreens\u00e3o<\/h5>\t\t\t\t<\/div>\n\t\t\t\t<\/div>\n\t\t\t\t<div class=\"elementor-element elementor-element-879421c elementor-hidden-desktop elementor-hidden-tablet elementor-hidden-mobile elementor-widget elementor-widget-heading\" data-id=\"879421c\" data-element_type=\"widget\" data-e-type=\"widget\" id=\"seo-word\" data-widget_type=\"heading.default\">\n\t\t\t\t<div class=\"elementor-widget-container\">\n\t\t\t\t\t<h5 class=\"elementor-heading-title elementor-size-default\">advogado direito penal overijssel<\/h5>\t\t\t\t<\/div>\n\t\t\t\t<\/div>\n\t\t\t\t<div class=\"elementor-element elementor-element-f3497a8 elementor-hidden-desktop elementor-hidden-tablet elementor-hidden-mobile elementor-widget elementor-widget-heading\" data-id=\"f3497a8\" data-element_type=\"widget\" data-e-type=\"widget\" id=\"seo-word\" data-widget_type=\"heading.default\">\n\t\t\t\t<div class=\"elementor-widget-container\">\n\t\t\t\t\t<h5 class=\"elementor-heading-title elementor-size-default\">advogado direito penal enschede<\/h5>\t\t\t\t<\/div>\n\t\t\t\t<\/div>\n\t\t\t\t<div class=\"elementor-element elementor-element-1fc277a elementor-hidden-desktop elementor-hidden-tablet elementor-hidden-mobile elementor-widget elementor-widget-heading\" data-id=\"1fc277a\" data-element_type=\"widget\" data-e-type=\"widget\" id=\"seo-word\" data-widget_type=\"heading.default\">\n\t\t\t\t<div class=\"elementor-widget-container\">\n\t\t\t\t\t<h5 class=\"elementor-heading-title elementor-size-default\">advogado criminalista enschede<\/h5>\t\t\t\t<\/div>\n\t\t\t\t<\/div>\n\t\t\t\t<div class=\"elementor-element elementor-element-f62ee6d elementor-hidden-desktop elementor-hidden-tablet elementor-hidden-mobile elementor-widget elementor-widget-heading\" data-id=\"f62ee6d\" data-element_type=\"widget\" data-e-type=\"widget\" id=\"seo-word\" data-widget_type=\"heading.default\">\n\t\t\t\t<div class=\"elementor-widget-container\">\n\t\t\t\t\t<h5 class=\"elementor-heading-title elementor-size-default\">Se estiver em Enschede e precisar de assist\u00eancia jur\u00eddica relativamente a bens apreendidos, pode contar com a experi\u00eancia dos advogados criminais da Derbedrosian Advogados Criminais. Os nossos advogados em Enschede s\u00e3o profissionais experientes em casos criminais e est\u00e3o bem familiarizados com o processo de bens apreendidos.\n\nQuando a sua propriedade \u00e9 apreendida pela pol\u00edcia, pode ser crucial procurar ajuda legal para tentar recuper\u00e1-la. A recupera\u00e7\u00e3o de bens apreendidos pode ser complexa, mas com a assist\u00eancia jur\u00eddica correcta, podemos ajud\u00e1-lo neste processo.\n\nOs nossos advogados em Overijssel est\u00e3o prontos para o aconselhar e ajudar na recupera\u00e7\u00e3o de bens apreendidos. Contacte a Derbedrosian Criminal Lawyers em Enschede para obter apoio profissional neste tipo de casos.<\/h5>\t\t\t\t<\/div>\n\t\t\t\t<\/div>\n\t\t\t\t<div class=\"elementor-element elementor-element-0ed46b8 elementor-widget elementor-widget-spacer\" data-id=\"0ed46b8\" data-element_type=\"widget\" data-e-type=\"widget\" data-widget_type=\"spacer.default\">\n\t\t\t\t<div class=\"elementor-widget-container\">\n\t\t\t\t\t\t\t<div class=\"elementor-spacer\">\n\t\t\t<div class=\"elementor-spacer-inner\"><\/div>\n\t\t<\/div>\n\t\t\t\t\t\t<\/div>\n\t\t\t\t<\/div>\n\t\t\t\t<div class=\"elementor-element elementor-element-bb41afc elementor-widget elementor-widget-heading\" data-id=\"bb41afc\" data-element_type=\"widget\" data-e-type=\"widget\" data-widget_type=\"heading.default\">\n\t\t\t\t<div class=\"elementor-widget-container\">\n\t\t\t\t\t<h2 class=\"elementor-heading-title elementor-size-default\">O que s\u00e3o bens apreendidos?<\/h2>\t\t\t\t<\/div>\n\t\t\t\t<\/div>\n\t\t\t\t<div class=\"elementor-element elementor-element-3ccf9f4 color-scheme-inherit text-left elementor-widget elementor-widget-text-editor\" data-id=\"3ccf9f4\" data-element_type=\"widget\" data-e-type=\"widget\" data-widget_type=\"text-editor.default\">\n\t\t\t\t<div class=\"elementor-widget-container\">\n\t\t\t\t\t\t\t\t\t<p>Os bens apreendidos referem-se a v\u00e1rios artigos apreendidos para provar se o artigo foi obtido ilegalmente por ter sido pago com dinheiro do crime.<\/p><p>O confisco \u00e9 efectuado quando necess\u00e1rio no interesse da justi\u00e7a penal.<\/p>\t\t\t\t\t\t\t\t<\/div>\n\t\t\t\t<\/div>\n\t\t\t\t<div class=\"elementor-element elementor-element-edf3262 elementor-widget elementor-widget-spacer\" data-id=\"edf3262\" data-element_type=\"widget\" data-e-type=\"widget\" data-widget_type=\"spacer.default\">\n\t\t\t\t<div class=\"elementor-widget-container\">\n\t\t\t\t\t\t\t<div class=\"elementor-spacer\">\n\t\t\t<div class=\"elementor-spacer-inner\"><\/div>\n\t\t<\/div>\n\t\t\t\t\t\t<\/div>\n\t\t\t\t<\/div>\n\t\t\t\t<div class=\"elementor-element elementor-element-796f259 elementor-widget elementor-widget-heading\" data-id=\"796f259\" data-element_type=\"widget\" data-e-type=\"widget\" data-widget_type=\"heading.default\">\n\t\t\t\t<div class=\"elementor-widget-container\">\n\t\t\t\t\t<h3 class=\"elementor-heading-title elementor-size-default\">Confisco de bens<\/h3>\t\t\t\t<\/div>\n\t\t\t\t<\/div>\n\t\t\t\t<div class=\"elementor-element elementor-element-9d04149 color-scheme-inherit text-left elementor-widget elementor-widget-text-editor\" data-id=\"9d04149\" data-element_type=\"widget\" data-e-type=\"widget\" data-widget_type=\"text-editor.default\">\n\t\t\t\t<div class=\"elementor-widget-container\">\n\t\t\t\t\t\t\t\t\t<p>Existem v\u00e1rias raz\u00f5es pelas quais a pol\u00edcia ou os servi\u00e7os de investiga\u00e7\u00e3o podem apreender objectos ou ve\u00edculos. Essa apreens\u00e3o pode ser efectuada pelos seguintes motivos<\/p><ul><li><strong>Recusa de tr\u00e1fego:<\/strong>\u00a0em alguns casos, os bens s\u00e3o retirados de circula\u00e7\u00e3o, o que significa que s\u00e3o permanentemente retirados de uso.<\/li><li><strong>Dizer a verdade:<\/strong>\u00a0Os bens apreendidos podem servir de prova em processos penais, tais como armas, drogas, bens roubados ou outros artigos relacionados com um crime.<\/li><\/ul><ul><li><strong>Suspeita de lucro proveniente de infrac\u00e7\u00f5es penais:<\/strong>\u00a0Por vezes, as penhoras s\u00e3o feitas como garantia para pagar eventuais coimas ou medidas de priva\u00e7\u00e3o no futuro.<\/li><\/ul>\t\t\t\t\t\t\t\t<\/div>\n\t\t\t\t<\/div>\n\t\t\t\t<div class=\"elementor-element elementor-element-0f76e18 elementor-widget elementor-widget-spacer\" data-id=\"0f76e18\" data-element_type=\"widget\" data-e-type=\"widget\" data-widget_type=\"spacer.default\">\n\t\t\t\t<div class=\"elementor-widget-container\">\n\t\t\t\t\t\t\t<div class=\"elementor-spacer\">\n\t\t\t<div class=\"elementor-spacer-inner\"><\/div>\n\t\t<\/div>\n\t\t\t\t\t\t<\/div>\n\t\t\t\t<\/div>\n\t\t\t\t<div class=\"elementor-element elementor-element-51e0710 elementor-widget elementor-widget-heading\" data-id=\"51e0710\" data-element_type=\"widget\" data-e-type=\"widget\" data-widget_type=\"heading.default\">\n\t\t\t\t<div class=\"elementor-widget-container\">\n\t\t\t\t\t<h3 class=\"elementor-heading-title elementor-size-default\">O que acontece aos meus bens se forem apreendidos?\n<\/h3>\t\t\t\t<\/div>\n\t\t\t\t<\/div>\n\t\t\t\t<div class=\"elementor-element elementor-element-8d58c0e color-scheme-inherit text-left elementor-widget elementor-widget-text-editor\" data-id=\"8d58c0e\" data-element_type=\"widget\" data-e-type=\"widget\" data-widget_type=\"text-editor.default\">\n\t\t\t\t<div class=\"elementor-widget-container\">\n\t\t\t\t\t\t\t\t\t<p>Se algum objeto for apreendido, ser-lhe-\u00e1 entregue um recibo. Os seus objectos ser\u00e3o primeiro guardados na esquadra de pol\u00edcia e depois levados para um local de armazenamento especial. Cada unidade policial tem o seu pr\u00f3prio local de armazenamento de objectos apreendidos, exceto a Unidade Nacional.<\/p><p>No auto de apreens\u00e3o, a pol\u00edcia indica pormenorizadamente o motivo da apreens\u00e3o e quem \u00e9 o propriet\u00e1rio. \u00c9 importante notar que n\u00e3o \u00e9 a pol\u00edcia que decide o destino a dar aos seus objectos, mas sim o Minist\u00e9rio P\u00fablico<\/p>\t\t\t\t\t\t\t\t<\/div>\n\t\t\t\t<\/div>\n\t\t\t\t<div class=\"elementor-element elementor-element-3b391b2 elementor-widget elementor-widget-spacer\" data-id=\"3b391b2\" data-element_type=\"widget\" data-e-type=\"widget\" data-widget_type=\"spacer.default\">\n\t\t\t\t<div class=\"elementor-widget-container\">\n\t\t\t\t\t\t\t<div class=\"elementor-spacer\">\n\t\t\t<div class=\"elementor-spacer-inner\"><\/div>\n\t\t<\/div>\n\t\t\t\t\t\t<\/div>\n\t\t\t\t<\/div>\n\t\t\t\t<div class=\"elementor-element elementor-element-314478c elementor-widget elementor-widget-heading\" data-id=\"314478c\" data-element_type=\"widget\" data-e-type=\"widget\" data-widget_type=\"heading.default\">\n\t\t\t\t<div class=\"elementor-widget-container\">\n\t\t\t\t\t<h3 class=\"elementor-heading-title elementor-size-default\">Venda de bens apreendidos<\/h3>\t\t\t\t<\/div>\n\t\t\t\t<\/div>\n\t\t\t\t<div class=\"elementor-element elementor-element-10f734d color-scheme-inherit text-left elementor-widget elementor-widget-text-editor\" data-id=\"10f734d\" data-element_type=\"widget\" data-e-type=\"widget\" data-widget_type=\"text-editor.default\">\n\t\t\t\t<div class=\"elementor-widget-container\">\n\t\t\t\t\t\t\t\t\t<p>\u00c9 da maior import\u00e2ncia contactar um dos nossos advogados imediatamente ap\u00f3s a apreens\u00e3o dos seus bens. Isto \u00e9 importante, em parte, devido ao artigo 117.\u00ba Sv, que estabelece que o Minist\u00e9rio P\u00fablico pode vender imediatamente os objectos apreendidos e que os bens podem ser destru\u00eddos antes de o caso ter tido uma audi\u00eancia de fundo no tribunal.<\/p>\t\t\t\t\t\t\t\t<\/div>\n\t\t\t\t<\/div>\n\t\t\t\t<div class=\"elementor-element elementor-element-4cb11b2 elementor-widget elementor-widget-spacer\" data-id=\"4cb11b2\" data-element_type=\"widget\" data-e-type=\"widget\" data-widget_type=\"spacer.default\">\n\t\t\t\t<div class=\"elementor-widget-container\">\n\t\t\t\t\t\t\t<div class=\"elementor-spacer\">\n\t\t\t<div class=\"elementor-spacer-inner\"><\/div>\n\t\t<\/div>\n\t\t\t\t\t\t<\/div>\n\t\t\t\t<\/div>\n\t\t\t\t<div class=\"elementor-element elementor-element-b9ce831 elementor-widget elementor-widget-heading\" data-id=\"b9ce831\" data-element_type=\"widget\" data-e-type=\"widget\" data-widget_type=\"heading.default\">\n\t\t\t\t<div class=\"elementor-widget-container\">\n\t\t\t\t\t<h3 class=\"elementor-heading-title elementor-size-default\">Procedimento de apreens\u00e3o de mercadorias<\/h3>\t\t\t\t<\/div>\n\t\t\t\t<\/div>\n\t\t\t\t<div class=\"elementor-element elementor-element-6369039 color-scheme-inherit text-left elementor-widget elementor-widget-text-editor\" data-id=\"6369039\" data-element_type=\"widget\" data-e-type=\"widget\" data-widget_type=\"text-editor.default\">\n\t\t\t\t<div class=\"elementor-widget-container\">\n\t\t\t\t\t\t\t\t\t<p>Ap\u00f3s a apreens\u00e3o, receber\u00e1 um recibo. Este indica tudo o que foi apreendido e a data em que o foi.<\/p><p>O advogado apresentar\u00e1 um pedido ao Minist\u00e9rio P\u00fablico para a devolu\u00e7\u00e3o dos bens imediatamente ap\u00f3s a apreens\u00e3o. Primeiro, o advogado solicitar\u00e1 todos os documentos do processo para compreender por que os bens foram apreendidos. A probabilidade de devolu\u00e7\u00e3o \u00e9 ent\u00e3o elevada, o que \u00e9 essencial para determinar a estrat\u00e9gia de defesa.\u00a0Se o Minist\u00e9rio P\u00fablico recusar, o advogado poder\u00e1 apresentar uma queixa, solicitando ao juiz que decida sobre a devolu\u00e7\u00e3o dos bens apreendidos.<\/p><p>Esta peti\u00e7\u00e3o destina-se a garantir a devolu\u00e7\u00e3o dos seus bens o mais rapidamente poss\u00edvel. De facto, \u00e9 a \u00fanica forma de obrigar o Minist\u00e9rio P\u00fablico a devolver os seus bens.<\/p>\t\t\t\t\t\t\t\t<\/div>\n\t\t\t\t<\/div>\n\t\t\t\t<div class=\"elementor-element elementor-element-21cbf25 elementor-widget elementor-widget-spacer\" data-id=\"21cbf25\" data-element_type=\"widget\" data-e-type=\"widget\" data-widget_type=\"spacer.default\">\n\t\t\t\t<div class=\"elementor-widget-container\">\n\t\t\t\t\t\t\t<div class=\"elementor-spacer\">\n\t\t\t<div class=\"elementor-spacer-inner\"><\/div>\n\t\t<\/div>\n\t\t\t\t\t\t<\/div>\n\t\t\t\t<\/div>\n\t\t\t\t<div class=\"elementor-element elementor-element-7ec3aa1 elementor-widget elementor-widget-heading\" data-id=\"7ec3aa1\" data-element_type=\"widget\" data-e-type=\"widget\" data-widget_type=\"heading.default\">\n\t\t\t\t<div class=\"elementor-widget-container\">\n\t\t\t\t\t<h3 class=\"elementor-heading-title elementor-size-default\">Advogado de bens apreendidos\n<\/h3>\t\t\t\t<\/div>\n\t\t\t\t<\/div>\n\t\t\t\t<div class=\"elementor-element elementor-element-037de6a color-scheme-inherit text-left elementor-widget elementor-widget-text-editor\" data-id=\"037de6a\" data-element_type=\"widget\" data-e-type=\"widget\" data-widget_type=\"text-editor.default\">\n\t\t\t\t<div class=\"elementor-widget-container\">\n\t\t\t\t\t\t\t\t\t<p>Na pr\u00e1tica, acontece frequentemente que a pol\u00edcia leva coisas como dinheiro, carros e telem\u00f3veis, mesmo quando \u00e9 imediatamente claro que essas coisas n\u00e3o t\u00eam nada a ver com a suspeita. Esta situa\u00e7\u00e3o pode ser bastante desagrad\u00e1vel para a pessoa a quem os objectos foram retirados.<\/p><p>Por isso, \u00e9 altamente recomend\u00e1vel contratar um advogado experiente para recuperar os seus bens apreendidos o mais r\u00e1pido poss\u00edvel. O escrit\u00f3rio de advocacia Der Bedrosian conta com advogados especializados que t\u00eam muita experi\u00eancia em casos de apreens\u00e3o e usar\u00e3o a sua experi\u00eancia para obter o melhor resultado para si.<\/p><p>Por isso, n\u00e3o hesite em entrar em contacto para discutir as medidas a tomar.<\/p>\t\t\t\t\t\t\t\t<\/div>\n\t\t\t\t<\/div>\n\t\t\t\t\t<\/div>\n\t\t\t\t<\/div>\n\t\t\t\t<\/div>","protected":false},"excerpt":{"rendered":"<p>bens apreendidos recuperar bens apreendidos recuperar bens apreendidos pela pol\u00edcia bens apreendidos advogado<\/p>","protected":false},"author":1,"featured_media":0,"parent":10047,"menu_order":0,"comment_status":"closed","ping_status":"closed","template":"","meta":{"footnotes":""},"class_list":["post-10507","page","type-page","status-publish","hentry"],"_links":{"self":[{"href":"https:\/\/www.derbedrosian.nl\/pt\/wp-json\/wp\/v2\/pages\/10507","targetHints":{"allow":["GET"]}}],"collection":[{"href":"https:\/\/www.derbedrosian.nl\/pt\/wp-json\/wp\/v2\/pages"}],"about":[{"href":"https:\/\/www.derbedrosian.nl\/pt\/wp-json\/wp\/v2\/types\/page"}],"author":[{"embeddable":true,"href":"https:\/\/www.derbedrosian.nl\/pt\/wp-json\/wp\/v2\/users\/1"}],"replies":[{"embeddable":true,"href":"https:\/\/www.derbedrosian.nl\/pt\/wp-json\/wp\/v2\/comments?post=10507"}],"version-history":[{"count":0,"href":"https:\/\/www.derbedrosian.nl\/pt\/wp-json\/wp\/v2\/pages\/10507\/revisions"}],"up":[{"embeddable":true,"href":"https:\/\/www.derbedrosian.nl\/pt\/wp-json\/wp\/v2\/pages\/10047"}],"wp:attachment":[{"href":"https:\/\/www.derbedrosian.nl\/pt\/wp-json\/wp\/v2\/media?parent=10507"}],"curies":[{"name":"wp","href":"https:\/\/api.w.org\/{rel}","templated":true}]}}