{"id":10496,"date":"2023-05-25T15:48:45","date_gmt":"2023-05-25T13:48:45","guid":{"rendered":"https:\/\/derbedrosian.nl\/?page_id=10496"},"modified":"2025-12-20T18:19:36","modified_gmt":"2025-12-20T16:19:36","slug":"parte-lesada","status":"publish","type":"page","link":"https:\/\/www.derbedrosian.nl\/pt\/rechtsgebieden\/strafrecht\/benadeelde-partij\/","title":{"rendered":"Parte lesada"},"content":{"rendered":"<div data-elementor-type=\"wp-page\" data-elementor-id=\"10496\" class=\"elementor elementor-10496\" data-elementor-post-type=\"page\">\n\t\t\t\t<div class=\"wd-negative-gap elementor-element elementor-element-fec9aae elementor-hidden-desktop elementor-hidden-tablet elementor-hidden-mobile e-flex e-con-boxed e-con e-parent\" data-id=\"fec9aae\" data-element_type=\"container\" data-e-type=\"container\" id=\"seo-word\">\n\t\t\t\t\t<div class=\"e-con-inner\">\n\t\t\t\t<div class=\"elementor-element elementor-element-1b7eb8a elementor-widget elementor-widget-wd_image_or_svg\" data-id=\"1b7eb8a\" data-element_type=\"widget\" data-e-type=\"widget\" id=\"seo-word\" data-widget_type=\"wd_image_or_svg.default\">\n\t\t\t\t<div class=\"elementor-widget-container\">\n\t\t\t\t\t\n\t\t<div class=\"wd-image text-left\">\n\t\t\t\t\t\t\t\t<img loading=\"lazy\" decoding=\"async\" width=\"1000\" height=\"667\" src=\"https:\/\/www.derbedrosian.nl\/wp-content\/uploads\/rechtsgebied-benadeelde-partij.jpg\" class=\"attachment-full size-full\" alt=\"parte lesada\" srcset=\"https:\/\/www.derbedrosian.nl\/wp-content\/uploads\/rechtsgebied-benadeelde-partij.jpg 1000w, https:\/\/www.derbedrosian.nl\/wp-content\/uploads\/rechtsgebied-benadeelde-partij-400x267.jpg 400w, https:\/\/www.derbedrosian.nl\/wp-content\/uploads\/rechtsgebied-benadeelde-partij-768x512.jpg 768w\" sizes=\"auto, (max-width: 1000px) 100vw, 1000px\" title=\"\">\t\t\t\t\t<\/div>\n\n\t\t\t\t\t\t<\/div>\n\t\t\t\t<\/div>\n\t\t\t\t<div class=\"elementor-element elementor-element-4c2bd62 elementor-widget elementor-widget-heading\" data-id=\"4c2bd62\" data-element_type=\"widget\" data-e-type=\"widget\" id=\"seo-word\" data-widget_type=\"heading.default\">\n\t\t\t\t<div class=\"elementor-widget-container\">\n\t\t\t\t\t<h2 class=\"elementor-heading-title elementor-size-default\">Parte lesada <\/h2>\t\t\t\t<\/div>\n\t\t\t\t<\/div>\n\t\t\t\t<div class=\"elementor-element elementor-element-13eb15d elementor-widget elementor-widget-heading\" data-id=\"13eb15d\" data-element_type=\"widget\" data-e-type=\"widget\" id=\"seo-word\" data-widget_type=\"heading.default\">\n\t\t\t\t<div class=\"elementor-widget-container\">\n\t\t\t\t\t<h5 class=\"elementor-heading-title elementor-size-default\">Pessoa lesada falecida <\/h5>\t\t\t\t<\/div>\n\t\t\t\t<\/div>\n\t\t\t\t<div class=\"elementor-element elementor-element-55dbaa4 elementor-widget elementor-widget-heading\" data-id=\"55dbaa4\" data-element_type=\"widget\" data-e-type=\"widget\" id=\"seo-word\" data-widget_type=\"heading.default\">\n\t\t\t\t<div class=\"elementor-widget-container\">\n\t\t\t\t\t<h5 class=\"elementor-heading-title elementor-size-default\">Pessoa lesada <\/h5>\t\t\t\t<\/div>\n\t\t\t\t<\/div>\n\t\t\t\t<div class=\"elementor-element elementor-element-cf86d78 elementor-widget elementor-widget-heading\" data-id=\"cf86d78\" data-element_type=\"widget\" data-e-type=\"widget\" id=\"seo-word\" data-widget_type=\"heading.default\">\n\t\t\t\t<div class=\"elementor-widget-container\">\n\t\t\t\t\t<h5 class=\"elementor-heading-title elementor-size-default\">tratamento separado do pedido da pessoa lesada<\/h5>\t\t\t\t<\/div>\n\t\t\t\t<\/div>\n\t\t\t\t<div class=\"elementor-element elementor-element-da0da32 elementor-widget elementor-widget-heading\" data-id=\"da0da32\" data-element_type=\"widget\" data-e-type=\"widget\" id=\"seo-word\" data-widget_type=\"heading.default\">\n\t\t\t\t<div class=\"elementor-widget-container\">\n\t\t\t\t\t<h5 class=\"elementor-heading-title elementor-size-default\">do pedido parte lesada<\/h5>\t\t\t\t<\/div>\n\t\t\t\t<\/div>\n\t\t\t\t<div class=\"elementor-element elementor-element-545a396 elementor-widget elementor-widget-heading\" data-id=\"545a396\" data-element_type=\"widget\" data-e-type=\"widget\" id=\"seo-word\" data-widget_type=\"heading.default\">\n\t\t\t\t<div class=\"elementor-widget-container\">\n\t\t\t\t\t<h5 class=\"elementor-heading-title elementor-size-default\">advogado criminalista enschede<\/h5>\t\t\t\t<\/div>\n\t\t\t\t<\/div>\n\t\t\t\t<div class=\"elementor-element elementor-element-e5c8cdf elementor-widget elementor-widget-heading\" data-id=\"e5c8cdf\" data-element_type=\"widget\" data-e-type=\"widget\" id=\"seo-word\" data-widget_type=\"heading.default\">\n\t\t\t\t<div class=\"elementor-widget-container\">\n\t\t\t\t\t<h5 class=\"elementor-heading-title elementor-size-default\">advogado direito penal overijssel<\/h5>\t\t\t\t<\/div>\n\t\t\t\t<\/div>\n\t\t\t\t<div class=\"elementor-element elementor-element-c84ea82 elementor-widget elementor-widget-heading\" data-id=\"c84ea82\" data-element_type=\"widget\" data-e-type=\"widget\" id=\"seo-word\" data-widget_type=\"heading.default\">\n\t\t\t\t<div class=\"elementor-widget-container\">\n\t\t\t\t\t<h5 class=\"elementor-heading-title elementor-size-default\">advogado criminalista enschede<\/h5>\t\t\t\t<\/div>\n\t\t\t\t<\/div>\n\t\t\t\t<div class=\"elementor-element elementor-element-bc7cba2 elementor-widget elementor-widget-heading\" data-id=\"bc7cba2\" data-element_type=\"widget\" data-e-type=\"widget\" id=\"seo-word\" data-widget_type=\"heading.default\">\n\t\t\t\t<div class=\"elementor-widget-container\">\n\t\t\t\t\t<h5 class=\"elementor-heading-title elementor-size-default\">procedimentos da parte lesada <\/h5>\t\t\t\t<\/div>\n\t\t\t\t<\/div>\n\t\t\t\t<div class=\"elementor-element elementor-element-baf9e4d elementor-widget elementor-widget-heading\" data-id=\"baf9e4d\" data-element_type=\"widget\" data-e-type=\"widget\" id=\"seo-word\" data-widget_type=\"heading.default\">\n\t\t\t\t<div class=\"elementor-widget-container\">\n\t\t\t\t\t<h5 class=\"elementor-heading-title elementor-size-default\">Em direito penal, a pessoa lesada desempenha um papel crucial no processo. Se algu\u00e9m tiver sofrido danos em consequ\u00eancia de uma infra\u00e7\u00e3o penal, essa pessoa pode participar no processo penal como parte lesada. O processo da parte lesada oferece a oportunidade de exigir uma indemniza\u00e7\u00e3o ao autor do crime.\n\nEm alguns casos, a pessoa lesada pode j\u00e1 ter falecido. Nesse caso, o parente mais pr\u00f3ximo pode assumir o papel de parte lesada para pedir uma indemniza\u00e7\u00e3o. \u00c9 muito importante procurar aconselhamento jur\u00eddico em tais situa\u00e7\u00f5es, especialmente se estiver na regi\u00e3o de Enschede, Overijssel. Um advogado experiente em Enschede, Overijssel, pode assisti-lo no processo de indemniza\u00e7\u00e3o da pessoa lesada e ajud\u00e1-lo a obter a indemniza\u00e7\u00e3o justa.<\/h5>\t\t\t\t<\/div>\n\t\t\t\t<\/div>\n\t\t\t\t\t<\/div>\n\t\t\t\t<\/div>\n\t\t<div class=\"wd-negative-gap elementor-element elementor-element-5543b11 e-flex e-con-boxed e-con e-parent\" data-id=\"5543b11\" data-element_type=\"container\" data-e-type=\"container\">\n\t\t\t\t\t<div class=\"e-con-inner\">\n\t\t\t\t<div class=\"elementor-element elementor-element-43bdcd8 color-scheme-inherit text-left elementor-widget elementor-widget-text-editor\" data-id=\"43bdcd8\" data-element_type=\"widget\" data-e-type=\"widget\" data-widget_type=\"text-editor.default\">\n\t\t\t\t<div class=\"elementor-widget-container\">\n\t\t\t\t\t\t\t\t\t<p><strong>\u00c9 v\u00edtima de um crime? Ent\u00e3o pode registar-se como parte lesada.<\/strong><\/p><p><strong>A este respeito, \u00e9 aconselh\u00e1vel ser assistido por um dos nossos advogados especializados em direito penal, que pode preencher o formul\u00e1rio em seu nome e ajud\u00e1-lo a pedir uma indemniza\u00e7\u00e3o por danos f\u00edsicos e dor emocional.<\/strong><\/p>\t\t\t\t\t\t\t\t<\/div>\n\t\t\t\t<\/div>\n\t\t\t\t<div class=\"elementor-element elementor-element-fb9776e elementor-widget elementor-widget-spacer\" data-id=\"fb9776e\" data-element_type=\"widget\" data-e-type=\"widget\" data-widget_type=\"spacer.default\">\n\t\t\t\t<div class=\"elementor-widget-container\">\n\t\t\t\t\t\t\t<div class=\"elementor-spacer\">\n\t\t\t<div class=\"elementor-spacer-inner\"><\/div>\n\t\t<\/div>\n\t\t\t\t\t\t<\/div>\n\t\t\t\t<\/div>\n\t\t\t\t<div class=\"elementor-element elementor-element-ed045b2 elementor-widget elementor-widget-heading\" data-id=\"ed045b2\" data-element_type=\"widget\" data-e-type=\"widget\" data-widget_type=\"heading.default\">\n\t\t\t\t<div class=\"elementor-widget-container\">\n\t\t\t\t\t<h3 class=\"elementor-heading-title elementor-size-default\">O que \u00e9 uma parte lesada?<\/h3>\t\t\t\t<\/div>\n\t\t\t\t<\/div>\n\t\t\t\t<div class=\"elementor-element elementor-element-1c7e99e color-scheme-inherit text-left elementor-widget elementor-widget-text-editor\" data-id=\"1c7e99e\" data-element_type=\"widget\" data-e-type=\"widget\" data-widget_type=\"text-editor.default\">\n\t\t\t\t<div class=\"elementor-widget-container\">\n\t\t\t\t\t\t\t\t\t<p>Uma pessoa lesada \u00e9 algu\u00e9m que sofreu danos em resultado de uma infra\u00e7\u00e3o penal e pode pedir uma indemniza\u00e7\u00e3o ao arguido por esse facto no \u00e2mbito do processo penal. Estes danos podem incluir danos materiais, como roupas partidas e bens danificados, bem como danos emocionais. A apresenta\u00e7\u00e3o de um pedido de indemniza\u00e7\u00e3o \u00e9 feita atrav\u00e9s de um formul\u00e1rio de declara\u00e7\u00e3o de danos ou de um n\u00famero de apenso.<\/p>\t\t\t\t\t\t\t\t<\/div>\n\t\t\t\t<\/div>\n\t\t\t\t<div class=\"elementor-element elementor-element-f983b12 elementor-widget elementor-widget-spacer\" data-id=\"f983b12\" data-element_type=\"widget\" data-e-type=\"widget\" data-widget_type=\"spacer.default\">\n\t\t\t\t<div class=\"elementor-widget-container\">\n\t\t\t\t\t\t\t<div class=\"elementor-spacer\">\n\t\t\t<div class=\"elementor-spacer-inner\"><\/div>\n\t\t<\/div>\n\t\t\t\t\t\t<\/div>\n\t\t\t\t<\/div>\n\t\t\t\t<div class=\"elementor-element elementor-element-fb22814 elementor-widget elementor-widget-heading\" data-id=\"fb22814\" data-element_type=\"widget\" data-e-type=\"widget\" data-widget_type=\"heading.default\">\n\t\t\t\t<div class=\"elementor-widget-container\">\n\t\t\t\t\t<h3 class=\"elementor-heading-title elementor-size-default\">O que \u00e9 uma forma de jun\u00e7\u00e3o?<\/h3>\t\t\t\t<\/div>\n\t\t\t\t<\/div>\n\t\t\t\t<div class=\"elementor-element elementor-element-d85f3d6 color-scheme-inherit text-left elementor-widget elementor-widget-text-editor\" data-id=\"d85f3d6\" data-element_type=\"widget\" data-e-type=\"widget\" data-widget_type=\"text-editor.default\">\n\t\t\t\t<div class=\"elementor-widget-container\">\n\t\t\t\t\t\t\t\t\t<p>Um formul\u00e1rio de participa\u00e7\u00e3o \u00e9 simplesmente um formul\u00e1rio que se preenche quando se \u00e9 v\u00edtima de um crime e se pretende participar no julgamento da pessoa que cometeu o crime. Com este formul\u00e1rio, pede uma indemniza\u00e7\u00e3o pelos danos sofridos devido ao crime. Ajuda-o a proteger os seus direitos e a participar no processo contra o autor do crime.<\/p>\t\t\t\t\t\t\t\t<\/div>\n\t\t\t\t<\/div>\n\t\t\t\t<div class=\"elementor-element elementor-element-0130b7a elementor-widget elementor-widget-spacer\" data-id=\"0130b7a\" data-element_type=\"widget\" data-e-type=\"widget\" data-widget_type=\"spacer.default\">\n\t\t\t\t<div class=\"elementor-widget-container\">\n\t\t\t\t\t\t\t<div class=\"elementor-spacer\">\n\t\t\t<div class=\"elementor-spacer-inner\"><\/div>\n\t\t<\/div>\n\t\t\t\t\t\t<\/div>\n\t\t\t\t<\/div>\n\t\t\t\t<div class=\"elementor-element elementor-element-64ae864 elementor-widget elementor-widget-heading\" data-id=\"64ae864\" data-element_type=\"widget\" data-e-type=\"widget\" data-widget_type=\"heading.default\">\n\t\t\t\t<div class=\"elementor-widget-container\">\n\t\t\t\t\t<h3 class=\"elementor-heading-title elementor-size-default\">Pedido da pessoa lesada<\/h3>\t\t\t\t<\/div>\n\t\t\t\t<\/div>\n\t\t\t\t<div class=\"elementor-element elementor-element-069524a color-scheme-inherit text-left elementor-widget elementor-widget-text-editor\" data-id=\"069524a\" data-element_type=\"widget\" data-e-type=\"widget\" data-widget_type=\"text-editor.default\">\n\t\t\t\t<div class=\"elementor-widget-container\">\n\t\t\t\t\t\t\t\t\t<p>As partes lesadas podem apresentar diferentes tipos de pedidos de indemniza\u00e7\u00e3o. De seguida, enumeramos todos os tipos de danos.<\/p><ul><li><strong>Danos materiais<\/strong>: trata-se de danos que podem ser medidos em dinheiro, como contas m\u00e9dicas, perda de rendimentos, bens danificados ou outras coisas para as quais precisa de dinheiro devido a um crime.<\/li><li><strong>Danos intang\u00edveis:<\/strong> s\u00e3o danos que n\u00e3o se podem medir com dinheiro, tais como sentimentos de tristeza, ansiedade ou stress devido ao que aconteceu.<\/li><li><strong>Danos causados por choques<\/strong>: se tiver ficado muito chocado com um acidente grave ou crime, isso pode causar danos emocionais e stress.<\/li><li><strong>Danos afetivos<\/strong>: \u00e9 a dor emocional que familiares como pais, filhos, parceiros e irm\u00e3os sentem quando um ente querido \u00e9 ferido ou morre.<\/li><li><strong>Custos processuais<\/strong>: s\u00e3o os custos que ter\u00e1 de pagar para intentar uma a\u00e7\u00e3o judicial, tais como os honor\u00e1rios de um advogado ou as custas judiciais.<\/li><li><strong>Juros legais<\/strong>: trata-se de um montante adicional que \u00e9 acrescentado \u00e0 indemniza\u00e7\u00e3o que recebe para compensar o facto de<\/li><li><strong>Medida de indemniza\u00e7\u00e3o<\/strong>: o infrator deve pagar pelos danos causados como parte da sua pena. Isso ajuda a v\u00edtima a recuperar-se, recebendo dinheiro do culpado.<\/li><\/ul>\t\t\t\t\t\t\t\t<\/div>\n\t\t\t\t<\/div>\n\t\t\t\t<div class=\"elementor-element elementor-element-b749a1c elementor-widget elementor-widget-spacer\" data-id=\"b749a1c\" data-element_type=\"widget\" data-e-type=\"widget\" data-widget_type=\"spacer.default\">\n\t\t\t\t<div class=\"elementor-widget-container\">\n\t\t\t\t\t\t\t<div class=\"elementor-spacer\">\n\t\t\t<div class=\"elementor-spacer-inner\"><\/div>\n\t\t<\/div>\n\t\t\t\t\t\t<\/div>\n\t\t\t\t<\/div>\n\t\t\t\t<div class=\"elementor-element elementor-element-a06fffd elementor-widget elementor-widget-heading\" data-id=\"a06fffd\" data-element_type=\"widget\" data-e-type=\"widget\" data-widget_type=\"heading.default\">\n\t\t\t\t<div class=\"elementor-widget-container\">\n\t\t\t\t\t<h3 class=\"elementor-heading-title elementor-size-default\">Processo do lesado<\/h3>\t\t\t\t<\/div>\n\t\t\t\t<\/div>\n\t\t\t\t<div class=\"elementor-element elementor-element-df6336f color-scheme-inherit text-left elementor-widget elementor-widget-text-editor\" data-id=\"df6336f\" data-element_type=\"widget\" data-e-type=\"widget\" data-widget_type=\"text-editor.default\">\n\t\t\t\t<div class=\"elementor-widget-container\">\n\t\t\t\t\t\t\t\t\t<p>O advogado dir-lhe-\u00e1 se \u00e9 necess\u00e1ria a sua presen\u00e7a na audi\u00eancia. Ap\u00f3s o veredito, o advogado discutir\u00e1 a decis\u00e3o consigo e tamb\u00e9m verificar\u00e1 se o arguido ou o Minist\u00e9rio P\u00fablico ir\u00e3o recorrer. Se isso acontecer, \u00e9 importante que, como parte lesada, acompanhe o recurso para que possa obter o melhor resultado poss\u00edvel.<\/p><p>\u00c9 importante notar que a parte lesada n\u00e3o pode aumentar o pedido no recurso, nem pode invocar novos danos.<\/p>\t\t\t\t\t\t\t\t<\/div>\n\t\t\t\t<\/div>\n\t\t\t\t<div class=\"elementor-element elementor-element-3d4f5e6 elementor-widget elementor-widget-spacer\" data-id=\"3d4f5e6\" data-element_type=\"widget\" data-e-type=\"widget\" data-widget_type=\"spacer.default\">\n\t\t\t\t<div class=\"elementor-widget-container\">\n\t\t\t\t\t\t\t<div class=\"elementor-spacer\">\n\t\t\t<div class=\"elementor-spacer-inner\"><\/div>\n\t\t<\/div>\n\t\t\t\t\t\t<\/div>\n\t\t\t\t<\/div>\n\t\t\t\t<div class=\"elementor-element elementor-element-b4ea4a9 elementor-widget elementor-widget-heading\" data-id=\"b4ea4a9\" data-element_type=\"widget\" data-e-type=\"widget\" data-widget_type=\"heading.default\">\n\t\t\t\t<div class=\"elementor-widget-container\">\n\t\t\t\t\t<h3 class=\"elementor-heading-title elementor-size-default\">Direitos especiais como parte lesada<\/h3>\t\t\t\t<\/div>\n\t\t\t\t<\/div>\n\t\t\t\t<div class=\"elementor-element elementor-element-61027f5 color-scheme-inherit text-left elementor-widget elementor-widget-text-editor\" data-id=\"61027f5\" data-element_type=\"widget\" data-e-type=\"widget\" data-widget_type=\"text-editor.default\">\n\t\t\t\t<div class=\"elementor-widget-container\">\n\t\t\t\t\t\t\t\t\t<p>De facto, enquanto pessoa lesada, tem mais direitos:<\/p><ul><li><strong>C\u00f3pia do relat\u00f3rio oficial: <\/strong>pode pedir uma c\u00f3pia do auto de not\u00edcia \u00e0 pol\u00edcia. Assim, obter\u00e1 todas as declara\u00e7\u00f5es e documentos sobre o crime.<\/li><li><strong>Participa\u00e7\u00e3o em todas as sess\u00f5es:<\/strong> pode assistir a todas as audi\u00eancias, incluindo as audi\u00eancias para jovens. Estas sess\u00f5es para jovens s\u00e3o sess\u00f5es \u00e0 porta fechada, mas como parte lesada, continua a ter o direito de assistir a este processo.<\/li><\/ul>\t\t\t\t\t\t\t\t<\/div>\n\t\t\t\t<\/div>\n\t\t\t\t<div class=\"elementor-element elementor-element-4e5ae62 elementor-widget elementor-widget-spacer\" data-id=\"4e5ae62\" data-element_type=\"widget\" data-e-type=\"widget\" data-widget_type=\"spacer.default\">\n\t\t\t\t<div class=\"elementor-widget-container\">\n\t\t\t\t\t\t\t<div class=\"elementor-spacer\">\n\t\t\t<div class=\"elementor-spacer-inner\"><\/div>\n\t\t<\/div>\n\t\t\t\t\t\t<\/div>\n\t\t\t\t<\/div>\n\t\t\t\t<div class=\"elementor-element elementor-element-75ad9c9 elementor-widget elementor-widget-heading\" data-id=\"75ad9c9\" data-element_type=\"widget\" data-e-type=\"widget\" data-widget_type=\"heading.default\">\n\t\t\t\t<div class=\"elementor-widget-container\">\n\t\t\t\t\t<h3 class=\"elementor-heading-title elementor-size-default\">A morte da pessoa lesada\n<\/h3>\t\t\t\t<\/div>\n\t\t\t\t<\/div>\n\t\t\t\t<div class=\"elementor-element elementor-element-559e5e4 color-scheme-inherit text-left elementor-widget elementor-widget-text-editor\" data-id=\"559e5e4\" data-element_type=\"widget\" data-e-type=\"widget\" data-widget_type=\"text-editor.default\">\n\t\t\t\t<div class=\"elementor-widget-container\">\n\t\t\t\t\t\t\t\t\t<p>Se a v\u00edtima (a parte lesada) tiver morrido na sequ\u00eancia da infra\u00e7\u00e3o, os parentes mais pr\u00f3ximos, como os membros da fam\u00edlia, podem juntar-se a ela como parte lesada e solicitar uma indemniza\u00e7\u00e3o no \u00e2mbito do processo penal.<\/p><p>Note-se que s\u00f3 pode participar no processo como sobrevivente se houver a certeza de que a v\u00edtima morreu efetivamente em consequ\u00eancia do crime.<\/p>\t\t\t\t\t\t\t\t<\/div>\n\t\t\t\t<\/div>\n\t\t\t\t<div class=\"elementor-element elementor-element-e9ddc44 elementor-widget elementor-widget-spacer\" data-id=\"e9ddc44\" data-element_type=\"widget\" data-e-type=\"widget\" data-widget_type=\"spacer.default\">\n\t\t\t\t<div class=\"elementor-widget-container\">\n\t\t\t\t\t\t\t<div class=\"elementor-spacer\">\n\t\t\t<div class=\"elementor-spacer-inner\"><\/div>\n\t\t<\/div>\n\t\t\t\t\t\t<\/div>\n\t\t\t\t<\/div>\n\t\t\t\t<div class=\"elementor-element elementor-element-405dfb0 elementor-widget elementor-widget-heading\" data-id=\"405dfb0\" data-element_type=\"widget\" data-e-type=\"widget\" data-widget_type=\"heading.default\">\n\t\t\t\t<div class=\"elementor-widget-container\">\n\t\t\t\t\t<h3 class=\"elementor-heading-title elementor-size-default\">Advogado da parte lesada\n<\/h3>\t\t\t\t<\/div>\n\t\t\t\t<\/div>\n\t\t\t\t<div class=\"elementor-element elementor-element-4b29bf3 color-scheme-inherit text-left elementor-widget elementor-widget-text-editor\" data-id=\"4b29bf3\" data-element_type=\"widget\" data-e-type=\"widget\" data-widget_type=\"text-editor.default\">\n\t\t\t\t<div class=\"elementor-widget-container\">\n\t\t\t\t\t\t\t\t\t<p>\u00c9 importante consultar um advogado antes de se associar a um processo penal como parte lesada. Pode discutir com o advogado a melhor forma de apresentar o seu pedido e o advogado pode pedir o registo para si e inform\u00e1-lo sobre as provas contra o arguido.<\/p><p>Pode contar com os nossos advogados especializados, quer seja arguido ou v\u00edtima.<\/p><p>Assim que nos contactar, certificar-nos-emos de que \u00e9 ligado diretamente a um <a href=\"https:\/\/www.derbedrosian.nl\/pt\/advogados\/\">advogado especializado<\/a> que o pode ajudar e aconselhar como parte lesada durante o processo penal<\/p>\t\t\t\t\t\t\t\t<\/div>\n\t\t\t\t<\/div>\n\t\t\t\t\t<\/div>\n\t\t\t\t<\/div>\n\t\t\t\t<\/div>","protected":false},"excerpt":{"rendered":"<p>Parte lesada Parte lesada falecida Pessoa lesada Tratamento distinto do cr\u00e9dito Parte lesada do cr\u00e9dito Parte lesada Advogado criminal Advogado enschede<\/p>","protected":false},"author":1,"featured_media":0,"parent":10047,"menu_order":0,"comment_status":"closed","ping_status":"closed","template":"","meta":{"footnotes":""},"class_list":["post-10496","page","type-page","status-publish","hentry"],"_links":{"self":[{"href":"https:\/\/www.derbedrosian.nl\/pt\/wp-json\/wp\/v2\/pages\/10496","targetHints":{"allow":["GET"]}}],"collection":[{"href":"https:\/\/www.derbedrosian.nl\/pt\/wp-json\/wp\/v2\/pages"}],"about":[{"href":"https:\/\/www.derbedrosian.nl\/pt\/wp-json\/wp\/v2\/types\/page"}],"author":[{"embeddable":true,"href":"https:\/\/www.derbedrosian.nl\/pt\/wp-json\/wp\/v2\/users\/1"}],"replies":[{"embeddable":true,"href":"https:\/\/www.derbedrosian.nl\/pt\/wp-json\/wp\/v2\/comments?post=10496"}],"version-history":[{"count":0,"href":"https:\/\/www.derbedrosian.nl\/pt\/wp-json\/wp\/v2\/pages\/10496\/revisions"}],"up":[{"embeddable":true,"href":"https:\/\/www.derbedrosian.nl\/pt\/wp-json\/wp\/v2\/pages\/10047"}],"wp:attachment":[{"href":"https:\/\/www.derbedrosian.nl\/pt\/wp-json\/wp\/v2\/media?parent=10496"}],"curies":[{"name":"wp","href":"https:\/\/api.w.org\/{rel}","templated":true}]}}