{"id":10488,"date":"2023-05-25T15:35:11","date_gmt":"2023-05-25T13:35:11","guid":{"rendered":"https:\/\/derbedrosian.nl\/?page_id=10488"},"modified":"2025-12-21T15:46:34","modified_gmt":"2025-12-21T13:46:34","slug":"insulto","status":"publish","type":"page","link":"https:\/\/www.derbedrosian.nl\/pt\/rechtsgebieden\/strafrecht\/belediging\/","title":{"rendered":"Insulto"},"content":{"rendered":"<div data-elementor-type=\"wp-page\" data-elementor-id=\"10488\" class=\"elementor elementor-10488\" data-elementor-post-type=\"page\">\n\t\t\t\t<div class=\"wd-negative-gap elementor-element elementor-element-f5caaf7 e-flex e-con-boxed e-con e-parent\" data-id=\"f5caaf7\" data-element_type=\"container\" data-e-type=\"container\">\n\t\t\t\t\t<div class=\"e-con-inner\">\n\t\t\t\t<div class=\"elementor-element elementor-element-450f538 elementor-hidden-desktop elementor-hidden-tablet elementor-hidden-mobile elementor-widget elementor-widget-wd_image_or_svg\" data-id=\"450f538\" data-element_type=\"widget\" data-e-type=\"widget\" id=\"seo-word\" data-widget_type=\"wd_image_or_svg.default\">\n\t\t\t\t<div class=\"elementor-widget-container\">\n\t\t\t\t\t\n\t\t<div class=\"wd-image text-center\">\n\t\t\t\t\t\t\t\t<img loading=\"lazy\" decoding=\"async\" width=\"1000\" height=\"667\" src=\"https:\/\/www.derbedrosian.nl\/wp-content\/uploads\/belediging-advocaat.jpg\" class=\"attachment-full size-full\" alt=\"difama\u00e7\u00e3o cal\u00fania funcion\u00e1rio em fun\u00e7\u00f5es advogado\" srcset=\"https:\/\/www.derbedrosian.nl\/wp-content\/uploads\/belediging-advocaat.jpg 1000w, https:\/\/www.derbedrosian.nl\/wp-content\/uploads\/belediging-advocaat-400x267.jpg 400w, https:\/\/www.derbedrosian.nl\/wp-content\/uploads\/belediging-advocaat-768x512.jpg 768w\" sizes=\"auto, (max-width: 1000px) 100vw, 1000px\" title=\"\">\t\t\t\t\t<\/div>\n\n\t\t\t\t\t\t<\/div>\n\t\t\t\t<\/div>\n\t\t\t\t<div class=\"elementor-element elementor-element-49512f8 elementor-hidden-desktop elementor-hidden-tablet elementor-hidden-mobile elementor-widget elementor-widget-heading\" data-id=\"49512f8\" data-element_type=\"widget\" data-e-type=\"widget\" id=\"seo-word\" data-widget_type=\"heading.default\">\n\t\t\t\t<div class=\"elementor-widget-container\">\n\t\t\t\t\t<h2 class=\"elementor-heading-title elementor-size-default\">insulto cal\u00fania difama\u00e7\u00e3o<\/h2>\t\t\t\t<\/div>\n\t\t\t\t<\/div>\n\t\t\t\t<div class=\"elementor-element elementor-element-b7b9180 elementor-hidden-desktop elementor-hidden-tablet elementor-hidden-mobile elementor-widget elementor-widget-heading\" data-id=\"b7b9180\" data-element_type=\"widget\" data-e-type=\"widget\" id=\"seo-word\" data-widget_type=\"heading.default\">\n\t\t\t\t<div class=\"elementor-widget-container\">\n\t\t\t\t\t<h5 class=\"elementor-heading-title elementor-size-default\">insulto a um funcion\u00e1rio em fun\u00e7\u00f5es<\/h5>\t\t\t\t<\/div>\n\t\t\t\t<\/div>\n\t\t\t\t<div class=\"elementor-element elementor-element-42c27a5 elementor-hidden-desktop elementor-hidden-tablet elementor-hidden-mobile elementor-widget elementor-widget-heading\" data-id=\"42c27a5\" data-element_type=\"widget\" data-e-type=\"widget\" id=\"seo-word\" data-widget_type=\"heading.default\">\n\t\t\t\t<div class=\"elementor-widget-container\">\n\t\t\t\t\t<h5 class=\"elementor-heading-title elementor-size-default\">ofensa insultuosa<\/h5>\t\t\t\t<\/div>\n\t\t\t\t<\/div>\n\t\t\t\t<div class=\"elementor-element elementor-element-713e47e elementor-hidden-desktop elementor-hidden-tablet elementor-hidden-mobile elementor-widget elementor-widget-heading\" data-id=\"713e47e\" data-element_type=\"widget\" data-e-type=\"widget\" id=\"seo-word\" data-widget_type=\"heading.default\">\n\t\t\t\t<div class=\"elementor-widget-container\">\n\t\t\t\t\t<h5 class=\"elementor-heading-title elementor-size-default\">advogado insultuoso<\/h5>\t\t\t\t<\/div>\n\t\t\t\t<\/div>\n\t\t\t\t<div class=\"elementor-element elementor-element-813d85e elementor-hidden-desktop elementor-hidden-tablet elementor-hidden-mobile elementor-widget elementor-widget-heading\" data-id=\"813d85e\" data-element_type=\"widget\" data-e-type=\"widget\" id=\"seo-word\" data-widget_type=\"heading.default\">\n\t\t\t\t<div class=\"elementor-widget-container\">\n\t\t\t\t\t<h5 class=\"elementor-heading-title elementor-size-default\">advogado criminalista enschede<\/h5>\t\t\t\t<\/div>\n\t\t\t\t<\/div>\n\t\t\t\t<div class=\"elementor-element elementor-element-b444ed6 elementor-hidden-desktop elementor-hidden-tablet elementor-hidden-mobile elementor-widget elementor-widget-heading\" data-id=\"b444ed6\" data-element_type=\"widget\" data-e-type=\"widget\" id=\"seo-word\" data-widget_type=\"heading.default\">\n\t\t\t\t<div class=\"elementor-widget-container\">\n\t\t\t\t\t<h5 class=\"elementor-heading-title elementor-size-default\">direito penal enschede<\/h5>\t\t\t\t<\/div>\n\t\t\t\t<\/div>\n\t\t\t\t<div class=\"elementor-element elementor-element-dc496f1 elementor-hidden-desktop elementor-hidden-tablet elementor-hidden-mobile elementor-widget elementor-widget-heading\" data-id=\"dc496f1\" data-element_type=\"widget\" data-e-type=\"widget\" id=\"seo-word\" data-widget_type=\"heading.default\">\n\t\t\t\t<div class=\"elementor-widget-container\">\n\t\t\t\t\t<h5 class=\"elementor-heading-title elementor-size-default\">advogado direito penal enschede\n<\/h5>\t\t\t\t<\/div>\n\t\t\t\t<\/div>\n\t\t\t\t<div class=\"elementor-element elementor-element-0dd2621 elementor-hidden-desktop elementor-hidden-tablet elementor-hidden-mobile elementor-widget elementor-widget-heading\" data-id=\"0dd2621\" data-element_type=\"widget\" data-e-type=\"widget\" id=\"seo-word\" data-widget_type=\"heading.default\">\n\t\t\t\t<div class=\"elementor-widget-container\">\n\t\t\t\t\t<h5 class=\"elementor-heading-title elementor-size-default\">advogado direito penal overijssel<\/h5>\t\t\t\t<\/div>\n\t\t\t\t<\/div>\n\t\t\t\t<div class=\"elementor-element elementor-element-b70cc7f elementor-hidden-desktop elementor-hidden-tablet elementor-hidden-mobile elementor-widget elementor-widget-heading\" data-id=\"b70cc7f\" data-element_type=\"widget\" data-e-type=\"widget\" id=\"seo-word\" data-widget_type=\"heading.default\">\n\t\t\t\t<div class=\"elementor-widget-container\">\n\t\t\t\t\t<h5 class=\"elementor-heading-title elementor-size-default\">Em Enschede e Overijssel, os advogados especializados em direito penal da Derbedrosian Advogados Criminais est\u00e3o prontos para o ajudar. Os nossos advogados em Enschede t\u00eam uma vasta experi\u00eancia em casos criminais, incluindo casos que envolvem insulto e infrac\u00e7\u00f5es relacionadas.\n\nInsultar um funcion\u00e1rio em fun\u00e7\u00f5es \u00e9 uma infra\u00e7\u00e3o penal sujeita a san\u00e7\u00f5es legais. A difama\u00e7\u00e3o, a cal\u00fania e a inj\u00faria s\u00e3o todas infrac\u00e7\u00f5es penais relacionadas com danos \u00e0 reputa\u00e7\u00e3o ou \u00e0 honra de algu\u00e9m.\n\n\u00c9 importante compreender que a difama\u00e7\u00e3o \u00e9 uma infra\u00e7\u00e3o penal e pode ter consequ\u00eancias legais. Se estiver a enfrentar alega\u00e7\u00f5es de difama\u00e7\u00e3o, cal\u00fania ou inj\u00faria, \u00e9 vital procurar aconselhamento jur\u00eddico e tomar as medidas adequadas.\n\nOs nossos advogados em Enschede est\u00e3o dispon\u00edveis para o aconselhar e representar os seus interesses em casos que envolvam difama\u00e7\u00e3o e infrac\u00e7\u00f5es conexas. Se necessitar de assist\u00eancia jur\u00eddica, n\u00e3o hesite em contactar Derbedrosian Criminal Lawyers. Estamos aqui para o ajudar e tratar do seu caso.<\/h5>\t\t\t\t<\/div>\n\t\t\t\t<\/div>\n\t\t\t\t<div class=\"elementor-element elementor-element-9578370 color-scheme-inherit text-left elementor-widget elementor-widget-text-editor\" data-id=\"9578370\" data-element_type=\"widget\" data-e-type=\"widget\" data-widget_type=\"text-editor.default\">\n\t\t\t\t<div class=\"elementor-widget-container\">\n\t\t\t\t\t\t\t\t\t<p><strong>Nos Pa\u00edses Baixos, pode exprimir livremente a sua opini\u00e3o, mas nem tudo \u00e9 permitido sem consequ\u00eancias. Os insultos, a cal\u00fania e a difama\u00e7\u00e3o podem ir do abuso verbal \u00e0 cal\u00fania em linha e podem causar danos consider\u00e1veis \u00e0 honra e \u00e0 reputa\u00e7\u00e3o de algu\u00e9m.<\/strong><\/p><p><strong>Existem regras no C\u00f3digo Penal que imp\u00f5em restri\u00e7\u00f5es ao que se pode dizer. Por exemplo, os insultos n\u00e3o s\u00e3o permitidos ao abrigo das sec\u00e7\u00f5es 266 e 267. Estas leis existem para proteger as pessoas de danos \u00e0 sua reputa\u00e7\u00e3o.<\/strong><\/p>\t\t\t\t\t\t\t\t<\/div>\n\t\t\t\t<\/div>\n\t\t\t\t<div class=\"elementor-element elementor-element-b149e06 elementor-widget elementor-widget-spacer\" data-id=\"b149e06\" data-element_type=\"widget\" data-e-type=\"widget\" data-widget_type=\"spacer.default\">\n\t\t\t\t<div class=\"elementor-widget-container\">\n\t\t\t\t\t\t\t<div class=\"elementor-spacer\">\n\t\t\t<div class=\"elementor-spacer-inner\"><\/div>\n\t\t<\/div>\n\t\t\t\t\t\t<\/div>\n\t\t\t\t<\/div>\n\t\t\t\t<div class=\"elementor-element elementor-element-275714a elementor-widget elementor-widget-heading\" data-id=\"275714a\" data-element_type=\"widget\" data-e-type=\"widget\" data-widget_type=\"heading.default\">\n\t\t\t\t<div class=\"elementor-widget-container\">\n\t\t\t\t\t<h3 class=\"elementor-heading-title elementor-size-default\">O que \u00e9 um insulto?<\/h3>\t\t\t\t<\/div>\n\t\t\t\t<\/div>\n\t\t\t\t<div class=\"elementor-element elementor-element-1fa19c7 color-scheme-inherit text-left elementor-widget elementor-widget-text-editor\" data-id=\"1fa19c7\" data-element_type=\"widget\" data-e-type=\"widget\" data-widget_type=\"text-editor.default\">\n\t\t\t\t<div class=\"elementor-widget-container\">\n\t\t\t\t\t\t\t\t\t<p>Um insulto \u00e9 simplesmente algo que as pessoas dizem ou fazem para ridicularizar ou rebaixar algu\u00e9m. Pode ser feito de prop\u00f3sito ou acidentalmente, mas o objetivo \u00e9 normalmente humilhar a outra pessoa.<\/p>\t\t\t\t\t\t\t\t<\/div>\n\t\t\t\t<\/div>\n\t\t\t\t<div class=\"elementor-element elementor-element-4bbd213 elementor-widget elementor-widget-spacer\" data-id=\"4bbd213\" data-element_type=\"widget\" data-e-type=\"widget\" data-widget_type=\"spacer.default\">\n\t\t\t\t<div class=\"elementor-widget-container\">\n\t\t\t\t\t\t\t<div class=\"elementor-spacer\">\n\t\t\t<div class=\"elementor-spacer-inner\"><\/div>\n\t\t<\/div>\n\t\t\t\t\t\t<\/div>\n\t\t\t\t<\/div>\n\t\t\t\t<div class=\"elementor-element elementor-element-57b25d1 elementor-widget elementor-widget-heading\" data-id=\"57b25d1\" data-element_type=\"widget\" data-e-type=\"widget\" data-widget_type=\"heading.default\">\n\t\t\t\t<div class=\"elementor-widget-container\">\n\t\t\t\t\t<h3 class=\"elementor-heading-title elementor-size-default\">Quando \u00e9 que os insultos s\u00e3o pun\u00edveis?<\/h3>\t\t\t\t<\/div>\n\t\t\t\t<\/div>\n\t\t\t\t<div class=\"elementor-element elementor-element-2bba180 color-scheme-inherit text-left elementor-widget elementor-widget-text-editor\" data-id=\"2bba180\" data-element_type=\"widget\" data-e-type=\"widget\" data-widget_type=\"text-editor.default\">\n\t\t\t\t<div class=\"elementor-widget-container\">\n\t\t\t\t\t\t\t\t\t<p>Embora os insultos sejam frequentemente considerados chocantes e ofensivos, muitas afirma\u00e7\u00f5es continuam a ser abrangidas pela liberdade de express\u00e3o, embora com algumas restri\u00e7\u00f5es. No dom\u00ednio do insulto, \u00e9 feita uma distin\u00e7\u00e3o entre insultos intencionais e n\u00e3o intencionais. O artigo 267.\u00ba do C\u00f3digo Penal trata categorias espec\u00edficas separadamente:<\/p><ul><li><strong>P\u00fablico:<\/strong> Insultar a autoridade p\u00fablica, um organismo p\u00fablico ou uma institui\u00e7\u00e3o p\u00fablica.<\/li><li><strong>Funcion\u00e1rio em fun\u00e7\u00f5es:<\/strong> Insultar um funcion\u00e1rio no exerc\u00edcio das suas fun\u00e7\u00f5es. Pode tratar-se de um agente da pol\u00edcia, por exemplo.<\/li><li><strong>Estado amig\u00e1vel:<\/strong> Insultar um membro do governo de um Estado amigo tamb\u00e9m \u00e9 pun\u00edvel.<\/li><\/ul>\t\t\t\t\t\t\t\t<\/div>\n\t\t\t\t<\/div>\n\t\t\t\t<div class=\"elementor-element elementor-element-4bbd088 elementor-widget elementor-widget-spacer\" data-id=\"4bbd088\" data-element_type=\"widget\" data-e-type=\"widget\" data-widget_type=\"spacer.default\">\n\t\t\t\t<div class=\"elementor-widget-container\">\n\t\t\t\t\t\t\t<div class=\"elementor-spacer\">\n\t\t\t<div class=\"elementor-spacer-inner\"><\/div>\n\t\t<\/div>\n\t\t\t\t\t\t<\/div>\n\t\t\t\t<\/div>\n\t\t\t\t<div class=\"elementor-element elementor-element-62e77f4 elementor-widget elementor-widget-heading\" data-id=\"62e77f4\" data-element_type=\"widget\" data-e-type=\"widget\" data-widget_type=\"heading.default\">\n\t\t\t\t<div class=\"elementor-widget-container\">\n\t\t\t\t\t<h3 class=\"elementor-heading-title elementor-size-default\">Diferentes tipos de insulto<\/h3>\t\t\t\t<\/div>\n\t\t\t\t<\/div>\n\t\t\t\t<div class=\"elementor-element elementor-element-3a8e1ad color-scheme-inherit text-left elementor-widget elementor-widget-text-editor\" data-id=\"3a8e1ad\" data-element_type=\"widget\" data-e-type=\"widget\" data-widget_type=\"text-editor.default\">\n\t\t\t\t<div class=\"elementor-widget-container\">\n\t\t\t\t\t\t\t\t\t<ul><li>No C\u00f3digo Penal, a inj\u00faria ocorre de tr\u00eas formas, a saber<\/li><li><strong>Insulto:<\/strong> Quando algu\u00e9m tenta deliberadamente prejudicar a honra ou a reputa\u00e7\u00e3o de outra pessoa. Isto pode acontecer atrav\u00e9s de palavras, texto escrito, mas tamb\u00e9m atrav\u00e9s de imagens, por exemplo.<\/li><li><strong>Difama\u00e7\u00e3o:<\/strong>\u00a0Quando algu\u00e9m tenta prejudicar o seu bom nome divulgando informa\u00e7\u00f5es negativas sobre si, mesmo que essas informa\u00e7\u00f5es n\u00e3o sejam verdadeiras. Um exemplo disto \u00e9 o facto de ter estado na pris\u00e3o e algu\u00e9m espalhar falsas alega\u00e7\u00f5es sobre o tempo que l\u00e1 esteve<\/li><li><strong>Cal\u00fania:<\/strong> A difama\u00e7\u00e3o \u00e9 muito semelhante \u00e0 cal\u00fania, s\u00f3 que com a cal\u00fania falamos de uma mentira sobre a pessoa ou grupo que, por conseguinte, acaba por n\u00e3o ser verdadeira.<\/li><\/ul><p>Os tr\u00eas casos envolvem infrac\u00e7\u00f5es por den\u00fancia.<br \/>Uma pessoa s\u00f3 \u00e9 processada criminalmente se a v\u00edtima o solicitar.<\/p>\t\t\t\t\t\t\t\t<\/div>\n\t\t\t\t<\/div>\n\t\t\t\t<div class=\"elementor-element elementor-element-5cb15f3 elementor-widget elementor-widget-spacer\" data-id=\"5cb15f3\" data-element_type=\"widget\" data-e-type=\"widget\" data-widget_type=\"spacer.default\">\n\t\t\t\t<div class=\"elementor-widget-container\">\n\t\t\t\t\t\t\t<div class=\"elementor-spacer\">\n\t\t\t<div class=\"elementor-spacer-inner\"><\/div>\n\t\t<\/div>\n\t\t\t\t\t\t<\/div>\n\t\t\t\t<\/div>\n\t\t\t\t<div class=\"elementor-element elementor-element-78cf454 elementor-widget elementor-widget-heading\" data-id=\"78cf454\" data-element_type=\"widget\" data-e-type=\"widget\" data-widget_type=\"heading.default\">\n\t\t\t\t<div class=\"elementor-widget-container\">\n\t\t\t\t\t<h3 class=\"elementor-heading-title elementor-size-default\">Quando \u00e9 que um comportamento ofensivo \u00e9 considerado uma infra\u00e7\u00e3o penal?\n<\/h3>\t\t\t\t<\/div>\n\t\t\t\t<\/div>\n\t\t\t\t<div class=\"elementor-element elementor-element-a4ba26c color-scheme-inherit text-left elementor-widget elementor-widget-text-editor\" data-id=\"a4ba26c\" data-element_type=\"widget\" data-e-type=\"widget\" data-widget_type=\"text-editor.default\">\n\t\t\t\t<div class=\"elementor-widget-container\">\n\t\t\t\t\t\t\t\t\t<p>Quando \u00e9 que um comportamento ofensivo \u00e9 considerado uma infra\u00e7\u00e3o penal<\/p><p>Para determinar se algo \u00e9 um insulto, devem ser tidos em conta v\u00e1rios factores.<\/p><ul><li><strong>Insulto real:<\/strong>\u00a0a express\u00e3o deve ser verdadeiramente ofensiva, o que significa que afecta a honra, a reputa\u00e7\u00e3o ou a dignidade de uma pessoa.<\/li><li><strong>Inten\u00e7\u00e3o:<\/strong>\u00a0significa que existe inten\u00e7\u00e3o, ou seja, que o infrator pretendia ofender a pessoa ou o grupo.<\/li><li><strong>Forma de express\u00e3o:<\/strong>\u00a0Um insulto pode ser expresso de diferentes formas. Estas incluem verbalmente (discurso) ou por escrito (atrav\u00e9s de uma carta ou correio eletr\u00f3nico).<\/li><\/ul>\t\t\t\t\t\t\t\t<\/div>\n\t\t\t\t<\/div>\n\t\t\t\t<div class=\"elementor-element elementor-element-dfdb17d elementor-widget elementor-widget-spacer\" data-id=\"dfdb17d\" data-element_type=\"widget\" data-e-type=\"widget\" data-widget_type=\"spacer.default\">\n\t\t\t\t<div class=\"elementor-widget-container\">\n\t\t\t\t\t\t\t<div class=\"elementor-spacer\">\n\t\t\t<div class=\"elementor-spacer-inner\"><\/div>\n\t\t<\/div>\n\t\t\t\t\t\t<\/div>\n\t\t\t\t<\/div>\n\t\t\t\t<div class=\"elementor-element elementor-element-b2e5270 elementor-widget elementor-widget-heading\" data-id=\"b2e5270\" data-element_type=\"widget\" data-e-type=\"widget\" data-widget_type=\"heading.default\">\n\t\t\t\t<div class=\"elementor-widget-container\">\n\t\t\t\t\t<h3 class=\"elementor-heading-title elementor-size-default\">Procedimento insulto, cal\u00fania ou difama\u00e7\u00e3o\n<\/h3>\t\t\t\t<\/div>\n\t\t\t\t<\/div>\n\t\t\t\t<div class=\"elementor-element elementor-element-27dcf70 color-scheme-inherit text-left elementor-widget elementor-widget-text-editor\" data-id=\"27dcf70\" data-element_type=\"widget\" data-e-type=\"widget\" data-widget_type=\"text-editor.default\">\n\t\t\t\t<div class=\"elementor-widget-container\">\n\t\t\t\t\t\t\t\t\t<p>Quando algu\u00e9m se v\u00ea confrontado com um julgamento por inj\u00faria, \u00e9 aconselh\u00e1vel ter os dois aspectos seguintes em mente.<\/p><ul><li><strong>Recolha de provas:<\/strong> Fazer c\u00f3pias dos documentos necess\u00e1rios, fotografias, hist\u00f3rico de conversa\u00e7\u00e3o ou outras formas de prova da infra\u00e7\u00e3o \u00e9 o primeiro passo para uma defesa forte. Considere as mensagens que causaram danos financeiros \u00e0 pessoa ou \u00e0 empresa. As chamadas telef\u00f3nicas e os e-mails gravados que uma pessoa recebeu no passado tamb\u00e9m podem ser \u00fateis durante o processo penal.<\/li><li><strong>Comunicar \u00e0 pol\u00edcia:<\/strong> depois de reunidas as provas necess\u00e1rias, pode apresentar queixa \u00e0 pol\u00edcia. \u00c9 importante notar que a cal\u00fania e a difama\u00e7\u00e3o s\u00e3o crimes de den\u00fancia. Isto significa que a queixa ainda pode ser retirada no prazo de oito dias.<\/li><\/ul>\t\t\t\t\t\t\t\t<\/div>\n\t\t\t\t<\/div>\n\t\t\t\t<div class=\"elementor-element elementor-element-8296042 elementor-widget elementor-widget-spacer\" data-id=\"8296042\" data-element_type=\"widget\" data-e-type=\"widget\" data-widget_type=\"spacer.default\">\n\t\t\t\t<div class=\"elementor-widget-container\">\n\t\t\t\t\t\t\t<div class=\"elementor-spacer\">\n\t\t\t<div class=\"elementor-spacer-inner\"><\/div>\n\t\t<\/div>\n\t\t\t\t\t\t<\/div>\n\t\t\t\t<\/div>\n\t\t\t\t<div class=\"elementor-element elementor-element-c925f56 elementor-widget elementor-widget-heading\" data-id=\"c925f56\" data-element_type=\"widget\" data-e-type=\"widget\" data-widget_type=\"heading.default\">\n\t\t\t\t<div class=\"elementor-widget-container\">\n\t\t\t\t\t<h3 class=\"elementor-heading-title elementor-size-default\">Consequ\u00eancias de um insulto<\/h3>\t\t\t\t<\/div>\n\t\t\t\t<\/div>\n\t\t\t\t<div class=\"elementor-element elementor-element-2205c26 color-scheme-inherit text-left elementor-widget elementor-widget-text-editor\" data-id=\"2205c26\" data-element_type=\"widget\" data-e-type=\"widget\" data-widget_type=\"text-editor.default\">\n\t\t\t\t<div class=\"elementor-widget-container\">\n\t\t\t\t\t\t\t\t\tN\u00e3o s\u00f3 a pessoa que comete o erro, mas tamb\u00e9m a v\u00edtima pode sofrer muitos danos. Por exemplo, se uma empresa for mal falada, pode causar grandes preju\u00edzos financeiros. Mas os indiv\u00edduos tamb\u00e9m podem ser gravemente afectados por falsas acusa\u00e7\u00f5es. Se uma pessoa for retratada de forma muito negativa na Internet, muito menos pessoas querer\u00e3o trabalhar com ela.\n\t\t\t\t\t\t\t\t<\/div>\n\t\t\t\t<\/div>\n\t\t\t\t<div class=\"elementor-element elementor-element-77fc7e9 elementor-widget elementor-widget-spacer\" data-id=\"77fc7e9\" data-element_type=\"widget\" data-e-type=\"widget\" data-widget_type=\"spacer.default\">\n\t\t\t\t<div class=\"elementor-widget-container\">\n\t\t\t\t\t\t\t<div class=\"elementor-spacer\">\n\t\t\t<div class=\"elementor-spacer-inner\"><\/div>\n\t\t<\/div>\n\t\t\t\t\t\t<\/div>\n\t\t\t\t<\/div>\n\t\t\t\t<div class=\"elementor-element elementor-element-cc22235 elementor-widget elementor-widget-heading\" data-id=\"cc22235\" data-element_type=\"widget\" data-e-type=\"widget\" data-widget_type=\"heading.default\">\n\t\t\t\t<div class=\"elementor-widget-container\">\n\t\t\t\t\t<h3 class=\"elementor-heading-title elementor-size-default\">Advogado insultuoso <\/h3>\t\t\t\t<\/div>\n\t\t\t\t<\/div>\n\t\t\t\t<div class=\"elementor-element elementor-element-9d840f9 color-scheme-inherit text-left elementor-widget elementor-widget-text-editor\" data-id=\"9d840f9\" data-element_type=\"widget\" data-e-type=\"widget\" data-widget_type=\"text-editor.default\">\n\t\t\t\t<div class=\"elementor-widget-container\">\n\t\t\t\t\t\t\t\t\t<p>Uma condena\u00e7\u00e3o por insulto pode resultar num registo criminal em seu nome, impedindo-o de solicitar um Certificado de Boa Conduta (VOG). Isto \u00e9 algo que, obviamente, quer evitar. Por conseguinte, \u00e9 aconselh\u00e1vel procurar a ajuda de um advogado experiente que o possa ajudar quando se depara com inj\u00farias como a cal\u00fania ou a difama\u00e7\u00e3o.<\/p><p>No escrit\u00f3rio de advocacia Der Bedrosian, temos <a href=\"https:\/\/www.derbedrosian.nl\/pt\/advogados\/\">advogados especializados<\/a> no <a href=\"https:\/\/www.derbedrosian.nl\/pt\/jurisdicoes\/direito-penal\/\">direito penal<\/a> permitindo-lhes oferecer-lhe ajuda profissional.\u00a0<\/p><p>Quando se sentir \u00e0 vontade para nos contactar, um dos nossos advogados ajud\u00e1-lo-\u00e1 no seu caso o mais rapidamente poss\u00edvel.<\/p>\t\t\t\t\t\t\t\t<\/div>\n\t\t\t\t<\/div>\n\t\t\t\t\t<\/div>\n\t\t\t\t<\/div>\n\t\t\t\t<\/div>","protected":false},"excerpt":{"rendered":"<p>difama\u00e7\u00e3o cal\u00fania cal\u00fania funcion\u00e1rio em exerc\u00edcio difama\u00e7\u00e3o infra\u00e7\u00e3o penal difama\u00e7\u00e3o advogado direito penal enschede direito penal enschede advogado direito penal enschede advogado<\/p>","protected":false},"author":1,"featured_media":0,"parent":10047,"menu_order":5,"comment_status":"closed","ping_status":"closed","template":"","meta":{"footnotes":""},"class_list":["post-10488","page","type-page","status-publish","hentry"],"_links":{"self":[{"href":"https:\/\/www.derbedrosian.nl\/pt\/wp-json\/wp\/v2\/pages\/10488","targetHints":{"allow":["GET"]}}],"collection":[{"href":"https:\/\/www.derbedrosian.nl\/pt\/wp-json\/wp\/v2\/pages"}],"about":[{"href":"https:\/\/www.derbedrosian.nl\/pt\/wp-json\/wp\/v2\/types\/page"}],"author":[{"embeddable":true,"href":"https:\/\/www.derbedrosian.nl\/pt\/wp-json\/wp\/v2\/users\/1"}],"replies":[{"embeddable":true,"href":"https:\/\/www.derbedrosian.nl\/pt\/wp-json\/wp\/v2\/comments?post=10488"}],"version-history":[{"count":0,"href":"https:\/\/www.derbedrosian.nl\/pt\/wp-json\/wp\/v2\/pages\/10488\/revisions"}],"up":[{"embeddable":true,"href":"https:\/\/www.derbedrosian.nl\/pt\/wp-json\/wp\/v2\/pages\/10047"}],"wp:attachment":[{"href":"https:\/\/www.derbedrosian.nl\/pt\/wp-json\/wp\/v2\/media?parent=10488"}],"curies":[{"name":"wp","href":"https:\/\/api.w.org\/{rel}","templated":true}]}}