{"id":10395,"date":"2023-05-25T11:32:44","date_gmt":"2023-05-25T09:32:44","guid":{"rendered":"https:\/\/derbedrosian.nl\/?page_id=10395"},"modified":"2025-12-20T17:48:25","modified_gmt":"2025-12-20T15:48:25","slug":"declaracao-de-exoneracao-de-responsabilidade","status":"publish","type":"page","link":"https:\/\/www.derbedrosian.nl\/pt\/disclaimer\/","title":{"rendered":"Declara\u00e7\u00e3o de exonera\u00e7\u00e3o de responsabilidade"},"content":{"rendered":"<div data-elementor-type=\"wp-page\" data-elementor-id=\"10395\" class=\"elementor elementor-10395\" data-elementor-post-type=\"page\">\n\t\t\t\t<div class=\"wd-negative-gap elementor-element elementor-element-a787ca2 wd-section-stretch e-flex e-con-boxed e-con e-parent\" data-id=\"a787ca2\" data-element_type=\"container\" data-e-type=\"container\" data-settings=\"{&quot;background_background&quot;:&quot;gradient&quot;}\">\n\t\t\t\t\t<div class=\"e-con-inner\">\n\t\t<div class=\"elementor-element elementor-element-dc0d471 e-con-full e-flex e-con e-child\" data-id=\"dc0d471\" data-element_type=\"container\" data-e-type=\"container\">\n\t\t\t\t<div class=\"elementor-element elementor-element-568ef1b elementor-hidden-tablet elementor-hidden-mobile wd-el-breadcrumbs text-left elementor-widget elementor-widget-wd_element_breadcrumbs\" data-id=\"568ef1b\" data-element_type=\"widget\" data-e-type=\"widget\" data-widget_type=\"wd_element_breadcrumbs.default\">\n\t\t\t\t<div class=\"elementor-widget-container\">\n\t\t\t\t\t<nav class=\"wd-breadcrumbs\"><a href=\"https:\/\/www.derbedrosian.nl\/pt\/\">In\u00edcio<\/a><span class=\"wd-delimiter\"><\/span><span class=\"wd-last\">P\u00e1gina<\/span><\/nav>\t\t\t\t<\/div>\n\t\t\t\t<\/div>\n\t\t\t\t<\/div>\n\t\t<div class=\"elementor-element elementor-element-0df1ce1 e-con-full e-flex e-con e-child\" data-id=\"0df1ce1\" data-element_type=\"container\" data-e-type=\"container\">\n\t\t\t\t<div class=\"elementor-element elementor-element-73ffe05 elementor-widget-tablet__width-initial elementor-widget-mobile__width-inherit text-balance color-scheme-inherit text-left elementor-widget elementor-widget-text-editor\" data-id=\"73ffe05\" data-element_type=\"widget\" data-e-type=\"widget\" data-widget_type=\"text-editor.default\">\n\t\t\t\t<div class=\"elementor-widget-container\">\n\t\t\t\t\t\t\t\t\t<p>A Der Bedrosian disp\u00f5e de advogados especializados. Entre em contacto em caso de emerg\u00eancia.<\/p>\t\t\t\t\t\t\t\t<\/div>\n\t\t\t\t<\/div>\n\t\t\t\t<div class=\"elementor-element elementor-element-201efeb elementor-align-left btn-cta elementor-widget elementor-widget-button\" data-id=\"201efeb\" data-element_type=\"widget\" data-e-type=\"widget\" data-widget_type=\"button.default\">\n\t\t\t\t<div class=\"elementor-widget-container\">\n\t\t\t\t\t\t\t\t\t<div class=\"elementor-button-wrapper\">\n\t\t\t\t\t<a class=\"elementor-button elementor-button-link elementor-size-sm\" href=\"https:\/\/www.derbedrosian.nl\/pt\/contacto\/\" alt=\"contact strafrecht advocaat\">\n\t\t\t\t\t\t<span class=\"elementor-button-content-wrapper\">\n\t\t\t\t\t\t<span class=\"elementor-button-icon\">\n\t\t\t\t<svg aria-hidden=\"true\" class=\"e-font-icon-svg e-fas-long-arrow-alt-down\" viewbox=\"0 0 256 512\" xmlns=\"http:\/\/www.w3.org\/2000\/svg\"><path d=\"M168 345.941V44c0-6.627-5.373-12-12-12h-56c-6.627 0-12 5.373-12 12v301.941H41.941c-21.382 0-32.09 25.851-16.971 40.971l86.059 86.059c9.373 9.373 24.569 9.373 33.941 0l86.059-86.059c15.119-15.119 4.411-40.971-16.971-40.971H168z\"><\/path><\/svg>\t\t\t<\/span>\n\t\t\t\t\t\t\t\t\t<span class=\"elementor-button-text\">Receba aconselhamento sem compromisso<\/span>\n\t\t\t\t\t<\/span>\n\t\t\t\t\t<\/a>\n\t\t\t\t<\/div>\n\t\t\t\t\t\t\t\t<\/div>\n\t\t\t\t<\/div>\n\t\t\t\t<\/div>\n\t\t\t\t\t<\/div>\n\t\t\t\t<\/div>\n\t\t<div class=\"wd-negative-gap elementor-element elementor-element-64cc95f wd-section-stretch e-flex e-con-boxed e-con e-parent\" data-id=\"64cc95f\" data-element_type=\"container\" data-e-type=\"container\">\n\t\t\t\t\t<div class=\"e-con-inner\">\n\t\t\t\t<div class=\"elementor-element elementor-element-b90f737 color-scheme-inherit text-left elementor-widget elementor-widget-text-editor\" data-id=\"b90f737\" data-element_type=\"widget\" data-e-type=\"widget\" data-widget_type=\"text-editor.default\">\n\t\t\t\t<div class=\"elementor-widget-container\">\n\t\t\t\t\t\t\t\t\t<p>Os termos desta declara\u00e7\u00e3o de exonera\u00e7\u00e3o de responsabilidade aplicam-se ao s\u00edtio da Internet www.derbedrosian.nl do escrit\u00f3rio de advogados Der Bedrosian, em Enschede, Pa\u00edses Baixos. Leia atentamente esta declara\u00e7\u00e3o de exonera\u00e7\u00e3o de responsabilidade. Ao aceder a este s\u00edtio Internet e ao utilizar as informa\u00e7\u00f5es nele contidas ou atrav\u00e9s dele, o utilizador aceita ficar vinculado por esta declara\u00e7\u00e3o de exonera\u00e7\u00e3o de responsabilidade. Em caso de conflito entre as condi\u00e7\u00f5es de produtos e servi\u00e7os espec\u00edficos da sociedade de advogados Der Bedrosian e a presente declara\u00e7\u00e3o de exonera\u00e7\u00e3o de responsabilidade, prevalecem as condi\u00e7\u00f5es desses produtos e servi\u00e7os.<\/p>\t\t\t\t\t\t\t\t<\/div>\n\t\t\t\t<\/div>\n\t\t\t\t<div class=\"elementor-element elementor-element-e4cb187 elementor-widget elementor-widget-spacer\" data-id=\"e4cb187\" data-element_type=\"widget\" data-e-type=\"widget\" data-widget_type=\"spacer.default\">\n\t\t\t\t<div class=\"elementor-widget-container\">\n\t\t\t\t\t\t\t<div class=\"elementor-spacer\">\n\t\t\t<div class=\"elementor-spacer-inner\"><\/div>\n\t\t<\/div>\n\t\t\t\t\t\t<\/div>\n\t\t\t\t<\/div>\n\t\t\t\t<div class=\"elementor-element elementor-element-63450d9 elementor-widget elementor-widget-heading\" data-id=\"63450d9\" data-element_type=\"widget\" data-e-type=\"widget\" data-widget_type=\"heading.default\">\n\t\t\t\t<div class=\"elementor-widget-container\">\n\t\t\t\t\t<h3 class=\"elementor-heading-title elementor-size-default\">1. Utiliza\u00e7\u00e3o do s\u00edtio Internet<\/h3>\t\t\t\t<\/div>\n\t\t\t\t<\/div>\n\t\t\t\t<div class=\"elementor-element elementor-element-8fd169f color-scheme-inherit text-left elementor-widget elementor-widget-text-editor\" data-id=\"8fd169f\" data-element_type=\"widget\" data-e-type=\"widget\" data-widget_type=\"text-editor.default\">\n\t\t\t\t<div class=\"elementor-widget-container\">\n\t\t\t\t\t\t\t\t\t<p>As informa\u00e7\u00f5es fornecidas neste s\u00edtio Internet ou atrav\u00e9s dele n\u00e3o devem ser utilizadas em vez de aconselhamento. As decis\u00f5es baseadas nestas informa\u00e7\u00f5es s\u00e3o tomadas por conta e risco do utilizador. Embora o Escrit\u00f3rio de Advocacia Der Bedrosian tente oferecer informa\u00e7\u00f5es corretas, completas e actuais, o Escrit\u00f3rio de Advocacia Der Bedrosian n\u00e3o garante, nem expl\u00edcita nem implicitamente, que as informa\u00e7\u00f5es oferecidas neste s\u00edtio ou atrav\u00e9s dele sejam corretas, completas ou actuais. Ao visitar este site e\/ou fazer uso das informa\u00e7\u00f5es ou servi\u00e7os nele oferecidos, considera-se que o utilizador conhece e concorda com as condi\u00e7\u00f5es do site e com a pol\u00edtica de privacidade elaborada pelo escrit\u00f3rio de advocacia Der Bedrosian para este fim. Este s\u00edtio Web foi constru\u00eddo e formatado de acordo com as normas e t\u00e9cnicas utilizadas pelo w3c.org. Para uma utiliza\u00e7\u00e3o \u00f3ptima do site, recomendamos a vers\u00e3o mais recente do browser Firefox, Chrome, Safari ou Internet Explorer.<\/p>\t\t\t\t\t\t\t\t<\/div>\n\t\t\t\t<\/div>\n\t\t\t\t<div class=\"elementor-element elementor-element-651b2aa elementor-widget elementor-widget-spacer\" data-id=\"651b2aa\" data-element_type=\"widget\" data-e-type=\"widget\" data-widget_type=\"spacer.default\">\n\t\t\t\t<div class=\"elementor-widget-container\">\n\t\t\t\t\t\t\t<div class=\"elementor-spacer\">\n\t\t\t<div class=\"elementor-spacer-inner\"><\/div>\n\t\t<\/div>\n\t\t\t\t\t\t<\/div>\n\t\t\t\t<\/div>\n\t\t\t\t<div class=\"elementor-element elementor-element-59ad096 elementor-widget elementor-widget-heading\" data-id=\"59ad096\" data-element_type=\"widget\" data-e-type=\"widget\" data-widget_type=\"heading.default\">\n\t\t\t\t<div class=\"elementor-widget-container\">\n\t\t\t\t\t<h3 class=\"elementor-heading-title elementor-size-default\">2. Informa\u00e7\u00f5es, produtos e servi\u00e7os de terceiros<\/h3>\t\t\t\t<\/div>\n\t\t\t\t<\/div>\n\t\t\t\t<div class=\"elementor-element elementor-element-d57edf8 color-scheme-inherit text-left elementor-widget elementor-widget-text-editor\" data-id=\"d57edf8\" data-element_type=\"widget\" data-e-type=\"widget\" data-widget_type=\"text-editor.default\">\n\t\t\t\t<div class=\"elementor-widget-container\">\n\t\t\t\t\t\t\t\t\t<p>Quando o Escrit\u00f3rio de Advocacia Der Bedrosian oferece hiperliga\u00e7\u00f5es para s\u00edtios Web de terceiros, tal n\u00e3o significa que o Escrit\u00f3rio de Advocacia Der Bedrosian recomende os produtos ou servi\u00e7os oferecidos nesses s\u00edtios ou atrav\u00e9s deles. A utiliza\u00e7\u00e3o de tais hiperliga\u00e7\u00f5es \u00e9 inteiramente por sua conta e risco. O Escrit\u00f3rio de Advocacia Der Bedrosian n\u00e3o aceita qualquer responsabilidade pelo conte\u00fado, uso ou disponibilidade de tais s\u00edtios da Internet. A veracidade, exatid\u00e3o, razoabilidade, fiabilidade e integridade das informa\u00e7\u00f5es contidas nesses s\u00edtios da Internet n\u00e3o foram verificadas pelo Escrit\u00f3rio de Advocacia Der Bedrosian.<\/p>\t\t\t\t\t\t\t\t<\/div>\n\t\t\t\t<\/div>\n\t\t\t\t<div class=\"elementor-element elementor-element-73281b9 elementor-widget elementor-widget-spacer\" data-id=\"73281b9\" data-element_type=\"widget\" data-e-type=\"widget\" data-widget_type=\"spacer.default\">\n\t\t\t\t<div class=\"elementor-widget-container\">\n\t\t\t\t\t\t\t<div class=\"elementor-spacer\">\n\t\t\t<div class=\"elementor-spacer-inner\"><\/div>\n\t\t<\/div>\n\t\t\t\t\t\t<\/div>\n\t\t\t\t<\/div>\n\t\t\t\t<div class=\"elementor-element elementor-element-2c4f81e elementor-widget elementor-widget-heading\" data-id=\"2c4f81e\" data-element_type=\"widget\" data-e-type=\"widget\" data-widget_type=\"heading.default\">\n\t\t\t\t<div class=\"elementor-widget-container\">\n\t\t\t\t\t<h3 class=\"elementor-heading-title elementor-size-default\">3. Direitos de propriedade intelectual\n<\/h3>\t\t\t\t<\/div>\n\t\t\t\t<\/div>\n\t\t\t\t<div class=\"elementor-element elementor-element-f2c5df3 color-scheme-inherit text-left elementor-widget elementor-widget-text-editor\" data-id=\"f2c5df3\" data-element_type=\"widget\" data-e-type=\"widget\" data-widget_type=\"text-editor.default\">\n\t\t\t\t<div class=\"elementor-widget-container\">\n\t\t\t\t\t\t\t\t\t<p>O Escrit\u00f3rio de Advocacia Der Bedrosian (ou a parte titular) det\u00e9m todos os direitos de propriedade intelectual em rela\u00e7\u00e3o a todas as informa\u00e7\u00f5es oferecidas neste s\u00edtio Internet ou atrav\u00e9s dele, incluindo todos os textos, material gr\u00e1fico e log\u00f3tipos. O utilizador n\u00e3o pode copiar, descarregar ou, de qualquer forma, publicar, distribuir ou multiplicar as informa\u00e7\u00f5es contidas neste s\u00edtio Internet sem o consentimento pr\u00e9vio por escrito do Escrit\u00f3rio de Advocacia Der Bedrosian ou o consentimento pr\u00e9vio por escrito da parte titular. No entanto, o utilizador pode imprimir e\/ou descarregar as informa\u00e7\u00f5es contidas neste s\u00edtio Internet para seu uso pessoal.<\/p>\t\t\t\t\t\t\t\t<\/div>\n\t\t\t\t<\/div>\n\t\t\t\t<div class=\"elementor-element elementor-element-57a4112 elementor-widget elementor-widget-spacer\" data-id=\"57a4112\" data-element_type=\"widget\" data-e-type=\"widget\" data-widget_type=\"spacer.default\">\n\t\t\t\t<div class=\"elementor-widget-container\">\n\t\t\t\t\t\t\t<div class=\"elementor-spacer\">\n\t\t\t<div class=\"elementor-spacer-inner\"><\/div>\n\t\t<\/div>\n\t\t\t\t\t\t<\/div>\n\t\t\t\t<\/div>\n\t\t\t\t<div class=\"elementor-element elementor-element-0f42b54 elementor-widget elementor-widget-heading\" data-id=\"0f42b54\" data-element_type=\"widget\" data-e-type=\"widget\" data-widget_type=\"heading.default\">\n\t\t\t\t<div class=\"elementor-widget-container\">\n\t\t\t\t\t<h3 class=\"elementor-heading-title elementor-size-default\">4. Exclus\u00e3o de responsabilidade\n<\/h3>\t\t\t\t<\/div>\n\t\t\t\t<\/div>\n\t\t\t\t<div class=\"elementor-element elementor-element-0ca36a8 color-scheme-inherit text-left elementor-widget elementor-widget-text-editor\" data-id=\"0ca36a8\" data-element_type=\"widget\" data-e-type=\"widget\" data-widget_type=\"text-editor.default\">\n\t\t\t\t<div class=\"elementor-widget-container\">\n\t\t\t\t\t\t\t\t\t<p>O Escrit\u00f3rio de Advocacia Der Bedrosian n\u00e3o aceita qualquer responsabilidade no que diz respeito a quaisquer danos diretos, indirectos, especiais, incidentais, imateriais ou consequenciais (incluindo lucros cessantes), independentemente de o Escrit\u00f3rio de Advocacia Der Bedrosian ter sido alertado para a possibilidade de tais danos, decorrentes de qualquer forma, mas n\u00e3o necessariamente limitados a<\/p>\n<ul>\n<li>(i) defeitos, v\u00edrus ou outras imperfei\u00e7\u00f5es do equipamento e outro software relacionados com o acesso ou a utiliza\u00e7\u00e3o deste s\u00edtio Internet,<\/li>\n<li>(ii) informa\u00e7\u00f5es fornecidas neste s\u00edtio Internet ou atrav\u00e9s dele,<\/li>\n<li>(iii) a interce\u00e7\u00e3o, modifica\u00e7\u00e3o ou utiliza\u00e7\u00e3o indevida de informa\u00e7\u00f5es enviadas para Der Bedrosian Law Firm ou para si,<\/li>\n<li>(iv) o funcionamento ou a indisponibilidade deste s\u00edtio Internet,<\/li>\n<li>(v) utiliza\u00e7\u00e3o indevida deste s\u00edtio Internet,<\/li>\n<li>(vi) perda de dados,<\/li>\n<li>(vii) descarregar ou utilizar software disponibilizado atrav\u00e9s deste s\u00edtio Internet ou<\/li>\n<li>(viii) reclama\u00e7\u00f5es de terceiros relacionadas com a utiliza\u00e7\u00e3o deste s\u00edtio Web. A exclus\u00e3o de responsabilidade tamb\u00e9m se estende a diretores, funcion\u00e1rios da sociedade de advogados Der Bedrosian e entidades legais afiliadas \u00e0 sociedade de advogados Der Bedrosian.<\/li>\n<\/ul>\t\t\t\t\t\t\t\t<\/div>\n\t\t\t\t<\/div>\n\t\t\t\t<div class=\"elementor-element elementor-element-ba585ba elementor-widget elementor-widget-spacer\" data-id=\"ba585ba\" data-element_type=\"widget\" data-e-type=\"widget\" data-widget_type=\"spacer.default\">\n\t\t\t\t<div class=\"elementor-widget-container\">\n\t\t\t\t\t\t\t<div class=\"elementor-spacer\">\n\t\t\t<div class=\"elementor-spacer-inner\"><\/div>\n\t\t<\/div>\n\t\t\t\t\t\t<\/div>\n\t\t\t\t<\/div>\n\t\t\t\t<div class=\"elementor-element elementor-element-099a176 elementor-widget elementor-widget-heading\" data-id=\"099a176\" data-element_type=\"widget\" data-e-type=\"widget\" data-widget_type=\"heading.default\">\n\t\t\t\t<div class=\"elementor-widget-container\">\n\t\t\t\t\t<h3 class=\"elementor-heading-title elementor-size-default\">5. Direito aplic\u00e1vel\n<\/h3>\t\t\t\t<\/div>\n\t\t\t\t<\/div>\n\t\t\t\t<div class=\"elementor-element elementor-element-a17e9d3 color-scheme-inherit text-left elementor-widget elementor-widget-text-editor\" data-id=\"a17e9d3\" data-element_type=\"widget\" data-e-type=\"widget\" data-widget_type=\"text-editor.default\">\n\t\t\t\t<div class=\"elementor-widget-container\">\n\t\t\t\t\t\t\t\t\t<p>Este s\u00edtio Internet e a declara\u00e7\u00e3o de exonera\u00e7\u00e3o de responsabilidade s\u00e3o regidos pela lei neerlandesa. Todos os lit\u00edgios decorrentes ou relacionados com a presente declara\u00e7\u00e3o de exonera\u00e7\u00e3o de responsabilidade ser\u00e3o submetidos exclusivamente ao tribunal competente dos Pa\u00edses Baixos. Se as vers\u00f5es em l\u00ednguas estrangeiras da declara\u00e7\u00e3o de exonera\u00e7\u00e3o de responsabilidade apresentarem discrep\u00e2ncias ou derem origem a diferen\u00e7as de interpreta\u00e7\u00e3o, a vers\u00e3o em l\u00edngua neerlandesa ser\u00e1 decisiva.<\/p>\t\t\t\t\t\t\t\t<\/div>\n\t\t\t\t<\/div>\n\t\t\t\t<div class=\"elementor-element elementor-element-8f39395 elementor-widget elementor-widget-spacer\" data-id=\"8f39395\" data-element_type=\"widget\" data-e-type=\"widget\" data-widget_type=\"spacer.default\">\n\t\t\t\t<div class=\"elementor-widget-container\">\n\t\t\t\t\t\t\t<div class=\"elementor-spacer\">\n\t\t\t<div class=\"elementor-spacer-inner\"><\/div>\n\t\t<\/div>\n\t\t\t\t\t\t<\/div>\n\t\t\t\t<\/div>\n\t\t\t\t<div class=\"elementor-element elementor-element-677bb16 elementor-widget elementor-widget-heading\" data-id=\"677bb16\" data-element_type=\"widget\" data-e-type=\"widget\" data-widget_type=\"heading.default\">\n\t\t\t\t<div class=\"elementor-widget-container\">\n\t\t\t\t\t<h3 class=\"elementor-heading-title elementor-size-default\">6. Altera\u00e7\u00f5es\n<\/h3>\t\t\t\t<\/div>\n\t\t\t\t<\/div>\n\t\t\t\t<div class=\"elementor-element elementor-element-4928cca color-scheme-inherit text-left elementor-widget elementor-widget-text-editor\" data-id=\"4928cca\" data-element_type=\"widget\" data-e-type=\"widget\" data-widget_type=\"text-editor.default\">\n\t\t\t\t<div class=\"elementor-widget-container\">\n\t\t\t\t\t\t\t\t\t<p>A Advocatenkantoor Der Bedrosian reserva-se o direito de alterar as informa\u00e7\u00f5es fornecidas neste s\u00edtio Web ou atrav\u00e9s dele, incluindo o texto da presente declara\u00e7\u00e3o de exonera\u00e7\u00e3o de responsabilidade, em qualquer altura e sem aviso pr\u00e9vio. Recomenda-se que verifique periodicamente se as informa\u00e7\u00f5es fornecidas neste s\u00edtio Web ou atrav\u00e9s dele, incluindo o texto da presente declara\u00e7\u00e3o de exonera\u00e7\u00e3o de responsabilidade, foram alteradas.<\/p>\t\t\t\t\t\t\t\t<\/div>\n\t\t\t\t<\/div>\n\t\t\t\t<div class=\"elementor-element elementor-element-0ba8c4f elementor-widget elementor-widget-spacer\" data-id=\"0ba8c4f\" data-element_type=\"widget\" data-e-type=\"widget\" data-widget_type=\"spacer.default\">\n\t\t\t\t<div class=\"elementor-widget-container\">\n\t\t\t\t\t\t\t<div class=\"elementor-spacer\">\n\t\t\t<div class=\"elementor-spacer-inner\"><\/div>\n\t\t<\/div>\n\t\t\t\t\t\t<\/div>\n\t\t\t\t<\/div>\n\t\t\t\t<div class=\"elementor-element elementor-element-d84a2f5 elementor-widget elementor-widget-heading\" data-id=\"d84a2f5\" data-element_type=\"widget\" data-e-type=\"widget\" data-widget_type=\"heading.default\">\n\t\t\t\t<div class=\"elementor-widget-container\">\n\t\t\t\t\t<h3 class=\"elementor-heading-title elementor-size-default\">7. Contacto<\/h3>\t\t\t\t<\/div>\n\t\t\t\t<\/div>\n\t\t\t\t<div class=\"elementor-element elementor-element-e30b8aa color-scheme-inherit text-left elementor-widget elementor-widget-text-editor\" data-id=\"e30b8aa\" data-element_type=\"widget\" data-e-type=\"widget\" data-widget_type=\"text-editor.default\">\n\t\t\t\t<div class=\"elementor-widget-container\">\n\t\t\t\t\t\t\t\t\t<p>Para coment\u00e1rios ou quest\u00f5es relativas a este s\u00edtio Web, contactar thomas@derbedrosian.nl.<\/p>\t\t\t\t\t\t\t\t<\/div>\n\t\t\t\t<\/div>\n\t\t\t\t\t<\/div>\n\t\t\t\t<\/div>\n\t\t\t\t<\/div>","protected":false},"excerpt":{"rendered":"<p>HomePagina Der Bedrosian beschikt over gespecialiseerde advocaten. Neem contact op bij spoedgevallen. Ontvang vrijblijvend advies De voorwaarden van deze disclaimer<\/p>","protected":false},"author":1,"featured_media":0,"parent":0,"menu_order":23,"comment_status":"closed","ping_status":"closed","template":"","meta":{"footnotes":""},"class_list":["post-10395","page","type-page","status-publish","hentry"],"_links":{"self":[{"href":"https:\/\/www.derbedrosian.nl\/pt\/wp-json\/wp\/v2\/pages\/10395","targetHints":{"allow":["GET"]}}],"collection":[{"href":"https:\/\/www.derbedrosian.nl\/pt\/wp-json\/wp\/v2\/pages"}],"about":[{"href":"https:\/\/www.derbedrosian.nl\/pt\/wp-json\/wp\/v2\/types\/page"}],"author":[{"embeddable":true,"href":"https:\/\/www.derbedrosian.nl\/pt\/wp-json\/wp\/v2\/users\/1"}],"replies":[{"embeddable":true,"href":"https:\/\/www.derbedrosian.nl\/pt\/wp-json\/wp\/v2\/comments?post=10395"}],"version-history":[{"count":0,"href":"https:\/\/www.derbedrosian.nl\/pt\/wp-json\/wp\/v2\/pages\/10395\/revisions"}],"wp:attachment":[{"href":"https:\/\/www.derbedrosian.nl\/pt\/wp-json\/wp\/v2\/media?parent=10395"}],"curies":[{"name":"wp","href":"https:\/\/api.w.org\/{rel}","templated":true}]}}